{"id":10924,"date":"2022-11-10T10:46:12","date_gmt":"2022-11-10T09:46:12","guid":{"rendered":"https:\/\/projects.atxeit.ch\/sveb\/?page_id=10924"},"modified":"2023-01-07T12:04:13","modified_gmt":"2023-01-07T11:04:13","slug":"bedeutung-in-der-schweiz","status":"publish","type":"page","link":"https:\/\/alice.ch\/de\/themen\/grundkompetenzen\/innovativ-foerdern\/bedeutung-in-der-schweiz\/","title":{"rendered":"Bedeutung in der Schweiz"},"content":{"rendered":"\n<div class=\"wp-block-group is-style-reduced-width is-layout-flow wp-block-group-is-layout-flow\">\n<h1 class=\"wp-block-heading\">Geringe Grundkompetenzen in der Schweiz: Ausmass und Konsequenzen<\/h1>\n\n\n\n<p>Je nachdem, ob geringe Grundkompetenzen in Sprache, Mathematik oder Technologie betrachtet werden, sind in der Schweiz zwischen 400&#8217;000 und 1,5 Millionen Personen betroffen. Die Implikationen sind daher nicht nur individuell sondern auch gesamtgesellschaftlich zu betrachten.<\/p>\n\n\n\n<h2 class=\"wp-block-heading\">Betroffene<\/h2>\n\n\n\n<p>Die Personengruppe mit geringen Grundkompetenzen ist sehr heterogen. Besondere soziodemographische Risikofaktoren sind ein tiefer Bildungsstand, die soziale Herkunft oder der Migrationsstatus. Erwachsene ohne nachobligatorische Ausbildung sowie MigrantInnen sind h\u00e4ufiger betroffen, doch tritt die Problematik in allen Gesellschaftsschichten auf. Auch Schweizerinnen und Schweizer, die die gesamte Schulzeit in der Schweiz absolviert haben, k\u00f6nnen M\u00fche haben mit den Grundkompetenzen.<\/p>\n\n\n\n<p>In der Schweiz verf\u00fcgen sch\u00e4tzungsweise rund 800&#8217;000 Erwachsene \u00fcber ungen\u00fcgende Lese- und Schreibf\u00e4higkeiten. 8,6 Prozent der schweizerischen Wohnbev\u00f6lkerung zwischen 20 und 64 Jahren, also mehr als 400&#8217;000 Personen, haben grosse Schwierigkeiten, einfache Rechenaufgaben zu l\u00f6sen. Sch\u00e4tzungsweise 1,5 Millionen Personen zwischen 16 und 65 Jahren verf\u00fcgen \u00fcber keine oder geringe IKT-Kompetenzen.<\/p>\n\n\n\n<h2 class=\"wp-block-heading\">Auswirkungen<\/h2>\n\n\n\n<p>Geringe Grundkompetenzen haben weitreichende Folgen, f\u00fcr die Betroffenen selbst, aber auch f\u00fcr Wirtschaft und Gesellschaft.<\/p>\n\n\n\n<ul class=\"wp-block-list\">\n<li><strong>Armut und gesundheitliche Probleme:<\/strong> Menschen mit geringen Grundkompetenzen sind st\u00e4rker von Armut und gesundheitlichen Problemen betroffen als der Bev\u00f6lkerungsdurchschnitt.<\/li>\n\n\n\n<li><strong>Schwieriger Zugang zu Aus- und Weiterbildung:<\/strong> Tabuisierung und fehlende Sensibilit\u00e4t erschweren Menschen mit mangelnden Grundkompetenzen den Zugang zu Aus- und Weiterbildung. Die bestehenden Aus- und Weiterbildungsangebote entsprechen h\u00e4ufig nicht dem Bedarf von Personen mit geringen Grundkompetenzen.<\/li>\n\n\n\n<li><strong>Arbeitslosigkeit: <\/strong>Der strukturelle Wandel auf dem Arbeitsmarkt f\u00fchrt zu steigenden Anforderungen im Bereich der Grundkompetenzen, auch an sogenannten \u00abEinfacharbeitspl\u00e4tzen\u00bb. Geringe Grundkompetenzen sind daher ein Risiko die Stelle zu verlieren und oder keine neue Stelle zu finden.<\/li>\n\n\n\n<li><strong>Produktivit\u00e4t:<\/strong> Betriebe, deren Mitarbeitende nur \u00fcber ungen\u00fcgende Grundkompetenzen verf\u00fcgen, k\u00f6nnen ihr Produktivit\u00e4tspotenzial nicht aussch\u00f6pfen.<\/li>\n\n\n\n<li><strong>Soziale Kosten:<\/strong> Die sozialen Kosten der Leseschw\u00e4che in der Schweiz sind hoch. Das B\u00fcro Bass beziffert sie bei 1,316 Milliarden Franken pro Jahr. Eine Investition in die F\u00f6rderung Grundkompetenzen ist daher volkswirtschaftlich sinnvoll, in Kombination mit der F\u00f6rderung des Berufsabschlusses f\u00fcr Erwachsene.<\/li>\n<\/ul>\n\n\n\n<p>Die individuellen Auswirkungen geringer Lese- und Schreibf\u00e4higkeiten sowie fehlender mathematischer Grundkenntnisse sind f\u00fcr die Betroffenen einschneidend. Sprache, Schreiben und Rechnen bilden zudem die Voraussetzung f\u00fcr die erfolgreiche Nutzung von Kommunikations- und Informationstechnologien (IKT) im beruflichen und privaten Alltag.<\/p>\n\n\n\n<h2 class=\"wp-block-heading\">Kontakt<\/h2>\n\n\n\n<div class=\"wp-block-columns is-layout-flex wp-container-core-columns-is-layout-28f84493 wp-block-columns-is-layout-flex\">\n<div class=\"wp-block-column is-layout-flow wp-block-column-is-layout-flow\" style=\"flex-basis:50%\"><div class=\"contact-persons\">\n\n\t\t\t\t\t<div class=\"contact-person\">\n\t\t\t\t\tC\u00e4cilia M\u00e4rki<br \/>\t\t\t\t\tSenior Projektleiterin und Ko-Koordinationsverantwortliche Grundkompetenzen<br \/>\t\t\t\t\t<br \/>\n\t\t\t\t\t\t\t\t\t\t<a href=\"tel:+41 (0)44 319 71 58\">+41 (0)44 319 71 58<\/a><br \/>\t\t\t\t\t<a href=\"mailto:caecilia.maerki@alice.ch\">caecilia.maerki@alice.ch<\/a><br \/>\t\t\t\t\t<\/div>\n\t\t\t\t\t<\/div>\n<\/div>\n\n\n\n<div class=\"wp-block-column is-layout-flow wp-block-column-is-layout-flow\" style=\"flex-basis:50%\"><\/div>\n<\/div>\n<\/div>\n","protected":false},"excerpt":{"rendered":"<p>Geringe Grundkompetenzen in der Schweiz: Ausmass und Konsequenzen Je nachdem, ob geringe Grundkompetenzen in Sprache, Mathematik oder Technologie betrachtet werden, [&hellip;]<\/p>\n","protected":false},"author":2,"featured_media":20799,"parent":362,"menu_order":44,"comment_status":"closed","ping_status":"closed","template":"","meta":{"_acf_changed":false,"inline_featured_image":false,"footnotes":""},"class_list":["post-10924","page","type-page","status-publish","has-post-thumbnail","hentry"],"acf":[],"yoast_head":"<!-- This site is optimized with the Yoast SEO plugin v27.3 - https:\/\/yoast.com\/product\/yoast-seo-wordpress\/ -->\n<title>Bedeutung in der Schweiz - SVEB<\/title>\n<meta name=\"robots\" content=\"index, follow, max-snippet:-1, max-image-preview:large, max-video-preview:-1\" \/>\n<link rel=\"canonical\" href=\"https:\/\/alice.ch\/de\/themen\/grundkompetenzen\/innovativ-foerdern\/bedeutung-in-der-schweiz\/\" \/>\n<meta property=\"og:locale\" content=\"de_DE\" \/>\n<meta property=\"og:type\" content=\"article\" \/>\n<meta property=\"og:title\" content=\"Bedeutung in der Schweiz - SVEB\" \/>\n<meta property=\"og:description\" content=\"Geringe Grundkompetenzen in der Schweiz: Ausmass und Konsequenzen Je nachdem, ob geringe Grundkompetenzen in Sprache, Mathematik oder Technologie betrachtet werden, [&hellip;]\" \/>\n<meta property=\"og:url\" content=\"https:\/\/alice.ch\/de\/themen\/grundkompetenzen\/innovativ-foerdern\/bedeutung-in-der-schweiz\/\" \/>\n<meta property=\"og:site_name\" content=\"SVEB\" \/>\n<meta property=\"article:modified_time\" content=\"2023-01-07T11:04:13+00:00\" \/>\n<meta name=\"twitter:card\" content=\"summary_large_image\" \/>\n<meta name=\"twitter:label1\" content=\"Gesch\u00e4tzte Lesezeit\" \/>\n\t<meta name=\"twitter:data1\" content=\"2\u00a0Minuten\" \/>\n<script type=\"application\/ld+json\" class=\"yoast-schema-graph\">{\"@context\":\"https:\\\/\\\/schema.org\",\"@graph\":[{\"@type\":\"WebPage\",\"@id\":\"https:\\\/\\\/alice.ch\\\/de\\\/themen\\\/grundkompetenzen\\\/innovativ-foerdern\\\/bedeutung-in-der-schweiz\\\/\",\"url\":\"https:\\\/\\\/alice.ch\\\/de\\\/themen\\\/grundkompetenzen\\\/innovativ-foerdern\\\/bedeutung-in-der-schweiz\\\/\",\"name\":\"Bedeutung in der Schweiz - SVEB\",\"isPartOf\":{\"@id\":\"https:\\\/\\\/alice.ch\\\/de\\\/#website\"},\"primaryImageOfPage\":{\"@id\":\"https:\\\/\\\/alice.ch\\\/de\\\/themen\\\/grundkompetenzen\\\/innovativ-foerdern\\\/bedeutung-in-der-schweiz\\\/#primaryimage\"},\"image\":{\"@id\":\"https:\\\/\\\/alice.ch\\\/de\\\/themen\\\/grundkompetenzen\\\/innovativ-foerdern\\\/bedeutung-in-der-schweiz\\\/#primaryimage\"},\"thumbnailUrl\":\"https:\\\/\\\/alice.ch\\\/app\\\/uploads\\\/2022\\\/11\\\/default.jpg\",\"datePublished\":\"2022-11-10T09:46:12+00:00\",\"dateModified\":\"2023-01-07T11:04:13+00:00\",\"breadcrumb\":{\"@id\":\"https:\\\/\\\/alice.ch\\\/de\\\/themen\\\/grundkompetenzen\\\/innovativ-foerdern\\\/bedeutung-in-der-schweiz\\\/#breadcrumb\"},\"inLanguage\":\"de\",\"potentialAction\":[{\"@type\":\"ReadAction\",\"target\":[\"https:\\\/\\\/alice.ch\\\/de\\\/themen\\\/grundkompetenzen\\\/innovativ-foerdern\\\/bedeutung-in-der-schweiz\\\/\"]}]},{\"@type\":\"ImageObject\",\"inLanguage\":\"de\",\"@id\":\"https:\\\/\\\/alice.ch\\\/de\\\/themen\\\/grundkompetenzen\\\/innovativ-foerdern\\\/bedeutung-in-der-schweiz\\\/#primaryimage\",\"url\":\"https:\\\/\\\/alice.ch\\\/app\\\/uploads\\\/2022\\\/11\\\/default.jpg\",\"contentUrl\":\"https:\\\/\\\/alice.ch\\\/app\\\/uploads\\\/2022\\\/11\\\/default.jpg\",\"width\":1600,\"height\":900},{\"@type\":\"BreadcrumbList\",\"@id\":\"https:\\\/\\\/alice.ch\\\/de\\\/themen\\\/grundkompetenzen\\\/innovativ-foerdern\\\/bedeutung-in-der-schweiz\\\/#breadcrumb\",\"itemListElement\":[{\"@type\":\"ListItem\",\"position\":1,\"name\":\"Startseite\",\"item\":\"https:\\\/\\\/alice.ch\\\/de\\\/\"},{\"@type\":\"ListItem\",\"position\":2,\"name\":\"Themen\",\"item\":\"https:\\\/\\\/alice.ch\\\/de\\\/themen\\\/\"},{\"@type\":\"ListItem\",\"position\":3,\"name\":\"Grundkompetenzen\",\"item\":\"https:\\\/\\\/alice.ch\\\/de\\\/themen\\\/grundkompetenzen\\\/\"},{\"@type\":\"ListItem\",\"position\":4,\"name\":\"Innovativ f\u00f6rdern\",\"item\":\"https:\\\/\\\/alice.ch\\\/de\\\/themen\\\/grundkompetenzen\\\/innovativ-foerdern\\\/\"},{\"@type\":\"ListItem\",\"position\":5,\"name\":\"Bedeutung in der Schweiz\"}]},{\"@type\":\"WebSite\",\"@id\":\"https:\\\/\\\/alice.ch\\\/de\\\/#website\",\"url\":\"https:\\\/\\\/alice.ch\\\/de\\\/\",\"name\":\"alice.ch (Adult Learning Information Center) ist das Portal der Weiterbildung in der Schweiz.\",\"description\":\"Schweizerischer Verband f\u00fcr Weiterbildung\",\"publisher\":{\"@id\":\"https:\\\/\\\/alice.ch\\\/de\\\/#organization\"},\"potentialAction\":[{\"@type\":\"SearchAction\",\"target\":{\"@type\":\"EntryPoint\",\"urlTemplate\":\"https:\\\/\\\/alice.ch\\\/de\\\/?s={search_term_string}\"},\"query-input\":{\"@type\":\"PropertyValueSpecification\",\"valueRequired\":true,\"valueName\":\"search_term_string\"}}],\"inLanguage\":\"de\"},{\"@type\":\"Organization\",\"@id\":\"https:\\\/\\\/alice.ch\\\/de\\\/#organization\",\"name\":\"SVEB Schweizerischer Verband f\u00fcr Weiterbildung\",\"url\":\"https:\\\/\\\/alice.ch\\\/de\\\/\",\"logo\":{\"@type\":\"ImageObject\",\"inLanguage\":\"de\",\"@id\":\"https:\\\/\\\/alice.ch\\\/de\\\/#\\\/schema\\\/logo\\\/image\\\/\",\"url\":\"https:\\\/\\\/alice.ch\\\/app\\\/uploads\\\/2022\\\/07\\\/logo-sveb.png\",\"contentUrl\":\"https:\\\/\\\/alice.ch\\\/app\\\/uploads\\\/2022\\\/07\\\/logo-sveb.png\",\"width\":145,\"height\":64,\"caption\":\"SVEB Schweizerischer Verband f\u00fcr Weiterbildung\"},\"image\":{\"@id\":\"https:\\\/\\\/alice.ch\\\/de\\\/#\\\/schema\\\/logo\\\/image\\\/\"},\"sameAs\":[\"https:\\\/\\\/www.linkedin.com\\\/company\\\/schweizerischer-verband-fr-weiterbildung-sveb\\\/\"]}]}<\/script>\n<!-- \/ Yoast SEO plugin. -->","yoast_head_json":{"title":"Bedeutung in der Schweiz - SVEB","robots":{"index":"index","follow":"follow","max-snippet":"max-snippet:-1","max-image-preview":"max-image-preview:large","max-video-preview":"max-video-preview:-1"},"canonical":"https:\/\/alice.ch\/de\/themen\/grundkompetenzen\/innovativ-foerdern\/bedeutung-in-der-schweiz\/","og_locale":"de_DE","og_type":"article","og_title":"Bedeutung in der Schweiz - SVEB","og_description":"Geringe Grundkompetenzen in der Schweiz: Ausmass und Konsequenzen Je nachdem, ob geringe Grundkompetenzen in Sprache, Mathematik oder Technologie betrachtet werden, [&hellip;]","og_url":"https:\/\/alice.ch\/de\/themen\/grundkompetenzen\/innovativ-foerdern\/bedeutung-in-der-schweiz\/","og_site_name":"SVEB","article_modified_time":"2023-01-07T11:04:13+00:00","twitter_card":"summary_large_image","twitter_misc":{"Gesch\u00e4tzte Lesezeit":"2\u00a0Minuten"},"schema":{"@context":"https:\/\/schema.org","@graph":[{"@type":"WebPage","@id":"https:\/\/alice.ch\/de\/themen\/grundkompetenzen\/innovativ-foerdern\/bedeutung-in-der-schweiz\/","url":"https:\/\/alice.ch\/de\/themen\/grundkompetenzen\/innovativ-foerdern\/bedeutung-in-der-schweiz\/","name":"Bedeutung in der Schweiz - SVEB","isPartOf":{"@id":"https:\/\/alice.ch\/de\/#website"},"primaryImageOfPage":{"@id":"https:\/\/alice.ch\/de\/themen\/grundkompetenzen\/innovativ-foerdern\/bedeutung-in-der-schweiz\/#primaryimage"},"image":{"@id":"https:\/\/alice.ch\/de\/themen\/grundkompetenzen\/innovativ-foerdern\/bedeutung-in-der-schweiz\/#primaryimage"},"thumbnailUrl":"https:\/\/alice.ch\/app\/uploads\/2022\/11\/default.jpg","datePublished":"2022-11-10T09:46:12+00:00","dateModified":"2023-01-07T11:04:13+00:00","breadcrumb":{"@id":"https:\/\/alice.ch\/de\/themen\/grundkompetenzen\/innovativ-foerdern\/bedeutung-in-der-schweiz\/#breadcrumb"},"inLanguage":"de","potentialAction":[{"@type":"ReadAction","target":["https:\/\/alice.ch\/de\/themen\/grundkompetenzen\/innovativ-foerdern\/bedeutung-in-der-schweiz\/"]}]},{"@type":"ImageObject","inLanguage":"de","@id":"https:\/\/alice.ch\/de\/themen\/grundkompetenzen\/innovativ-foerdern\/bedeutung-in-der-schweiz\/#primaryimage","url":"https:\/\/alice.ch\/app\/uploads\/2022\/11\/default.jpg","contentUrl":"https:\/\/alice.ch\/app\/uploads\/2022\/11\/default.jpg","width":1600,"height":900},{"@type":"BreadcrumbList","@id":"https:\/\/alice.ch\/de\/themen\/grundkompetenzen\/innovativ-foerdern\/bedeutung-in-der-schweiz\/#breadcrumb","itemListElement":[{"@type":"ListItem","position":1,"name":"Startseite","item":"https:\/\/alice.ch\/de\/"},{"@type":"ListItem","position":2,"name":"Themen","item":"https:\/\/alice.ch\/de\/themen\/"},{"@type":"ListItem","position":3,"name":"Grundkompetenzen","item":"https:\/\/alice.ch\/de\/themen\/grundkompetenzen\/"},{"@type":"ListItem","position":4,"name":"Innovativ f\u00f6rdern","item":"https:\/\/alice.ch\/de\/themen\/grundkompetenzen\/innovativ-foerdern\/"},{"@type":"ListItem","position":5,"name":"Bedeutung in der Schweiz"}]},{"@type":"WebSite","@id":"https:\/\/alice.ch\/de\/#website","url":"https:\/\/alice.ch\/de\/","name":"alice.ch (Adult Learning Information Center) ist das Portal der Weiterbildung in der Schweiz.","description":"Schweizerischer Verband f\u00fcr Weiterbildung","publisher":{"@id":"https:\/\/alice.ch\/de\/#organization"},"potentialAction":[{"@type":"SearchAction","target":{"@type":"EntryPoint","urlTemplate":"https:\/\/alice.ch\/de\/?s={search_term_string}"},"query-input":{"@type":"PropertyValueSpecification","valueRequired":true,"valueName":"search_term_string"}}],"inLanguage":"de"},{"@type":"Organization","@id":"https:\/\/alice.ch\/de\/#organization","name":"SVEB Schweizerischer Verband f\u00fcr Weiterbildung","url":"https:\/\/alice.ch\/de\/","logo":{"@type":"ImageObject","inLanguage":"de","@id":"https:\/\/alice.ch\/de\/#\/schema\/logo\/image\/","url":"https:\/\/alice.ch\/app\/uploads\/2022\/07\/logo-sveb.png","contentUrl":"https:\/\/alice.ch\/app\/uploads\/2022\/07\/logo-sveb.png","width":145,"height":64,"caption":"SVEB Schweizerischer Verband f\u00fcr Weiterbildung"},"image":{"@id":"https:\/\/alice.ch\/de\/#\/schema\/logo\/image\/"},"sameAs":["https:\/\/www.linkedin.com\/company\/schweizerischer-verband-fr-weiterbildung-sveb\/"]}]}},"_links":{"self":[{"href":"https:\/\/alice.ch\/de\/wp-json\/wp\/v2\/pages\/10924","targetHints":{"allow":["GET"]}}],"collection":[{"href":"https:\/\/alice.ch\/de\/wp-json\/wp\/v2\/pages"}],"about":[{"href":"https:\/\/alice.ch\/de\/wp-json\/wp\/v2\/types\/page"}],"author":[{"embeddable":true,"href":"https:\/\/alice.ch\/de\/wp-json\/wp\/v2\/users\/2"}],"replies":[{"embeddable":true,"href":"https:\/\/alice.ch\/de\/wp-json\/wp\/v2\/comments?post=10924"}],"version-history":[{"count":5,"href":"https:\/\/alice.ch\/de\/wp-json\/wp\/v2\/pages\/10924\/revisions"}],"predecessor-version":[{"id":41240,"href":"https:\/\/alice.ch\/de\/wp-json\/wp\/v2\/pages\/10924\/revisions\/41240"}],"up":[{"embeddable":true,"href":"https:\/\/alice.ch\/de\/wp-json\/wp\/v2\/pages\/362"}],"wp:featuredmedia":[{"embeddable":true,"href":"https:\/\/alice.ch\/de\/wp-json\/wp\/v2\/media\/20799"}],"wp:attachment":[{"href":"https:\/\/alice.ch\/de\/wp-json\/wp\/v2\/media?parent=10924"}],"curies":[{"name":"wp","href":"https:\/\/api.w.org\/{rel}","templated":true}]}}