{"id":14105,"date":"2022-11-17T11:56:59","date_gmt":"2022-11-17T10:56:59","guid":{"rendered":"https:\/\/projects.atxeit.ch\/sveb\/?page_id=14105"},"modified":"2024-09-02T10:12:48","modified_gmt":"2024-09-02T08:12:48","slug":"download-de","status":"publish","type":"page","link":"https:\/\/alice.ch\/de\/download-de\/","title":{"rendered":"Download Publikation"},"content":{"rendered":"\n<div class=\"wp-block-group is-style-reduced-width is-layout-constrained wp-block-group-is-layout-constrained\">\n<h1 class=\"wp-block-heading\">Download Publikation<\/h1>\n\n\n\n<div class=\"wp-block-columns is-layout-flex wp-container-core-columns-is-layout-28f84493 wp-block-columns-is-layout-flex\">\n<div class=\"wp-block-column is-layout-flow wp-block-column-is-layout-flow\" style=\"flex-basis:50%\">\n\n<\/div>\n\n\n\n<div class=\"wp-block-column is-layout-flow wp-block-column-is-layout-flow\" style=\"flex-basis:50%\"><\/div>\n<\/div>\n\n\n\n<p class=\"is-style-ui\"><br><strong>Sind Sie interessiert an weiteren aktuellen Themen der Weiterbildung? Ihre Angaben werden wir verwenden, um Ihnen Informationen zu den Themen zuzuschicken, die Sie uns hier angeben. Sie k\u00f6nnen diese Themen jederzeit anpassen.<\/strong><\/p>\n\n\n\n<div id=\"mc_embed_shell\">\n      <link href=\"\/\/cdn-images.mailchimp.com\/embedcode\/classic-061523.css\" rel=\"stylesheet\" type=\"text\/css\">\n  <style type=\"text\/css\">\n        #mc_embed_signup{background:#fff; false;clear:left; font:14px Helvetica,Arial,sans-serif; width: 600px;}\n        \/* Add your own Mailchimp form style overrides in your site stylesheet or in this style block.\n           We recommend moving this block and the preceding CSS link to the HEAD of your HTML file. *\/\n<\/style><style type=\"text\/css\">\n        #mc-embedded-subscribe-form input[type=checkbox]{display: inline; width: auto;margin-right: 10px;}\n#mergeRow-gdpr {margin-top: 20px;}\n#mergeRow-gdpr fieldset label {font-weight: normal;}\n#mc-embedded-subscribe-form .mc_fieldset{border:none;min-height: 0px;padding-bottom:0px;}\n<\/style>\n<div id=\"mc_embed_signup\">\n    <form action=\"https:\/\/alice.us13.list-manage.com\/subscribe\/post?u=819194c12a777453fe8624b52&amp;id=d907e3130c&amp;v_id=184&amp;f_id=00c5f8e1f0\" method=\"post\" id=\"mc-embedded-subscribe-form\" name=\"mc-embedded-subscribe-form\" class=\"validate\" target=\"_blank\">\n        <div id=\"mc_embed_signup_scroll\"><h2>Abonnieren<\/h2>\n            <div class=\"indicates-required\"><span class=\"asterisk\">*<\/span> kennzeichnet Pflichtfelder<\/div>\n            <div class=\"mc-field-group\"><label for=\"mce-EMAIL\">E-Mail <span class=\"asterisk\">*<\/span><\/label><input type=\"email\" name=\"EMAIL\" class=\"required email\" id=\"mce-EMAIL\" required=\"\" value=\"\"><\/div><div class=\"mc-field-group input-group\"><strong>Anrede <\/strong><ul><li><input type=\"radio\" name=\"MMERGE3\" id=\"mce-MMERGE30\" value=\"Frau\"><label for=\"mce-MMERGE30\">Frau<\/label><\/li><li><input type=\"radio\" name=\"MMERGE3\" id=\"mce-MMERGE31\" value=\"Herr\"><label for=\"mce-MMERGE31\">Herr<\/label><\/li><\/ul><\/div><div class=\"mc-field-group\"><label for=\"mce-MMERGE1\">Vorname <\/label><input type=\"text\" name=\"MMERGE1\" class=\" text\" id=\"mce-MMERGE1\" value=\"\"><\/div><div class=\"mc-field-group\"><label for=\"mce-LNAME\">Nachname <\/label><input type=\"text\" name=\"LNAME\" class=\" text\" id=\"mce-LNAME\" value=\"\"><\/div><div class=\"mc-field-group input-group\"><strong>Informationen, die Sie von uns erhalten m\u00f6chten <\/strong><ul><li><input type=\"checkbox\" name=\"group[16423][1]\" id=\"mce-group[16423]-16423-0\" value=\"\"><label for=\"mce-group[16423]-16423-0\">SVEB-Newsletter (Versand einmal im Monat mit kuratierten Informationen aus der Weiterbildung)<\/label><\/li><li><input type=\"checkbox\" name=\"group[16423][512]\" id=\"mce-group[16423]-16423-1\" value=\"\"><label for=\"mce-group[16423]-16423-1\">Newsletter der Fachzeitschrift Education Permanente (zweimal im Jahr)<\/label><\/li><li><input type=\"checkbox\" name=\"group[16423][2]\" id=\"mce-group[16423]-16423-2\" value=\"\"><label for=\"mce-group[16423]-16423-2\">Bildungspolitik<\/label><\/li><li><input type=\"checkbox\" name=\"group[16423][4]\" id=\"mce-group[16423]-16423-3\" value=\"\"><label for=\"mce-group[16423]-16423-3\">Ausbilden als Beruf<\/label><\/li><li><input type=\"checkbox\" name=\"group[16423][8]\" id=\"mce-group[16423]-16423-4\" value=\"\"><label for=\"mce-group[16423]-16423-4\">Forschung<\/label><\/li><li><input type=\"checkbox\" name=\"group[16423][16]\" id=\"mce-group[16423]-16423-5\" value=\"\"><label for=\"mce-group[16423]-16423-5\">Qualit\u00e4t in der Weiterbildung<\/label><\/li><li><input type=\"checkbox\" name=\"group[16423][32]\" id=\"mce-group[16423]-16423-6\" value=\"\"><label for=\"mce-group[16423]-16423-6\">Grundkompetenzen<\/label><\/li><li><input type=\"checkbox\" name=\"group[16423][64]\" id=\"mce-group[16423]-16423-7\" value=\"\"><label for=\"mce-group[16423]-16423-7\">Digitalisierung<\/label><\/li><li><input type=\"checkbox\" name=\"group[16423][128]\" id=\"mce-group[16423]-16423-8\" value=\"\"><label for=\"mce-group[16423]-16423-8\">Weiterbildung in KMU<\/label><\/li><li><input type=\"checkbox\" name=\"group[16423][256]\" id=\"mce-group[16423]-16423-9\" value=\"\"><label for=\"mce-group[16423]-16423-9\">Nachhaltigkeit in der Weiterbildung<\/label><\/li><\/ul><\/div><div id=\"mergeRow-gdpr\" class=\"mergeRow gdpr-mergeRow content__gdprBlock mc-field-group\"><div class=\"content__gdpr\"><label>Wie wir Ihre Daten verwenden<\/label><p>Der Schweizerische Verband f\u00fcr Weiterbildung SVEB m\u00f6chte die Informationen, die Sie in diesem Formular angeben, dazu verwenden, um mit Ihnen in Kontakt zu bleiben und Ihnen Updates zu unserer T\u00e4tigkeit zu \u00fcbermitteln. Wenn Sie damit einverstanden sind,  Informationen von uns zu erhalten, best\u00e4tigen Sie dies bitte. <\/p><fieldset class=\"mc_fieldset gdprRequired mc-field-group\" name=\"interestgroup_field\"><label class=\"checkbox subfield\" for=\"gdpr23282\"><input type=\"checkbox\" id=\"gdpr_23282\" name=\"gdpr[23282]\" class=\"gdpr\" value=\"Y\"><span>Einverstanden<\/span><\/label><\/fieldset><p>Sie k\u00f6nnen Ihre Meinung jederzeit \u00e4ndern, indem Sie auf den Abbestellungs-Link klicken, den Sie in der Fusszeile jeder E-Mail, die Sie von uns erhalten, finden k\u00f6nnen, oder indem Sie uns unter newsletter@alice.ch kontaktieren. Wir werden Ihre Informationen mit Sorgfalt und Respekt behandeln. Weitere Informationen zu unseren Datenschutzpraktiken finden Sie auf unserer Website. <\/p><\/div><div class=\"content__gdprLegal\"><p> Wir verwenden Mailchimp als unsere Marketingplattform. Wenn Sie unten klicken, um sich anzumelden, erkl\u00e4ren Sie sich damit einverstanden, dass Ihre Daten zur Verarbeitung an Mailchimp \u00fcbermittelt werden. <a href=\"https:\/\/mailchimp.com\/legal\/terms\">Erfahren Sie mehr<\/a> \u00fcber die Datenschutzpraktiken von Mailchimp.<\/p><\/div><\/div>\n        <div id=\"mce-responses\" class=\"clear\">\n            <div class=\"response\" id=\"mce-error-response\" style=\"display: none;\"><\/div>\n            <div class=\"response\" id=\"mce-success-response\" style=\"display: none;\"><\/div>\n        <\/div><div style=\"position: absolute; left: -5000px;\" aria-hidden=\"true\"><input type=\"text\" name=\"b_819194c12a777453fe8624b52_d907e3130c\" tabindex=\"-1\" value=\"\"><\/div><div class=\"clear\"><input type=\"submit\" name=\"subscribe\" id=\"mc-embedded-subscribe\" class=\"button\" value=\"Abonnieren\"><\/div>\n    <\/div>\n<\/form>\n<\/div>\n<script type=\"text\/javascript\" src=\"\/\/s3.amazonaws.com\/downloads.mailchimp.com\/js\/mc-validate.js\"><\/script><script type=\"text\/javascript\">(function($) {window.fnames = new Array(); window.ftypes = new Array();fnames[0]='EMAIL';ftypes[0]='email';fnames[3]='MMERGE3';ftypes[3]='radio';fnames[1]='MMERGE1';ftypes[1]='text';fnames[2]='LNAME';ftypes[2]='text';\/*\n * Translated default messages for the $ validation plugin.\n * Locale: DE\n *\/\n$.extend($.validator.messages, {\n\trequired: \"Dieses Feld ist ein Pflichtfeld.\",\n\tmaxlength: $.validator.format(\"Geben Sie bitte maximal {0} Zeichen ein.\"),\n\tminlength: $.validator.format(\"Geben Sie bitte mindestens {0} Zeichen ein.\"),\n\trangelength: $.validator.format(\"Geben Sie bitte mindestens {0} und maximal {1} Zeichen ein.\"),\n\temail: \"Geben Sie bitte eine g\u00fcltige E-Mail Adresse ein.\",\n\turl: \"Geben Sie bitte eine g\u00fcltige URL ein.\",\n\tdate: \"Bitte geben Sie ein g\u00fcltiges Datum ein.\",\n\tnumber: \"Geben Sie bitte eine Nummer ein.\",\n\tdigits: \"Geben Sie bitte nur Ziffern ein.\",\n\tequalTo: \"Bitte denselben Wert wiederholen.\",\n\trange: $.validator.format(\"Geben Sie bitten einen Wert zwischen {0} und {1}.\"),\n\tmax: $.validator.format(\"Geben Sie bitte einen Wert kleiner oder gleich {0} ein.\"),\n\tmin: $.validator.format(\"Geben Sie bitte einen Wert gr\u00f6\u00dfer oder gleich {0} ein.\"),\n\tcreditcard: \"Geben Sie bitte ein g\u00fcltige Kreditkarten-Nummer ein.\"\n});}(jQuery));var $mcj = jQuery.noConflict(true);<\/script><\/div>\n<\/div>\n","protected":false},"excerpt":{"rendered":"<p>Download Publikation Sind Sie interessiert an weiteren aktuellen Themen der Weiterbildung? Ihre Angaben werden wir verwenden, um Ihnen Informationen zu [&hellip;]<\/p>\n","protected":false},"author":5,"featured_media":20799,"parent":0,"menu_order":642,"comment_status":"closed","ping_status":"closed","template":"","meta":{"_acf_changed":false,"inline_featured_image":false,"footnotes":""},"class_list":["post-14105","page","type-page","status-publish","has-post-thumbnail","hentry"],"acf":[],"yoast_head":"<!-- This site is optimized with the Yoast SEO plugin v27.3 - https:\/\/yoast.com\/product\/yoast-seo-wordpress\/ -->\n<title>Download Publikation - SVEB<\/title>\n<meta name=\"description\" content=\"Publikationen zum Download. F\u00fcllen Sie das Formular aus, das gew\u00fcnschte Dokument wird an die angegebene E-Mailadresse geschickt.\" \/>\n<meta name=\"robots\" content=\"noindex, follow\" \/>\n<meta property=\"og:locale\" content=\"de_DE\" \/>\n<meta property=\"og:type\" content=\"article\" \/>\n<meta property=\"og:title\" content=\"Download Publikation - SVEB\" \/>\n<meta property=\"og:description\" content=\"Publikationen zum Download. F\u00fcllen Sie das Formular aus, das gew\u00fcnschte Dokument wird an die angegebene E-Mailadresse geschickt.\" \/>\n<meta property=\"og:url\" content=\"https:\/\/alice.ch\/de\/download-de\/\" \/>\n<meta property=\"og:site_name\" content=\"SVEB\" \/>\n<meta property=\"article:modified_time\" content=\"2024-09-02T08:12:48+00:00\" \/>\n<meta name=\"twitter:card\" content=\"summary_large_image\" \/>\n<meta name=\"twitter:label1\" content=\"Gesch\u00e4tzte Lesezeit\" \/>\n\t<meta name=\"twitter:data1\" content=\"1\u00a0Minute\" \/>\n<script type=\"application\/ld+json\" class=\"yoast-schema-graph\">{\"@context\":\"https:\\\/\\\/schema.org\",\"@graph\":[{\"@type\":\"WebPage\",\"@id\":\"https:\\\/\\\/alice.ch\\\/de\\\/download-de\\\/\",\"url\":\"https:\\\/\\\/alice.ch\\\/de\\\/download-de\\\/\",\"name\":\"Download Publikation - SVEB\",\"isPartOf\":{\"@id\":\"https:\\\/\\\/alice.ch\\\/de\\\/#website\"},\"primaryImageOfPage\":{\"@id\":\"https:\\\/\\\/alice.ch\\\/de\\\/download-de\\\/#primaryimage\"},\"image\":{\"@id\":\"https:\\\/\\\/alice.ch\\\/de\\\/download-de\\\/#primaryimage\"},\"thumbnailUrl\":\"https:\\\/\\\/alice.ch\\\/app\\\/uploads\\\/2022\\\/11\\\/default.jpg\",\"datePublished\":\"2022-11-17T10:56:59+00:00\",\"dateModified\":\"2024-09-02T08:12:48+00:00\",\"description\":\"Publikationen zum Download. F\u00fcllen Sie das Formular aus, das gew\u00fcnschte Dokument wird an die angegebene E-Mailadresse geschickt.\",\"breadcrumb\":{\"@id\":\"https:\\\/\\\/alice.ch\\\/de\\\/download-de\\\/#breadcrumb\"},\"inLanguage\":\"de\",\"potentialAction\":[{\"@type\":\"ReadAction\",\"target\":[\"https:\\\/\\\/alice.ch\\\/de\\\/download-de\\\/\"]}]},{\"@type\":\"ImageObject\",\"inLanguage\":\"de\",\"@id\":\"https:\\\/\\\/alice.ch\\\/de\\\/download-de\\\/#primaryimage\",\"url\":\"https:\\\/\\\/alice.ch\\\/app\\\/uploads\\\/2022\\\/11\\\/default.jpg\",\"contentUrl\":\"https:\\\/\\\/alice.ch\\\/app\\\/uploads\\\/2022\\\/11\\\/default.jpg\",\"width\":1600,\"height\":900},{\"@type\":\"BreadcrumbList\",\"@id\":\"https:\\\/\\\/alice.ch\\\/de\\\/download-de\\\/#breadcrumb\",\"itemListElement\":[{\"@type\":\"ListItem\",\"position\":1,\"name\":\"Startseite\",\"item\":\"https:\\\/\\\/alice.ch\\\/de\\\/\"},{\"@type\":\"ListItem\",\"position\":2,\"name\":\"Download Publikation\"}]},{\"@type\":\"WebSite\",\"@id\":\"https:\\\/\\\/alice.ch\\\/de\\\/#website\",\"url\":\"https:\\\/\\\/alice.ch\\\/de\\\/\",\"name\":\"alice.ch (Adult Learning Information Center) ist das Portal der Weiterbildung in der Schweiz.\",\"description\":\"Schweizerischer Verband f\u00fcr Weiterbildung\",\"publisher\":{\"@id\":\"https:\\\/\\\/alice.ch\\\/de\\\/#organization\"},\"potentialAction\":[{\"@type\":\"SearchAction\",\"target\":{\"@type\":\"EntryPoint\",\"urlTemplate\":\"https:\\\/\\\/alice.ch\\\/de\\\/?s={search_term_string}\"},\"query-input\":{\"@type\":\"PropertyValueSpecification\",\"valueRequired\":true,\"valueName\":\"search_term_string\"}}],\"inLanguage\":\"de\"},{\"@type\":\"Organization\",\"@id\":\"https:\\\/\\\/alice.ch\\\/de\\\/#organization\",\"name\":\"SVEB Schweizerischer Verband f\u00fcr Weiterbildung\",\"url\":\"https:\\\/\\\/alice.ch\\\/de\\\/\",\"logo\":{\"@type\":\"ImageObject\",\"inLanguage\":\"de\",\"@id\":\"https:\\\/\\\/alice.ch\\\/de\\\/#\\\/schema\\\/logo\\\/image\\\/\",\"url\":\"https:\\\/\\\/alice.ch\\\/app\\\/uploads\\\/2022\\\/07\\\/logo-sveb.png\",\"contentUrl\":\"https:\\\/\\\/alice.ch\\\/app\\\/uploads\\\/2022\\\/07\\\/logo-sveb.png\",\"width\":145,\"height\":64,\"caption\":\"SVEB Schweizerischer Verband f\u00fcr Weiterbildung\"},\"image\":{\"@id\":\"https:\\\/\\\/alice.ch\\\/de\\\/#\\\/schema\\\/logo\\\/image\\\/\"},\"sameAs\":[\"https:\\\/\\\/www.linkedin.com\\\/company\\\/schweizerischer-verband-fr-weiterbildung-sveb\\\/\"]}]}<\/script>\n<!-- \/ Yoast SEO plugin. -->","yoast_head_json":{"title":"Download Publikation - SVEB","description":"Publikationen zum Download. F\u00fcllen Sie das Formular aus, das gew\u00fcnschte Dokument wird an die angegebene E-Mailadresse geschickt.","robots":{"index":"noindex","follow":"follow"},"og_locale":"de_DE","og_type":"article","og_title":"Download Publikation - SVEB","og_description":"Publikationen zum Download. F\u00fcllen Sie das Formular aus, das gew\u00fcnschte Dokument wird an die angegebene E-Mailadresse geschickt.","og_url":"https:\/\/alice.ch\/de\/download-de\/","og_site_name":"SVEB","article_modified_time":"2024-09-02T08:12:48+00:00","twitter_card":"summary_large_image","twitter_misc":{"Gesch\u00e4tzte Lesezeit":"1\u00a0Minute"},"schema":{"@context":"https:\/\/schema.org","@graph":[{"@type":"WebPage","@id":"https:\/\/alice.ch\/de\/download-de\/","url":"https:\/\/alice.ch\/de\/download-de\/","name":"Download Publikation - SVEB","isPartOf":{"@id":"https:\/\/alice.ch\/de\/#website"},"primaryImageOfPage":{"@id":"https:\/\/alice.ch\/de\/download-de\/#primaryimage"},"image":{"@id":"https:\/\/alice.ch\/de\/download-de\/#primaryimage"},"thumbnailUrl":"https:\/\/alice.ch\/app\/uploads\/2022\/11\/default.jpg","datePublished":"2022-11-17T10:56:59+00:00","dateModified":"2024-09-02T08:12:48+00:00","description":"Publikationen zum Download. F\u00fcllen Sie das Formular aus, das gew\u00fcnschte Dokument wird an die angegebene E-Mailadresse geschickt.","breadcrumb":{"@id":"https:\/\/alice.ch\/de\/download-de\/#breadcrumb"},"inLanguage":"de","potentialAction":[{"@type":"ReadAction","target":["https:\/\/alice.ch\/de\/download-de\/"]}]},{"@type":"ImageObject","inLanguage":"de","@id":"https:\/\/alice.ch\/de\/download-de\/#primaryimage","url":"https:\/\/alice.ch\/app\/uploads\/2022\/11\/default.jpg","contentUrl":"https:\/\/alice.ch\/app\/uploads\/2022\/11\/default.jpg","width":1600,"height":900},{"@type":"BreadcrumbList","@id":"https:\/\/alice.ch\/de\/download-de\/#breadcrumb","itemListElement":[{"@type":"ListItem","position":1,"name":"Startseite","item":"https:\/\/alice.ch\/de\/"},{"@type":"ListItem","position":2,"name":"Download Publikation"}]},{"@type":"WebSite","@id":"https:\/\/alice.ch\/de\/#website","url":"https:\/\/alice.ch\/de\/","name":"alice.ch (Adult Learning Information Center) ist das Portal der Weiterbildung in der Schweiz.","description":"Schweizerischer Verband f\u00fcr Weiterbildung","publisher":{"@id":"https:\/\/alice.ch\/de\/#organization"},"potentialAction":[{"@type":"SearchAction","target":{"@type":"EntryPoint","urlTemplate":"https:\/\/alice.ch\/de\/?s={search_term_string}"},"query-input":{"@type":"PropertyValueSpecification","valueRequired":true,"valueName":"search_term_string"}}],"inLanguage":"de"},{"@type":"Organization","@id":"https:\/\/alice.ch\/de\/#organization","name":"SVEB Schweizerischer Verband f\u00fcr Weiterbildung","url":"https:\/\/alice.ch\/de\/","logo":{"@type":"ImageObject","inLanguage":"de","@id":"https:\/\/alice.ch\/de\/#\/schema\/logo\/image\/","url":"https:\/\/alice.ch\/app\/uploads\/2022\/07\/logo-sveb.png","contentUrl":"https:\/\/alice.ch\/app\/uploads\/2022\/07\/logo-sveb.png","width":145,"height":64,"caption":"SVEB Schweizerischer Verband f\u00fcr Weiterbildung"},"image":{"@id":"https:\/\/alice.ch\/de\/#\/schema\/logo\/image\/"},"sameAs":["https:\/\/www.linkedin.com\/company\/schweizerischer-verband-fr-weiterbildung-sveb\/"]}]}},"_links":{"self":[{"href":"https:\/\/alice.ch\/de\/wp-json\/wp\/v2\/pages\/14105","targetHints":{"allow":["GET"]}}],"collection":[{"href":"https:\/\/alice.ch\/de\/wp-json\/wp\/v2\/pages"}],"about":[{"href":"https:\/\/alice.ch\/de\/wp-json\/wp\/v2\/types\/page"}],"author":[{"embeddable":true,"href":"https:\/\/alice.ch\/de\/wp-json\/wp\/v2\/users\/5"}],"replies":[{"embeddable":true,"href":"https:\/\/alice.ch\/de\/wp-json\/wp\/v2\/comments?post=14105"}],"version-history":[{"count":18,"href":"https:\/\/alice.ch\/de\/wp-json\/wp\/v2\/pages\/14105\/revisions"}],"predecessor-version":[{"id":61957,"href":"https:\/\/alice.ch\/de\/wp-json\/wp\/v2\/pages\/14105\/revisions\/61957"}],"wp:featuredmedia":[{"embeddable":true,"href":"https:\/\/alice.ch\/de\/wp-json\/wp\/v2\/media\/20799"}],"wp:attachment":[{"href":"https:\/\/alice.ch\/de\/wp-json\/wp\/v2\/media?parent=14105"}],"curies":[{"name":"wp","href":"https:\/\/api.w.org\/{rel}","templated":true}]}}