{"id":1897,"date":"2022-09-28T10:48:54","date_gmt":"2022-09-28T08:48:54","guid":{"rendered":"https:\/\/projects.atxeit.ch\/sveb\/?page_id=1897"},"modified":"2026-04-13T09:28:54","modified_gmt":"2026-04-13T07:28:54","slug":"jahresberichte-und-dv-protokolle","status":"publish","type":"page","link":"https:\/\/alice.ch\/de\/sveb\/ueber-den-sveb\/jahresberichte-und-dv-protokolle\/","title":{"rendered":"Jahresberichte"},"content":{"rendered":"\n<div class=\"wp-block-group is-style-reduced-width is-layout-flow wp-block-group-is-layout-flow\">\n<h1 class=\"wp-block-heading\">Jahresberichte und Protokolle der Delegiertenversammlungen<\/h1>\n\n\n\n<div class=\"wp-block-columns is-layout-flex wp-container-core-columns-is-layout-28f84493 wp-block-columns-is-layout-flex\">\n<div class=\"wp-block-column is-layout-flow wp-block-column-is-layout-flow\">\n<div class=\"wp-block-group is-layout-constrained wp-block-group-is-layout-constrained\">\n<h2 class=\"wp-block-heading\">Jahresberichte<\/h2>\n<\/div>\n\n\n\n<div class=\"wp-block-file\"><a id=\"wp-block-file--media-73821ff3-0624-4db7-a7b3-96356481c811\" href=\"https:\/\/alice.ch\/app\/uploads\/2026\/04\/SVEB_Jahresbericht2025-1.pdf\">SVEB-Jahresbericht 2025<br \/>PDF &#8211; 1 MB<\/a><a href=\"https:\/\/alice.ch\/app\/uploads\/2026\/04\/SVEB_Jahresbericht2025-1.pdf\" class=\"wp-block-file__button wp-element-button\" download aria-describedby=\"wp-block-file--media-73821ff3-0624-4db7-a7b3-96356481c811\">Herunterladen<br \/>PDF &#8211; 1 MB<\/a><\/div>\n\n\n\n<div class=\"wp-block-file\"><a id=\"wp-block-file--media-fdfa8efe-4cb2-4936-b11f-a42f193ca50e\" href=\"https:\/\/alice.ch\/app\/uploads\/2025\/04\/jahresbericht-rapport-annuel-2024.pdf\" target=\"_blank\" rel=\"noreferrer noopener\">SVEB-Jahresbericht 2024<br \/>PDF &#8211; 1 MB<\/a><\/div>\n\n\n\n<div class=\"wp-block-file\"><a id=\"wp-block-file--media-d762ceff-50b6-439d-a09a-fa5bbb5f3001\" href=\"https:\/\/alice.ch\/app\/uploads\/2024\/04\/jahresbericht-rapport-annuel-2023.pdf\" target=\"_blank\" rel=\"noreferrer noopener\">SVEB-Jahresbericht 2023<br \/>PDF &#8211; 693 KB<\/a><\/div>\n\n\n\n<div class=\"wp-block-file\"><a id=\"wp-block-file--media-c09d6865-96f1-461c-8e51-55d90d976ac2\" href=\"https:\/\/alice.ch\/app\/uploads\/2023\/04\/SVEB_Jahresbericht2022_Web_.pdf\" target=\"_blank\" rel=\"noreferrer noopener\">SVEB-Jahresbericht 2022<br \/>PDF &#8211; 1 MB<\/a><\/div>\n\n\n\n<div class=\"wp-block-file\"><a id=\"wp-block-file--media-c09d6865-96f1-461c-8e51-55d90d976ac2\" href=\"https:\/\/alice.ch\/app\/uploads\/2022\/11\/jahresbericht_rapport-annuel_2021.pdf\" target=\"_blank\" rel=\"noreferrer noopener\">SVEB-Jahresbericht 2021<br \/>PDF &#8211; 850 KB<\/a><\/div>\n\n\n\n<div class=\"wp-block-file\"><a id=\"wp-block-file--media-c09d6865-96f1-461c-8e51-55d90d976ac2\" href=\"https:\/\/alice.ch\/app\/uploads\/2022\/09\/T4_Jahresbericht_rapportannuel_2020.pdf\" target=\"_blank\" rel=\"noreferrer noopener\">SVEB-Jahresbericht 2020<br \/>PDF &#8211; 770 KB<\/a><a href=\"https:\/\/alice.ch\/app\/uploads\/2022\/09\/T4_Jahresbericht_rapportannuel_2020.pdf\" class=\"wp-block-file__button wp-element-button\" download aria-describedby=\"wp-block-file--media-c09d6865-96f1-461c-8e51-55d90d976ac2\">Herunterladen<br \/>PDF &#8211; 770 KB<\/a><\/div>\n\n\n\n<div class=\"wp-block-file\"><a id=\"wp-block-file--media-e5f1ca17-74a8-4897-9801-c5950bd3b0e3\" href=\"https:\/\/alice.ch\/app\/uploads\/2022\/09\/SVEB_Jahresbericht_2019.pdf\" target=\"_blank\" rel=\"noreferrer noopener\">SVEB-Jahresbericht 2019<br \/>PDF &#8211; 2 MB<\/a><a href=\"https:\/\/alice.ch\/app\/uploads\/2022\/09\/SVEB_Jahresbericht_2019.pdf\" class=\"wp-block-file__button wp-element-button\" download aria-describedby=\"wp-block-file--media-e5f1ca17-74a8-4897-9801-c5950bd3b0e3\">Herunterladen<br \/>PDF &#8211; 2 MB<\/a><\/div>\n\n\n\n<div class=\"wp-block-file\"><a id=\"wp-block-file--media-e5f1ca17-74a8-4897-9801-c5950bd3b0e3\" href=\"https:\/\/alice.ch\/app\/uploads\/2022\/09\/SVEB_Jahresbericht2018_def.pdf\" target=\"_blank\" rel=\"noreferrer noopener\">SVEB-Jahresbericht 2018<br \/>PDF &#8211; 717 KB<\/a><a href=\"https:\/\/alice.ch\/app\/uploads\/2022\/09\/SVEB_Jahresbericht2018_def.pdf\" class=\"wp-block-file__button wp-element-button\" download aria-describedby=\"wp-block-file--media-e5f1ca17-74a8-4897-9801-c5950bd3b0e3\">Herunterladen<br \/>PDF &#8211; 717 KB<\/a><\/div>\n\n\n\n<div class=\"wp-block-file\"><a id=\"wp-block-file--media-e5f1ca17-74a8-4897-9801-c5950bd3b0e3\" href=\"https:\/\/alice.ch\/app\/uploads\/2022\/09\/SVEB_Jahresbericht_2017.pdf\" target=\"_blank\" rel=\"noreferrer noopener\">SVEB-Jahresbericht 2017<br \/>PDF &#8211; 9 MB<\/a><a href=\"https:\/\/alice.ch\/app\/uploads\/2022\/09\/SVEB_Jahresbericht_2017.pdf\" class=\"wp-block-file__button wp-element-button\" download aria-describedby=\"wp-block-file--media-e5f1ca17-74a8-4897-9801-c5950bd3b0e3\">Herunterladen<br \/>PDF &#8211; 9 MB<\/a><\/div>\n\n\n\n<div class=\"wp-block-file\"><a id=\"wp-block-file--media-e5f1ca17-74a8-4897-9801-c5950bd3b0e3\" href=\"https:\/\/alice.ch\/app\/uploads\/2022\/09\/SVEB-Jahresbericht_2016.pdf\" target=\"_blank\" rel=\"noreferrer noopener\">SVEB-Jahresbericht 2016<br \/>PDF &#8211; 13 MB<\/a><a href=\"https:\/\/alice.ch\/app\/uploads\/2022\/09\/SVEB-Jahresbericht_2016.pdf\" class=\"wp-block-file__button wp-element-button\" download aria-describedby=\"wp-block-file--media-e5f1ca17-74a8-4897-9801-c5950bd3b0e3\">Herunterladen<br \/>PDF &#8211; 13 MB<\/a><\/div>\n\n\n\n<div class=\"wp-block-file\"><a id=\"wp-block-file--media-d488b1da-c908-4f8c-b67e-f5cce82a115c\" href=\"https:\/\/alice.ch\/app\/uploads\/2022\/09\/SVEB_Jahresbericht_2015.pdf\" target=\"_blank\" rel=\"noreferrer noopener\">SVEB-Jahresbericht 2015<br \/>PDF &#8211; 2 MB<\/a><a href=\"https:\/\/alice.ch\/app\/uploads\/2022\/09\/SVEB_Jahresbericht_2015.pdf\" class=\"wp-block-file__button wp-element-button\" download aria-describedby=\"wp-block-file--media-d488b1da-c908-4f8c-b67e-f5cce82a115c\">Herunterladen<br \/>PDF &#8211; 2 MB<\/a><\/div>\n\n\n\n<div class=\"wp-block-file\"><a id=\"wp-block-file--media-d488b1da-c908-4f8c-b67e-f5cce82a115c\" href=\"https:\/\/alice.ch\/app\/uploads\/2022\/09\/SVEB_Jahresbericht_2014.pdf\" target=\"_blank\" rel=\"noreferrer noopener\">SVEB-Jahresbericht 2014<br \/>PDF &#8211; 5 MB<\/a><a href=\"https:\/\/alice.ch\/app\/uploads\/2022\/09\/SVEB_Jahresbericht_2014.pdf\" class=\"wp-block-file__button wp-element-button\" download aria-describedby=\"wp-block-file--media-d488b1da-c908-4f8c-b67e-f5cce82a115c\">Herunterladen<br \/>PDF &#8211; 5 MB<\/a><\/div>\n\n\n\n<div class=\"wp-block-file\"><a id=\"wp-block-file--media-d488b1da-c908-4f8c-b67e-f5cce82a115c\" href=\"https:\/\/alice.ch\/app\/uploads\/2022\/09\/SVEB_Jahresbericht_2013.pdf\" target=\"_blank\" rel=\"noreferrer noopener\">SVEB-Jahresbericht 2013<br \/>PDF &#8211; 4 MB<\/a><a href=\"https:\/\/alice.ch\/app\/uploads\/2022\/09\/SVEB_Jahresbericht_2013.pdf\" class=\"wp-block-file__button wp-element-button\" download aria-describedby=\"wp-block-file--media-d488b1da-c908-4f8c-b67e-f5cce82a115c\">Herunterladen<br \/>PDF &#8211; 4 MB<\/a><\/div>\n\n\n\n<div class=\"wp-block-file\"><a id=\"wp-block-file--media-d488b1da-c908-4f8c-b67e-f5cce82a115c\" href=\"https:\/\/alice.ch\/app\/uploads\/2022\/09\/SVEB_Jahresbericht_2012.pdf\" target=\"_blank\" rel=\"noreferrer noopener\">SVEB-Jahresbericht 2012<br \/>PDF &#8211; 2 MB<\/a><a href=\"https:\/\/alice.ch\/app\/uploads\/2022\/09\/SVEB_Jahresbericht_2012.pdf\" class=\"wp-block-file__button wp-element-button\" download aria-describedby=\"wp-block-file--media-d488b1da-c908-4f8c-b67e-f5cce82a115c\">Herunterladen<br \/>PDF &#8211; 2 MB<\/a><\/div>\n<\/div>\n\n\n\n<div class=\"wp-block-column is-layout-flow wp-block-column-is-layout-flow\">\n<h2 class=\"wp-block-heading\">DV-Protokolle<\/h2>\n\n\n\n<div class=\"wp-block-file\"><a id=\"wp-block-file--media-3a3b9f56-38ae-40df-a828-f26c17b41e4b\" href=\"https:\/\/alice.ch\/app\/uploads\/2026\/03\/Protokoll-der-DV-2025-Beilage-T3.pdf\" target=\"_blank\" rel=\"noreferrer noopener\">SVEB-DV-Protokoll 2025<br \/>PDF &#8211; 256 KB<\/a><\/div>\n\n\n\n<div class=\"wp-block-file\"><a id=\"wp-block-file--media-7b093797-0acd-4aed-a070-00272adb373f\" href=\"https:\/\/alice.ch\/app\/uploads\/2025\/04\/t3-protokoll-dv-24.pdf\" target=\"_blank\" rel=\"noreferrer noopener\">SVEB-DV-Protokoll 2024<br \/>PDF &#8211; 232 KB<\/a><\/div>\n\n\n\n<div class=\"wp-block-file\"><a id=\"wp-block-file--media-fb05aba2-e7de-45e7-8dd6-0f53a397c9db\" href=\"https:\/\/alice.ch\/app\/uploads\/2024\/08\/t3-protokoll-dv-2023.pdf\" target=\"_blank\" rel=\"noreferrer noopener\">SVEB-DV-Protokoll 2023<br \/>PDF &#8211; 281 KB<\/a><\/div>\n\n\n\n<div class=\"wp-block-file\"><a id=\"wp-block-file--media-c09d6865-96f1-461c-8e51-55d90d976ac2\" href=\"https:\/\/alice.ch\/app\/uploads\/2023\/04\/T3-Protokoll-der-Delegiertenversammlung-vom-Mai-2022-1-1.pdf\" target=\"_blank\" rel=\"noreferrer noopener\">SVEB-DV-Protokoll 2022<br \/>PDF &#8211; 261 KB<\/a><\/div>\n\n\n\n<div class=\"wp-block-file\"><a id=\"wp-block-file--media-c09d6865-96f1-461c-8e51-55d90d976ac2\" href=\"https:\/\/alice.ch\/app\/uploads\/2022\/09\/21_DV_Protokoll.pdf\" target=\"_blank\" rel=\"noreferrer noopener\">SVEB-DV-Protokoll 2021<br \/>PDF &#8211; 374 KB<\/a><a href=\"https:\/\/alice.ch\/app\/uploads\/2022\/09\/21_DV_Protokoll.pdf\" class=\"wp-block-file__button wp-element-button\" download aria-describedby=\"wp-block-file--media-c09d6865-96f1-461c-8e51-55d90d976ac2\">Herunterladen<br \/>PDF &#8211; 374 KB<\/a><\/div>\n\n\n\n<div class=\"wp-block-file\"><a id=\"wp-block-file--media-e5f1ca17-74a8-4897-9801-c5950bd3b0e3\" href=\"https:\/\/alice.ch\/app\/uploads\/2022\/09\/T3_D_20_DV_Protokoll.pdf\" target=\"_blank\" rel=\"noreferrer noopener\">SVEB-DV-Protokoll 2020<br \/>PDF &#8211; 244 KB<\/a><a href=\"https:\/\/alice.ch\/app\/uploads\/2022\/09\/T3_D_20_DV_Protokoll.pdf\" class=\"wp-block-file__button wp-element-button\" download aria-describedby=\"wp-block-file--media-e5f1ca17-74a8-4897-9801-c5950bd3b0e3\">Herunterladen<br \/>PDF &#8211; 244 KB<\/a><\/div>\n<\/div>\n<\/div>\n\n\n\n<h2 class=\"wp-block-heading\">Kontakt<\/h2>\n\n\n\n<div class=\"wp-block-columns is-layout-flex wp-container-core-columns-is-layout-28f84493 wp-block-columns-is-layout-flex\">\n<div class=\"wp-block-column is-layout-flow wp-block-column-is-layout-flow\" style=\"flex-basis:50%\"><div class=\"contact-persons\">\n\n\t\t\t\t\t<div class=\"contact-person\">\n\t\t\t\t\tBernhard Gr\u00e4miger<br \/>\t\t\t\t\tDirektor<br \/>\t\t\t\t\t<br \/>\n\t\t\t\t\t\t\t\t\t\t<a href=\"tel:+41 (0)44 319 71 61\">+41 (0)44 319 71 61<\/a><br \/>\t\t\t\t\t<a href=\"mailto:bernhard.graemiger@alice.ch\">bernhard.graemiger@alice.ch<\/a><br \/>\t\t\t\t\t<\/div>\n\t\t\t\t\t<\/div>\n<\/div>\n\n\n\n<div class=\"wp-block-column is-layout-flow wp-block-column-is-layout-flow\" style=\"flex-basis:50%\"><\/div>\n<\/div>\n<\/div>\n","protected":false},"excerpt":{"rendered":"<p>Jahresberichte und Protokolle der Delegiertenversammlungen Jahresberichte DV-Protokolle Kontakt<\/p>\n","protected":false},"author":4,"featured_media":20799,"parent":385,"menu_order":561,"comment_status":"closed","ping_status":"closed","template":"","meta":{"_acf_changed":false,"inline_featured_image":false,"footnotes":""},"class_list":["post-1897","page","type-page","status-publish","has-post-thumbnail","hentry"],"acf":[],"yoast_head":"<!-- This site is optimized with the Yoast SEO plugin v27.3 - https:\/\/yoast.com\/product\/yoast-seo-wordpress\/ -->\n<title>Jahresberichte - SVEB<\/title>\n<meta name=\"description\" content=\"Der SVEB informiert seine Mitglieder in Jahresberichten \u00fcber seine T\u00e4tigkeit und \u00fcber aktuelle Entwicklungen in der Schweizer Weiterbildung.\" \/>\n<meta name=\"robots\" content=\"index, follow, max-snippet:-1, max-image-preview:large, max-video-preview:-1\" \/>\n<link rel=\"canonical\" href=\"https:\/\/alice.ch\/de\/sveb\/ueber-den-sveb\/jahresberichte-und-dv-protokolle\/\" \/>\n<meta property=\"og:locale\" content=\"de_DE\" \/>\n<meta property=\"og:type\" content=\"article\" \/>\n<meta property=\"og:title\" content=\"Jahresberichte - SVEB\" \/>\n<meta property=\"og:description\" content=\"Der SVEB informiert seine Mitglieder in Jahresberichten \u00fcber seine T\u00e4tigkeit und \u00fcber aktuelle Entwicklungen in der Schweizer Weiterbildung.\" \/>\n<meta property=\"og:url\" content=\"https:\/\/alice.ch\/de\/sveb\/ueber-den-sveb\/jahresberichte-und-dv-protokolle\/\" \/>\n<meta property=\"og:site_name\" content=\"SVEB\" \/>\n<meta property=\"article:modified_time\" content=\"2026-04-13T07:28:54+00:00\" \/>\n<meta name=\"twitter:card\" content=\"summary_large_image\" \/>\n<meta name=\"twitter:label1\" content=\"Gesch\u00e4tzte Lesezeit\" \/>\n\t<meta name=\"twitter:data1\" content=\"1\u00a0Minute\" \/>\n<script type=\"application\/ld+json\" class=\"yoast-schema-graph\">{\"@context\":\"https:\\\/\\\/schema.org\",\"@graph\":[{\"@type\":\"WebPage\",\"@id\":\"https:\\\/\\\/alice.ch\\\/de\\\/sveb\\\/ueber-den-sveb\\\/jahresberichte-und-dv-protokolle\\\/\",\"url\":\"https:\\\/\\\/alice.ch\\\/de\\\/sveb\\\/ueber-den-sveb\\\/jahresberichte-und-dv-protokolle\\\/\",\"name\":\"Jahresberichte - SVEB\",\"isPartOf\":{\"@id\":\"https:\\\/\\\/alice.ch\\\/de\\\/#website\"},\"primaryImageOfPage\":{\"@id\":\"https:\\\/\\\/alice.ch\\\/de\\\/sveb\\\/ueber-den-sveb\\\/jahresberichte-und-dv-protokolle\\\/#primaryimage\"},\"image\":{\"@id\":\"https:\\\/\\\/alice.ch\\\/de\\\/sveb\\\/ueber-den-sveb\\\/jahresberichte-und-dv-protokolle\\\/#primaryimage\"},\"thumbnailUrl\":\"https:\\\/\\\/alice.ch\\\/app\\\/uploads\\\/2022\\\/11\\\/default.jpg\",\"datePublished\":\"2022-09-28T08:48:54+00:00\",\"dateModified\":\"2026-04-13T07:28:54+00:00\",\"description\":\"Der SVEB informiert seine Mitglieder in Jahresberichten \u00fcber seine T\u00e4tigkeit und \u00fcber aktuelle Entwicklungen in der Schweizer Weiterbildung.\",\"breadcrumb\":{\"@id\":\"https:\\\/\\\/alice.ch\\\/de\\\/sveb\\\/ueber-den-sveb\\\/jahresberichte-und-dv-protokolle\\\/#breadcrumb\"},\"inLanguage\":\"de\",\"potentialAction\":[{\"@type\":\"ReadAction\",\"target\":[\"https:\\\/\\\/alice.ch\\\/de\\\/sveb\\\/ueber-den-sveb\\\/jahresberichte-und-dv-protokolle\\\/\"]}]},{\"@type\":\"ImageObject\",\"inLanguage\":\"de\",\"@id\":\"https:\\\/\\\/alice.ch\\\/de\\\/sveb\\\/ueber-den-sveb\\\/jahresberichte-und-dv-protokolle\\\/#primaryimage\",\"url\":\"https:\\\/\\\/alice.ch\\\/app\\\/uploads\\\/2022\\\/11\\\/default.jpg\",\"contentUrl\":\"https:\\\/\\\/alice.ch\\\/app\\\/uploads\\\/2022\\\/11\\\/default.jpg\",\"width\":1600,\"height\":900},{\"@type\":\"BreadcrumbList\",\"@id\":\"https:\\\/\\\/alice.ch\\\/de\\\/sveb\\\/ueber-den-sveb\\\/jahresberichte-und-dv-protokolle\\\/#breadcrumb\",\"itemListElement\":[{\"@type\":\"ListItem\",\"position\":1,\"name\":\"Startseite\",\"item\":\"https:\\\/\\\/alice.ch\\\/de\\\/\"},{\"@type\":\"ListItem\",\"position\":2,\"name\":\"SVEB\",\"item\":\"https:\\\/\\\/alice.ch\\\/de\\\/sveb\\\/\"},{\"@type\":\"ListItem\",\"position\":3,\"name\":\"\u00dcber den SVEB\",\"item\":\"https:\\\/\\\/alice.ch\\\/de\\\/sveb\\\/ueber-den-sveb\\\/\"},{\"@type\":\"ListItem\",\"position\":4,\"name\":\"Jahresberichte\"}]},{\"@type\":\"WebSite\",\"@id\":\"https:\\\/\\\/alice.ch\\\/de\\\/#website\",\"url\":\"https:\\\/\\\/alice.ch\\\/de\\\/\",\"name\":\"alice.ch (Adult Learning Information Center) ist das Portal der Weiterbildung in der Schweiz.\",\"description\":\"Schweizerischer Verband f\u00fcr Weiterbildung\",\"publisher\":{\"@id\":\"https:\\\/\\\/alice.ch\\\/de\\\/#organization\"},\"potentialAction\":[{\"@type\":\"SearchAction\",\"target\":{\"@type\":\"EntryPoint\",\"urlTemplate\":\"https:\\\/\\\/alice.ch\\\/de\\\/?s={search_term_string}\"},\"query-input\":{\"@type\":\"PropertyValueSpecification\",\"valueRequired\":true,\"valueName\":\"search_term_string\"}}],\"inLanguage\":\"de\"},{\"@type\":\"Organization\",\"@id\":\"https:\\\/\\\/alice.ch\\\/de\\\/#organization\",\"name\":\"SVEB Schweizerischer Verband f\u00fcr Weiterbildung\",\"url\":\"https:\\\/\\\/alice.ch\\\/de\\\/\",\"logo\":{\"@type\":\"ImageObject\",\"inLanguage\":\"de\",\"@id\":\"https:\\\/\\\/alice.ch\\\/de\\\/#\\\/schema\\\/logo\\\/image\\\/\",\"url\":\"https:\\\/\\\/alice.ch\\\/app\\\/uploads\\\/2022\\\/07\\\/logo-sveb.png\",\"contentUrl\":\"https:\\\/\\\/alice.ch\\\/app\\\/uploads\\\/2022\\\/07\\\/logo-sveb.png\",\"width\":145,\"height\":64,\"caption\":\"SVEB Schweizerischer Verband f\u00fcr Weiterbildung\"},\"image\":{\"@id\":\"https:\\\/\\\/alice.ch\\\/de\\\/#\\\/schema\\\/logo\\\/image\\\/\"},\"sameAs\":[\"https:\\\/\\\/www.linkedin.com\\\/company\\\/schweizerischer-verband-fr-weiterbildung-sveb\\\/\"]}]}<\/script>\n<!-- \/ Yoast SEO plugin. -->","yoast_head_json":{"title":"Jahresberichte - SVEB","description":"Der SVEB informiert seine Mitglieder in Jahresberichten \u00fcber seine T\u00e4tigkeit und \u00fcber aktuelle Entwicklungen in der Schweizer Weiterbildung.","robots":{"index":"index","follow":"follow","max-snippet":"max-snippet:-1","max-image-preview":"max-image-preview:large","max-video-preview":"max-video-preview:-1"},"canonical":"https:\/\/alice.ch\/de\/sveb\/ueber-den-sveb\/jahresberichte-und-dv-protokolle\/","og_locale":"de_DE","og_type":"article","og_title":"Jahresberichte - SVEB","og_description":"Der SVEB informiert seine Mitglieder in Jahresberichten \u00fcber seine T\u00e4tigkeit und \u00fcber aktuelle Entwicklungen in der Schweizer Weiterbildung.","og_url":"https:\/\/alice.ch\/de\/sveb\/ueber-den-sveb\/jahresberichte-und-dv-protokolle\/","og_site_name":"SVEB","article_modified_time":"2026-04-13T07:28:54+00:00","twitter_card":"summary_large_image","twitter_misc":{"Gesch\u00e4tzte Lesezeit":"1\u00a0Minute"},"schema":{"@context":"https:\/\/schema.org","@graph":[{"@type":"WebPage","@id":"https:\/\/alice.ch\/de\/sveb\/ueber-den-sveb\/jahresberichte-und-dv-protokolle\/","url":"https:\/\/alice.ch\/de\/sveb\/ueber-den-sveb\/jahresberichte-und-dv-protokolle\/","name":"Jahresberichte - SVEB","isPartOf":{"@id":"https:\/\/alice.ch\/de\/#website"},"primaryImageOfPage":{"@id":"https:\/\/alice.ch\/de\/sveb\/ueber-den-sveb\/jahresberichte-und-dv-protokolle\/#primaryimage"},"image":{"@id":"https:\/\/alice.ch\/de\/sveb\/ueber-den-sveb\/jahresberichte-und-dv-protokolle\/#primaryimage"},"thumbnailUrl":"https:\/\/alice.ch\/app\/uploads\/2022\/11\/default.jpg","datePublished":"2022-09-28T08:48:54+00:00","dateModified":"2026-04-13T07:28:54+00:00","description":"Der SVEB informiert seine Mitglieder in Jahresberichten \u00fcber seine T\u00e4tigkeit und \u00fcber aktuelle Entwicklungen in der Schweizer Weiterbildung.","breadcrumb":{"@id":"https:\/\/alice.ch\/de\/sveb\/ueber-den-sveb\/jahresberichte-und-dv-protokolle\/#breadcrumb"},"inLanguage":"de","potentialAction":[{"@type":"ReadAction","target":["https:\/\/alice.ch\/de\/sveb\/ueber-den-sveb\/jahresberichte-und-dv-protokolle\/"]}]},{"@type":"ImageObject","inLanguage":"de","@id":"https:\/\/alice.ch\/de\/sveb\/ueber-den-sveb\/jahresberichte-und-dv-protokolle\/#primaryimage","url":"https:\/\/alice.ch\/app\/uploads\/2022\/11\/default.jpg","contentUrl":"https:\/\/alice.ch\/app\/uploads\/2022\/11\/default.jpg","width":1600,"height":900},{"@type":"BreadcrumbList","@id":"https:\/\/alice.ch\/de\/sveb\/ueber-den-sveb\/jahresberichte-und-dv-protokolle\/#breadcrumb","itemListElement":[{"@type":"ListItem","position":1,"name":"Startseite","item":"https:\/\/alice.ch\/de\/"},{"@type":"ListItem","position":2,"name":"SVEB","item":"https:\/\/alice.ch\/de\/sveb\/"},{"@type":"ListItem","position":3,"name":"\u00dcber den SVEB","item":"https:\/\/alice.ch\/de\/sveb\/ueber-den-sveb\/"},{"@type":"ListItem","position":4,"name":"Jahresberichte"}]},{"@type":"WebSite","@id":"https:\/\/alice.ch\/de\/#website","url":"https:\/\/alice.ch\/de\/","name":"alice.ch (Adult Learning Information Center) ist das Portal der Weiterbildung in der Schweiz.","description":"Schweizerischer Verband f\u00fcr Weiterbildung","publisher":{"@id":"https:\/\/alice.ch\/de\/#organization"},"potentialAction":[{"@type":"SearchAction","target":{"@type":"EntryPoint","urlTemplate":"https:\/\/alice.ch\/de\/?s={search_term_string}"},"query-input":{"@type":"PropertyValueSpecification","valueRequired":true,"valueName":"search_term_string"}}],"inLanguage":"de"},{"@type":"Organization","@id":"https:\/\/alice.ch\/de\/#organization","name":"SVEB Schweizerischer Verband f\u00fcr Weiterbildung","url":"https:\/\/alice.ch\/de\/","logo":{"@type":"ImageObject","inLanguage":"de","@id":"https:\/\/alice.ch\/de\/#\/schema\/logo\/image\/","url":"https:\/\/alice.ch\/app\/uploads\/2022\/07\/logo-sveb.png","contentUrl":"https:\/\/alice.ch\/app\/uploads\/2022\/07\/logo-sveb.png","width":145,"height":64,"caption":"SVEB Schweizerischer Verband f\u00fcr Weiterbildung"},"image":{"@id":"https:\/\/alice.ch\/de\/#\/schema\/logo\/image\/"},"sameAs":["https:\/\/www.linkedin.com\/company\/schweizerischer-verband-fr-weiterbildung-sveb\/"]}]}},"_links":{"self":[{"href":"https:\/\/alice.ch\/de\/wp-json\/wp\/v2\/pages\/1897","targetHints":{"allow":["GET"]}}],"collection":[{"href":"https:\/\/alice.ch\/de\/wp-json\/wp\/v2\/pages"}],"about":[{"href":"https:\/\/alice.ch\/de\/wp-json\/wp\/v2\/types\/page"}],"author":[{"embeddable":true,"href":"https:\/\/alice.ch\/de\/wp-json\/wp\/v2\/users\/4"}],"replies":[{"embeddable":true,"href":"https:\/\/alice.ch\/de\/wp-json\/wp\/v2\/comments?post=1897"}],"version-history":[{"count":35,"href":"https:\/\/alice.ch\/de\/wp-json\/wp\/v2\/pages\/1897\/revisions"}],"predecessor-version":[{"id":74918,"href":"https:\/\/alice.ch\/de\/wp-json\/wp\/v2\/pages\/1897\/revisions\/74918"}],"up":[{"embeddable":true,"href":"https:\/\/alice.ch\/de\/wp-json\/wp\/v2\/pages\/385"}],"wp:featuredmedia":[{"embeddable":true,"href":"https:\/\/alice.ch\/de\/wp-json\/wp\/v2\/media\/20799"}],"wp:attachment":[{"href":"https:\/\/alice.ch\/de\/wp-json\/wp\/v2\/media?parent=1897"}],"curies":[{"name":"wp","href":"https:\/\/api.w.org\/{rel}","templated":true}]}}