{"id":2243,"date":"2022-10-03T10:12:41","date_gmt":"2022-10-03T08:12:41","guid":{"rendered":"https:\/\/projects.atxeit.ch\/sveb\/?page_id=2243"},"modified":"2022-11-09T16:07:51","modified_gmt":"2022-11-09T15:07:51","slug":"akkreditierung-von-business-und-management-schulen","status":"publish","type":"page","link":"https:\/\/alice.ch\/de\/qualitaet\/qualitaet-in-der-weiterbildung\/qualitaetslabels\/akkreditierung-von-business-und-management-schulen\/","title":{"rendered":"Akkreditierung von Business- und Management-Schulen"},"content":{"rendered":"\n<div class=\"wp-block-group is-style-reduced-width is-layout-flow wp-block-group-is-layout-flow\">\n<h1 class=\"wp-block-heading\">Internationale Akkreditierung und Zertifizierung von Business- und Management-Schulen<\/h1>\n\n\n\n<p class=\"is-style-lead\">International bestehen diverse Systeme zur Akkreditierung bzw. Zertifizierung von Business- und Management-Schulen bzw. deren Lehrg\u00e4ngen. Einige wichtige Zertifikate werden hier vorgestellt (ohne Vollst\u00e4ndigkeit).<\/p>\n\n\n\n<h2 class=\"wp-block-heading\"><a href=\"https:\/\/www.associationofmbas.com\/\" target=\"_blank\" rel=\"noreferrer noopener\">AMBA<\/a>&nbsp;(Association of MBAs)<\/h2>\n\n\n\n<p>Britisches Qualit\u00e4tssiegel zur Akkreditierung von Business Schools anhand von Qualit\u00e4tsstandards. AMBA fokussiert auf Wirtschaftsausbildung, spezifisch auf MBA-Studieng\u00e4nge und ihre Zielgruppen.<\/p>\n\n\n\n<p>In der Schweiz weisen verschiedene Hochschulen und internationale Bildungsinstitutionen eine AMBA-Akkreditierung auf.&nbsp;<\/p>\n\n\n\n<h2 class=\"wp-block-heading\"><a href=\"https:\/\/www.aacsb.edu\/\" target=\"_blank\" rel=\"noreferrer noopener\">AACSB<\/a>&nbsp;(Association to Advance Collegiate Schools of Business)<\/h2>\n\n\n\n<p>Amerikanisches Qualit\u00e4tssiegel zur Akkreditierung von Business School anhand von Qualit\u00e4tsstandards. AACSB ist auf die Qualit\u00e4tssicherung- und -entwicklung von (Betriebs-) Wirtschaftsausbildungen ausgerichtet.<\/p>\n\n\n\n<p>Einige Hochschulen sowie internationale Bildungsinstitutionen sind in der Schweiz mit AACSB akkreditiert.<\/p>\n\n\n\n<h2 class=\"wp-block-heading\"><a href=\"https:\/\/www.efmdglobal.org\/accreditations\/business-schools\/equis\/\" target=\"_blank\" rel=\"noreferrer noopener\">EQUIS<\/a>&nbsp;(European Quality Improvement System<strong>)<\/strong><\/h2>\n\n\n\n<p>Europ\u00e4isches Qualit\u00e4tssiegel f\u00fcr Business Schools, das auf Qualit\u00e4tsverbesserung und die Information der Anspruchsgruppen wie Rankings setzt. In der Schweiz sind rund 15 Business Schools Mitglied bei EQUIS.<\/p>\n\n\n\n<h2 class=\"wp-block-heading\"><a href=\"https:\/\/www.fibaa.org\/\" target=\"_blank\" rel=\"noreferrer noopener\">FIBAA<\/a>&nbsp;(Foundation for International Business Administration Accreditation)<\/h2>\n\n\n\n<p>Die FIBAA ist ein Deutsches Qualit\u00e4tssiegel f\u00fcr Hochschulen, Studienprogramme und Weiterbildungskurse. Die FIBAA hat ihr Hauptarbeitsfeld in der Begutachtung wirtschaftswissenschaftlich, rechtswissenschaftlich und sozialwissenschaftlich orientierter Studieng\u00e4nge.<\/p>\n\n\n\n<p>Verschiedene Studieng\u00e4nge und Programme mit wirtschaftlicher Ausrichtung sind in der Schweiz durch FIBAA akkreditiert.<\/p>\n\n\n\n<p>Weitere Qualit\u00e4tssiegel sind die Vereinigungen&nbsp;<a href=\"https:\/\/acbsp.org\/\" target=\"_blank\" rel=\"noreferrer noopener\"><strong>ACBSP<\/strong><\/a>&nbsp;(Accreditation Council for Business Schools and Programs) und&nbsp;<a href=\"https:\/\/iacbe.org\/\" target=\"_blank\" rel=\"noreferrer noopener\"><strong>IACBE<\/strong><\/a>&nbsp;(International Accreditation Council for Business Education), die auf die Akkreditierung von Business Schools und Programmen spezialisiert sind.<\/p>\n\n\n\n<p>(Quellen: Websites der internationalen Akkreditierungsinstitutionen)<\/p>\n\n\n\n<h2 class=\"wp-block-heading\">Kontakt<\/h2>\n\n\n\n<div class=\"wp-block-columns is-layout-flex wp-container-core-columns-is-layout-28f84493 wp-block-columns-is-layout-flex\">\n<div class=\"wp-block-column is-layout-flow wp-block-column-is-layout-flow\" style=\"flex-basis:50%\"><div class=\"contact-persons\">\n\n\t\t\t\t\t<div class=\"contact-person\">\n\t\t\t\t\tGesch\u00e4ftsstelle eduQua<br \/>\t\t\t\t\t\t\t\t\t\t<br \/>\n\t\t\t\t\tHardstrasse 235<br \/>\r\n8005 Z\u00fcrich<br \/>\t\t\t\t\t<a href=\"tel:+41 (0)44 319 71 64\">+41 (0)44 319 71 64<\/a><br \/>\t\t\t\t\t<a href=\"mailto:eduqua@alice.ch\">eduqua@alice.ch<\/a><br \/>\t\t\t\t\t<\/div>\n\t\t\t\t\t<\/div>\n<\/div>\n\n\n\n<div class=\"wp-block-column is-layout-flow wp-block-column-is-layout-flow\" style=\"flex-basis:50%\"><\/div>\n<\/div>\n<\/div>\n","protected":false},"excerpt":{"rendered":"<p>Internationale Akkreditierung und Zertifizierung von Business- und Management-Schulen International bestehen diverse Systeme zur Akkreditierung bzw. Zertifizierung von Business- und Management-Schulen [&hellip;]<\/p>\n","protected":false},"author":4,"featured_media":20799,"parent":603,"menu_order":299,"comment_status":"closed","ping_status":"closed","template":"","meta":{"_acf_changed":false,"inline_featured_image":false,"footnotes":""},"class_list":["post-2243","page","type-page","status-publish","has-post-thumbnail","hentry"],"acf":[],"yoast_head":"<!-- This site is optimized with the Yoast SEO plugin v27.3 - https:\/\/yoast.com\/product\/yoast-seo-wordpress\/ -->\n<title>Akkreditierung von Business- und Management-Schulen - SVEB<\/title>\n<meta name=\"robots\" content=\"index, follow, max-snippet:-1, max-image-preview:large, max-video-preview:-1\" \/>\n<link rel=\"canonical\" href=\"https:\/\/alice.ch\/de\/qualitaet\/qualitaet-in-der-weiterbildung\/qualitaetslabels\/akkreditierung-von-business-und-management-schulen\/\" \/>\n<meta property=\"og:locale\" content=\"de_DE\" \/>\n<meta property=\"og:type\" content=\"article\" \/>\n<meta property=\"og:title\" content=\"Akkreditierung von Business- und Management-Schulen - SVEB\" \/>\n<meta property=\"og:description\" content=\"Internationale Akkreditierung und Zertifizierung von Business- und Management-Schulen International bestehen diverse Systeme zur Akkreditierung bzw. Zertifizierung von Business- und Management-Schulen [&hellip;]\" \/>\n<meta property=\"og:url\" content=\"https:\/\/alice.ch\/de\/qualitaet\/qualitaet-in-der-weiterbildung\/qualitaetslabels\/akkreditierung-von-business-und-management-schulen\/\" \/>\n<meta property=\"og:site_name\" content=\"SVEB\" \/>\n<meta property=\"article:modified_time\" content=\"2022-11-09T15:07:51+00:00\" \/>\n<meta name=\"twitter:card\" content=\"summary_large_image\" \/>\n<meta name=\"twitter:label1\" content=\"Gesch\u00e4tzte Lesezeit\" \/>\n\t<meta name=\"twitter:data1\" content=\"2\u00a0Minuten\" \/>\n<script type=\"application\/ld+json\" class=\"yoast-schema-graph\">{\"@context\":\"https:\\\/\\\/schema.org\",\"@graph\":[{\"@type\":\"WebPage\",\"@id\":\"https:\\\/\\\/alice.ch\\\/de\\\/qualitaet\\\/qualitaet-in-der-weiterbildung\\\/qualitaetslabels\\\/akkreditierung-von-business-und-management-schulen\\\/\",\"url\":\"https:\\\/\\\/alice.ch\\\/de\\\/qualitaet\\\/qualitaet-in-der-weiterbildung\\\/qualitaetslabels\\\/akkreditierung-von-business-und-management-schulen\\\/\",\"name\":\"Akkreditierung von Business- und Management-Schulen - SVEB\",\"isPartOf\":{\"@id\":\"https:\\\/\\\/alice.ch\\\/de\\\/#website\"},\"primaryImageOfPage\":{\"@id\":\"https:\\\/\\\/alice.ch\\\/de\\\/qualitaet\\\/qualitaet-in-der-weiterbildung\\\/qualitaetslabels\\\/akkreditierung-von-business-und-management-schulen\\\/#primaryimage\"},\"image\":{\"@id\":\"https:\\\/\\\/alice.ch\\\/de\\\/qualitaet\\\/qualitaet-in-der-weiterbildung\\\/qualitaetslabels\\\/akkreditierung-von-business-und-management-schulen\\\/#primaryimage\"},\"thumbnailUrl\":\"https:\\\/\\\/alice.ch\\\/app\\\/uploads\\\/2022\\\/11\\\/default.jpg\",\"datePublished\":\"2022-10-03T08:12:41+00:00\",\"dateModified\":\"2022-11-09T15:07:51+00:00\",\"breadcrumb\":{\"@id\":\"https:\\\/\\\/alice.ch\\\/de\\\/qualitaet\\\/qualitaet-in-der-weiterbildung\\\/qualitaetslabels\\\/akkreditierung-von-business-und-management-schulen\\\/#breadcrumb\"},\"inLanguage\":\"de\",\"potentialAction\":[{\"@type\":\"ReadAction\",\"target\":[\"https:\\\/\\\/alice.ch\\\/de\\\/qualitaet\\\/qualitaet-in-der-weiterbildung\\\/qualitaetslabels\\\/akkreditierung-von-business-und-management-schulen\\\/\"]}]},{\"@type\":\"ImageObject\",\"inLanguage\":\"de\",\"@id\":\"https:\\\/\\\/alice.ch\\\/de\\\/qualitaet\\\/qualitaet-in-der-weiterbildung\\\/qualitaetslabels\\\/akkreditierung-von-business-und-management-schulen\\\/#primaryimage\",\"url\":\"https:\\\/\\\/alice.ch\\\/app\\\/uploads\\\/2022\\\/11\\\/default.jpg\",\"contentUrl\":\"https:\\\/\\\/alice.ch\\\/app\\\/uploads\\\/2022\\\/11\\\/default.jpg\",\"width\":1600,\"height\":900},{\"@type\":\"BreadcrumbList\",\"@id\":\"https:\\\/\\\/alice.ch\\\/de\\\/qualitaet\\\/qualitaet-in-der-weiterbildung\\\/qualitaetslabels\\\/akkreditierung-von-business-und-management-schulen\\\/#breadcrumb\",\"itemListElement\":[{\"@type\":\"ListItem\",\"position\":1,\"name\":\"Startseite\",\"item\":\"https:\\\/\\\/alice.ch\\\/de\\\/\"},{\"@type\":\"ListItem\",\"position\":2,\"name\":\"Qualit\u00e4t\",\"item\":\"https:\\\/\\\/alice.ch\\\/de\\\/qualitaet\\\/\"},{\"@type\":\"ListItem\",\"position\":3,\"name\":\"Qualit\u00e4t in der Weiterbildung\",\"item\":\"https:\\\/\\\/alice.ch\\\/de\\\/qualitaet\\\/qualitaet-in-der-weiterbildung\\\/\"},{\"@type\":\"ListItem\",\"position\":4,\"name\":\"Qualit\u00e4tslabels in der Weiterbildung\",\"item\":\"https:\\\/\\\/alice.ch\\\/de\\\/qualitaet\\\/qualitaet-in-der-weiterbildung\\\/qualitaetslabels\\\/\"},{\"@type\":\"ListItem\",\"position\":5,\"name\":\"Akkreditierung von Business- und Management-Schulen\"}]},{\"@type\":\"WebSite\",\"@id\":\"https:\\\/\\\/alice.ch\\\/de\\\/#website\",\"url\":\"https:\\\/\\\/alice.ch\\\/de\\\/\",\"name\":\"alice.ch (Adult Learning Information Center) ist das Portal der Weiterbildung in der Schweiz.\",\"description\":\"Schweizerischer Verband f\u00fcr Weiterbildung\",\"publisher\":{\"@id\":\"https:\\\/\\\/alice.ch\\\/de\\\/#organization\"},\"potentialAction\":[{\"@type\":\"SearchAction\",\"target\":{\"@type\":\"EntryPoint\",\"urlTemplate\":\"https:\\\/\\\/alice.ch\\\/de\\\/?s={search_term_string}\"},\"query-input\":{\"@type\":\"PropertyValueSpecification\",\"valueRequired\":true,\"valueName\":\"search_term_string\"}}],\"inLanguage\":\"de\"},{\"@type\":\"Organization\",\"@id\":\"https:\\\/\\\/alice.ch\\\/de\\\/#organization\",\"name\":\"SVEB Schweizerischer Verband f\u00fcr Weiterbildung\",\"url\":\"https:\\\/\\\/alice.ch\\\/de\\\/\",\"logo\":{\"@type\":\"ImageObject\",\"inLanguage\":\"de\",\"@id\":\"https:\\\/\\\/alice.ch\\\/de\\\/#\\\/schema\\\/logo\\\/image\\\/\",\"url\":\"https:\\\/\\\/alice.ch\\\/app\\\/uploads\\\/2022\\\/07\\\/logo-sveb.png\",\"contentUrl\":\"https:\\\/\\\/alice.ch\\\/app\\\/uploads\\\/2022\\\/07\\\/logo-sveb.png\",\"width\":145,\"height\":64,\"caption\":\"SVEB Schweizerischer Verband f\u00fcr Weiterbildung\"},\"image\":{\"@id\":\"https:\\\/\\\/alice.ch\\\/de\\\/#\\\/schema\\\/logo\\\/image\\\/\"},\"sameAs\":[\"https:\\\/\\\/www.linkedin.com\\\/company\\\/schweizerischer-verband-fr-weiterbildung-sveb\\\/\"]}]}<\/script>\n<!-- \/ Yoast SEO plugin. -->","yoast_head_json":{"title":"Akkreditierung von Business- und Management-Schulen - SVEB","robots":{"index":"index","follow":"follow","max-snippet":"max-snippet:-1","max-image-preview":"max-image-preview:large","max-video-preview":"max-video-preview:-1"},"canonical":"https:\/\/alice.ch\/de\/qualitaet\/qualitaet-in-der-weiterbildung\/qualitaetslabels\/akkreditierung-von-business-und-management-schulen\/","og_locale":"de_DE","og_type":"article","og_title":"Akkreditierung von Business- und Management-Schulen - SVEB","og_description":"Internationale Akkreditierung und Zertifizierung von Business- und Management-Schulen International bestehen diverse Systeme zur Akkreditierung bzw. Zertifizierung von Business- und Management-Schulen [&hellip;]","og_url":"https:\/\/alice.ch\/de\/qualitaet\/qualitaet-in-der-weiterbildung\/qualitaetslabels\/akkreditierung-von-business-und-management-schulen\/","og_site_name":"SVEB","article_modified_time":"2022-11-09T15:07:51+00:00","twitter_card":"summary_large_image","twitter_misc":{"Gesch\u00e4tzte Lesezeit":"2\u00a0Minuten"},"schema":{"@context":"https:\/\/schema.org","@graph":[{"@type":"WebPage","@id":"https:\/\/alice.ch\/de\/qualitaet\/qualitaet-in-der-weiterbildung\/qualitaetslabels\/akkreditierung-von-business-und-management-schulen\/","url":"https:\/\/alice.ch\/de\/qualitaet\/qualitaet-in-der-weiterbildung\/qualitaetslabels\/akkreditierung-von-business-und-management-schulen\/","name":"Akkreditierung von Business- und Management-Schulen - SVEB","isPartOf":{"@id":"https:\/\/alice.ch\/de\/#website"},"primaryImageOfPage":{"@id":"https:\/\/alice.ch\/de\/qualitaet\/qualitaet-in-der-weiterbildung\/qualitaetslabels\/akkreditierung-von-business-und-management-schulen\/#primaryimage"},"image":{"@id":"https:\/\/alice.ch\/de\/qualitaet\/qualitaet-in-der-weiterbildung\/qualitaetslabels\/akkreditierung-von-business-und-management-schulen\/#primaryimage"},"thumbnailUrl":"https:\/\/alice.ch\/app\/uploads\/2022\/11\/default.jpg","datePublished":"2022-10-03T08:12:41+00:00","dateModified":"2022-11-09T15:07:51+00:00","breadcrumb":{"@id":"https:\/\/alice.ch\/de\/qualitaet\/qualitaet-in-der-weiterbildung\/qualitaetslabels\/akkreditierung-von-business-und-management-schulen\/#breadcrumb"},"inLanguage":"de","potentialAction":[{"@type":"ReadAction","target":["https:\/\/alice.ch\/de\/qualitaet\/qualitaet-in-der-weiterbildung\/qualitaetslabels\/akkreditierung-von-business-und-management-schulen\/"]}]},{"@type":"ImageObject","inLanguage":"de","@id":"https:\/\/alice.ch\/de\/qualitaet\/qualitaet-in-der-weiterbildung\/qualitaetslabels\/akkreditierung-von-business-und-management-schulen\/#primaryimage","url":"https:\/\/alice.ch\/app\/uploads\/2022\/11\/default.jpg","contentUrl":"https:\/\/alice.ch\/app\/uploads\/2022\/11\/default.jpg","width":1600,"height":900},{"@type":"BreadcrumbList","@id":"https:\/\/alice.ch\/de\/qualitaet\/qualitaet-in-der-weiterbildung\/qualitaetslabels\/akkreditierung-von-business-und-management-schulen\/#breadcrumb","itemListElement":[{"@type":"ListItem","position":1,"name":"Startseite","item":"https:\/\/alice.ch\/de\/"},{"@type":"ListItem","position":2,"name":"Qualit\u00e4t","item":"https:\/\/alice.ch\/de\/qualitaet\/"},{"@type":"ListItem","position":3,"name":"Qualit\u00e4t in der Weiterbildung","item":"https:\/\/alice.ch\/de\/qualitaet\/qualitaet-in-der-weiterbildung\/"},{"@type":"ListItem","position":4,"name":"Qualit\u00e4tslabels in der Weiterbildung","item":"https:\/\/alice.ch\/de\/qualitaet\/qualitaet-in-der-weiterbildung\/qualitaetslabels\/"},{"@type":"ListItem","position":5,"name":"Akkreditierung von Business- und Management-Schulen"}]},{"@type":"WebSite","@id":"https:\/\/alice.ch\/de\/#website","url":"https:\/\/alice.ch\/de\/","name":"alice.ch (Adult Learning Information Center) ist das Portal der Weiterbildung in der Schweiz.","description":"Schweizerischer Verband f\u00fcr Weiterbildung","publisher":{"@id":"https:\/\/alice.ch\/de\/#organization"},"potentialAction":[{"@type":"SearchAction","target":{"@type":"EntryPoint","urlTemplate":"https:\/\/alice.ch\/de\/?s={search_term_string}"},"query-input":{"@type":"PropertyValueSpecification","valueRequired":true,"valueName":"search_term_string"}}],"inLanguage":"de"},{"@type":"Organization","@id":"https:\/\/alice.ch\/de\/#organization","name":"SVEB Schweizerischer Verband f\u00fcr Weiterbildung","url":"https:\/\/alice.ch\/de\/","logo":{"@type":"ImageObject","inLanguage":"de","@id":"https:\/\/alice.ch\/de\/#\/schema\/logo\/image\/","url":"https:\/\/alice.ch\/app\/uploads\/2022\/07\/logo-sveb.png","contentUrl":"https:\/\/alice.ch\/app\/uploads\/2022\/07\/logo-sveb.png","width":145,"height":64,"caption":"SVEB Schweizerischer Verband f\u00fcr Weiterbildung"},"image":{"@id":"https:\/\/alice.ch\/de\/#\/schema\/logo\/image\/"},"sameAs":["https:\/\/www.linkedin.com\/company\/schweizerischer-verband-fr-weiterbildung-sveb\/"]}]}},"_links":{"self":[{"href":"https:\/\/alice.ch\/de\/wp-json\/wp\/v2\/pages\/2243","targetHints":{"allow":["GET"]}}],"collection":[{"href":"https:\/\/alice.ch\/de\/wp-json\/wp\/v2\/pages"}],"about":[{"href":"https:\/\/alice.ch\/de\/wp-json\/wp\/v2\/types\/page"}],"author":[{"embeddable":true,"href":"https:\/\/alice.ch\/de\/wp-json\/wp\/v2\/users\/4"}],"replies":[{"embeddable":true,"href":"https:\/\/alice.ch\/de\/wp-json\/wp\/v2\/comments?post=2243"}],"version-history":[{"count":8,"href":"https:\/\/alice.ch\/de\/wp-json\/wp\/v2\/pages\/2243\/revisions"}],"predecessor-version":[{"id":8809,"href":"https:\/\/alice.ch\/de\/wp-json\/wp\/v2\/pages\/2243\/revisions\/8809"}],"up":[{"embeddable":true,"href":"https:\/\/alice.ch\/de\/wp-json\/wp\/v2\/pages\/603"}],"wp:featuredmedia":[{"embeddable":true,"href":"https:\/\/alice.ch\/de\/wp-json\/wp\/v2\/media\/20799"}],"wp:attachment":[{"href":"https:\/\/alice.ch\/de\/wp-json\/wp\/v2\/media?parent=2243"}],"curies":[{"name":"wp","href":"https:\/\/api.w.org\/{rel}","templated":true}]}}