{"id":2246,"date":"2022-10-03T10:16:36","date_gmt":"2022-10-03T08:16:36","guid":{"rendered":"https:\/\/projects.atxeit.ch\/sveb\/?page_id=2246"},"modified":"2022-12-08T08:14:25","modified_gmt":"2022-12-08T07:14:25","slug":"internationale-qualitaetslabels-fuer-sprachschulen","status":"publish","type":"page","link":"https:\/\/alice.ch\/de\/qualitaet\/qualitaet-in-der-weiterbildung\/qualitaetslabels\/internationale-qualitaetslabels-fuer-sprachschulen\/","title":{"rendered":"Internationale Qualit\u00e4tslabels f\u00fcr Sprachschulen"},"content":{"rendered":"\n<div class=\"wp-block-group is-style-reduced-width is-layout-flow wp-block-group-is-layout-flow\">\n<h1 class=\"wp-block-heading\">Internationale Qualit\u00e4tslabels f\u00fcr Sprachschulen<\/h1>\n\n\n\n<p class=\"is-style-lead\">F\u00fcr Sprachschulen gibt es eine Reihe von internationalen und sprachregionalen Qualit\u00e4tszertifikaten sowie Branchenvereinigungen mit gemeinsamen Qualit\u00e4tsstandards. Die folgende Auswahl ist nicht abschliessend.<\/p>\n\n\n\n<p><a href=\"https:\/\/ihworld.com\/about\/quality-and-inspections\/\" target=\"_blank\" rel=\"noreferrer noopener\"><strong>IH International House World Organisation<\/strong><\/a>&nbsp;ist eine internationale Organisation, die rund 160 unabh\u00e4ngige Sprachschulen in \u00fcber 50 L\u00e4ndern verbindet. Die Qualit\u00e4tsstandards der Schulen bez\u00fcglich Unterricht, Aus- und Weiterbildung der Angestellten, R\u00e4umlichkeiten und internem Qualit\u00e4tsmanagement werden durch externe Inspektoren regelm\u00e4ssig \u00fcberpr\u00fcft.<\/p>\n\n\n\n<p><a href=\"https:\/\/www.eaquals.org\/\" target=\"_blank\" rel=\"noreferrer noopener\"><strong>EAQUALS Excellence in Language Education<\/strong><\/a>&nbsp;ist die europ\u00e4ische Organisation, die Sprachschulen \u00fcberpr\u00fcft und die Qualit\u00e4t in Bezug auf Studierende, Angestellte und Stakeholder f\u00f6rdert. Die Sprachschulen k\u00f6nnen sich in einem mehrstufigen Verfahren akkreditieren lassen. Equals arbeitet mit dem Europarat zusammen und ber\u00e4t ihn, um das Sprachangebot f\u00fcr erwachsene Migrantinnen und Migranten zu verbessern.<\/p>\n\n\n\n<p><a href=\"https:\/\/www.ialc.org\/about-us\/ialc-quality-standards\/\" target=\"_blank\" rel=\"noreferrer noopener\"><strong>IALC International Association of Language Centres<\/strong><\/a>&nbsp;ist eine Vereinigung von rund 140 unabh\u00e4ngigen Sprachschulen, die sich auf das Unterrichten der Landessprache(n) konzentrieren. F\u00fcr die Akkreditierung m\u00fcssen die Schulen von der Vereinigung festgelegte Qualit\u00e4tsstandards in Bezug auf Gr\u00f6sse, Unterricht und Unterbringung erf\u00fcllen.<\/p>\n\n\n\n<p><a href=\"https:\/\/icc-languages.eu\/about-us\/\" target=\"_blank\" rel=\"noreferrer noopener\"><strong>ICC The International Certificate Conference \u2013 The International Language Association<\/strong><\/a>&nbsp;e.V. f\u00f6rdert die Qualit\u00e4t des Fremdsprachenunterrichts, in dem sie die Qualit\u00e4t der Kurse sicherstellt, sowie Richtlinien und Kriterien f\u00fcr die Bewertung von Schulen und Kursen anbietet.<\/p>\n\n\n\n<p>Der&nbsp;<a href=\"https:\/\/www.britishcouncil.org\/school-resources\/accreditation\" target=\"_blank\" rel=\"noreferrer noopener\"><strong>British Council<\/strong><\/a>&nbsp;f\u00f6rdert als wohlt\u00e4tige Institution die Verst\u00e4ndigung von Menschen in Grossbritannien und anderen L\u00e4ndern durch Kunst und Kultur, Bildung und Sprache. Der British Council anerkennt Schulen oder zeichnet sie f\u00fcr besondere Leistungen aus.<\/p>\n\n\n\n<p>Das Qualit\u00e4tslabel&nbsp;<a href=\"https:\/\/www.fle.fr\/Le-label-qualite-FLE\" target=\"_blank\" rel=\"noreferrer noopener\"><strong>FLE Fran\u00e7ais Langue \u00c9trang\u00e8re<\/strong><\/a>&nbsp;wird durch drei franz\u00f6sische Ministerien an Sprachschulen verliehen. Dabei werden Empfang, R\u00e4umlichkeiten, Leitung, Lehrkr\u00e4fte und Kursprogramme \u00fcberpr\u00fcft.<\/p>\n\n\n\n<p><strong><a href=\"https:\/\/www.asils.it\/en\/italian-language-schools-association\/\" target=\"_blank\" rel=\"noreferrer noopener\">A.S.I.L.S. Association of Schools of Italian as a Second Language<\/a><\/strong>\u00a0vereinigt eine grosse Anzahl italienischer Sprachschulen in Italien und in anderen L\u00e4ndern, welche regelm\u00e4ssig durch unabh\u00e4ngige Zertifizierungsstellen \u00fcberpr\u00fcft werden.<\/p>\n\n\n\n<p>Quellen: Websites der internationalen Qualit\u00e4tszertifikate und -organisationen<\/p>\n\n\n\n<h2 class=\"wp-block-heading\">Kontakt<\/h2>\n\n\n\n<div class=\"wp-block-columns is-layout-flex wp-container-core-columns-is-layout-28f84493 wp-block-columns-is-layout-flex\">\n<div class=\"wp-block-column is-layout-flow wp-block-column-is-layout-flow\" style=\"flex-basis:50%\"><div class=\"contact-persons\">\n\n\t\t\t\t\t<div class=\"contact-person\">\n\t\t\t\t\tGesch\u00e4ftsstelle eduQua<br \/>\t\t\t\t\t\t\t\t\t\t<br \/>\n\t\t\t\t\tHardstrasse 235<br \/>\r\n8005 Z\u00fcrich<br \/>\t\t\t\t\t<a href=\"tel:+41 (0)44 319 71 64\">+41 (0)44 319 71 64<\/a><br \/>\t\t\t\t\t<a href=\"mailto:eduqua@alice.ch\">eduqua@alice.ch<\/a><br \/>\t\t\t\t\t<\/div>\n\t\t\t\t\t<\/div>\n<\/div>\n\n\n\n<div class=\"wp-block-column is-layout-flow wp-block-column-is-layout-flow\" style=\"flex-basis:50%\"><\/div>\n<\/div>\n<\/div>\n","protected":false},"excerpt":{"rendered":"<p>Internationale Qualit\u00e4tslabels f\u00fcr Sprachschulen F\u00fcr Sprachschulen gibt es eine Reihe von internationalen und sprachregionalen Qualit\u00e4tszertifikaten sowie Branchenvereinigungen mit gemeinsamen Qualit\u00e4tsstandards. [&hellip;]<\/p>\n","protected":false},"author":4,"featured_media":20799,"parent":603,"menu_order":301,"comment_status":"closed","ping_status":"closed","template":"","meta":{"_acf_changed":false,"inline_featured_image":false,"footnotes":""},"class_list":["post-2246","page","type-page","status-publish","has-post-thumbnail","hentry"],"acf":[],"yoast_head":"<!-- This site is optimized with the Yoast SEO plugin v27.3 - https:\/\/yoast.com\/product\/yoast-seo-wordpress\/ -->\n<title>Internationale Qualit\u00e4tslabels f\u00fcr Sprachschulen - SVEB<\/title>\n<meta name=\"robots\" content=\"index, follow, max-snippet:-1, max-image-preview:large, max-video-preview:-1\" \/>\n<link rel=\"canonical\" href=\"https:\/\/alice.ch\/de\/qualitaet\/qualitaet-in-der-weiterbildung\/qualitaetslabels\/internationale-qualitaetslabels-fuer-sprachschulen\/\" \/>\n<meta property=\"og:locale\" content=\"de_DE\" \/>\n<meta property=\"og:type\" content=\"article\" \/>\n<meta property=\"og:title\" content=\"Internationale Qualit\u00e4tslabels f\u00fcr Sprachschulen - SVEB\" \/>\n<meta property=\"og:description\" content=\"Internationale Qualit\u00e4tslabels f\u00fcr Sprachschulen F\u00fcr Sprachschulen gibt es eine Reihe von internationalen und sprachregionalen Qualit\u00e4tszertifikaten sowie Branchenvereinigungen mit gemeinsamen Qualit\u00e4tsstandards. [&hellip;]\" \/>\n<meta property=\"og:url\" content=\"https:\/\/alice.ch\/de\/qualitaet\/qualitaet-in-der-weiterbildung\/qualitaetslabels\/internationale-qualitaetslabels-fuer-sprachschulen\/\" \/>\n<meta property=\"og:site_name\" content=\"SVEB\" \/>\n<meta property=\"article:modified_time\" content=\"2022-12-08T07:14:25+00:00\" \/>\n<meta name=\"twitter:card\" content=\"summary_large_image\" \/>\n<meta name=\"twitter:label1\" content=\"Gesch\u00e4tzte Lesezeit\" \/>\n\t<meta name=\"twitter:data1\" content=\"2\u00a0Minuten\" \/>\n<script type=\"application\/ld+json\" class=\"yoast-schema-graph\">{\"@context\":\"https:\\\/\\\/schema.org\",\"@graph\":[{\"@type\":\"WebPage\",\"@id\":\"https:\\\/\\\/alice.ch\\\/de\\\/qualitaet\\\/qualitaet-in-der-weiterbildung\\\/qualitaetslabels\\\/internationale-qualitaetslabels-fuer-sprachschulen\\\/\",\"url\":\"https:\\\/\\\/alice.ch\\\/de\\\/qualitaet\\\/qualitaet-in-der-weiterbildung\\\/qualitaetslabels\\\/internationale-qualitaetslabels-fuer-sprachschulen\\\/\",\"name\":\"Internationale Qualit\u00e4tslabels f\u00fcr Sprachschulen - SVEB\",\"isPartOf\":{\"@id\":\"https:\\\/\\\/alice.ch\\\/de\\\/#website\"},\"primaryImageOfPage\":{\"@id\":\"https:\\\/\\\/alice.ch\\\/de\\\/qualitaet\\\/qualitaet-in-der-weiterbildung\\\/qualitaetslabels\\\/internationale-qualitaetslabels-fuer-sprachschulen\\\/#primaryimage\"},\"image\":{\"@id\":\"https:\\\/\\\/alice.ch\\\/de\\\/qualitaet\\\/qualitaet-in-der-weiterbildung\\\/qualitaetslabels\\\/internationale-qualitaetslabels-fuer-sprachschulen\\\/#primaryimage\"},\"thumbnailUrl\":\"https:\\\/\\\/alice.ch\\\/app\\\/uploads\\\/2022\\\/11\\\/default.jpg\",\"datePublished\":\"2022-10-03T08:16:36+00:00\",\"dateModified\":\"2022-12-08T07:14:25+00:00\",\"breadcrumb\":{\"@id\":\"https:\\\/\\\/alice.ch\\\/de\\\/qualitaet\\\/qualitaet-in-der-weiterbildung\\\/qualitaetslabels\\\/internationale-qualitaetslabels-fuer-sprachschulen\\\/#breadcrumb\"},\"inLanguage\":\"de\",\"potentialAction\":[{\"@type\":\"ReadAction\",\"target\":[\"https:\\\/\\\/alice.ch\\\/de\\\/qualitaet\\\/qualitaet-in-der-weiterbildung\\\/qualitaetslabels\\\/internationale-qualitaetslabels-fuer-sprachschulen\\\/\"]}]},{\"@type\":\"ImageObject\",\"inLanguage\":\"de\",\"@id\":\"https:\\\/\\\/alice.ch\\\/de\\\/qualitaet\\\/qualitaet-in-der-weiterbildung\\\/qualitaetslabels\\\/internationale-qualitaetslabels-fuer-sprachschulen\\\/#primaryimage\",\"url\":\"https:\\\/\\\/alice.ch\\\/app\\\/uploads\\\/2022\\\/11\\\/default.jpg\",\"contentUrl\":\"https:\\\/\\\/alice.ch\\\/app\\\/uploads\\\/2022\\\/11\\\/default.jpg\",\"width\":1600,\"height\":900},{\"@type\":\"BreadcrumbList\",\"@id\":\"https:\\\/\\\/alice.ch\\\/de\\\/qualitaet\\\/qualitaet-in-der-weiterbildung\\\/qualitaetslabels\\\/internationale-qualitaetslabels-fuer-sprachschulen\\\/#breadcrumb\",\"itemListElement\":[{\"@type\":\"ListItem\",\"position\":1,\"name\":\"Startseite\",\"item\":\"https:\\\/\\\/alice.ch\\\/de\\\/\"},{\"@type\":\"ListItem\",\"position\":2,\"name\":\"Qualit\u00e4t\",\"item\":\"https:\\\/\\\/alice.ch\\\/de\\\/qualitaet\\\/\"},{\"@type\":\"ListItem\",\"position\":3,\"name\":\"Qualit\u00e4t in der Weiterbildung\",\"item\":\"https:\\\/\\\/alice.ch\\\/de\\\/qualitaet\\\/qualitaet-in-der-weiterbildung\\\/\"},{\"@type\":\"ListItem\",\"position\":4,\"name\":\"Qualit\u00e4tslabels in der Weiterbildung\",\"item\":\"https:\\\/\\\/alice.ch\\\/de\\\/qualitaet\\\/qualitaet-in-der-weiterbildung\\\/qualitaetslabels\\\/\"},{\"@type\":\"ListItem\",\"position\":5,\"name\":\"Internationale Qualit\u00e4tslabels f\u00fcr Sprachschulen\"}]},{\"@type\":\"WebSite\",\"@id\":\"https:\\\/\\\/alice.ch\\\/de\\\/#website\",\"url\":\"https:\\\/\\\/alice.ch\\\/de\\\/\",\"name\":\"alice.ch (Adult Learning Information Center) ist das Portal der Weiterbildung in der Schweiz.\",\"description\":\"Schweizerischer Verband f\u00fcr Weiterbildung\",\"publisher\":{\"@id\":\"https:\\\/\\\/alice.ch\\\/de\\\/#organization\"},\"potentialAction\":[{\"@type\":\"SearchAction\",\"target\":{\"@type\":\"EntryPoint\",\"urlTemplate\":\"https:\\\/\\\/alice.ch\\\/de\\\/?s={search_term_string}\"},\"query-input\":{\"@type\":\"PropertyValueSpecification\",\"valueRequired\":true,\"valueName\":\"search_term_string\"}}],\"inLanguage\":\"de\"},{\"@type\":\"Organization\",\"@id\":\"https:\\\/\\\/alice.ch\\\/de\\\/#organization\",\"name\":\"SVEB Schweizerischer Verband f\u00fcr Weiterbildung\",\"url\":\"https:\\\/\\\/alice.ch\\\/de\\\/\",\"logo\":{\"@type\":\"ImageObject\",\"inLanguage\":\"de\",\"@id\":\"https:\\\/\\\/alice.ch\\\/de\\\/#\\\/schema\\\/logo\\\/image\\\/\",\"url\":\"https:\\\/\\\/alice.ch\\\/app\\\/uploads\\\/2022\\\/07\\\/logo-sveb.png\",\"contentUrl\":\"https:\\\/\\\/alice.ch\\\/app\\\/uploads\\\/2022\\\/07\\\/logo-sveb.png\",\"width\":145,\"height\":64,\"caption\":\"SVEB Schweizerischer Verband f\u00fcr Weiterbildung\"},\"image\":{\"@id\":\"https:\\\/\\\/alice.ch\\\/de\\\/#\\\/schema\\\/logo\\\/image\\\/\"},\"sameAs\":[\"https:\\\/\\\/www.linkedin.com\\\/company\\\/schweizerischer-verband-fr-weiterbildung-sveb\\\/\"]}]}<\/script>\n<!-- \/ Yoast SEO plugin. -->","yoast_head_json":{"title":"Internationale Qualit\u00e4tslabels f\u00fcr Sprachschulen - SVEB","robots":{"index":"index","follow":"follow","max-snippet":"max-snippet:-1","max-image-preview":"max-image-preview:large","max-video-preview":"max-video-preview:-1"},"canonical":"https:\/\/alice.ch\/de\/qualitaet\/qualitaet-in-der-weiterbildung\/qualitaetslabels\/internationale-qualitaetslabels-fuer-sprachschulen\/","og_locale":"de_DE","og_type":"article","og_title":"Internationale Qualit\u00e4tslabels f\u00fcr Sprachschulen - SVEB","og_description":"Internationale Qualit\u00e4tslabels f\u00fcr Sprachschulen F\u00fcr Sprachschulen gibt es eine Reihe von internationalen und sprachregionalen Qualit\u00e4tszertifikaten sowie Branchenvereinigungen mit gemeinsamen Qualit\u00e4tsstandards. [&hellip;]","og_url":"https:\/\/alice.ch\/de\/qualitaet\/qualitaet-in-der-weiterbildung\/qualitaetslabels\/internationale-qualitaetslabels-fuer-sprachschulen\/","og_site_name":"SVEB","article_modified_time":"2022-12-08T07:14:25+00:00","twitter_card":"summary_large_image","twitter_misc":{"Gesch\u00e4tzte Lesezeit":"2\u00a0Minuten"},"schema":{"@context":"https:\/\/schema.org","@graph":[{"@type":"WebPage","@id":"https:\/\/alice.ch\/de\/qualitaet\/qualitaet-in-der-weiterbildung\/qualitaetslabels\/internationale-qualitaetslabels-fuer-sprachschulen\/","url":"https:\/\/alice.ch\/de\/qualitaet\/qualitaet-in-der-weiterbildung\/qualitaetslabels\/internationale-qualitaetslabels-fuer-sprachschulen\/","name":"Internationale Qualit\u00e4tslabels f\u00fcr Sprachschulen - SVEB","isPartOf":{"@id":"https:\/\/alice.ch\/de\/#website"},"primaryImageOfPage":{"@id":"https:\/\/alice.ch\/de\/qualitaet\/qualitaet-in-der-weiterbildung\/qualitaetslabels\/internationale-qualitaetslabels-fuer-sprachschulen\/#primaryimage"},"image":{"@id":"https:\/\/alice.ch\/de\/qualitaet\/qualitaet-in-der-weiterbildung\/qualitaetslabels\/internationale-qualitaetslabels-fuer-sprachschulen\/#primaryimage"},"thumbnailUrl":"https:\/\/alice.ch\/app\/uploads\/2022\/11\/default.jpg","datePublished":"2022-10-03T08:16:36+00:00","dateModified":"2022-12-08T07:14:25+00:00","breadcrumb":{"@id":"https:\/\/alice.ch\/de\/qualitaet\/qualitaet-in-der-weiterbildung\/qualitaetslabels\/internationale-qualitaetslabels-fuer-sprachschulen\/#breadcrumb"},"inLanguage":"de","potentialAction":[{"@type":"ReadAction","target":["https:\/\/alice.ch\/de\/qualitaet\/qualitaet-in-der-weiterbildung\/qualitaetslabels\/internationale-qualitaetslabels-fuer-sprachschulen\/"]}]},{"@type":"ImageObject","inLanguage":"de","@id":"https:\/\/alice.ch\/de\/qualitaet\/qualitaet-in-der-weiterbildung\/qualitaetslabels\/internationale-qualitaetslabels-fuer-sprachschulen\/#primaryimage","url":"https:\/\/alice.ch\/app\/uploads\/2022\/11\/default.jpg","contentUrl":"https:\/\/alice.ch\/app\/uploads\/2022\/11\/default.jpg","width":1600,"height":900},{"@type":"BreadcrumbList","@id":"https:\/\/alice.ch\/de\/qualitaet\/qualitaet-in-der-weiterbildung\/qualitaetslabels\/internationale-qualitaetslabels-fuer-sprachschulen\/#breadcrumb","itemListElement":[{"@type":"ListItem","position":1,"name":"Startseite","item":"https:\/\/alice.ch\/de\/"},{"@type":"ListItem","position":2,"name":"Qualit\u00e4t","item":"https:\/\/alice.ch\/de\/qualitaet\/"},{"@type":"ListItem","position":3,"name":"Qualit\u00e4t in der Weiterbildung","item":"https:\/\/alice.ch\/de\/qualitaet\/qualitaet-in-der-weiterbildung\/"},{"@type":"ListItem","position":4,"name":"Qualit\u00e4tslabels in der Weiterbildung","item":"https:\/\/alice.ch\/de\/qualitaet\/qualitaet-in-der-weiterbildung\/qualitaetslabels\/"},{"@type":"ListItem","position":5,"name":"Internationale Qualit\u00e4tslabels f\u00fcr Sprachschulen"}]},{"@type":"WebSite","@id":"https:\/\/alice.ch\/de\/#website","url":"https:\/\/alice.ch\/de\/","name":"alice.ch (Adult Learning Information Center) ist das Portal der Weiterbildung in der Schweiz.","description":"Schweizerischer Verband f\u00fcr Weiterbildung","publisher":{"@id":"https:\/\/alice.ch\/de\/#organization"},"potentialAction":[{"@type":"SearchAction","target":{"@type":"EntryPoint","urlTemplate":"https:\/\/alice.ch\/de\/?s={search_term_string}"},"query-input":{"@type":"PropertyValueSpecification","valueRequired":true,"valueName":"search_term_string"}}],"inLanguage":"de"},{"@type":"Organization","@id":"https:\/\/alice.ch\/de\/#organization","name":"SVEB Schweizerischer Verband f\u00fcr Weiterbildung","url":"https:\/\/alice.ch\/de\/","logo":{"@type":"ImageObject","inLanguage":"de","@id":"https:\/\/alice.ch\/de\/#\/schema\/logo\/image\/","url":"https:\/\/alice.ch\/app\/uploads\/2022\/07\/logo-sveb.png","contentUrl":"https:\/\/alice.ch\/app\/uploads\/2022\/07\/logo-sveb.png","width":145,"height":64,"caption":"SVEB Schweizerischer Verband f\u00fcr Weiterbildung"},"image":{"@id":"https:\/\/alice.ch\/de\/#\/schema\/logo\/image\/"},"sameAs":["https:\/\/www.linkedin.com\/company\/schweizerischer-verband-fr-weiterbildung-sveb\/"]}]}},"_links":{"self":[{"href":"https:\/\/alice.ch\/de\/wp-json\/wp\/v2\/pages\/2246","targetHints":{"allow":["GET"]}}],"collection":[{"href":"https:\/\/alice.ch\/de\/wp-json\/wp\/v2\/pages"}],"about":[{"href":"https:\/\/alice.ch\/de\/wp-json\/wp\/v2\/types\/page"}],"author":[{"embeddable":true,"href":"https:\/\/alice.ch\/de\/wp-json\/wp\/v2\/users\/4"}],"replies":[{"embeddable":true,"href":"https:\/\/alice.ch\/de\/wp-json\/wp\/v2\/comments?post=2246"}],"version-history":[{"count":7,"href":"https:\/\/alice.ch\/de\/wp-json\/wp\/v2\/pages\/2246\/revisions"}],"predecessor-version":[{"id":32136,"href":"https:\/\/alice.ch\/de\/wp-json\/wp\/v2\/pages\/2246\/revisions\/32136"}],"up":[{"embeddable":true,"href":"https:\/\/alice.ch\/de\/wp-json\/wp\/v2\/pages\/603"}],"wp:featuredmedia":[{"embeddable":true,"href":"https:\/\/alice.ch\/de\/wp-json\/wp\/v2\/media\/20799"}],"wp:attachment":[{"href":"https:\/\/alice.ch\/de\/wp-json\/wp\/v2\/media?parent=2246"}],"curies":[{"name":"wp","href":"https:\/\/api.w.org\/{rel}","templated":true}]}}