{"id":27,"date":"2022-07-11T11:05:26","date_gmt":"2022-07-11T09:05:26","guid":{"rendered":"https:\/\/projects.atxeit.ch\/sveb\/?page_id=27"},"modified":"2023-05-13T11:07:58","modified_gmt":"2023-05-13T09:07:58","slug":"qualitaet","status":"publish","type":"page","link":"https:\/\/alice.ch\/de\/qualitaet\/","title":{"rendered":"Qualit\u00e4t"},"content":{"rendered":"\n<div class=\"wp-block-group is-style-reduced-width is-layout-flow wp-block-group-is-layout-flow\">\n<h1 class=\"wp-block-heading\">eduQua-Label und F\u00f6rderung der Qualit\u00e4t in der Weiterbildung<\/h1>\n\n\n\n<p class=\"is-style-lead\">2021 haben sich in der Schweiz rund 45% der Menschen \u00fcber 16 Jahre in ganz unterschiedlichen Lebenssituationen weitergebildet. Dementsprechend umfasst der Weiterbildungsmarkt eine enorme Vielfalt von Anbietern, Weiterbildungsangeboten und Lernformaten in allen Bereichen.<\/p>\n\n\n\n<p>Damit Weiterbildung gelingt, spielt die Qualit\u00e4t der Weiterbildungsinstitutionen und der besuchten Lernangebote f\u00fcr alle Beteiligten eine zentrale Rolle. Im <a href=\"https:\/\/alice.ch\/de\/sveb\/weiterbildungspolitik\/weiterbildungsgesetz\/\">Weiterbildungsgesetz von 2017<\/a> wurde die Bedeutung der Qualit\u00e4tssicherung- und -entwicklung auch auf gesetzlicher Ebene verankert.<\/p>\n\n\n\n<p>Der SVEB f\u00f6rdert die Qualit\u00e4t in der Weiterbildung auf zwei wichtigen Ebenen:<\/p>\n\n\n\n<ul class=\"wp-block-list\">\n<li>Seit 2018 ist der SVEB alleiniger Tr\u00e4ger des Qualit\u00e4tslabels eduQua, des Labels f\u00fcr Weiterbildungsanbieter.<\/li>\n\n\n\n<li>Zur F\u00f6rderung der Qualit\u00e4t in der Weiterbildung greift der Verband aktuelle Themen auf und f\u00fchrt regelm\u00e4ssig nationale Veranstaltungen durch.<\/li>\n<\/ul>\n\n\n\n<div class=\"wp-block-media-text alignwide is-stacked-on-mobile is-style-icon-text\"><figure class=\"wp-block-media-text__media\"><a href=\"https:\/\/alice.ch\/de\/qualitaet\/qualitaetslabel-eduqua\/\"><img decoding=\"async\" width=\"350\" height=\"382\" src=\"https:\/\/alice.ch\/app\/uploads\/2022\/10\/icon_eduqua-revision-m-blau-1.png\" alt=\"\" class=\"wp-image-6090 size-full\" srcset=\"https:\/\/alice.ch\/app\/uploads\/2022\/10\/icon_eduqua-revision-m-blau-1.png 350w, https:\/\/alice.ch\/app\/uploads\/2022\/10\/icon_eduqua-revision-m-blau-1-275x300.png 275w\" sizes=\"(max-width: 350px) 100vw, 350px\" \/><\/a><\/figure><div class=\"wp-block-media-text__content\">\n<h2 class=\"wp-block-heading\"><a href=\"https:\/\/alice.ch\/de\/qualitaet\/qualitaetslabel-eduqua\/\">eduQua \u2013 das Qualit\u00e4tslabel der Weiterbildung<\/a><\/h2>\n\n\n\n<p>Das Qualit\u00e4tslabel eduQua bildet f\u00fcr mehr als 1100 Anbieter die Grundlage f\u00fcr die Sicherung und Entwicklung der Qualit\u00e4t. Die aktuelle Norm eduQua:2021 ist auf die Weiterbildungsinstitutionen und ihre Angebote in allen Weiterbildungsbereichen ausgerichtet. Mit der eduQua-Zertifizierung zeigen die Anbieter allen Interessierten, dass sie die grundlegenden Qualit\u00e4tsanforderungen an F\u00fchrung, Weiterbildungsangebote und Lernprozesse erf\u00fcllen und die Qualit\u00e4t laufend weiterentwickeln. Der SVEB f\u00fchrt die Gesch\u00e4ftsstelle eduQua und sorgt f\u00fcr die Weiterentwicklung des Labels.<\/p>\n<\/div><\/div>\n\n\n\n<hr class=\"wp-block-separator has-alpha-channel-opacity is-style-wide\"\/>\n\n\n\n<div class=\"wp-block-media-text alignwide is-stacked-on-mobile is-style-icon-text\"><figure class=\"wp-block-media-text__media\"><a href=\"https:\/\/alice.ch\/de\/qualitaet\/qualitaet-in-der-weiterbildung\/\"><img decoding=\"async\" width=\"250\" height=\"236\" src=\"https:\/\/alice.ch\/app\/uploads\/2022\/10\/icon-eduqua-pdca-kreis.png\" alt=\"\" class=\"wp-image-6094 size-full\"\/><\/a><\/figure><div class=\"wp-block-media-text__content\">\n<h2 class=\"wp-block-heading\"><a href=\"https:\/\/alice.ch\/de\/qualitaet\/qualitaet-in-der-weiterbildung\/\">F\u00f6rderung der Qualit\u00e4t in der Weiterbildung<\/a><\/h2>\n\n\n\n<p>Zur F\u00f6rderung der Qualit\u00e4t in der Weiterbildung ergreift der SVEB die Initiative, entwickelt Aktivit\u00e4ten und dokumentiert wichtige Qualit\u00e4tsaspekte, unterst\u00fctzt vom Staatssekretariat f\u00fcr Bildung, Forschung und Innovation (SBFI). Auf der Website werden grundlegende Informationen zur Sicherung und Entwicklung der Qualit\u00e4t sowie zu den relevanten Qualit\u00e4tslabels und Normen geboten. Der Bereich Qualit\u00e4t in der Weiterbildung analysiert zusammen mit Partnerorganisationen aktuelle Themen und f\u00fchrt gemeinsam mit Fachleuten aus Wissenschaft und Praxis thematische Workshops und nationale Qualit\u00e4tstagungen durch. Damit unterst\u00fctzt der SVEB die Qualit\u00e4tsanstrengungen der Anbieter und f\u00f6rdert die \u00f6ffentliche Diskussion zur Entwicklung der Qualit\u00e4t in der Weiterbildung.<\/p>\n<\/div><\/div>\n\n\n\n<h2 class=\"wp-block-heading\">Kontakt<\/h2>\n\n\n\n<div class=\"wp-block-columns is-layout-flex wp-container-core-columns-is-layout-28f84493 wp-block-columns-is-layout-flex\">\n<div class=\"wp-block-column is-layout-flow wp-block-column-is-layout-flow\" style=\"flex-basis:50%\"><div class=\"contact-persons\">\n\n\t\t\t\t\t<div class=\"contact-person\">\n\t\t\t\t\tMelanie Schneider<br \/>\t\t\t\t\tFachmitarbeiterin eduQua, Qualit\u00e4t in der Weiterbildung, AdA-Baukasten<br \/>\t\t\t\t\t<br \/>\n\t\t\t\t\t\t\t\t\t\t<a href=\"tel:+41 (0)44 319 71 64\">+41 (0)44 319 71 64<\/a><br \/>\t\t\t\t\t<a href=\"mailto:melanie.schneider@alice.ch\">melanie.schneider@alice.ch<\/a><br \/>\t\t\t\t\t<\/div>\n\t\t\t\t\t<\/div>\n<\/div>\n\n\n\n<div class=\"wp-block-column is-layout-flow wp-block-column-is-layout-flow\" style=\"flex-basis:50%\"><\/div>\n<\/div>\n<\/div>\n","protected":false},"excerpt":{"rendered":"<p>eduQua-Label und F\u00f6rderung der Qualit\u00e4t in der Weiterbildung 2021 haben sich in der Schweiz rund 45% der Menschen \u00fcber 16 [&hellip;]<\/p>\n","protected":false},"author":4,"featured_media":20799,"parent":0,"menu_order":233,"comment_status":"closed","ping_status":"closed","template":"","meta":{"_acf_changed":false,"inline_featured_image":false,"footnotes":""},"class_list":["post-27","page","type-page","status-publish","has-post-thumbnail","hentry"],"acf":[],"yoast_head":"<!-- This site is optimized with the Yoast SEO plugin v27.3 - https:\/\/yoast.com\/product\/yoast-seo-wordpress\/ -->\n<title>Qualit\u00e4t - SVEB<\/title>\n<meta name=\"description\" content=\"Der SVEB f\u00f6rdert die Qualit\u00e4t in der Weiterbildung als Tr\u00e4ger des Qualit\u00e4tslabels eduQua und f\u00fchrt nationale Qualit\u00e4tstagungen durch.\" \/>\n<meta name=\"robots\" content=\"index, follow, max-snippet:-1, max-image-preview:large, max-video-preview:-1\" \/>\n<link rel=\"canonical\" href=\"https:\/\/alice.ch\/de\/qualitaet\/\" \/>\n<meta property=\"og:locale\" content=\"de_DE\" \/>\n<meta property=\"og:type\" content=\"article\" \/>\n<meta property=\"og:title\" content=\"Qualit\u00e4t - SVEB\" \/>\n<meta property=\"og:description\" content=\"Der SVEB f\u00f6rdert die Qualit\u00e4t in der Weiterbildung als Tr\u00e4ger des Qualit\u00e4tslabels eduQua und f\u00fchrt nationale Qualit\u00e4tstagungen durch.\" \/>\n<meta property=\"og:url\" content=\"https:\/\/alice.ch\/de\/qualitaet\/\" \/>\n<meta property=\"og:site_name\" content=\"SVEB\" \/>\n<meta property=\"article:modified_time\" content=\"2023-05-13T09:07:58+00:00\" \/>\n<meta property=\"og:image\" content=\"https:\/\/alice.ch\/app\/uploads\/2022\/10\/icon_eduqua-revision-m-blau-1.png\" \/>\n<meta name=\"twitter:card\" content=\"summary_large_image\" \/>\n<meta name=\"twitter:label1\" content=\"Gesch\u00e4tzte Lesezeit\" \/>\n\t<meta name=\"twitter:data1\" content=\"3\u00a0Minuten\" \/>\n<script type=\"application\/ld+json\" class=\"yoast-schema-graph\">{\"@context\":\"https:\\\/\\\/schema.org\",\"@graph\":[{\"@type\":\"WebPage\",\"@id\":\"https:\\\/\\\/alice.ch\\\/de\\\/qualitaet\\\/\",\"url\":\"https:\\\/\\\/alice.ch\\\/de\\\/qualitaet\\\/\",\"name\":\"Qualit\u00e4t - SVEB\",\"isPartOf\":{\"@id\":\"https:\\\/\\\/alice.ch\\\/de\\\/#website\"},\"primaryImageOfPage\":{\"@id\":\"https:\\\/\\\/alice.ch\\\/de\\\/qualitaet\\\/#primaryimage\"},\"image\":{\"@id\":\"https:\\\/\\\/alice.ch\\\/de\\\/qualitaet\\\/#primaryimage\"},\"thumbnailUrl\":\"https:\\\/\\\/alice.ch\\\/app\\\/uploads\\\/2022\\\/11\\\/default.jpg\",\"datePublished\":\"2022-07-11T09:05:26+00:00\",\"dateModified\":\"2023-05-13T09:07:58+00:00\",\"description\":\"Der SVEB f\u00f6rdert die Qualit\u00e4t in der Weiterbildung als Tr\u00e4ger des Qualit\u00e4tslabels eduQua und f\u00fchrt nationale Qualit\u00e4tstagungen durch.\",\"breadcrumb\":{\"@id\":\"https:\\\/\\\/alice.ch\\\/de\\\/qualitaet\\\/#breadcrumb\"},\"inLanguage\":\"de\",\"potentialAction\":[{\"@type\":\"ReadAction\",\"target\":[\"https:\\\/\\\/alice.ch\\\/de\\\/qualitaet\\\/\"]}]},{\"@type\":\"ImageObject\",\"inLanguage\":\"de\",\"@id\":\"https:\\\/\\\/alice.ch\\\/de\\\/qualitaet\\\/#primaryimage\",\"url\":\"https:\\\/\\\/alice.ch\\\/app\\\/uploads\\\/2022\\\/11\\\/default.jpg\",\"contentUrl\":\"https:\\\/\\\/alice.ch\\\/app\\\/uploads\\\/2022\\\/11\\\/default.jpg\",\"width\":1600,\"height\":900},{\"@type\":\"BreadcrumbList\",\"@id\":\"https:\\\/\\\/alice.ch\\\/de\\\/qualitaet\\\/#breadcrumb\",\"itemListElement\":[{\"@type\":\"ListItem\",\"position\":1,\"name\":\"Startseite\",\"item\":\"https:\\\/\\\/alice.ch\\\/de\\\/\"},{\"@type\":\"ListItem\",\"position\":2,\"name\":\"Qualit\u00e4t\"}]},{\"@type\":\"WebSite\",\"@id\":\"https:\\\/\\\/alice.ch\\\/de\\\/#website\",\"url\":\"https:\\\/\\\/alice.ch\\\/de\\\/\",\"name\":\"alice.ch (Adult Learning Information Center) ist das Portal der Weiterbildung in der Schweiz.\",\"description\":\"Schweizerischer Verband f\u00fcr Weiterbildung\",\"publisher\":{\"@id\":\"https:\\\/\\\/alice.ch\\\/de\\\/#organization\"},\"potentialAction\":[{\"@type\":\"SearchAction\",\"target\":{\"@type\":\"EntryPoint\",\"urlTemplate\":\"https:\\\/\\\/alice.ch\\\/de\\\/?s={search_term_string}\"},\"query-input\":{\"@type\":\"PropertyValueSpecification\",\"valueRequired\":true,\"valueName\":\"search_term_string\"}}],\"inLanguage\":\"de\"},{\"@type\":\"Organization\",\"@id\":\"https:\\\/\\\/alice.ch\\\/de\\\/#organization\",\"name\":\"SVEB Schweizerischer Verband f\u00fcr Weiterbildung\",\"url\":\"https:\\\/\\\/alice.ch\\\/de\\\/\",\"logo\":{\"@type\":\"ImageObject\",\"inLanguage\":\"de\",\"@id\":\"https:\\\/\\\/alice.ch\\\/de\\\/#\\\/schema\\\/logo\\\/image\\\/\",\"url\":\"https:\\\/\\\/alice.ch\\\/app\\\/uploads\\\/2022\\\/07\\\/logo-sveb.png\",\"contentUrl\":\"https:\\\/\\\/alice.ch\\\/app\\\/uploads\\\/2022\\\/07\\\/logo-sveb.png\",\"width\":145,\"height\":64,\"caption\":\"SVEB Schweizerischer Verband f\u00fcr Weiterbildung\"},\"image\":{\"@id\":\"https:\\\/\\\/alice.ch\\\/de\\\/#\\\/schema\\\/logo\\\/image\\\/\"},\"sameAs\":[\"https:\\\/\\\/www.linkedin.com\\\/company\\\/schweizerischer-verband-fr-weiterbildung-sveb\\\/\"]}]}<\/script>\n<!-- \/ Yoast SEO plugin. -->","yoast_head_json":{"title":"Qualit\u00e4t - SVEB","description":"Der SVEB f\u00f6rdert die Qualit\u00e4t in der Weiterbildung als Tr\u00e4ger des Qualit\u00e4tslabels eduQua und f\u00fchrt nationale Qualit\u00e4tstagungen durch.","robots":{"index":"index","follow":"follow","max-snippet":"max-snippet:-1","max-image-preview":"max-image-preview:large","max-video-preview":"max-video-preview:-1"},"canonical":"https:\/\/alice.ch\/de\/qualitaet\/","og_locale":"de_DE","og_type":"article","og_title":"Qualit\u00e4t - SVEB","og_description":"Der SVEB f\u00f6rdert die Qualit\u00e4t in der Weiterbildung als Tr\u00e4ger des Qualit\u00e4tslabels eduQua und f\u00fchrt nationale Qualit\u00e4tstagungen durch.","og_url":"https:\/\/alice.ch\/de\/qualitaet\/","og_site_name":"SVEB","article_modified_time":"2023-05-13T09:07:58+00:00","og_image":[{"url":"https:\/\/alice.ch\/app\/uploads\/2022\/10\/icon_eduqua-revision-m-blau-1.png","type":"","width":"","height":""}],"twitter_card":"summary_large_image","twitter_misc":{"Gesch\u00e4tzte Lesezeit":"3\u00a0Minuten"},"schema":{"@context":"https:\/\/schema.org","@graph":[{"@type":"WebPage","@id":"https:\/\/alice.ch\/de\/qualitaet\/","url":"https:\/\/alice.ch\/de\/qualitaet\/","name":"Qualit\u00e4t - SVEB","isPartOf":{"@id":"https:\/\/alice.ch\/de\/#website"},"primaryImageOfPage":{"@id":"https:\/\/alice.ch\/de\/qualitaet\/#primaryimage"},"image":{"@id":"https:\/\/alice.ch\/de\/qualitaet\/#primaryimage"},"thumbnailUrl":"https:\/\/alice.ch\/app\/uploads\/2022\/11\/default.jpg","datePublished":"2022-07-11T09:05:26+00:00","dateModified":"2023-05-13T09:07:58+00:00","description":"Der SVEB f\u00f6rdert die Qualit\u00e4t in der Weiterbildung als Tr\u00e4ger des Qualit\u00e4tslabels eduQua und f\u00fchrt nationale Qualit\u00e4tstagungen durch.","breadcrumb":{"@id":"https:\/\/alice.ch\/de\/qualitaet\/#breadcrumb"},"inLanguage":"de","potentialAction":[{"@type":"ReadAction","target":["https:\/\/alice.ch\/de\/qualitaet\/"]}]},{"@type":"ImageObject","inLanguage":"de","@id":"https:\/\/alice.ch\/de\/qualitaet\/#primaryimage","url":"https:\/\/alice.ch\/app\/uploads\/2022\/11\/default.jpg","contentUrl":"https:\/\/alice.ch\/app\/uploads\/2022\/11\/default.jpg","width":1600,"height":900},{"@type":"BreadcrumbList","@id":"https:\/\/alice.ch\/de\/qualitaet\/#breadcrumb","itemListElement":[{"@type":"ListItem","position":1,"name":"Startseite","item":"https:\/\/alice.ch\/de\/"},{"@type":"ListItem","position":2,"name":"Qualit\u00e4t"}]},{"@type":"WebSite","@id":"https:\/\/alice.ch\/de\/#website","url":"https:\/\/alice.ch\/de\/","name":"alice.ch (Adult Learning Information Center) ist das Portal der Weiterbildung in der Schweiz.","description":"Schweizerischer Verband f\u00fcr Weiterbildung","publisher":{"@id":"https:\/\/alice.ch\/de\/#organization"},"potentialAction":[{"@type":"SearchAction","target":{"@type":"EntryPoint","urlTemplate":"https:\/\/alice.ch\/de\/?s={search_term_string}"},"query-input":{"@type":"PropertyValueSpecification","valueRequired":true,"valueName":"search_term_string"}}],"inLanguage":"de"},{"@type":"Organization","@id":"https:\/\/alice.ch\/de\/#organization","name":"SVEB Schweizerischer Verband f\u00fcr Weiterbildung","url":"https:\/\/alice.ch\/de\/","logo":{"@type":"ImageObject","inLanguage":"de","@id":"https:\/\/alice.ch\/de\/#\/schema\/logo\/image\/","url":"https:\/\/alice.ch\/app\/uploads\/2022\/07\/logo-sveb.png","contentUrl":"https:\/\/alice.ch\/app\/uploads\/2022\/07\/logo-sveb.png","width":145,"height":64,"caption":"SVEB Schweizerischer Verband f\u00fcr Weiterbildung"},"image":{"@id":"https:\/\/alice.ch\/de\/#\/schema\/logo\/image\/"},"sameAs":["https:\/\/www.linkedin.com\/company\/schweizerischer-verband-fr-weiterbildung-sveb\/"]}]}},"_links":{"self":[{"href":"https:\/\/alice.ch\/de\/wp-json\/wp\/v2\/pages\/27","targetHints":{"allow":["GET"]}}],"collection":[{"href":"https:\/\/alice.ch\/de\/wp-json\/wp\/v2\/pages"}],"about":[{"href":"https:\/\/alice.ch\/de\/wp-json\/wp\/v2\/types\/page"}],"author":[{"embeddable":true,"href":"https:\/\/alice.ch\/de\/wp-json\/wp\/v2\/users\/4"}],"replies":[{"embeddable":true,"href":"https:\/\/alice.ch\/de\/wp-json\/wp\/v2\/comments?post=27"}],"version-history":[{"count":49,"href":"https:\/\/alice.ch\/de\/wp-json\/wp\/v2\/pages\/27\/revisions"}],"predecessor-version":[{"id":50758,"href":"https:\/\/alice.ch\/de\/wp-json\/wp\/v2\/pages\/27\/revisions\/50758"}],"wp:featuredmedia":[{"embeddable":true,"href":"https:\/\/alice.ch\/de\/wp-json\/wp\/v2\/media\/20799"}],"wp:attachment":[{"href":"https:\/\/alice.ch\/de\/wp-json\/wp\/v2\/media?parent=27"}],"curies":[{"name":"wp","href":"https:\/\/api.w.org\/{rel}","templated":true}]}}