{"id":3092,"date":"2022-10-12T12:14:34","date_gmt":"2022-10-12T10:14:34","guid":{"rendered":"https:\/\/projects.atxeit.ch\/sveb\/?page_id=3092"},"modified":"2026-01-07T14:10:47","modified_gmt":"2026-01-07T13:10:47","slug":"bildungspass","status":"publish","type":"page","link":"https:\/\/alice.ch\/de\/dienstleistungen\/publikationen-und-produkte\/bildungspass\/","title":{"rendered":"Bildungspass"},"content":{"rendered":"\n<div class=\"wp-block-group is-style-reduced-width is-layout-flow wp-block-group-is-layout-flow\">\n<h1 class=\"wp-block-heading\">Zeigen Sie mit dem Bildungspass, was Sie k\u00f6nnen!<\/h1>\n\n\n\n<p class=\"is-style-lead\">Der Bildungspass ist ein Nachweis f\u00fcr Ihre Weiterbildung. Er gibt einen \u00dcberblick \u00fcber erworbene Kompetenzen und Qualifikationen.<\/p>\n\n\n\n<div class=\"wp-block-columns is-layout-flex wp-container-core-columns-is-layout-28f84493 wp-block-columns-is-layout-flex\">\n<div class=\"wp-block-column is-layout-flow wp-block-column-is-layout-flow\" style=\"flex-basis:33.33%\">\n<figure class=\"wp-block-image size-full is-resized\"><img decoding=\"async\" width=\"986\" height=\"1384\" src=\"https:\/\/alice.ch\/app\/uploads\/2023\/01\/Bildungspass.png\" alt=\"\" class=\"wp-image-41121\" style=\"width:233px;height:auto\" srcset=\"https:\/\/alice.ch\/app\/uploads\/2023\/01\/Bildungspass.png 986w, https:\/\/alice.ch\/app\/uploads\/2023\/01\/Bildungspass-214x300.png 214w, https:\/\/alice.ch\/app\/uploads\/2023\/01\/Bildungspass-730x1024.png 730w, https:\/\/alice.ch\/app\/uploads\/2023\/01\/Bildungspass-768x1078.png 768w\" sizes=\"(max-width: 986px) 100vw, 986px\" \/><\/figure>\n<\/div>\n\n\n\n<div class=\"wp-block-column is-layout-flow wp-block-column-is-layout-flow\" style=\"flex-basis:66.66%\">\n<p>Folgende Aktivit\u00e4ten k\u00f6nnen Sie darin eintragen und von der durchf\u00fchrenden Institution best\u00e4tigen lassen:<\/p>\n\n\n\n<ul class=\"wp-block-list\">\n<li>Lehrg\u00e4nge, Kurse, Module (Kursbausteine) und Abschl\u00fcsse<\/li>\n\n\n\n<li>Interne Weiterbildungen, Workshops oder Privatstunden<\/li>\n\n\n\n<li>Praktika, Freiwilligenarbeit<\/li>\n\n\n\n<li>Auslandaufenthalte zu Lern- und Ausbildungszwecken<\/li>\n<\/ul>\n\n\n\n<p>Die durchf\u00fchrende Institution best\u00e4tigt die regelm\u00e4ssige Teilnahme an der eingetragenen Weiterbildung mit Stempel<strong>&nbsp;<\/strong>und Unterschrift. Damit bietet der Bildungspass den Mitarbeitenden und dem Unternehmen einen kompakten \u00dcberblick \u00fcber die Entwicklung der individuellen Weiterbildungsaktivit\u00e4t.&nbsp;<\/p>\n\n\n\n<p>Der Bildungspass ist im pers\u00f6nlichen Besitz der Inhaberin\/des Inhabers. Er kann bei allen Bildungsanbietern, firmenintern sowie im In- und Ausland eingesetzt werden.<\/p>\n<\/div>\n<\/div>\n\n\n\n<h2 class=\"wp-block-heading\">Preise<\/h2>\n\n\n\n<figure class=\"wp-block-table\"><table><tbody><tr><td><strong>Format<\/strong><\/td><td><strong>A6<\/strong><\/td><\/tr><tr><td><strong>Inhalt<\/strong><\/td><td>36 Seiten<\/td><\/tr><tr><td><strong>Preise<\/strong> <br>(inkl. 8.1 % MwSt., exkl. Porto- und Versandkosten)<\/td><td>St\u00fcckpreis: Fr. 6.00<br><br> ab 20 Ex.: Fr. 5.40 <br> ab 100 Ex.: Fr. 4.80 <br> ab 500 Ex.: Fr. 4.20 <br> ab 1000 Ex.: Fr. 3.60 <\/td><\/tr><\/tbody><\/table><\/figure>\n\n\n\n<p><\/p>\n\n\n\n<div class=\"wp-block-group is-style-run-to-edge has-primary-background-color has-background is-layout-flow wp-block-group-is-layout-flow\">\n<p class=\"has-large-font-size\"><strong>Ihr Logo im Bildungspass<\/strong><\/p>\n\n\n\n<p class=\"is-style-lead has-background-color has-text-color has-medium-font-size\">F\u00fcr Arbeitgeber und Anbieter besteht die M\u00f6glichkeit, den Bildungspass mit einem Logoeindruck zu versehen.<\/p>\n<\/div>\n\n\n\n<p><br>\u00dcbrigens: Der Bildungspass eignet sich ideal als Give-Away und Kundengeschenk!&nbsp;<\/p>\n\n\n\n<h2 class=\"wp-block-heading\">Bestellung<\/h2>\n\n\n\n<div class=\"wp-block-contact-form-7-contact-form-selector\">\n<div class=\"wpcf7 no-js\" id=\"wpcf7-f41133-o1\" lang=\"de-DE\" dir=\"ltr\" data-wpcf7-id=\"41133\">\n<div class=\"screen-reader-response\"><p role=\"status\" aria-live=\"polite\" aria-atomic=\"true\"><\/p> <ul><\/ul><\/div>\n<form action=\"\/de\/wp-json\/wp\/v2\/pages\/3092#wpcf7-f41133-o1\" method=\"post\" class=\"wpcf7-form init\" aria-label=\"Kontaktformular\" novalidate=\"novalidate\" data-status=\"init\">\n<fieldset class=\"hidden-fields-container\"><input type=\"hidden\" name=\"_wpcf7\" value=\"41133\" \/><input type=\"hidden\" name=\"_wpcf7_version\" value=\"6.1.5\" \/><input type=\"hidden\" name=\"_wpcf7_locale\" value=\"de_DE\" \/><input type=\"hidden\" name=\"_wpcf7_unit_tag\" value=\"wpcf7-f41133-o1\" \/><input type=\"hidden\" name=\"_wpcf7_container_post\" value=\"0\" \/><input type=\"hidden\" name=\"_wpcf7_posted_data_hash\" value=\"\" \/>\n<\/fieldset>\n<p><label>Menge*<br \/>\n<span class=\"wpcf7-form-control-wrap\" data-name=\"Anzahl\"><input size=\"40\" maxlength=\"400\" class=\"wpcf7-form-control wpcf7-text wpcf7-validates-as-required\" aria-required=\"true\" aria-invalid=\"false\" placeholder=\"1\" value=\"\" type=\"text\" name=\"Anzahl\" \/><\/span><br \/>\n<\/label>\n<\/p>\n<p><label>Organisation<br \/>\n<span class=\"wpcf7-form-control-wrap\" data-name=\"company\"><input size=\"40\" maxlength=\"400\" class=\"wpcf7-form-control wpcf7-text\" aria-invalid=\"false\" placeholder=\"Musterfirma \/ Verein Beispiel\" value=\"\" type=\"text\" name=\"company\" \/><\/span><br \/>\n<\/label>\n<\/p>\n<p><label>Anrede*<br \/>\n<span class=\"wpcf7-form-control-wrap\" data-name=\"salutation\"><input size=\"40\" maxlength=\"400\" class=\"wpcf7-form-control wpcf7-text wpcf7-validates-as-required\" aria-required=\"true\" aria-invalid=\"false\" placeholder=\"Frau\" value=\"\" type=\"text\" name=\"salutation\" \/><\/span><br \/>\n<\/label>\n<\/p>\n<p><label>Vorname*<br \/>\n<span class=\"wpcf7-form-control-wrap\" data-name=\"firstname\"><input size=\"40\" maxlength=\"400\" class=\"wpcf7-form-control wpcf7-text wpcf7-validates-as-required\" aria-required=\"true\" aria-invalid=\"false\" placeholder=\"Peter\" value=\"\" type=\"text\" name=\"firstname\" \/><\/span><br \/>\n<\/label>\n<\/p>\n<p><label>Nachname*<br \/>\n<span class=\"wpcf7-form-control-wrap\" data-name=\"lastname\"><input size=\"40\" maxlength=\"400\" class=\"wpcf7-form-control wpcf7-text wpcf7-validates-as-required\" aria-required=\"true\" aria-invalid=\"false\" placeholder=\"Muster\" value=\"\" type=\"text\" name=\"lastname\" \/><\/span><br \/>\n<\/label>\n<\/p>\n<p><label>Strasse und Nr.*<br \/>\n<span class=\"wpcf7-form-control-wrap\" data-name=\"street\"><input size=\"40\" maxlength=\"400\" class=\"wpcf7-form-control wpcf7-text wpcf7-validates-as-required\" aria-required=\"true\" aria-invalid=\"false\" placeholder=\"Musterstrasse 123\" value=\"\" type=\"text\" name=\"street\" \/><\/span><br \/>\n<\/label>\n<\/p>\n<div class=\"zip-city\">\n\t<p><label>PLZ*<br \/>\n<span class=\"wpcf7-form-control-wrap\" data-name=\"zip\"><input size=\"40\" maxlength=\"400\" class=\"wpcf7-form-control wpcf7-text wpcf7-validates-as-required\" aria-required=\"true\" aria-invalid=\"false\" placeholder=\"1234\" value=\"\" type=\"text\" name=\"zip\" \/><\/span><br \/>\n<\/label>\n\t<\/p>\n\t<p><label>Ort*<br \/>\n<span class=\"wpcf7-form-control-wrap\" data-name=\"city\"><input size=\"40\" maxlength=\"400\" class=\"wpcf7-form-control wpcf7-text wpcf7-validates-as-required\" aria-required=\"true\" aria-invalid=\"false\" placeholder=\"Musterhausen\" value=\"\" type=\"text\" name=\"city\" \/><\/span><br \/>\n<\/label>\n\t<\/p>\n<\/div>\n<p><label>Telefonnummer*<br \/>\n<span class=\"wpcf7-form-control-wrap\" data-name=\"phone\"><input size=\"40\" maxlength=\"400\" class=\"wpcf7-form-control wpcf7-text wpcf7-validates-as-required\" aria-required=\"true\" aria-invalid=\"false\" placeholder=\"012 345 67 89\" value=\"\" type=\"text\" name=\"phone\" \/><\/span><br \/>\n<\/label>\n<\/p>\n<p><label>E-Mail-Adresse*<br \/>\n<span class=\"wpcf7-form-control-wrap\" data-name=\"mail\"><input size=\"40\" maxlength=\"400\" class=\"wpcf7-form-control wpcf7-email wpcf7-validates-as-required wpcf7-text wpcf7-validates-as-email\" aria-required=\"true\" aria-invalid=\"false\" placeholder=\"info@alice.ch\" value=\"\" type=\"email\" name=\"mail\" \/><\/span><br \/>\n<\/label>\n<\/p>\n<p><label>Rechnungsempf\u00e4nger* <\/label><br \/>\n<span class=\"wpcf7-form-control-wrap\" data-name=\"radio-219\"><span class=\"wpcf7-form-control wpcf7-radio\"><span class=\"wpcf7-list-item first\"><label><input type=\"radio\" name=\"radio-219\" value=\"Rechnung an oben genannte Adresse\" checked=\"checked\" \/><span class=\"wpcf7-list-item-label\">Rechnung an oben genannte Adresse<\/span><\/label><\/span><span class=\"wpcf7-list-item last\"><label><input type=\"radio\" name=\"radio-219\" value=\"Rechnung an nachstehende Adresse\" \/><span class=\"wpcf7-list-item-label\">Rechnung an nachstehende Adresse<\/span><\/label><\/span><\/span><\/span>\n<\/p>\n<p><label>Rechnungsadresse<br \/>\n<span class=\"wpcf7-form-control-wrap\" data-name=\"Rechnungsadresse\"><textarea cols=\"40\" rows=\"10\" maxlength=\"2000\" class=\"wpcf7-form-control wpcf7-textarea\" aria-invalid=\"false\" placeholder=\"\" name=\"Rechnungsadresse\"><\/textarea><\/span><br \/>\n<\/label>\n<\/p>\n<p><label>Ihre Bemerkungen<br \/>\n<span class=\"wpcf7-form-control-wrap\" data-name=\"comments\"><textarea cols=\"40\" rows=\"10\" maxlength=\"2000\" class=\"wpcf7-form-control wpcf7-textarea\" aria-invalid=\"false\" placeholder=\"\" name=\"comments\"><\/textarea><\/span><br \/>\n<\/label>\n<\/p>\n<p><span class=\"wpcf7-form-control-wrap\" data-name=\"checkbox-911\"><span class=\"wpcf7-form-control wpcf7-checkbox\"><span class=\"wpcf7-list-item first last\"><label><input type=\"checkbox\" name=\"checkbox-911[]\" value=\"Ich bin SVEB-Mitglied.\" \/><span class=\"wpcf7-list-item-label\">Ich bin SVEB-Mitglied.<\/span><\/label><\/span><\/span><\/span>\n<\/p>\n<p><span id=\"wpcf7-69eb469cdb6da-wrapper\" class=\"wpcf7-form-control-wrap honeypot-286-wrap\" style=\"display:none !important; visibility:hidden !important;\"><label for=\"wpcf7-69eb469cdb6da-field\" class=\"hp-message\">Bitte lasse dieses Feld leer.<\/label><input id=\"wpcf7-69eb469cdb6da-field\"  class=\"wpcf7-form-control wpcf7-text\" type=\"text\" name=\"honeypot-286\" value=\"\" size=\"40\" tabindex=\"-1\" autocomplete=\"new-password\" \/><\/span>\n<\/p>\n<p><input class=\"wpcf7-form-control wpcf7-submit has-spinner\" type=\"submit\" value=\"Bestellen\" \/><br \/>\n*Pflichtfelder\n<\/p><div class=\"cf7-cookie-message\" style=\"margin-top:1em;color:#000;\">Bitte akzeptieren Sie die Cookies, um das Formular absenden zu k\u00f6nnen.<\/div><div class=\"wpcf7-response-output\" aria-hidden=\"true\"><\/div>\n<\/form>\n<\/div>\n<\/div>\n\n\n\n<h2 class=\"wp-block-heading\">Auflage und Sprachen&nbsp;<\/h2>\n\n\n\n<p>1978 wurde der Bildungspass als \u00abBildungsb\u00fcchlein\u00bb erstmals vom SVEB herausgegeben, um Kursteilnehmenden einen Nachweis ihrer besuchten Kurse in kompakter Form zu erm\u00f6glichen. Seither wurden landesweit rund 1 Million Bildungsp\u00e4sse verkauft. Das rote B\u00fcchlein ist in der ganzen Schweiz bekannt und bei Bildungsanbietern sehr gut akzeptiert.&nbsp;<\/p>\n\n\n\n<p>Er wird in einer dreisprachigen Version (D\/F\/I) angeboten; dadurch kann er auch bei regionaler Mobilit\u00e4t der Angestellten problemlos weiterverwendet werden.<\/p>\n\n\n\n<h2 class=\"wp-block-heading\">Kontakt<\/h2>\n\n\n\n<div class=\"wp-block-columns is-layout-flex wp-container-core-columns-is-layout-28f84493 wp-block-columns-is-layout-flex\">\n<div class=\"wp-block-column is-layout-flow wp-block-column-is-layout-flow\" style=\"flex-basis:50%\"><div class=\"contact-persons\">\n\n\t\t\t\t\t<div class=\"contact-person\">\n\t\t\t\t\tMichelle Mathys<br \/>\t\t\t\t\tVerantwortliche Marketing<br \/>\t\t\t\t\t<br \/>\n\t\t\t\t\t\t\t\t\t\t<a href=\"tel:+41 (0)44 319 71 55\">+41 (0)44 319 71 55<\/a><br \/>\t\t\t\t\t<a href=\"mailto:michelle.mathys@alice.ch\">michelle.mathys@alice.ch<\/a><br \/>\t\t\t\t\t<\/div>\n\t\t\t\t\t<\/div>\n<\/div>\n\n\n\n<div class=\"wp-block-column is-layout-flow wp-block-column-is-layout-flow\" style=\"flex-basis:50%\"><\/div>\n<\/div>\n<\/div>\n","protected":false},"excerpt":{"rendered":"<p>Zeigen Sie mit dem Bildungspass, was Sie k\u00f6nnen! Der Bildungspass ist ein Nachweis f\u00fcr Ihre Weiterbildung. Er gibt einen \u00dcberblick [&hellip;]<\/p>\n","protected":false},"author":4,"featured_media":20799,"parent":435,"menu_order":196,"comment_status":"closed","ping_status":"closed","template":"","meta":{"_acf_changed":false,"inline_featured_image":false,"footnotes":""},"class_list":["post-3092","page","type-page","status-publish","has-post-thumbnail","hentry"],"acf":[],"yoast_head":"<!-- This site is optimized with the Yoast SEO plugin v27.3 - https:\/\/yoast.com\/product\/yoast-seo-wordpress\/ -->\n<title>Bildungspass - SVEB<\/title>\n<meta name=\"description\" content=\"Der Bildungspass ist ein Nachweis f\u00fcr Ihre Weiterbildung. Er gibt einen \u00dcberblick \u00fcber erworbene Kompetenzen und Qualifikationen.\" \/>\n<meta name=\"robots\" content=\"index, follow, max-snippet:-1, max-image-preview:large, max-video-preview:-1\" \/>\n<link rel=\"canonical\" href=\"https:\/\/alice.ch\/de\/dienstleistungen\/publikationen-und-produkte\/bildungspass\/\" \/>\n<meta property=\"og:locale\" content=\"de_DE\" \/>\n<meta property=\"og:type\" content=\"article\" \/>\n<meta property=\"og:title\" content=\"Bildungspass - SVEB\" \/>\n<meta property=\"og:description\" content=\"Der Bildungspass ist ein Nachweis f\u00fcr Ihre Weiterbildung. Er gibt einen \u00dcberblick \u00fcber erworbene Kompetenzen und Qualifikationen.\" \/>\n<meta property=\"og:url\" content=\"https:\/\/alice.ch\/de\/dienstleistungen\/publikationen-und-produkte\/bildungspass\/\" \/>\n<meta property=\"og:site_name\" content=\"SVEB\" \/>\n<meta property=\"article:modified_time\" content=\"2026-01-07T13:10:47+00:00\" \/>\n<meta property=\"og:image\" content=\"https:\/\/alice.ch\/app\/uploads\/2023\/01\/Bildungspass.png\" \/>\n\t<meta property=\"og:image:width\" content=\"986\" \/>\n\t<meta property=\"og:image:height\" content=\"1384\" \/>\n\t<meta property=\"og:image:type\" content=\"image\/png\" \/>\n<meta name=\"twitter:card\" content=\"summary_large_image\" \/>\n<meta name=\"twitter:label1\" content=\"Gesch\u00e4tzte Lesezeit\" \/>\n\t<meta name=\"twitter:data1\" content=\"2\u00a0Minuten\" \/>\n<script type=\"application\/ld+json\" class=\"yoast-schema-graph\">{\"@context\":\"https:\\\/\\\/schema.org\",\"@graph\":[{\"@type\":\"WebPage\",\"@id\":\"https:\\\/\\\/alice.ch\\\/de\\\/dienstleistungen\\\/publikationen-und-produkte\\\/bildungspass\\\/\",\"url\":\"https:\\\/\\\/alice.ch\\\/de\\\/dienstleistungen\\\/publikationen-und-produkte\\\/bildungspass\\\/\",\"name\":\"Bildungspass - SVEB\",\"isPartOf\":{\"@id\":\"https:\\\/\\\/alice.ch\\\/de\\\/#website\"},\"primaryImageOfPage\":{\"@id\":\"https:\\\/\\\/alice.ch\\\/de\\\/dienstleistungen\\\/publikationen-und-produkte\\\/bildungspass\\\/#primaryimage\"},\"image\":{\"@id\":\"https:\\\/\\\/alice.ch\\\/de\\\/dienstleistungen\\\/publikationen-und-produkte\\\/bildungspass\\\/#primaryimage\"},\"thumbnailUrl\":\"https:\\\/\\\/alice.ch\\\/app\\\/uploads\\\/2022\\\/11\\\/default.jpg\",\"datePublished\":\"2022-10-12T10:14:34+00:00\",\"dateModified\":\"2026-01-07T13:10:47+00:00\",\"description\":\"Der Bildungspass ist ein Nachweis f\u00fcr Ihre Weiterbildung. Er gibt einen \u00dcberblick \u00fcber erworbene Kompetenzen und Qualifikationen.\",\"breadcrumb\":{\"@id\":\"https:\\\/\\\/alice.ch\\\/de\\\/dienstleistungen\\\/publikationen-und-produkte\\\/bildungspass\\\/#breadcrumb\"},\"inLanguage\":\"de\",\"potentialAction\":[{\"@type\":\"ReadAction\",\"target\":[\"https:\\\/\\\/alice.ch\\\/de\\\/dienstleistungen\\\/publikationen-und-produkte\\\/bildungspass\\\/\"]}]},{\"@type\":\"ImageObject\",\"inLanguage\":\"de\",\"@id\":\"https:\\\/\\\/alice.ch\\\/de\\\/dienstleistungen\\\/publikationen-und-produkte\\\/bildungspass\\\/#primaryimage\",\"url\":\"https:\\\/\\\/alice.ch\\\/app\\\/uploads\\\/2022\\\/11\\\/default.jpg\",\"contentUrl\":\"https:\\\/\\\/alice.ch\\\/app\\\/uploads\\\/2022\\\/11\\\/default.jpg\",\"width\":1600,\"height\":900},{\"@type\":\"BreadcrumbList\",\"@id\":\"https:\\\/\\\/alice.ch\\\/de\\\/dienstleistungen\\\/publikationen-und-produkte\\\/bildungspass\\\/#breadcrumb\",\"itemListElement\":[{\"@type\":\"ListItem\",\"position\":1,\"name\":\"Startseite\",\"item\":\"https:\\\/\\\/alice.ch\\\/de\\\/\"},{\"@type\":\"ListItem\",\"position\":2,\"name\":\"Dienstleistungen\",\"item\":\"https:\\\/\\\/alice.ch\\\/de\\\/dienstleistungen\\\/\"},{\"@type\":\"ListItem\",\"position\":3,\"name\":\"Publikationen und Produkte\",\"item\":\"https:\\\/\\\/alice.ch\\\/de\\\/dienstleistungen\\\/publikationen-und-produkte\\\/\"},{\"@type\":\"ListItem\",\"position\":4,\"name\":\"Bildungspass\"}]},{\"@type\":\"WebSite\",\"@id\":\"https:\\\/\\\/alice.ch\\\/de\\\/#website\",\"url\":\"https:\\\/\\\/alice.ch\\\/de\\\/\",\"name\":\"alice.ch (Adult Learning Information Center) ist das Portal der Weiterbildung in der Schweiz.\",\"description\":\"Schweizerischer Verband f\u00fcr Weiterbildung\",\"publisher\":{\"@id\":\"https:\\\/\\\/alice.ch\\\/de\\\/#organization\"},\"potentialAction\":[{\"@type\":\"SearchAction\",\"target\":{\"@type\":\"EntryPoint\",\"urlTemplate\":\"https:\\\/\\\/alice.ch\\\/de\\\/?s={search_term_string}\"},\"query-input\":{\"@type\":\"PropertyValueSpecification\",\"valueRequired\":true,\"valueName\":\"search_term_string\"}}],\"inLanguage\":\"de\"},{\"@type\":\"Organization\",\"@id\":\"https:\\\/\\\/alice.ch\\\/de\\\/#organization\",\"name\":\"SVEB Schweizerischer Verband f\u00fcr Weiterbildung\",\"url\":\"https:\\\/\\\/alice.ch\\\/de\\\/\",\"logo\":{\"@type\":\"ImageObject\",\"inLanguage\":\"de\",\"@id\":\"https:\\\/\\\/alice.ch\\\/de\\\/#\\\/schema\\\/logo\\\/image\\\/\",\"url\":\"https:\\\/\\\/alice.ch\\\/app\\\/uploads\\\/2022\\\/07\\\/logo-sveb.png\",\"contentUrl\":\"https:\\\/\\\/alice.ch\\\/app\\\/uploads\\\/2022\\\/07\\\/logo-sveb.png\",\"width\":145,\"height\":64,\"caption\":\"SVEB Schweizerischer Verband f\u00fcr Weiterbildung\"},\"image\":{\"@id\":\"https:\\\/\\\/alice.ch\\\/de\\\/#\\\/schema\\\/logo\\\/image\\\/\"},\"sameAs\":[\"https:\\\/\\\/www.linkedin.com\\\/company\\\/schweizerischer-verband-fr-weiterbildung-sveb\\\/\"]}]}<\/script>\n<!-- \/ Yoast SEO plugin. -->","yoast_head_json":{"title":"Bildungspass - SVEB","description":"Der Bildungspass ist ein Nachweis f\u00fcr Ihre Weiterbildung. Er gibt einen \u00dcberblick \u00fcber erworbene Kompetenzen und Qualifikationen.","robots":{"index":"index","follow":"follow","max-snippet":"max-snippet:-1","max-image-preview":"max-image-preview:large","max-video-preview":"max-video-preview:-1"},"canonical":"https:\/\/alice.ch\/de\/dienstleistungen\/publikationen-und-produkte\/bildungspass\/","og_locale":"de_DE","og_type":"article","og_title":"Bildungspass - SVEB","og_description":"Der Bildungspass ist ein Nachweis f\u00fcr Ihre Weiterbildung. Er gibt einen \u00dcberblick \u00fcber erworbene Kompetenzen und Qualifikationen.","og_url":"https:\/\/alice.ch\/de\/dienstleistungen\/publikationen-und-produkte\/bildungspass\/","og_site_name":"SVEB","article_modified_time":"2026-01-07T13:10:47+00:00","og_image":[{"width":986,"height":1384,"url":"https:\/\/alice.ch\/app\/uploads\/2023\/01\/Bildungspass.png","type":"image\/png"}],"twitter_card":"summary_large_image","twitter_misc":{"Gesch\u00e4tzte Lesezeit":"2\u00a0Minuten"},"schema":{"@context":"https:\/\/schema.org","@graph":[{"@type":"WebPage","@id":"https:\/\/alice.ch\/de\/dienstleistungen\/publikationen-und-produkte\/bildungspass\/","url":"https:\/\/alice.ch\/de\/dienstleistungen\/publikationen-und-produkte\/bildungspass\/","name":"Bildungspass - SVEB","isPartOf":{"@id":"https:\/\/alice.ch\/de\/#website"},"primaryImageOfPage":{"@id":"https:\/\/alice.ch\/de\/dienstleistungen\/publikationen-und-produkte\/bildungspass\/#primaryimage"},"image":{"@id":"https:\/\/alice.ch\/de\/dienstleistungen\/publikationen-und-produkte\/bildungspass\/#primaryimage"},"thumbnailUrl":"https:\/\/alice.ch\/app\/uploads\/2022\/11\/default.jpg","datePublished":"2022-10-12T10:14:34+00:00","dateModified":"2026-01-07T13:10:47+00:00","description":"Der Bildungspass ist ein Nachweis f\u00fcr Ihre Weiterbildung. Er gibt einen \u00dcberblick \u00fcber erworbene Kompetenzen und Qualifikationen.","breadcrumb":{"@id":"https:\/\/alice.ch\/de\/dienstleistungen\/publikationen-und-produkte\/bildungspass\/#breadcrumb"},"inLanguage":"de","potentialAction":[{"@type":"ReadAction","target":["https:\/\/alice.ch\/de\/dienstleistungen\/publikationen-und-produkte\/bildungspass\/"]}]},{"@type":"ImageObject","inLanguage":"de","@id":"https:\/\/alice.ch\/de\/dienstleistungen\/publikationen-und-produkte\/bildungspass\/#primaryimage","url":"https:\/\/alice.ch\/app\/uploads\/2022\/11\/default.jpg","contentUrl":"https:\/\/alice.ch\/app\/uploads\/2022\/11\/default.jpg","width":1600,"height":900},{"@type":"BreadcrumbList","@id":"https:\/\/alice.ch\/de\/dienstleistungen\/publikationen-und-produkte\/bildungspass\/#breadcrumb","itemListElement":[{"@type":"ListItem","position":1,"name":"Startseite","item":"https:\/\/alice.ch\/de\/"},{"@type":"ListItem","position":2,"name":"Dienstleistungen","item":"https:\/\/alice.ch\/de\/dienstleistungen\/"},{"@type":"ListItem","position":3,"name":"Publikationen und Produkte","item":"https:\/\/alice.ch\/de\/dienstleistungen\/publikationen-und-produkte\/"},{"@type":"ListItem","position":4,"name":"Bildungspass"}]},{"@type":"WebSite","@id":"https:\/\/alice.ch\/de\/#website","url":"https:\/\/alice.ch\/de\/","name":"alice.ch (Adult Learning Information Center) ist das Portal der Weiterbildung in der Schweiz.","description":"Schweizerischer Verband f\u00fcr Weiterbildung","publisher":{"@id":"https:\/\/alice.ch\/de\/#organization"},"potentialAction":[{"@type":"SearchAction","target":{"@type":"EntryPoint","urlTemplate":"https:\/\/alice.ch\/de\/?s={search_term_string}"},"query-input":{"@type":"PropertyValueSpecification","valueRequired":true,"valueName":"search_term_string"}}],"inLanguage":"de"},{"@type":"Organization","@id":"https:\/\/alice.ch\/de\/#organization","name":"SVEB Schweizerischer Verband f\u00fcr Weiterbildung","url":"https:\/\/alice.ch\/de\/","logo":{"@type":"ImageObject","inLanguage":"de","@id":"https:\/\/alice.ch\/de\/#\/schema\/logo\/image\/","url":"https:\/\/alice.ch\/app\/uploads\/2022\/07\/logo-sveb.png","contentUrl":"https:\/\/alice.ch\/app\/uploads\/2022\/07\/logo-sveb.png","width":145,"height":64,"caption":"SVEB Schweizerischer Verband f\u00fcr Weiterbildung"},"image":{"@id":"https:\/\/alice.ch\/de\/#\/schema\/logo\/image\/"},"sameAs":["https:\/\/www.linkedin.com\/company\/schweizerischer-verband-fr-weiterbildung-sveb\/"]}]}},"_links":{"self":[{"href":"https:\/\/alice.ch\/de\/wp-json\/wp\/v2\/pages\/3092","targetHints":{"allow":["GET"]}}],"collection":[{"href":"https:\/\/alice.ch\/de\/wp-json\/wp\/v2\/pages"}],"about":[{"href":"https:\/\/alice.ch\/de\/wp-json\/wp\/v2\/types\/page"}],"author":[{"embeddable":true,"href":"https:\/\/alice.ch\/de\/wp-json\/wp\/v2\/users\/4"}],"replies":[{"embeddable":true,"href":"https:\/\/alice.ch\/de\/wp-json\/wp\/v2\/comments?post=3092"}],"version-history":[{"count":66,"href":"https:\/\/alice.ch\/de\/wp-json\/wp\/v2\/pages\/3092\/revisions"}],"predecessor-version":[{"id":72846,"href":"https:\/\/alice.ch\/de\/wp-json\/wp\/v2\/pages\/3092\/revisions\/72846"}],"up":[{"embeddable":true,"href":"https:\/\/alice.ch\/de\/wp-json\/wp\/v2\/pages\/435"}],"wp:featuredmedia":[{"embeddable":true,"href":"https:\/\/alice.ch\/de\/wp-json\/wp\/v2\/media\/20799"}],"wp:attachment":[{"href":"https:\/\/alice.ch\/de\/wp-json\/wp\/v2\/media?parent=3092"}],"curies":[{"name":"wp","href":"https:\/\/api.w.org\/{rel}","templated":true}]}}