{"id":3106,"date":"2022-10-12T12:51:59","date_gmt":"2022-10-12T10:51:59","guid":{"rendered":"https:\/\/projects.atxeit.ch\/sveb\/?page_id=3106"},"modified":"2025-02-12T10:20:20","modified_gmt":"2025-02-12T09:20:20","slug":"stelleninserat-ausschreiben","status":"publish","type":"page","link":"https:\/\/alice.ch\/de\/dienstleistungen\/stellenmarkt\/stelleninserat-ausschreiben\/","title":{"rendered":"Stelleninserat ausschreiben"},"content":{"rendered":"\n<div class=\"wp-block-group is-style-reduced-width is-layout-flow wp-block-group-is-layout-flow\">\n<h1 class=\"wp-block-heading\">Bildungsprofis oder Fachpersonal in der Weiterbildung gesucht?<\/h1>\n\n\n\n<p>Dank der Zusammenarbeit mit der Firma Guidle AG k\u00f6nnen Sie hier Ihr Stellenangebot selber erfassen. Guidle vermittelt digitale Anzeigen in der Schweiz. Nach der Erfassung durch Sie wird Ihre Stellenanzeige durch uns gepr\u00fcft und aufgeschaltet. Diese Dienstleistung offerieren wir Ihnen f\u00fcr CHF 140.00 (Personalvermittler CHF 300.00).\u00a0<a href=\"https:\/\/alice.ch\/de\/sveb\/mitgliedschaft\/\">Mitglieder<\/a> erhalten 20% Rabatt.<\/p>\n\n\n\n<p>Weitere Stellenangebote f\u00fcr die Weiterbildungsbranche auf unserer Plattform werden von&nbsp;<a href=\"https:\/\/www.jobs.ch\/de\/\" target=\"_blank\" rel=\"noreferrer noopener\">www.jobs.ch<\/a>&nbsp;zur Verf\u00fcgung gestellt. Dadurch k\u00f6nnen wir den umfassendsten \u00dcberblick offener Stellen innerhalb der Weiterbildungsbranche bieten.<\/p>\n\n\n\n<h2 class=\"wp-block-heading\">Stelleninserat ausschreiben<\/h2>\n\n\n\n<script src=\"\/\/ajax.googleapis.com\/ajax\/libs\/jquery\/2.1.3\/jquery.min.js\"><\/script>\n    <script type=\"text\/javascript\" src=\"https:\/\/www.guidle.com\/js\/jquery.ba-postmessage.min.js\"><\/script>\n    <script type=\"text\/javascript\" src=\"https:\/\/www.guidle.com\/js\/jquery.iframe-postmessage2.js\"><\/script>\n\n    <iframe name=\"guidle_iframe\" src=\" https:\/\/www.guidle.com\/fastTrackOffer.jsf?id=343535223&amp;template=7&amp;customWidth=650&amp;changeLocale=de&amp;host=www.alice.ch&amp;skipBrowserChecking=true&amp;parent_url=https%3A%2F%2Falice.ch%2Fde%2Fdienstleistungen%2Fstellenmarkt%2Fstelle-ausschreiben%2F\" allowtransparency=\"yes\" scrolling=\"no\" style=\"width:1px;min-width:100%\" id=\"guidle_iframe\" height=\"1450\" frameborder=\"0\"><\/iframe>\n\n\n\n<h2 class=\"wp-block-heading\">Weitere Informationen<\/h2>\n\n\n\n<div class=\"wp-block-buttons is-layout-flex wp-block-buttons-is-layout-flex\">\n<div class=\"wp-block-button has-custom-width wp-block-button__width-50 is-style-outline is-style-outline--1\"><a class=\"wp-block-button__link wp-element-button\" href=\"https:\/\/alice.ch\/de\/dienstleistungen\/stellenmarkt\/\">Stellenmarkt<\/a><\/div>\n<\/div>\n\n\n\n<h2 class=\"wp-block-heading\">Kontakt<\/h2>\n\n\n\n<div class=\"wp-block-columns is-layout-flex wp-container-core-columns-is-layout-28f84493 wp-block-columns-is-layout-flex\">\n<div class=\"wp-block-column is-layout-flow wp-block-column-is-layout-flow\" style=\"flex-basis:50%\"><div class=\"contact-persons\">\n\n\t\t\t\t\t<div class=\"contact-person\">\n\t\t\t\t\tDaniel Meister<br \/>\t\t\t\t\tMitarbeiter Marketing und Events<br \/>\t\t\t\t\t<br \/>\n\t\t\t\t\t\t\t\t\t\t<a href=\"tel:+41 (0)44 319 71 77\">+41 (0)44 319 71 77<\/a><br \/>\t\t\t\t\t<a href=\"mailto:daniel.meister@alice.ch\">daniel.meister@alice.ch<\/a><br \/>\t\t\t\t\t<\/div>\n\t\t\t\t\t<\/div>\n<\/div>\n\n\n\n<div class=\"wp-block-column is-layout-flow wp-block-column-is-layout-flow\" style=\"flex-basis:50%\"><\/div>\n<\/div>\n<\/div>\n\n\n\n<p><\/p>\n","protected":false},"excerpt":{"rendered":"<p>Bildungsprofis oder Fachpersonal in der Weiterbildung gesucht? Dank der Zusammenarbeit mit der Firma Guidle AG k\u00f6nnen Sie hier Ihr Stellenangebot [&hellip;]<\/p>\n","protected":false},"author":4,"featured_media":20799,"parent":45,"menu_order":356,"comment_status":"closed","ping_status":"closed","template":"","meta":{"_acf_changed":false,"inline_featured_image":false,"footnotes":""},"class_list":["post-3106","page","type-page","status-publish","has-post-thumbnail","hentry"],"acf":[],"yoast_head":"<!-- This site is optimized with the Yoast SEO plugin v27.3 - https:\/\/yoast.com\/product\/yoast-seo-wordpress\/ -->\n<title>Stelleninserat ausschreiben - SVEB<\/title>\n<meta name=\"description\" content=\"Erh\u00f6hen Sie die Sichtbarkeit Ihres Stelleninserats und publizieren Sie Ihr Stellenangebot auf der Website des SVEB.\" \/>\n<meta name=\"robots\" content=\"index, follow, max-snippet:-1, max-image-preview:large, max-video-preview:-1\" \/>\n<link rel=\"canonical\" href=\"https:\/\/alice.ch\/de\/dienstleistungen\/stellenmarkt\/stelleninserat-ausschreiben\/\" \/>\n<meta property=\"og:locale\" content=\"de_DE\" \/>\n<meta property=\"og:type\" content=\"article\" \/>\n<meta property=\"og:title\" content=\"Stelleninserat ausschreiben - SVEB\" \/>\n<meta property=\"og:description\" content=\"Erh\u00f6hen Sie die Sichtbarkeit Ihres Stelleninserats und publizieren Sie Ihr Stellenangebot auf der Website des SVEB.\" \/>\n<meta property=\"og:url\" content=\"https:\/\/alice.ch\/de\/dienstleistungen\/stellenmarkt\/stelleninserat-ausschreiben\/\" \/>\n<meta property=\"og:site_name\" content=\"SVEB\" \/>\n<meta property=\"article:modified_time\" content=\"2025-02-12T09:20:20+00:00\" \/>\n<meta name=\"twitter:card\" content=\"summary_large_image\" \/>\n<meta name=\"twitter:label1\" content=\"Gesch\u00e4tzte Lesezeit\" \/>\n\t<meta name=\"twitter:data1\" content=\"1\u00a0Minute\" \/>\n<script type=\"application\/ld+json\" class=\"yoast-schema-graph\">{\"@context\":\"https:\\\/\\\/schema.org\",\"@graph\":[{\"@type\":\"WebPage\",\"@id\":\"https:\\\/\\\/alice.ch\\\/de\\\/dienstleistungen\\\/stellenmarkt\\\/stelleninserat-ausschreiben\\\/\",\"url\":\"https:\\\/\\\/alice.ch\\\/de\\\/dienstleistungen\\\/stellenmarkt\\\/stelleninserat-ausschreiben\\\/\",\"name\":\"Stelleninserat ausschreiben - SVEB\",\"isPartOf\":{\"@id\":\"https:\\\/\\\/alice.ch\\\/de\\\/#website\"},\"primaryImageOfPage\":{\"@id\":\"https:\\\/\\\/alice.ch\\\/de\\\/dienstleistungen\\\/stellenmarkt\\\/stelleninserat-ausschreiben\\\/#primaryimage\"},\"image\":{\"@id\":\"https:\\\/\\\/alice.ch\\\/de\\\/dienstleistungen\\\/stellenmarkt\\\/stelleninserat-ausschreiben\\\/#primaryimage\"},\"thumbnailUrl\":\"https:\\\/\\\/alice.ch\\\/app\\\/uploads\\\/2022\\\/11\\\/default.jpg\",\"datePublished\":\"2022-10-12T10:51:59+00:00\",\"dateModified\":\"2025-02-12T09:20:20+00:00\",\"description\":\"Erh\u00f6hen Sie die Sichtbarkeit Ihres Stelleninserats und publizieren Sie Ihr Stellenangebot auf der Website des SVEB.\",\"breadcrumb\":{\"@id\":\"https:\\\/\\\/alice.ch\\\/de\\\/dienstleistungen\\\/stellenmarkt\\\/stelleninserat-ausschreiben\\\/#breadcrumb\"},\"inLanguage\":\"de\",\"potentialAction\":[{\"@type\":\"ReadAction\",\"target\":[\"https:\\\/\\\/alice.ch\\\/de\\\/dienstleistungen\\\/stellenmarkt\\\/stelleninserat-ausschreiben\\\/\"]}]},{\"@type\":\"ImageObject\",\"inLanguage\":\"de\",\"@id\":\"https:\\\/\\\/alice.ch\\\/de\\\/dienstleistungen\\\/stellenmarkt\\\/stelleninserat-ausschreiben\\\/#primaryimage\",\"url\":\"https:\\\/\\\/alice.ch\\\/app\\\/uploads\\\/2022\\\/11\\\/default.jpg\",\"contentUrl\":\"https:\\\/\\\/alice.ch\\\/app\\\/uploads\\\/2022\\\/11\\\/default.jpg\",\"width\":1600,\"height\":900},{\"@type\":\"BreadcrumbList\",\"@id\":\"https:\\\/\\\/alice.ch\\\/de\\\/dienstleistungen\\\/stellenmarkt\\\/stelleninserat-ausschreiben\\\/#breadcrumb\",\"itemListElement\":[{\"@type\":\"ListItem\",\"position\":1,\"name\":\"Startseite\",\"item\":\"https:\\\/\\\/alice.ch\\\/de\\\/\"},{\"@type\":\"ListItem\",\"position\":2,\"name\":\"Dienstleistungen\",\"item\":\"https:\\\/\\\/alice.ch\\\/de\\\/dienstleistungen\\\/\"},{\"@type\":\"ListItem\",\"position\":3,\"name\":\"Stellenmarkt\",\"item\":\"https:\\\/\\\/alice.ch\\\/de\\\/dienstleistungen\\\/stellenmarkt\\\/\"},{\"@type\":\"ListItem\",\"position\":4,\"name\":\"Stelleninserat ausschreiben\"}]},{\"@type\":\"WebSite\",\"@id\":\"https:\\\/\\\/alice.ch\\\/de\\\/#website\",\"url\":\"https:\\\/\\\/alice.ch\\\/de\\\/\",\"name\":\"alice.ch (Adult Learning Information Center) ist das Portal der Weiterbildung in der Schweiz.\",\"description\":\"Schweizerischer Verband f\u00fcr Weiterbildung\",\"publisher\":{\"@id\":\"https:\\\/\\\/alice.ch\\\/de\\\/#organization\"},\"potentialAction\":[{\"@type\":\"SearchAction\",\"target\":{\"@type\":\"EntryPoint\",\"urlTemplate\":\"https:\\\/\\\/alice.ch\\\/de\\\/?s={search_term_string}\"},\"query-input\":{\"@type\":\"PropertyValueSpecification\",\"valueRequired\":true,\"valueName\":\"search_term_string\"}}],\"inLanguage\":\"de\"},{\"@type\":\"Organization\",\"@id\":\"https:\\\/\\\/alice.ch\\\/de\\\/#organization\",\"name\":\"SVEB Schweizerischer Verband f\u00fcr Weiterbildung\",\"url\":\"https:\\\/\\\/alice.ch\\\/de\\\/\",\"logo\":{\"@type\":\"ImageObject\",\"inLanguage\":\"de\",\"@id\":\"https:\\\/\\\/alice.ch\\\/de\\\/#\\\/schema\\\/logo\\\/image\\\/\",\"url\":\"https:\\\/\\\/alice.ch\\\/app\\\/uploads\\\/2022\\\/07\\\/logo-sveb.png\",\"contentUrl\":\"https:\\\/\\\/alice.ch\\\/app\\\/uploads\\\/2022\\\/07\\\/logo-sveb.png\",\"width\":145,\"height\":64,\"caption\":\"SVEB Schweizerischer Verband f\u00fcr Weiterbildung\"},\"image\":{\"@id\":\"https:\\\/\\\/alice.ch\\\/de\\\/#\\\/schema\\\/logo\\\/image\\\/\"},\"sameAs\":[\"https:\\\/\\\/www.linkedin.com\\\/company\\\/schweizerischer-verband-fr-weiterbildung-sveb\\\/\"]}]}<\/script>\n<!-- \/ Yoast SEO plugin. -->","yoast_head_json":{"title":"Stelleninserat ausschreiben - SVEB","description":"Erh\u00f6hen Sie die Sichtbarkeit Ihres Stelleninserats und publizieren Sie Ihr Stellenangebot auf der Website des SVEB.","robots":{"index":"index","follow":"follow","max-snippet":"max-snippet:-1","max-image-preview":"max-image-preview:large","max-video-preview":"max-video-preview:-1"},"canonical":"https:\/\/alice.ch\/de\/dienstleistungen\/stellenmarkt\/stelleninserat-ausschreiben\/","og_locale":"de_DE","og_type":"article","og_title":"Stelleninserat ausschreiben - SVEB","og_description":"Erh\u00f6hen Sie die Sichtbarkeit Ihres Stelleninserats und publizieren Sie Ihr Stellenangebot auf der Website des SVEB.","og_url":"https:\/\/alice.ch\/de\/dienstleistungen\/stellenmarkt\/stelleninserat-ausschreiben\/","og_site_name":"SVEB","article_modified_time":"2025-02-12T09:20:20+00:00","twitter_card":"summary_large_image","twitter_misc":{"Gesch\u00e4tzte Lesezeit":"1\u00a0Minute"},"schema":{"@context":"https:\/\/schema.org","@graph":[{"@type":"WebPage","@id":"https:\/\/alice.ch\/de\/dienstleistungen\/stellenmarkt\/stelleninserat-ausschreiben\/","url":"https:\/\/alice.ch\/de\/dienstleistungen\/stellenmarkt\/stelleninserat-ausschreiben\/","name":"Stelleninserat ausschreiben - SVEB","isPartOf":{"@id":"https:\/\/alice.ch\/de\/#website"},"primaryImageOfPage":{"@id":"https:\/\/alice.ch\/de\/dienstleistungen\/stellenmarkt\/stelleninserat-ausschreiben\/#primaryimage"},"image":{"@id":"https:\/\/alice.ch\/de\/dienstleistungen\/stellenmarkt\/stelleninserat-ausschreiben\/#primaryimage"},"thumbnailUrl":"https:\/\/alice.ch\/app\/uploads\/2022\/11\/default.jpg","datePublished":"2022-10-12T10:51:59+00:00","dateModified":"2025-02-12T09:20:20+00:00","description":"Erh\u00f6hen Sie die Sichtbarkeit Ihres Stelleninserats und publizieren Sie Ihr Stellenangebot auf der Website des SVEB.","breadcrumb":{"@id":"https:\/\/alice.ch\/de\/dienstleistungen\/stellenmarkt\/stelleninserat-ausschreiben\/#breadcrumb"},"inLanguage":"de","potentialAction":[{"@type":"ReadAction","target":["https:\/\/alice.ch\/de\/dienstleistungen\/stellenmarkt\/stelleninserat-ausschreiben\/"]}]},{"@type":"ImageObject","inLanguage":"de","@id":"https:\/\/alice.ch\/de\/dienstleistungen\/stellenmarkt\/stelleninserat-ausschreiben\/#primaryimage","url":"https:\/\/alice.ch\/app\/uploads\/2022\/11\/default.jpg","contentUrl":"https:\/\/alice.ch\/app\/uploads\/2022\/11\/default.jpg","width":1600,"height":900},{"@type":"BreadcrumbList","@id":"https:\/\/alice.ch\/de\/dienstleistungen\/stellenmarkt\/stelleninserat-ausschreiben\/#breadcrumb","itemListElement":[{"@type":"ListItem","position":1,"name":"Startseite","item":"https:\/\/alice.ch\/de\/"},{"@type":"ListItem","position":2,"name":"Dienstleistungen","item":"https:\/\/alice.ch\/de\/dienstleistungen\/"},{"@type":"ListItem","position":3,"name":"Stellenmarkt","item":"https:\/\/alice.ch\/de\/dienstleistungen\/stellenmarkt\/"},{"@type":"ListItem","position":4,"name":"Stelleninserat ausschreiben"}]},{"@type":"WebSite","@id":"https:\/\/alice.ch\/de\/#website","url":"https:\/\/alice.ch\/de\/","name":"alice.ch (Adult Learning Information Center) ist das Portal der Weiterbildung in der Schweiz.","description":"Schweizerischer Verband f\u00fcr Weiterbildung","publisher":{"@id":"https:\/\/alice.ch\/de\/#organization"},"potentialAction":[{"@type":"SearchAction","target":{"@type":"EntryPoint","urlTemplate":"https:\/\/alice.ch\/de\/?s={search_term_string}"},"query-input":{"@type":"PropertyValueSpecification","valueRequired":true,"valueName":"search_term_string"}}],"inLanguage":"de"},{"@type":"Organization","@id":"https:\/\/alice.ch\/de\/#organization","name":"SVEB Schweizerischer Verband f\u00fcr Weiterbildung","url":"https:\/\/alice.ch\/de\/","logo":{"@type":"ImageObject","inLanguage":"de","@id":"https:\/\/alice.ch\/de\/#\/schema\/logo\/image\/","url":"https:\/\/alice.ch\/app\/uploads\/2022\/07\/logo-sveb.png","contentUrl":"https:\/\/alice.ch\/app\/uploads\/2022\/07\/logo-sveb.png","width":145,"height":64,"caption":"SVEB Schweizerischer Verband f\u00fcr Weiterbildung"},"image":{"@id":"https:\/\/alice.ch\/de\/#\/schema\/logo\/image\/"},"sameAs":["https:\/\/www.linkedin.com\/company\/schweizerischer-verband-fr-weiterbildung-sveb\/"]}]}},"_links":{"self":[{"href":"https:\/\/alice.ch\/de\/wp-json\/wp\/v2\/pages\/3106","targetHints":{"allow":["GET"]}}],"collection":[{"href":"https:\/\/alice.ch\/de\/wp-json\/wp\/v2\/pages"}],"about":[{"href":"https:\/\/alice.ch\/de\/wp-json\/wp\/v2\/types\/page"}],"author":[{"embeddable":true,"href":"https:\/\/alice.ch\/de\/wp-json\/wp\/v2\/users\/4"}],"replies":[{"embeddable":true,"href":"https:\/\/alice.ch\/de\/wp-json\/wp\/v2\/comments?post=3106"}],"version-history":[{"count":17,"href":"https:\/\/alice.ch\/de\/wp-json\/wp\/v2\/pages\/3106\/revisions"}],"predecessor-version":[{"id":66079,"href":"https:\/\/alice.ch\/de\/wp-json\/wp\/v2\/pages\/3106\/revisions\/66079"}],"up":[{"embeddable":true,"href":"https:\/\/alice.ch\/de\/wp-json\/wp\/v2\/pages\/45"}],"wp:featuredmedia":[{"embeddable":true,"href":"https:\/\/alice.ch\/de\/wp-json\/wp\/v2\/media\/20799"}],"wp:attachment":[{"href":"https:\/\/alice.ch\/de\/wp-json\/wp\/v2\/media?parent=3106"}],"curies":[{"name":"wp","href":"https:\/\/api.w.org\/{rel}","templated":true}]}}