{"id":3139,"date":"2022-10-12T16:22:51","date_gmt":"2022-10-12T14:22:51","guid":{"rendered":"https:\/\/projects.atxeit.ch\/sveb\/?page_id=3139"},"modified":"2023-04-23T11:02:49","modified_gmt":"2023-04-23T09:02:49","slug":"confintea-vii","status":"publish","type":"page","link":"https:\/\/alice.ch\/de\/themen\/weiterbildung-international\/strategien\/confintea-vii\/","title":{"rendered":"CONFINTEA VII"},"content":{"rendered":"\n<div class=\"wp-block-group is-style-reduced-width is-layout-constrained wp-block-group-is-layout-constrained\">\n<h1 class=\"wp-block-heading\">CONFINTEA VII (2022)<\/h1>\n\n\n\n<p>Die&nbsp;<a href=\"https:\/\/uil.unesco.org\/adult-education\/confintea\/seventh-international-conference-adult-education-confintea-vii\" target=\"_blank\" rel=\"noreferrer noopener\">CONFINTEA VII<\/a>&nbsp;hat vom 15.\u201317. Juni 2022 in Marokko stattgefunden. Die schweizerische UNESCO-Kommission, angesiedelt beim Eidgen\u00f6ssischen Departement f\u00fcr ausw\u00e4rtige Angelegenheiten EDA, koordinierte die Beteiligung der Schweiz am CONFINTEA-Prozess. Der SVEB hat als Teil dieser Delegation die zivilgesellschaftlichen Anliegen eingebracht und vertreten.<\/p>\n\n\n\n<p>An der CONFINTEA VII haben sich Teilnehmende mit Strategien zur effektiven Weiterbildung und Bildungspolitik aus der Perspektive des lebenslangen Lernens und im Rahmen der UN-Ziele f\u00fcr nachhaltige Entwicklung (SDGs) befasst. In Anbetracht der laufenden Fortschritte im Bereich der k\u00fcnstlichen Intelligenz wurde dem Einsatz von Informations- und Kommunikationstechnologien zur F\u00f6rderung des Zugangs zur Erwachsenenbildung besondere Aufmerksamkeit gewidmet.<\/p>\n\n\n\n<h2 class=\"wp-block-heading\">Workshop-Reihe zur&nbsp;CONFINTEA&nbsp;<\/h2>\n\n\n\n<p>Als Vorbereitung auf die&nbsp;CONFINTEA VII organisierte der SVEB 2021 und 2022 in Zusammenarbeit mit dem Weltverband f\u00fcr Weiterbildung&nbsp;<a href=\"http:\/\/icae.global\/\" target=\"_blank\" rel=\"noreferrer noopener\">(ICAE)<\/a>&nbsp;eine Workshop-Reihe zu Schl\u00fcsselthemen der Konferenz. In den Workshops wurden&nbsp;Themen&nbsp;in einen internationalen, fachlichen Diskurs eingebettet und&nbsp;im Kontext der Schweiz diskutiert.<\/p>\n\n\n\n<p>Diese Workshop-Reihe&nbsp;richtete sich an Schweizer Weiterbildungsakteure und f\u00f6rderte die Sichtbarkeit des CONFINTEA-Prozesses in der Schweiz.&nbsp;Der SVEB hat damit die Schweizer Weiterbildungsanbieter zum Austausch zu den Schl\u00fcsselthemen angeregt und ihre Anliegen aufgenommen.<\/p>\n\n\n\n<h3 class=\"wp-block-heading\">Workshop III: Rolle der Weiterbildung im Klimaschutz<\/h3>\n\n\n\n<p>Der Workshop vom 21.4.22 befasste sich damit, wie die Weiterbildung mit passenden Lernangeboten dazu beitragen kann, dass Erwachsene Kompetenzen erwerben und erweitern, um sich klimabewusst zu verhalten. Damit \u00fcbernimmt die Erwachsenenbildung eine wichtige Rolle im Umweltschutz. Das Programm finden Sie im&nbsp;<a href=\"https:\/\/alice.ch\/de\/aktuell\/events\/vergangene-veranstaltungen\/\">SVEB-Veranstaltungsarchiv<\/a>.<\/p>\n\n\n\n<h3 class=\"wp-block-heading\">Workshop II: Professionalisierung<\/h3>\n\n\n\n<p>Der Workshop vom 8.12.21 behandelte die Professionalisierung der Weiterbildung.&nbsp;Im Zentrum standen die internationalen Tendenzen in der Professionalisierung, aber auch die&nbsp;Transferierbarkeit&nbsp;des Schweizer&nbsp;AdA-Baukastensystems. Das Programm, die Pr\u00e4sentationen sowie die Aufzeichnung finden Sie im&nbsp;<a href=\"https:\/\/alice.ch\/de\/aktuell\/events\/vergangene-veranstaltungen\/\">SVEB-Veranstaltungsarchiv<\/a>.<\/p>\n\n\n\n<h3 class=\"wp-block-heading\">Workshop I: Finanzierung<\/h3>\n\n\n\n<p>Am 30.6.21 befasste sich der erste Workshop mit der Finanzierung in der Weiterbildung.\u202fEs wurden&nbsp;Herausforderungen auf nationaler Ebene\u202fdiskutiert und mit den internationalen Entwicklungen verglichen. Prof. Katarina Popovic&nbsp;(Generalsekret\u00e4rin ICAE)&nbsp;pr\u00e4sentierte verschiedene Modelle der Finanzierung der Weiterbildung. Sie zeigte verschiedene, internationale&nbsp;Tendenzen in der Weiterbildung&nbsp;auf.&nbsp;Weiter berichtete Dr. Dieter Dohmen (Direktor&nbsp;<a href=\"https:\/\/www.fibs.eu\/\" target=\"_blank\" rel=\"noreferrer noopener\">FiBS<\/a>)&nbsp;zu Entwicklungen der Finanzierung von berufsorientierter Weiterbildung in Deutschland.&nbsp;Beide Inputs k\u00f6nnen als&nbsp;<a href=\"https:\/\/www.youtube.com\/watch?v=6C7wwCO_bDQ&amp;t=7s\" target=\"_blank\" rel=\"noreferrer noopener\">Video<\/a>&nbsp;angesehen werden.<\/p>\n\n\n\n<h2 class=\"wp-block-heading\">Kontakt<\/h2>\n\n\n\n<div class=\"wp-block-columns is-layout-flex wp-container-core-columns-is-layout-28f84493 wp-block-columns-is-layout-flex\">\n<div class=\"wp-block-column is-layout-flow wp-block-column-is-layout-flow\" style=\"flex-basis:50%\"><div class=\"contact-persons\">\n\n\t\t\t\t\t<div class=\"contact-person\">\n\t\t\t\t\tBernhard Gr\u00e4miger<br \/>\t\t\t\t\tDirektor<br \/>\t\t\t\t\t<br \/>\n\t\t\t\t\t\t\t\t\t\t<a href=\"tel:+41 (0)44 319 71 61\">+41 (0)44 319 71 61<\/a><br \/>\t\t\t\t\t<a href=\"mailto:bernhard.graemiger@alice.ch\">bernhard.graemiger@alice.ch<\/a><br \/>\t\t\t\t\t<\/div>\n\t\t\t\t\t<\/div>\n<\/div>\n\n\n\n<div class=\"wp-block-column is-layout-flow wp-block-column-is-layout-flow\" style=\"flex-basis:50%\"><\/div>\n<\/div>\n<\/div>\n","protected":false},"excerpt":{"rendered":"<p>CONFINTEA VII (2022) Die&nbsp;CONFINTEA VII&nbsp;hat vom 15.\u201317. Juni 2022 in Marokko stattgefunden. Die schweizerische UNESCO-Kommission, angesiedelt beim Eidgen\u00f6ssischen Departement f\u00fcr [&hellip;]<\/p>\n","protected":false},"author":4,"featured_media":20799,"parent":407,"menu_order":107,"comment_status":"closed","ping_status":"closed","template":"","meta":{"_acf_changed":false,"inline_featured_image":false,"footnotes":""},"class_list":["post-3139","page","type-page","status-publish","has-post-thumbnail","hentry"],"acf":[],"yoast_head":"<!-- This site is optimized with the Yoast SEO plugin v27.3 - https:\/\/yoast.com\/product\/yoast-seo-wordpress\/ -->\n<title>CONFINTEA VII - SVEB<\/title>\n<meta name=\"robots\" content=\"index, follow, max-snippet:-1, max-image-preview:large, max-video-preview:-1\" \/>\n<link rel=\"canonical\" href=\"https:\/\/alice.ch\/de\/themen\/weiterbildung-international\/strategien\/confintea-vii\/\" \/>\n<meta property=\"og:locale\" content=\"de_DE\" \/>\n<meta property=\"og:type\" content=\"article\" \/>\n<meta property=\"og:title\" content=\"CONFINTEA VII - SVEB\" \/>\n<meta property=\"og:description\" content=\"CONFINTEA VII (2022) Die&nbsp;CONFINTEA VII&nbsp;hat vom 15.\u201317. Juni 2022 in Marokko stattgefunden. Die schweizerische UNESCO-Kommission, angesiedelt beim Eidgen\u00f6ssischen Departement f\u00fcr [&hellip;]\" \/>\n<meta property=\"og:url\" content=\"https:\/\/alice.ch\/de\/themen\/weiterbildung-international\/strategien\/confintea-vii\/\" \/>\n<meta property=\"og:site_name\" content=\"SVEB\" \/>\n<meta property=\"article:modified_time\" content=\"2023-04-23T09:02:49+00:00\" \/>\n<meta name=\"twitter:card\" content=\"summary_large_image\" \/>\n<meta name=\"twitter:label1\" content=\"Gesch\u00e4tzte Lesezeit\" \/>\n\t<meta name=\"twitter:data1\" content=\"2\u00a0Minuten\" \/>\n<script type=\"application\/ld+json\" class=\"yoast-schema-graph\">{\"@context\":\"https:\\\/\\\/schema.org\",\"@graph\":[{\"@type\":\"WebPage\",\"@id\":\"https:\\\/\\\/alice.ch\\\/de\\\/themen\\\/weiterbildung-international\\\/strategien\\\/confintea-vii\\\/\",\"url\":\"https:\\\/\\\/alice.ch\\\/de\\\/themen\\\/weiterbildung-international\\\/strategien\\\/confintea-vii\\\/\",\"name\":\"CONFINTEA VII - SVEB\",\"isPartOf\":{\"@id\":\"https:\\\/\\\/alice.ch\\\/de\\\/#website\"},\"primaryImageOfPage\":{\"@id\":\"https:\\\/\\\/alice.ch\\\/de\\\/themen\\\/weiterbildung-international\\\/strategien\\\/confintea-vii\\\/#primaryimage\"},\"image\":{\"@id\":\"https:\\\/\\\/alice.ch\\\/de\\\/themen\\\/weiterbildung-international\\\/strategien\\\/confintea-vii\\\/#primaryimage\"},\"thumbnailUrl\":\"https:\\\/\\\/alice.ch\\\/app\\\/uploads\\\/2022\\\/11\\\/default.jpg\",\"datePublished\":\"2022-10-12T14:22:51+00:00\",\"dateModified\":\"2023-04-23T09:02:49+00:00\",\"breadcrumb\":{\"@id\":\"https:\\\/\\\/alice.ch\\\/de\\\/themen\\\/weiterbildung-international\\\/strategien\\\/confintea-vii\\\/#breadcrumb\"},\"inLanguage\":\"de\",\"potentialAction\":[{\"@type\":\"ReadAction\",\"target\":[\"https:\\\/\\\/alice.ch\\\/de\\\/themen\\\/weiterbildung-international\\\/strategien\\\/confintea-vii\\\/\"]}]},{\"@type\":\"ImageObject\",\"inLanguage\":\"de\",\"@id\":\"https:\\\/\\\/alice.ch\\\/de\\\/themen\\\/weiterbildung-international\\\/strategien\\\/confintea-vii\\\/#primaryimage\",\"url\":\"https:\\\/\\\/alice.ch\\\/app\\\/uploads\\\/2022\\\/11\\\/default.jpg\",\"contentUrl\":\"https:\\\/\\\/alice.ch\\\/app\\\/uploads\\\/2022\\\/11\\\/default.jpg\",\"width\":1600,\"height\":900},{\"@type\":\"BreadcrumbList\",\"@id\":\"https:\\\/\\\/alice.ch\\\/de\\\/themen\\\/weiterbildung-international\\\/strategien\\\/confintea-vii\\\/#breadcrumb\",\"itemListElement\":[{\"@type\":\"ListItem\",\"position\":1,\"name\":\"Startseite\",\"item\":\"https:\\\/\\\/alice.ch\\\/de\\\/\"},{\"@type\":\"ListItem\",\"position\":2,\"name\":\"Themen\",\"item\":\"https:\\\/\\\/alice.ch\\\/de\\\/themen\\\/\"},{\"@type\":\"ListItem\",\"position\":3,\"name\":\"Weiterbildung international\",\"item\":\"https:\\\/\\\/alice.ch\\\/de\\\/themen\\\/weiterbildung-international\\\/\"},{\"@type\":\"ListItem\",\"position\":4,\"name\":\"Strategien\",\"item\":\"https:\\\/\\\/alice.ch\\\/de\\\/themen\\\/weiterbildung-international\\\/strategien\\\/\"},{\"@type\":\"ListItem\",\"position\":5,\"name\":\"CONFINTEA VII\"}]},{\"@type\":\"WebSite\",\"@id\":\"https:\\\/\\\/alice.ch\\\/de\\\/#website\",\"url\":\"https:\\\/\\\/alice.ch\\\/de\\\/\",\"name\":\"alice.ch (Adult Learning Information Center) ist das Portal der Weiterbildung in der Schweiz.\",\"description\":\"Schweizerischer Verband f\u00fcr Weiterbildung\",\"publisher\":{\"@id\":\"https:\\\/\\\/alice.ch\\\/de\\\/#organization\"},\"potentialAction\":[{\"@type\":\"SearchAction\",\"target\":{\"@type\":\"EntryPoint\",\"urlTemplate\":\"https:\\\/\\\/alice.ch\\\/de\\\/?s={search_term_string}\"},\"query-input\":{\"@type\":\"PropertyValueSpecification\",\"valueRequired\":true,\"valueName\":\"search_term_string\"}}],\"inLanguage\":\"de\"},{\"@type\":\"Organization\",\"@id\":\"https:\\\/\\\/alice.ch\\\/de\\\/#organization\",\"name\":\"SVEB Schweizerischer Verband f\u00fcr Weiterbildung\",\"url\":\"https:\\\/\\\/alice.ch\\\/de\\\/\",\"logo\":{\"@type\":\"ImageObject\",\"inLanguage\":\"de\",\"@id\":\"https:\\\/\\\/alice.ch\\\/de\\\/#\\\/schema\\\/logo\\\/image\\\/\",\"url\":\"https:\\\/\\\/alice.ch\\\/app\\\/uploads\\\/2022\\\/07\\\/logo-sveb.png\",\"contentUrl\":\"https:\\\/\\\/alice.ch\\\/app\\\/uploads\\\/2022\\\/07\\\/logo-sveb.png\",\"width\":145,\"height\":64,\"caption\":\"SVEB Schweizerischer Verband f\u00fcr Weiterbildung\"},\"image\":{\"@id\":\"https:\\\/\\\/alice.ch\\\/de\\\/#\\\/schema\\\/logo\\\/image\\\/\"},\"sameAs\":[\"https:\\\/\\\/www.linkedin.com\\\/company\\\/schweizerischer-verband-fr-weiterbildung-sveb\\\/\"]}]}<\/script>\n<!-- \/ Yoast SEO plugin. -->","yoast_head_json":{"title":"CONFINTEA VII - SVEB","robots":{"index":"index","follow":"follow","max-snippet":"max-snippet:-1","max-image-preview":"max-image-preview:large","max-video-preview":"max-video-preview:-1"},"canonical":"https:\/\/alice.ch\/de\/themen\/weiterbildung-international\/strategien\/confintea-vii\/","og_locale":"de_DE","og_type":"article","og_title":"CONFINTEA VII - SVEB","og_description":"CONFINTEA VII (2022) Die&nbsp;CONFINTEA VII&nbsp;hat vom 15.\u201317. Juni 2022 in Marokko stattgefunden. Die schweizerische UNESCO-Kommission, angesiedelt beim Eidgen\u00f6ssischen Departement f\u00fcr [&hellip;]","og_url":"https:\/\/alice.ch\/de\/themen\/weiterbildung-international\/strategien\/confintea-vii\/","og_site_name":"SVEB","article_modified_time":"2023-04-23T09:02:49+00:00","twitter_card":"summary_large_image","twitter_misc":{"Gesch\u00e4tzte Lesezeit":"2\u00a0Minuten"},"schema":{"@context":"https:\/\/schema.org","@graph":[{"@type":"WebPage","@id":"https:\/\/alice.ch\/de\/themen\/weiterbildung-international\/strategien\/confintea-vii\/","url":"https:\/\/alice.ch\/de\/themen\/weiterbildung-international\/strategien\/confintea-vii\/","name":"CONFINTEA VII - SVEB","isPartOf":{"@id":"https:\/\/alice.ch\/de\/#website"},"primaryImageOfPage":{"@id":"https:\/\/alice.ch\/de\/themen\/weiterbildung-international\/strategien\/confintea-vii\/#primaryimage"},"image":{"@id":"https:\/\/alice.ch\/de\/themen\/weiterbildung-international\/strategien\/confintea-vii\/#primaryimage"},"thumbnailUrl":"https:\/\/alice.ch\/app\/uploads\/2022\/11\/default.jpg","datePublished":"2022-10-12T14:22:51+00:00","dateModified":"2023-04-23T09:02:49+00:00","breadcrumb":{"@id":"https:\/\/alice.ch\/de\/themen\/weiterbildung-international\/strategien\/confintea-vii\/#breadcrumb"},"inLanguage":"de","potentialAction":[{"@type":"ReadAction","target":["https:\/\/alice.ch\/de\/themen\/weiterbildung-international\/strategien\/confintea-vii\/"]}]},{"@type":"ImageObject","inLanguage":"de","@id":"https:\/\/alice.ch\/de\/themen\/weiterbildung-international\/strategien\/confintea-vii\/#primaryimage","url":"https:\/\/alice.ch\/app\/uploads\/2022\/11\/default.jpg","contentUrl":"https:\/\/alice.ch\/app\/uploads\/2022\/11\/default.jpg","width":1600,"height":900},{"@type":"BreadcrumbList","@id":"https:\/\/alice.ch\/de\/themen\/weiterbildung-international\/strategien\/confintea-vii\/#breadcrumb","itemListElement":[{"@type":"ListItem","position":1,"name":"Startseite","item":"https:\/\/alice.ch\/de\/"},{"@type":"ListItem","position":2,"name":"Themen","item":"https:\/\/alice.ch\/de\/themen\/"},{"@type":"ListItem","position":3,"name":"Weiterbildung international","item":"https:\/\/alice.ch\/de\/themen\/weiterbildung-international\/"},{"@type":"ListItem","position":4,"name":"Strategien","item":"https:\/\/alice.ch\/de\/themen\/weiterbildung-international\/strategien\/"},{"@type":"ListItem","position":5,"name":"CONFINTEA VII"}]},{"@type":"WebSite","@id":"https:\/\/alice.ch\/de\/#website","url":"https:\/\/alice.ch\/de\/","name":"alice.ch (Adult Learning Information Center) ist das Portal der Weiterbildung in der Schweiz.","description":"Schweizerischer Verband f\u00fcr Weiterbildung","publisher":{"@id":"https:\/\/alice.ch\/de\/#organization"},"potentialAction":[{"@type":"SearchAction","target":{"@type":"EntryPoint","urlTemplate":"https:\/\/alice.ch\/de\/?s={search_term_string}"},"query-input":{"@type":"PropertyValueSpecification","valueRequired":true,"valueName":"search_term_string"}}],"inLanguage":"de"},{"@type":"Organization","@id":"https:\/\/alice.ch\/de\/#organization","name":"SVEB Schweizerischer Verband f\u00fcr Weiterbildung","url":"https:\/\/alice.ch\/de\/","logo":{"@type":"ImageObject","inLanguage":"de","@id":"https:\/\/alice.ch\/de\/#\/schema\/logo\/image\/","url":"https:\/\/alice.ch\/app\/uploads\/2022\/07\/logo-sveb.png","contentUrl":"https:\/\/alice.ch\/app\/uploads\/2022\/07\/logo-sveb.png","width":145,"height":64,"caption":"SVEB Schweizerischer Verband f\u00fcr Weiterbildung"},"image":{"@id":"https:\/\/alice.ch\/de\/#\/schema\/logo\/image\/"},"sameAs":["https:\/\/www.linkedin.com\/company\/schweizerischer-verband-fr-weiterbildung-sveb\/"]}]}},"_links":{"self":[{"href":"https:\/\/alice.ch\/de\/wp-json\/wp\/v2\/pages\/3139","targetHints":{"allow":["GET"]}}],"collection":[{"href":"https:\/\/alice.ch\/de\/wp-json\/wp\/v2\/pages"}],"about":[{"href":"https:\/\/alice.ch\/de\/wp-json\/wp\/v2\/types\/page"}],"author":[{"embeddable":true,"href":"https:\/\/alice.ch\/de\/wp-json\/wp\/v2\/users\/4"}],"replies":[{"embeddable":true,"href":"https:\/\/alice.ch\/de\/wp-json\/wp\/v2\/comments?post=3139"}],"version-history":[{"count":8,"href":"https:\/\/alice.ch\/de\/wp-json\/wp\/v2\/pages\/3139\/revisions"}],"predecessor-version":[{"id":48724,"href":"https:\/\/alice.ch\/de\/wp-json\/wp\/v2\/pages\/3139\/revisions\/48724"}],"up":[{"embeddable":true,"href":"https:\/\/alice.ch\/de\/wp-json\/wp\/v2\/pages\/407"}],"wp:featuredmedia":[{"embeddable":true,"href":"https:\/\/alice.ch\/de\/wp-json\/wp\/v2\/media\/20799"}],"wp:attachment":[{"href":"https:\/\/alice.ch\/de\/wp-json\/wp\/v2\/media?parent=3139"}],"curies":[{"name":"wp","href":"https:\/\/api.w.org\/{rel}","templated":true}]}}