{"id":3146,"date":"2022-10-12T16:32:50","date_gmt":"2022-10-12T14:32:50","guid":{"rendered":"https:\/\/projects.atxeit.ch\/sveb\/?page_id=3146"},"modified":"2023-01-07T12:17:06","modified_gmt":"2023-01-07T11:17:06","slug":"confintea-vi","status":"publish","type":"page","link":"https:\/\/alice.ch\/de\/themen\/weiterbildung-international\/strategien\/confintea-vi\/","title":{"rendered":"CONFINTEA VI"},"content":{"rendered":"\n<div class=\"wp-block-group is-style-reduced-width is-layout-flow wp-block-group-is-layout-flow\">\n<h1 class=\"wp-block-heading\">CONFINTEA VI (2009)<\/h1>\n\n\n\n<p>2009 verabschiedeten 144 Staaten in der CONFINTEA VI ein politisches Abschlussdokument, den&nbsp;<a href=\"https:\/\/uil.unesco.org\/adult-education\/confintea\/belem-framework-action\" target=\"_blank\" rel=\"noreferrer noopener\">Bel\u00e9m-Aktionsrahmen<\/a>. Dieser legt den Fokus auf die Bildung f\u00fcr nachhaltige Entwicklung und definiert daf\u00fcr Grunds\u00e4tze und Zielsetzungen. Die Schweiz hat den Bel\u00e9m-Aktionsrahmen unterzeichnet. Sie verpflichtet sich somit, die definierten Zielsetzungen umzusetzen. (Die Details dazu finden sie im&nbsp;<a href=\"https:\/\/alice.ch\/app\/uploads\/2022\/10\/Umsetzung_CONFINTEA_Bericht_SVEB.pdf\" target=\"_blank\" rel=\"noreferrer noopener\">Bericht des SVEB<\/a> zur Umsetzung in der Schweiz.)<\/p>\n\n\n\n<h2 class=\"wp-block-heading\">GRALE-Berichte<\/h2>\n\n\n\n<p>Die Unterzeichnerstaaten verpflichten sich, die Umsetzung der Bel\u00e9m-Zielsetzungen in ihrem Land zu beobachten. Dieses Monitoring wird regelm\u00e4ssig in den&nbsp;<a href=\"https:\/\/uil.unesco.org\/adult-education\/global-report\" target=\"_blank\" rel=\"noreferrer noopener\">GRALE-Berichten<\/a>&nbsp;(Global Report on Adult Learning and Education) ver\u00f6ffentlicht.<\/p>\n\n\n\n<p>Neben dem Bel\u00e9m-Aktionsrahmen wurde an der CONFINTEA VI auch die&nbsp;<a href=\"https:\/\/uil.unesco.org\/adult-education\/unesco-recommendation\" target=\"_blank\" rel=\"noreferrer noopener\">UNESCO-Empfehlung zur Weiterbildung<\/a>&nbsp;beschlossen. Darin enthalten sind nicht-bindende Prinzipien zur Weiterentwicklung der nationalen Gesetzesgrundlagen der UNESCO-Mitglieder. Im Rahmen der GRALE-Berichte f\u00fchrt das&nbsp;<a href=\"https:\/\/uil.unesco.org\/\" target=\"_blank\" rel=\"noreferrer noopener\">UNESCO-Institut f\u00fcr Lebenslanges Lernen (UIL)&nbsp;<\/a>regelm\u00e4ssige Beobachtungen zur Umsetzung durch.<\/p>\n\n\n\n<h2 class=\"wp-block-heading\">Kontakt<\/h2>\n\n\n\n<div class=\"wp-block-columns is-layout-flex wp-container-core-columns-is-layout-28f84493 wp-block-columns-is-layout-flex\">\n<div class=\"wp-block-column is-layout-flow wp-block-column-is-layout-flow\" style=\"flex-basis:50%\"><div class=\"contact-persons\">\n\n\t\t\t\t\t<div class=\"contact-person\">\n\t\t\t\t\tBernhard Gr\u00e4miger<br \/>\t\t\t\t\tDirektor<br \/>\t\t\t\t\t<br \/>\n\t\t\t\t\t\t\t\t\t\t<a href=\"tel:+41 (0)44 319 71 61\">+41 (0)44 319 71 61<\/a><br \/>\t\t\t\t\t<a href=\"mailto:bernhard.graemiger@alice.ch\">bernhard.graemiger@alice.ch<\/a><br \/>\t\t\t\t\t<\/div>\n\t\t\t\t\t<\/div>\n<\/div>\n\n\n\n<div class=\"wp-block-column is-layout-flow wp-block-column-is-layout-flow\" style=\"flex-basis:50%\"><\/div>\n<\/div>\n<\/div>\n","protected":false},"excerpt":{"rendered":"<p>CONFINTEA VI (2009) 2009 verabschiedeten 144 Staaten in der CONFINTEA VI ein politisches Abschlussdokument, den&nbsp;Bel\u00e9m-Aktionsrahmen. Dieser legt den Fokus auf [&hellip;]<\/p>\n","protected":false},"author":4,"featured_media":20799,"parent":407,"menu_order":111,"comment_status":"closed","ping_status":"closed","template":"","meta":{"_acf_changed":false,"inline_featured_image":false,"footnotes":""},"class_list":["post-3146","page","type-page","status-publish","has-post-thumbnail","hentry"],"acf":[],"yoast_head":"<!-- This site is optimized with the Yoast SEO plugin v27.3 - https:\/\/yoast.com\/product\/yoast-seo-wordpress\/ -->\n<title>CONFINTEA VI - SVEB<\/title>\n<meta name=\"robots\" content=\"index, follow, max-snippet:-1, max-image-preview:large, max-video-preview:-1\" \/>\n<link rel=\"canonical\" href=\"https:\/\/alice.ch\/de\/themen\/weiterbildung-international\/strategien\/confintea-vi\/\" \/>\n<meta property=\"og:locale\" content=\"de_DE\" \/>\n<meta property=\"og:type\" content=\"article\" \/>\n<meta property=\"og:title\" content=\"CONFINTEA VI - SVEB\" \/>\n<meta property=\"og:description\" content=\"CONFINTEA VI (2009) 2009 verabschiedeten 144 Staaten in der CONFINTEA VI ein politisches Abschlussdokument, den&nbsp;Bel\u00e9m-Aktionsrahmen. Dieser legt den Fokus auf [&hellip;]\" \/>\n<meta property=\"og:url\" content=\"https:\/\/alice.ch\/de\/themen\/weiterbildung-international\/strategien\/confintea-vi\/\" \/>\n<meta property=\"og:site_name\" content=\"SVEB\" \/>\n<meta property=\"article:modified_time\" content=\"2023-01-07T11:17:06+00:00\" \/>\n<meta name=\"twitter:card\" content=\"summary_large_image\" \/>\n<meta name=\"twitter:label1\" content=\"Gesch\u00e4tzte Lesezeit\" \/>\n\t<meta name=\"twitter:data1\" content=\"1\u00a0Minute\" \/>\n<script type=\"application\/ld+json\" class=\"yoast-schema-graph\">{\"@context\":\"https:\\\/\\\/schema.org\",\"@graph\":[{\"@type\":\"WebPage\",\"@id\":\"https:\\\/\\\/alice.ch\\\/de\\\/themen\\\/weiterbildung-international\\\/strategien\\\/confintea-vi\\\/\",\"url\":\"https:\\\/\\\/alice.ch\\\/de\\\/themen\\\/weiterbildung-international\\\/strategien\\\/confintea-vi\\\/\",\"name\":\"CONFINTEA VI - SVEB\",\"isPartOf\":{\"@id\":\"https:\\\/\\\/alice.ch\\\/de\\\/#website\"},\"primaryImageOfPage\":{\"@id\":\"https:\\\/\\\/alice.ch\\\/de\\\/themen\\\/weiterbildung-international\\\/strategien\\\/confintea-vi\\\/#primaryimage\"},\"image\":{\"@id\":\"https:\\\/\\\/alice.ch\\\/de\\\/themen\\\/weiterbildung-international\\\/strategien\\\/confintea-vi\\\/#primaryimage\"},\"thumbnailUrl\":\"https:\\\/\\\/alice.ch\\\/app\\\/uploads\\\/2022\\\/11\\\/default.jpg\",\"datePublished\":\"2022-10-12T14:32:50+00:00\",\"dateModified\":\"2023-01-07T11:17:06+00:00\",\"breadcrumb\":{\"@id\":\"https:\\\/\\\/alice.ch\\\/de\\\/themen\\\/weiterbildung-international\\\/strategien\\\/confintea-vi\\\/#breadcrumb\"},\"inLanguage\":\"de\",\"potentialAction\":[{\"@type\":\"ReadAction\",\"target\":[\"https:\\\/\\\/alice.ch\\\/de\\\/themen\\\/weiterbildung-international\\\/strategien\\\/confintea-vi\\\/\"]}]},{\"@type\":\"ImageObject\",\"inLanguage\":\"de\",\"@id\":\"https:\\\/\\\/alice.ch\\\/de\\\/themen\\\/weiterbildung-international\\\/strategien\\\/confintea-vi\\\/#primaryimage\",\"url\":\"https:\\\/\\\/alice.ch\\\/app\\\/uploads\\\/2022\\\/11\\\/default.jpg\",\"contentUrl\":\"https:\\\/\\\/alice.ch\\\/app\\\/uploads\\\/2022\\\/11\\\/default.jpg\",\"width\":1600,\"height\":900},{\"@type\":\"BreadcrumbList\",\"@id\":\"https:\\\/\\\/alice.ch\\\/de\\\/themen\\\/weiterbildung-international\\\/strategien\\\/confintea-vi\\\/#breadcrumb\",\"itemListElement\":[{\"@type\":\"ListItem\",\"position\":1,\"name\":\"Startseite\",\"item\":\"https:\\\/\\\/alice.ch\\\/de\\\/\"},{\"@type\":\"ListItem\",\"position\":2,\"name\":\"Themen\",\"item\":\"https:\\\/\\\/alice.ch\\\/de\\\/themen\\\/\"},{\"@type\":\"ListItem\",\"position\":3,\"name\":\"Weiterbildung international\",\"item\":\"https:\\\/\\\/alice.ch\\\/de\\\/themen\\\/weiterbildung-international\\\/\"},{\"@type\":\"ListItem\",\"position\":4,\"name\":\"Strategien\",\"item\":\"https:\\\/\\\/alice.ch\\\/de\\\/themen\\\/weiterbildung-international\\\/strategien\\\/\"},{\"@type\":\"ListItem\",\"position\":5,\"name\":\"CONFINTEA VI\"}]},{\"@type\":\"WebSite\",\"@id\":\"https:\\\/\\\/alice.ch\\\/de\\\/#website\",\"url\":\"https:\\\/\\\/alice.ch\\\/de\\\/\",\"name\":\"alice.ch (Adult Learning Information Center) ist das Portal der Weiterbildung in der Schweiz.\",\"description\":\"Schweizerischer Verband f\u00fcr Weiterbildung\",\"publisher\":{\"@id\":\"https:\\\/\\\/alice.ch\\\/de\\\/#organization\"},\"potentialAction\":[{\"@type\":\"SearchAction\",\"target\":{\"@type\":\"EntryPoint\",\"urlTemplate\":\"https:\\\/\\\/alice.ch\\\/de\\\/?s={search_term_string}\"},\"query-input\":{\"@type\":\"PropertyValueSpecification\",\"valueRequired\":true,\"valueName\":\"search_term_string\"}}],\"inLanguage\":\"de\"},{\"@type\":\"Organization\",\"@id\":\"https:\\\/\\\/alice.ch\\\/de\\\/#organization\",\"name\":\"SVEB Schweizerischer Verband f\u00fcr Weiterbildung\",\"url\":\"https:\\\/\\\/alice.ch\\\/de\\\/\",\"logo\":{\"@type\":\"ImageObject\",\"inLanguage\":\"de\",\"@id\":\"https:\\\/\\\/alice.ch\\\/de\\\/#\\\/schema\\\/logo\\\/image\\\/\",\"url\":\"https:\\\/\\\/alice.ch\\\/app\\\/uploads\\\/2022\\\/07\\\/logo-sveb.png\",\"contentUrl\":\"https:\\\/\\\/alice.ch\\\/app\\\/uploads\\\/2022\\\/07\\\/logo-sveb.png\",\"width\":145,\"height\":64,\"caption\":\"SVEB Schweizerischer Verband f\u00fcr Weiterbildung\"},\"image\":{\"@id\":\"https:\\\/\\\/alice.ch\\\/de\\\/#\\\/schema\\\/logo\\\/image\\\/\"},\"sameAs\":[\"https:\\\/\\\/www.linkedin.com\\\/company\\\/schweizerischer-verband-fr-weiterbildung-sveb\\\/\"]}]}<\/script>\n<!-- \/ Yoast SEO plugin. -->","yoast_head_json":{"title":"CONFINTEA VI - SVEB","robots":{"index":"index","follow":"follow","max-snippet":"max-snippet:-1","max-image-preview":"max-image-preview:large","max-video-preview":"max-video-preview:-1"},"canonical":"https:\/\/alice.ch\/de\/themen\/weiterbildung-international\/strategien\/confintea-vi\/","og_locale":"de_DE","og_type":"article","og_title":"CONFINTEA VI - SVEB","og_description":"CONFINTEA VI (2009) 2009 verabschiedeten 144 Staaten in der CONFINTEA VI ein politisches Abschlussdokument, den&nbsp;Bel\u00e9m-Aktionsrahmen. Dieser legt den Fokus auf [&hellip;]","og_url":"https:\/\/alice.ch\/de\/themen\/weiterbildung-international\/strategien\/confintea-vi\/","og_site_name":"SVEB","article_modified_time":"2023-01-07T11:17:06+00:00","twitter_card":"summary_large_image","twitter_misc":{"Gesch\u00e4tzte Lesezeit":"1\u00a0Minute"},"schema":{"@context":"https:\/\/schema.org","@graph":[{"@type":"WebPage","@id":"https:\/\/alice.ch\/de\/themen\/weiterbildung-international\/strategien\/confintea-vi\/","url":"https:\/\/alice.ch\/de\/themen\/weiterbildung-international\/strategien\/confintea-vi\/","name":"CONFINTEA VI - SVEB","isPartOf":{"@id":"https:\/\/alice.ch\/de\/#website"},"primaryImageOfPage":{"@id":"https:\/\/alice.ch\/de\/themen\/weiterbildung-international\/strategien\/confintea-vi\/#primaryimage"},"image":{"@id":"https:\/\/alice.ch\/de\/themen\/weiterbildung-international\/strategien\/confintea-vi\/#primaryimage"},"thumbnailUrl":"https:\/\/alice.ch\/app\/uploads\/2022\/11\/default.jpg","datePublished":"2022-10-12T14:32:50+00:00","dateModified":"2023-01-07T11:17:06+00:00","breadcrumb":{"@id":"https:\/\/alice.ch\/de\/themen\/weiterbildung-international\/strategien\/confintea-vi\/#breadcrumb"},"inLanguage":"de","potentialAction":[{"@type":"ReadAction","target":["https:\/\/alice.ch\/de\/themen\/weiterbildung-international\/strategien\/confintea-vi\/"]}]},{"@type":"ImageObject","inLanguage":"de","@id":"https:\/\/alice.ch\/de\/themen\/weiterbildung-international\/strategien\/confintea-vi\/#primaryimage","url":"https:\/\/alice.ch\/app\/uploads\/2022\/11\/default.jpg","contentUrl":"https:\/\/alice.ch\/app\/uploads\/2022\/11\/default.jpg","width":1600,"height":900},{"@type":"BreadcrumbList","@id":"https:\/\/alice.ch\/de\/themen\/weiterbildung-international\/strategien\/confintea-vi\/#breadcrumb","itemListElement":[{"@type":"ListItem","position":1,"name":"Startseite","item":"https:\/\/alice.ch\/de\/"},{"@type":"ListItem","position":2,"name":"Themen","item":"https:\/\/alice.ch\/de\/themen\/"},{"@type":"ListItem","position":3,"name":"Weiterbildung international","item":"https:\/\/alice.ch\/de\/themen\/weiterbildung-international\/"},{"@type":"ListItem","position":4,"name":"Strategien","item":"https:\/\/alice.ch\/de\/themen\/weiterbildung-international\/strategien\/"},{"@type":"ListItem","position":5,"name":"CONFINTEA VI"}]},{"@type":"WebSite","@id":"https:\/\/alice.ch\/de\/#website","url":"https:\/\/alice.ch\/de\/","name":"alice.ch (Adult Learning Information Center) ist das Portal der Weiterbildung in der Schweiz.","description":"Schweizerischer Verband f\u00fcr Weiterbildung","publisher":{"@id":"https:\/\/alice.ch\/de\/#organization"},"potentialAction":[{"@type":"SearchAction","target":{"@type":"EntryPoint","urlTemplate":"https:\/\/alice.ch\/de\/?s={search_term_string}"},"query-input":{"@type":"PropertyValueSpecification","valueRequired":true,"valueName":"search_term_string"}}],"inLanguage":"de"},{"@type":"Organization","@id":"https:\/\/alice.ch\/de\/#organization","name":"SVEB Schweizerischer Verband f\u00fcr Weiterbildung","url":"https:\/\/alice.ch\/de\/","logo":{"@type":"ImageObject","inLanguage":"de","@id":"https:\/\/alice.ch\/de\/#\/schema\/logo\/image\/","url":"https:\/\/alice.ch\/app\/uploads\/2022\/07\/logo-sveb.png","contentUrl":"https:\/\/alice.ch\/app\/uploads\/2022\/07\/logo-sveb.png","width":145,"height":64,"caption":"SVEB Schweizerischer Verband f\u00fcr Weiterbildung"},"image":{"@id":"https:\/\/alice.ch\/de\/#\/schema\/logo\/image\/"},"sameAs":["https:\/\/www.linkedin.com\/company\/schweizerischer-verband-fr-weiterbildung-sveb\/"]}]}},"_links":{"self":[{"href":"https:\/\/alice.ch\/de\/wp-json\/wp\/v2\/pages\/3146","targetHints":{"allow":["GET"]}}],"collection":[{"href":"https:\/\/alice.ch\/de\/wp-json\/wp\/v2\/pages"}],"about":[{"href":"https:\/\/alice.ch\/de\/wp-json\/wp\/v2\/types\/page"}],"author":[{"embeddable":true,"href":"https:\/\/alice.ch\/de\/wp-json\/wp\/v2\/users\/4"}],"replies":[{"embeddable":true,"href":"https:\/\/alice.ch\/de\/wp-json\/wp\/v2\/comments?post=3146"}],"version-history":[{"count":13,"href":"https:\/\/alice.ch\/de\/wp-json\/wp\/v2\/pages\/3146\/revisions"}],"predecessor-version":[{"id":48725,"href":"https:\/\/alice.ch\/de\/wp-json\/wp\/v2\/pages\/3146\/revisions\/48725"}],"up":[{"embeddable":true,"href":"https:\/\/alice.ch\/de\/wp-json\/wp\/v2\/pages\/407"}],"wp:featuredmedia":[{"embeddable":true,"href":"https:\/\/alice.ch\/de\/wp-json\/wp\/v2\/media\/20799"}],"wp:attachment":[{"href":"https:\/\/alice.ch\/de\/wp-json\/wp\/v2\/media?parent=3146"}],"curies":[{"name":"wp","href":"https:\/\/api.w.org\/{rel}","templated":true}]}}