{"id":339,"date":"2022-08-16T15:34:56","date_gmt":"2022-08-16T13:34:56","guid":{"rendered":"https:\/\/projects.atxeit.ch\/sveb\/?page_id=339"},"modified":"2023-04-28T15:56:46","modified_gmt":"2023-04-28T13:56:46","slug":"weiterbildung-schweiz","status":"publish","type":"page","link":"https:\/\/alice.ch\/de\/themen\/weiterbildung-schweiz\/","title":{"rendered":"Weiterbildung Schweiz"},"content":{"rendered":"\n<div class=\"wp-block-group alignwide is-style-reduced-width is-layout-flow wp-block-group-is-layout-flow\">\n<div class=\"wp-block-group alignwide is-style-default is-layout-flow wp-block-group-is-layout-flow\">\n<h1 class=\"wp-block-heading\">Vielf\u00e4ltig, aber noch nicht vollkommen<\/h1>\n\n\n\n<p class=\"is-style-lead\">Die Schweiz geh\u00f6rt punkto Weiterbildung international zu den Spitzenreitern&nbsp;<strong>\u2013<\/strong> sowohl was die Angebote angeht, wie auch die Weiterbildungsaktivit\u00e4ten der Bev\u00f6lkerung. Die Weiterbildungsbeteiligung der Bev\u00f6lkerung ist zwar relativ hoch. Dennoch zeichnen sich Unterschiede aufgrund von sozialer Herkunft und Bildungsniveau ab.<\/p>\n\n\n\n<p class=\"is-style-default\">Auch bei den Unternehmen sind Unterschiede festzustellen, was den Umgang mit Weiterbildung angeht. Bei Klein- und Kleinstunternehmen fehlt insbesondere oft eine eigentliche Weiterbildungsstrategie.<\/p>\n<\/div>\n\n\n\n<div class=\"wp-block-media-text alignwide is-stacked-on-mobile is-style-icon-text\"><figure class=\"wp-block-media-text__media\"><a href=\"https:\/\/alice.ch\/de\/themen\/weiterbildung-schweiz\/weiterbildungssystem\/\"><img decoding=\"async\" width=\"243\" height=\"209\" src=\"https:\/\/alice.ch\/app\/uploads\/2022\/10\/icon-system-e1667200457230.png\" alt=\"\" class=\"wp-image-4528 size-full\"\/><\/a><\/figure><div class=\"wp-block-media-text__content\">\n<h2 class=\"wp-block-heading\"><a href=\"https:\/\/alice.ch\/de\/themen\/weiterbildung-schweiz\/weiterbildungssystem\/\">Weiterbildungssystem<\/a><\/h2>\n\n\n\n<p>Die Charakteristiken und Besonderheiten des Schweizer Weiterbildungssystems im \u00dcberblick<\/p>\n<\/div><\/div>\n\n\n\n<hr class=\"wp-block-separator has-alpha-channel-opacity is-style-wide\"\/>\n\n\n\n<div class=\"wp-block-media-text alignwide is-stacked-on-mobile is-style-icon-text\"><figure class=\"wp-block-media-text__media\"><a href=\"https:\/\/alice.ch\/de\/themen\/weiterbildung-schweiz\/weiterbildungsbeteiligung\/\"><img decoding=\"async\" width=\"400\" height=\"455\" src=\"https:\/\/alice.ch\/app\/uploads\/2022\/10\/icon-bevoelkerung.png\" alt=\"\" class=\"wp-image-5831 size-full\" srcset=\"https:\/\/alice.ch\/app\/uploads\/2022\/10\/icon-bevoelkerung.png 400w, https:\/\/alice.ch\/app\/uploads\/2022\/10\/icon-bevoelkerung-264x300.png 264w\" sizes=\"(max-width: 400px) 100vw, 400px\" \/><\/a><\/figure><div class=\"wp-block-media-text__content\">\n<h2 class=\"wp-block-heading\"><a href=\"https:\/\/alice.ch\/de\/themen\/weiterbildung-schweiz\/weiterbildungsbeteiligung\/\">Weiterbildungsbeteiligung der Schweizer Bev\u00f6lkerung<\/a><\/h2>\n\n\n\n<p>Die aktuellsten Daten des Bundesamtes f\u00fcr Statistik zu den Weiterbildungsaktivit\u00e4ten der Schweizerinnen und Schweizer sowie die Entwicklungen der letzten Jahre.<\/p>\n<\/div><\/div>\n\n\n\n<hr class=\"wp-block-separator has-alpha-channel-opacity is-style-wide\"\/>\n\n\n\n<div class=\"wp-block-media-text alignwide is-stacked-on-mobile is-style-icon-text\"><figure class=\"wp-block-media-text__media\"><a href=\"https:\/\/alice.ch\/de\/themen\/weiterbildung-schweiz\/weiterbildung-in-unternehmen\/\"><img decoding=\"async\" width=\"477\" height=\"395\" src=\"https:\/\/alice.ch\/app\/uploads\/2022\/10\/icon-unternehmen.png\" alt=\"\" class=\"wp-image-5825 size-full\" srcset=\"https:\/\/alice.ch\/app\/uploads\/2022\/10\/icon-unternehmen.png 477w, https:\/\/alice.ch\/app\/uploads\/2022\/10\/icon-unternehmen-300x248.png 300w\" sizes=\"(max-width: 477px) 100vw, 477px\" \/><\/a><\/figure><div class=\"wp-block-media-text__content\">\n<h2 class=\"wp-block-heading\"><a href=\"https:\/\/alice.ch\/de\/themen\/weiterbildung-schweiz\/weiterbildung-in-unternehmen\/\">Weiterbildungsaktivit\u00e4ten der Schweizer Unternehmen<\/a><\/h2>\n\n\n\n<p>Eine \u00dcbersicht der Zahlen des Bundesamtes f\u00fcr Statistik zur Unterst\u00fctzung und Umsetzung von Weiterbildungsangeboten in Schweizer Unternehmen<\/p>\n<\/div><\/div>\n\n\n\n<hr class=\"wp-block-separator has-alpha-channel-opacity is-style-wide\"\/>\n\n\n\n<div class=\"wp-block-media-text alignwide is-stacked-on-mobile is-style-icon-text\"><figure class=\"wp-block-media-text__media\"><a href=\"https:\/\/alice.ch\/de\/themen\/weiterbildung-schweiz\/weiterbildungsanbieter\/\"><img decoding=\"async\" width=\"300\" height=\"300\" src=\"https:\/\/alice.ch\/app\/uploads\/2022\/10\/icon-zahlen-300x300.png\" alt=\"\" class=\"wp-image-4532 size-medium\" srcset=\"https:\/\/alice.ch\/app\/uploads\/2022\/10\/icon-zahlen-300x300.png 300w, https:\/\/alice.ch\/app\/uploads\/2022\/10\/icon-zahlen-150x150.png 150w, https:\/\/alice.ch\/app\/uploads\/2022\/10\/icon-zahlen.png 400w\" sizes=\"(max-width: 300px) 100vw, 300px\" \/><\/a><\/figure><div class=\"wp-block-media-text__content\">\n<h2 class=\"wp-block-heading\"><a href=\"https:\/\/alice.ch\/de\/themen\/weiterbildung-schweiz\/weiterbildungsanbieter\/\">Strukturdaten zum Schweizer Weiterbildungsmarkt<\/a><\/h2>\n\n\n\n<p>Mit der Anbieterumfrage erhebt der SVEB j\u00e4hrlich Daten zu den Akteuren der Schweizer Weiterbildung und erlaubt so einen n\u00e4heren Blick auf dieses Feld. <\/p>\n<\/div><\/div>\n\n\n\n<hr class=\"wp-block-separator has-alpha-channel-opacity is-style-wide\"\/>\n\n\n\n<div class=\"wp-block-media-text alignwide is-stacked-on-mobile is-style-icon-text\"><figure class=\"wp-block-media-text__media\"><a href=\"https:\/\/alice.ch\/de\/themen\/weiterbildung-schweiz\/datenquellen\/\"><img decoding=\"async\" width=\"242\" height=\"257\" src=\"https:\/\/alice.ch\/app\/uploads\/2022\/10\/datenquellen.png\" alt=\"\" class=\"wp-image-5817 size-full\"\/><\/a><\/figure><div class=\"wp-block-media-text__content\">\n<h2 class=\"wp-block-heading\"><a href=\"https:\/\/alice.ch\/de\/themen\/weiterbildung-schweiz\/datenquellen\/\">Datenquellen zur Weiterbildung<\/a><\/h2>\n\n\n\n<p>Hintergr\u00fcnde und Informationen zu Studien und Umfragen, die f\u00fcr die Schweizer Weiterbildung und den internationalen Kontext Zahlen liefern.<\/p>\n<\/div><\/div>\n\n\n\n<h2 class=\"wp-block-heading\">Kontakt<\/h2>\n\n\n\n<div class=\"wp-block-columns is-layout-flex wp-container-core-columns-is-layout-28f84493 wp-block-columns-is-layout-flex\">\n<div class=\"wp-block-column is-layout-flow wp-block-column-is-layout-flow\" style=\"flex-basis:50%\"><div class=\"contact-persons\">\n\n\t\t\t\t\t<div class=\"contact-person\">\n\t\t\t\t\tBernhard Gr\u00e4miger<br \/>\t\t\t\t\tDirektor<br \/>\t\t\t\t\t<br \/>\n\t\t\t\t\t\t\t\t\t\t<a href=\"tel:+41 (0)44 319 71 61\">+41 (0)44 319 71 61<\/a><br \/>\t\t\t\t\t<a href=\"mailto:bernhard.graemiger@alice.ch\">bernhard.graemiger@alice.ch<\/a><br \/>\t\t\t\t\t<\/div>\n\t\t\t\t\t<\/div>\n<\/div>\n\n\n\n<div class=\"wp-block-column is-layout-flow wp-block-column-is-layout-flow\" style=\"flex-basis:50%\"><\/div>\n<\/div>\n<\/div>\n","protected":false},"excerpt":{"rendered":"<p>Vielf\u00e4ltig, aber noch nicht vollkommen Die Schweiz geh\u00f6rt punkto Weiterbildung international zu den Spitzenreitern&nbsp;\u2013 sowohl was die Angebote angeht, wie [&hellip;]<\/p>\n","protected":false},"author":2,"featured_media":20799,"parent":23,"menu_order":72,"comment_status":"closed","ping_status":"closed","template":"","meta":{"_acf_changed":false,"inline_featured_image":false,"footnotes":""},"class_list":["post-339","page","type-page","status-publish","has-post-thumbnail","hentry"],"acf":[],"yoast_head":"<!-- This site is optimized with the Yoast SEO plugin v27.3 - https:\/\/yoast.com\/product\/yoast-seo-wordpress\/ -->\n<title>Weiterbildung Schweiz - SVEB<\/title>\n<meta name=\"description\" content=\"Informationen zu System, Beteiligung, Unternehmensaktivit\u00e4ten, Marktdaten und Datenquellen der Weiterbildung in der Schweiz\" \/>\n<meta name=\"robots\" content=\"index, follow, max-snippet:-1, max-image-preview:large, max-video-preview:-1\" \/>\n<link rel=\"canonical\" href=\"https:\/\/alice.ch\/de\/themen\/weiterbildung-schweiz\/\" \/>\n<meta property=\"og:locale\" content=\"de_DE\" \/>\n<meta property=\"og:type\" content=\"article\" \/>\n<meta property=\"og:title\" content=\"Weiterbildung Schweiz - SVEB\" \/>\n<meta property=\"og:description\" content=\"Informationen zu System, Beteiligung, Unternehmensaktivit\u00e4ten, Marktdaten und Datenquellen der Weiterbildung in der Schweiz\" \/>\n<meta property=\"og:url\" content=\"https:\/\/alice.ch\/de\/themen\/weiterbildung-schweiz\/\" \/>\n<meta property=\"og:site_name\" content=\"SVEB\" \/>\n<meta property=\"article:modified_time\" content=\"2023-04-28T13:56:46+00:00\" \/>\n<meta property=\"og:image\" content=\"https:\/\/alice.ch\/app\/uploads\/2022\/10\/icon-system-e1667200457230.png\" \/>\n<meta name=\"twitter:card\" content=\"summary_large_image\" \/>\n<meta name=\"twitter:label1\" content=\"Gesch\u00e4tzte Lesezeit\" \/>\n\t<meta name=\"twitter:data1\" content=\"2\u00a0Minuten\" \/>\n<script type=\"application\/ld+json\" class=\"yoast-schema-graph\">{\"@context\":\"https:\\\/\\\/schema.org\",\"@graph\":[{\"@type\":\"WebPage\",\"@id\":\"https:\\\/\\\/alice.ch\\\/de\\\/themen\\\/weiterbildung-schweiz\\\/\",\"url\":\"https:\\\/\\\/alice.ch\\\/de\\\/themen\\\/weiterbildung-schweiz\\\/\",\"name\":\"Weiterbildung Schweiz - SVEB\",\"isPartOf\":{\"@id\":\"https:\\\/\\\/alice.ch\\\/de\\\/#website\"},\"primaryImageOfPage\":{\"@id\":\"https:\\\/\\\/alice.ch\\\/de\\\/themen\\\/weiterbildung-schweiz\\\/#primaryimage\"},\"image\":{\"@id\":\"https:\\\/\\\/alice.ch\\\/de\\\/themen\\\/weiterbildung-schweiz\\\/#primaryimage\"},\"thumbnailUrl\":\"https:\\\/\\\/alice.ch\\\/app\\\/uploads\\\/2022\\\/11\\\/default.jpg\",\"datePublished\":\"2022-08-16T13:34:56+00:00\",\"dateModified\":\"2023-04-28T13:56:46+00:00\",\"description\":\"Informationen zu System, Beteiligung, Unternehmensaktivit\u00e4ten, Marktdaten und Datenquellen der Weiterbildung in der Schweiz\",\"breadcrumb\":{\"@id\":\"https:\\\/\\\/alice.ch\\\/de\\\/themen\\\/weiterbildung-schweiz\\\/#breadcrumb\"},\"inLanguage\":\"de\",\"potentialAction\":[{\"@type\":\"ReadAction\",\"target\":[\"https:\\\/\\\/alice.ch\\\/de\\\/themen\\\/weiterbildung-schweiz\\\/\"]}]},{\"@type\":\"ImageObject\",\"inLanguage\":\"de\",\"@id\":\"https:\\\/\\\/alice.ch\\\/de\\\/themen\\\/weiterbildung-schweiz\\\/#primaryimage\",\"url\":\"https:\\\/\\\/alice.ch\\\/app\\\/uploads\\\/2022\\\/11\\\/default.jpg\",\"contentUrl\":\"https:\\\/\\\/alice.ch\\\/app\\\/uploads\\\/2022\\\/11\\\/default.jpg\",\"width\":1600,\"height\":900},{\"@type\":\"BreadcrumbList\",\"@id\":\"https:\\\/\\\/alice.ch\\\/de\\\/themen\\\/weiterbildung-schweiz\\\/#breadcrumb\",\"itemListElement\":[{\"@type\":\"ListItem\",\"position\":1,\"name\":\"Startseite\",\"item\":\"https:\\\/\\\/alice.ch\\\/de\\\/\"},{\"@type\":\"ListItem\",\"position\":2,\"name\":\"Themen\",\"item\":\"https:\\\/\\\/alice.ch\\\/de\\\/themen\\\/\"},{\"@type\":\"ListItem\",\"position\":3,\"name\":\"Weiterbildung Schweiz\"}]},{\"@type\":\"WebSite\",\"@id\":\"https:\\\/\\\/alice.ch\\\/de\\\/#website\",\"url\":\"https:\\\/\\\/alice.ch\\\/de\\\/\",\"name\":\"alice.ch (Adult Learning Information Center) ist das Portal der Weiterbildung in der Schweiz.\",\"description\":\"Schweizerischer Verband f\u00fcr Weiterbildung\",\"publisher\":{\"@id\":\"https:\\\/\\\/alice.ch\\\/de\\\/#organization\"},\"potentialAction\":[{\"@type\":\"SearchAction\",\"target\":{\"@type\":\"EntryPoint\",\"urlTemplate\":\"https:\\\/\\\/alice.ch\\\/de\\\/?s={search_term_string}\"},\"query-input\":{\"@type\":\"PropertyValueSpecification\",\"valueRequired\":true,\"valueName\":\"search_term_string\"}}],\"inLanguage\":\"de\"},{\"@type\":\"Organization\",\"@id\":\"https:\\\/\\\/alice.ch\\\/de\\\/#organization\",\"name\":\"SVEB Schweizerischer Verband f\u00fcr Weiterbildung\",\"url\":\"https:\\\/\\\/alice.ch\\\/de\\\/\",\"logo\":{\"@type\":\"ImageObject\",\"inLanguage\":\"de\",\"@id\":\"https:\\\/\\\/alice.ch\\\/de\\\/#\\\/schema\\\/logo\\\/image\\\/\",\"url\":\"https:\\\/\\\/alice.ch\\\/app\\\/uploads\\\/2022\\\/07\\\/logo-sveb.png\",\"contentUrl\":\"https:\\\/\\\/alice.ch\\\/app\\\/uploads\\\/2022\\\/07\\\/logo-sveb.png\",\"width\":145,\"height\":64,\"caption\":\"SVEB Schweizerischer Verband f\u00fcr Weiterbildung\"},\"image\":{\"@id\":\"https:\\\/\\\/alice.ch\\\/de\\\/#\\\/schema\\\/logo\\\/image\\\/\"},\"sameAs\":[\"https:\\\/\\\/www.linkedin.com\\\/company\\\/schweizerischer-verband-fr-weiterbildung-sveb\\\/\"]}]}<\/script>\n<!-- \/ Yoast SEO plugin. -->","yoast_head_json":{"title":"Weiterbildung Schweiz - SVEB","description":"Informationen zu System, Beteiligung, Unternehmensaktivit\u00e4ten, Marktdaten und Datenquellen der Weiterbildung in der Schweiz","robots":{"index":"index","follow":"follow","max-snippet":"max-snippet:-1","max-image-preview":"max-image-preview:large","max-video-preview":"max-video-preview:-1"},"canonical":"https:\/\/alice.ch\/de\/themen\/weiterbildung-schweiz\/","og_locale":"de_DE","og_type":"article","og_title":"Weiterbildung Schweiz - SVEB","og_description":"Informationen zu System, Beteiligung, Unternehmensaktivit\u00e4ten, Marktdaten und Datenquellen der Weiterbildung in der Schweiz","og_url":"https:\/\/alice.ch\/de\/themen\/weiterbildung-schweiz\/","og_site_name":"SVEB","article_modified_time":"2023-04-28T13:56:46+00:00","og_image":[{"url":"https:\/\/alice.ch\/app\/uploads\/2022\/10\/icon-system-e1667200457230.png","type":"","width":"","height":""}],"twitter_card":"summary_large_image","twitter_misc":{"Gesch\u00e4tzte Lesezeit":"2\u00a0Minuten"},"schema":{"@context":"https:\/\/schema.org","@graph":[{"@type":"WebPage","@id":"https:\/\/alice.ch\/de\/themen\/weiterbildung-schweiz\/","url":"https:\/\/alice.ch\/de\/themen\/weiterbildung-schweiz\/","name":"Weiterbildung Schweiz - SVEB","isPartOf":{"@id":"https:\/\/alice.ch\/de\/#website"},"primaryImageOfPage":{"@id":"https:\/\/alice.ch\/de\/themen\/weiterbildung-schweiz\/#primaryimage"},"image":{"@id":"https:\/\/alice.ch\/de\/themen\/weiterbildung-schweiz\/#primaryimage"},"thumbnailUrl":"https:\/\/alice.ch\/app\/uploads\/2022\/11\/default.jpg","datePublished":"2022-08-16T13:34:56+00:00","dateModified":"2023-04-28T13:56:46+00:00","description":"Informationen zu System, Beteiligung, Unternehmensaktivit\u00e4ten, Marktdaten und Datenquellen der Weiterbildung in der Schweiz","breadcrumb":{"@id":"https:\/\/alice.ch\/de\/themen\/weiterbildung-schweiz\/#breadcrumb"},"inLanguage":"de","potentialAction":[{"@type":"ReadAction","target":["https:\/\/alice.ch\/de\/themen\/weiterbildung-schweiz\/"]}]},{"@type":"ImageObject","inLanguage":"de","@id":"https:\/\/alice.ch\/de\/themen\/weiterbildung-schweiz\/#primaryimage","url":"https:\/\/alice.ch\/app\/uploads\/2022\/11\/default.jpg","contentUrl":"https:\/\/alice.ch\/app\/uploads\/2022\/11\/default.jpg","width":1600,"height":900},{"@type":"BreadcrumbList","@id":"https:\/\/alice.ch\/de\/themen\/weiterbildung-schweiz\/#breadcrumb","itemListElement":[{"@type":"ListItem","position":1,"name":"Startseite","item":"https:\/\/alice.ch\/de\/"},{"@type":"ListItem","position":2,"name":"Themen","item":"https:\/\/alice.ch\/de\/themen\/"},{"@type":"ListItem","position":3,"name":"Weiterbildung Schweiz"}]},{"@type":"WebSite","@id":"https:\/\/alice.ch\/de\/#website","url":"https:\/\/alice.ch\/de\/","name":"alice.ch (Adult Learning Information Center) ist das Portal der Weiterbildung in der Schweiz.","description":"Schweizerischer Verband f\u00fcr Weiterbildung","publisher":{"@id":"https:\/\/alice.ch\/de\/#organization"},"potentialAction":[{"@type":"SearchAction","target":{"@type":"EntryPoint","urlTemplate":"https:\/\/alice.ch\/de\/?s={search_term_string}"},"query-input":{"@type":"PropertyValueSpecification","valueRequired":true,"valueName":"search_term_string"}}],"inLanguage":"de"},{"@type":"Organization","@id":"https:\/\/alice.ch\/de\/#organization","name":"SVEB Schweizerischer Verband f\u00fcr Weiterbildung","url":"https:\/\/alice.ch\/de\/","logo":{"@type":"ImageObject","inLanguage":"de","@id":"https:\/\/alice.ch\/de\/#\/schema\/logo\/image\/","url":"https:\/\/alice.ch\/app\/uploads\/2022\/07\/logo-sveb.png","contentUrl":"https:\/\/alice.ch\/app\/uploads\/2022\/07\/logo-sveb.png","width":145,"height":64,"caption":"SVEB Schweizerischer Verband f\u00fcr Weiterbildung"},"image":{"@id":"https:\/\/alice.ch\/de\/#\/schema\/logo\/image\/"},"sameAs":["https:\/\/www.linkedin.com\/company\/schweizerischer-verband-fr-weiterbildung-sveb\/"]}]}},"_links":{"self":[{"href":"https:\/\/alice.ch\/de\/wp-json\/wp\/v2\/pages\/339","targetHints":{"allow":["GET"]}}],"collection":[{"href":"https:\/\/alice.ch\/de\/wp-json\/wp\/v2\/pages"}],"about":[{"href":"https:\/\/alice.ch\/de\/wp-json\/wp\/v2\/types\/page"}],"author":[{"embeddable":true,"href":"https:\/\/alice.ch\/de\/wp-json\/wp\/v2\/users\/2"}],"replies":[{"embeddable":true,"href":"https:\/\/alice.ch\/de\/wp-json\/wp\/v2\/comments?post=339"}],"version-history":[{"count":53,"href":"https:\/\/alice.ch\/de\/wp-json\/wp\/v2\/pages\/339\/revisions"}],"predecessor-version":[{"id":49132,"href":"https:\/\/alice.ch\/de\/wp-json\/wp\/v2\/pages\/339\/revisions\/49132"}],"up":[{"embeddable":true,"href":"https:\/\/alice.ch\/de\/wp-json\/wp\/v2\/pages\/23"}],"wp:featuredmedia":[{"embeddable":true,"href":"https:\/\/alice.ch\/de\/wp-json\/wp\/v2\/media\/20799"}],"wp:attachment":[{"href":"https:\/\/alice.ch\/de\/wp-json\/wp\/v2\/media?parent=339"}],"curies":[{"name":"wp","href":"https:\/\/api.w.org\/{rel}","templated":true}]}}