{"id":3450,"date":"2022-10-14T11:20:59","date_gmt":"2022-10-14T09:20:59","guid":{"rendered":"https:\/\/projects.atxeit.ch\/sveb\/?page_id=3450"},"modified":"2025-06-17T10:31:42","modified_gmt":"2025-06-17T08:31:42","slug":"ada-kurse-finden","status":"publish","type":"page","link":"https:\/\/alice.ch\/de\/professionalisierung\/ada-baukastensystem\/ada-kurse-finden\/","title":{"rendered":"AdA-Kurse finden"},"content":{"rendered":"\n<div class=\"wp-block-group is-style-default is-layout-flow wp-block-group-is-layout-flow\">\n<div class=\"wp-block-group is-style-reduced-width is-layout-constrained wp-block-group-is-layout-constrained\">\n<div class=\"wp-block-group is-style-default is-layout-constrained wp-block-group-is-layout-constrained\">\n<h1 class=\"wp-block-heading\">AdA-Kurse finden \u2013 Anerkannte Modul-Angebote<\/h1>\n\n\n\n<p class=\"is-style-lead\">Mit folgenden Institutionen wurde ein Modul-Anerkennungsvertrag abgeschlossen. Diese Institutionen haben von der Kommission f\u00fcr Qualit\u00e4tssicherung (QSK) das Recht erhalten, anerkannte Modulzertifikate zu erteilen.<\/p>\n\n\n\n<p>Bei Anfragen zur Durchf\u00fchrung der&nbsp;neuen Module und zur Verf\u00fcgbarkeit von Kursen k\u00f6nnen Sie sich direkt an die von uns anerkannten Institutionen wenden.<\/p>\n<\/div>\n\n\n\n<iframe style=\"width:100%;max-width:900px\" src=\"https:\/\/www.weiterbildung.swiss\/?content=kurse&layout=13\" scrolling=\"no\" frameborder=\"0\" ><\/iframe>\n    <script src=\"https:\/\/www.weiterbildung.swiss\/lib\/js\/iframeResizer.min.js\"><\/script>\n<script>\n    iFrameResize({\n        checkOrigin: false,\n        log: false,\n        sizeHeight: true,\n        sizeWidth: false,\n        heightCalculationMethod: \"taggedElement\"\n    });\n<\/script>\n\n\n\n<div class=\"wp-block-group is-style-default is-layout-constrained wp-block-group-is-layout-constrained\">\n<h2 class=\"wp-block-heading\">Kontakt<\/h2>\n\n\n\n<div class=\"wp-block-columns is-layout-flex wp-container-core-columns-is-layout-28f84493 wp-block-columns-is-layout-flex\">\n<div class=\"wp-block-column is-layout-flow wp-block-column-is-layout-flow\" style=\"flex-basis:50%\"><div class=\"contact-persons\">\n\n\t\t\t\t\t<div class=\"contact-person\">\n\t\t\t\t\tGesch\u00e4ftsstelle AdA<br \/>\t\t\t\t\tAnna Pi\u00f1ol<br \/>\t\t\t\t\t<br \/>\n\t\t\t\t\tHardstrasse 235<br \/>\r\n8005 Z\u00fcrich<br \/>\t\t\t\t\t<a href=\"tel:+41 (0)44 319 71 63\">+41 (0)44 319 71 63<\/a><br \/>\t\t\t\t\t<a href=\"mailto:ada@alice.ch\">ada@alice.ch<\/a><br \/>\t\t\t\t\t<\/div>\n\t\t\t\t\t<\/div>\n<\/div>\n\n\n\n<div class=\"wp-block-column is-layout-flow wp-block-column-is-layout-flow\" style=\"flex-basis:50%\"><\/div>\n<\/div>\n<\/div>\n<\/div>\n<\/div>\n","protected":false},"excerpt":{"rendered":"<p>AdA-Kurse finden \u2013 Anerkannte Modul-Angebote Mit folgenden Institutionen wurde ein Modul-Anerkennungsvertrag abgeschlossen. Diese Institutionen haben von der Kommission f\u00fcr Qualit\u00e4tssicherung [&hellip;]<\/p>\n","protected":false},"author":4,"featured_media":20799,"parent":551,"menu_order":192,"comment_status":"closed","ping_status":"closed","template":"","meta":{"_acf_changed":false,"inline_featured_image":false,"footnotes":""},"class_list":["post-3450","page","type-page","status-publish","has-post-thumbnail","hentry"],"acf":[],"yoast_head":"<!-- This site is optimized with the Yoast SEO plugin v27.3 - https:\/\/yoast.com\/product\/yoast-seo-wordpress\/ -->\n<title>AdA-Kurse finden - SVEB<\/title>\n<meta name=\"description\" content=\"Auf dieser Seite k\u00f6nnen Sie nach AdA-Kursen von Anbietern suchen, die das Recht haben, anerkannte Modulzertifikate zu erteilen.\" \/>\n<meta name=\"robots\" content=\"index, follow, max-snippet:-1, max-image-preview:large, max-video-preview:-1\" \/>\n<link rel=\"canonical\" href=\"https:\/\/alice.ch\/de\/professionalisierung\/ada-baukastensystem\/ada-kurse-finden\/\" \/>\n<meta property=\"og:locale\" content=\"de_DE\" \/>\n<meta property=\"og:type\" content=\"article\" \/>\n<meta property=\"og:title\" content=\"AdA-Kurse finden - SVEB\" \/>\n<meta property=\"og:description\" content=\"Auf dieser Seite k\u00f6nnen Sie nach AdA-Kursen von Anbietern suchen, die das Recht haben, anerkannte Modulzertifikate zu erteilen.\" \/>\n<meta property=\"og:url\" content=\"https:\/\/alice.ch\/de\/professionalisierung\/ada-baukastensystem\/ada-kurse-finden\/\" \/>\n<meta property=\"og:site_name\" content=\"SVEB\" \/>\n<meta property=\"article:modified_time\" content=\"2025-06-17T08:31:42+00:00\" \/>\n<meta name=\"twitter:card\" content=\"summary_large_image\" \/>\n<meta name=\"twitter:label1\" content=\"Gesch\u00e4tzte Lesezeit\" \/>\n\t<meta name=\"twitter:data1\" content=\"1\u00a0Minute\" \/>\n<script type=\"application\/ld+json\" class=\"yoast-schema-graph\">{\"@context\":\"https:\\\/\\\/schema.org\",\"@graph\":[{\"@type\":\"WebPage\",\"@id\":\"https:\\\/\\\/alice.ch\\\/de\\\/professionalisierung\\\/ada-baukastensystem\\\/ada-kurse-finden\\\/\",\"url\":\"https:\\\/\\\/alice.ch\\\/de\\\/professionalisierung\\\/ada-baukastensystem\\\/ada-kurse-finden\\\/\",\"name\":\"AdA-Kurse finden - SVEB\",\"isPartOf\":{\"@id\":\"https:\\\/\\\/alice.ch\\\/de\\\/#website\"},\"primaryImageOfPage\":{\"@id\":\"https:\\\/\\\/alice.ch\\\/de\\\/professionalisierung\\\/ada-baukastensystem\\\/ada-kurse-finden\\\/#primaryimage\"},\"image\":{\"@id\":\"https:\\\/\\\/alice.ch\\\/de\\\/professionalisierung\\\/ada-baukastensystem\\\/ada-kurse-finden\\\/#primaryimage\"},\"thumbnailUrl\":\"https:\\\/\\\/alice.ch\\\/app\\\/uploads\\\/2022\\\/11\\\/default.jpg\",\"datePublished\":\"2022-10-14T09:20:59+00:00\",\"dateModified\":\"2025-06-17T08:31:42+00:00\",\"description\":\"Auf dieser Seite k\u00f6nnen Sie nach AdA-Kursen von Anbietern suchen, die das Recht haben, anerkannte Modulzertifikate zu erteilen.\",\"breadcrumb\":{\"@id\":\"https:\\\/\\\/alice.ch\\\/de\\\/professionalisierung\\\/ada-baukastensystem\\\/ada-kurse-finden\\\/#breadcrumb\"},\"inLanguage\":\"de\",\"potentialAction\":[{\"@type\":\"ReadAction\",\"target\":[\"https:\\\/\\\/alice.ch\\\/de\\\/professionalisierung\\\/ada-baukastensystem\\\/ada-kurse-finden\\\/\"]}]},{\"@type\":\"ImageObject\",\"inLanguage\":\"de\",\"@id\":\"https:\\\/\\\/alice.ch\\\/de\\\/professionalisierung\\\/ada-baukastensystem\\\/ada-kurse-finden\\\/#primaryimage\",\"url\":\"https:\\\/\\\/alice.ch\\\/app\\\/uploads\\\/2022\\\/11\\\/default.jpg\",\"contentUrl\":\"https:\\\/\\\/alice.ch\\\/app\\\/uploads\\\/2022\\\/11\\\/default.jpg\",\"width\":1600,\"height\":900},{\"@type\":\"BreadcrumbList\",\"@id\":\"https:\\\/\\\/alice.ch\\\/de\\\/professionalisierung\\\/ada-baukastensystem\\\/ada-kurse-finden\\\/#breadcrumb\",\"itemListElement\":[{\"@type\":\"ListItem\",\"position\":1,\"name\":\"Startseite\",\"item\":\"https:\\\/\\\/alice.ch\\\/de\\\/\"},{\"@type\":\"ListItem\",\"position\":2,\"name\":\"Professionalisierung\",\"item\":\"https:\\\/\\\/alice.ch\\\/de\\\/professionalisierung\\\/\"},{\"@type\":\"ListItem\",\"position\":3,\"name\":\"AdA-Baukastensystem\",\"item\":\"https:\\\/\\\/alice.ch\\\/de\\\/professionalisierung\\\/ada-baukastensystem\\\/\"},{\"@type\":\"ListItem\",\"position\":4,\"name\":\"AdA-Kurse finden\"}]},{\"@type\":\"WebSite\",\"@id\":\"https:\\\/\\\/alice.ch\\\/de\\\/#website\",\"url\":\"https:\\\/\\\/alice.ch\\\/de\\\/\",\"name\":\"alice.ch (Adult Learning Information Center) ist das Portal der Weiterbildung in der Schweiz.\",\"description\":\"Schweizerischer Verband f\u00fcr Weiterbildung\",\"publisher\":{\"@id\":\"https:\\\/\\\/alice.ch\\\/de\\\/#organization\"},\"potentialAction\":[{\"@type\":\"SearchAction\",\"target\":{\"@type\":\"EntryPoint\",\"urlTemplate\":\"https:\\\/\\\/alice.ch\\\/de\\\/?s={search_term_string}\"},\"query-input\":{\"@type\":\"PropertyValueSpecification\",\"valueRequired\":true,\"valueName\":\"search_term_string\"}}],\"inLanguage\":\"de\"},{\"@type\":\"Organization\",\"@id\":\"https:\\\/\\\/alice.ch\\\/de\\\/#organization\",\"name\":\"SVEB Schweizerischer Verband f\u00fcr Weiterbildung\",\"url\":\"https:\\\/\\\/alice.ch\\\/de\\\/\",\"logo\":{\"@type\":\"ImageObject\",\"inLanguage\":\"de\",\"@id\":\"https:\\\/\\\/alice.ch\\\/de\\\/#\\\/schema\\\/logo\\\/image\\\/\",\"url\":\"https:\\\/\\\/alice.ch\\\/app\\\/uploads\\\/2022\\\/07\\\/logo-sveb.png\",\"contentUrl\":\"https:\\\/\\\/alice.ch\\\/app\\\/uploads\\\/2022\\\/07\\\/logo-sveb.png\",\"width\":145,\"height\":64,\"caption\":\"SVEB Schweizerischer Verband f\u00fcr Weiterbildung\"},\"image\":{\"@id\":\"https:\\\/\\\/alice.ch\\\/de\\\/#\\\/schema\\\/logo\\\/image\\\/\"},\"sameAs\":[\"https:\\\/\\\/www.linkedin.com\\\/company\\\/schweizerischer-verband-fr-weiterbildung-sveb\\\/\"]}]}<\/script>\n<!-- \/ Yoast SEO plugin. -->","yoast_head_json":{"title":"AdA-Kurse finden - SVEB","description":"Auf dieser Seite k\u00f6nnen Sie nach AdA-Kursen von Anbietern suchen, die das Recht haben, anerkannte Modulzertifikate zu erteilen.","robots":{"index":"index","follow":"follow","max-snippet":"max-snippet:-1","max-image-preview":"max-image-preview:large","max-video-preview":"max-video-preview:-1"},"canonical":"https:\/\/alice.ch\/de\/professionalisierung\/ada-baukastensystem\/ada-kurse-finden\/","og_locale":"de_DE","og_type":"article","og_title":"AdA-Kurse finden - SVEB","og_description":"Auf dieser Seite k\u00f6nnen Sie nach AdA-Kursen von Anbietern suchen, die das Recht haben, anerkannte Modulzertifikate zu erteilen.","og_url":"https:\/\/alice.ch\/de\/professionalisierung\/ada-baukastensystem\/ada-kurse-finden\/","og_site_name":"SVEB","article_modified_time":"2025-06-17T08:31:42+00:00","twitter_card":"summary_large_image","twitter_misc":{"Gesch\u00e4tzte Lesezeit":"1\u00a0Minute"},"schema":{"@context":"https:\/\/schema.org","@graph":[{"@type":"WebPage","@id":"https:\/\/alice.ch\/de\/professionalisierung\/ada-baukastensystem\/ada-kurse-finden\/","url":"https:\/\/alice.ch\/de\/professionalisierung\/ada-baukastensystem\/ada-kurse-finden\/","name":"AdA-Kurse finden - SVEB","isPartOf":{"@id":"https:\/\/alice.ch\/de\/#website"},"primaryImageOfPage":{"@id":"https:\/\/alice.ch\/de\/professionalisierung\/ada-baukastensystem\/ada-kurse-finden\/#primaryimage"},"image":{"@id":"https:\/\/alice.ch\/de\/professionalisierung\/ada-baukastensystem\/ada-kurse-finden\/#primaryimage"},"thumbnailUrl":"https:\/\/alice.ch\/app\/uploads\/2022\/11\/default.jpg","datePublished":"2022-10-14T09:20:59+00:00","dateModified":"2025-06-17T08:31:42+00:00","description":"Auf dieser Seite k\u00f6nnen Sie nach AdA-Kursen von Anbietern suchen, die das Recht haben, anerkannte Modulzertifikate zu erteilen.","breadcrumb":{"@id":"https:\/\/alice.ch\/de\/professionalisierung\/ada-baukastensystem\/ada-kurse-finden\/#breadcrumb"},"inLanguage":"de","potentialAction":[{"@type":"ReadAction","target":["https:\/\/alice.ch\/de\/professionalisierung\/ada-baukastensystem\/ada-kurse-finden\/"]}]},{"@type":"ImageObject","inLanguage":"de","@id":"https:\/\/alice.ch\/de\/professionalisierung\/ada-baukastensystem\/ada-kurse-finden\/#primaryimage","url":"https:\/\/alice.ch\/app\/uploads\/2022\/11\/default.jpg","contentUrl":"https:\/\/alice.ch\/app\/uploads\/2022\/11\/default.jpg","width":1600,"height":900},{"@type":"BreadcrumbList","@id":"https:\/\/alice.ch\/de\/professionalisierung\/ada-baukastensystem\/ada-kurse-finden\/#breadcrumb","itemListElement":[{"@type":"ListItem","position":1,"name":"Startseite","item":"https:\/\/alice.ch\/de\/"},{"@type":"ListItem","position":2,"name":"Professionalisierung","item":"https:\/\/alice.ch\/de\/professionalisierung\/"},{"@type":"ListItem","position":3,"name":"AdA-Baukastensystem","item":"https:\/\/alice.ch\/de\/professionalisierung\/ada-baukastensystem\/"},{"@type":"ListItem","position":4,"name":"AdA-Kurse finden"}]},{"@type":"WebSite","@id":"https:\/\/alice.ch\/de\/#website","url":"https:\/\/alice.ch\/de\/","name":"alice.ch (Adult Learning Information Center) ist das Portal der Weiterbildung in der Schweiz.","description":"Schweizerischer Verband f\u00fcr Weiterbildung","publisher":{"@id":"https:\/\/alice.ch\/de\/#organization"},"potentialAction":[{"@type":"SearchAction","target":{"@type":"EntryPoint","urlTemplate":"https:\/\/alice.ch\/de\/?s={search_term_string}"},"query-input":{"@type":"PropertyValueSpecification","valueRequired":true,"valueName":"search_term_string"}}],"inLanguage":"de"},{"@type":"Organization","@id":"https:\/\/alice.ch\/de\/#organization","name":"SVEB Schweizerischer Verband f\u00fcr Weiterbildung","url":"https:\/\/alice.ch\/de\/","logo":{"@type":"ImageObject","inLanguage":"de","@id":"https:\/\/alice.ch\/de\/#\/schema\/logo\/image\/","url":"https:\/\/alice.ch\/app\/uploads\/2022\/07\/logo-sveb.png","contentUrl":"https:\/\/alice.ch\/app\/uploads\/2022\/07\/logo-sveb.png","width":145,"height":64,"caption":"SVEB Schweizerischer Verband f\u00fcr Weiterbildung"},"image":{"@id":"https:\/\/alice.ch\/de\/#\/schema\/logo\/image\/"},"sameAs":["https:\/\/www.linkedin.com\/company\/schweizerischer-verband-fr-weiterbildung-sveb\/"]}]}},"_links":{"self":[{"href":"https:\/\/alice.ch\/de\/wp-json\/wp\/v2\/pages\/3450","targetHints":{"allow":["GET"]}}],"collection":[{"href":"https:\/\/alice.ch\/de\/wp-json\/wp\/v2\/pages"}],"about":[{"href":"https:\/\/alice.ch\/de\/wp-json\/wp\/v2\/types\/page"}],"author":[{"embeddable":true,"href":"https:\/\/alice.ch\/de\/wp-json\/wp\/v2\/users\/4"}],"replies":[{"embeddable":true,"href":"https:\/\/alice.ch\/de\/wp-json\/wp\/v2\/comments?post=3450"}],"version-history":[{"count":20,"href":"https:\/\/alice.ch\/de\/wp-json\/wp\/v2\/pages\/3450\/revisions"}],"predecessor-version":[{"id":68993,"href":"https:\/\/alice.ch\/de\/wp-json\/wp\/v2\/pages\/3450\/revisions\/68993"}],"up":[{"embeddable":true,"href":"https:\/\/alice.ch\/de\/wp-json\/wp\/v2\/pages\/551"}],"wp:featuredmedia":[{"embeddable":true,"href":"https:\/\/alice.ch\/de\/wp-json\/wp\/v2\/media\/20799"}],"wp:attachment":[{"href":"https:\/\/alice.ch\/de\/wp-json\/wp\/v2\/media?parent=3450"}],"curies":[{"name":"wp","href":"https:\/\/api.w.org\/{rel}","templated":true}]}}