{"id":348,"date":"2022-08-16T15:36:37","date_gmt":"2022-08-16T13:36:37","guid":{"rendered":"https:\/\/projects.atxeit.ch\/sveb\/?page_id=348"},"modified":"2026-01-21T10:52:34","modified_gmt":"2026-01-21T09:52:34","slug":"weiterbildung-international","status":"publish","type":"page","link":"https:\/\/alice.ch\/de\/themen\/weiterbildung-international\/","title":{"rendered":"Weiterbildung international"},"content":{"rendered":"\n<div class=\"wp-block-group is-layout-constrained wp-block-group-is-layout-constrained\">\n<div class=\"wp-block-group is-style-reduced-width is-layout-constrained wp-block-group-is-layout-constrained\">\n<div class=\"wp-block-group is-style-default is-layout-flow wp-block-group-is-layout-flow\">\n<h1 class=\"wp-block-heading\">Weiterbildung im internationalen Kontext&nbsp;<\/h1>\n\n\n\n<p class=\"is-style-lead\">Das Schweizer Weiterbildungssystem wird politisch und fachlich durch internationale Entwicklungen beeinflusst. Als Mitglied der UNESCO hat sich die Schweiz verpflichtet, verschiedene internationale Empfehlungen und Bildungsagenden in der Weiterbildung umzusetzen.<\/p>\n\n\n\n<p class=\"is-style-default\">Auf fachlicher Ebene ist der Austausch in internationalen Netzwerken zentral, um k\u00fcnftige Entwicklungen fr\u00fchzeitig zu erkennen und den Wissenstransfer von der und in die Schweiz zu gew\u00e4hrleisten.<\/p>\n\n\n\n<h2 class=\"wp-block-heading\">Die Rolle des SVEB<\/h2>\n\n\n\n<p>Der SVEB ist seit seiner Gr\u00fcndung in internationalen Netzwerken und Verb\u00e4nden t\u00e4tig und kooperiert mit den Schweizer Beh\u00f6rden, um internationale Bildungsagenden umzusetzen. Er engagiert sich dabei f\u00fcr die St\u00e4rkung der Weiterbildung weltweit, bringt seine Expertise ein und vertritt die Interessen der Schweizer Weiterbildungsanbieter mit folgenden Leitzielen:<\/p>\n\n\n\n<ul class=\"wp-block-list\">\n<li>Unterst\u00fctzung der Schweizer Bildungsbeh\u00f6rden bei der Umsetzung internationaler Agenden<\/li>\n\n\n\n<li>Vertretung der Interessen der Schweiz in internationalen Netzwerken und Verb\u00e4nden<\/li>\n\n\n\n<li>Fr\u00fchzeitige Erkennung von internationalen Entwicklungen <\/li>\n\n\n\n<li>Wissenstransfer vom Ausland in die Schweiz und umgekehrt<\/li>\n<\/ul>\n\n\n\n<h2 class=\"wp-block-heading\">Informationsdossiers<\/h2>\n\n\n\n<p>Damit diese Ziele erreicht werden k\u00f6nnen, spielen auf politischer und fachlicher Ebene internationale Abkommen und Programme, Netzwerke sowie konkrete Projekte eine entscheidende Rolle.<\/p>\n\n\n\n<div class=\"wp-block-media-text alignwide is-stacked-on-mobile is-style-icon-text\"><figure class=\"wp-block-media-text__media\"><a href=\"https:\/\/alice.ch\/de\/themen\/weiterbildung-international\/strategien\/\"><img decoding=\"async\" width=\"853\" height=\"1024\" src=\"https:\/\/alice.ch\/app\/uploads\/2022\/10\/icon-agenda-1-853x1024.png\" alt=\"\" class=\"wp-image-5908 size-full\" srcset=\"https:\/\/alice.ch\/app\/uploads\/2022\/10\/icon-agenda-1-853x1024.png 853w, https:\/\/alice.ch\/app\/uploads\/2022\/10\/icon-agenda-1-250x300.png 250w, https:\/\/alice.ch\/app\/uploads\/2022\/10\/icon-agenda-1-768x922.png 768w, https:\/\/alice.ch\/app\/uploads\/2022\/10\/icon-agenda-1.png 1000w\" sizes=\"(max-width: 853px) 100vw, 853px\" \/><\/a><\/figure><div class=\"wp-block-media-text__content\">\n<h2 class=\"wp-block-heading\"><a href=\"https:\/\/alice.ch\/de\/themen\/weiterbildung-international\/strategien\/\">Internationale Strategien<\/a><\/h2>\n\n\n\n<ul class=\"wp-block-list\">\n<li>Der Marrakesch-Aktionsrahmen der CONFINTEA VII<\/li>\n\n\n\n<li>Die Bildungsagenda 2030 der UNO<\/li>\n\n\n\n<li>Die UNESCO-Empfehlung zur Weiterbildung<\/li>\n<\/ul>\n<\/div><\/div>\n\n\n\n<hr class=\"wp-block-separator has-alpha-channel-opacity is-style-wide\"\/>\n\n\n\n<div class=\"wp-block-media-text alignwide is-stacked-on-mobile is-style-icon-text\"><figure class=\"wp-block-media-text__media\"><a href=\"https:\/\/alice.ch\/de\/themen\/weiterbildung-international\/netzwerke\/\"><img decoding=\"async\" width=\"1247\" height=\"1206\" src=\"https:\/\/alice.ch\/app\/uploads\/2022\/10\/icon-netzwerk-e1667221376355.png\" alt=\"\" class=\"wp-image-4742 size-full\" srcset=\"https:\/\/alice.ch\/app\/uploads\/2022\/10\/icon-netzwerk-e1667221376355.png 1247w, https:\/\/alice.ch\/app\/uploads\/2022\/10\/icon-netzwerk-e1667221376355-300x290.png 300w, https:\/\/alice.ch\/app\/uploads\/2022\/10\/icon-netzwerk-e1667221376355-1024x990.png 1024w, https:\/\/alice.ch\/app\/uploads\/2022\/10\/icon-netzwerk-e1667221376355-768x743.png 768w\" sizes=\"(max-width: 1247px) 100vw, 1247px\" \/><\/a><\/figure><div class=\"wp-block-media-text__content\">\n<h2 class=\"wp-block-heading\"><a href=\"https:\/\/alice.ch\/de\/themen\/weiterbildung-international\/netzwerke\/\">Netzwerke und Verb\u00e4nde<\/a><\/h2>\n\n\n\n<ul class=\"wp-block-list\">\n<li>Der Europ\u00e4ische Verband f\u00fcr Erwachsenenbildung (EAEA)&nbsp;<\/li>\n\n\n\n<li>Der International Council for Adult Education (ICAE)&nbsp;<\/li>\n\n\n\n<li>Das European Basic Skills Network (EBSN)<\/li>\n\n\n\n<li>Die Hall of Fame Europe (HOFE)<\/li>\n<\/ul>\n<\/div><\/div>\n\n\n\n<hr class=\"wp-block-separator has-alpha-channel-opacity is-style-wide\"\/>\n\n\n\n<div class=\"wp-block-media-text alignwide is-stacked-on-mobile is-style-icon-text\"><figure class=\"wp-block-media-text__media\"><a href=\"https:\/\/alice.ch\/de\/themen\/weiterbildung-international\/internationale-projekte\/\"><img decoding=\"async\" width=\"1024\" height=\"815\" src=\"https:\/\/alice.ch\/app\/uploads\/2022\/10\/icon-int-projekte-1-1024x815.png\" alt=\"\" class=\"wp-image-4746 size-full\" srcset=\"https:\/\/alice.ch\/app\/uploads\/2022\/10\/icon-int-projekte-1-1024x815.png 1024w, https:\/\/alice.ch\/app\/uploads\/2022\/10\/icon-int-projekte-1-300x239.png 300w, https:\/\/alice.ch\/app\/uploads\/2022\/10\/icon-int-projekte-1-768x611.png 768w, https:\/\/alice.ch\/app\/uploads\/2022\/10\/icon-int-projekte-1-1536x1223.png 1536w, https:\/\/alice.ch\/app\/uploads\/2022\/10\/icon-int-projekte-1.png 1583w\" sizes=\"(max-width: 1024px) 100vw, 1024px\" \/><\/a><\/figure><div class=\"wp-block-media-text__content\">\n<h2 class=\"wp-block-heading\"><a href=\"https:\/\/alice.ch\/de\/themen\/weiterbildung-international\/internationale-projekte\/\">Internationale Projekte<\/a><\/h2>\n\n\n\n<p>Der SVEB engagiert sich in Projekten in Ost- und S\u00fcdosteuropa und wirkt in Projekten der EU mit.<\/p>\n<\/div><\/div>\n\n\n\n<hr class=\"wp-block-separator has-alpha-channel-opacity is-style-wide\"\/>\n\n\n\n<div class=\"wp-block-media-text alignwide is-stacked-on-mobile is-style-icon-text\"><figure class=\"wp-block-media-text__media\"><a href=\"https:\/\/alice.ch\/de\/themen\/weiterbildung-international\/internationaler-austausch\/\"><img decoding=\"async\" width=\"316\" height=\"230\" src=\"https:\/\/alice.ch\/app\/uploads\/2022\/10\/icon-network.png\" alt=\"\" class=\"wp-image-5993 size-full\" srcset=\"https:\/\/alice.ch\/app\/uploads\/2022\/10\/icon-network.png 316w, https:\/\/alice.ch\/app\/uploads\/2022\/10\/icon-network-300x218.png 300w\" sizes=\"(max-width: 316px) 100vw, 316px\" \/><\/a><\/figure><div class=\"wp-block-media-text__content\">\n<h2 class=\"wp-block-heading\"><a href=\"https:\/\/alice.ch\/de\/themen\/weiterbildung-international\/internationaler-austausch\/\">Internationaler Austausch<\/a><\/h2>\n\n\n\n<p>Die nationale Agentur zur F\u00f6rderung von Austausch und Mobilit\u00e4t im Bildungsbereich Movetia unterst\u00fctzt \u2013 im Auftrag von Bund und Kantonen \u2013 verschiedene Mobilit\u00e4ts- und Kooperationsprojekte auf allen Bildungsstufen.<\/p>\n<\/div><\/div>\n\n\n\n<div class=\"wp-block-group is-style-run-to-edge has-primary-background-color has-background is-layout-flow wp-block-group-is-layout-flow\">\n<p class=\"is-style-lead has-background-color has-text-color\">Im \u00abInternational SVEB Newsletter\u00bb informiert der SVEB halbj\u00e4hrlich \u00fcber seine internationalen Forschungsprojekte, Programme, Angebote und Aktivit\u00e4ten. Er wird nur in Englisch versandt.<\/p>\n<\/div>\n<\/div>\n\n\n\n<p><\/p>\n\n\n\n<h2 class=\"wp-block-heading\">International SVEB Newsletter<\/h2>\n<\/div>\n\n\n\n<!-- Begin Mailchimp Signup Form -->\n<link href=\"\/\/cdn-images.mailchimp.com\/embedcode\/classic-10_7.css\" rel=\"stylesheet\" type=\"text\/css\">\n<style type=\"text\/css\">\n\t#mc_embed_signup{background:#fff; clear:left; font:12px Helvetica,Arial,sans-serif;  width:340px;}\n\t\/* Add your own Mailchimp form style overrides in your site stylesheet or in this style block.\n\t   We recommend moving this block and the preceding CSS link to the HEAD of your HTML file. *\/\n<\/style>\n<div id=\"mc_embed_signup\">\n<form action=\"https:\/\/alice.us13.list-manage.com\/subscribe\/post?u=819194c12a777453fe8624b52&amp;id=16a0a081a8\" method=\"post\" id=\"mc-embedded-subscribe-form\" name=\"mc-embedded-subscribe-form\" class=\"validate\" target=\"_blank\" novalidate=\"\">\n    <div id=\"mc_embed_signup_scroll\">\n<div class=\"indicates-required\"><span class=\"asterisk\">*<\/span> indicates required<\/div>\n<div class=\"mc-field-group\">\n\t<label for=\"mce-EMAIL\">Email Address  <span class=\"asterisk\">*<\/span>\n<\/label>\n\t<input type=\"email\" value=\"\" name=\"EMAIL\" class=\"required email\" id=\"mce-EMAIL\">\n<\/div>\n<div class=\"mc-field-group\">\n\t<label for=\"mce-FNAME\">First Name <\/label>\n\t<input type=\"text\" value=\"\" name=\"FNAME\" class=\"\" id=\"mce-FNAME\">\n<\/div>\n<div class=\"mc-field-group\">\n\t<label for=\"mce-LNAME\">Last Name <\/label>\n\t<input type=\"text\" value=\"\" name=\"LNAME\" class=\"\" id=\"mce-LNAME\">\n<\/div>\n\t<div id=\"mce-responses\" class=\"clear\">\n\t\t<div class=\"response\" id=\"mce-error-response\" style=\"display:none\"><\/div>\n\t\t<div class=\"response\" id=\"mce-success-response\" style=\"display:none\"><\/div>\n\t<\/div>    <!-- real people should not fill this in and expect good things - do not remove this or risk form bot signups-->\n    <div style=\"position: absolute; left: -5000px;\" aria-hidden=\"true\"><input type=\"text\" name=\"b_819194c12a777453fe8624b52_16a0a081a8\" tabindex=\"-1\" value=\"\"><\/div>\n    <div class=\"clear\"><input type=\"submit\" value=\"Subscribe\" name=\"subscribe\" id=\"mc-embedded-subscribe\" class=\"button\"><\/div>\n<br>\n<br>\n    <\/div>\n<\/form>\n<\/div>\n<script type=\"text\/javascript\" src=\"\/\/s3.amazonaws.com\/downloads.mailchimp.com\/js\/mc-validate.js\"><\/script><script type=\"text\/javascript\">(function($) {window.fnames = new Array(); window.ftypes = new Array();fnames[0]='EMAIL';ftypes[0]='email';fnames[1]='FNAME';ftypes[1]='text';fnames[2]='LNAME';ftypes[2]='text';fnames[3]='ADDRESS';ftypes[3]='address';fnames[4]='PHONE';ftypes[4]='phone';}(jQuery));var $mcj = jQuery.noConflict(true);<\/script>\n<!--End mc_embed_signup-->\n<\/div>\n\n\n\n<div class=\"wp-block-group is-style-reduced-width is-layout-flow wp-block-group-is-layout-flow\">\n<h2 class=\"wp-block-heading\">Archiv International SVEB Newsletter<\/h2>\n\n\n\n<style type=\"text\/css\">\n<!--\n.display_archive {font-family: arial,verdana; font-size: 16px;}\n.campaign {line-height: 125%; margin: 5px;}\n\/\/-->\n<\/style>\n<script language=\"javascript\" src=\"\/\/alice.us13.list-manage.com\/generate-js\/?u=819194c12a777453fe8624b52&#038;fid=9833&#038;show=10\" type=\"text\/javascript\"><\/script>\n\n\n\n<h2 class=\"wp-block-heading\">Vergangene Veranstaltungen<\/h2>\n\n\n\n<div class=\"wp-block-query is-layout-flow wp-block-query-is-layout-flow\"><ul class=\"wp-block-post-template is-layout-flow wp-block-post-template-is-layout-flow\"><li class=\"wp-block-post post-70416 event type-event status-publish has-post-thumbnail hentry event-category-sveb-kooperation-events event-tag-365 event-status-archiv event-language-deutsch global-category-chancengleichheit global-category-international\">\n\t<a class=\"event-item\" href=\"https:\/\/alice.ch\/de\/event\/unesco-learning-cities-in-der-schweiz-ein-erfolgsmodell-fuer-schweizer-staedte\/\" target=\"\">\n\t<div class=\"icon\"><\/div>\n\t<div class=\"date\">14\/01\/2026<\/div>\n\t<div class=\"title\">Entdecken Sie das Konzept der UNESCO Learning Cities!<\/div>\n\t<div class=\"place\">Online<\/div>\n\t<!-- <div class=\"category\">SVEB &amp; Kooperation Events<\/div> -->\n\t<div class=\"language\">D<\/div>\n\t<\/a>\n\n<\/li><li class=\"wp-block-post post-70635 event type-event status-publish has-post-thumbnail hentry event-category-sveb-kooperation-events event-tag-365 event-status-archiv event-language-deutsch global-category-international global-category-movetia\">\n\t<a class=\"event-item\" href=\"https:\/\/alice.ch\/de\/event\/informationsanlass-mobilitaet-in-der-weiterbildung\/\" target=\"\">\n\t<div class=\"icon\"><\/div>\n\t<div class=\"date\">09\/12\/2025<\/div>\n\t<div class=\"title\">Informationsanlass: Mobilit\u00e4t in der Weiterbildung<\/div>\n\t<div class=\"place\">Online<\/div>\n\t<!-- <div class=\"category\">SVEB &amp; Kooperation Events<\/div> -->\n\t<div class=\"language\">D<\/div>\n\t<\/a>\n\n<\/li><li class=\"wp-block-post post-63536 event type-event status-publish has-post-thumbnail hentry event-category-sveb-kooperation-events event-status-archiv event-language-deutsch global-category-movetia\">\n\t<a class=\"event-item\" href=\"https:\/\/alice.ch\/de\/event\/informationsanlass-europaeischer-austausch-und-zusammenarbeit-im-weiterbildungsbereich\/\" target=\"\">\n\t<div class=\"icon\"><\/div>\n\t<div class=\"date\">23\/01\/2025<\/div>\n\t<div class=\"title\">Informationsanlass: Europ\u00e4ischer Austausch und Zusammenarbeit im Weiterbildungsbereich\u00a0<\/div>\n\t<div class=\"place\">Online<\/div>\n\t<!-- <div class=\"category\">SVEB &amp; Kooperation Events<\/div> -->\n\t<div class=\"language\">D<\/div>\n\t<\/a>\n\n<\/li><\/ul><\/div>\n\n\n\n<h2 class=\"wp-block-heading\">Kontakt<\/h2>\n\n\n\n<div class=\"wp-block-columns is-layout-flex wp-container-core-columns-is-layout-28f84493 wp-block-columns-is-layout-flex\">\n<div class=\"wp-block-column is-layout-flow wp-block-column-is-layout-flow\" style=\"flex-basis:50%\"><div class=\"contact-persons\">\n\n\t\t\t\t\t<div class=\"contact-person\">\n\t\t\t\t\tBernhard Gr\u00e4miger<br \/>\t\t\t\t\tDirektor<br \/>\t\t\t\t\t<br \/>\n\t\t\t\t\t\t\t\t\t\t<a href=\"tel:+41 (0)44 319 71 61\">+41 (0)44 319 71 61<\/a><br \/>\t\t\t\t\t<a href=\"mailto:bernhard.graemiger@alice.ch\">bernhard.graemiger@alice.ch<\/a><br \/>\t\t\t\t\t<\/div>\n\t\t\t\t\t<\/div>\n<\/div>\n\n\n\n<div class=\"wp-block-column is-layout-flow wp-block-column-is-layout-flow\" style=\"flex-basis:50%\"><\/div>\n<\/div>\n<\/div>\n","protected":false},"excerpt":{"rendered":"<p>Weiterbildung im internationalen Kontext&nbsp; Das Schweizer Weiterbildungssystem wird politisch und fachlich durch internationale Entwicklungen beeinflusst. Als Mitglied der UNESCO hat [&hellip;]<\/p>\n","protected":false},"author":2,"featured_media":20799,"parent":23,"menu_order":116,"comment_status":"closed","ping_status":"closed","template":"","meta":{"_acf_changed":false,"inline_featured_image":false,"footnotes":""},"class_list":["post-348","page","type-page","status-publish","has-post-thumbnail","hentry"],"acf":[],"yoast_head":"<!-- This site is optimized with the Yoast SEO plugin v27.3 - https:\/\/yoast.com\/product\/yoast-seo-wordpress\/ -->\n<title>Weiterbildung international - SVEB<\/title>\n<meta name=\"description\" content=\"Der SVEB ist in internationalen Netzwerken t\u00e4tig und kooperiert mit den Schweizer Beh\u00f6rden, um internationale Bildungsagenden umzusetzen.\" \/>\n<meta name=\"robots\" content=\"index, follow, max-snippet:-1, max-image-preview:large, max-video-preview:-1\" \/>\n<link rel=\"canonical\" href=\"https:\/\/alice.ch\/de\/themen\/weiterbildung-international\/\" \/>\n<meta property=\"og:locale\" content=\"de_DE\" \/>\n<meta property=\"og:type\" content=\"article\" \/>\n<meta property=\"og:title\" content=\"Weiterbildung international - SVEB\" \/>\n<meta property=\"og:description\" content=\"Der SVEB ist in internationalen Netzwerken t\u00e4tig und kooperiert mit den Schweizer Beh\u00f6rden, um internationale Bildungsagenden umzusetzen.\" \/>\n<meta property=\"og:url\" content=\"https:\/\/alice.ch\/de\/themen\/weiterbildung-international\/\" \/>\n<meta property=\"og:site_name\" content=\"SVEB\" \/>\n<meta property=\"article:modified_time\" content=\"2026-01-21T09:52:34+00:00\" \/>\n<meta property=\"og:image\" content=\"https:\/\/alice.ch\/app\/uploads\/2022\/10\/icon-agenda-1.png\" \/>\n\t<meta property=\"og:image:width\" content=\"1000\" \/>\n\t<meta property=\"og:image:height\" content=\"1200\" \/>\n\t<meta property=\"og:image:type\" content=\"image\/png\" \/>\n<meta name=\"twitter:card\" content=\"summary_large_image\" \/>\n<meta name=\"twitter:label1\" content=\"Gesch\u00e4tzte Lesezeit\" \/>\n\t<meta name=\"twitter:data1\" content=\"3\u00a0Minuten\" \/>\n<script type=\"application\/ld+json\" class=\"yoast-schema-graph\">{\"@context\":\"https:\\\/\\\/schema.org\",\"@graph\":[{\"@type\":\"WebPage\",\"@id\":\"https:\\\/\\\/alice.ch\\\/de\\\/themen\\\/weiterbildung-international\\\/\",\"url\":\"https:\\\/\\\/alice.ch\\\/de\\\/themen\\\/weiterbildung-international\\\/\",\"name\":\"Weiterbildung international - SVEB\",\"isPartOf\":{\"@id\":\"https:\\\/\\\/alice.ch\\\/de\\\/#website\"},\"primaryImageOfPage\":{\"@id\":\"https:\\\/\\\/alice.ch\\\/de\\\/themen\\\/weiterbildung-international\\\/#primaryimage\"},\"image\":{\"@id\":\"https:\\\/\\\/alice.ch\\\/de\\\/themen\\\/weiterbildung-international\\\/#primaryimage\"},\"thumbnailUrl\":\"https:\\\/\\\/alice.ch\\\/app\\\/uploads\\\/2022\\\/11\\\/default.jpg\",\"datePublished\":\"2022-08-16T13:36:37+00:00\",\"dateModified\":\"2026-01-21T09:52:34+00:00\",\"description\":\"Der SVEB ist in internationalen Netzwerken t\u00e4tig und kooperiert mit den Schweizer Beh\u00f6rden, um internationale Bildungsagenden umzusetzen.\",\"breadcrumb\":{\"@id\":\"https:\\\/\\\/alice.ch\\\/de\\\/themen\\\/weiterbildung-international\\\/#breadcrumb\"},\"inLanguage\":\"de\",\"potentialAction\":[{\"@type\":\"ReadAction\",\"target\":[\"https:\\\/\\\/alice.ch\\\/de\\\/themen\\\/weiterbildung-international\\\/\"]}]},{\"@type\":\"ImageObject\",\"inLanguage\":\"de\",\"@id\":\"https:\\\/\\\/alice.ch\\\/de\\\/themen\\\/weiterbildung-international\\\/#primaryimage\",\"url\":\"https:\\\/\\\/alice.ch\\\/app\\\/uploads\\\/2022\\\/11\\\/default.jpg\",\"contentUrl\":\"https:\\\/\\\/alice.ch\\\/app\\\/uploads\\\/2022\\\/11\\\/default.jpg\",\"width\":1600,\"height\":900},{\"@type\":\"BreadcrumbList\",\"@id\":\"https:\\\/\\\/alice.ch\\\/de\\\/themen\\\/weiterbildung-international\\\/#breadcrumb\",\"itemListElement\":[{\"@type\":\"ListItem\",\"position\":1,\"name\":\"Startseite\",\"item\":\"https:\\\/\\\/alice.ch\\\/de\\\/\"},{\"@type\":\"ListItem\",\"position\":2,\"name\":\"Themen\",\"item\":\"https:\\\/\\\/alice.ch\\\/de\\\/themen\\\/\"},{\"@type\":\"ListItem\",\"position\":3,\"name\":\"Weiterbildung international\"}]},{\"@type\":\"WebSite\",\"@id\":\"https:\\\/\\\/alice.ch\\\/de\\\/#website\",\"url\":\"https:\\\/\\\/alice.ch\\\/de\\\/\",\"name\":\"alice.ch (Adult Learning Information Center) ist das Portal der Weiterbildung in der Schweiz.\",\"description\":\"Schweizerischer Verband f\u00fcr Weiterbildung\",\"publisher\":{\"@id\":\"https:\\\/\\\/alice.ch\\\/de\\\/#organization\"},\"potentialAction\":[{\"@type\":\"SearchAction\",\"target\":{\"@type\":\"EntryPoint\",\"urlTemplate\":\"https:\\\/\\\/alice.ch\\\/de\\\/?s={search_term_string}\"},\"query-input\":{\"@type\":\"PropertyValueSpecification\",\"valueRequired\":true,\"valueName\":\"search_term_string\"}}],\"inLanguage\":\"de\"},{\"@type\":\"Organization\",\"@id\":\"https:\\\/\\\/alice.ch\\\/de\\\/#organization\",\"name\":\"SVEB Schweizerischer Verband f\u00fcr Weiterbildung\",\"url\":\"https:\\\/\\\/alice.ch\\\/de\\\/\",\"logo\":{\"@type\":\"ImageObject\",\"inLanguage\":\"de\",\"@id\":\"https:\\\/\\\/alice.ch\\\/de\\\/#\\\/schema\\\/logo\\\/image\\\/\",\"url\":\"https:\\\/\\\/alice.ch\\\/app\\\/uploads\\\/2022\\\/07\\\/logo-sveb.png\",\"contentUrl\":\"https:\\\/\\\/alice.ch\\\/app\\\/uploads\\\/2022\\\/07\\\/logo-sveb.png\",\"width\":145,\"height\":64,\"caption\":\"SVEB Schweizerischer Verband f\u00fcr Weiterbildung\"},\"image\":{\"@id\":\"https:\\\/\\\/alice.ch\\\/de\\\/#\\\/schema\\\/logo\\\/image\\\/\"},\"sameAs\":[\"https:\\\/\\\/www.linkedin.com\\\/company\\\/schweizerischer-verband-fr-weiterbildung-sveb\\\/\"]}]}<\/script>\n<!-- \/ Yoast SEO plugin. -->","yoast_head_json":{"title":"Weiterbildung international - SVEB","description":"Der SVEB ist in internationalen Netzwerken t\u00e4tig und kooperiert mit den Schweizer Beh\u00f6rden, um internationale Bildungsagenden umzusetzen.","robots":{"index":"index","follow":"follow","max-snippet":"max-snippet:-1","max-image-preview":"max-image-preview:large","max-video-preview":"max-video-preview:-1"},"canonical":"https:\/\/alice.ch\/de\/themen\/weiterbildung-international\/","og_locale":"de_DE","og_type":"article","og_title":"Weiterbildung international - SVEB","og_description":"Der SVEB ist in internationalen Netzwerken t\u00e4tig und kooperiert mit den Schweizer Beh\u00f6rden, um internationale Bildungsagenden umzusetzen.","og_url":"https:\/\/alice.ch\/de\/themen\/weiterbildung-international\/","og_site_name":"SVEB","article_modified_time":"2026-01-21T09:52:34+00:00","og_image":[{"width":1000,"height":1200,"url":"https:\/\/alice.ch\/app\/uploads\/2022\/10\/icon-agenda-1.png","type":"image\/png"}],"twitter_card":"summary_large_image","twitter_misc":{"Gesch\u00e4tzte Lesezeit":"3\u00a0Minuten"},"schema":{"@context":"https:\/\/schema.org","@graph":[{"@type":"WebPage","@id":"https:\/\/alice.ch\/de\/themen\/weiterbildung-international\/","url":"https:\/\/alice.ch\/de\/themen\/weiterbildung-international\/","name":"Weiterbildung international - SVEB","isPartOf":{"@id":"https:\/\/alice.ch\/de\/#website"},"primaryImageOfPage":{"@id":"https:\/\/alice.ch\/de\/themen\/weiterbildung-international\/#primaryimage"},"image":{"@id":"https:\/\/alice.ch\/de\/themen\/weiterbildung-international\/#primaryimage"},"thumbnailUrl":"https:\/\/alice.ch\/app\/uploads\/2022\/11\/default.jpg","datePublished":"2022-08-16T13:36:37+00:00","dateModified":"2026-01-21T09:52:34+00:00","description":"Der SVEB ist in internationalen Netzwerken t\u00e4tig und kooperiert mit den Schweizer Beh\u00f6rden, um internationale Bildungsagenden umzusetzen.","breadcrumb":{"@id":"https:\/\/alice.ch\/de\/themen\/weiterbildung-international\/#breadcrumb"},"inLanguage":"de","potentialAction":[{"@type":"ReadAction","target":["https:\/\/alice.ch\/de\/themen\/weiterbildung-international\/"]}]},{"@type":"ImageObject","inLanguage":"de","@id":"https:\/\/alice.ch\/de\/themen\/weiterbildung-international\/#primaryimage","url":"https:\/\/alice.ch\/app\/uploads\/2022\/11\/default.jpg","contentUrl":"https:\/\/alice.ch\/app\/uploads\/2022\/11\/default.jpg","width":1600,"height":900},{"@type":"BreadcrumbList","@id":"https:\/\/alice.ch\/de\/themen\/weiterbildung-international\/#breadcrumb","itemListElement":[{"@type":"ListItem","position":1,"name":"Startseite","item":"https:\/\/alice.ch\/de\/"},{"@type":"ListItem","position":2,"name":"Themen","item":"https:\/\/alice.ch\/de\/themen\/"},{"@type":"ListItem","position":3,"name":"Weiterbildung international"}]},{"@type":"WebSite","@id":"https:\/\/alice.ch\/de\/#website","url":"https:\/\/alice.ch\/de\/","name":"alice.ch (Adult Learning Information Center) ist das Portal der Weiterbildung in der Schweiz.","description":"Schweizerischer Verband f\u00fcr Weiterbildung","publisher":{"@id":"https:\/\/alice.ch\/de\/#organization"},"potentialAction":[{"@type":"SearchAction","target":{"@type":"EntryPoint","urlTemplate":"https:\/\/alice.ch\/de\/?s={search_term_string}"},"query-input":{"@type":"PropertyValueSpecification","valueRequired":true,"valueName":"search_term_string"}}],"inLanguage":"de"},{"@type":"Organization","@id":"https:\/\/alice.ch\/de\/#organization","name":"SVEB Schweizerischer Verband f\u00fcr Weiterbildung","url":"https:\/\/alice.ch\/de\/","logo":{"@type":"ImageObject","inLanguage":"de","@id":"https:\/\/alice.ch\/de\/#\/schema\/logo\/image\/","url":"https:\/\/alice.ch\/app\/uploads\/2022\/07\/logo-sveb.png","contentUrl":"https:\/\/alice.ch\/app\/uploads\/2022\/07\/logo-sveb.png","width":145,"height":64,"caption":"SVEB Schweizerischer Verband f\u00fcr Weiterbildung"},"image":{"@id":"https:\/\/alice.ch\/de\/#\/schema\/logo\/image\/"},"sameAs":["https:\/\/www.linkedin.com\/company\/schweizerischer-verband-fr-weiterbildung-sveb\/"]}]}},"_links":{"self":[{"href":"https:\/\/alice.ch\/de\/wp-json\/wp\/v2\/pages\/348","targetHints":{"allow":["GET"]}}],"collection":[{"href":"https:\/\/alice.ch\/de\/wp-json\/wp\/v2\/pages"}],"about":[{"href":"https:\/\/alice.ch\/de\/wp-json\/wp\/v2\/types\/page"}],"author":[{"embeddable":true,"href":"https:\/\/alice.ch\/de\/wp-json\/wp\/v2\/users\/2"}],"replies":[{"embeddable":true,"href":"https:\/\/alice.ch\/de\/wp-json\/wp\/v2\/comments?post=348"}],"version-history":[{"count":41,"href":"https:\/\/alice.ch\/de\/wp-json\/wp\/v2\/pages\/348\/revisions"}],"predecessor-version":[{"id":72975,"href":"https:\/\/alice.ch\/de\/wp-json\/wp\/v2\/pages\/348\/revisions\/72975"}],"up":[{"embeddable":true,"href":"https:\/\/alice.ch\/de\/wp-json\/wp\/v2\/pages\/23"}],"wp:featuredmedia":[{"embeddable":true,"href":"https:\/\/alice.ch\/de\/wp-json\/wp\/v2\/media\/20799"}],"wp:attachment":[{"href":"https:\/\/alice.ch\/de\/wp-json\/wp\/v2\/media?parent=348"}],"curies":[{"name":"wp","href":"https:\/\/api.w.org\/{rel}","templated":true}]}}