{"id":35081,"date":"2022-12-08T18:23:29","date_gmt":"2022-12-08T17:23:29","guid":{"rendered":"https:\/\/alice.ch\/?page_id=35081"},"modified":"2024-12-02T15:43:53","modified_gmt":"2024-12-02T14:43:53","slug":"digitale-transformation-starten","status":"publish","type":"page","link":"https:\/\/alice.ch\/de\/themen\/digitalisierung-in-der-weiterbildung\/digitale-transformation\/digitale-transformation-starten\/","title":{"rendered":"Digitale Transformation f\u00f6rdern"},"content":{"rendered":"\n<div class=\"wp-block-group is-style-reduced-width is-layout-constrained wp-block-group-is-layout-constrained\">\n<h1 class=\"wp-block-heading\">F\u00fcnf Rezepte, um die digitale Transformation zu f\u00f6rdern&nbsp;<\/h1>\n\n\n\n<p class=\"is-style-lead\">In den vergangenen Jahren hat sich die Digitalisierung in der Weiterbildung beschleunigt. Viele Organisationen befinden sich zurzeit in der digitalen Transformation. Im Austausch mit ihnen haben sich f\u00fcnf Rezepte f\u00fcr die digitale Transformation in Weiterbildungsinstitutionen ergeben. Dabei handelt es sich um bereits umgesetzte Ideen aus der Praxis, nicht um theoretische Modelle.<\/p>\n\n\n\n<div class=\"wp-block-group is-layout-flow wp-block-group-is-layout-flow\">\n<div class=\"wp-block-columns is-style-accordion is-layout-flex wp-container-core-columns-is-layout-28f84493 wp-block-columns-is-layout-flex\" id=\"faq-element-1\">\n<div class=\"wp-block-column is-layout-flow wp-block-column-is-layout-flow\">\n<h2 class=\"wp-block-heading\">Pilot-Teams<\/h2>\n<\/div>\n\n\n\n<div class=\"wp-block-column is-layout-flow wp-block-column-is-layout-flow\">\n<p>Die Pilot-Teams kommunizieren ihre gemachten Erfahrungen offen und erm\u00f6glichen auf diese Weise allen anderen Mitarbeitenden, von den Learnings zu profitieren.<\/p>\n<\/div>\n<\/div>\n\n\n\n<div class=\"wp-block-columns is-style-accordion is-layout-flex wp-container-core-columns-is-layout-28f84493 wp-block-columns-is-layout-flex\" id=\"faq-element-1\">\n<div class=\"wp-block-column is-layout-flow wp-block-column-is-layout-flow\">\n<h2 class=\"wp-block-heading\">\u00dcben durch Feedback&nbsp;<\/h2>\n<\/div>\n\n\n\n<div class=\"wp-block-column is-layout-flow wp-block-column-is-layout-flow\">\n<p>Die Organisation ermutigt Mitarbeitende, neue Arbeitsweisen zu erproben. Durch die offene Feedback-Kultur entwickeln die Mitarbeitenden damit auch neue Kompetenzen oder entwickeln ihre Kompetenzen weiter. So haben sowohl sie als auch die Organisation die M\u00f6glichkeit, aus Fehlern zu lernen.<\/p>\n<\/div>\n<\/div>\n\n\n\n<div class=\"wp-block-columns is-style-accordion is-layout-flex wp-container-core-columns-is-layout-28f84493 wp-block-columns-is-layout-flex\" id=\"faq-element-1\">\n<div class=\"wp-block-column is-layout-flow wp-block-column-is-layout-flow\">\n<h2 class=\"wp-block-heading\">Themenverantwortung<\/h2>\n<\/div>\n\n\n\n<div class=\"wp-block-column is-layout-flow wp-block-column-is-layout-flow\">\n<p>Die Organisation ermutigt Mitarbeitende, f\u00fcr gewisse Themen die Leitung und Verantwortung zu \u00fcbernehmen. So entstehen innerhalb der Organisation Themenverantwortungen. Ein wichtiges Element in der Umsetzung von Themenverantwortungen sind offene Kommunikationswege \u00fcber strategische Bereiche hinweg.<\/p>\n<\/div>\n<\/div>\n\n\n\n<div class=\"wp-block-columns is-style-accordion is-layout-flex wp-container-core-columns-is-layout-28f84493 wp-block-columns-is-layout-flex\" id=\"faq-element-1\">\n<div class=\"wp-block-column is-layout-flow wp-block-column-is-layout-flow\">\n<h2 class=\"wp-block-heading\">Ideen-Pitch<\/h2>\n<\/div>\n\n\n\n<div class=\"wp-block-column is-layout-flow wp-block-column-is-layout-flow\">\n<p>Die Organisation l\u00e4dt alle Mitarbeitenden und Weiterbildungsteilnehmenden ein, Ideen f\u00fcr die digitale Transformation einzubringen. Hierf\u00fcr stellt die Leitung ein Gef\u00e4ss, wie zum Beispiel eine regelm\u00e4ssige Sitzung, einen Ideenbriefkasten oder einen digitalen Ort, bereit. Die Leitung oder ein Gremium w\u00e4hlt jene Ideen aus, die umgesetzt werden sollen.<\/p>\n<\/div>\n<\/div>\n\n\n\n<div class=\"wp-block-columns is-style-accordion is-layout-flex wp-container-core-columns-is-layout-28f84493 wp-block-columns-is-layout-flex\" id=\"faq-element-1\">\n<div class=\"wp-block-column is-layout-flow wp-block-column-is-layout-flow\">\n<h2 class=\"wp-block-heading\">Sichtbare Vision am Arbeitsplatz<\/h2>\n<\/div>\n\n\n\n<div class=\"wp-block-column is-layout-flow wp-block-column-is-layout-flow\">\n<p>Eine Organisation verf\u00fcgt \u00fcber eine Vision, welche die Kultur und die Werte definiert. Diese beginnt mit einem \u00abWieso\u00bb und erkl\u00e4rt den Sinn, dem die Organisation folgt. Das \u00abWie\u00bb geht auf die Prozesse und die gelebten Werte ein. Zum Schluss zeigt das \u00abWas\u00bb auf, was getan werden muss, um der Vision zu folgen. Alle Mitarbeitenden der Organisation sehen die Vision im Arbeitsalltag. Dadurch, dass die Mitarbeitenden die Kultur und die Werte in der t\u00e4glichen Arbeit immer wieder sehen, werden diese von den Mitarbeitenden auch gelebt.<\/p>\n<\/div>\n<\/div>\n<\/div>\n\n\n\n<div class=\"wp-block-group is-layout-constrained wp-block-group-is-layout-constrained\">\n<h2 class=\"wp-block-heading\">Praxisprojekt: Digitale Transformation<\/h2>\n\n\n\n<p>Die digitale Transformation auf der Organisationsebene stellt f\u00fcr viele Anbieter eine Herausforderung dar. Vor diesem Hintergrund m\u00f6chte der SVEB kleine und mittlere Weiterbildungsanbieter mit diesem Projekt bei der digitalen Transformation unterst\u00fctzen.<\/p>\n\n\n\n<p>Im Rahmen dieses Projekts ver\u00f6ffentlichte der SVEB ein Analyse-Tool und organisierte die Veranstaltungsreihe \u00abBest Practice Circle\u00bb.<\/p>\n\n\n\n<div class=\"wp-block-buttons is-layout-flex wp-block-buttons-is-layout-flex\">\n<div class=\"wp-block-button has-custom-width wp-block-button__width-50 is-style-outline is-style-outline--1\"><a class=\"wp-block-button__link wp-element-button\" href=\"https:\/\/alice.ch\/de\/project\/digitale-transformation-in-weiterbildungsinstitutionen\/\">Digitale Transformation in Weiterbildungsinstitutionen<\/a><\/div>\n<\/div>\n<\/div>\n\n\n\n<div class=\"wp-block-group is-style-run-to-edge has-primary-background-color has-background is-layout-flow wp-block-group-is-layout-flow\">\n<h2 class=\"wp-block-heading\">Analyse-Tool<\/h2>\n\n\n\n<p>Das vom SVEB erarbeitete Analyse-Tool bietet Anbietern Unterst\u00fctzung bei der Selbstreflexion zur digitalen Transformation. Es legt den Fokus auf die Organisationsebene und eignet sich zur Bedarfsabkl\u00e4rung. Das Tool stellt verschiedene Elemente vor, die zu einem Transformationsprozess geh\u00f6ren. Anhand von Fragen zur Selbstreflexion kann die Organisation erkennen, wo Potenziale f\u00fcr den Transformationsprozess vorhanden sind.<\/p>\n\n\n\n<p>Das Analyse-Tool basiert auf dem europ\u00e4ischen DigCompOrg-Modell.<\/p>\n<\/div>\n\n\n\n<div class=\"wp-block-columns is-layout-flex wp-container-core-columns-is-layout-28f84493 wp-block-columns-is-layout-flex\">\n<div class=\"wp-block-column is-layout-flow wp-block-column-is-layout-flow\" style=\"flex-basis:50%\">\n<div class=\"wp-block-file\"><a id=\"wp-block-file--media-eec9df04-5b29-4ed0-89c9-db8c1ad39e07\" href=\"https:\/\/alice.ch\/app\/uploads\/2022\/11\/DE_Analysetool_Digitale_Transformation.pdf\" target=\"_blank\" rel=\"noreferrer noopener\">Analyse-Tool Digitale Transformation<br \/>PDF &#8211; 946 KB<\/a><\/div>\n<\/div>\n\n\n\n<div class=\"wp-block-column is-layout-flow wp-block-column-is-layout-flow\" style=\"flex-basis:50%\"><\/div>\n<\/div>\n\n\n\n<h2 class=\"wp-block-heading\">Expertinnen aus dem Best Practice Circle<\/h2>\n\n\n\n<p>Die Rezepte stammen aus Inputs der Expertinnen eines vom SVEB organisierten <a href=\"https:\/\/alice.ch\/de\/event\/woechentlicher-best-practice-circle-digitale-transformation-auf-organisationsebene\/\">Best Practice Circle<\/a>. Aufgef\u00fchrt sind nur jene Personen, deren Ideen zu Rezepten weiterentwickelt wurden:<\/p>\n\n\n\n<ul class=\"wp-block-list\">\n<li><strong>Dr. Annabell Bils<\/strong> von der <a href=\"https:\/\/www.fernuni-hagen.de\/\" target=\"_blank\" rel=\"noreferrer noopener\">Fernuniversit\u00e4t Hagen<\/a> hat am Best Practice Circle vom 16. August 2022 \u00fcber die digitale Transformation in der Lehre gesprochen und dabei die Zusammenh\u00e4nge zur Organisationsebene aufgezeigt.<\/li>\n\n\n\n<li><strong>Eva Meirer<\/strong>, Abteilungsleiterin am Schulamt Liechtenstein und Board-Member von <a href=\"https:\/\/www.digital-liechtenstein.li\/\" target=\"_blank\" rel=\"noreferrer noopener\">digital-liechtenstein<\/a>, hat am Best Practice Circle vom 23. August 2022 \u00fcber die Bildung f\u00fcr eine volatile, unsichere, komplexe und ambivalente VUCA-Welt berichtet.<\/li>\n\n\n\n<li><strong>Pamela Aeschlimann<\/strong> erz\u00e4hlte am Best Practice Circle vom 6. September 2022, wie sich <a href=\"https:\/\/www.lernetz.ch\/home\" target=\"_blank\" rel=\"noreferrer noopener\">LerNetz<\/a> aufstellt, um Lernerlebnisse zu erm\u00f6glichen, die Menschen und Organisationen weiterbringen.<\/li>\n\n\n\n<li><strong>Monika Manhart<\/strong>, Mitinhaberin der <a href=\"https:\/\/moveyourmind.ch\/\" target=\"_blank\" rel=\"noreferrer noopener\">MoveYourMind AG<\/a>, pr\u00e4sentierte am Best Practice Circle vom 13. September 2022 einige methodische M\u00f6glichkeiten f\u00fcr die kulturelle Weiterentwicklung von Bildungsinstitutionen.&nbsp;<\/li>\n<\/ul>\n\n\n\n<h2 class=\"wp-block-heading\">Weitere Informationen<\/h2>\n\n\n\n<div class=\"wp-block-buttons is-layout-flex wp-block-buttons-is-layout-flex\">\n<div class=\"wp-block-button has-custom-width wp-block-button__width-50 is-style-outline is-style-outline--2\"><a class=\"wp-block-button__link wp-element-button\" href=\"https:\/\/smart-check.ch\/\" target=\"_blank\" rel=\"noreferrer noopener\">Smart Check von WKS Bern und KV Business School<\/a><\/div>\n<\/div>\n\n\n\n<div class=\"wp-block-buttons is-layout-flex wp-block-buttons-is-layout-flex\">\n<div class=\"wp-block-button has-custom-width wp-block-button__width-50 is-style-outline is-style-outline--3\"><a class=\"wp-block-button__link wp-element-button\" href=\"https:\/\/digitale-kompetenzrad.de\/\" target=\"_blank\" rel=\"noreferrer noopener\">Das digitale Kompetenzrad<\/a><\/div>\n<\/div>\n\n\n\n<div class=\"wp-block-buttons is-layout-flex wp-block-buttons-is-layout-flex\">\n<div class=\"wp-block-button has-custom-width wp-block-button__width-50 is-style-outline is-style-outline--4\"><a class=\"wp-block-button__link wp-element-button\" href=\"https:\/\/www.sozialinfo.ch\/digitalisierung\/digitalcheck\" target=\"_blank\" rel=\"noreferrer noopener\">DigitalCheck von sozialinfo.ch<\/a><\/div>\n<\/div>\n\n\n\n<h2 class=\"wp-block-heading\">Weiterf\u00fchrende Literatur<\/h2>\n\n\n\n<ul class=\"wp-block-list\">\n<li>H\u00e4fele, Walter (2009): OE-Pozesse initiieren und gestalten&nbsp;<\/li>\n\n\n\n<li>Pircher, Richard (2018): Agilstabile Organisationen&nbsp;<\/li>\n<\/ul>\n\n\n\n<div class=\"wp-block-columns is-layout-flex wp-container-core-columns-is-layout-28f84493 wp-block-columns-is-layout-flex\">\n<div class=\"wp-block-column is-layout-flow wp-block-column-is-layout-flow\" style=\"flex-basis:50%\">\n<div class=\"wp-block-file\"><a id=\"wp-block-file--media-eec9df04-5b29-4ed0-89c9-db8c1ad39e07\" href=\"https:\/\/alice.ch\/app\/uploads\/2023\/02\/SVEB-Digitale-Transformation-foerdern.pdf\">Plakat \u00abDigitale Transformation f\u00f6rdern\u00bb<br \/>PDF &#8211; 84 KB<\/a><\/div>\n<\/div>\n\n\n\n<div class=\"wp-block-column is-layout-flow wp-block-column-is-layout-flow\" style=\"flex-basis:50%\"><\/div>\n<\/div>\n\n\n\n<h2 class=\"wp-block-heading\">Kontakt<\/h2>\n\n\n\n<div class=\"wp-block-columns is-layout-flex wp-container-core-columns-is-layout-28f84493 wp-block-columns-is-layout-flex\">\n<div class=\"wp-block-column is-layout-flow wp-block-column-is-layout-flow\" style=\"flex-basis:50%\"><div class=\"contact-persons\">\n\n\t\t\t\t\t<div class=\"contact-person\">\n\t\t\t\t\tIrena Sgier<br \/>\t\t\t\t\t Stv. Direktorin, Leiterin Forschung, Entwicklung und Innovation<br \/>\t\t\t\t\t<br \/>\n\t\t\t\t\t\t\t\t\t\t<a href=\"tel:+41 (0)44 319 71 59\">+41 (0)44 319 71 59<\/a><br \/>\t\t\t\t\t<a href=\"mailto:irena.sgier@alice.ch\">irena.sgier@alice.ch<\/a><br \/>\t\t\t\t\t<\/div>\n\t\t\t\t\t<\/div>\n<\/div>\n\n\n\n<div class=\"wp-block-column is-layout-flow wp-block-column-is-layout-flow\" style=\"flex-basis:50%\"><\/div>\n<\/div>\n<\/div>\n","protected":false},"excerpt":{"rendered":"<p>F\u00fcnf Rezepte, um die digitale Transformation zu f\u00f6rdern&nbsp; In den vergangenen Jahren hat sich die Digitalisierung in der Weiterbildung beschleunigt. [&hellip;]<\/p>\n","protected":false},"author":2,"featured_media":20799,"parent":374,"menu_order":100,"comment_status":"closed","ping_status":"closed","template":"","meta":{"_acf_changed":false,"inline_featured_image":false,"footnotes":""},"class_list":["post-35081","page","type-page","status-publish","has-post-thumbnail","hentry"],"acf":[],"yoast_head":"<!-- This site is optimized with the Yoast SEO plugin v27.3 - https:\/\/yoast.com\/product\/yoast-seo-wordpress\/ -->\n<title>Digitale Transformation f\u00f6rdern - SVEB<\/title>\n<meta name=\"robots\" content=\"index, follow, max-snippet:-1, max-image-preview:large, max-video-preview:-1\" \/>\n<link rel=\"canonical\" href=\"https:\/\/alice.ch\/de\/themen\/digitalisierung-in-der-weiterbildung\/digitale-transformation\/digitale-transformation-starten\/\" \/>\n<meta property=\"og:locale\" content=\"de_DE\" \/>\n<meta property=\"og:type\" content=\"article\" \/>\n<meta property=\"og:title\" content=\"Digitale Transformation f\u00f6rdern - SVEB\" \/>\n<meta property=\"og:description\" content=\"F\u00fcnf Rezepte, um die digitale Transformation zu f\u00f6rdern&nbsp; In den vergangenen Jahren hat sich die Digitalisierung in der Weiterbildung beschleunigt. [&hellip;]\" \/>\n<meta property=\"og:url\" content=\"https:\/\/alice.ch\/de\/themen\/digitalisierung-in-der-weiterbildung\/digitale-transformation\/digitale-transformation-starten\/\" \/>\n<meta property=\"og:site_name\" content=\"SVEB\" \/>\n<meta property=\"article:modified_time\" content=\"2024-12-02T14:43:53+00:00\" \/>\n<meta name=\"twitter:card\" content=\"summary_large_image\" \/>\n<meta name=\"twitter:label1\" content=\"Gesch\u00e4tzte Lesezeit\" \/>\n\t<meta name=\"twitter:data1\" content=\"4\u00a0Minuten\" \/>\n<script type=\"application\/ld+json\" class=\"yoast-schema-graph\">{\"@context\":\"https:\\\/\\\/schema.org\",\"@graph\":[{\"@type\":\"WebPage\",\"@id\":\"https:\\\/\\\/alice.ch\\\/de\\\/themen\\\/digitalisierung-in-der-weiterbildung\\\/digitale-transformation\\\/digitale-transformation-starten\\\/\",\"url\":\"https:\\\/\\\/alice.ch\\\/de\\\/themen\\\/digitalisierung-in-der-weiterbildung\\\/digitale-transformation\\\/digitale-transformation-starten\\\/\",\"name\":\"Digitale Transformation f\u00f6rdern - SVEB\",\"isPartOf\":{\"@id\":\"https:\\\/\\\/alice.ch\\\/de\\\/#website\"},\"primaryImageOfPage\":{\"@id\":\"https:\\\/\\\/alice.ch\\\/de\\\/themen\\\/digitalisierung-in-der-weiterbildung\\\/digitale-transformation\\\/digitale-transformation-starten\\\/#primaryimage\"},\"image\":{\"@id\":\"https:\\\/\\\/alice.ch\\\/de\\\/themen\\\/digitalisierung-in-der-weiterbildung\\\/digitale-transformation\\\/digitale-transformation-starten\\\/#primaryimage\"},\"thumbnailUrl\":\"https:\\\/\\\/alice.ch\\\/app\\\/uploads\\\/2022\\\/11\\\/default.jpg\",\"datePublished\":\"2022-12-08T17:23:29+00:00\",\"dateModified\":\"2024-12-02T14:43:53+00:00\",\"breadcrumb\":{\"@id\":\"https:\\\/\\\/alice.ch\\\/de\\\/themen\\\/digitalisierung-in-der-weiterbildung\\\/digitale-transformation\\\/digitale-transformation-starten\\\/#breadcrumb\"},\"inLanguage\":\"de\",\"potentialAction\":[{\"@type\":\"ReadAction\",\"target\":[\"https:\\\/\\\/alice.ch\\\/de\\\/themen\\\/digitalisierung-in-der-weiterbildung\\\/digitale-transformation\\\/digitale-transformation-starten\\\/\"]}]},{\"@type\":\"ImageObject\",\"inLanguage\":\"de\",\"@id\":\"https:\\\/\\\/alice.ch\\\/de\\\/themen\\\/digitalisierung-in-der-weiterbildung\\\/digitale-transformation\\\/digitale-transformation-starten\\\/#primaryimage\",\"url\":\"https:\\\/\\\/alice.ch\\\/app\\\/uploads\\\/2022\\\/11\\\/default.jpg\",\"contentUrl\":\"https:\\\/\\\/alice.ch\\\/app\\\/uploads\\\/2022\\\/11\\\/default.jpg\",\"width\":1600,\"height\":900},{\"@type\":\"BreadcrumbList\",\"@id\":\"https:\\\/\\\/alice.ch\\\/de\\\/themen\\\/digitalisierung-in-der-weiterbildung\\\/digitale-transformation\\\/digitale-transformation-starten\\\/#breadcrumb\",\"itemListElement\":[{\"@type\":\"ListItem\",\"position\":1,\"name\":\"Startseite\",\"item\":\"https:\\\/\\\/alice.ch\\\/de\\\/\"},{\"@type\":\"ListItem\",\"position\":2,\"name\":\"Themen\",\"item\":\"https:\\\/\\\/alice.ch\\\/de\\\/themen\\\/\"},{\"@type\":\"ListItem\",\"position\":3,\"name\":\"Digitalisierung in der Weiterbildung\",\"item\":\"https:\\\/\\\/alice.ch\\\/de\\\/themen\\\/digitalisierung-in-der-weiterbildung\\\/\"},{\"@type\":\"ListItem\",\"position\":4,\"name\":\"Digitale Transformation\",\"item\":\"https:\\\/\\\/alice.ch\\\/de\\\/themen\\\/digitalisierung-in-der-weiterbildung\\\/digitale-transformation\\\/\"},{\"@type\":\"ListItem\",\"position\":5,\"name\":\"Digitale Transformation f\u00f6rdern\"}]},{\"@type\":\"WebSite\",\"@id\":\"https:\\\/\\\/alice.ch\\\/de\\\/#website\",\"url\":\"https:\\\/\\\/alice.ch\\\/de\\\/\",\"name\":\"alice.ch (Adult Learning Information Center) ist das Portal der Weiterbildung in der Schweiz.\",\"description\":\"Schweizerischer Verband f\u00fcr Weiterbildung\",\"publisher\":{\"@id\":\"https:\\\/\\\/alice.ch\\\/de\\\/#organization\"},\"potentialAction\":[{\"@type\":\"SearchAction\",\"target\":{\"@type\":\"EntryPoint\",\"urlTemplate\":\"https:\\\/\\\/alice.ch\\\/de\\\/?s={search_term_string}\"},\"query-input\":{\"@type\":\"PropertyValueSpecification\",\"valueRequired\":true,\"valueName\":\"search_term_string\"}}],\"inLanguage\":\"de\"},{\"@type\":\"Organization\",\"@id\":\"https:\\\/\\\/alice.ch\\\/de\\\/#organization\",\"name\":\"SVEB Schweizerischer Verband f\u00fcr Weiterbildung\",\"url\":\"https:\\\/\\\/alice.ch\\\/de\\\/\",\"logo\":{\"@type\":\"ImageObject\",\"inLanguage\":\"de\",\"@id\":\"https:\\\/\\\/alice.ch\\\/de\\\/#\\\/schema\\\/logo\\\/image\\\/\",\"url\":\"https:\\\/\\\/alice.ch\\\/app\\\/uploads\\\/2022\\\/07\\\/logo-sveb.png\",\"contentUrl\":\"https:\\\/\\\/alice.ch\\\/app\\\/uploads\\\/2022\\\/07\\\/logo-sveb.png\",\"width\":145,\"height\":64,\"caption\":\"SVEB Schweizerischer Verband f\u00fcr Weiterbildung\"},\"image\":{\"@id\":\"https:\\\/\\\/alice.ch\\\/de\\\/#\\\/schema\\\/logo\\\/image\\\/\"},\"sameAs\":[\"https:\\\/\\\/www.linkedin.com\\\/company\\\/schweizerischer-verband-fr-weiterbildung-sveb\\\/\"]}]}<\/script>\n<!-- \/ Yoast SEO plugin. -->","yoast_head_json":{"title":"Digitale Transformation f\u00f6rdern - SVEB","robots":{"index":"index","follow":"follow","max-snippet":"max-snippet:-1","max-image-preview":"max-image-preview:large","max-video-preview":"max-video-preview:-1"},"canonical":"https:\/\/alice.ch\/de\/themen\/digitalisierung-in-der-weiterbildung\/digitale-transformation\/digitale-transformation-starten\/","og_locale":"de_DE","og_type":"article","og_title":"Digitale Transformation f\u00f6rdern - SVEB","og_description":"F\u00fcnf Rezepte, um die digitale Transformation zu f\u00f6rdern&nbsp; In den vergangenen Jahren hat sich die Digitalisierung in der Weiterbildung beschleunigt. [&hellip;]","og_url":"https:\/\/alice.ch\/de\/themen\/digitalisierung-in-der-weiterbildung\/digitale-transformation\/digitale-transformation-starten\/","og_site_name":"SVEB","article_modified_time":"2024-12-02T14:43:53+00:00","twitter_card":"summary_large_image","twitter_misc":{"Gesch\u00e4tzte Lesezeit":"4\u00a0Minuten"},"schema":{"@context":"https:\/\/schema.org","@graph":[{"@type":"WebPage","@id":"https:\/\/alice.ch\/de\/themen\/digitalisierung-in-der-weiterbildung\/digitale-transformation\/digitale-transformation-starten\/","url":"https:\/\/alice.ch\/de\/themen\/digitalisierung-in-der-weiterbildung\/digitale-transformation\/digitale-transformation-starten\/","name":"Digitale Transformation f\u00f6rdern - SVEB","isPartOf":{"@id":"https:\/\/alice.ch\/de\/#website"},"primaryImageOfPage":{"@id":"https:\/\/alice.ch\/de\/themen\/digitalisierung-in-der-weiterbildung\/digitale-transformation\/digitale-transformation-starten\/#primaryimage"},"image":{"@id":"https:\/\/alice.ch\/de\/themen\/digitalisierung-in-der-weiterbildung\/digitale-transformation\/digitale-transformation-starten\/#primaryimage"},"thumbnailUrl":"https:\/\/alice.ch\/app\/uploads\/2022\/11\/default.jpg","datePublished":"2022-12-08T17:23:29+00:00","dateModified":"2024-12-02T14:43:53+00:00","breadcrumb":{"@id":"https:\/\/alice.ch\/de\/themen\/digitalisierung-in-der-weiterbildung\/digitale-transformation\/digitale-transformation-starten\/#breadcrumb"},"inLanguage":"de","potentialAction":[{"@type":"ReadAction","target":["https:\/\/alice.ch\/de\/themen\/digitalisierung-in-der-weiterbildung\/digitale-transformation\/digitale-transformation-starten\/"]}]},{"@type":"ImageObject","inLanguage":"de","@id":"https:\/\/alice.ch\/de\/themen\/digitalisierung-in-der-weiterbildung\/digitale-transformation\/digitale-transformation-starten\/#primaryimage","url":"https:\/\/alice.ch\/app\/uploads\/2022\/11\/default.jpg","contentUrl":"https:\/\/alice.ch\/app\/uploads\/2022\/11\/default.jpg","width":1600,"height":900},{"@type":"BreadcrumbList","@id":"https:\/\/alice.ch\/de\/themen\/digitalisierung-in-der-weiterbildung\/digitale-transformation\/digitale-transformation-starten\/#breadcrumb","itemListElement":[{"@type":"ListItem","position":1,"name":"Startseite","item":"https:\/\/alice.ch\/de\/"},{"@type":"ListItem","position":2,"name":"Themen","item":"https:\/\/alice.ch\/de\/themen\/"},{"@type":"ListItem","position":3,"name":"Digitalisierung in der Weiterbildung","item":"https:\/\/alice.ch\/de\/themen\/digitalisierung-in-der-weiterbildung\/"},{"@type":"ListItem","position":4,"name":"Digitale Transformation","item":"https:\/\/alice.ch\/de\/themen\/digitalisierung-in-der-weiterbildung\/digitale-transformation\/"},{"@type":"ListItem","position":5,"name":"Digitale Transformation f\u00f6rdern"}]},{"@type":"WebSite","@id":"https:\/\/alice.ch\/de\/#website","url":"https:\/\/alice.ch\/de\/","name":"alice.ch (Adult Learning Information Center) ist das Portal der Weiterbildung in der Schweiz.","description":"Schweizerischer Verband f\u00fcr Weiterbildung","publisher":{"@id":"https:\/\/alice.ch\/de\/#organization"},"potentialAction":[{"@type":"SearchAction","target":{"@type":"EntryPoint","urlTemplate":"https:\/\/alice.ch\/de\/?s={search_term_string}"},"query-input":{"@type":"PropertyValueSpecification","valueRequired":true,"valueName":"search_term_string"}}],"inLanguage":"de"},{"@type":"Organization","@id":"https:\/\/alice.ch\/de\/#organization","name":"SVEB Schweizerischer Verband f\u00fcr Weiterbildung","url":"https:\/\/alice.ch\/de\/","logo":{"@type":"ImageObject","inLanguage":"de","@id":"https:\/\/alice.ch\/de\/#\/schema\/logo\/image\/","url":"https:\/\/alice.ch\/app\/uploads\/2022\/07\/logo-sveb.png","contentUrl":"https:\/\/alice.ch\/app\/uploads\/2022\/07\/logo-sveb.png","width":145,"height":64,"caption":"SVEB Schweizerischer Verband f\u00fcr Weiterbildung"},"image":{"@id":"https:\/\/alice.ch\/de\/#\/schema\/logo\/image\/"},"sameAs":["https:\/\/www.linkedin.com\/company\/schweizerischer-verband-fr-weiterbildung-sveb\/"]}]}},"_links":{"self":[{"href":"https:\/\/alice.ch\/de\/wp-json\/wp\/v2\/pages\/35081","targetHints":{"allow":["GET"]}}],"collection":[{"href":"https:\/\/alice.ch\/de\/wp-json\/wp\/v2\/pages"}],"about":[{"href":"https:\/\/alice.ch\/de\/wp-json\/wp\/v2\/types\/page"}],"author":[{"embeddable":true,"href":"https:\/\/alice.ch\/de\/wp-json\/wp\/v2\/users\/2"}],"replies":[{"embeddable":true,"href":"https:\/\/alice.ch\/de\/wp-json\/wp\/v2\/comments?post=35081"}],"version-history":[{"count":40,"href":"https:\/\/alice.ch\/de\/wp-json\/wp\/v2\/pages\/35081\/revisions"}],"predecessor-version":[{"id":64617,"href":"https:\/\/alice.ch\/de\/wp-json\/wp\/v2\/pages\/35081\/revisions\/64617"}],"up":[{"embeddable":true,"href":"https:\/\/alice.ch\/de\/wp-json\/wp\/v2\/pages\/374"}],"wp:featuredmedia":[{"embeddable":true,"href":"https:\/\/alice.ch\/de\/wp-json\/wp\/v2\/media\/20799"}],"wp:attachment":[{"href":"https:\/\/alice.ch\/de\/wp-json\/wp\/v2\/media?parent=35081"}],"curies":[{"name":"wp","href":"https:\/\/api.w.org\/{rel}","templated":true}]}}