{"id":353,"date":"2022-08-16T15:39:06","date_gmt":"2022-08-16T13:39:06","guid":{"rendered":"https:\/\/projects.atxeit.ch\/sveb\/?page_id=353"},"modified":"2025-12-18T14:37:06","modified_gmt":"2025-12-18T13:37:06","slug":"datenquellen","status":"publish","type":"page","link":"https:\/\/alice.ch\/de\/themen\/weiterbildung-schweiz\/datenquellen\/","title":{"rendered":"Datenquellen"},"content":{"rendered":"\n<div class=\"wp-block-group is-style-reduced-width is-layout-flow wp-block-group-is-layout-flow\">\n<h1 class=\"wp-block-heading\">Nationale und internationale Datenquellen zur Weiterbildung<\/h1>\n\n\n\n<h2 class=\"wp-block-heading\">Schweiz<\/h2>\n\n\n\n<ul class=\"wp-block-list\">\n<li>Repr\u00e4sentative Daten zum Weiterbildungsverhalten der Bev\u00f6lkerung und der Unternehmen in der Schweiz liefert das Bundesamt f\u00fcr Statistik (BFS). <\/li>\n\n\n\n<li>Die Teilnahmequote an Weiterbildung erfasst das BFS viertelj\u00e4hrlich im Rahmen der\u00a0<a href=\"https:\/\/www.bfs.admin.ch\/bfs\/de\/home\/statistiken\/arbeit-erwerb\/erhebungen\/sake.html\" target=\"_blank\" rel=\"noreferrer noopener\">Schweizerischen Arbeitskr\u00e4fteerhebung (SAKE)<\/a>. <\/li>\n\n\n\n<li>Eine vertiefte Teilnehmerbefragung zur Weiterbildung findet alle f\u00fcnf Jahre im\u00a0<a href=\"https:\/\/www.bfs.admin.ch\/bfs\/de\/home\/statistiken\/bildung-wissenschaft\/weiterbildung\/bevoelkerung.html\" target=\"_blank\" rel=\"noreferrer noopener\">Mikrozensus Aus- und Weiterbildung (MZB)<\/a>\u00a0statt, letztmals 2021. <\/li>\n\n\n\n<li>Im Rahmen der <a href=\"https:\/\/www.bfs.admin.ch\/bfs\/de\/home\/statistiken\/bildung-wissenschaft\/erhebungen\/piaac.html\" target=\"_blank\" rel=\"noreferrer noopener\">PIAAC<\/a>-Erhebung wurden reichhaltige Daten zum Weiterbildungsverhalten erhoben. Dazu geh\u00f6ren Angaben zur Teilnahme an non-fomaler Weiterbildung, zum informellen Lernen und zur Anwendung von Kompetenzen. Das BFS hat basierend auf diesen Daten drei <a href=\"https:\/\/www.bfs.admin.ch\/bfs\/de\/home\/statistiken\/bildung-wissenschaft\/bildungsstand\/kompetenzen.assetdetail.33346107.html\" target=\"_blank\" rel=\"noreferrer noopener\">Berichte<\/a> publiziert. Diese thematisieren Kompetenzen von Erwachsenen in der Schweiz, Kompetenzen auf dem Arbeitsmarkt und das Leben mit geringen Kompetenzen.\u00a0\u00a0<\/li>\n\n\n\n<li>Eine weitere, ebenfalls periodisch angelegte Erhebung des BFS ist die\u00a0<a href=\"https:\/\/www.bfs.admin.ch\/bfs\/de\/home\/statistiken\/bildung-wissenschaft\/weiterbildung\/unternehmen.html\" target=\"_blank\" rel=\"noreferrer noopener\">Statistik der beruflichen Weiterbildung (SBW)<\/a>. Die letzte Befragung fand 2015 statt. Dar\u00fcber hinaus erstellt der Bund keine Statistiken zur Weiterbildung.<\/li>\n\n\n\n<li>Der&nbsp;<a href=\"http:\/\/www.skbf-csre.ch\/bildungsbericht\/bildungsbericht\/\" target=\"_blank\" rel=\"noreferrer noopener\">Bildungsbericht<\/a>&nbsp;der Schweizerischen Koordinationsstelle f\u00fcr Bildungsforschung SKBF gibt einen \u00dcberblick \u00fcber das gesamte Bildungswesen der Schweiz. Das Monitoring wird im Auftrag von Bund und Kantonen erstellt und enth\u00e4lt Informationen aus Statistik, Forschung und Verwaltung. Der Bericht erscheint alle vier Jahre.<\/li>\n\n\n\n<li>Um die Situation auf dem Weiterbildungsmarkt statistisch zu beschreiben, f\u00fchrt der SVEB j\u00e4hrlich eine Umfrage bei Schweizer Weiterbildungsanbietern durch. Auf der Basis dieser Erhebung werden j\u00e4hrlich zwei Analysen erstellt: Der\u00a0<a href=\"https:\/\/alice.ch\/de\/forschung\/forschungsaktivitaeten-des-sveb\/sveb-branchenmonitor\/\">SVEB-Branchenmonitor<\/a>\u00a0zeigt aktuelle Entwicklungen und Tendenzen des Weiterbildungsmarktes auf. Die Studie \u00ab<a href=\"https:\/\/alice.ch\/de\/forschung\/forschungsaktivitaeten-des-sveb\/focus-weiterbildung\/\">FOCUS Weiterbildung<\/a>\u00bb ist eine thematische Studie zu einem j\u00e4hrlich wechselnden Thema.<\/li>\n<\/ul>\n\n\n\n<h2 class=\"wp-block-heading\">International<\/h2>\n\n\n\n<ul class=\"wp-block-list\">\n<li><a href=\"http:\/\/www.gesis.org\/piaac\/piaac-home\/\" target=\"_blank\" rel=\"noreferrer noopener\">PIAAC<\/a>, das internationale Programm zur Evaluation der Kompetenzen von Erwachsenen (Programme for the International Assessment of Adult Competencies PIAAC), wird international von der OECD verantwortet und koordiniert. Erfasst werden Lese-, Rechen- und Probleml\u00f6sungskompetenzen f\u00fcr die Alltagsbew\u00e4ltigung. PIAAC erm\u00f6glicht es, Unterschiede in den Kompetenzniveaus zwischen den L\u00e4ndern aufzuzeigen und Faktoren zu identifizieren, die bei der Entwicklung und Aufrechterhaltung dieser Kompetenzen eine zentrale Rolle spielen. Die PIAAC-Studie wird in Zehn-Jahresabst\u00e4nden durchgef\u00fchrt. Die Erhebung 2011\/12 fand ohne die Schweiz statt. An der zweiten Runde, deren Befragung 2021\/22 in 32 L\u00e4ndern stattfand, hat auch die Schweiz teilgenommen. In der Schweiz ist das BFS f\u00fcr die PIAAC-Erhebung verantwortlich (siehe oben). <\/li>\n\n\n\n<li>Die&nbsp;<a href=\"https:\/\/nces.ed.gov\/surveys\/all\/\" target=\"_blank\" rel=\"noreferrer noopener\">ALL-Studie<\/a>&nbsp;(Adult Literacy and Life Skills) ermittelt die Grundkompetenzen (Lese- und Probleml\u00f6sungskompetenz, Alltagsmathematik und ICT) Erwachsener. Die ALL-Datenerhebung fand 2003 und 2006\u20132008 in f\u00fcnf L\u00e4ndern statt, die Schweiz war nur in der ersten Runde vertreten, Ziel ist die Erfassung von Aspekten des Humankapitals. Die ALL-Studie war bis PIAAC die einzige gross angelegte internationale Studie, die Grundkompetenzen Erwachsener erfasste.<\/li>\n\n\n\n<li><a href=\"https:\/\/ec.europa.eu\/eurostat\/de\/home\" target=\"_blank\" rel=\"noreferrer noopener\">EUROSTAT<\/a>&nbsp;ist das statistische Amt der Europ\u00e4ischen Union mit Sitz in Luxemburg. Aufgabe von EUROSTAT ist es, Statistiken f\u00fcr Europa bereitzustellen und zu gew\u00e4hrleisten, dass die Daten auf Ebene der L\u00e4nder und Regionen vergleichbar sind. Die Daten liefern die Statistikbeh\u00f6rden der Mitgliedsl\u00e4nder. Das BFS orientieren sich f\u00fcr seine Statistiken an den Ergebnissen der EUROSTAT.<\/li>\n\n\n\n<li>Die Organisation f\u00fcr wirtschaftliche Zusammenarbeit und Entwicklung (<a href=\"http:\/\/www.oecd.org\/\" target=\"_blank\" rel=\"noreferrer noopener\">OECD<\/a>) erstellt internationale Studien, die Daten zur Bildung der Bev\u00f6lkerung beinhalten.<\/li>\n<\/ul>\n\n\n\n<h2 class=\"wp-block-heading\">Kontakt<\/h2>\n\n\n\n<div class=\"wp-block-columns is-layout-flex wp-container-core-columns-is-layout-28f84493 wp-block-columns-is-layout-flex\">\n<div class=\"wp-block-column is-layout-flow wp-block-column-is-layout-flow\" style=\"flex-basis:50%\"><div class=\"contact-persons\">\n\n\t\t\t\t\t<div class=\"contact-person\">\n\t\t\t\t\tIrena Sgier<br \/>\t\t\t\t\t Stv. Direktorin, Leiterin Forschung, Entwicklung und Innovation<br \/>\t\t\t\t\t<br \/>\n\t\t\t\t\t\t\t\t\t\t<a href=\"tel:+41 (0)44 319 71 59\">+41 (0)44 319 71 59<\/a><br \/>\t\t\t\t\t<a href=\"mailto:irena.sgier@alice.ch\">irena.sgier@alice.ch<\/a><br \/>\t\t\t\t\t<\/div>\n\t\t\t\t\t<\/div>\n<\/div>\n\n\n\n<div class=\"wp-block-column is-layout-flow wp-block-column-is-layout-flow\" style=\"flex-basis:50%\"><\/div>\n<\/div>\n<\/div>\n","protected":false},"excerpt":{"rendered":"<p>Nationale und internationale Datenquellen zur Weiterbildung Schweiz International Kontakt<\/p>\n","protected":false},"author":2,"featured_media":20799,"parent":339,"menu_order":55,"comment_status":"closed","ping_status":"closed","template":"","meta":{"_acf_changed":false,"inline_featured_image":false,"footnotes":""},"class_list":["post-353","page","type-page","status-publish","has-post-thumbnail","hentry"],"acf":[],"yoast_head":"<!-- This site is optimized with the Yoast SEO plugin v27.3 - https:\/\/yoast.com\/product\/yoast-seo-wordpress\/ -->\n<title>Datenquellen - SVEB<\/title>\n<meta name=\"description\" content=\"Hintergr\u00fcnde und Informationen zu Studien und Umfragen, die f\u00fcr die Schweizer Weiterbildung und den internationalen Kontext Zahlen liefern.\" \/>\n<meta name=\"robots\" content=\"index, follow, max-snippet:-1, max-image-preview:large, max-video-preview:-1\" \/>\n<link rel=\"canonical\" href=\"https:\/\/alice.ch\/de\/themen\/weiterbildung-schweiz\/datenquellen\/\" \/>\n<meta property=\"og:locale\" content=\"de_DE\" \/>\n<meta property=\"og:type\" content=\"article\" \/>\n<meta property=\"og:title\" content=\"Datenquellen - SVEB\" \/>\n<meta property=\"og:description\" content=\"Hintergr\u00fcnde und Informationen zu Studien und Umfragen, die f\u00fcr die Schweizer Weiterbildung und den internationalen Kontext Zahlen liefern.\" \/>\n<meta property=\"og:url\" content=\"https:\/\/alice.ch\/de\/themen\/weiterbildung-schweiz\/datenquellen\/\" \/>\n<meta property=\"og:site_name\" content=\"SVEB\" \/>\n<meta property=\"article:modified_time\" content=\"2025-12-18T13:37:06+00:00\" \/>\n<meta name=\"twitter:card\" content=\"summary_large_image\" \/>\n<meta name=\"twitter:label1\" content=\"Gesch\u00e4tzte Lesezeit\" \/>\n\t<meta name=\"twitter:data1\" content=\"3\u00a0Minuten\" \/>\n<script type=\"application\/ld+json\" class=\"yoast-schema-graph\">{\"@context\":\"https:\\\/\\\/schema.org\",\"@graph\":[{\"@type\":\"WebPage\",\"@id\":\"https:\\\/\\\/alice.ch\\\/de\\\/themen\\\/weiterbildung-schweiz\\\/datenquellen\\\/\",\"url\":\"https:\\\/\\\/alice.ch\\\/de\\\/themen\\\/weiterbildung-schweiz\\\/datenquellen\\\/\",\"name\":\"Datenquellen - SVEB\",\"isPartOf\":{\"@id\":\"https:\\\/\\\/alice.ch\\\/de\\\/#website\"},\"primaryImageOfPage\":{\"@id\":\"https:\\\/\\\/alice.ch\\\/de\\\/themen\\\/weiterbildung-schweiz\\\/datenquellen\\\/#primaryimage\"},\"image\":{\"@id\":\"https:\\\/\\\/alice.ch\\\/de\\\/themen\\\/weiterbildung-schweiz\\\/datenquellen\\\/#primaryimage\"},\"thumbnailUrl\":\"https:\\\/\\\/alice.ch\\\/app\\\/uploads\\\/2022\\\/11\\\/default.jpg\",\"datePublished\":\"2022-08-16T13:39:06+00:00\",\"dateModified\":\"2025-12-18T13:37:06+00:00\",\"description\":\"Hintergr\u00fcnde und Informationen zu Studien und Umfragen, die f\u00fcr die Schweizer Weiterbildung und den internationalen Kontext Zahlen liefern.\",\"breadcrumb\":{\"@id\":\"https:\\\/\\\/alice.ch\\\/de\\\/themen\\\/weiterbildung-schweiz\\\/datenquellen\\\/#breadcrumb\"},\"inLanguage\":\"de\",\"potentialAction\":[{\"@type\":\"ReadAction\",\"target\":[\"https:\\\/\\\/alice.ch\\\/de\\\/themen\\\/weiterbildung-schweiz\\\/datenquellen\\\/\"]}]},{\"@type\":\"ImageObject\",\"inLanguage\":\"de\",\"@id\":\"https:\\\/\\\/alice.ch\\\/de\\\/themen\\\/weiterbildung-schweiz\\\/datenquellen\\\/#primaryimage\",\"url\":\"https:\\\/\\\/alice.ch\\\/app\\\/uploads\\\/2022\\\/11\\\/default.jpg\",\"contentUrl\":\"https:\\\/\\\/alice.ch\\\/app\\\/uploads\\\/2022\\\/11\\\/default.jpg\",\"width\":1600,\"height\":900},{\"@type\":\"BreadcrumbList\",\"@id\":\"https:\\\/\\\/alice.ch\\\/de\\\/themen\\\/weiterbildung-schweiz\\\/datenquellen\\\/#breadcrumb\",\"itemListElement\":[{\"@type\":\"ListItem\",\"position\":1,\"name\":\"Startseite\",\"item\":\"https:\\\/\\\/alice.ch\\\/de\\\/\"},{\"@type\":\"ListItem\",\"position\":2,\"name\":\"Themen\",\"item\":\"https:\\\/\\\/alice.ch\\\/de\\\/themen\\\/\"},{\"@type\":\"ListItem\",\"position\":3,\"name\":\"Weiterbildung Schweiz\",\"item\":\"https:\\\/\\\/alice.ch\\\/de\\\/themen\\\/weiterbildung-schweiz\\\/\"},{\"@type\":\"ListItem\",\"position\":4,\"name\":\"Datenquellen\"}]},{\"@type\":\"WebSite\",\"@id\":\"https:\\\/\\\/alice.ch\\\/de\\\/#website\",\"url\":\"https:\\\/\\\/alice.ch\\\/de\\\/\",\"name\":\"alice.ch (Adult Learning Information Center) ist das Portal der Weiterbildung in der Schweiz.\",\"description\":\"Schweizerischer Verband f\u00fcr Weiterbildung\",\"publisher\":{\"@id\":\"https:\\\/\\\/alice.ch\\\/de\\\/#organization\"},\"potentialAction\":[{\"@type\":\"SearchAction\",\"target\":{\"@type\":\"EntryPoint\",\"urlTemplate\":\"https:\\\/\\\/alice.ch\\\/de\\\/?s={search_term_string}\"},\"query-input\":{\"@type\":\"PropertyValueSpecification\",\"valueRequired\":true,\"valueName\":\"search_term_string\"}}],\"inLanguage\":\"de\"},{\"@type\":\"Organization\",\"@id\":\"https:\\\/\\\/alice.ch\\\/de\\\/#organization\",\"name\":\"SVEB Schweizerischer Verband f\u00fcr Weiterbildung\",\"url\":\"https:\\\/\\\/alice.ch\\\/de\\\/\",\"logo\":{\"@type\":\"ImageObject\",\"inLanguage\":\"de\",\"@id\":\"https:\\\/\\\/alice.ch\\\/de\\\/#\\\/schema\\\/logo\\\/image\\\/\",\"url\":\"https:\\\/\\\/alice.ch\\\/app\\\/uploads\\\/2022\\\/07\\\/logo-sveb.png\",\"contentUrl\":\"https:\\\/\\\/alice.ch\\\/app\\\/uploads\\\/2022\\\/07\\\/logo-sveb.png\",\"width\":145,\"height\":64,\"caption\":\"SVEB Schweizerischer Verband f\u00fcr Weiterbildung\"},\"image\":{\"@id\":\"https:\\\/\\\/alice.ch\\\/de\\\/#\\\/schema\\\/logo\\\/image\\\/\"},\"sameAs\":[\"https:\\\/\\\/www.linkedin.com\\\/company\\\/schweizerischer-verband-fr-weiterbildung-sveb\\\/\"]}]}<\/script>\n<!-- \/ Yoast SEO plugin. -->","yoast_head_json":{"title":"Datenquellen - SVEB","description":"Hintergr\u00fcnde und Informationen zu Studien und Umfragen, die f\u00fcr die Schweizer Weiterbildung und den internationalen Kontext Zahlen liefern.","robots":{"index":"index","follow":"follow","max-snippet":"max-snippet:-1","max-image-preview":"max-image-preview:large","max-video-preview":"max-video-preview:-1"},"canonical":"https:\/\/alice.ch\/de\/themen\/weiterbildung-schweiz\/datenquellen\/","og_locale":"de_DE","og_type":"article","og_title":"Datenquellen - SVEB","og_description":"Hintergr\u00fcnde und Informationen zu Studien und Umfragen, die f\u00fcr die Schweizer Weiterbildung und den internationalen Kontext Zahlen liefern.","og_url":"https:\/\/alice.ch\/de\/themen\/weiterbildung-schweiz\/datenquellen\/","og_site_name":"SVEB","article_modified_time":"2025-12-18T13:37:06+00:00","twitter_card":"summary_large_image","twitter_misc":{"Gesch\u00e4tzte Lesezeit":"3\u00a0Minuten"},"schema":{"@context":"https:\/\/schema.org","@graph":[{"@type":"WebPage","@id":"https:\/\/alice.ch\/de\/themen\/weiterbildung-schweiz\/datenquellen\/","url":"https:\/\/alice.ch\/de\/themen\/weiterbildung-schweiz\/datenquellen\/","name":"Datenquellen - SVEB","isPartOf":{"@id":"https:\/\/alice.ch\/de\/#website"},"primaryImageOfPage":{"@id":"https:\/\/alice.ch\/de\/themen\/weiterbildung-schweiz\/datenquellen\/#primaryimage"},"image":{"@id":"https:\/\/alice.ch\/de\/themen\/weiterbildung-schweiz\/datenquellen\/#primaryimage"},"thumbnailUrl":"https:\/\/alice.ch\/app\/uploads\/2022\/11\/default.jpg","datePublished":"2022-08-16T13:39:06+00:00","dateModified":"2025-12-18T13:37:06+00:00","description":"Hintergr\u00fcnde und Informationen zu Studien und Umfragen, die f\u00fcr die Schweizer Weiterbildung und den internationalen Kontext Zahlen liefern.","breadcrumb":{"@id":"https:\/\/alice.ch\/de\/themen\/weiterbildung-schweiz\/datenquellen\/#breadcrumb"},"inLanguage":"de","potentialAction":[{"@type":"ReadAction","target":["https:\/\/alice.ch\/de\/themen\/weiterbildung-schweiz\/datenquellen\/"]}]},{"@type":"ImageObject","inLanguage":"de","@id":"https:\/\/alice.ch\/de\/themen\/weiterbildung-schweiz\/datenquellen\/#primaryimage","url":"https:\/\/alice.ch\/app\/uploads\/2022\/11\/default.jpg","contentUrl":"https:\/\/alice.ch\/app\/uploads\/2022\/11\/default.jpg","width":1600,"height":900},{"@type":"BreadcrumbList","@id":"https:\/\/alice.ch\/de\/themen\/weiterbildung-schweiz\/datenquellen\/#breadcrumb","itemListElement":[{"@type":"ListItem","position":1,"name":"Startseite","item":"https:\/\/alice.ch\/de\/"},{"@type":"ListItem","position":2,"name":"Themen","item":"https:\/\/alice.ch\/de\/themen\/"},{"@type":"ListItem","position":3,"name":"Weiterbildung Schweiz","item":"https:\/\/alice.ch\/de\/themen\/weiterbildung-schweiz\/"},{"@type":"ListItem","position":4,"name":"Datenquellen"}]},{"@type":"WebSite","@id":"https:\/\/alice.ch\/de\/#website","url":"https:\/\/alice.ch\/de\/","name":"alice.ch (Adult Learning Information Center) ist das Portal der Weiterbildung in der Schweiz.","description":"Schweizerischer Verband f\u00fcr Weiterbildung","publisher":{"@id":"https:\/\/alice.ch\/de\/#organization"},"potentialAction":[{"@type":"SearchAction","target":{"@type":"EntryPoint","urlTemplate":"https:\/\/alice.ch\/de\/?s={search_term_string}"},"query-input":{"@type":"PropertyValueSpecification","valueRequired":true,"valueName":"search_term_string"}}],"inLanguage":"de"},{"@type":"Organization","@id":"https:\/\/alice.ch\/de\/#organization","name":"SVEB Schweizerischer Verband f\u00fcr Weiterbildung","url":"https:\/\/alice.ch\/de\/","logo":{"@type":"ImageObject","inLanguage":"de","@id":"https:\/\/alice.ch\/de\/#\/schema\/logo\/image\/","url":"https:\/\/alice.ch\/app\/uploads\/2022\/07\/logo-sveb.png","contentUrl":"https:\/\/alice.ch\/app\/uploads\/2022\/07\/logo-sveb.png","width":145,"height":64,"caption":"SVEB Schweizerischer Verband f\u00fcr Weiterbildung"},"image":{"@id":"https:\/\/alice.ch\/de\/#\/schema\/logo\/image\/"},"sameAs":["https:\/\/www.linkedin.com\/company\/schweizerischer-verband-fr-weiterbildung-sveb\/"]}]}},"_links":{"self":[{"href":"https:\/\/alice.ch\/de\/wp-json\/wp\/v2\/pages\/353","targetHints":{"allow":["GET"]}}],"collection":[{"href":"https:\/\/alice.ch\/de\/wp-json\/wp\/v2\/pages"}],"about":[{"href":"https:\/\/alice.ch\/de\/wp-json\/wp\/v2\/types\/page"}],"author":[{"embeddable":true,"href":"https:\/\/alice.ch\/de\/wp-json\/wp\/v2\/users\/2"}],"replies":[{"embeddable":true,"href":"https:\/\/alice.ch\/de\/wp-json\/wp\/v2\/comments?post=353"}],"version-history":[{"count":14,"href":"https:\/\/alice.ch\/de\/wp-json\/wp\/v2\/pages\/353\/revisions"}],"predecessor-version":[{"id":72668,"href":"https:\/\/alice.ch\/de\/wp-json\/wp\/v2\/pages\/353\/revisions\/72668"}],"up":[{"embeddable":true,"href":"https:\/\/alice.ch\/de\/wp-json\/wp\/v2\/pages\/339"}],"wp:featuredmedia":[{"embeddable":true,"href":"https:\/\/alice.ch\/de\/wp-json\/wp\/v2\/media\/20799"}],"wp:attachment":[{"href":"https:\/\/alice.ch\/de\/wp-json\/wp\/v2\/media?parent=353"}],"curies":[{"name":"wp","href":"https:\/\/api.w.org\/{rel}","templated":true}]}}