{"id":354,"date":"2022-08-16T15:39:08","date_gmt":"2022-08-16T13:39:08","guid":{"rendered":"https:\/\/projects.atxeit.ch\/sveb\/?page_id=354"},"modified":"2024-11-27T14:32:28","modified_gmt":"2024-11-27T13:32:28","slug":"report-grundkompetenzen","status":"publish","type":"page","link":"https:\/\/alice.ch\/de\/themen\/grundkompetenzen\/report-grundkompetenzen\/","title":{"rendered":"Report Grundkompetenzen"},"content":{"rendered":"\n<div class=\"wp-block-group is-style-reduced-width is-layout-flow wp-block-group-is-layout-flow\">\n<h1 class=\"wp-block-heading\">Report Grundkompetenzen<\/h1>\n\n\n\n<p class=\"is-style-lead\">Grundkompetenzen&nbsp;wie Lesen, Schreiben, Sprechen, Rechnen oder die Nutzung von Basis-Computeranwendungen sind eine Grundlage f\u00fcr das lebenslange Lernen. Diese Kompetenzen erm\u00f6glichen die selbstbestimmte Teilnahme am beruflichen und gesellschaftlichen Leben.&nbsp;&nbsp;<\/p>\n\n\n\n<p>In diesem Report soll der Bereich der Grundkompetenzen im Speziellen beobachtet werden. Bisher sind drei Berichte erschienen. Ihre Resultate sind aufgrund der unterschiedlichen Datengrundlagen nicht vergleichbar.<\/p>\n\n\n\n<h2 class=\"wp-block-heading\">Report Grundkompetenzen: Finanzierung und F\u00f6rderprogramme<\/h2>\n\n\n\n<p>Der Report Grundkompetenzen beschreibt die Finanzierung und die F\u00f6rderstrukturen, die Weiterbildungsanbieter f\u00fcr die Finanzierung ihrer Angebote im Bereich Grundkompetenzen Erwachsener nutzen. Die Frage nach den F\u00f6rderstrukturen wurde in der Umfrage 2024 erstmals gestellt. Die Daten stammen aus der\u00a0 Anbieterumfrage 2024 des SVEB. Dies ist eine j\u00e4hrlich mit einem teilstandardisierten Online-Fragebogen durchgef\u00fchrte Befragung von Schweizer Weiterbildungsanbietern.<\/p>\n\n\n\n\t\n\t<div class=\"publication-item\">\n\t\t<div class=\"image\">\n\t\t\t<img decoding=\"async\" width=\"1240\" height=\"1754\" src=\"https:\/\/alice.ch\/app\/uploads\/2024\/11\/cover-report-grundkompetenzen-finanzierung-un-foerderprogramme.jpg\" class=\"attachment-post-thumbnail size-post-thumbnail wp-post-image\" alt=\"\" srcset=\"https:\/\/alice.ch\/app\/uploads\/2024\/11\/cover-report-grundkompetenzen-finanzierung-un-foerderprogramme.jpg 1240w, https:\/\/alice.ch\/app\/uploads\/2024\/11\/cover-report-grundkompetenzen-finanzierung-un-foerderprogramme-212x300.jpg 212w, https:\/\/alice.ch\/app\/uploads\/2024\/11\/cover-report-grundkompetenzen-finanzierung-un-foerderprogramme-724x1024.jpg 724w, https:\/\/alice.ch\/app\/uploads\/2024\/11\/cover-report-grundkompetenzen-finanzierung-un-foerderprogramme-768x1086.jpg 768w, https:\/\/alice.ch\/app\/uploads\/2024\/11\/cover-report-grundkompetenzen-finanzierung-un-foerderprogramme-1086x1536.jpg 1086w\" sizes=\"(max-width: 1240px) 100vw, 1240px\" \/>\t\t<\/div>\n\n\t\t<div class=\"content\">\n\t\t\t<h3>Report Grundkompetenzen: Finanzierung und F\u00f6rderprogramme<\/h3>\n\t\t\t<div class=\"description\"><p>Dieser Bericht analysiert die Finanzierung und die F\u00f6rderstrukturen, die Weiterbildungsanbieter nutzen, um ihre Angebote im Bereich Grundkompetenzen Erwachsener zu finanzieren.<\/p>\n<\/div>\n\n\t\t\t<div class=\"meta\">\n\t\t\t\t<ul>\n\t\t\t\t\t\t\t\t\t\t\t<li><strong>Preis:<\/strong> kostenlos<\/li>\n\t\t\t\t\t\n\t\t\t\t\t\t\t\t\t\t\t<li><strong>Herausgeber:<\/strong> SVEB<\/li>\n\t\t\t\t\t\n\t\t\t\t\t\t\t\t\t\t\t<li><strong>Autor:<\/strong> Sofie Gollob, C\u00e4cilia M\u00e4rki, Vanessa Cacho <\/li>\n\t\t\t\t\t\n\t\t\t\t\t\t\t\t\t\t\t<li><strong>Vertrieb:<\/strong> SVEB, 10 Seiten<\/li>\n\t\t\t\t\t\n\t\t\t\t\t\n\t\t\t\t\t\n\t\t\t\t\t\t\t\t\t<\/ul>\n\n\t\t\t\t<ul class=\"actions\">\n\t\t\t\t\t\t\t\t\t\t\t<li><a class=\"button\" href=\"https:\/\/alice.ch\/de\/download-de\/?pub-id=64458\">Download<\/a><\/li>\n\t\t\t\t\t\n\t\t\t\t\t\t\t\t\t<\/ul>\n\t\t\t<\/div>\n\t\t<\/div>\n\n\n\t<\/div>\n\n\n\t\n\n\n<h2 class=\"wp-block-heading\">Report Grundkompetenzen: Struktur und Anstellungsbedingungen<\/h2>\n\n\n\n<p>Der Bericht Grundkompetenzen zeigt die Situation im Bereich Grundkompetenzen aus der Sicht der Anbieter auf. Die im Rahmen der SVEB-Anbieterumfrage 2023 erhobenen Daten erlauben einerseits Aussagen \u00fcber die Struktur der Anbieter, die angegeben haben, im Bereich Grundkompetenzen t\u00e4tig zu sein, sowie \u00fcber die Anstellungsbedingungen, welche die Ausbildenden im Bereich Grundkompetenzen aus Sicht der Anbieter vorfinden. Zum anderen k\u00f6nnen die Angaben der Anbieter von Grundkompetenzen mit allen anderen Anbietern, die sich an der Anbieterumfrage beteiligt haben, verglichen und daraus Charakteristika f\u00fcr den Bereich der Grundkompetenzf\u00f6rderung abgeleitet werden. 164 der insgesamt 447 Anbieter, die an der Befragung teilgenommen haben, gaben an, Angebote im Bereich Grundkompetenzen im Haupt- oder Nebenbereich anzubieten. Dies entspricht einem Anteil von 37% aller befragten Anbieter.<\/p>\n\n\n\n\t\n\t<div class=\"publication-item\">\n\t\t<div class=\"image\">\n\t\t\t<img decoding=\"async\" width=\"1068\" height=\"1534\" src=\"https:\/\/alice.ch\/app\/uploads\/2024\/03\/report-grundkompetenzen-2024-cover.png\" class=\"attachment-post-thumbnail size-post-thumbnail wp-post-image\" alt=\"\" srcset=\"https:\/\/alice.ch\/app\/uploads\/2024\/03\/report-grundkompetenzen-2024-cover.png 1068w, https:\/\/alice.ch\/app\/uploads\/2024\/03\/report-grundkompetenzen-2024-cover-209x300.png 209w, https:\/\/alice.ch\/app\/uploads\/2024\/03\/report-grundkompetenzen-2024-cover-713x1024.png 713w, https:\/\/alice.ch\/app\/uploads\/2024\/03\/report-grundkompetenzen-2024-cover-768x1103.png 768w\" sizes=\"(max-width: 1068px) 100vw, 1068px\" \/>\t\t<\/div>\n\n\t\t<div class=\"content\">\n\t\t\t<h3>Report Grundkompetenzen: Struktur und Anstellungsbedingungen<\/h3>\n\t\t\t<div class=\"description\"><p>In diesem Report Grundkompetenzen nimmt der SVEB die Anbieter im Bereich Grundkompetenzen unter die Lupe. Und stellt dabei Gemeinsamkeiten zu anderen Anbietern fest \u2013 aber auch deutliche Unterschiede.<\/p>\n<\/div>\n\n\t\t\t<div class=\"meta\">\n\t\t\t\t<ul>\n\t\t\t\t\t\t\t\t\t\t\t<li><strong>Preis:<\/strong> kostenlos<\/li>\n\t\t\t\t\t\n\t\t\t\t\t\t\t\t\t\t\t<li><strong>Herausgeber:<\/strong> SVEB<\/li>\n\t\t\t\t\t\n\t\t\t\t\t\t\t\t\t\t\t<li><strong>Autor:<\/strong> C\u00e4cilia M\u00e4rki, Helen Buchs<\/li>\n\t\t\t\t\t\n\t\t\t\t\t\t\t\t\t\t\t<li><strong>Vertrieb:<\/strong> SVEB, 20 Seiten<\/li>\n\t\t\t\t\t\n\t\t\t\t\t\n\t\t\t\t\t\n\t\t\t\t\t\t\t\t\t<\/ul>\n\n\t\t\t\t<ul class=\"actions\">\n\t\t\t\t\t\t\t\t\t\t\t<li><a class=\"button\" href=\"https:\/\/alice.ch\/de\/download-de\/?pub-id=53169\">Download<\/a><\/li>\n\t\t\t\t\t\n\t\t\t\t\t\t\t\t\t<\/ul>\n\t\t\t<\/div>\n\t\t<\/div>\n\n\n\t<\/div>\n\n\n\t\n\n\n<h2 class=\"wp-block-heading\">Report Grundkompetenzen: Entwicklungen und Herausforderungen<\/h2>\n\n\n\n<p>Aufgrund unterschiedlicher und unverbundener F\u00f6rderstrukturen besteht bei den Angeboten im Bereich Grundkompetenzen eine starke Fragmentierung. Eine bessere Koordination zwischen den f\u00f6rdernden Stellen k\u00f6nnte bei der Gewinnung von Teilnehmenden und der Angebotsentwicklung einen Paradigmenwechsel bewirken. Dies geht aus dem ersten Report Grundkompetenzen im Rahmen des SVEB-Branchenmonitors hervor.<\/p>\n\n\n\n<p>F\u00fcr den Report Grundkompetenzen: Entwicklungen und Herausforderungen wurde eine Online-Befragung bei 784 Anbietern durchgef\u00fchrt, davon haben 109 Personen den Fragebogen beantwortet. Nach der Datenbereinigung wurden die Angaben von 61 Weiterbildungsanbietern aus allen Sprachregionen der Schweiz in die Auswertung einbezogen.<\/p>\n\n\n\n\t\n\t<div class=\"publication-item\">\n\t\t<div class=\"image\">\n\t\t\t<img decoding=\"async\" width=\"1240\" height=\"1753\" src=\"https:\/\/alice.ch\/app\/uploads\/2024\/11\/cover-branchenmonitor-grundkompetenzen-2022.jpg\" class=\"attachment-post-thumbnail size-post-thumbnail wp-post-image\" alt=\"\" srcset=\"https:\/\/alice.ch\/app\/uploads\/2024\/11\/cover-branchenmonitor-grundkompetenzen-2022.jpg 1240w, https:\/\/alice.ch\/app\/uploads\/2024\/11\/cover-branchenmonitor-grundkompetenzen-2022-212x300.jpg 212w, https:\/\/alice.ch\/app\/uploads\/2024\/11\/cover-branchenmonitor-grundkompetenzen-2022-724x1024.jpg 724w, https:\/\/alice.ch\/app\/uploads\/2024\/11\/cover-branchenmonitor-grundkompetenzen-2022-768x1086.jpg 768w, https:\/\/alice.ch\/app\/uploads\/2024\/11\/cover-branchenmonitor-grundkompetenzen-2022-1087x1536.jpg 1087w\" sizes=\"(max-width: 1240px) 100vw, 1240px\" \/>\t\t<\/div>\n\n\t\t<div class=\"content\">\n\t\t\t<h3>Report Grundkompetenzen: Entwicklungen und Herausforderungen<\/h3>\n\t\t\t<div class=\"description\"><p>Dieser Report gibt einen ersten Einblick in die Situation der Anbieter, die im Rahmen der komplexen F\u00f6rderstrukturen im Bereich der F\u00f6rderung der Grundkompetenzen Erwachsener (GKE) agieren. Erfasst wurden folgende vier Indikatoren\/Dimensionen:<\/p>\n<ul>\n<li>Zielgruppen<\/li>\n<li>Angebote<\/li>\n<li>Nachfrage<\/li>\n<li>Organisationsebene<\/li>\n<\/ul>\n<\/div>\n\n\t\t\t<div class=\"meta\">\n\t\t\t\t<ul>\n\t\t\t\t\t\t\t\t\t\t\t<li><strong>Preis:<\/strong> kostenlos<\/li>\n\t\t\t\t\t\n\t\t\t\t\t\t\t\t\t\t\t<li><strong>Herausgeber:<\/strong> SVEB<\/li>\n\t\t\t\t\t\n\t\t\t\t\t\t\t\t\t\t\t<li><strong>Autor:<\/strong> C\u00e4cilia M\u00e4rki, Saambavi Poopalapillai<\/li>\n\t\t\t\t\t\n\t\t\t\t\t\t\t\t\t\t\t<li><strong>Vertrieb:<\/strong> SVEB, 28 Seiten<\/li>\n\t\t\t\t\t\n\t\t\t\t\t\n\t\t\t\t\t\n\t\t\t\t\t\t\t\t\t<\/ul>\n\n\t\t\t\t<ul class=\"actions\">\n\t\t\t\t\t\t\t\t\t\t\t<li><a class=\"button\" href=\"https:\/\/alice.ch\/de\/download-de\/?pub-id=36116\">Download<\/a><\/li>\n\t\t\t\t\t\n\t\t\t\t\t\t\t\t\t<\/ul>\n\t\t\t<\/div>\n\t\t<\/div>\n\n\n\t<\/div>\n\n\n\t\n\n\n<div class=\"wp-block-buttons is-layout-flex wp-block-buttons-is-layout-flex\">\n<div class=\"wp-block-button has-custom-width wp-block-button__width-50 is-style-outline is-style-outline--1\"><a class=\"wp-block-button__link wp-element-button\" href=\"https:\/\/alice.ch\/de\/forschung\/forschungsaktivitaeten-des-sveb\/sveb-branchenmonitor\/\">Branchenmonitor<\/a><\/div>\n<\/div>\n\n\n\n<h2 class=\"wp-block-heading\">Kontakt<\/h2>\n\n\n\n<div class=\"wp-block-columns is-layout-flex wp-container-core-columns-is-layout-28f84493 wp-block-columns-is-layout-flex\">\n<div class=\"wp-block-column is-layout-flow wp-block-column-is-layout-flow\" style=\"flex-basis:50%\"><div class=\"contact-persons\">\n\n\t\t\t\t\t<div class=\"contact-person\">\n\t\t\t\t\tC\u00e4cilia M\u00e4rki<br \/>\t\t\t\t\tSenior Projektleiterin und Ko-Koordinationsverantwortliche Grundkompetenzen<br \/>\t\t\t\t\t<br \/>\n\t\t\t\t\t\t\t\t\t\t<a href=\"tel:+41 (0)44 319 71 58\">+41 (0)44 319 71 58<\/a><br \/>\t\t\t\t\t<a href=\"mailto:caecilia.maerki@alice.ch\">caecilia.maerki@alice.ch<\/a><br \/>\t\t\t\t\t<\/div>\n\t\t\t\t\t<\/div>\n<\/div>\n\n\n\n<div class=\"wp-block-column is-layout-flow wp-block-column-is-layout-flow\" style=\"flex-basis:50%\"><\/div>\n<\/div>\n<\/div>\n","protected":false},"excerpt":{"rendered":"<p>Report Grundkompetenzen Grundkompetenzen&nbsp;wie Lesen, Schreiben, Sprechen, Rechnen oder die Nutzung von Basis-Computeranwendungen sind eine Grundlage f\u00fcr das lebenslange Lernen. Diese [&hellip;]<\/p>\n","protected":false},"author":2,"featured_media":20799,"parent":342,"menu_order":64,"comment_status":"closed","ping_status":"closed","template":"","meta":{"_acf_changed":false,"inline_featured_image":false,"footnotes":""},"class_list":["post-354","page","type-page","status-publish","has-post-thumbnail","hentry"],"acf":[],"yoast_head":"<!-- This site is optimized with the Yoast SEO plugin v27.3 - https:\/\/yoast.com\/product\/yoast-seo-wordpress\/ -->\n<title>Report Grundkompetenzen - SVEB<\/title>\n<meta name=\"description\" content=\"Dieser SVEB-Report beobachtet den Bereich der Grundkompetenzen mit Fokus Angebotsentwicklung und in Bezug auf das Erreichen der Zielgruppen.\" \/>\n<meta name=\"robots\" content=\"index, follow, max-snippet:-1, max-image-preview:large, max-video-preview:-1\" \/>\n<link rel=\"canonical\" href=\"https:\/\/alice.ch\/de\/themen\/grundkompetenzen\/report-grundkompetenzen\/\" \/>\n<meta property=\"og:locale\" content=\"de_DE\" \/>\n<meta property=\"og:type\" content=\"article\" \/>\n<meta property=\"og:title\" content=\"Report Grundkompetenzen - SVEB\" \/>\n<meta property=\"og:description\" content=\"Dieser SVEB-Report beobachtet den Bereich der Grundkompetenzen mit Fokus Angebotsentwicklung und in Bezug auf das Erreichen der Zielgruppen.\" \/>\n<meta property=\"og:url\" content=\"https:\/\/alice.ch\/de\/themen\/grundkompetenzen\/report-grundkompetenzen\/\" \/>\n<meta property=\"og:site_name\" content=\"SVEB\" \/>\n<meta property=\"article:modified_time\" content=\"2024-11-27T13:32:28+00:00\" \/>\n<meta name=\"twitter:card\" content=\"summary_large_image\" \/>\n<meta name=\"twitter:label1\" content=\"Gesch\u00e4tzte Lesezeit\" \/>\n\t<meta name=\"twitter:data1\" content=\"2\u00a0Minuten\" \/>\n<script type=\"application\/ld+json\" class=\"yoast-schema-graph\">{\"@context\":\"https:\\\/\\\/schema.org\",\"@graph\":[{\"@type\":\"WebPage\",\"@id\":\"https:\\\/\\\/alice.ch\\\/de\\\/themen\\\/grundkompetenzen\\\/report-grundkompetenzen\\\/\",\"url\":\"https:\\\/\\\/alice.ch\\\/de\\\/themen\\\/grundkompetenzen\\\/report-grundkompetenzen\\\/\",\"name\":\"Report Grundkompetenzen - SVEB\",\"isPartOf\":{\"@id\":\"https:\\\/\\\/alice.ch\\\/de\\\/#website\"},\"primaryImageOfPage\":{\"@id\":\"https:\\\/\\\/alice.ch\\\/de\\\/themen\\\/grundkompetenzen\\\/report-grundkompetenzen\\\/#primaryimage\"},\"image\":{\"@id\":\"https:\\\/\\\/alice.ch\\\/de\\\/themen\\\/grundkompetenzen\\\/report-grundkompetenzen\\\/#primaryimage\"},\"thumbnailUrl\":\"https:\\\/\\\/alice.ch\\\/app\\\/uploads\\\/2022\\\/11\\\/default.jpg\",\"datePublished\":\"2022-08-16T13:39:08+00:00\",\"dateModified\":\"2024-11-27T13:32:28+00:00\",\"description\":\"Dieser SVEB-Report beobachtet den Bereich der Grundkompetenzen mit Fokus Angebotsentwicklung und in Bezug auf das Erreichen der Zielgruppen.\",\"breadcrumb\":{\"@id\":\"https:\\\/\\\/alice.ch\\\/de\\\/themen\\\/grundkompetenzen\\\/report-grundkompetenzen\\\/#breadcrumb\"},\"inLanguage\":\"de\",\"potentialAction\":[{\"@type\":\"ReadAction\",\"target\":[\"https:\\\/\\\/alice.ch\\\/de\\\/themen\\\/grundkompetenzen\\\/report-grundkompetenzen\\\/\"]}]},{\"@type\":\"ImageObject\",\"inLanguage\":\"de\",\"@id\":\"https:\\\/\\\/alice.ch\\\/de\\\/themen\\\/grundkompetenzen\\\/report-grundkompetenzen\\\/#primaryimage\",\"url\":\"https:\\\/\\\/alice.ch\\\/app\\\/uploads\\\/2022\\\/11\\\/default.jpg\",\"contentUrl\":\"https:\\\/\\\/alice.ch\\\/app\\\/uploads\\\/2022\\\/11\\\/default.jpg\",\"width\":1600,\"height\":900},{\"@type\":\"BreadcrumbList\",\"@id\":\"https:\\\/\\\/alice.ch\\\/de\\\/themen\\\/grundkompetenzen\\\/report-grundkompetenzen\\\/#breadcrumb\",\"itemListElement\":[{\"@type\":\"ListItem\",\"position\":1,\"name\":\"Startseite\",\"item\":\"https:\\\/\\\/alice.ch\\\/de\\\/\"},{\"@type\":\"ListItem\",\"position\":2,\"name\":\"Themen\",\"item\":\"https:\\\/\\\/alice.ch\\\/de\\\/themen\\\/\"},{\"@type\":\"ListItem\",\"position\":3,\"name\":\"Grundkompetenzen\",\"item\":\"https:\\\/\\\/alice.ch\\\/de\\\/themen\\\/grundkompetenzen\\\/\"},{\"@type\":\"ListItem\",\"position\":4,\"name\":\"Report Grundkompetenzen\"}]},{\"@type\":\"WebSite\",\"@id\":\"https:\\\/\\\/alice.ch\\\/de\\\/#website\",\"url\":\"https:\\\/\\\/alice.ch\\\/de\\\/\",\"name\":\"alice.ch (Adult Learning Information Center) ist das Portal der Weiterbildung in der Schweiz.\",\"description\":\"Schweizerischer Verband f\u00fcr Weiterbildung\",\"publisher\":{\"@id\":\"https:\\\/\\\/alice.ch\\\/de\\\/#organization\"},\"potentialAction\":[{\"@type\":\"SearchAction\",\"target\":{\"@type\":\"EntryPoint\",\"urlTemplate\":\"https:\\\/\\\/alice.ch\\\/de\\\/?s={search_term_string}\"},\"query-input\":{\"@type\":\"PropertyValueSpecification\",\"valueRequired\":true,\"valueName\":\"search_term_string\"}}],\"inLanguage\":\"de\"},{\"@type\":\"Organization\",\"@id\":\"https:\\\/\\\/alice.ch\\\/de\\\/#organization\",\"name\":\"SVEB Schweizerischer Verband f\u00fcr Weiterbildung\",\"url\":\"https:\\\/\\\/alice.ch\\\/de\\\/\",\"logo\":{\"@type\":\"ImageObject\",\"inLanguage\":\"de\",\"@id\":\"https:\\\/\\\/alice.ch\\\/de\\\/#\\\/schema\\\/logo\\\/image\\\/\",\"url\":\"https:\\\/\\\/alice.ch\\\/app\\\/uploads\\\/2022\\\/07\\\/logo-sveb.png\",\"contentUrl\":\"https:\\\/\\\/alice.ch\\\/app\\\/uploads\\\/2022\\\/07\\\/logo-sveb.png\",\"width\":145,\"height\":64,\"caption\":\"SVEB Schweizerischer Verband f\u00fcr Weiterbildung\"},\"image\":{\"@id\":\"https:\\\/\\\/alice.ch\\\/de\\\/#\\\/schema\\\/logo\\\/image\\\/\"},\"sameAs\":[\"https:\\\/\\\/www.linkedin.com\\\/company\\\/schweizerischer-verband-fr-weiterbildung-sveb\\\/\"]}]}<\/script>\n<!-- \/ Yoast SEO plugin. -->","yoast_head_json":{"title":"Report Grundkompetenzen - SVEB","description":"Dieser SVEB-Report beobachtet den Bereich der Grundkompetenzen mit Fokus Angebotsentwicklung und in Bezug auf das Erreichen der Zielgruppen.","robots":{"index":"index","follow":"follow","max-snippet":"max-snippet:-1","max-image-preview":"max-image-preview:large","max-video-preview":"max-video-preview:-1"},"canonical":"https:\/\/alice.ch\/de\/themen\/grundkompetenzen\/report-grundkompetenzen\/","og_locale":"de_DE","og_type":"article","og_title":"Report Grundkompetenzen - SVEB","og_description":"Dieser SVEB-Report beobachtet den Bereich der Grundkompetenzen mit Fokus Angebotsentwicklung und in Bezug auf das Erreichen der Zielgruppen.","og_url":"https:\/\/alice.ch\/de\/themen\/grundkompetenzen\/report-grundkompetenzen\/","og_site_name":"SVEB","article_modified_time":"2024-11-27T13:32:28+00:00","twitter_card":"summary_large_image","twitter_misc":{"Gesch\u00e4tzte Lesezeit":"2\u00a0Minuten"},"schema":{"@context":"https:\/\/schema.org","@graph":[{"@type":"WebPage","@id":"https:\/\/alice.ch\/de\/themen\/grundkompetenzen\/report-grundkompetenzen\/","url":"https:\/\/alice.ch\/de\/themen\/grundkompetenzen\/report-grundkompetenzen\/","name":"Report Grundkompetenzen - SVEB","isPartOf":{"@id":"https:\/\/alice.ch\/de\/#website"},"primaryImageOfPage":{"@id":"https:\/\/alice.ch\/de\/themen\/grundkompetenzen\/report-grundkompetenzen\/#primaryimage"},"image":{"@id":"https:\/\/alice.ch\/de\/themen\/grundkompetenzen\/report-grundkompetenzen\/#primaryimage"},"thumbnailUrl":"https:\/\/alice.ch\/app\/uploads\/2022\/11\/default.jpg","datePublished":"2022-08-16T13:39:08+00:00","dateModified":"2024-11-27T13:32:28+00:00","description":"Dieser SVEB-Report beobachtet den Bereich der Grundkompetenzen mit Fokus Angebotsentwicklung und in Bezug auf das Erreichen der Zielgruppen.","breadcrumb":{"@id":"https:\/\/alice.ch\/de\/themen\/grundkompetenzen\/report-grundkompetenzen\/#breadcrumb"},"inLanguage":"de","potentialAction":[{"@type":"ReadAction","target":["https:\/\/alice.ch\/de\/themen\/grundkompetenzen\/report-grundkompetenzen\/"]}]},{"@type":"ImageObject","inLanguage":"de","@id":"https:\/\/alice.ch\/de\/themen\/grundkompetenzen\/report-grundkompetenzen\/#primaryimage","url":"https:\/\/alice.ch\/app\/uploads\/2022\/11\/default.jpg","contentUrl":"https:\/\/alice.ch\/app\/uploads\/2022\/11\/default.jpg","width":1600,"height":900},{"@type":"BreadcrumbList","@id":"https:\/\/alice.ch\/de\/themen\/grundkompetenzen\/report-grundkompetenzen\/#breadcrumb","itemListElement":[{"@type":"ListItem","position":1,"name":"Startseite","item":"https:\/\/alice.ch\/de\/"},{"@type":"ListItem","position":2,"name":"Themen","item":"https:\/\/alice.ch\/de\/themen\/"},{"@type":"ListItem","position":3,"name":"Grundkompetenzen","item":"https:\/\/alice.ch\/de\/themen\/grundkompetenzen\/"},{"@type":"ListItem","position":4,"name":"Report Grundkompetenzen"}]},{"@type":"WebSite","@id":"https:\/\/alice.ch\/de\/#website","url":"https:\/\/alice.ch\/de\/","name":"alice.ch (Adult Learning Information Center) ist das Portal der Weiterbildung in der Schweiz.","description":"Schweizerischer Verband f\u00fcr Weiterbildung","publisher":{"@id":"https:\/\/alice.ch\/de\/#organization"},"potentialAction":[{"@type":"SearchAction","target":{"@type":"EntryPoint","urlTemplate":"https:\/\/alice.ch\/de\/?s={search_term_string}"},"query-input":{"@type":"PropertyValueSpecification","valueRequired":true,"valueName":"search_term_string"}}],"inLanguage":"de"},{"@type":"Organization","@id":"https:\/\/alice.ch\/de\/#organization","name":"SVEB Schweizerischer Verband f\u00fcr Weiterbildung","url":"https:\/\/alice.ch\/de\/","logo":{"@type":"ImageObject","inLanguage":"de","@id":"https:\/\/alice.ch\/de\/#\/schema\/logo\/image\/","url":"https:\/\/alice.ch\/app\/uploads\/2022\/07\/logo-sveb.png","contentUrl":"https:\/\/alice.ch\/app\/uploads\/2022\/07\/logo-sveb.png","width":145,"height":64,"caption":"SVEB Schweizerischer Verband f\u00fcr Weiterbildung"},"image":{"@id":"https:\/\/alice.ch\/de\/#\/schema\/logo\/image\/"},"sameAs":["https:\/\/www.linkedin.com\/company\/schweizerischer-verband-fr-weiterbildung-sveb\/"]}]}},"_links":{"self":[{"href":"https:\/\/alice.ch\/de\/wp-json\/wp\/v2\/pages\/354","targetHints":{"allow":["GET"]}}],"collection":[{"href":"https:\/\/alice.ch\/de\/wp-json\/wp\/v2\/pages"}],"about":[{"href":"https:\/\/alice.ch\/de\/wp-json\/wp\/v2\/types\/page"}],"author":[{"embeddable":true,"href":"https:\/\/alice.ch\/de\/wp-json\/wp\/v2\/users\/2"}],"replies":[{"embeddable":true,"href":"https:\/\/alice.ch\/de\/wp-json\/wp\/v2\/comments?post=354"}],"version-history":[{"count":35,"href":"https:\/\/alice.ch\/de\/wp-json\/wp\/v2\/pages\/354\/revisions"}],"predecessor-version":[{"id":64564,"href":"https:\/\/alice.ch\/de\/wp-json\/wp\/v2\/pages\/354\/revisions\/64564"}],"up":[{"embeddable":true,"href":"https:\/\/alice.ch\/de\/wp-json\/wp\/v2\/pages\/342"}],"wp:featuredmedia":[{"embeddable":true,"href":"https:\/\/alice.ch\/de\/wp-json\/wp\/v2\/media\/20799"}],"wp:attachment":[{"href":"https:\/\/alice.ch\/de\/wp-json\/wp\/v2\/media?parent=354"}],"curies":[{"name":"wp","href":"https:\/\/api.w.org\/{rel}","templated":true}]}}