{"id":3597,"date":"2022-10-17T09:27:39","date_gmt":"2022-10-17T07:27:39","guid":{"rendered":"https:\/\/projects.atxeit.ch\/sveb\/?page_id=3597"},"modified":"2025-04-11T09:28:58","modified_gmt":"2025-04-11T07:28:58","slug":"formular-charta-unterschreiben","status":"publish","type":"page","link":"https:\/\/alice.ch\/de\/qualitaet\/qualitaet-in-der-weiterbildung\/transparente-kursausschreibungen\/formular-charta-unterschreiben\/","title":{"rendered":"Formular \u00abCharta unterschreiben\u00bb"},"content":{"rendered":"\n<div class=\"wp-block-group is-style-reduced-width is-layout-flow wp-block-group-is-layout-flow\">\n<h1 class=\"wp-block-heading\">Unterschreiben der Charta<\/h1>\n\n\n\n<p>Die nationale Charta f\u00fcr transparente Kursausschreibungen kann von allen Institutionen unterzeichnet werden, die f\u00fcr die Transparenz, Vergleichbarkeit und \u00dcbersicht ihrer Kursausschreibungen einstehen und gemeinsam mit uns ein Zeichen daf\u00fcr setzen wollen.<\/p>\n\n\n\n<p>Wir laden Sie ein, mit der Unterzeichnung der Charta zu best\u00e4tigen, dass Ihre Kunden alle Informationen erhalten, die sie f\u00fcr ihren Weiterbildungsentscheid ben\u00f6tigen.<\/p>\n\n\n\n<div class=\"wp-block-contact-form-7-contact-form-selector\">\n<div class=\"wpcf7 no-js\" id=\"wpcf7-f3895-o1\" lang=\"de-DE\" dir=\"ltr\" data-wpcf7-id=\"3895\">\n<div class=\"screen-reader-response\"><p role=\"status\" aria-live=\"polite\" aria-atomic=\"true\"><\/p> <ul><\/ul><\/div>\n<form action=\"\/de\/wp-json\/wp\/v2\/pages\/3597#wpcf7-f3895-o1\" method=\"post\" class=\"wpcf7-form init\" aria-label=\"Kontaktformular\" enctype=\"multipart\/form-data\" novalidate=\"novalidate\" data-status=\"init\">\n<fieldset class=\"hidden-fields-container\"><input type=\"hidden\" name=\"_wpcf7\" value=\"3895\" \/><input type=\"hidden\" name=\"_wpcf7_version\" value=\"6.1.5\" \/><input type=\"hidden\" name=\"_wpcf7_locale\" value=\"de_DE\" \/><input type=\"hidden\" name=\"_wpcf7_unit_tag\" value=\"wpcf7-f3895-o1\" \/><input type=\"hidden\" name=\"_wpcf7_container_post\" value=\"0\" \/><input type=\"hidden\" name=\"_wpcf7_posted_data_hash\" value=\"\" \/>\n<\/fieldset>\n<p><span class=\"wpcf7-form-control-wrap\" data-name=\"checkbox-charta\"><span class=\"wpcf7-form-control wpcf7-checkbox\"><span class=\"wpcf7-list-item first last\"><label><input type=\"checkbox\" name=\"checkbox-charta[]\" value=\"Ja, ich will ein Zeichen setzen.*\" \/><span class=\"wpcf7-list-item-label\">Ja, ich will ein Zeichen setzen.*<\/span><\/label><\/span><\/span><\/span><br \/>\n<br \/>\n<label>Organisation*<br \/>\n<span class=\"wpcf7-form-control-wrap\" data-name=\"your-organisation\"><input size=\"40\" maxlength=\"400\" class=\"wpcf7-form-control wpcf7-text wpcf7-validates-as-required\" aria-required=\"true\" aria-invalid=\"false\" placeholder=\"Musterfirma\" value=\"\" type=\"text\" name=\"your-organisation\" \/><\/span> <\/label>\n<\/p>\n<p><label>E-Mail-Adresse*<br \/>\n<span class=\"wpcf7-form-control-wrap\" data-name=\"your-email\"><input size=\"40\" maxlength=\"400\" class=\"wpcf7-form-control wpcf7-email wpcf7-validates-as-required wpcf7-text wpcf7-validates-as-email\" aria-required=\"true\" aria-invalid=\"false\" placeholder=\"maria.muster@alice.ch\" value=\"\" type=\"email\" name=\"your-email\" \/><\/span> <\/label>\n<\/p>\n<p><label>Ihre Bemerkungen (optional)<br \/>\n<span class=\"wpcf7-form-control-wrap\" data-name=\"your-message\"><textarea cols=\"40\" rows=\"10\" maxlength=\"2000\" class=\"wpcf7-form-control wpcf7-textarea\" aria-invalid=\"false\" placeholder=\"Ihr Kommentar\" name=\"your-message\"><\/textarea><\/span> <\/label>\n<\/p>\n<p><label>Logo hochladen*<br \/>\n<span class=\"wpcf7-form-control-wrap\" data-name=\"logo\"><input size=\"40\" class=\"wpcf7-form-control wpcf7-file\" accept=\"audio\/*,video\/*,image\/*\" aria-invalid=\"false\" type=\"file\" name=\"logo\" \/><\/span><br \/>\n<span id=\"wpcf7-69eb5de979b3c-wrapper\" class=\"wpcf7-form-control-wrap honeypot-296-wrap\" style=\"display:none !important; visibility:hidden !important;\"><label for=\"wpcf7-69eb5de979b3c-field\" class=\"hp-message\">Bitte lasse dieses Feld leer.<\/label><input id=\"wpcf7-69eb5de979b3c-field\"  class=\"wpcf7-form-control wpcf7-text\" type=\"text\" name=\"honeypot-296\" value=\"\" size=\"40\" tabindex=\"-1\" autocomplete=\"new-password\" \/><\/span><br \/>\n<input class=\"wpcf7-form-control wpcf7-submit has-spinner\" type=\"submit\" value=\"Senden\" \/><br \/>\n*Pflichtfelder<\/label>\n<\/p><div class=\"cf7-cookie-message\" style=\"margin-top:1em;color:#000;\">Bitte akzeptieren Sie die Cookies, um das Formular absenden zu k\u00f6nnen.<\/div><div class=\"wpcf7-response-output\" aria-hidden=\"true\"><\/div>\n<\/form>\n<\/div>\n<\/div>\n\n\n\n<p><em>Mit dem Absenden dieses Formulars erkl\u00e4ren Sie sich damit einverstanden, dass wir den Namen Ihrer Organisation als Unterzeichnende der Charta ver\u00f6ffentlichen. Ihre pers\u00f6nlichen Angaben werden weder ver\u00f6ffentlicht noch weitergegeben. Wir verwenden sie nur f\u00fcr das Zustellen von weiteren Informationen im Zusammenhang mit dem Thema &#8222;Transparente Kursausschreibung&#8220;.<\/em><\/p>\n\n\n\n<h2 class=\"wp-block-heading\">Kontakt<\/h2>\n\n\n\n<div class=\"wp-block-columns is-layout-flex wp-container-core-columns-is-layout-28f84493 wp-block-columns-is-layout-flex\">\n<div class=\"wp-block-column is-layout-flow wp-block-column-is-layout-flow\" style=\"flex-basis:50%\"><div class=\"contact-persons\">\n\n\t\t\t\t\t<div class=\"contact-person\">\n\t\t\t\t\tMichelle Mathys<br \/>\t\t\t\t\tVerantwortliche Marketing<br \/>\t\t\t\t\t<br \/>\n\t\t\t\t\t\t\t\t\t\t<a href=\"tel:+41 (0)44 319 71 55\">+41 (0)44 319 71 55<\/a><br \/>\t\t\t\t\t<a href=\"mailto:michelle.mathys@alice.ch\">michelle.mathys@alice.ch<\/a><br \/>\t\t\t\t\t<\/div>\n\t\t\t\t\t<\/div>\n<\/div>\n\n\n\n<div class=\"wp-block-column is-layout-flow wp-block-column-is-layout-flow\" style=\"flex-basis:50%\"><\/div>\n<\/div>\n<\/div>\n","protected":false},"excerpt":{"rendered":"<p>Unterschreiben der Charta Die nationale Charta f\u00fcr transparente Kursausschreibungen kann von allen Institutionen unterzeichnet werden, die f\u00fcr die Transparenz, Vergleichbarkeit [&hellip;]<\/p>\n","protected":false},"author":4,"featured_media":20799,"parent":2250,"menu_order":278,"comment_status":"closed","ping_status":"closed","template":"","meta":{"_acf_changed":false,"inline_featured_image":false,"footnotes":""},"class_list":["post-3597","page","type-page","status-publish","has-post-thumbnail","hentry"],"acf":[],"yoast_head":"<!-- This site is optimized with the Yoast SEO plugin v27.3 - https:\/\/yoast.com\/product\/yoast-seo-wordpress\/ -->\n<title>Formular \u00abCharta unterschreiben\u00bb - SVEB<\/title>\n<meta name=\"description\" content=\"Die Charta f\u00fcr transparente Kursausschreibungen unterzeichnen Institutionen, die f\u00fcr transparente Kursausschreibungen einstehen.\" \/>\n<meta name=\"robots\" content=\"index, follow, max-snippet:-1, max-image-preview:large, max-video-preview:-1\" \/>\n<link rel=\"canonical\" href=\"https:\/\/alice.ch\/de\/qualitaet\/qualitaet-in-der-weiterbildung\/transparente-kursausschreibungen\/formular-charta-unterschreiben\/\" \/>\n<meta property=\"og:locale\" content=\"de_DE\" \/>\n<meta property=\"og:type\" content=\"article\" \/>\n<meta property=\"og:title\" content=\"Formular \u00abCharta unterschreiben\u00bb - SVEB\" \/>\n<meta property=\"og:description\" content=\"Die Charta f\u00fcr transparente Kursausschreibungen unterzeichnen Institutionen, die f\u00fcr transparente Kursausschreibungen einstehen.\" \/>\n<meta property=\"og:url\" content=\"https:\/\/alice.ch\/de\/qualitaet\/qualitaet-in-der-weiterbildung\/transparente-kursausschreibungen\/formular-charta-unterschreiben\/\" \/>\n<meta property=\"og:site_name\" content=\"SVEB\" \/>\n<meta property=\"article:modified_time\" content=\"2025-04-11T07:28:58+00:00\" \/>\n<meta name=\"twitter:card\" content=\"summary_large_image\" \/>\n<meta name=\"twitter:label1\" content=\"Gesch\u00e4tzte Lesezeit\" \/>\n\t<meta name=\"twitter:data1\" content=\"1\u00a0Minute\" \/>\n<script type=\"application\/ld+json\" class=\"yoast-schema-graph\">{\"@context\":\"https:\\\/\\\/schema.org\",\"@graph\":[{\"@type\":\"WebPage\",\"@id\":\"https:\\\/\\\/alice.ch\\\/de\\\/qualitaet\\\/qualitaet-in-der-weiterbildung\\\/transparente-kursausschreibungen\\\/formular-charta-unterschreiben\\\/\",\"url\":\"https:\\\/\\\/alice.ch\\\/de\\\/qualitaet\\\/qualitaet-in-der-weiterbildung\\\/transparente-kursausschreibungen\\\/formular-charta-unterschreiben\\\/\",\"name\":\"Formular \u00abCharta unterschreiben\u00bb - SVEB\",\"isPartOf\":{\"@id\":\"https:\\\/\\\/alice.ch\\\/de\\\/#website\"},\"primaryImageOfPage\":{\"@id\":\"https:\\\/\\\/alice.ch\\\/de\\\/qualitaet\\\/qualitaet-in-der-weiterbildung\\\/transparente-kursausschreibungen\\\/formular-charta-unterschreiben\\\/#primaryimage\"},\"image\":{\"@id\":\"https:\\\/\\\/alice.ch\\\/de\\\/qualitaet\\\/qualitaet-in-der-weiterbildung\\\/transparente-kursausschreibungen\\\/formular-charta-unterschreiben\\\/#primaryimage\"},\"thumbnailUrl\":\"https:\\\/\\\/alice.ch\\\/app\\\/uploads\\\/2022\\\/11\\\/default.jpg\",\"datePublished\":\"2022-10-17T07:27:39+00:00\",\"dateModified\":\"2025-04-11T07:28:58+00:00\",\"description\":\"Die Charta f\u00fcr transparente Kursausschreibungen unterzeichnen Institutionen, die f\u00fcr transparente Kursausschreibungen einstehen.\",\"breadcrumb\":{\"@id\":\"https:\\\/\\\/alice.ch\\\/de\\\/qualitaet\\\/qualitaet-in-der-weiterbildung\\\/transparente-kursausschreibungen\\\/formular-charta-unterschreiben\\\/#breadcrumb\"},\"inLanguage\":\"de\",\"potentialAction\":[{\"@type\":\"ReadAction\",\"target\":[\"https:\\\/\\\/alice.ch\\\/de\\\/qualitaet\\\/qualitaet-in-der-weiterbildung\\\/transparente-kursausschreibungen\\\/formular-charta-unterschreiben\\\/\"]}]},{\"@type\":\"ImageObject\",\"inLanguage\":\"de\",\"@id\":\"https:\\\/\\\/alice.ch\\\/de\\\/qualitaet\\\/qualitaet-in-der-weiterbildung\\\/transparente-kursausschreibungen\\\/formular-charta-unterschreiben\\\/#primaryimage\",\"url\":\"https:\\\/\\\/alice.ch\\\/app\\\/uploads\\\/2022\\\/11\\\/default.jpg\",\"contentUrl\":\"https:\\\/\\\/alice.ch\\\/app\\\/uploads\\\/2022\\\/11\\\/default.jpg\",\"width\":1600,\"height\":900},{\"@type\":\"BreadcrumbList\",\"@id\":\"https:\\\/\\\/alice.ch\\\/de\\\/qualitaet\\\/qualitaet-in-der-weiterbildung\\\/transparente-kursausschreibungen\\\/formular-charta-unterschreiben\\\/#breadcrumb\",\"itemListElement\":[{\"@type\":\"ListItem\",\"position\":1,\"name\":\"Startseite\",\"item\":\"https:\\\/\\\/alice.ch\\\/de\\\/\"},{\"@type\":\"ListItem\",\"position\":2,\"name\":\"Qualit\u00e4t\",\"item\":\"https:\\\/\\\/alice.ch\\\/de\\\/qualitaet\\\/\"},{\"@type\":\"ListItem\",\"position\":3,\"name\":\"Qualit\u00e4t in der Weiterbildung\",\"item\":\"https:\\\/\\\/alice.ch\\\/de\\\/qualitaet\\\/qualitaet-in-der-weiterbildung\\\/\"},{\"@type\":\"ListItem\",\"position\":4,\"name\":\"Transparente Kursausschreibungen\",\"item\":\"https:\\\/\\\/alice.ch\\\/de\\\/qualitaet\\\/qualitaet-in-der-weiterbildung\\\/transparente-kursausschreibungen\\\/\"},{\"@type\":\"ListItem\",\"position\":5,\"name\":\"Formular \u00abCharta unterschreiben\u00bb\"}]},{\"@type\":\"WebSite\",\"@id\":\"https:\\\/\\\/alice.ch\\\/de\\\/#website\",\"url\":\"https:\\\/\\\/alice.ch\\\/de\\\/\",\"name\":\"alice.ch (Adult Learning Information Center) ist das Portal der Weiterbildung in der Schweiz.\",\"description\":\"Schweizerischer Verband f\u00fcr Weiterbildung\",\"publisher\":{\"@id\":\"https:\\\/\\\/alice.ch\\\/de\\\/#organization\"},\"potentialAction\":[{\"@type\":\"SearchAction\",\"target\":{\"@type\":\"EntryPoint\",\"urlTemplate\":\"https:\\\/\\\/alice.ch\\\/de\\\/?s={search_term_string}\"},\"query-input\":{\"@type\":\"PropertyValueSpecification\",\"valueRequired\":true,\"valueName\":\"search_term_string\"}}],\"inLanguage\":\"de\"},{\"@type\":\"Organization\",\"@id\":\"https:\\\/\\\/alice.ch\\\/de\\\/#organization\",\"name\":\"SVEB Schweizerischer Verband f\u00fcr Weiterbildung\",\"url\":\"https:\\\/\\\/alice.ch\\\/de\\\/\",\"logo\":{\"@type\":\"ImageObject\",\"inLanguage\":\"de\",\"@id\":\"https:\\\/\\\/alice.ch\\\/de\\\/#\\\/schema\\\/logo\\\/image\\\/\",\"url\":\"https:\\\/\\\/alice.ch\\\/app\\\/uploads\\\/2022\\\/07\\\/logo-sveb.png\",\"contentUrl\":\"https:\\\/\\\/alice.ch\\\/app\\\/uploads\\\/2022\\\/07\\\/logo-sveb.png\",\"width\":145,\"height\":64,\"caption\":\"SVEB Schweizerischer Verband f\u00fcr Weiterbildung\"},\"image\":{\"@id\":\"https:\\\/\\\/alice.ch\\\/de\\\/#\\\/schema\\\/logo\\\/image\\\/\"},\"sameAs\":[\"https:\\\/\\\/www.linkedin.com\\\/company\\\/schweizerischer-verband-fr-weiterbildung-sveb\\\/\"]}]}<\/script>\n<!-- \/ Yoast SEO plugin. -->","yoast_head_json":{"title":"Formular \u00abCharta unterschreiben\u00bb - SVEB","description":"Die Charta f\u00fcr transparente Kursausschreibungen unterzeichnen Institutionen, die f\u00fcr transparente Kursausschreibungen einstehen.","robots":{"index":"index","follow":"follow","max-snippet":"max-snippet:-1","max-image-preview":"max-image-preview:large","max-video-preview":"max-video-preview:-1"},"canonical":"https:\/\/alice.ch\/de\/qualitaet\/qualitaet-in-der-weiterbildung\/transparente-kursausschreibungen\/formular-charta-unterschreiben\/","og_locale":"de_DE","og_type":"article","og_title":"Formular \u00abCharta unterschreiben\u00bb - SVEB","og_description":"Die Charta f\u00fcr transparente Kursausschreibungen unterzeichnen Institutionen, die f\u00fcr transparente Kursausschreibungen einstehen.","og_url":"https:\/\/alice.ch\/de\/qualitaet\/qualitaet-in-der-weiterbildung\/transparente-kursausschreibungen\/formular-charta-unterschreiben\/","og_site_name":"SVEB","article_modified_time":"2025-04-11T07:28:58+00:00","twitter_card":"summary_large_image","twitter_misc":{"Gesch\u00e4tzte Lesezeit":"1\u00a0Minute"},"schema":{"@context":"https:\/\/schema.org","@graph":[{"@type":"WebPage","@id":"https:\/\/alice.ch\/de\/qualitaet\/qualitaet-in-der-weiterbildung\/transparente-kursausschreibungen\/formular-charta-unterschreiben\/","url":"https:\/\/alice.ch\/de\/qualitaet\/qualitaet-in-der-weiterbildung\/transparente-kursausschreibungen\/formular-charta-unterschreiben\/","name":"Formular \u00abCharta unterschreiben\u00bb - SVEB","isPartOf":{"@id":"https:\/\/alice.ch\/de\/#website"},"primaryImageOfPage":{"@id":"https:\/\/alice.ch\/de\/qualitaet\/qualitaet-in-der-weiterbildung\/transparente-kursausschreibungen\/formular-charta-unterschreiben\/#primaryimage"},"image":{"@id":"https:\/\/alice.ch\/de\/qualitaet\/qualitaet-in-der-weiterbildung\/transparente-kursausschreibungen\/formular-charta-unterschreiben\/#primaryimage"},"thumbnailUrl":"https:\/\/alice.ch\/app\/uploads\/2022\/11\/default.jpg","datePublished":"2022-10-17T07:27:39+00:00","dateModified":"2025-04-11T07:28:58+00:00","description":"Die Charta f\u00fcr transparente Kursausschreibungen unterzeichnen Institutionen, die f\u00fcr transparente Kursausschreibungen einstehen.","breadcrumb":{"@id":"https:\/\/alice.ch\/de\/qualitaet\/qualitaet-in-der-weiterbildung\/transparente-kursausschreibungen\/formular-charta-unterschreiben\/#breadcrumb"},"inLanguage":"de","potentialAction":[{"@type":"ReadAction","target":["https:\/\/alice.ch\/de\/qualitaet\/qualitaet-in-der-weiterbildung\/transparente-kursausschreibungen\/formular-charta-unterschreiben\/"]}]},{"@type":"ImageObject","inLanguage":"de","@id":"https:\/\/alice.ch\/de\/qualitaet\/qualitaet-in-der-weiterbildung\/transparente-kursausschreibungen\/formular-charta-unterschreiben\/#primaryimage","url":"https:\/\/alice.ch\/app\/uploads\/2022\/11\/default.jpg","contentUrl":"https:\/\/alice.ch\/app\/uploads\/2022\/11\/default.jpg","width":1600,"height":900},{"@type":"BreadcrumbList","@id":"https:\/\/alice.ch\/de\/qualitaet\/qualitaet-in-der-weiterbildung\/transparente-kursausschreibungen\/formular-charta-unterschreiben\/#breadcrumb","itemListElement":[{"@type":"ListItem","position":1,"name":"Startseite","item":"https:\/\/alice.ch\/de\/"},{"@type":"ListItem","position":2,"name":"Qualit\u00e4t","item":"https:\/\/alice.ch\/de\/qualitaet\/"},{"@type":"ListItem","position":3,"name":"Qualit\u00e4t in der Weiterbildung","item":"https:\/\/alice.ch\/de\/qualitaet\/qualitaet-in-der-weiterbildung\/"},{"@type":"ListItem","position":4,"name":"Transparente Kursausschreibungen","item":"https:\/\/alice.ch\/de\/qualitaet\/qualitaet-in-der-weiterbildung\/transparente-kursausschreibungen\/"},{"@type":"ListItem","position":5,"name":"Formular \u00abCharta unterschreiben\u00bb"}]},{"@type":"WebSite","@id":"https:\/\/alice.ch\/de\/#website","url":"https:\/\/alice.ch\/de\/","name":"alice.ch (Adult Learning Information Center) ist das Portal der Weiterbildung in der Schweiz.","description":"Schweizerischer Verband f\u00fcr Weiterbildung","publisher":{"@id":"https:\/\/alice.ch\/de\/#organization"},"potentialAction":[{"@type":"SearchAction","target":{"@type":"EntryPoint","urlTemplate":"https:\/\/alice.ch\/de\/?s={search_term_string}"},"query-input":{"@type":"PropertyValueSpecification","valueRequired":true,"valueName":"search_term_string"}}],"inLanguage":"de"},{"@type":"Organization","@id":"https:\/\/alice.ch\/de\/#organization","name":"SVEB Schweizerischer Verband f\u00fcr Weiterbildung","url":"https:\/\/alice.ch\/de\/","logo":{"@type":"ImageObject","inLanguage":"de","@id":"https:\/\/alice.ch\/de\/#\/schema\/logo\/image\/","url":"https:\/\/alice.ch\/app\/uploads\/2022\/07\/logo-sveb.png","contentUrl":"https:\/\/alice.ch\/app\/uploads\/2022\/07\/logo-sveb.png","width":145,"height":64,"caption":"SVEB Schweizerischer Verband f\u00fcr Weiterbildung"},"image":{"@id":"https:\/\/alice.ch\/de\/#\/schema\/logo\/image\/"},"sameAs":["https:\/\/www.linkedin.com\/company\/schweizerischer-verband-fr-weiterbildung-sveb\/"]}]}},"_links":{"self":[{"href":"https:\/\/alice.ch\/de\/wp-json\/wp\/v2\/pages\/3597","targetHints":{"allow":["GET"]}}],"collection":[{"href":"https:\/\/alice.ch\/de\/wp-json\/wp\/v2\/pages"}],"about":[{"href":"https:\/\/alice.ch\/de\/wp-json\/wp\/v2\/types\/page"}],"author":[{"embeddable":true,"href":"https:\/\/alice.ch\/de\/wp-json\/wp\/v2\/users\/4"}],"replies":[{"embeddable":true,"href":"https:\/\/alice.ch\/de\/wp-json\/wp\/v2\/comments?post=3597"}],"version-history":[{"count":12,"href":"https:\/\/alice.ch\/de\/wp-json\/wp\/v2\/pages\/3597\/revisions"}],"predecessor-version":[{"id":67427,"href":"https:\/\/alice.ch\/de\/wp-json\/wp\/v2\/pages\/3597\/revisions\/67427"}],"up":[{"embeddable":true,"href":"https:\/\/alice.ch\/de\/wp-json\/wp\/v2\/pages\/2250"}],"wp:featuredmedia":[{"embeddable":true,"href":"https:\/\/alice.ch\/de\/wp-json\/wp\/v2\/media\/20799"}],"wp:attachment":[{"href":"https:\/\/alice.ch\/de\/wp-json\/wp\/v2\/media?parent=3597"}],"curies":[{"name":"wp","href":"https:\/\/api.w.org\/{rel}","templated":true}]}}