{"id":370,"date":"2022-08-16T16:17:52","date_gmt":"2022-08-16T14:17:52","guid":{"rendered":"https:\/\/projects.atxeit.ch\/sveb\/?page_id=370"},"modified":"2025-12-02T11:18:56","modified_gmt":"2025-12-02T10:18:56","slug":"go-weiterbildung","status":"publish","type":"page","link":"https:\/\/alice.ch\/de\/themen\/grundkompetenzen\/go-upskilling-am-arbeitsplatz\/go-weiterbildung\/","title":{"rendered":"GO-Weiterbildung"},"content":{"rendered":"\n<div class=\"wp-block-group is-layout-flow wp-block-group-is-layout-flow\">\n<div class=\"wp-block-group is-style-reduced-width is-layout-constrained wp-block-group-is-layout-constrained\">\n<div class=\"wp-block-group is-style-default is-layout-flow wp-block-group-is-layout-flow\">\n<div class=\"wp-block-group is-style-default is-layout-constrained wp-block-group-is-layout-constrained\">\n<div class=\"wp-block-group is-style-default is-layout-constrained wp-block-group-is-layout-constrained\">\n<div class=\"wp-block-group is-style-default is-layout-constrained wp-block-group-is-layout-constrained\">\n<h1 class=\"wp-block-heading\">GO-Weiterbildung<\/h1>\n\n\n\n<h2 class=\"wp-block-heading\">\u00abEinfach besser! &#8230; am Arbeitsplatz\u00bb<\/h2>\n\n\n\n<p class=\"is-style-lead\">Von der Akquise zur Umsetzung von praxisorientierten Kursen f\u00fcr Grundkompetenzen: Lesen, Schreiben, Sprache, Rechnen und Computer<\/p>\n\n\n\n<p>Viele Betriebe sind noch nicht ausreichend dar\u00fcber informiert, dass sie die <a href=\"https:\/\/alice.ch\/de\/themen\/grundkompetenzen\/\">Grundkompetenzen<\/a> ihrer Mitarbeitenden im Rahmen des&nbsp;<a href=\"https:\/\/www.einfach-besser.ch\/betriebe\/\" target=\"_blank\" rel=\"noreferrer noopener\">F\u00f6rderprogramms&nbsp;\u00abEinfach besser! &#8230; am Arbeitsplatz\u00bb<\/a>&nbsp;von Bund und Kantonen f\u00f6rdern k\u00f6nnen. Mit dem <a href=\"https:\/\/alice.ch\/de\/themen\/grundkompetenzen\/go-upskilling-am-arbeitsplatz\/go-modell\/\">GO-Modell<\/a> haben Anbieterinnen und Anbieter ein gutes Werkzeug, um Interessierten das Vorgehen aufzuzeigen, den Lernprozess zu planen und zu begleiten.<br><\/p>\n\n\n\n<ul class=\"wp-block-list\">\n<li>M\u00f6chten Sie als Kursanbieter k\u00fcnftig praxisorientierte Kurse anbieten?<\/li>\n\n\n\n<li>Oder haben Sie schon damit begonnen, Ihnen fehlen aber noch Auftr\u00e4ge und Ihre Kursleitenden brauchen kreative Inputs f\u00fcr die praxisorientierte Umsetzung der Kurse?<\/li>\n<\/ul>\n\n\n\n<p>In vier Modulen f\u00fchrt die GO-Weiterbildung handlungsorientiert und mit vielen Praxisbeispielen durch die Anwendung des GO-Modells. Alle Module orientieren sich am Toolkit des GO-Modells.<\/p>\n<\/div>\n\n\n\n<h2 class=\"wp-block-heading\">Modul 1: Einf\u00fchrung in das GO-Modell<\/h2>\n\n\n\n<figure class=\"wp-block-table is-style-stripes\"><table class=\"has-fixed-layout\"><thead><tr><th class=\"has-text-align-left\" data-align=\"left\"><strong>Inhalte<\/strong><\/th><th class=\"has-text-align-left\" data-align=\"left\"><strong>Zielgruppen<\/strong><\/th><th class=\"has-text-align-left\" data-align=\"left\"><strong>Termin<\/strong> und Anmeldung<\/th><\/tr><\/thead><tbody><tr><td class=\"has-text-align-left\" data-align=\"left\">\u2013 Vorstellung der GO-Weiterbildung<br>\u2013 Erfolgsfaktoren f\u00fcr eine praxisorientierte F\u00f6rderung von Grundkompetenzen<br>\u2013 Die f\u00fcnf Schritte des GO-Modells<br>\u2013 Rollen im GO-Prozess und Schnittstellen<br>\u2013 Das F\u00f6rderprogramm \u00abEinfach besser!\u2026\u00bb am Arbeitsplatz! (SBFI)<\/td><td class=\"has-text-align-left\" data-align=\"left\">Alle<\/td><td class=\"has-text-align-left\" data-align=\"left\">Online<br><br><\/td><\/tr><tr><td class=\"has-text-align-left\" data-align=\"left\"><\/td><td class=\"has-text-align-left\" data-align=\"left\"><\/td><td class=\"has-text-align-left\" data-align=\"left\"><\/td><\/tr><\/tbody><\/table><\/figure>\n\n\n\n<h2 class=\"wp-block-heading\">Modul 2: Akquise und F\u00f6rderstrukturen<\/h2>\n\n\n\n<figure class=\"wp-block-table is-style-stripes\"><table class=\"has-fixed-layout\"><thead><tr><th class=\"has-text-align-left\" data-align=\"left\"><strong>Inhalte<\/strong><\/th><th class=\"has-text-align-left\" data-align=\"left\"><strong>Zielgruppen<\/strong><\/th><th class=\"has-text-align-left\" data-align=\"left\"><strong>Termin<\/strong> und Anmeldung<\/th><\/tr><\/thead><tbody><tr><td class=\"has-text-align-left\" data-align=\"left\">\u2013Bedarfsorientierte Akquise von Neukunden<br>\u2013 Netzwerke erweitern und pflegen<br>\u2013 Funktion T\u00fcr\u00f6ffner, Nutzen GO-Methode \/ Pitch<br>\u2013 F\u00f6rderstrukturen (SBFI): Finanzierung, Akteure, Kriterien, Gesuchstellung<\/td><td class=\"has-text-align-left\" data-align=\"left\">\u2013&nbsp;T\u00fcr\u00f6ffnerinnen und T\u00fcr\u00f6ffner<br>\u2013&nbsp;Verantwortliche f\u00fcr Akquise und\/oder Programmplanung<\/td><td class=\"has-text-align-left\" data-align=\"left\"><br><br><\/td><\/tr><tr><td class=\"has-text-align-left\" data-align=\"left\"><\/td><td class=\"has-text-align-left\" data-align=\"left\"><\/td><td class=\"has-text-align-left\" data-align=\"left\"><\/td><\/tr><\/tbody><\/table><\/figure>\n\n\n\n<h2 class=\"wp-block-heading\">Modul 3: Anforderungen und Bedarf im Betrieb<\/h2>\n\n\n\n<figure class=\"wp-block-table is-style-stripes\"><table><thead><tr><th class=\"has-text-align-left\" data-align=\"left\">Module<\/th><th class=\"has-text-align-left\" data-align=\"left\"><strong>Inhalte<\/strong><\/th><th class=\"has-text-align-left\" data-align=\"left\"><strong>Zielgruppen<\/strong><\/th><th class=\"has-text-align-left\" data-align=\"left\"><strong>Termin<\/strong> und Anmeldung<\/th><\/tr><\/thead><tbody><tr><td class=\"has-text-align-left\" data-align=\"left\">Modul 3.1<br><strong>Anforderungs- und Bedarfsanalyse im Betrieb<\/strong><\/td><td class=\"has-text-align-left\" data-align=\"left\">\u2013 Varianten der Anforderungs- und Bedarfserhebung<br>\u2013 Arbeit mit GO-Deskriptoren<br>\u2013 Prozessbegleitung: Zusammenarbeit mit Firmen (Prozess, authentisches Material)<br>\u2013 Vorbereitung Betriebsbesuch<\/td><td class=\"has-text-align-left\" data-align=\"left\">\u2013&nbsp;Prozessbegleitende<br>\u2013&nbsp;Kursleitende<br>\u2013&nbsp;Analystinnen und Analysten<br>\u2013&nbsp;In der Angebotsentwicklung t\u00e4tige Personen<\/td><td class=\"has-text-align-left\" data-align=\"left\"><br><\/td><\/tr><tr><td class=\"has-text-align-left\" data-align=\"left\">Auftrag 1<br><strong>Anforderungsanalyse und <\/strong><br><strong>-profil<\/strong><\/td><td class=\"has-text-align-left\" data-align=\"left\">\u2013 Akquise, Betriebsbesuch<br>\u2013 Anforderungen erfassen<br>\u2013 Anforderungsprofil erarbeiten<\/td><td class=\"has-text-align-left\" data-align=\"left\">\u2013&nbsp;Prozessbegleitende<br>\u2013&nbsp;Kursleitende<br>\u2013&nbsp;Analystinnen und Analysten<br>\u2013&nbsp;In der Angebotsentwicklung t\u00e4tige Personen<\/td><td class=\"has-text-align-left\" data-align=\"left\">Selbststudium<br>Aufwand: 20h<\/td><\/tr><tr><td class=\"has-text-align-left\" data-align=\"left\">Modul 3.2<br>Austausch Anforderungsanalyse in der Praxis<\/td><td class=\"has-text-align-left\" data-align=\"left\">\u2013 Erfahrungsaustausch Betriebsbesuch<br>\u2013 Pr\u00e4sentation Anforderungsprofil<br>\u2013 Input Bedarfserhebung<\/td><td class=\"has-text-align-left\" data-align=\"left\">\u2013&nbsp;Prozessbegleitende<br>\u2013&nbsp;Kursleitende<br>\u2013&nbsp;Analystinnen und Analysten<br>\u2013&nbsp;In der Angebotsentwicklung t\u00e4tige Personen<\/td><td class=\"has-text-align-left\" data-align=\"left\">Online<br><br><\/td><\/tr><tr><td class=\"has-text-align-left\" data-align=\"left\">Auftrag 2&nbsp;<br><strong>Bedarfserhebung<\/strong>&nbsp;<\/td><td class=\"has-text-align-left\" data-align=\"left\">\u2013 Entwicklung Bedarfserhebung<\/td><td class=\"has-text-align-left\" data-align=\"left\">\u2013&nbsp;Prozessbegleitende<br>\u2013&nbsp;Kursleitende<br>\u2013&nbsp;Analystinnen und Analysten<br>\u2013&nbsp;In der Angebotsentwicklung t\u00e4tige Personen<\/td><td class=\"has-text-align-left\" data-align=\"left\">Selbststudium<br>Aufwand: 10h<\/td><\/tr><tr><td class=\"has-text-align-left\" data-align=\"left\">Modul 3.3&nbsp;&nbsp;<br><strong>Kursentwicklung und Transfer<\/strong>&nbsp;<\/td><td class=\"has-text-align-left\" data-align=\"left\">\u2013 Pr\u00e4sentation Bedarfserhebung<br>\u2013 Entwicklung Kurskonzept (Basis f\u00fcr Modul 4)<br>\u2013 Verankerung des Kurses im Betrieb<br>\u2013 Evaluationskonzept<\/td><td class=\"has-text-align-left\" data-align=\"left\">\u2013 Prozessbegleitende<br>\u2013 Kursleitende<br>\u2013 In der Angebots-<br>entwicklung t\u00e4tige<br>Personen<\/td><td class=\"has-text-align-left\" data-align=\"left\"><br><br><\/td><\/tr><\/tbody><\/table><\/figure>\n\n\n\n<h2 class=\"wp-block-heading\">Modul 4: Kursdurchf\u00fchrung und Transfer<\/h2>\n\n\n\n<figure class=\"wp-block-table is-style-stripes\"><table class=\"has-fixed-layout\"><thead><tr><th class=\"has-text-align-left\" data-align=\"left\"><strong>Inhalte<\/strong><\/th><th class=\"has-text-align-left\" data-align=\"left\"><strong>Zielgruppen<\/strong><\/th><th class=\"has-text-align-left\" data-align=\"left\"><strong>Termin<\/strong> und Anmeldung<\/th><\/tr><\/thead><tbody><tr><td class=\"has-text-align-left\" data-align=\"left\">\u2013 Formulieren von Lernzielen<br>\u2013 Erstellen von attraktiven, ressourcenorientierten Lektionspl\u00e4nen<br>\u2013 Rolle der Kursleitung<\/td><td class=\"has-text-align-left\" data-align=\"left\">Kursleitende<\/td><td class=\"has-text-align-left\" data-align=\"left\"><\/td><\/tr><tr><td class=\"has-text-align-left\" data-align=\"left\"><\/td><td class=\"has-text-align-left\" data-align=\"left\"><\/td><td class=\"has-text-align-left\" data-align=\"left\"><\/td><\/tr><\/tbody><\/table><\/figure>\n<\/div>\n<\/div>\n<\/div>\n\n\n\n<h2 class=\"wp-block-heading\">Zielpublikum<\/h2>\n\n\n\n<p>T\u00fcr\u00f6ffnerinnen und T\u00fcr\u00f6ffner, Prozessbegleitende, Analystinnen und Analysten, in der Angebotsentwicklung t\u00e4tige Personen, Kursleitende&nbsp;<\/p>\n\n\n\n<p>F\u00fcr die Umsetzung von arbeitsplatzorientierten Kursen mit dem GO-Modell braucht es unterschiedliche Kompetenzen. In der Praxis hilft es, die Rollen innerhalb des Prozesses klar zu definieren. Je nach Anbieter k\u00f6nnen einzelne oder mehrere Personen unterschiedliche Funktionen\/Rollen einnehmen. Anbieter k\u00f6nnen Teams an die GO-Weiterbildung senden, die ihre Rollen- und Aufgabenteilung im Praxisteil von Modul 3 konkret umsetzen.&nbsp;<\/p>\n\n\n\n<h2 class=\"wp-block-heading\">Transfer<\/h2>\n\n\n\n<p>Teil dieser GO-Weiterbildung ist die Verankerung der GO-Methode in der Praxis. Ein individuell organisierter und umgesetzter Besuch in einem Betrieb bildet die Grundlage f\u00fcr die Erstellung eines Anforderungsprofils, die Entwicklung einer Bedarfserhebung f\u00fcr diesen Betrieb sowie eines Kurskonzepts. Die Inhalte werden in den Modulen erarbeitet, die Umsetzung erfolgt zeitnah und begleitet.<\/p>\n\n\n\n<h2 class=\"wp-block-heading\">Teilnahmebest\u00e4tigung<\/h2>\n\n\n\n<p>Am Ende der GO-Weiterbildung erhalten Sie eine Teilnahmebest\u00e4tigung f\u00fcr die besuchten Module.&nbsp;<\/p>\n\n\n\n<h2 class=\"wp-block-heading\">Anmeldung<\/h2>\n\n\n\n<div class=\"wp-block-query is-layout-flow wp-block-query-is-layout-flow\">\n\n<div class=\"wp-block-query-no-results\">\n\n<p><\/p>\n\n<\/div><\/div>\n\n\n\n<div class=\"wp-block-group is-style-default is-layout-flow wp-block-group-is-layout-flow\">\n<div class=\"wp-block-group is-style-default is-layout-constrained wp-block-group-is-layout-constrained\">\n<h2 class=\"wp-block-heading\">Kosten<\/h2>\n\n\n\n<p>Die GO-Weiterbildung wird gratis angeboten.<\/p>\n\n\n\n<h2 class=\"wp-block-heading\">Dokumente<\/h2>\n\n\n\n<div class=\"wp-block-columns is-layout-flex wp-container-core-columns-is-layout-28f84493 wp-block-columns-is-layout-flex\">\n<div class=\"wp-block-column is-layout-flow wp-block-column-is-layout-flow\">\n<div class=\"wp-block-file\"><a id=\"wp-block-file--media-feb21fee-2a8e-4d29-953b-d1a00ffdf02a\" href=\"https:\/\/alice.ch\/app\/uploads\/2025\/03\/go-weiterbildung-2025.pdf\">GO-Weiterbildung \u00dcbersicht<br \/>PDF &#8211; 156 KB<\/a><a href=\"https:\/\/alice.ch\/app\/uploads\/2025\/03\/go-weiterbildung-2025.pdf\" class=\"wp-block-file__button wp-element-button\" download aria-describedby=\"wp-block-file--media-feb21fee-2a8e-4d29-953b-d1a00ffdf02a\">Herunterladen<br \/>PDF &#8211; 156 KB<\/a><\/div>\n<\/div>\n\n\n\n<div class=\"wp-block-column is-layout-flow wp-block-column-is-layout-flow\"><\/div>\n<\/div>\n\n\n\n<div class=\"wp-block-group is-style-default is-layout-constrained wp-block-group-is-layout-constrained\">\n<figure class=\"wp-block-image size-large is-style-no-border\"><img decoding=\"async\" width=\"1024\" height=\"185\" src=\"https:\/\/alice.ch\/app\/uploads\/2023\/01\/Logos-Go-Weiterbildungen-1024x185.png\" alt=\"\" class=\"wp-image-43293\" srcset=\"https:\/\/alice.ch\/app\/uploads\/2023\/01\/Logos-Go-Weiterbildungen-1024x185.png 1024w, https:\/\/alice.ch\/app\/uploads\/2023\/01\/Logos-Go-Weiterbildungen-300x54.png 300w, https:\/\/alice.ch\/app\/uploads\/2023\/01\/Logos-Go-Weiterbildungen-768x138.png 768w, https:\/\/alice.ch\/app\/uploads\/2023\/01\/Logos-Go-Weiterbildungen-1536x277.png 1536w, https:\/\/alice.ch\/app\/uploads\/2023\/01\/Logos-Go-Weiterbildungen-2048x369.png 2048w\" sizes=\"(max-width: 1024px) 100vw, 1024px\" \/><\/figure>\n\n\n\n<h2 class=\"wp-block-heading\">Kontakt<\/h2>\n\n\n\n<div class=\"wp-block-columns is-layout-flex wp-container-core-columns-is-layout-28f84493 wp-block-columns-is-layout-flex\">\n<div class=\"wp-block-column is-layout-flow wp-block-column-is-layout-flow\" style=\"flex-basis:50%\"><div class=\"contact-persons\">\n\n\t\t\t\t\t<div class=\"contact-person\">\n\t\t\t\t\tSVEB Schweizerischer Verband f\u00fcr Weiterbildung<br \/>\t\t\t\t\tNationale Gesch\u00e4ftsstelle<br \/>\t\t\t\t\t<br \/>\n\t\t\t\t\tHardstrasse 235<br \/>\r\n8005 Z\u00fcrich<br \/>\t\t\t\t\t<a href=\"tel:+41 (0)44 319 71 71\">+41 (0)44 319 71 71<\/a><br \/>\t\t\t\t\t<a href=\"mailto:info@alice.ch\">info@alice.ch<\/a><br \/>\t\t\t\t\t<\/div>\n\t\t\t\t\t<\/div>\n<\/div>\n\n\n\n<div class=\"wp-block-column is-layout-flow wp-block-column-is-layout-flow\" style=\"flex-basis:50%\"><\/div>\n<\/div>\n<\/div>\n<\/div>\n<\/div>\n<\/div>\n<\/div>\n","protected":false},"excerpt":{"rendered":"<p>GO-Weiterbildung \u00abEinfach besser! &#8230; am Arbeitsplatz\u00bb Von der Akquise zur Umsetzung von praxisorientierten Kursen f\u00fcr Grundkompetenzen: Lesen, Schreiben, Sprache, Rechnen [&hellip;]<\/p>\n","protected":false},"author":2,"featured_media":20799,"parent":363,"menu_order":79,"comment_status":"closed","ping_status":"closed","template":"","meta":{"_acf_changed":false,"inline_featured_image":false,"footnotes":""},"class_list":["post-370","page","type-page","status-publish","has-post-thumbnail","hentry"],"acf":[],"yoast_head":"<!-- This site is optimized with the Yoast SEO plugin v27.3 - https:\/\/yoast.com\/product\/yoast-seo-wordpress\/ -->\n<title>GO-Weiterbildung - SVEB<\/title>\n<meta name=\"description\" content=\"In vier Modulen f\u00fchrt die GO-Weiterbildung handlungsorientiert und mit vielen Praxisbeispielen durch die Anwendung des GO-Modells.\" \/>\n<meta name=\"robots\" content=\"index, follow, max-snippet:-1, max-image-preview:large, max-video-preview:-1\" \/>\n<link rel=\"canonical\" href=\"https:\/\/alice.ch\/de\/themen\/grundkompetenzen\/go-upskilling-am-arbeitsplatz\/go-weiterbildung\/\" \/>\n<meta property=\"og:locale\" content=\"de_DE\" \/>\n<meta property=\"og:type\" content=\"article\" \/>\n<meta property=\"og:title\" content=\"GO-Weiterbildung - SVEB\" \/>\n<meta property=\"og:description\" content=\"In vier Modulen f\u00fchrt die GO-Weiterbildung handlungsorientiert und mit vielen Praxisbeispielen durch die Anwendung des GO-Modells.\" \/>\n<meta property=\"og:url\" content=\"https:\/\/alice.ch\/de\/themen\/grundkompetenzen\/go-upskilling-am-arbeitsplatz\/go-weiterbildung\/\" \/>\n<meta property=\"og:site_name\" content=\"SVEB\" \/>\n<meta property=\"article:modified_time\" content=\"2025-12-02T10:18:56+00:00\" \/>\n<meta property=\"og:image\" content=\"https:\/\/alice.ch\/app\/uploads\/2023\/01\/Logos-Go-Weiterbildungen.png\" \/>\n\t<meta property=\"og:image:width\" content=\"2313\" \/>\n\t<meta property=\"og:image:height\" content=\"417\" \/>\n\t<meta property=\"og:image:type\" content=\"image\/png\" \/>\n<meta name=\"twitter:card\" content=\"summary_large_image\" \/>\n<meta name=\"twitter:label1\" content=\"Gesch\u00e4tzte Lesezeit\" \/>\n\t<meta name=\"twitter:data1\" content=\"3\u00a0Minuten\" \/>\n<script type=\"application\/ld+json\" class=\"yoast-schema-graph\">{\"@context\":\"https:\\\/\\\/schema.org\",\"@graph\":[{\"@type\":\"WebPage\",\"@id\":\"https:\\\/\\\/alice.ch\\\/de\\\/themen\\\/grundkompetenzen\\\/go-upskilling-am-arbeitsplatz\\\/go-weiterbildung\\\/\",\"url\":\"https:\\\/\\\/alice.ch\\\/de\\\/themen\\\/grundkompetenzen\\\/go-upskilling-am-arbeitsplatz\\\/go-weiterbildung\\\/\",\"name\":\"GO-Weiterbildung - SVEB\",\"isPartOf\":{\"@id\":\"https:\\\/\\\/alice.ch\\\/de\\\/#website\"},\"primaryImageOfPage\":{\"@id\":\"https:\\\/\\\/alice.ch\\\/de\\\/themen\\\/grundkompetenzen\\\/go-upskilling-am-arbeitsplatz\\\/go-weiterbildung\\\/#primaryimage\"},\"image\":{\"@id\":\"https:\\\/\\\/alice.ch\\\/de\\\/themen\\\/grundkompetenzen\\\/go-upskilling-am-arbeitsplatz\\\/go-weiterbildung\\\/#primaryimage\"},\"thumbnailUrl\":\"https:\\\/\\\/alice.ch\\\/app\\\/uploads\\\/2022\\\/11\\\/default.jpg\",\"datePublished\":\"2022-08-16T14:17:52+00:00\",\"dateModified\":\"2025-12-02T10:18:56+00:00\",\"description\":\"In vier Modulen f\u00fchrt die GO-Weiterbildung handlungsorientiert und mit vielen Praxisbeispielen durch die Anwendung des GO-Modells.\",\"breadcrumb\":{\"@id\":\"https:\\\/\\\/alice.ch\\\/de\\\/themen\\\/grundkompetenzen\\\/go-upskilling-am-arbeitsplatz\\\/go-weiterbildung\\\/#breadcrumb\"},\"inLanguage\":\"de\",\"potentialAction\":[{\"@type\":\"ReadAction\",\"target\":[\"https:\\\/\\\/alice.ch\\\/de\\\/themen\\\/grundkompetenzen\\\/go-upskilling-am-arbeitsplatz\\\/go-weiterbildung\\\/\"]}]},{\"@type\":\"ImageObject\",\"inLanguage\":\"de\",\"@id\":\"https:\\\/\\\/alice.ch\\\/de\\\/themen\\\/grundkompetenzen\\\/go-upskilling-am-arbeitsplatz\\\/go-weiterbildung\\\/#primaryimage\",\"url\":\"https:\\\/\\\/alice.ch\\\/app\\\/uploads\\\/2022\\\/11\\\/default.jpg\",\"contentUrl\":\"https:\\\/\\\/alice.ch\\\/app\\\/uploads\\\/2022\\\/11\\\/default.jpg\",\"width\":1600,\"height\":900},{\"@type\":\"BreadcrumbList\",\"@id\":\"https:\\\/\\\/alice.ch\\\/de\\\/themen\\\/grundkompetenzen\\\/go-upskilling-am-arbeitsplatz\\\/go-weiterbildung\\\/#breadcrumb\",\"itemListElement\":[{\"@type\":\"ListItem\",\"position\":1,\"name\":\"Startseite\",\"item\":\"https:\\\/\\\/alice.ch\\\/de\\\/\"},{\"@type\":\"ListItem\",\"position\":2,\"name\":\"Themen\",\"item\":\"https:\\\/\\\/alice.ch\\\/de\\\/themen\\\/\"},{\"@type\":\"ListItem\",\"position\":3,\"name\":\"Grundkompetenzen\",\"item\":\"https:\\\/\\\/alice.ch\\\/de\\\/themen\\\/grundkompetenzen\\\/\"},{\"@type\":\"ListItem\",\"position\":4,\"name\":\"GO \u2013 Upskilling am Arbeitsplatz\",\"item\":\"https:\\\/\\\/alice.ch\\\/de\\\/themen\\\/grundkompetenzen\\\/go-upskilling-am-arbeitsplatz\\\/\"},{\"@type\":\"ListItem\",\"position\":5,\"name\":\"GO-Weiterbildung\"}]},{\"@type\":\"WebSite\",\"@id\":\"https:\\\/\\\/alice.ch\\\/de\\\/#website\",\"url\":\"https:\\\/\\\/alice.ch\\\/de\\\/\",\"name\":\"alice.ch (Adult Learning Information Center) ist das Portal der Weiterbildung in der Schweiz.\",\"description\":\"Schweizerischer Verband f\u00fcr Weiterbildung\",\"publisher\":{\"@id\":\"https:\\\/\\\/alice.ch\\\/de\\\/#organization\"},\"potentialAction\":[{\"@type\":\"SearchAction\",\"target\":{\"@type\":\"EntryPoint\",\"urlTemplate\":\"https:\\\/\\\/alice.ch\\\/de\\\/?s={search_term_string}\"},\"query-input\":{\"@type\":\"PropertyValueSpecification\",\"valueRequired\":true,\"valueName\":\"search_term_string\"}}],\"inLanguage\":\"de\"},{\"@type\":\"Organization\",\"@id\":\"https:\\\/\\\/alice.ch\\\/de\\\/#organization\",\"name\":\"SVEB Schweizerischer Verband f\u00fcr Weiterbildung\",\"url\":\"https:\\\/\\\/alice.ch\\\/de\\\/\",\"logo\":{\"@type\":\"ImageObject\",\"inLanguage\":\"de\",\"@id\":\"https:\\\/\\\/alice.ch\\\/de\\\/#\\\/schema\\\/logo\\\/image\\\/\",\"url\":\"https:\\\/\\\/alice.ch\\\/app\\\/uploads\\\/2022\\\/07\\\/logo-sveb.png\",\"contentUrl\":\"https:\\\/\\\/alice.ch\\\/app\\\/uploads\\\/2022\\\/07\\\/logo-sveb.png\",\"width\":145,\"height\":64,\"caption\":\"SVEB Schweizerischer Verband f\u00fcr Weiterbildung\"},\"image\":{\"@id\":\"https:\\\/\\\/alice.ch\\\/de\\\/#\\\/schema\\\/logo\\\/image\\\/\"},\"sameAs\":[\"https:\\\/\\\/www.linkedin.com\\\/company\\\/schweizerischer-verband-fr-weiterbildung-sveb\\\/\"]}]}<\/script>\n<!-- \/ Yoast SEO plugin. -->","yoast_head_json":{"title":"GO-Weiterbildung - SVEB","description":"In vier Modulen f\u00fchrt die GO-Weiterbildung handlungsorientiert und mit vielen Praxisbeispielen durch die Anwendung des GO-Modells.","robots":{"index":"index","follow":"follow","max-snippet":"max-snippet:-1","max-image-preview":"max-image-preview:large","max-video-preview":"max-video-preview:-1"},"canonical":"https:\/\/alice.ch\/de\/themen\/grundkompetenzen\/go-upskilling-am-arbeitsplatz\/go-weiterbildung\/","og_locale":"de_DE","og_type":"article","og_title":"GO-Weiterbildung - SVEB","og_description":"In vier Modulen f\u00fchrt die GO-Weiterbildung handlungsorientiert und mit vielen Praxisbeispielen durch die Anwendung des GO-Modells.","og_url":"https:\/\/alice.ch\/de\/themen\/grundkompetenzen\/go-upskilling-am-arbeitsplatz\/go-weiterbildung\/","og_site_name":"SVEB","article_modified_time":"2025-12-02T10:18:56+00:00","og_image":[{"width":2313,"height":417,"url":"https:\/\/alice.ch\/app\/uploads\/2023\/01\/Logos-Go-Weiterbildungen.png","type":"image\/png"}],"twitter_card":"summary_large_image","twitter_misc":{"Gesch\u00e4tzte Lesezeit":"3\u00a0Minuten"},"schema":{"@context":"https:\/\/schema.org","@graph":[{"@type":"WebPage","@id":"https:\/\/alice.ch\/de\/themen\/grundkompetenzen\/go-upskilling-am-arbeitsplatz\/go-weiterbildung\/","url":"https:\/\/alice.ch\/de\/themen\/grundkompetenzen\/go-upskilling-am-arbeitsplatz\/go-weiterbildung\/","name":"GO-Weiterbildung - SVEB","isPartOf":{"@id":"https:\/\/alice.ch\/de\/#website"},"primaryImageOfPage":{"@id":"https:\/\/alice.ch\/de\/themen\/grundkompetenzen\/go-upskilling-am-arbeitsplatz\/go-weiterbildung\/#primaryimage"},"image":{"@id":"https:\/\/alice.ch\/de\/themen\/grundkompetenzen\/go-upskilling-am-arbeitsplatz\/go-weiterbildung\/#primaryimage"},"thumbnailUrl":"https:\/\/alice.ch\/app\/uploads\/2022\/11\/default.jpg","datePublished":"2022-08-16T14:17:52+00:00","dateModified":"2025-12-02T10:18:56+00:00","description":"In vier Modulen f\u00fchrt die GO-Weiterbildung handlungsorientiert und mit vielen Praxisbeispielen durch die Anwendung des GO-Modells.","breadcrumb":{"@id":"https:\/\/alice.ch\/de\/themen\/grundkompetenzen\/go-upskilling-am-arbeitsplatz\/go-weiterbildung\/#breadcrumb"},"inLanguage":"de","potentialAction":[{"@type":"ReadAction","target":["https:\/\/alice.ch\/de\/themen\/grundkompetenzen\/go-upskilling-am-arbeitsplatz\/go-weiterbildung\/"]}]},{"@type":"ImageObject","inLanguage":"de","@id":"https:\/\/alice.ch\/de\/themen\/grundkompetenzen\/go-upskilling-am-arbeitsplatz\/go-weiterbildung\/#primaryimage","url":"https:\/\/alice.ch\/app\/uploads\/2022\/11\/default.jpg","contentUrl":"https:\/\/alice.ch\/app\/uploads\/2022\/11\/default.jpg","width":1600,"height":900},{"@type":"BreadcrumbList","@id":"https:\/\/alice.ch\/de\/themen\/grundkompetenzen\/go-upskilling-am-arbeitsplatz\/go-weiterbildung\/#breadcrumb","itemListElement":[{"@type":"ListItem","position":1,"name":"Startseite","item":"https:\/\/alice.ch\/de\/"},{"@type":"ListItem","position":2,"name":"Themen","item":"https:\/\/alice.ch\/de\/themen\/"},{"@type":"ListItem","position":3,"name":"Grundkompetenzen","item":"https:\/\/alice.ch\/de\/themen\/grundkompetenzen\/"},{"@type":"ListItem","position":4,"name":"GO \u2013 Upskilling am Arbeitsplatz","item":"https:\/\/alice.ch\/de\/themen\/grundkompetenzen\/go-upskilling-am-arbeitsplatz\/"},{"@type":"ListItem","position":5,"name":"GO-Weiterbildung"}]},{"@type":"WebSite","@id":"https:\/\/alice.ch\/de\/#website","url":"https:\/\/alice.ch\/de\/","name":"alice.ch (Adult Learning Information Center) ist das Portal der Weiterbildung in der Schweiz.","description":"Schweizerischer Verband f\u00fcr Weiterbildung","publisher":{"@id":"https:\/\/alice.ch\/de\/#organization"},"potentialAction":[{"@type":"SearchAction","target":{"@type":"EntryPoint","urlTemplate":"https:\/\/alice.ch\/de\/?s={search_term_string}"},"query-input":{"@type":"PropertyValueSpecification","valueRequired":true,"valueName":"search_term_string"}}],"inLanguage":"de"},{"@type":"Organization","@id":"https:\/\/alice.ch\/de\/#organization","name":"SVEB Schweizerischer Verband f\u00fcr Weiterbildung","url":"https:\/\/alice.ch\/de\/","logo":{"@type":"ImageObject","inLanguage":"de","@id":"https:\/\/alice.ch\/de\/#\/schema\/logo\/image\/","url":"https:\/\/alice.ch\/app\/uploads\/2022\/07\/logo-sveb.png","contentUrl":"https:\/\/alice.ch\/app\/uploads\/2022\/07\/logo-sveb.png","width":145,"height":64,"caption":"SVEB Schweizerischer Verband f\u00fcr Weiterbildung"},"image":{"@id":"https:\/\/alice.ch\/de\/#\/schema\/logo\/image\/"},"sameAs":["https:\/\/www.linkedin.com\/company\/schweizerischer-verband-fr-weiterbildung-sveb\/"]}]}},"_links":{"self":[{"href":"https:\/\/alice.ch\/de\/wp-json\/wp\/v2\/pages\/370","targetHints":{"allow":["GET"]}}],"collection":[{"href":"https:\/\/alice.ch\/de\/wp-json\/wp\/v2\/pages"}],"about":[{"href":"https:\/\/alice.ch\/de\/wp-json\/wp\/v2\/types\/page"}],"author":[{"embeddable":true,"href":"https:\/\/alice.ch\/de\/wp-json\/wp\/v2\/users\/2"}],"replies":[{"embeddable":true,"href":"https:\/\/alice.ch\/de\/wp-json\/wp\/v2\/comments?post=370"}],"version-history":[{"count":92,"href":"https:\/\/alice.ch\/de\/wp-json\/wp\/v2\/pages\/370\/revisions"}],"predecessor-version":[{"id":72424,"href":"https:\/\/alice.ch\/de\/wp-json\/wp\/v2\/pages\/370\/revisions\/72424"}],"up":[{"embeddable":true,"href":"https:\/\/alice.ch\/de\/wp-json\/wp\/v2\/pages\/363"}],"wp:featuredmedia":[{"embeddable":true,"href":"https:\/\/alice.ch\/de\/wp-json\/wp\/v2\/media\/20799"}],"wp:attachment":[{"href":"https:\/\/alice.ch\/de\/wp-json\/wp\/v2\/media?parent=370"}],"curies":[{"name":"wp","href":"https:\/\/api.w.org\/{rel}","templated":true}]}}