{"id":374,"date":"2022-08-16T16:21:32","date_gmt":"2022-08-16T14:21:32","guid":{"rendered":"https:\/\/projects.atxeit.ch\/sveb\/?page_id=374"},"modified":"2024-04-30T13:41:20","modified_gmt":"2024-04-30T11:41:20","slug":"digitale-transformation","status":"publish","type":"page","link":"https:\/\/alice.ch\/de\/themen\/digitalisierung-in-der-weiterbildung\/digitale-transformation\/","title":{"rendered":"Digitale Transformation"},"content":{"rendered":"\n<div class=\"wp-block-group is-style-reduced-width is-layout-flow wp-block-group-is-layout-flow\">\n<h1 class=\"wp-block-heading\">Digitale Transformation in Weiterbildungsinstitutionen<\/h1>\n\n\n\n<p class=\"is-style-lead\">Seit 2020 hat sich das Weiterbildungsangebot deutlich ver\u00e4ndert. Vieles wurde digitalisiert oder neu entwickelt. Diese Ver\u00e4nderungen betreffen nicht nur die Angebotsebene. Auch die Strukturen, Prozesse und Qualifikationsanforderungen des Personals sind vom Digitalisierungsschub betroffen.<\/p>\n\n\n\n<p>Vor diesem Hintergrund arbeitet der SVEB an verschiedenen Projekten und Dienstleistungen, um Weiterbildungsanbieter in ihrer digitalen Transformation zu unterst\u00fctzen.<\/p>\n\n\n\n<h2 class=\"wp-block-heading\">Analyse-Tool zur Umsetzung der digitalen Transformation auf Organisationsebene<\/h2>\n\n\n\n<p>Das&nbsp;Analyse-Tool&nbsp;bietet eine Unterst\u00fctzung bei der digitalen Transformation. Es basiert auf dem europ\u00e4ischen&nbsp;<a href=\"https:\/\/joint-research-centre.ec.europa.eu\/european-framework-digitally-competent-educational-organisations-digcomporg_en\" target=\"_blank\" rel=\"noreferrer noopener\">DigCompOrg-Modell<\/a>&nbsp;und soll zur Reflexion anregen. Es empfiehlt keine direkten Handlungsoptionen. Es kann aber unterst\u00fctzende Faktoren aufzeigen, um die digitale Transformation in den Organisationen aktiv voranzutreiben.<\/p>\n\n\n\n<div class=\"wp-block-columns is-layout-flex wp-container-core-columns-is-layout-28f84493 wp-block-columns-is-layout-flex\">\n<div class=\"wp-block-column is-layout-flow wp-block-column-is-layout-flow\" style=\"flex-basis:50%\">\n<div class=\"wp-block-file\"><a id=\"wp-block-file--media-eec9df04-5b29-4ed0-89c9-db8c1ad39e07\" href=\"https:\/\/alice.ch\/app\/uploads\/2022\/11\/DE_Analysetool_Digitale_Transformation.pdf\" target=\"_blank\" rel=\"noreferrer noopener\">Analyse-Tool Digitale Transformation<br \/>PDF &#8211; 946 KB<\/a><\/div>\n<\/div>\n\n\n\n<div class=\"wp-block-column is-layout-flow wp-block-column-is-layout-flow\" style=\"flex-basis:50%\"><\/div>\n<\/div>\n\n\n\n<h2 class=\"wp-block-heading\">F\u00fcnf Rezepte, um die digitale Transformation zu f\u00f6rdern<\/h2>\n\n\n\n<p>Um die Organisation weiterzuentwickeln und Prozesse zu optimieren, bot der SVEB im Herbst 2022 einen <a href=\"https:\/\/alice.ch\/de\/event\/woechentlicher-best-practice-circle-digitale-transformation-auf-organisationsebene\/\" target=\"_blank\" rel=\"noreferrer noopener\">Best Practice Circle<\/a> an. Mit den Erkenntnissen aus diesen Online-Veranstaltungen hat der SVEB ein <a href=\"https:\/\/alice.ch\/app\/uploads\/2023\/02\/SVEB-Digitale-Transformation-foerdern.pdf\">Poster<\/a> erarbeitet, das f\u00fcnf Rezepte f\u00fcr die digitale Transformation in Weiterbildungsinstitution enth\u00e4lt. Bei den Rezepten handelt es sich um bereits umgesetzte Ideen aus der Praxis, die in den Best Practice Circles behandelt wurden.<\/p>\n\n\n\n<div class=\"wp-block-buttons is-layout-flex wp-block-buttons-is-layout-flex\">\n<div class=\"wp-block-button has-custom-width wp-block-button__width-50 is-style-outline is-style-outline--1\"><a class=\"wp-block-button__link wp-element-button\" href=\"https:\/\/alice.ch\/de\/themen\/digitalisierung-in-der-weiterbildung\/digitale-transformation\/digitale-transformation-starten\/\">Digitale Transformation f\u00f6rdern<\/a><\/div>\n<\/div>\n\n\n\n<h2 class=\"wp-block-heading\">Aktuelle Projekte<\/h2>\n\n\n\n<div class=\"wp-block-query is-layout-flow wp-block-query-is-layout-flow\"><ul class=\"wp-block-post-template is-layout-flow wp-block-post-template-is-layout-flow\"><li class=\"wp-block-post post-72989 project type-project status-publish has-post-thumbnail hentry project-category-digitalisierung project-region-eu global-category-digitalisierung global-category-digitalli global-category-eu-projekte global-category-ki-in-der-weiterbildung global-category-professionalisierung\">\n\n<a class=\"project-item\" href=\"https:\/\/alice.ch\/de\/project\/voices-voices-of-immigrants-creating-empathy-social-cohesion\/\" >\n\n\t<div class=\"title\">\n\t\t<h3>VOICES \u2013 Voices of Immigrants creating Empathy &amp; Social Cohesion<\/h3>\n\t\t<p>St\u00e4rkung der gesellschaftlichen Teilhabe und des Zugeh\u00f6rigkeitsgef\u00fchls von Migrantinnen und Migranten <\/p>\n\t<\/div>\n\t<div class=\"meta\">\n\t\t<div class=\"date\">2024\u20132026<\/div>\n\t\t<div class=\"place\">EU<\/div>\n\t<\/div>\n\t<div class=\"more\">\n\t\t<span class=\"button\">mehr erfahren<\/span>\n\t<\/div>\n<\/a>\n\n<\/li><li class=\"wp-block-post post-68728 project type-project status-publish has-post-thumbnail hentry project-category-digitalisierung project-region-eu global-category-digitalisierung global-category-ethlae global-category-eu-projekte global-category-ki-in-der-weiterbildung global-category-professionalisierung\">\n\n<a class=\"project-item\" href=\"https:\/\/alice.ch\/de\/project\/ethlae-emerging-technology-for-holistic-literacy-in-adult-education\/\" >\n\n\t<div class=\"title\">\n\t\t<h3>ETHLAE \u2013 Emerging Technology for Holistic Literacy in Adult Education<\/h3>\n\t\t<p>Digitale Technologien zur F\u00f6rderung der Grundkompetenzen erfassen und bewerten<\/p>\n\t<\/div>\n\t<div class=\"meta\">\n\t\t<div class=\"date\">2024\u20132026<\/div>\n\t\t<div class=\"place\">EU<\/div>\n\t<\/div>\n\t<div class=\"more\">\n\t\t<span class=\"button\">mehr erfahren<\/span>\n\t<\/div>\n<\/a>\n\n<\/li><li class=\"wp-block-post post-69357 project type-project status-publish has-post-thumbnail hentry project-category-digitalisierung project-region-eu global-category-digitalisierung global-category-digitalli global-category-eu-projekte global-category-ki-in-der-weiterbildung global-category-professionalisierung\">\n\n<a class=\"project-item\" href=\"https:\/\/alice.ch\/de\/project\/digitalli-digital-strategies-for-lifelong-learning-institutions\/\" >\n\n\t<div class=\"title\">\n\t\t<h3>DIGITALLI &#8211; Digital Strategies for Lifelong Learning Institutions<\/h3>\n\t\t<p>Weiterbildungsorganisationen bei der digitalen Transformation unterst\u00fctzen<\/p>\n\t<\/div>\n\t<div class=\"meta\">\n\t\t<div class=\"date\">2024\u20132026<\/div>\n\t\t<div class=\"place\">EU<\/div>\n\t<\/div>\n\t<div class=\"more\">\n\t\t<span class=\"button\">mehr erfahren<\/span>\n\t<\/div>\n<\/a>\n\n<\/li><li class=\"wp-block-post post-65650 project type-project status-publish has-post-thumbnail hentry project-category-digitalisierung project-region-eu global-category-blocked global-category-digitalisierung global-category-eu-projekte global-category-professionalisierung global-category-weiterbildungssystem\">\n\n<a class=\"project-item\" href=\"https:\/\/alice.ch\/de\/project\/blocked-empowering-adult-learners-through-microcredential-blockchain-integration\/\" >\n\n\t<div class=\"title\">\n\t\t<h3>BlockED \u2013 Empowering Adult Learners through Microcredential Blockchain Integration<\/h3>\n\t\t<p>Kompetenzerweiterung der Ausbildenden zu Micro-Credentials und Blockchain<\/p>\n\t<\/div>\n\t<div class=\"meta\">\n\t\t<div class=\"date\">2024\u20132026<\/div>\n\t\t<div class=\"place\">EU<\/div>\n\t<\/div>\n\t<div class=\"more\">\n\t\t<span class=\"button\">mehr erfahren<\/span>\n\t<\/div>\n<\/a>\n\n<\/li><li class=\"wp-block-post post-42906 project type-project status-publish has-post-thumbnail hentry project-category-digitalisierung project-region-eu global-category-ki-in-der-weiterbildung global-category-professionalisierung\">\n\n<a class=\"project-item\" href=\"https:\/\/alice.ch\/de\/project\/ai4al\/\" >\n\n\t<div class=\"title\">\n\t\t<h3>AI4AL (Artificial Intelligence 4 Adult Learning)<\/h3>\n\t\t<p>K\u00fcnstliche Intelligenz (KI) f\u00fcr die Erwachsenenbildung<\/p>\n\t<\/div>\n\t<div class=\"meta\">\n\t\t<div class=\"date\">2022\u20132024<\/div>\n\t\t<div class=\"place\">EU<\/div>\n\t<\/div>\n\t<div class=\"more\">\n\t\t<span class=\"button\">mehr erfahren<\/span>\n\t<\/div>\n<\/a>\n\n<\/li><li class=\"wp-block-post post-9667 project type-project status-publish has-post-thumbnail hentry project-category-digitalisierung project-region-eu\">\n\n<a class=\"project-item\" href=\"https:\/\/alice.ch\/de\/project\/e-protect\/\" >\n\n\t<div class=\"title\">\n\t\t<h3>e-Protect<\/h3>\n\t\t<p>Safety-Toolkit f\u00fcr den Schutz von Verbraucherdaten \u00e4lterer Menschen bei der Internetnutzung<\/p>\n\t<\/div>\n\t<div class=\"meta\">\n\t\t<div class=\"date\">2020\u20132022<\/div>\n\t\t<div class=\"place\">EU<\/div>\n\t<\/div>\n\t<div class=\"more\">\n\t\t<span class=\"button\">mehr erfahren<\/span>\n\t<\/div>\n<\/a>\n\n<\/li><li class=\"wp-block-post post-9665 project type-project status-publish has-post-thumbnail hentry project-category-digitalisierung project-region-ch\">\n\n<a class=\"project-item\" href=\"https:\/\/alice.ch\/de\/project\/digitale-transformation-in-weiterbildungsinstitutionen\/\" >\n\n\t<div class=\"title\">\n\t\t<h3>Digitale Transformation in Weiterbildungsinstitutionen<\/h3>\n\t\t<p>Analyse-Tool zur Umsetzung der digitalen Transformation auf Organisationsebene<\/p>\n\t<\/div>\n\t<div class=\"meta\">\n\t\t<div class=\"date\">2022\u20132022<\/div>\n\t\t<div class=\"place\">CH<\/div>\n\t<\/div>\n\t<div class=\"more\">\n\t\t<span class=\"button\">mehr erfahren<\/span>\n\t<\/div>\n<\/a>\n\n<\/li><li class=\"wp-block-post post-9680 project type-project status-publish has-post-thumbnail hentry project-category-digitalisierung project-category-weiterbildungssystem project-region-eu\">\n\n<a class=\"project-item\" href=\"https:\/\/alice.ch\/de\/project\/futurelab-for-adult-education\/\" >\n\n\t<div class=\"title\">\n\t\t<h3>FutureLab for Adult Education<\/h3>\n\t\t<p>Transformative Erwachsenenbildung, Digitalisierung und Demokratie<\/p>\n\t<\/div>\n\t<div class=\"meta\">\n\t\t<div class=\"date\">2018\u20132021<\/div>\n\t\t<div class=\"place\">EU<\/div>\n\t<\/div>\n\t<div class=\"more\">\n\t\t<span class=\"button\">mehr erfahren<\/span>\n\t<\/div>\n<\/a>\n\n<\/li><li class=\"wp-block-post post-9676 project type-project status-publish has-post-thumbnail hentry project-category-digitalisierung project-region-eu\">\n\n<a class=\"project-item\" href=\"https:\/\/alice.ch\/de\/project\/digitalad\/\" >\n\n\t<div class=\"title\">\n\t\t<h3>DigitALAD<\/h3>\n\t\t<p>Digital Adult Educators: Preparing Adult Educators for a Digital World<\/p>\n\t<\/div>\n\t<div class=\"meta\">\n\t\t<div class=\"date\">2019\u20132021<\/div>\n\t\t<div class=\"place\">EU<\/div>\n\t<\/div>\n\t<div class=\"more\">\n\t\t<span class=\"button\">mehr erfahren<\/span>\n\t<\/div>\n<\/a>\n\n<\/li><li class=\"wp-block-post post-9868 project type-project status-publish has-post-thumbnail hentry project-category-chancengleichheit project-category-digitalisierung project-region-eu\">\n\n<a class=\"project-item\" href=\"https:\/\/alice.ch\/de\/project\/digimaths\/\" >\n\n\t<div class=\"title\">\n\t\t<h3>DigiMaths<\/h3>\n\t\t<p>Maximising the opportunities presented by digital technologies in numeracy teaching<\/p>\n\t<\/div>\n\t<div class=\"meta\">\n\t\t<div class=\"date\">2015\u20132017<\/div>\n\t\t<div class=\"place\">EU<\/div>\n\t<\/div>\n\t<div class=\"more\">\n\t\t<span class=\"button\">mehr erfahren<\/span>\n\t<\/div>\n<\/a>\n\n<\/li><\/ul>\n\n\n\n<\/div>\n\n\n\n<h2 class=\"wp-block-heading\">Kontakt<\/h2>\n\n\n\n<div class=\"wp-block-columns is-layout-flex wp-container-core-columns-is-layout-28f84493 wp-block-columns-is-layout-flex\">\n<div class=\"wp-block-column is-layout-flow wp-block-column-is-layout-flow\" style=\"flex-basis:50%\"><div class=\"contact-persons\">\n\n\t\t\t\t\t<div class=\"contact-person\">\n\t\t\t\t\tIrena Sgier<br \/>\t\t\t\t\t Stv. Direktorin, Leiterin Forschung, Entwicklung und Innovation<br \/>\t\t\t\t\t<br \/>\n\t\t\t\t\t\t\t\t\t\t<a href=\"tel:+41 (0)44 319 71 59\">+41 (0)44 319 71 59<\/a><br \/>\t\t\t\t\t<a href=\"mailto:irena.sgier@alice.ch\">irena.sgier@alice.ch<\/a><br \/>\t\t\t\t\t<\/div>\n\t\t\t\t\t<\/div>\n<\/div>\n\n\n\n<div class=\"wp-block-column is-layout-flow wp-block-column-is-layout-flow\" style=\"flex-basis:50%\"><\/div>\n<\/div>\n<\/div>\n","protected":false},"excerpt":{"rendered":"<p>Digitale Transformation in Weiterbildungsinstitutionen Seit 2020 hat sich das Weiterbildungsangebot deutlich ver\u00e4ndert. Vieles wurde digitalisiert oder neu entwickelt. Diese Ver\u00e4nderungen [&hellip;]<\/p>\n","protected":false},"author":2,"featured_media":20799,"parent":344,"menu_order":131,"comment_status":"closed","ping_status":"closed","template":"","meta":{"_acf_changed":false,"inline_featured_image":false,"footnotes":""},"class_list":["post-374","page","type-page","status-publish","has-post-thumbnail","hentry"],"acf":[],"yoast_head":"<!-- This site is optimized with the Yoast SEO plugin v27.3 - https:\/\/yoast.com\/product\/yoast-seo-wordpress\/ -->\n<title>Digitale Transformation - SVEB<\/title>\n<meta name=\"description\" content=\"Der SVEB unterst\u00fctzt kleine und mittlere Weiterbildungsanbieter mit einem Analyse-Tool bei ihrer digitalen Transformation.\" \/>\n<meta name=\"robots\" content=\"index, follow, max-snippet:-1, max-image-preview:large, max-video-preview:-1\" \/>\n<link rel=\"canonical\" href=\"https:\/\/alice.ch\/de\/themen\/digitalisierung-in-der-weiterbildung\/digitale-transformation\/\" \/>\n<meta property=\"og:locale\" content=\"de_DE\" \/>\n<meta property=\"og:type\" content=\"article\" \/>\n<meta property=\"og:title\" content=\"Digitale Transformation - SVEB\" \/>\n<meta property=\"og:description\" content=\"Der SVEB unterst\u00fctzt kleine und mittlere Weiterbildungsanbieter mit einem Analyse-Tool bei ihrer digitalen Transformation.\" \/>\n<meta property=\"og:url\" content=\"https:\/\/alice.ch\/de\/themen\/digitalisierung-in-der-weiterbildung\/digitale-transformation\/\" \/>\n<meta property=\"og:site_name\" content=\"SVEB\" \/>\n<meta property=\"article:modified_time\" content=\"2024-04-30T11:41:20+00:00\" \/>\n<meta name=\"twitter:card\" content=\"summary_large_image\" \/>\n<meta name=\"twitter:label1\" content=\"Gesch\u00e4tzte Lesezeit\" \/>\n\t<meta name=\"twitter:data1\" content=\"2\u00a0Minuten\" \/>\n<script type=\"application\/ld+json\" class=\"yoast-schema-graph\">{\"@context\":\"https:\\\/\\\/schema.org\",\"@graph\":[{\"@type\":\"WebPage\",\"@id\":\"https:\\\/\\\/alice.ch\\\/de\\\/themen\\\/digitalisierung-in-der-weiterbildung\\\/digitale-transformation\\\/\",\"url\":\"https:\\\/\\\/alice.ch\\\/de\\\/themen\\\/digitalisierung-in-der-weiterbildung\\\/digitale-transformation\\\/\",\"name\":\"Digitale Transformation - SVEB\",\"isPartOf\":{\"@id\":\"https:\\\/\\\/alice.ch\\\/de\\\/#website\"},\"primaryImageOfPage\":{\"@id\":\"https:\\\/\\\/alice.ch\\\/de\\\/themen\\\/digitalisierung-in-der-weiterbildung\\\/digitale-transformation\\\/#primaryimage\"},\"image\":{\"@id\":\"https:\\\/\\\/alice.ch\\\/de\\\/themen\\\/digitalisierung-in-der-weiterbildung\\\/digitale-transformation\\\/#primaryimage\"},\"thumbnailUrl\":\"https:\\\/\\\/alice.ch\\\/app\\\/uploads\\\/2022\\\/11\\\/default.jpg\",\"datePublished\":\"2022-08-16T14:21:32+00:00\",\"dateModified\":\"2024-04-30T11:41:20+00:00\",\"description\":\"Der SVEB unterst\u00fctzt kleine und mittlere Weiterbildungsanbieter mit einem Analyse-Tool bei ihrer digitalen Transformation.\",\"breadcrumb\":{\"@id\":\"https:\\\/\\\/alice.ch\\\/de\\\/themen\\\/digitalisierung-in-der-weiterbildung\\\/digitale-transformation\\\/#breadcrumb\"},\"inLanguage\":\"de\",\"potentialAction\":[{\"@type\":\"ReadAction\",\"target\":[\"https:\\\/\\\/alice.ch\\\/de\\\/themen\\\/digitalisierung-in-der-weiterbildung\\\/digitale-transformation\\\/\"]}]},{\"@type\":\"ImageObject\",\"inLanguage\":\"de\",\"@id\":\"https:\\\/\\\/alice.ch\\\/de\\\/themen\\\/digitalisierung-in-der-weiterbildung\\\/digitale-transformation\\\/#primaryimage\",\"url\":\"https:\\\/\\\/alice.ch\\\/app\\\/uploads\\\/2022\\\/11\\\/default.jpg\",\"contentUrl\":\"https:\\\/\\\/alice.ch\\\/app\\\/uploads\\\/2022\\\/11\\\/default.jpg\",\"width\":1600,\"height\":900},{\"@type\":\"BreadcrumbList\",\"@id\":\"https:\\\/\\\/alice.ch\\\/de\\\/themen\\\/digitalisierung-in-der-weiterbildung\\\/digitale-transformation\\\/#breadcrumb\",\"itemListElement\":[{\"@type\":\"ListItem\",\"position\":1,\"name\":\"Startseite\",\"item\":\"https:\\\/\\\/alice.ch\\\/de\\\/\"},{\"@type\":\"ListItem\",\"position\":2,\"name\":\"Themen\",\"item\":\"https:\\\/\\\/alice.ch\\\/de\\\/themen\\\/\"},{\"@type\":\"ListItem\",\"position\":3,\"name\":\"Digitalisierung in der Weiterbildung\",\"item\":\"https:\\\/\\\/alice.ch\\\/de\\\/themen\\\/digitalisierung-in-der-weiterbildung\\\/\"},{\"@type\":\"ListItem\",\"position\":4,\"name\":\"Digitale Transformation\"}]},{\"@type\":\"WebSite\",\"@id\":\"https:\\\/\\\/alice.ch\\\/de\\\/#website\",\"url\":\"https:\\\/\\\/alice.ch\\\/de\\\/\",\"name\":\"alice.ch (Adult Learning Information Center) ist das Portal der Weiterbildung in der Schweiz.\",\"description\":\"Schweizerischer Verband f\u00fcr Weiterbildung\",\"publisher\":{\"@id\":\"https:\\\/\\\/alice.ch\\\/de\\\/#organization\"},\"potentialAction\":[{\"@type\":\"SearchAction\",\"target\":{\"@type\":\"EntryPoint\",\"urlTemplate\":\"https:\\\/\\\/alice.ch\\\/de\\\/?s={search_term_string}\"},\"query-input\":{\"@type\":\"PropertyValueSpecification\",\"valueRequired\":true,\"valueName\":\"search_term_string\"}}],\"inLanguage\":\"de\"},{\"@type\":\"Organization\",\"@id\":\"https:\\\/\\\/alice.ch\\\/de\\\/#organization\",\"name\":\"SVEB Schweizerischer Verband f\u00fcr Weiterbildung\",\"url\":\"https:\\\/\\\/alice.ch\\\/de\\\/\",\"logo\":{\"@type\":\"ImageObject\",\"inLanguage\":\"de\",\"@id\":\"https:\\\/\\\/alice.ch\\\/de\\\/#\\\/schema\\\/logo\\\/image\\\/\",\"url\":\"https:\\\/\\\/alice.ch\\\/app\\\/uploads\\\/2022\\\/07\\\/logo-sveb.png\",\"contentUrl\":\"https:\\\/\\\/alice.ch\\\/app\\\/uploads\\\/2022\\\/07\\\/logo-sveb.png\",\"width\":145,\"height\":64,\"caption\":\"SVEB Schweizerischer Verband f\u00fcr Weiterbildung\"},\"image\":{\"@id\":\"https:\\\/\\\/alice.ch\\\/de\\\/#\\\/schema\\\/logo\\\/image\\\/\"},\"sameAs\":[\"https:\\\/\\\/www.linkedin.com\\\/company\\\/schweizerischer-verband-fr-weiterbildung-sveb\\\/\"]}]}<\/script>\n<!-- \/ Yoast SEO plugin. -->","yoast_head_json":{"title":"Digitale Transformation - SVEB","description":"Der SVEB unterst\u00fctzt kleine und mittlere Weiterbildungsanbieter mit einem Analyse-Tool bei ihrer digitalen Transformation.","robots":{"index":"index","follow":"follow","max-snippet":"max-snippet:-1","max-image-preview":"max-image-preview:large","max-video-preview":"max-video-preview:-1"},"canonical":"https:\/\/alice.ch\/de\/themen\/digitalisierung-in-der-weiterbildung\/digitale-transformation\/","og_locale":"de_DE","og_type":"article","og_title":"Digitale Transformation - SVEB","og_description":"Der SVEB unterst\u00fctzt kleine und mittlere Weiterbildungsanbieter mit einem Analyse-Tool bei ihrer digitalen Transformation.","og_url":"https:\/\/alice.ch\/de\/themen\/digitalisierung-in-der-weiterbildung\/digitale-transformation\/","og_site_name":"SVEB","article_modified_time":"2024-04-30T11:41:20+00:00","twitter_card":"summary_large_image","twitter_misc":{"Gesch\u00e4tzte Lesezeit":"2\u00a0Minuten"},"schema":{"@context":"https:\/\/schema.org","@graph":[{"@type":"WebPage","@id":"https:\/\/alice.ch\/de\/themen\/digitalisierung-in-der-weiterbildung\/digitale-transformation\/","url":"https:\/\/alice.ch\/de\/themen\/digitalisierung-in-der-weiterbildung\/digitale-transformation\/","name":"Digitale Transformation - SVEB","isPartOf":{"@id":"https:\/\/alice.ch\/de\/#website"},"primaryImageOfPage":{"@id":"https:\/\/alice.ch\/de\/themen\/digitalisierung-in-der-weiterbildung\/digitale-transformation\/#primaryimage"},"image":{"@id":"https:\/\/alice.ch\/de\/themen\/digitalisierung-in-der-weiterbildung\/digitale-transformation\/#primaryimage"},"thumbnailUrl":"https:\/\/alice.ch\/app\/uploads\/2022\/11\/default.jpg","datePublished":"2022-08-16T14:21:32+00:00","dateModified":"2024-04-30T11:41:20+00:00","description":"Der SVEB unterst\u00fctzt kleine und mittlere Weiterbildungsanbieter mit einem Analyse-Tool bei ihrer digitalen Transformation.","breadcrumb":{"@id":"https:\/\/alice.ch\/de\/themen\/digitalisierung-in-der-weiterbildung\/digitale-transformation\/#breadcrumb"},"inLanguage":"de","potentialAction":[{"@type":"ReadAction","target":["https:\/\/alice.ch\/de\/themen\/digitalisierung-in-der-weiterbildung\/digitale-transformation\/"]}]},{"@type":"ImageObject","inLanguage":"de","@id":"https:\/\/alice.ch\/de\/themen\/digitalisierung-in-der-weiterbildung\/digitale-transformation\/#primaryimage","url":"https:\/\/alice.ch\/app\/uploads\/2022\/11\/default.jpg","contentUrl":"https:\/\/alice.ch\/app\/uploads\/2022\/11\/default.jpg","width":1600,"height":900},{"@type":"BreadcrumbList","@id":"https:\/\/alice.ch\/de\/themen\/digitalisierung-in-der-weiterbildung\/digitale-transformation\/#breadcrumb","itemListElement":[{"@type":"ListItem","position":1,"name":"Startseite","item":"https:\/\/alice.ch\/de\/"},{"@type":"ListItem","position":2,"name":"Themen","item":"https:\/\/alice.ch\/de\/themen\/"},{"@type":"ListItem","position":3,"name":"Digitalisierung in der Weiterbildung","item":"https:\/\/alice.ch\/de\/themen\/digitalisierung-in-der-weiterbildung\/"},{"@type":"ListItem","position":4,"name":"Digitale Transformation"}]},{"@type":"WebSite","@id":"https:\/\/alice.ch\/de\/#website","url":"https:\/\/alice.ch\/de\/","name":"alice.ch (Adult Learning Information Center) ist das Portal der Weiterbildung in der Schweiz.","description":"Schweizerischer Verband f\u00fcr Weiterbildung","publisher":{"@id":"https:\/\/alice.ch\/de\/#organization"},"potentialAction":[{"@type":"SearchAction","target":{"@type":"EntryPoint","urlTemplate":"https:\/\/alice.ch\/de\/?s={search_term_string}"},"query-input":{"@type":"PropertyValueSpecification","valueRequired":true,"valueName":"search_term_string"}}],"inLanguage":"de"},{"@type":"Organization","@id":"https:\/\/alice.ch\/de\/#organization","name":"SVEB Schweizerischer Verband f\u00fcr Weiterbildung","url":"https:\/\/alice.ch\/de\/","logo":{"@type":"ImageObject","inLanguage":"de","@id":"https:\/\/alice.ch\/de\/#\/schema\/logo\/image\/","url":"https:\/\/alice.ch\/app\/uploads\/2022\/07\/logo-sveb.png","contentUrl":"https:\/\/alice.ch\/app\/uploads\/2022\/07\/logo-sveb.png","width":145,"height":64,"caption":"SVEB Schweizerischer Verband f\u00fcr Weiterbildung"},"image":{"@id":"https:\/\/alice.ch\/de\/#\/schema\/logo\/image\/"},"sameAs":["https:\/\/www.linkedin.com\/company\/schweizerischer-verband-fr-weiterbildung-sveb\/"]}]}},"_links":{"self":[{"href":"https:\/\/alice.ch\/de\/wp-json\/wp\/v2\/pages\/374","targetHints":{"allow":["GET"]}}],"collection":[{"href":"https:\/\/alice.ch\/de\/wp-json\/wp\/v2\/pages"}],"about":[{"href":"https:\/\/alice.ch\/de\/wp-json\/wp\/v2\/types\/page"}],"author":[{"embeddable":true,"href":"https:\/\/alice.ch\/de\/wp-json\/wp\/v2\/users\/2"}],"replies":[{"embeddable":true,"href":"https:\/\/alice.ch\/de\/wp-json\/wp\/v2\/comments?post=374"}],"version-history":[{"count":32,"href":"https:\/\/alice.ch\/de\/wp-json\/wp\/v2\/pages\/374\/revisions"}],"predecessor-version":[{"id":62833,"href":"https:\/\/alice.ch\/de\/wp-json\/wp\/v2\/pages\/374\/revisions\/62833"}],"up":[{"embeddable":true,"href":"https:\/\/alice.ch\/de\/wp-json\/wp\/v2\/pages\/344"}],"wp:featuredmedia":[{"embeddable":true,"href":"https:\/\/alice.ch\/de\/wp-json\/wp\/v2\/media\/20799"}],"wp:attachment":[{"href":"https:\/\/alice.ch\/de\/wp-json\/wp\/v2\/media?parent=374"}],"curies":[{"name":"wp","href":"https:\/\/api.w.org\/{rel}","templated":true}]}}