{"id":378,"date":"2022-08-16T16:22:11","date_gmt":"2022-08-16T14:22:11","guid":{"rendered":"https:\/\/projects.atxeit.ch\/sveb\/?page_id=378"},"modified":"2023-12-01T15:50:53","modified_gmt":"2023-12-01T14:50:53","slug":"digitales-lernen","status":"publish","type":"page","link":"https:\/\/alice.ch\/de\/themen\/digitalisierung-in-der-weiterbildung\/digitales-lernen\/","title":{"rendered":"Digitales Lernen"},"content":{"rendered":"\n<div class=\"wp-block-group alignwide is-style-reduced-width is-layout-flow wp-block-group-is-layout-flow\">\n<h1 class=\"wp-block-heading\">Digitales Lernen<\/h1>\n\n\n\n<div class=\"wp-block-group alignwide is-layout-flow wp-block-group-is-layout-flow\">\n<p class=\"is-style-lead\">Die Corona-Krise hat die Digitalisierung in der Weiterbildung beschleunigt. Das digitale Lernen stellt jedoch verschiedene Herausforderungen sowohl an die Kursleitenden wie auch an die Teilnehmenden. Der SVEB sammelt an dieser Stelle Informationen. Es finden sich auch Hinweise auf Webinare und Tutorials.<\/p>\n\n\n\n<div class=\"wp-block-media-text alignwide is-stacked-on-mobile is-style-icon-text\"><figure class=\"wp-block-media-text__media\"><a href=\"https:\/\/alice.ch\/de\/themen\/digitalisierung-in-der-weiterbildung\/digitales-lernen\/einstieg-ins-digitale-lernen\/\"><img decoding=\"async\" width=\"647\" height=\"435\" src=\"https:\/\/alice.ch\/app\/uploads\/2022\/10\/icon-einstieg.png\" alt=\"\" class=\"wp-image-5868 size-full\" srcset=\"https:\/\/alice.ch\/app\/uploads\/2022\/10\/icon-einstieg.png 647w, https:\/\/alice.ch\/app\/uploads\/2022\/10\/icon-einstieg-300x202.png 300w\" sizes=\"(max-width: 647px) 100vw, 647px\" \/><\/a><\/figure><div class=\"wp-block-media-text__content\">\n<h2 class=\"wp-block-heading\"><a href=\"https:\/\/alice.ch\/de\/themen\/digitalisierung-in-der-weiterbildung\/digitales-lernen\/einstieg-ins-digitale-lernen\/\">Einstieg ins digitale Lernen<\/a><\/h2>\n\n\n\n<p>Zwei Crash-Kurse mit Praxistipps, didaktische \u00dcberlegungen f\u00fcr den Online-Unterricht und weiterf\u00fchrende Quellen<\/p>\n<\/div><\/div>\n\n\n\n<hr class=\"wp-block-separator has-alpha-channel-opacity is-style-wide\" \/>\n\n\n\n<div class=\"wp-block-media-text alignwide is-stacked-on-mobile is-style-icon-text\"><figure class=\"wp-block-media-text__media\"><a href=\"https:\/\/alice.ch\/de\/themen\/digitalisierung-in-der-weiterbildung\/digitales-lernen\/digitale-werkzeuge\/\"><img decoding=\"async\" width=\"731\" height=\"502\" src=\"https:\/\/alice.ch\/app\/uploads\/2022\/10\/icon-tools.png\" alt=\"\" class=\"wp-image-5912 size-full\" srcset=\"https:\/\/alice.ch\/app\/uploads\/2022\/10\/icon-tools.png 731w, https:\/\/alice.ch\/app\/uploads\/2022\/10\/icon-tools-300x206.png 300w\" sizes=\"(max-width: 731px) 100vw, 731px\" \/><\/a><\/figure><div class=\"wp-block-media-text__content\">\n<h2 class=\"wp-block-heading\"><a href=\"https:\/\/alice.ch\/de\/themen\/digitalisierung-in-der-weiterbildung\/digitales-lernen\/digitale-werkzeuge\/\">Digitale Werkzeuge<\/a><\/h2>\n\n\n\n<p>Grundlegende Informationen und eine \u00dcbersicht der h\u00e4ufig verwendeten Applikationen f\u00fcr das digitale Lernen<\/p>\n<\/div><\/div>\n\n\n\n<hr class=\"wp-block-separator has-alpha-channel-opacity is-style-wide\" \/>\n\n\n\n<div class=\"wp-block-media-text alignwide is-stacked-on-mobile is-style-icon-text\"><figure class=\"wp-block-media-text__media\"><a href=\"https:\/\/alice.ch\/de\/themen\/digitalisierung-in-der-weiterbildung\/digitales-lernen\/datensicherheit\/\"><img decoding=\"async\" width=\"740\" height=\"487\" src=\"https:\/\/alice.ch\/app\/uploads\/2022\/10\/icon-sicherheit.png\" alt=\"\" class=\"wp-image-5928 size-full\" srcset=\"https:\/\/alice.ch\/app\/uploads\/2022\/10\/icon-sicherheit.png 740w, https:\/\/alice.ch\/app\/uploads\/2022\/10\/icon-sicherheit-300x197.png 300w\" sizes=\"(max-width: 740px) 100vw, 740px\" \/><\/a><\/figure><div class=\"wp-block-media-text__content\">\n<h2 class=\"wp-block-heading\"><a href=\"https:\/\/alice.ch\/de\/themen\/digitalisierung-in-der-weiterbildung\/digitales-lernen\/datensicherheit\/\">Datensicherheit<\/a><\/h2>\n\n\n\n<p>Mit der Verlagerung von Veranstaltungen ins Internet werden Daten generiert, deren Sicherheit gerade in der Bildung h\u00f6chste Priorit\u00e4t hat.<\/p>\n<\/div><\/div>\n\n\n\n<h2 class=\"wp-block-heading\">Kontakt<\/h2>\n<\/div>\n\n\n\n<div class=\"wp-block-columns is-layout-flex wp-container-core-columns-is-layout-28f84493 wp-block-columns-is-layout-flex\">\n<div class=\"wp-block-column is-layout-flow wp-block-column-is-layout-flow\" style=\"flex-basis:50%\"><div class=\"contact-persons\">\n\n\t\t\t\t\t<div class=\"contact-person\">\n\t\t\t\t\tIrena Sgier<br \/>\t\t\t\t\t Stv. Direktorin, Leiterin Forschung, Entwicklung und Innovation<br \/>\t\t\t\t\t<br \/>\n\t\t\t\t\t\t\t\t\t\t<a href=\"tel:+41 (0)44 319 71 59\">+41 (0)44 319 71 59<\/a><br \/>\t\t\t\t\t<a href=\"mailto:irena.sgier@alice.ch\">irena.sgier@alice.ch<\/a><br \/>\t\t\t\t\t<\/div>\n\t\t\t\t\t<\/div>\n<\/div>\n\n\n\n<div class=\"wp-block-column is-layout-flow wp-block-column-is-layout-flow\" style=\"flex-basis:50%\"><\/div>\n<\/div>\n<\/div>\n","protected":false},"excerpt":{"rendered":"<p>Digitales Lernen Die Corona-Krise hat die Digitalisierung in der Weiterbildung beschleunigt. Das digitale Lernen stellt jedoch verschiedene Herausforderungen sowohl an [&hellip;]<\/p>\n","protected":false},"author":2,"featured_media":20799,"parent":344,"menu_order":142,"comment_status":"closed","ping_status":"closed","template":"","meta":{"_acf_changed":false,"inline_featured_image":false,"footnotes":""},"class_list":["post-378","page","type-page","status-publish","has-post-thumbnail","hentry"],"acf":[],"yoast_head":"<!-- This site is optimized with the Yoast SEO plugin v27.3 - https:\/\/yoast.com\/product\/yoast-seo-wordpress\/ -->\n<title>Digitales Lernen - SVEB<\/title>\n<meta name=\"description\" content=\"Informationen zu den Herausforderungen des digitalen Lernens: Einstieg ins digitale Lernen, digitale Werkzeuge und Datensicherheit\" \/>\n<meta name=\"robots\" content=\"index, follow, max-snippet:-1, max-image-preview:large, max-video-preview:-1\" \/>\n<link rel=\"canonical\" href=\"https:\/\/alice.ch\/de\/themen\/digitalisierung-in-der-weiterbildung\/digitales-lernen\/\" \/>\n<meta property=\"og:locale\" content=\"de_DE\" \/>\n<meta property=\"og:type\" content=\"article\" \/>\n<meta property=\"og:title\" content=\"Digitales Lernen - SVEB\" \/>\n<meta property=\"og:description\" content=\"Informationen zu den Herausforderungen des digitalen Lernens: Einstieg ins digitale Lernen, digitale Werkzeuge und Datensicherheit\" \/>\n<meta property=\"og:url\" content=\"https:\/\/alice.ch\/de\/themen\/digitalisierung-in-der-weiterbildung\/digitales-lernen\/\" \/>\n<meta property=\"og:site_name\" content=\"SVEB\" \/>\n<meta property=\"article:modified_time\" content=\"2023-12-01T14:50:53+00:00\" \/>\n<meta property=\"og:image\" content=\"https:\/\/alice.ch\/app\/uploads\/2022\/10\/icon-einstieg.png\" \/>\n<meta name=\"twitter:card\" content=\"summary_large_image\" \/>\n<meta name=\"twitter:label1\" content=\"Gesch\u00e4tzte Lesezeit\" \/>\n\t<meta name=\"twitter:data1\" content=\"2\u00a0Minuten\" \/>\n<script type=\"application\/ld+json\" class=\"yoast-schema-graph\">{\"@context\":\"https:\\\/\\\/schema.org\",\"@graph\":[{\"@type\":\"WebPage\",\"@id\":\"https:\\\/\\\/alice.ch\\\/de\\\/themen\\\/digitalisierung-in-der-weiterbildung\\\/digitales-lernen\\\/\",\"url\":\"https:\\\/\\\/alice.ch\\\/de\\\/themen\\\/digitalisierung-in-der-weiterbildung\\\/digitales-lernen\\\/\",\"name\":\"Digitales Lernen - SVEB\",\"isPartOf\":{\"@id\":\"https:\\\/\\\/alice.ch\\\/de\\\/#website\"},\"primaryImageOfPage\":{\"@id\":\"https:\\\/\\\/alice.ch\\\/de\\\/themen\\\/digitalisierung-in-der-weiterbildung\\\/digitales-lernen\\\/#primaryimage\"},\"image\":{\"@id\":\"https:\\\/\\\/alice.ch\\\/de\\\/themen\\\/digitalisierung-in-der-weiterbildung\\\/digitales-lernen\\\/#primaryimage\"},\"thumbnailUrl\":\"https:\\\/\\\/alice.ch\\\/app\\\/uploads\\\/2022\\\/11\\\/default.jpg\",\"datePublished\":\"2022-08-16T14:22:11+00:00\",\"dateModified\":\"2023-12-01T14:50:53+00:00\",\"description\":\"Informationen zu den Herausforderungen des digitalen Lernens: Einstieg ins digitale Lernen, digitale Werkzeuge und Datensicherheit\",\"breadcrumb\":{\"@id\":\"https:\\\/\\\/alice.ch\\\/de\\\/themen\\\/digitalisierung-in-der-weiterbildung\\\/digitales-lernen\\\/#breadcrumb\"},\"inLanguage\":\"de\",\"potentialAction\":[{\"@type\":\"ReadAction\",\"target\":[\"https:\\\/\\\/alice.ch\\\/de\\\/themen\\\/digitalisierung-in-der-weiterbildung\\\/digitales-lernen\\\/\"]}]},{\"@type\":\"ImageObject\",\"inLanguage\":\"de\",\"@id\":\"https:\\\/\\\/alice.ch\\\/de\\\/themen\\\/digitalisierung-in-der-weiterbildung\\\/digitales-lernen\\\/#primaryimage\",\"url\":\"https:\\\/\\\/alice.ch\\\/app\\\/uploads\\\/2022\\\/11\\\/default.jpg\",\"contentUrl\":\"https:\\\/\\\/alice.ch\\\/app\\\/uploads\\\/2022\\\/11\\\/default.jpg\",\"width\":1600,\"height\":900},{\"@type\":\"BreadcrumbList\",\"@id\":\"https:\\\/\\\/alice.ch\\\/de\\\/themen\\\/digitalisierung-in-der-weiterbildung\\\/digitales-lernen\\\/#breadcrumb\",\"itemListElement\":[{\"@type\":\"ListItem\",\"position\":1,\"name\":\"Startseite\",\"item\":\"https:\\\/\\\/alice.ch\\\/de\\\/\"},{\"@type\":\"ListItem\",\"position\":2,\"name\":\"Themen\",\"item\":\"https:\\\/\\\/alice.ch\\\/de\\\/themen\\\/\"},{\"@type\":\"ListItem\",\"position\":3,\"name\":\"Digitalisierung in der Weiterbildung\",\"item\":\"https:\\\/\\\/alice.ch\\\/de\\\/themen\\\/digitalisierung-in-der-weiterbildung\\\/\"},{\"@type\":\"ListItem\",\"position\":4,\"name\":\"Digitales Lernen\"}]},{\"@type\":\"WebSite\",\"@id\":\"https:\\\/\\\/alice.ch\\\/de\\\/#website\",\"url\":\"https:\\\/\\\/alice.ch\\\/de\\\/\",\"name\":\"alice.ch (Adult Learning Information Center) ist das Portal der Weiterbildung in der Schweiz.\",\"description\":\"Schweizerischer Verband f\u00fcr Weiterbildung\",\"publisher\":{\"@id\":\"https:\\\/\\\/alice.ch\\\/de\\\/#organization\"},\"potentialAction\":[{\"@type\":\"SearchAction\",\"target\":{\"@type\":\"EntryPoint\",\"urlTemplate\":\"https:\\\/\\\/alice.ch\\\/de\\\/?s={search_term_string}\"},\"query-input\":{\"@type\":\"PropertyValueSpecification\",\"valueRequired\":true,\"valueName\":\"search_term_string\"}}],\"inLanguage\":\"de\"},{\"@type\":\"Organization\",\"@id\":\"https:\\\/\\\/alice.ch\\\/de\\\/#organization\",\"name\":\"SVEB Schweizerischer Verband f\u00fcr Weiterbildung\",\"url\":\"https:\\\/\\\/alice.ch\\\/de\\\/\",\"logo\":{\"@type\":\"ImageObject\",\"inLanguage\":\"de\",\"@id\":\"https:\\\/\\\/alice.ch\\\/de\\\/#\\\/schema\\\/logo\\\/image\\\/\",\"url\":\"https:\\\/\\\/alice.ch\\\/app\\\/uploads\\\/2022\\\/07\\\/logo-sveb.png\",\"contentUrl\":\"https:\\\/\\\/alice.ch\\\/app\\\/uploads\\\/2022\\\/07\\\/logo-sveb.png\",\"width\":145,\"height\":64,\"caption\":\"SVEB Schweizerischer Verband f\u00fcr Weiterbildung\"},\"image\":{\"@id\":\"https:\\\/\\\/alice.ch\\\/de\\\/#\\\/schema\\\/logo\\\/image\\\/\"},\"sameAs\":[\"https:\\\/\\\/www.linkedin.com\\\/company\\\/schweizerischer-verband-fr-weiterbildung-sveb\\\/\"]}]}<\/script>\n<!-- \/ Yoast SEO plugin. -->","yoast_head_json":{"title":"Digitales Lernen - SVEB","description":"Informationen zu den Herausforderungen des digitalen Lernens: Einstieg ins digitale Lernen, digitale Werkzeuge und Datensicherheit","robots":{"index":"index","follow":"follow","max-snippet":"max-snippet:-1","max-image-preview":"max-image-preview:large","max-video-preview":"max-video-preview:-1"},"canonical":"https:\/\/alice.ch\/de\/themen\/digitalisierung-in-der-weiterbildung\/digitales-lernen\/","og_locale":"de_DE","og_type":"article","og_title":"Digitales Lernen - SVEB","og_description":"Informationen zu den Herausforderungen des digitalen Lernens: Einstieg ins digitale Lernen, digitale Werkzeuge und Datensicherheit","og_url":"https:\/\/alice.ch\/de\/themen\/digitalisierung-in-der-weiterbildung\/digitales-lernen\/","og_site_name":"SVEB","article_modified_time":"2023-12-01T14:50:53+00:00","og_image":[{"url":"https:\/\/alice.ch\/app\/uploads\/2022\/10\/icon-einstieg.png","type":"","width":"","height":""}],"twitter_card":"summary_large_image","twitter_misc":{"Gesch\u00e4tzte Lesezeit":"2\u00a0Minuten"},"schema":{"@context":"https:\/\/schema.org","@graph":[{"@type":"WebPage","@id":"https:\/\/alice.ch\/de\/themen\/digitalisierung-in-der-weiterbildung\/digitales-lernen\/","url":"https:\/\/alice.ch\/de\/themen\/digitalisierung-in-der-weiterbildung\/digitales-lernen\/","name":"Digitales Lernen - SVEB","isPartOf":{"@id":"https:\/\/alice.ch\/de\/#website"},"primaryImageOfPage":{"@id":"https:\/\/alice.ch\/de\/themen\/digitalisierung-in-der-weiterbildung\/digitales-lernen\/#primaryimage"},"image":{"@id":"https:\/\/alice.ch\/de\/themen\/digitalisierung-in-der-weiterbildung\/digitales-lernen\/#primaryimage"},"thumbnailUrl":"https:\/\/alice.ch\/app\/uploads\/2022\/11\/default.jpg","datePublished":"2022-08-16T14:22:11+00:00","dateModified":"2023-12-01T14:50:53+00:00","description":"Informationen zu den Herausforderungen des digitalen Lernens: Einstieg ins digitale Lernen, digitale Werkzeuge und Datensicherheit","breadcrumb":{"@id":"https:\/\/alice.ch\/de\/themen\/digitalisierung-in-der-weiterbildung\/digitales-lernen\/#breadcrumb"},"inLanguage":"de","potentialAction":[{"@type":"ReadAction","target":["https:\/\/alice.ch\/de\/themen\/digitalisierung-in-der-weiterbildung\/digitales-lernen\/"]}]},{"@type":"ImageObject","inLanguage":"de","@id":"https:\/\/alice.ch\/de\/themen\/digitalisierung-in-der-weiterbildung\/digitales-lernen\/#primaryimage","url":"https:\/\/alice.ch\/app\/uploads\/2022\/11\/default.jpg","contentUrl":"https:\/\/alice.ch\/app\/uploads\/2022\/11\/default.jpg","width":1600,"height":900},{"@type":"BreadcrumbList","@id":"https:\/\/alice.ch\/de\/themen\/digitalisierung-in-der-weiterbildung\/digitales-lernen\/#breadcrumb","itemListElement":[{"@type":"ListItem","position":1,"name":"Startseite","item":"https:\/\/alice.ch\/de\/"},{"@type":"ListItem","position":2,"name":"Themen","item":"https:\/\/alice.ch\/de\/themen\/"},{"@type":"ListItem","position":3,"name":"Digitalisierung in der Weiterbildung","item":"https:\/\/alice.ch\/de\/themen\/digitalisierung-in-der-weiterbildung\/"},{"@type":"ListItem","position":4,"name":"Digitales Lernen"}]},{"@type":"WebSite","@id":"https:\/\/alice.ch\/de\/#website","url":"https:\/\/alice.ch\/de\/","name":"alice.ch (Adult Learning Information Center) ist das Portal der Weiterbildung in der Schweiz.","description":"Schweizerischer Verband f\u00fcr Weiterbildung","publisher":{"@id":"https:\/\/alice.ch\/de\/#organization"},"potentialAction":[{"@type":"SearchAction","target":{"@type":"EntryPoint","urlTemplate":"https:\/\/alice.ch\/de\/?s={search_term_string}"},"query-input":{"@type":"PropertyValueSpecification","valueRequired":true,"valueName":"search_term_string"}}],"inLanguage":"de"},{"@type":"Organization","@id":"https:\/\/alice.ch\/de\/#organization","name":"SVEB Schweizerischer Verband f\u00fcr Weiterbildung","url":"https:\/\/alice.ch\/de\/","logo":{"@type":"ImageObject","inLanguage":"de","@id":"https:\/\/alice.ch\/de\/#\/schema\/logo\/image\/","url":"https:\/\/alice.ch\/app\/uploads\/2022\/07\/logo-sveb.png","contentUrl":"https:\/\/alice.ch\/app\/uploads\/2022\/07\/logo-sveb.png","width":145,"height":64,"caption":"SVEB Schweizerischer Verband f\u00fcr Weiterbildung"},"image":{"@id":"https:\/\/alice.ch\/de\/#\/schema\/logo\/image\/"},"sameAs":["https:\/\/www.linkedin.com\/company\/schweizerischer-verband-fr-weiterbildung-sveb\/"]}]}},"_links":{"self":[{"href":"https:\/\/alice.ch\/de\/wp-json\/wp\/v2\/pages\/378","targetHints":{"allow":["GET"]}}],"collection":[{"href":"https:\/\/alice.ch\/de\/wp-json\/wp\/v2\/pages"}],"about":[{"href":"https:\/\/alice.ch\/de\/wp-json\/wp\/v2\/types\/page"}],"author":[{"embeddable":true,"href":"https:\/\/alice.ch\/de\/wp-json\/wp\/v2\/users\/2"}],"replies":[{"embeddable":true,"href":"https:\/\/alice.ch\/de\/wp-json\/wp\/v2\/comments?post=378"}],"version-history":[{"count":31,"href":"https:\/\/alice.ch\/de\/wp-json\/wp\/v2\/pages\/378\/revisions"}],"predecessor-version":[{"id":56308,"href":"https:\/\/alice.ch\/de\/wp-json\/wp\/v2\/pages\/378\/revisions\/56308"}],"up":[{"embeddable":true,"href":"https:\/\/alice.ch\/de\/wp-json\/wp\/v2\/pages\/344"}],"wp:featuredmedia":[{"embeddable":true,"href":"https:\/\/alice.ch\/de\/wp-json\/wp\/v2\/media\/20799"}],"wp:attachment":[{"href":"https:\/\/alice.ch\/de\/wp-json\/wp\/v2\/media?parent=378"}],"curies":[{"name":"wp","href":"https:\/\/api.w.org\/{rel}","templated":true}]}}