{"id":383,"date":"2022-08-16T16:23:05","date_gmt":"2022-08-16T14:23:05","guid":{"rendered":"https:\/\/projects.atxeit.ch\/sveb\/?page_id=383"},"modified":"2023-12-27T14:33:09","modified_gmt":"2023-12-27T13:33:09","slug":"geschaeftsstellen-standorte","status":"publish","type":"page","link":"https:\/\/alice.ch\/de\/sveb\/geschaeftsstellen-standorte\/","title":{"rendered":"Gesch\u00e4ftsstellen &amp; Standorte"},"content":{"rendered":"\n<div class=\"wp-block-group is-style-reduced-width is-layout-flow wp-block-group-is-layout-flow\">\n<h1 class=\"wp-block-heading\">Gesch\u00e4ftsstellen &amp; Standorte \u2013 in drei Sprachregionen vertreten<\/h1>\n\n\n\n<p class=\"is-style-lead\">Als gesamtschweizerischer Dachverband der Weiterbildung f\u00fchrt der SVEB Gesch\u00e4ftsstellen in Z\u00fcrich, Lausanne und Lugano.<\/p>\n\n\n\n<p class=\"is-style-default\">Unsere nationale Gesch\u00e4ftsstelle hat ihren Sitz in Z\u00fcrich. Das Sekretariat FSEA romande ist in Lausanne situiert, das Sekretariat der italienischen Schweiz in Lugano.<\/p>\n\n\n\n<h2 class=\"wp-block-heading\">Nationale Gesch\u00e4ftsstelle Z\u00fcrich<\/h2>\n\n\n\n<p>In der Gesch\u00e4ftsstelle in Z\u00fcrich stehen sowohl Interessenvertretung und bildungspolitische Fragen als auch die fachliche Arbeit im Zentrum. Hier sind auch die nationalen Gesch\u00e4ftsstellen Ausbildung der Ausbildenden und eduQua angesiedelt.&nbsp;<\/p>\n\n\n\n<p>Die rund 25 Mitarbeitenden betreuen nationale und internationale Projekte, bauen Netzwerke auf, stellen Dienstleistungen f\u00fcr die Mitglieder bereit und entwickeln Konzepte, Studien oder neue Wege f\u00fcr die F\u00f6rderung der Weiterbildung. Thematisch ist die nationale Gesch\u00e4ftsstelle breit aufgestellt. Professionalisierung, Qualit\u00e4t und Grundkompetenzen sind drei zentrale Themen. Wichtig ist ausserdem die Aufgabe, die Entwicklung der Weiterbildung auf nationaler und internationaler Ebene zu verfolgen und Fachwissen oder Forschungsresultate \u00f6ffentlich zug\u00e4nglich zu machen.<\/p>\n\n\n\n<h2 class=\"wp-block-heading\">FSEA romande<\/h2>\n\n\n\n<p>In der Westschweiz ist das sprachregionale Sekretariat des SVEB in den gleichen Feldern t\u00e4tig wie die nationale Gesch\u00e4ftsstelle. Zus\u00e4tzlich ist die FSEA Romande auch in der Region aktiv. Zu den grossen St\u00e4rken des sprachregionalen Sekretariats geh\u00f6rt die Vernetzung: So hat die FSEA in den letzten Jahren zwei regionale Netzwerke aufgebaut, die inzwischen zu wichtigen Akteuren der Weiterbildung in der Westschweiz geworden sind: Ein Netzwerk f\u00fcr Ausbildende und ein Netzwerk f\u00fcr Fachleute im Bereich Grundkompetenzen. Ein drittes Netzwerk befindet sich im Aufbau. Dieses widmet sich dem Thema Qualit\u00e4tsentwicklung.&nbsp;<\/p>\n\n\n\n<h2 class=\"wp-block-heading\">FSEA Tessin<\/h2>\n\n\n\n<p>In der italienischen Schweiz ist der SVEB erst seit dem Jahr 2000 pr\u00e4sent. Das sprachregionale Sekretariat konnte damals dank der Unterst\u00fctzung des Kantons Tessin eingerichtet werden. Die Zusammenarbeit hat die Zeit \u00fcberdauert: Der SVEB f\u00fchrt immer noch ein gemeinsames Sekretariat mit der kantonalen Konferenz f\u00fcr Weiterbildung CFC, was f\u00fcr beide Partner zahlreiche Synergien erm\u00f6glicht.<\/p>\n\n\n\n<p>In seinen T\u00e4tigkeiten weist das Tessiner Sekretariat ein \u00e4hnliches Profil auf wie die FSEA romande: Neben nationalen und internationalen Aufgaben und Projekten engagieren sich die drei Mitarbeitenden in der italienischen Schweiz auch f\u00fcr die regionale Vernetzung.<\/p>\n\n\n\n<div class=\"wp-block-columns is-layout-flex wp-container-core-columns-is-layout-28f84493 wp-block-columns-is-layout-flex\">\n<div class=\"wp-block-column is-layout-flow wp-block-column-is-layout-flow\">\n<div class=\"wp-block-buttons is-layout-flex wp-block-buttons-is-layout-flex\">\n<div class=\"wp-block-button has-custom-width wp-block-button__width-100 is-style-outline is-style-outline--1\"><a class=\"wp-block-button__link wp-element-button\" href=\"http:\/\/www.conferenzacfc.ch\/\" target=\"_blank\" rel=\"noreferrer noopener\">www.conferenzacfc.ch<\/a><\/div>\n<\/div>\n<\/div>\n\n\n\n<div class=\"wp-block-column is-layout-flow wp-block-column-is-layout-flow\"><\/div>\n<\/div>\n\n\n\n<h2 class=\"wp-block-heading\">Standorte<\/h2>\n\n\n\n<h3 class=\"wp-block-heading\">Nationale Gesch\u00e4ftsstelle Z\u00fcrich<\/h3>\n\n\n\n<p>SVEB<br>Schweizerischer Verband f\u00fcr Weiterbildung<br>Hardstrasse 235<br>8005 Z\u00fcrich<\/p>\n\n\n\n<p>+41 (0)44 319 71 71<br><a href=\"mailto:info@alice.ch\" target=\"_blank\" rel=\"noreferrer noopener\">info@alice.ch<\/a><br><\/p>\n\n\n\n<h3 class=\"wp-block-heading\">Secr\u00e9tariat romand<\/h3>\n\n\n\n<p>FSEA<br>F\u00e9d\u00e9ration suisse pour la formation continue<br>Rue de Gen\u00e8ve 88<br>1004 Lausanne<\/p>\n\n\n\n<p>+41 (0)22 994 20 10<br><a href=\"mailto:fsea@alice.ch\" target=\"_blank\" rel=\"noreferrer noopener\">fsea@alice.ch<\/a><br><\/p>\n\n\n\n<h3 class=\"wp-block-heading\">Segretariato della Svizzera italiana<\/h3>\n\n\n\n<p>FSEA<br>Federazione svizzera per la formazione continua<br>Via Besso 84<br>6900 Lugano-Massagno<\/p>\n\n\n\n<p>+41 (0)91 950 84 16<br><a href=\"mailto:fseaticino@alice.ch\" target=\"_blank\" rel=\"noreferrer noopener\">fseaticino@alice.ch<\/a><\/p>\n\n\n\n<h2 class=\"wp-block-heading\">Kontakt<\/h2>\n\n\n\n<div class=\"wp-block-columns is-layout-flex wp-container-core-columns-is-layout-28f84493 wp-block-columns-is-layout-flex\">\n<div class=\"wp-block-column is-layout-flow wp-block-column-is-layout-flow\" style=\"flex-basis:50%\"><div class=\"contact-persons\">\n\n\t\t\t\t\t<div class=\"contact-person\">\n\t\t\t\t\tSVEB Schweizerischer Verband f\u00fcr Weiterbildung<br \/>\t\t\t\t\tNationale Gesch\u00e4ftsstelle<br \/>\t\t\t\t\t<br \/>\n\t\t\t\t\tHardstrasse 235<br \/>\r\n8005 Z\u00fcrich<br \/>\t\t\t\t\t<a href=\"tel:+41 (0)44 319 71 71\">+41 (0)44 319 71 71<\/a><br \/>\t\t\t\t\t<a href=\"mailto:info@alice.ch\">info@alice.ch<\/a><br \/>\t\t\t\t\t<\/div>\n\t\t\t\t\t<\/div>\n<\/div>\n\n\n\n<div class=\"wp-block-column is-layout-flow wp-block-column-is-layout-flow\" style=\"flex-basis:50%\"><\/div>\n<\/div>\n<\/div>\n","protected":false},"excerpt":{"rendered":"<p>Gesch\u00e4ftsstellen &amp; Standorte \u2013 in drei Sprachregionen vertreten Als gesamtschweizerischer Dachverband der Weiterbildung f\u00fchrt der SVEB Gesch\u00e4ftsstellen in Z\u00fcrich, Lausanne [&hellip;]<\/p>\n","protected":false},"author":4,"featured_media":20799,"parent":35,"menu_order":548,"comment_status":"closed","ping_status":"closed","template":"","meta":{"_acf_changed":false,"inline_featured_image":false,"footnotes":""},"class_list":["post-383","page","type-page","status-publish","has-post-thumbnail","hentry"],"acf":[],"yoast_head":"<!-- This site is optimized with the Yoast SEO plugin v27.3 - https:\/\/yoast.com\/product\/yoast-seo-wordpress\/ -->\n<title>Gesch\u00e4ftsstellen &amp; Standorte - SVEB<\/title>\n<meta name=\"description\" content=\"Als gesamtschweizerischer Dachverband der Weiterbildung f\u00fchrt der SVEB Gesch\u00e4ftsstellen in allen drei Sprachregionen.\" \/>\n<meta name=\"robots\" content=\"index, follow, max-snippet:-1, max-image-preview:large, max-video-preview:-1\" \/>\n<link rel=\"canonical\" href=\"https:\/\/alice.ch\/de\/sveb\/geschaeftsstellen-standorte\/\" \/>\n<meta property=\"og:locale\" content=\"de_DE\" \/>\n<meta property=\"og:type\" content=\"article\" \/>\n<meta property=\"og:title\" content=\"Gesch\u00e4ftsstellen &amp; Standorte - SVEB\" \/>\n<meta property=\"og:description\" content=\"Als gesamtschweizerischer Dachverband der Weiterbildung f\u00fchrt der SVEB Gesch\u00e4ftsstellen in allen drei Sprachregionen.\" \/>\n<meta property=\"og:url\" content=\"https:\/\/alice.ch\/de\/sveb\/geschaeftsstellen-standorte\/\" \/>\n<meta property=\"og:site_name\" content=\"SVEB\" \/>\n<meta property=\"article:modified_time\" content=\"2023-12-27T13:33:09+00:00\" \/>\n<meta name=\"twitter:card\" content=\"summary_large_image\" \/>\n<meta name=\"twitter:label1\" content=\"Gesch\u00e4tzte Lesezeit\" \/>\n\t<meta name=\"twitter:data1\" content=\"3\u00a0Minuten\" \/>\n<script type=\"application\/ld+json\" class=\"yoast-schema-graph\">{\"@context\":\"https:\\\/\\\/schema.org\",\"@graph\":[{\"@type\":\"WebPage\",\"@id\":\"https:\\\/\\\/alice.ch\\\/de\\\/sveb\\\/geschaeftsstellen-standorte\\\/\",\"url\":\"https:\\\/\\\/alice.ch\\\/de\\\/sveb\\\/geschaeftsstellen-standorte\\\/\",\"name\":\"Gesch\u00e4ftsstellen &amp; Standorte - SVEB\",\"isPartOf\":{\"@id\":\"https:\\\/\\\/alice.ch\\\/de\\\/#website\"},\"primaryImageOfPage\":{\"@id\":\"https:\\\/\\\/alice.ch\\\/de\\\/sveb\\\/geschaeftsstellen-standorte\\\/#primaryimage\"},\"image\":{\"@id\":\"https:\\\/\\\/alice.ch\\\/de\\\/sveb\\\/geschaeftsstellen-standorte\\\/#primaryimage\"},\"thumbnailUrl\":\"https:\\\/\\\/alice.ch\\\/app\\\/uploads\\\/2022\\\/11\\\/default.jpg\",\"datePublished\":\"2022-08-16T14:23:05+00:00\",\"dateModified\":\"2023-12-27T13:33:09+00:00\",\"description\":\"Als gesamtschweizerischer Dachverband der Weiterbildung f\u00fchrt der SVEB Gesch\u00e4ftsstellen in allen drei Sprachregionen.\",\"breadcrumb\":{\"@id\":\"https:\\\/\\\/alice.ch\\\/de\\\/sveb\\\/geschaeftsstellen-standorte\\\/#breadcrumb\"},\"inLanguage\":\"de\",\"potentialAction\":[{\"@type\":\"ReadAction\",\"target\":[\"https:\\\/\\\/alice.ch\\\/de\\\/sveb\\\/geschaeftsstellen-standorte\\\/\"]}]},{\"@type\":\"ImageObject\",\"inLanguage\":\"de\",\"@id\":\"https:\\\/\\\/alice.ch\\\/de\\\/sveb\\\/geschaeftsstellen-standorte\\\/#primaryimage\",\"url\":\"https:\\\/\\\/alice.ch\\\/app\\\/uploads\\\/2022\\\/11\\\/default.jpg\",\"contentUrl\":\"https:\\\/\\\/alice.ch\\\/app\\\/uploads\\\/2022\\\/11\\\/default.jpg\",\"width\":1600,\"height\":900},{\"@type\":\"BreadcrumbList\",\"@id\":\"https:\\\/\\\/alice.ch\\\/de\\\/sveb\\\/geschaeftsstellen-standorte\\\/#breadcrumb\",\"itemListElement\":[{\"@type\":\"ListItem\",\"position\":1,\"name\":\"Startseite\",\"item\":\"https:\\\/\\\/alice.ch\\\/de\\\/\"},{\"@type\":\"ListItem\",\"position\":2,\"name\":\"SVEB\",\"item\":\"https:\\\/\\\/alice.ch\\\/de\\\/sveb\\\/\"},{\"@type\":\"ListItem\",\"position\":3,\"name\":\"Gesch\u00e4ftsstellen &amp; Standorte\"}]},{\"@type\":\"WebSite\",\"@id\":\"https:\\\/\\\/alice.ch\\\/de\\\/#website\",\"url\":\"https:\\\/\\\/alice.ch\\\/de\\\/\",\"name\":\"alice.ch (Adult Learning Information Center) ist das Portal der Weiterbildung in der Schweiz.\",\"description\":\"Schweizerischer Verband f\u00fcr Weiterbildung\",\"publisher\":{\"@id\":\"https:\\\/\\\/alice.ch\\\/de\\\/#organization\"},\"potentialAction\":[{\"@type\":\"SearchAction\",\"target\":{\"@type\":\"EntryPoint\",\"urlTemplate\":\"https:\\\/\\\/alice.ch\\\/de\\\/?s={search_term_string}\"},\"query-input\":{\"@type\":\"PropertyValueSpecification\",\"valueRequired\":true,\"valueName\":\"search_term_string\"}}],\"inLanguage\":\"de\"},{\"@type\":\"Organization\",\"@id\":\"https:\\\/\\\/alice.ch\\\/de\\\/#organization\",\"name\":\"SVEB Schweizerischer Verband f\u00fcr Weiterbildung\",\"url\":\"https:\\\/\\\/alice.ch\\\/de\\\/\",\"logo\":{\"@type\":\"ImageObject\",\"inLanguage\":\"de\",\"@id\":\"https:\\\/\\\/alice.ch\\\/de\\\/#\\\/schema\\\/logo\\\/image\\\/\",\"url\":\"https:\\\/\\\/alice.ch\\\/app\\\/uploads\\\/2022\\\/07\\\/logo-sveb.png\",\"contentUrl\":\"https:\\\/\\\/alice.ch\\\/app\\\/uploads\\\/2022\\\/07\\\/logo-sveb.png\",\"width\":145,\"height\":64,\"caption\":\"SVEB Schweizerischer Verband f\u00fcr Weiterbildung\"},\"image\":{\"@id\":\"https:\\\/\\\/alice.ch\\\/de\\\/#\\\/schema\\\/logo\\\/image\\\/\"},\"sameAs\":[\"https:\\\/\\\/www.linkedin.com\\\/company\\\/schweizerischer-verband-fr-weiterbildung-sveb\\\/\"]}]}<\/script>\n<!-- \/ Yoast SEO plugin. -->","yoast_head_json":{"title":"Gesch\u00e4ftsstellen &amp; Standorte - SVEB","description":"Als gesamtschweizerischer Dachverband der Weiterbildung f\u00fchrt der SVEB Gesch\u00e4ftsstellen in allen drei Sprachregionen.","robots":{"index":"index","follow":"follow","max-snippet":"max-snippet:-1","max-image-preview":"max-image-preview:large","max-video-preview":"max-video-preview:-1"},"canonical":"https:\/\/alice.ch\/de\/sveb\/geschaeftsstellen-standorte\/","og_locale":"de_DE","og_type":"article","og_title":"Gesch\u00e4ftsstellen &amp; Standorte - SVEB","og_description":"Als gesamtschweizerischer Dachverband der Weiterbildung f\u00fchrt der SVEB Gesch\u00e4ftsstellen in allen drei Sprachregionen.","og_url":"https:\/\/alice.ch\/de\/sveb\/geschaeftsstellen-standorte\/","og_site_name":"SVEB","article_modified_time":"2023-12-27T13:33:09+00:00","twitter_card":"summary_large_image","twitter_misc":{"Gesch\u00e4tzte Lesezeit":"3\u00a0Minuten"},"schema":{"@context":"https:\/\/schema.org","@graph":[{"@type":"WebPage","@id":"https:\/\/alice.ch\/de\/sveb\/geschaeftsstellen-standorte\/","url":"https:\/\/alice.ch\/de\/sveb\/geschaeftsstellen-standorte\/","name":"Gesch\u00e4ftsstellen &amp; Standorte - SVEB","isPartOf":{"@id":"https:\/\/alice.ch\/de\/#website"},"primaryImageOfPage":{"@id":"https:\/\/alice.ch\/de\/sveb\/geschaeftsstellen-standorte\/#primaryimage"},"image":{"@id":"https:\/\/alice.ch\/de\/sveb\/geschaeftsstellen-standorte\/#primaryimage"},"thumbnailUrl":"https:\/\/alice.ch\/app\/uploads\/2022\/11\/default.jpg","datePublished":"2022-08-16T14:23:05+00:00","dateModified":"2023-12-27T13:33:09+00:00","description":"Als gesamtschweizerischer Dachverband der Weiterbildung f\u00fchrt der SVEB Gesch\u00e4ftsstellen in allen drei Sprachregionen.","breadcrumb":{"@id":"https:\/\/alice.ch\/de\/sveb\/geschaeftsstellen-standorte\/#breadcrumb"},"inLanguage":"de","potentialAction":[{"@type":"ReadAction","target":["https:\/\/alice.ch\/de\/sveb\/geschaeftsstellen-standorte\/"]}]},{"@type":"ImageObject","inLanguage":"de","@id":"https:\/\/alice.ch\/de\/sveb\/geschaeftsstellen-standorte\/#primaryimage","url":"https:\/\/alice.ch\/app\/uploads\/2022\/11\/default.jpg","contentUrl":"https:\/\/alice.ch\/app\/uploads\/2022\/11\/default.jpg","width":1600,"height":900},{"@type":"BreadcrumbList","@id":"https:\/\/alice.ch\/de\/sveb\/geschaeftsstellen-standorte\/#breadcrumb","itemListElement":[{"@type":"ListItem","position":1,"name":"Startseite","item":"https:\/\/alice.ch\/de\/"},{"@type":"ListItem","position":2,"name":"SVEB","item":"https:\/\/alice.ch\/de\/sveb\/"},{"@type":"ListItem","position":3,"name":"Gesch\u00e4ftsstellen &amp; Standorte"}]},{"@type":"WebSite","@id":"https:\/\/alice.ch\/de\/#website","url":"https:\/\/alice.ch\/de\/","name":"alice.ch (Adult Learning Information Center) ist das Portal der Weiterbildung in der Schweiz.","description":"Schweizerischer Verband f\u00fcr Weiterbildung","publisher":{"@id":"https:\/\/alice.ch\/de\/#organization"},"potentialAction":[{"@type":"SearchAction","target":{"@type":"EntryPoint","urlTemplate":"https:\/\/alice.ch\/de\/?s={search_term_string}"},"query-input":{"@type":"PropertyValueSpecification","valueRequired":true,"valueName":"search_term_string"}}],"inLanguage":"de"},{"@type":"Organization","@id":"https:\/\/alice.ch\/de\/#organization","name":"SVEB Schweizerischer Verband f\u00fcr Weiterbildung","url":"https:\/\/alice.ch\/de\/","logo":{"@type":"ImageObject","inLanguage":"de","@id":"https:\/\/alice.ch\/de\/#\/schema\/logo\/image\/","url":"https:\/\/alice.ch\/app\/uploads\/2022\/07\/logo-sveb.png","contentUrl":"https:\/\/alice.ch\/app\/uploads\/2022\/07\/logo-sveb.png","width":145,"height":64,"caption":"SVEB Schweizerischer Verband f\u00fcr Weiterbildung"},"image":{"@id":"https:\/\/alice.ch\/de\/#\/schema\/logo\/image\/"},"sameAs":["https:\/\/www.linkedin.com\/company\/schweizerischer-verband-fr-weiterbildung-sveb\/"]}]}},"_links":{"self":[{"href":"https:\/\/alice.ch\/de\/wp-json\/wp\/v2\/pages\/383","targetHints":{"allow":["GET"]}}],"collection":[{"href":"https:\/\/alice.ch\/de\/wp-json\/wp\/v2\/pages"}],"about":[{"href":"https:\/\/alice.ch\/de\/wp-json\/wp\/v2\/types\/page"}],"author":[{"embeddable":true,"href":"https:\/\/alice.ch\/de\/wp-json\/wp\/v2\/users\/4"}],"replies":[{"embeddable":true,"href":"https:\/\/alice.ch\/de\/wp-json\/wp\/v2\/comments?post=383"}],"version-history":[{"count":15,"href":"https:\/\/alice.ch\/de\/wp-json\/wp\/v2\/pages\/383\/revisions"}],"predecessor-version":[{"id":57091,"href":"https:\/\/alice.ch\/de\/wp-json\/wp\/v2\/pages\/383\/revisions\/57091"}],"up":[{"embeddable":true,"href":"https:\/\/alice.ch\/de\/wp-json\/wp\/v2\/pages\/35"}],"wp:featuredmedia":[{"embeddable":true,"href":"https:\/\/alice.ch\/de\/wp-json\/wp\/v2\/media\/20799"}],"wp:attachment":[{"href":"https:\/\/alice.ch\/de\/wp-json\/wp\/v2\/media?parent=383"}],"curies":[{"name":"wp","href":"https:\/\/api.w.org\/{rel}","templated":true}]}}