{"id":388,"date":"2022-08-16T16:24:11","date_gmt":"2022-08-16T14:24:11","guid":{"rendered":"https:\/\/projects.atxeit.ch\/sveb\/?page_id=388"},"modified":"2026-03-25T11:21:55","modified_gmt":"2026-03-25T10:21:55","slug":"organe","status":"publish","type":"page","link":"https:\/\/alice.ch\/de\/sveb\/ueber-den-sveb\/organe\/","title":{"rendered":"Organe"},"content":{"rendered":"\n<div class=\"wp-block-group is-style-reduced-width is-layout-flow wp-block-group-is-layout-flow\">\n<h1 class=\"wp-block-heading\">SVEB-Organe<\/h1>\n\n\n\n<p class=\"is-style-lead\">Die drei Organe des Schweizerischen Verbandes f\u00fcr Weiterbildung SVEB sind die Delegiertenversammlung, der Vorstand und das Forum romand.<\/p>\n\n\n\n<h2 class=\"wp-block-heading\">Delegiertenversammlung<\/h2>\n\n\n\n<p>Die Delegiertenversammlung ist das oberste Organ des SVEB. Die Versammlung findet j\u00e4hrlich im Mai statt. Traditionell veranstaltet der Verband im Anschluss an die DV eine Fachtagung zu einem aktuellen bildungspolitischen Thema. Die Tagung ist kostenlos und richtet sich an alle interessierten Weiterbildungsakteurinnen und -akteure.<\/p>\n\n\n\n<p>Das Forum romand ist das Reflexions- und Beratungsgremium der Westschweizer Gesch\u00e4ftsstelle des SVEB. Es versammelt die verschiedenen Akteure der Weiterbildung in der Westschweiz. Pr\u00e4sident(in) und Vizepr\u00e4sident(in) des Forums wurden anl\u00e4sslich der Delegiertenversammlung des SVEB 2020 als Mitglieder des SVEB-Vorstands vorgeschlagen.<\/p>\n\n\n\n<div class=\"wp-block-buttons is-layout-flex wp-block-buttons-is-layout-flex\">\n<div class=\"wp-block-button has-custom-width wp-block-button__width-50 is-style-outline is-style-outline--1\"><a class=\"wp-block-button__link wp-element-button\" href=\"https:\/\/alice.ch\/de\/sveb\/ueber-den-sveb\/organe\/forum-romand\/\">Forum romand<\/a><\/div>\n<\/div>\n\n\n\n<h2 class=\"wp-block-heading\">Vorstandsmitglieder<\/h2>\n\n\n\n<div class=\"wp-block-columns is-layout-flex wp-container-core-columns-is-layout-28f84493 wp-block-columns-is-layout-flex\">\n<div class=\"wp-block-column is-layout-flow wp-block-column-is-layout-flow\" style=\"flex-basis:100%\">\n<div class=\"wp-block-columns is-layout-flex wp-container-core-columns-is-layout-28f84493 wp-block-columns-is-layout-flex\">\n<div class=\"wp-block-column is-layout-flow wp-block-column-is-layout-flow\" style=\"flex-basis:20%\">\n<figure class=\"wp-block-image size-full is-resized is-style-no-border\"><img decoding=\"async\" width=\"348\" height=\"348\" src=\"https:\/\/alice.ch\/app\/uploads\/2025\/05\/Tiana-Moser-e1747379646225.jpg\" alt=\"\" class=\"wp-image-68310\" style=\"width:181px;height:auto\" srcset=\"https:\/\/alice.ch\/app\/uploads\/2025\/05\/Tiana-Moser-e1747379646225.jpg 348w, https:\/\/alice.ch\/app\/uploads\/2025\/05\/Tiana-Moser-e1747379646225-300x300.jpg 300w, https:\/\/alice.ch\/app\/uploads\/2025\/05\/Tiana-Moser-e1747379646225-150x150.jpg 150w\" sizes=\"(max-width: 348px) 100vw, 348px\" \/><\/figure>\n<\/div>\n\n\n\n<div class=\"wp-block-column is-layout-flow wp-block-column-is-layout-flow\" style=\"flex-basis:80%\">\n<p><strong>Tiana Moser<\/strong><br>Pr\u00e4sidentin SVEB<\/p>\n\n\n\n<p><a href=\"https:\/\/www.parlament.ch\/de\/biografie\/tiana-angelina-moser\/3897\" target=\"_blank\" rel=\"noreferrer noopener\">St\u00e4nder\u00e4tin<\/a><\/p>\n<\/div>\n<\/div>\n<\/div>\n<\/div>\n\n\n\n<div class=\"wp-block-columns is-layout-flex wp-container-core-columns-is-layout-28f84493 wp-block-columns-is-layout-flex\">\n<div class=\"wp-block-column is-layout-flow wp-block-column-is-layout-flow\" style=\"flex-basis:20%\">\n<figure class=\"wp-block-image size-full is-style-no-border\"><img decoding=\"async\" width=\"180\" height=\"184\" src=\"https:\/\/alice.ch\/app\/uploads\/2022\/10\/simon-franzen.jpg\" alt=\"\" class=\"wp-image-5389\" \/><\/figure>\n<\/div>\n\n\n\n<div class=\"wp-block-column is-layout-flow wp-block-column-is-layout-flow\" style=\"flex-basis:80%\">\n<p><strong>Simon Franzen<\/strong><br>Vize-Pr\u00e4sident SVEB<br>Pr\u00e4sident des&nbsp;<a href=\"https:\/\/alice.ch\/de\/sveb\/ueber-den-sveb\/organe\/forum-romand\/\">Forum romand<\/a> des SVEB<\/p>\n\n\n\n<p>Direktor des&nbsp;<a href=\"https:\/\/www.cvpc.ch\/\" target=\"_blank\" rel=\"noreferrer noopener\">Centre valaisan de perfectionnement continu<\/a>&nbsp;CVPC<\/p>\n<\/div>\n<\/div>\n\n\n\n<div class=\"wp-block-columns is-layout-flex wp-container-core-columns-is-layout-28f84493 wp-block-columns-is-layout-flex\">\n<div class=\"wp-block-column is-layout-flow wp-block-column-is-layout-flow\" style=\"flex-basis:20%\">\n<figure class=\"wp-block-image size-full is-style-no-border\"><img decoding=\"async\" width=\"180\" height=\"184\" src=\"https:\/\/alice.ch\/app\/uploads\/2022\/10\/giuliana-tedesco.png\" alt=\"\" class=\"wp-image-5397\" \/><\/figure>\n<\/div>\n\n\n\n<div class=\"wp-block-column is-layout-flow wp-block-column-is-layout-flow\" style=\"flex-basis:80%\">\n<p><strong>Giuliana Tedesco<\/strong><br>Vize-Pr\u00e4sidentin SVEB<br>Vertreterin der&nbsp;<a href=\"https:\/\/www.ecap.ch\/\" target=\"_blank\" rel=\"noreferrer noopener\">Stiftung ECAP<\/a>&nbsp;f\u00fcr Bildung und Partizipation<\/p>\n\n\n\n<p>Stv. Gesch\u00e4ftsleiterin ECAP<\/p>\n<\/div>\n<\/div>\n\n\n\n<div class=\"wp-block-columns is-layout-flex wp-container-core-columns-is-layout-28f84493 wp-block-columns-is-layout-flex\">\n<div class=\"wp-block-column is-layout-flow wp-block-column-is-layout-flow\" style=\"flex-basis:20%\">\n<figure class=\"wp-block-image size-full is-style-no-border\"><img decoding=\"async\" width=\"180\" height=\"184\" src=\"https:\/\/alice.ch\/app\/uploads\/2023\/05\/melinda-bangerter.jpg\" alt=\"\" class=\"wp-image-49436\" \/><\/figure>\n<\/div>\n\n\n\n<div class=\"wp-block-column is-layout-flow wp-block-column-is-layout-flow\" style=\"flex-basis:80%\">\n<p><strong>Melinda Bangerter<\/strong><br>Leiterin Bildung <a href=\"https:\/\/www.kfmv.ch\/\" target=\"_blank\" rel=\"noreferrer noopener\">Kaufm\u00e4nnischer Verband Schweiz<\/a><\/p>\n\n\n\n<p><\/p>\n<\/div>\n<\/div>\n\n\n\n<div class=\"wp-block-columns is-layout-flex wp-container-core-columns-is-layout-28f84493 wp-block-columns-is-layout-flex\">\n<div class=\"wp-block-column is-layout-flow wp-block-column-is-layout-flow\" style=\"flex-basis:20%\">\n<figure class=\"wp-block-image size-full is-style-no-border\"><img decoding=\"async\" width=\"180\" height=\"184\" src=\"https:\/\/alice.ch\/app\/uploads\/2022\/10\/sandra-bissig.jpg\" alt=\"\" class=\"wp-image-5353\" \/><\/figure>\n<\/div>\n\n\n\n<div class=\"wp-block-column is-layout-flow wp-block-column-is-layout-flow\" style=\"flex-basis:80%\">\n<p><strong>Sandra Bissig<\/strong><br>Vizepr\u00e4sidentin&nbsp;des&nbsp;<a href=\"https:\/\/alice.ch\/de\/sveb\/ueber-den-sveb\/organe\/forum-romand\/\">Forum romand<\/a> des SVEB<\/p>\n\n\n\n<p>Ausbildungsleiterin beim&nbsp;<a href=\"https:\/\/www.cip-tramelan.ch\/\" target=\"_blank\" rel=\"noreferrer noopener\">Centre interr\u00e9gional de perfectionnement CIP Tramelan<\/a><\/p>\n<\/div>\n<\/div>\n\n\n\n<div class=\"wp-block-columns is-layout-flex wp-container-core-columns-is-layout-28f84493 wp-block-columns-is-layout-flex\">\n<div class=\"wp-block-column is-layout-flow wp-block-column-is-layout-flow\" style=\"flex-basis:20%\">\n<figure class=\"wp-block-image size-full is-style-no-border\"><img decoding=\"async\" width=\"180\" height=\"184\" src=\"https:\/\/alice.ch\/app\/uploads\/2022\/10\/daniel-carron.jpg\" alt=\"\" class=\"wp-image-5361\" \/><\/figure>\n<\/div>\n\n\n\n<div class=\"wp-block-column is-layout-flow wp-block-column-is-layout-flow\" style=\"flex-basis:80%\">\n<p><strong>Daniel Carron<\/strong><br>Vertreter der&nbsp;<a href=\"https:\/\/www.arfor.ch\/\" target=\"_blank\" rel=\"noreferrer noopener\">Association Romande des Formateurs<\/a>&nbsp;(ARFOR)&nbsp;<\/p>\n\n\n\n<p>Ausbildungsspezialist im Bereich \u00abAusbildungssysteme und Management\u00bb<\/p>\n\n\n\n<p>Vertreter Mitglieder Kat. 3<\/p>\n<\/div>\n<\/div>\n\n\n\n<div class=\"wp-block-columns is-layout-flex wp-container-core-columns-is-layout-28f84493 wp-block-columns-is-layout-flex\">\n<div class=\"wp-block-column is-layout-flow wp-block-column-is-layout-flow\" style=\"flex-basis:20%\">\n<figure class=\"wp-block-image size-full is-style-no-border\"><img decoding=\"async\" width=\"180\" height=\"183\" src=\"https:\/\/alice.ch\/app\/uploads\/2022\/10\/nicole-cornu.jpg\" alt=\"\" class=\"wp-image-5365\" \/><\/figure>\n<\/div>\n\n\n\n<div class=\"wp-block-column is-layout-flow wp-block-column-is-layout-flow\" style=\"flex-basis:80%\">\n<p><strong>Nicole Cornu<\/strong><br>Vertreterin von&nbsp;<a href=\"https:\/\/www.movendo.ch\/de\/home\" target=\"_blank\" rel=\"noreferrer noopener\">Movendo<\/a>, dem Bildungsinstitut der Gewerkschaften<\/p>\n\n\n\n<p>Zentralsekret\u00e4rin Bildungs- und Jugendpolitik,&nbsp;<a href=\"https:\/\/www.sgb.ch\/der-sgb\/wir-ueber-uns\" target=\"_blank\" rel=\"noreferrer noopener\">Schweizerischer Gewerkschaftsbund<\/a>&nbsp;SGB<\/p>\n<\/div>\n<\/div>\n\n\n\n<div class=\"wp-block-columns is-layout-flex wp-container-core-columns-is-layout-28f84493 wp-block-columns-is-layout-flex\">\n<div class=\"wp-block-column is-layout-flow wp-block-column-is-layout-flow\" style=\"flex-basis:20%\">\n<figure class=\"wp-block-image size-full is-style-no-border\"><img decoding=\"async\" width=\"180\" height=\"184\" src=\"https:\/\/alice.ch\/app\/uploads\/2022\/10\/maja-huber.jpg\" alt=\"\" class=\"wp-image-5373\" \/><\/figure>\n<\/div>\n\n\n\n<div class=\"wp-block-column is-layout-flow wp-block-column-is-layout-flow\" style=\"flex-basis:80%\">\n<p><strong>Maja Huber<\/strong><br>Co-Pr\u00e4sidentin der\u00a0<a href=\"https:\/\/www.edk.ch\/de\/themen\/berufsbildung\/swbk\">Schweizerische Weiterbildungskonferenz (SWBK)<\/a><\/p>\n\n\n\n<p>ex officio<\/p>\n<\/div>\n<\/div>\n\n\n\n<div class=\"wp-block-columns is-layout-flex wp-container-core-columns-is-layout-28f84493 wp-block-columns-is-layout-flex\">\n<div class=\"wp-block-column is-layout-flow wp-block-column-is-layout-flow\" style=\"flex-basis:20%\">\n<figure class=\"wp-block-image size-full is-resized is-style-no-border\"><img decoding=\"async\" width=\"324\" height=\"324\" src=\"https:\/\/alice.ch\/app\/uploads\/2025\/05\/Simone-Kamm-e1747379993798.jpg\" alt=\"\" class=\"wp-image-68314\" style=\"width:179px;height:auto\" srcset=\"https:\/\/alice.ch\/app\/uploads\/2025\/05\/Simone-Kamm-e1747379993798.jpg 324w, https:\/\/alice.ch\/app\/uploads\/2025\/05\/Simone-Kamm-e1747379993798-300x300.jpg 300w, https:\/\/alice.ch\/app\/uploads\/2025\/05\/Simone-Kamm-e1747379993798-150x150.jpg 150w\" sizes=\"(max-width: 324px) 100vw, 324px\" \/><\/figure>\n<\/div>\n\n\n\n<div class=\"wp-block-column is-layout-flow wp-block-column-is-layout-flow\" style=\"flex-basis:80%\">\n<p><strong>Simone Kamm<\/strong><br>Vertreterin der <a href=\"https:\/\/www.kalaidos.ch\/de-CH\/Bildungsgruppe\/Bildungspolitik\" target=\"_blank\" rel=\"noreferrer noopener\">Kalaidos Bildungsgruppe<\/a><\/p>\n\n\n\n<p>Mitglied der Gesch\u00e4ftsleitung bei&nbsp;<a href=\"https:\/\/www.akad.ch\/\" target=\"_blank\" rel=\"noreferrer noopener\">AKAD<\/a><\/p>\n<\/div>\n<\/div>\n\n\n\n<div class=\"wp-block-columns is-layout-flex wp-container-core-columns-is-layout-28f84493 wp-block-columns-is-layout-flex\">\n<div class=\"wp-block-column is-layout-flow wp-block-column-is-layout-flow\" style=\"flex-basis:20%\">\n<figure class=\"wp-block-image size-full is-style-no-border\"><img decoding=\"async\" width=\"180\" height=\"184\" src=\"https:\/\/alice.ch\/app\/uploads\/2022\/10\/pius-knuesel.jpg\" alt=\"\" class=\"wp-image-5377\" \/><\/figure>\n<\/div>\n\n\n\n<div class=\"wp-block-column is-layout-flow wp-block-column-is-layout-flow\" style=\"flex-basis:80%\">\n<p><strong>Pius Kn\u00fcsel<\/strong><br>Pr\u00e4sident&nbsp;<a href=\"https:\/\/www.up-vhs.ch\/de\/verband\/\" target=\"_blank\" rel=\"noreferrer noopener\">Verband der Schweizerischen Volkshochschulen<\/a> (VSV)<\/p>\n<\/div>\n<\/div>\n\n\n\n<div class=\"wp-block-columns is-layout-flex wp-container-core-columns-is-layout-28f84493 wp-block-columns-is-layout-flex\">\n<div class=\"wp-block-column is-layout-flow wp-block-column-is-layout-flow\" style=\"flex-basis:20%\">\n<figure class=\"wp-block-image size-full is-style-no-border\"><img decoding=\"async\" width=\"180\" height=\"184\" src=\"https:\/\/alice.ch\/app\/uploads\/2022\/10\/paolo-ortelli.jpg\" alt=\"\" class=\"wp-image-5385\" \/><\/figure>\n<\/div>\n\n\n\n<div class=\"wp-block-column is-layout-flow wp-block-column-is-layout-flow\" style=\"flex-basis:80%\">\n<p><strong>Paolo Ortelli<\/strong><br>Vertreter der&nbsp;<a href=\"http:\/\/www.conferenzacfc.ch\/\" target=\"_blank\" rel=\"noreferrer noopener\">Conferenza della Svizzera italiana per la formazione continua degli adulti<\/a>&nbsp;CFC<\/p>\n\n\n\n<p>Pr\u00e4sident CFC<\/p>\n<\/div>\n<\/div>\n\n\n\n<div class=\"wp-block-columns is-layout-flex wp-container-core-columns-is-layout-28f84493 wp-block-columns-is-layout-flex\">\n<div class=\"wp-block-column is-layout-flow wp-block-column-is-layout-flow\" style=\"flex-basis:20%\">\n<figure class=\"wp-block-image size-full is-resized is-style-no-border\"><img decoding=\"async\" width=\"194\" height=\"194\" src=\"https:\/\/alice.ch\/app\/uploads\/2025\/05\/Reto-Schnellmann-e1747380362603.jpg\" alt=\"\" class=\"wp-image-68318\" style=\"width:179px;height:auto\" srcset=\"https:\/\/alice.ch\/app\/uploads\/2025\/05\/Reto-Schnellmann-e1747380362603.jpg 194w, https:\/\/alice.ch\/app\/uploads\/2025\/05\/Reto-Schnellmann-e1747380362603-150x150.jpg 150w\" sizes=\"(max-width: 194px) 100vw, 194px\" \/><\/figure>\n<\/div>\n\n\n\n<div class=\"wp-block-column is-layout-flow wp-block-column-is-layout-flow\" style=\"flex-basis:80%\">\n<p><strong>Reto Schnellmann<\/strong><br>Vertreter der&nbsp;<a href=\"https:\/\/www.miduca.ch\/\" target=\"_blank\" rel=\"noreferrer noopener\">Miduca AG<\/a><\/p>\n\n\n\n<p>CEO Miduca AG<\/p>\n<\/div>\n<\/div>\n\n\n\n<h2 class=\"wp-block-heading\">Weitere Informationen<\/h2>\n\n\n\n<div class=\"wp-block-columns is-layout-flex wp-container-core-columns-is-layout-28f84493 wp-block-columns-is-layout-flex\">\n<div class=\"wp-block-column is-layout-flow wp-block-column-is-layout-flow\" style=\"flex-basis:50%\">\n<div class=\"wp-block-buttons is-layout-flex wp-block-buttons-is-layout-flex\">\n<div class=\"wp-block-button alignleft is-style-outline is-style-outline--2\"><a class=\"wp-block-button__link wp-element-button\" href=\"https:\/\/alice.ch\/de\/sveb\/ueber-den-sveb\/jahresberichte-und-dv-protokolle\/\">Protokolle der Delegiertenversammlungen und Jahresberichte<\/a><\/div>\n<\/div>\n<\/div>\n\n\n\n<div class=\"wp-block-column is-layout-flow wp-block-column-is-layout-flow\" style=\"flex-basis:50%\"><\/div>\n<\/div>\n\n\n\n<h2 class=\"wp-block-heading\">Kontakt<\/h2>\n\n\n\n<div class=\"wp-block-columns is-layout-flex wp-container-core-columns-is-layout-28f84493 wp-block-columns-is-layout-flex\">\n<div class=\"wp-block-column is-layout-flow wp-block-column-is-layout-flow\" style=\"flex-basis:50%\"><div class=\"contact-persons\">\n\n\t\t\t\t\t<div class=\"contact-person\">\n\t\t\t\t\tBernhard Gr\u00e4miger<br \/>\t\t\t\t\tDirektor<br \/>\t\t\t\t\t<br \/>\n\t\t\t\t\t\t\t\t\t\t<a href=\"tel:+41 (0)44 319 71 61\">+41 (0)44 319 71 61<\/a><br \/>\t\t\t\t\t<a href=\"mailto:bernhard.graemiger@alice.ch\">bernhard.graemiger@alice.ch<\/a><br \/>\t\t\t\t\t<\/div>\n\t\t\t\t\t<\/div>\n<\/div>\n\n\n\n<div class=\"wp-block-column is-layout-flow wp-block-column-is-layout-flow\" style=\"flex-basis:50%\"><\/div>\n<\/div>\n\n\n\n<p><\/p>\n<\/div>\n","protected":false},"excerpt":{"rendered":"<p>SVEB-Organe Die drei Organe des Schweizerischen Verbandes f\u00fcr Weiterbildung SVEB sind die Delegiertenversammlung, der Vorstand und das Forum romand. Delegiertenversammlung [&hellip;]<\/p>\n","protected":false},"author":4,"featured_media":20799,"parent":385,"menu_order":566,"comment_status":"closed","ping_status":"closed","template":"","meta":{"_acf_changed":false,"inline_featured_image":false,"footnotes":""},"class_list":["post-388","page","type-page","status-publish","has-post-thumbnail","hentry"],"acf":[],"yoast_head":"<!-- This site is optimized with the Yoast SEO plugin v27.3 - https:\/\/yoast.com\/product\/yoast-seo-wordpress\/ -->\n<title>Organe - SVEB<\/title>\n<meta name=\"description\" content=\"Die drei Organe des Schweizerischen Verbandes f\u00fcr Weiterbildung SVEB sind die Delegiertenversammlung, der Vorstand und das Forum romand.\" \/>\n<meta name=\"robots\" content=\"index, follow, max-snippet:-1, max-image-preview:large, max-video-preview:-1\" \/>\n<link rel=\"canonical\" href=\"https:\/\/alice.ch\/de\/sveb\/ueber-den-sveb\/organe\/\" \/>\n<meta property=\"og:locale\" content=\"de_DE\" \/>\n<meta property=\"og:type\" content=\"article\" \/>\n<meta property=\"og:title\" content=\"Organe - SVEB\" \/>\n<meta property=\"og:description\" content=\"Die drei Organe des Schweizerischen Verbandes f\u00fcr Weiterbildung SVEB sind die Delegiertenversammlung, der Vorstand und das Forum romand.\" \/>\n<meta property=\"og:url\" content=\"https:\/\/alice.ch\/de\/sveb\/ueber-den-sveb\/organe\/\" \/>\n<meta property=\"og:site_name\" content=\"SVEB\" \/>\n<meta property=\"article:modified_time\" content=\"2026-03-25T10:21:55+00:00\" \/>\n<meta property=\"og:image\" content=\"https:\/\/alice.ch\/app\/uploads\/2025\/05\/Tiana-Moser-e1747379646225.jpg\" \/>\n\t<meta property=\"og:image:width\" content=\"348\" \/>\n\t<meta property=\"og:image:height\" content=\"348\" \/>\n\t<meta property=\"og:image:type\" content=\"image\/jpeg\" \/>\n<meta name=\"twitter:card\" content=\"summary_large_image\" \/>\n<meta name=\"twitter:label1\" content=\"Gesch\u00e4tzte Lesezeit\" \/>\n\t<meta name=\"twitter:data1\" content=\"4\u00a0Minuten\" \/>\n<script type=\"application\/ld+json\" class=\"yoast-schema-graph\">{\"@context\":\"https:\\\/\\\/schema.org\",\"@graph\":[{\"@type\":\"WebPage\",\"@id\":\"https:\\\/\\\/alice.ch\\\/de\\\/sveb\\\/ueber-den-sveb\\\/organe\\\/\",\"url\":\"https:\\\/\\\/alice.ch\\\/de\\\/sveb\\\/ueber-den-sveb\\\/organe\\\/\",\"name\":\"Organe - SVEB\",\"isPartOf\":{\"@id\":\"https:\\\/\\\/alice.ch\\\/de\\\/#website\"},\"primaryImageOfPage\":{\"@id\":\"https:\\\/\\\/alice.ch\\\/de\\\/sveb\\\/ueber-den-sveb\\\/organe\\\/#primaryimage\"},\"image\":{\"@id\":\"https:\\\/\\\/alice.ch\\\/de\\\/sveb\\\/ueber-den-sveb\\\/organe\\\/#primaryimage\"},\"thumbnailUrl\":\"https:\\\/\\\/alice.ch\\\/app\\\/uploads\\\/2022\\\/11\\\/default.jpg\",\"datePublished\":\"2022-08-16T14:24:11+00:00\",\"dateModified\":\"2026-03-25T10:21:55+00:00\",\"description\":\"Die drei Organe des Schweizerischen Verbandes f\u00fcr Weiterbildung SVEB sind die Delegiertenversammlung, der Vorstand und das Forum romand.\",\"breadcrumb\":{\"@id\":\"https:\\\/\\\/alice.ch\\\/de\\\/sveb\\\/ueber-den-sveb\\\/organe\\\/#breadcrumb\"},\"inLanguage\":\"de\",\"potentialAction\":[{\"@type\":\"ReadAction\",\"target\":[\"https:\\\/\\\/alice.ch\\\/de\\\/sveb\\\/ueber-den-sveb\\\/organe\\\/\"]}]},{\"@type\":\"ImageObject\",\"inLanguage\":\"de\",\"@id\":\"https:\\\/\\\/alice.ch\\\/de\\\/sveb\\\/ueber-den-sveb\\\/organe\\\/#primaryimage\",\"url\":\"https:\\\/\\\/alice.ch\\\/app\\\/uploads\\\/2022\\\/11\\\/default.jpg\",\"contentUrl\":\"https:\\\/\\\/alice.ch\\\/app\\\/uploads\\\/2022\\\/11\\\/default.jpg\",\"width\":1600,\"height\":900},{\"@type\":\"BreadcrumbList\",\"@id\":\"https:\\\/\\\/alice.ch\\\/de\\\/sveb\\\/ueber-den-sveb\\\/organe\\\/#breadcrumb\",\"itemListElement\":[{\"@type\":\"ListItem\",\"position\":1,\"name\":\"Startseite\",\"item\":\"https:\\\/\\\/alice.ch\\\/de\\\/\"},{\"@type\":\"ListItem\",\"position\":2,\"name\":\"SVEB\",\"item\":\"https:\\\/\\\/alice.ch\\\/de\\\/sveb\\\/\"},{\"@type\":\"ListItem\",\"position\":3,\"name\":\"\u00dcber den SVEB\",\"item\":\"https:\\\/\\\/alice.ch\\\/de\\\/sveb\\\/ueber-den-sveb\\\/\"},{\"@type\":\"ListItem\",\"position\":4,\"name\":\"Organe\"}]},{\"@type\":\"WebSite\",\"@id\":\"https:\\\/\\\/alice.ch\\\/de\\\/#website\",\"url\":\"https:\\\/\\\/alice.ch\\\/de\\\/\",\"name\":\"alice.ch (Adult Learning Information Center) ist das Portal der Weiterbildung in der Schweiz.\",\"description\":\"Schweizerischer Verband f\u00fcr Weiterbildung\",\"publisher\":{\"@id\":\"https:\\\/\\\/alice.ch\\\/de\\\/#organization\"},\"potentialAction\":[{\"@type\":\"SearchAction\",\"target\":{\"@type\":\"EntryPoint\",\"urlTemplate\":\"https:\\\/\\\/alice.ch\\\/de\\\/?s={search_term_string}\"},\"query-input\":{\"@type\":\"PropertyValueSpecification\",\"valueRequired\":true,\"valueName\":\"search_term_string\"}}],\"inLanguage\":\"de\"},{\"@type\":\"Organization\",\"@id\":\"https:\\\/\\\/alice.ch\\\/de\\\/#organization\",\"name\":\"SVEB Schweizerischer Verband f\u00fcr Weiterbildung\",\"url\":\"https:\\\/\\\/alice.ch\\\/de\\\/\",\"logo\":{\"@type\":\"ImageObject\",\"inLanguage\":\"de\",\"@id\":\"https:\\\/\\\/alice.ch\\\/de\\\/#\\\/schema\\\/logo\\\/image\\\/\",\"url\":\"https:\\\/\\\/alice.ch\\\/app\\\/uploads\\\/2022\\\/07\\\/logo-sveb.png\",\"contentUrl\":\"https:\\\/\\\/alice.ch\\\/app\\\/uploads\\\/2022\\\/07\\\/logo-sveb.png\",\"width\":145,\"height\":64,\"caption\":\"SVEB Schweizerischer Verband f\u00fcr Weiterbildung\"},\"image\":{\"@id\":\"https:\\\/\\\/alice.ch\\\/de\\\/#\\\/schema\\\/logo\\\/image\\\/\"},\"sameAs\":[\"https:\\\/\\\/www.linkedin.com\\\/company\\\/schweizerischer-verband-fr-weiterbildung-sveb\\\/\"]}]}<\/script>\n<!-- \/ Yoast SEO plugin. -->","yoast_head_json":{"title":"Organe - SVEB","description":"Die drei Organe des Schweizerischen Verbandes f\u00fcr Weiterbildung SVEB sind die Delegiertenversammlung, der Vorstand und das Forum romand.","robots":{"index":"index","follow":"follow","max-snippet":"max-snippet:-1","max-image-preview":"max-image-preview:large","max-video-preview":"max-video-preview:-1"},"canonical":"https:\/\/alice.ch\/de\/sveb\/ueber-den-sveb\/organe\/","og_locale":"de_DE","og_type":"article","og_title":"Organe - SVEB","og_description":"Die drei Organe des Schweizerischen Verbandes f\u00fcr Weiterbildung SVEB sind die Delegiertenversammlung, der Vorstand und das Forum romand.","og_url":"https:\/\/alice.ch\/de\/sveb\/ueber-den-sveb\/organe\/","og_site_name":"SVEB","article_modified_time":"2026-03-25T10:21:55+00:00","og_image":[{"width":348,"height":348,"url":"https:\/\/alice.ch\/app\/uploads\/2025\/05\/Tiana-Moser-e1747379646225.jpg","type":"image\/jpeg"}],"twitter_card":"summary_large_image","twitter_misc":{"Gesch\u00e4tzte Lesezeit":"4\u00a0Minuten"},"schema":{"@context":"https:\/\/schema.org","@graph":[{"@type":"WebPage","@id":"https:\/\/alice.ch\/de\/sveb\/ueber-den-sveb\/organe\/","url":"https:\/\/alice.ch\/de\/sveb\/ueber-den-sveb\/organe\/","name":"Organe - SVEB","isPartOf":{"@id":"https:\/\/alice.ch\/de\/#website"},"primaryImageOfPage":{"@id":"https:\/\/alice.ch\/de\/sveb\/ueber-den-sveb\/organe\/#primaryimage"},"image":{"@id":"https:\/\/alice.ch\/de\/sveb\/ueber-den-sveb\/organe\/#primaryimage"},"thumbnailUrl":"https:\/\/alice.ch\/app\/uploads\/2022\/11\/default.jpg","datePublished":"2022-08-16T14:24:11+00:00","dateModified":"2026-03-25T10:21:55+00:00","description":"Die drei Organe des Schweizerischen Verbandes f\u00fcr Weiterbildung SVEB sind die Delegiertenversammlung, der Vorstand und das Forum romand.","breadcrumb":{"@id":"https:\/\/alice.ch\/de\/sveb\/ueber-den-sveb\/organe\/#breadcrumb"},"inLanguage":"de","potentialAction":[{"@type":"ReadAction","target":["https:\/\/alice.ch\/de\/sveb\/ueber-den-sveb\/organe\/"]}]},{"@type":"ImageObject","inLanguage":"de","@id":"https:\/\/alice.ch\/de\/sveb\/ueber-den-sveb\/organe\/#primaryimage","url":"https:\/\/alice.ch\/app\/uploads\/2022\/11\/default.jpg","contentUrl":"https:\/\/alice.ch\/app\/uploads\/2022\/11\/default.jpg","width":1600,"height":900},{"@type":"BreadcrumbList","@id":"https:\/\/alice.ch\/de\/sveb\/ueber-den-sveb\/organe\/#breadcrumb","itemListElement":[{"@type":"ListItem","position":1,"name":"Startseite","item":"https:\/\/alice.ch\/de\/"},{"@type":"ListItem","position":2,"name":"SVEB","item":"https:\/\/alice.ch\/de\/sveb\/"},{"@type":"ListItem","position":3,"name":"\u00dcber den SVEB","item":"https:\/\/alice.ch\/de\/sveb\/ueber-den-sveb\/"},{"@type":"ListItem","position":4,"name":"Organe"}]},{"@type":"WebSite","@id":"https:\/\/alice.ch\/de\/#website","url":"https:\/\/alice.ch\/de\/","name":"alice.ch (Adult Learning Information Center) ist das Portal der Weiterbildung in der Schweiz.","description":"Schweizerischer Verband f\u00fcr Weiterbildung","publisher":{"@id":"https:\/\/alice.ch\/de\/#organization"},"potentialAction":[{"@type":"SearchAction","target":{"@type":"EntryPoint","urlTemplate":"https:\/\/alice.ch\/de\/?s={search_term_string}"},"query-input":{"@type":"PropertyValueSpecification","valueRequired":true,"valueName":"search_term_string"}}],"inLanguage":"de"},{"@type":"Organization","@id":"https:\/\/alice.ch\/de\/#organization","name":"SVEB Schweizerischer Verband f\u00fcr Weiterbildung","url":"https:\/\/alice.ch\/de\/","logo":{"@type":"ImageObject","inLanguage":"de","@id":"https:\/\/alice.ch\/de\/#\/schema\/logo\/image\/","url":"https:\/\/alice.ch\/app\/uploads\/2022\/07\/logo-sveb.png","contentUrl":"https:\/\/alice.ch\/app\/uploads\/2022\/07\/logo-sveb.png","width":145,"height":64,"caption":"SVEB Schweizerischer Verband f\u00fcr Weiterbildung"},"image":{"@id":"https:\/\/alice.ch\/de\/#\/schema\/logo\/image\/"},"sameAs":["https:\/\/www.linkedin.com\/company\/schweizerischer-verband-fr-weiterbildung-sveb\/"]}]}},"_links":{"self":[{"href":"https:\/\/alice.ch\/de\/wp-json\/wp\/v2\/pages\/388","targetHints":{"allow":["GET"]}}],"collection":[{"href":"https:\/\/alice.ch\/de\/wp-json\/wp\/v2\/pages"}],"about":[{"href":"https:\/\/alice.ch\/de\/wp-json\/wp\/v2\/types\/page"}],"author":[{"embeddable":true,"href":"https:\/\/alice.ch\/de\/wp-json\/wp\/v2\/users\/4"}],"replies":[{"embeddable":true,"href":"https:\/\/alice.ch\/de\/wp-json\/wp\/v2\/comments?post=388"}],"version-history":[{"count":56,"href":"https:\/\/alice.ch\/de\/wp-json\/wp\/v2\/pages\/388\/revisions"}],"predecessor-version":[{"id":74603,"href":"https:\/\/alice.ch\/de\/wp-json\/wp\/v2\/pages\/388\/revisions\/74603"}],"up":[{"embeddable":true,"href":"https:\/\/alice.ch\/de\/wp-json\/wp\/v2\/pages\/385"}],"wp:featuredmedia":[{"embeddable":true,"href":"https:\/\/alice.ch\/de\/wp-json\/wp\/v2\/media\/20799"}],"wp:attachment":[{"href":"https:\/\/alice.ch\/de\/wp-json\/wp\/v2\/media?parent=388"}],"curies":[{"name":"wp","href":"https:\/\/api.w.org\/{rel}","templated":true}]}}