{"id":393,"date":"2022-08-16T16:24:57","date_gmt":"2022-08-16T14:24:57","guid":{"rendered":"https:\/\/projects.atxeit.ch\/sveb\/?page_id=393"},"modified":"2025-02-11T14:02:45","modified_gmt":"2025-02-11T13:02:45","slug":"geschichte","status":"publish","type":"page","link":"https:\/\/alice.ch\/de\/sveb\/ueber-den-sveb\/geschichte\/","title":{"rendered":"Geschichte"},"content":{"rendered":"\n<div class=\"wp-block-group is-style-reduced-width is-layout-flow wp-block-group-is-layout-flow\">\n<h1 class=\"wp-block-heading\">Meilensteine der SVEB-Geschichte<\/h1>\n\n\n\n<p class=\"is-style-lead\">Seit 1951 setzt sich der SVEB erfolgreich f\u00fcr die Interessen der Weiterbildung in der Schweiz ein. Die wichtigsten Eckdaten der Verbandsgeschichte im \u00dcberblick:<\/p>\n\n\n\n<p><strong>2024<\/strong>: Die neue Pr\u00fcfungsordnung f\u00fcr den eidg. Fachausweis Ausbilder\/Ausbilderin wird genehmigt, erste Durchf\u00fchrung mit 14 Kandidatinnen und Kandidaten<\/p>\n\n\n\n<p><strong>2022:<\/strong>&nbsp;Nationale Gesch\u00e4ftsstelle in Z\u00fcrich zieht nach 53 Jahren von der Oerlikonerstrasse 38 an die zentral gelegene&nbsp;<a href=\"https:\/\/alice.ch\/de\/news\/nationale-geschaeftsstelle-des-sveb-an-neuer-adresse\/\" target=\"_blank\" rel=\"noreferrer noopener\">Hardstrasse 235<\/a>&nbsp;um \/ Einf\u00fchrung von <a href=\"https:\/\/alice.ch\/de\/qualitaet\/qualitaetslabel-eduqua\/eduqua2021\/\">eduQua:2021<\/a><\/p>\n\n\n\n<p><strong>2021:<\/strong>&nbsp;Verabschiedung neue&nbsp;<a href=\"https:\/\/alice.ch\/de\/sveb\/strategie\/\">Strategie 2021\u20132024<\/a>&nbsp;und neue&nbsp;Leistungsvereinbarung mit dem SBFI<\/p>\n\n\n\n<p><strong>2020:&nbsp;<\/strong>Revisionen von&nbsp;<a href=\"https:\/\/alice.ch\/de\/qualitaet\/qualitaetslabel-eduqua\/\">eduQua<\/a>&nbsp;und&nbsp;<a href=\"https:\/\/alice.ch\/de\/professionalisierung\/erwachsenenbildung-als-beruf\/\">AdA<\/a>&nbsp;\/&nbsp;Erfolgreiches Lobbying f\u00fcr eine St\u00e4rkung der Weiterbildung in der&nbsp;<a href=\"https:\/\/www.sbfi.admin.ch\/sbfi\/de\/home\/dienstleistungen\/publikationen\/publikationsdatenbank\/s-n-2019-1\/s-n-2019-1f.html\" target=\"_blank\" rel=\"noreferrer noopener\">BFI-Botschaft 2021\u20132024<\/a><\/p>\n\n\n\n<p><strong>2019:<\/strong>&nbsp;Commission Romande wird durch das neue&nbsp;<a href=\"https:\/\/alice.ch\/de\/sveb\/ueber-den-sveb\/organe\/forum-romand\/\">Forum romand<\/a>&nbsp;ersetzt \/ Sekretariat FSEA romande zieht von Nyon nach Lausanne um \/ Start&nbsp;<a href=\"https:\/\/alice.ch\/de\/sveb\/weiterbildungspolitik\/sozialhilfe\/\">Weiterbildungsoffensive in der Sozialhilfe<\/a>&nbsp;\/ Start der Politbegleitgruppe<\/p>\n\n\n\n<p><strong>2018:<\/strong>&nbsp;50&#8217;000stes&nbsp;SVEB-Zertifikat KursleiterIn&nbsp;vergeben \/&nbsp;<a href=\"https:\/\/alice.ch\/de\/professionalisierung\/ada-baukastensystem\">AdA-Baukasten<\/a>&nbsp;wird um das Weiterbildungszertifikat \u00abLernprozesse digital unterst\u00fctzen\u00bb erweitert \/ Bund lanciert das <a href=\"https:\/\/alice.ch\/de\/themen\/grundkompetenzen\/einfach-besser-am-arbeitsplatz\/\">F\u00f6rderprogramm \u00abEinfach besser!&#8230; am Arbeitsplatz\u00bb<\/a> u. a. auf Grundlage der <a href=\"https:\/\/alice.ch\/de\/themen\/grundkompetenzen\/go-upskilling-am-arbeitsplatz\/go-modell\/\">GO-Projekte<\/a> des SVEB<\/p>\n\n\n\n<p><strong>2017:&nbsp;<\/strong>Einf\u00fchrung&nbsp;<a href=\"https:\/\/alice.ch\/de\/sveb\/weiterbildungspolitik\/weiterbildungsgesetz\/\">Weiterbildungsgesetz WeBiG<\/a>&nbsp;\/ Einf\u00fchrung Leistungsvereinbarungen mit den&nbsp;Organisationen der Weiterbildung,&nbsp;inkl. SVEB \/ Start von&nbsp;<a href=\"https:\/\/alice.ch\/de\/forschung\/think-tank-transit\/\">TRANSIT \u2013 Think Tank f\u00fcr die Weiterbildung<\/a><\/p>\n\n\n\n<p><strong>2016:&nbsp;<\/strong>10&#8217;000ster&nbsp;<a href=\"https:\/\/alice.ch\/de\/professionalisierung\/eidg-fachausweis-ausbilderin-ausbilder\/\">eidg. Fachausweis AusbildnerIn<\/a>&nbsp;vergeben \/ Letzte Durchf\u00fchrung Lernfestival \/&nbsp;Bernhard Gr\u00e4miger l\u00f6st Andr\u00e9 Schl\u00e4fli als Direktor des SVEB ab (dritter Direktor nach 48 Jahren Gesch\u00e4ftsstelle), Irena Sgier wird stv. Direktorin<\/p>\n\n\n\n<p><strong>2013:<\/strong>&nbsp;Revision&nbsp;<a href=\"https:\/\/alice.ch\/de\/qualitaet\/qualitaetslabel-eduqua\/\">eduQua<\/a><\/p>\n\n\n\n<p><strong>2012:<\/strong>&nbsp;Gr\u00fcndung der&nbsp;<a href=\"https:\/\/alice.ch\/de\/themen\/grundkompetenzen\/innovativ-foerdern\/ig-grundkompetenzen\/\">Interessengemeinschaft Grundkompetenzen<\/a><\/p>\n\n\n\n<p><strong>2010:<\/strong>&nbsp;Rekordzuwachs an neuen&nbsp;<a href=\"https:\/\/alice.ch\/de\/sveb\/mitgliedschaft\/\">SVEB-Mitgliedschaften<\/a>&nbsp;auf total 573<\/p>\n\n\n\n<p><strong>2009:&nbsp;<\/strong>SVEB publiziert seinen&nbsp;Entwurf f\u00fcr ein Weiterbildungsgesetz (Entwurf Reichenau). \/ Lernfestival wird j\u00e4hrliches Event (zuvor alle 3 Jahre). \/ Start Entwicklung&nbsp;<a href=\"https:\/\/alice.ch\/de\/themen\/grundkompetenzen\/go-upskilling-am-arbeitsplatz\/go-modell\">GO-Modell<\/a>&nbsp;(<a href=\"https:\/\/alice.ch\/de\/themen\/grundkompetenzen\/go-upskilling-am-arbeitsplatz\/\">Upskilling am Arbeitsplatz<\/a>)<\/p>\n\n\n\n<p><strong>2007:&nbsp;<\/strong>SVEB-Reorganisation, Mitarbeiterzahl steigt von 7 auf 20 (<a href=\"https:\/\/alice.ch\/de\/sveb\/ueber-den-sveb\/sveb-team\/\">SVEB-Team<\/a>) \/ Neuorganisation <a href=\"https:\/\/alice.ch\/de\/professionalisierung\/erwachsenenbildung-als-beruf\/\">Ausbildung der Ausbildenden<\/a> (<a href=\"https:\/\/alice.ch\/de\/professionalisierung\/ada-baukastensystem\/\">AdA-Baukastensystem<\/a>),&nbsp;AdA-Gesch\u00e4ftsstelle&nbsp;neu im SVEB angesiedelt \/ Zertifizierung des SVEB als&nbsp;<a href=\"https:\/\/www.investorsinpeople.com\/\" target=\"_blank\" rel=\"noreferrer noopener\">\u00abInvestor in People\u00bb<\/a> (IIP)<\/p>\n\n\n\n<p><strong>2005:&nbsp;<\/strong>Abgabe des 10&#8217;000sten SVEB-Zertifikats und des 2500sten&nbsp;<a href=\"https:\/\/alice.ch\/de\/professionalisierung\/eidg-fachausweis-ausbilderin-ausbilder\/\">Eidg. Fachausweises AusbilderIn<\/a><\/p>\n\n\n\n<p><strong>2004:<\/strong>&nbsp;Gesch\u00e4ftsstelle ModuQua nimmt Betrieb auf<\/p>\n\n\n\n<p><strong>2001:<\/strong>&nbsp;Schweizerische Vereinigung f\u00fcr Erwachsenenbildung SVEB heisst neu \u00abSchweizerischer Verband f\u00fcr Weiterbildung SVEB\u00bb<\/p>\n\n\n\n<p><strong>2000:<\/strong>&nbsp;Er\u00f6ffnung&nbsp;sprachregionales <a href=\"https:\/\/alice.ch\/de\/sveb\/geschaeftsstellen-standorte\/\">Sekretariat f\u00fcr die italienische Schweiz<\/a>&nbsp;in Lugano \/ Er\u00f6ffnung&nbsp;<a href=\"https:\/\/alice.ch\/de\/qualitaet\/qualitaetslabel-eduqua\/\">Gesch\u00e4ftsstelle eduQua<\/a><\/p>\n\n\n\n<p><strong>1999:&nbsp;<\/strong>Nach 29 Jahren und 18 Kurszyklen tritt die SVEB die Tr\u00e4gerschaft des Lehrgangs f\u00fcr Kursleitende an das Berner Seminar f\u00fcr Erwachsenenbildung ab. 2020 wird der FSEA-Lehrgang in der Romandie eingestellt.<\/p>\n\n\n\n<p><strong>1998:&nbsp;<\/strong>SVEB-Website&nbsp;<a href=\"https:\/\/alice.ch\/de\/\">www.alice.ch<\/a>&nbsp;geht in Betrieb<\/p>\n\n\n\n<p><strong>1997:&nbsp;<\/strong>Delegiertenversammlung verabschiedet die ersten&nbsp;bildungspolitischen Grunds\u00e4tze der SVEB<\/p>\n\n\n\n<p><strong>1996:&nbsp;<\/strong>Integration der SVEB-Bibliothek in das Pestalozzianum Z\u00fcrich \/ erstes Lernfestival \/ Vergabe der ersten SVEB-Zertifikate<\/p>\n\n\n\n<p><strong>1995:<\/strong>&nbsp;Erste Projektbeitr\u00e4ge des Bundesamtes f\u00fcr Bildung und Wissenschaft (BBW) an die SVEB \/ Umsetzung des SVEB-Zertifizierungsverfahrens, erste Lehrg\u00e4nge werden zertifiziert<\/p>\n\n\n\n<p><strong>1992:<\/strong>&nbsp;Erste Projektbeitr\u00e4ge des Bundesamtes f\u00fcr Berufsbildung und Technologie (BBT) an die SVEB<\/p>\n\n\n\n<p><strong>1991:<\/strong>&nbsp;Struktureller Umbau der SVEB, Anzahl institutionelle Mitglieder steigt von ca. 30 auf \u00fcber 90 \/ SVEB organisiert Europ\u00e4ischen Kongress \u00abErwachsenenbildung im k\u00fcnftigen Europa\u00bb in St. Gallen<\/p>\n\n\n\n<p><strong>1990:<\/strong>&nbsp;Verabschiedung des Entwicklungsplans f\u00fcr die 90er Jahre durch die Delegiertenversammlung<\/p>\n\n\n\n<p><strong>1988:&nbsp;<\/strong>Die SVEB erh\u00e4lt die bisher von Pro Helvetia bezahlten Betriebsbeitr\u00e4ge neu vom Bundesamt f\u00fcr Kultur (BAK). \/ Die&nbsp;<a href=\"https:\/\/www.edk.ch\/de\" target=\"_blank\" rel=\"noreferrer noopener\">Erziehungsdirektorenkonferenz<\/a>&nbsp;(EDK) erh\u00f6ht ihre Beitr\u00e4ge an die SVEB.<\/p>\n\n\n\n<p><strong>1985:&nbsp;<\/strong>Eine Redaktionskommission f\u00fcr die Zeitschrift&nbsp;\u00ab<a href=\"https:\/\/www.ep-web.ch\/de\/\" target=\"_blank\" rel=\"noreferrer noopener\">Education Permanente<\/a>\u00bb&nbsp;(EP) wird eingesetzt.<\/p>\n\n\n\n<p><strong>1977:<\/strong>&nbsp;Das Bildungsb\u00fcchlein erscheint (sp\u00e4ter:&nbsp;<a href=\"https:\/\/alice.ch\/de\/dienstleistungen\/publikationen-und-produkte\/bildungspass\/\">Bildungspass<\/a>) \/ Konzept f\u00fcr die Entwicklung der Erwachsenenbildung in der Schweiz<\/p>\n\n\n\n<p><strong>1976:&nbsp;<\/strong>Aufnahme der ersten elf assoziierten Mitglieder \/ Ersterscheinung des SVEB-Bulletins (f\u00fcnf Ausgaben pro Jahr) \/ Erste \u00abJourn\u00e9e Annuelle de l\u2019Education permanente\u00bb (JADEP) in der Westschweiz (\u00f6ffentliche Tagung)<\/p>\n\n\n\n<p><strong>1974:&nbsp;<\/strong>Publikation der \u00abVorschl\u00e4ge f\u00fcr Gesetze zur F\u00f6rderung der Erwachsenenbildung\u00bb<\/p>\n\n\n\n<p><strong>1972:<\/strong>&nbsp;Section romande beginnt Serie ihrer \u00abJourn\u00e9es r\u00e9gionales\u00bb<\/p>\n\n\n\n<p><strong>1971:&nbsp;<\/strong>Erster Betriebsbeitrag der&nbsp;<a href=\"https:\/\/www.edk.ch\/de\" target=\"_blank\" rel=\"noreferrer noopener\">Erziehungsdirektorenkonferenz<\/a>&nbsp;(EDK)<\/p>\n\n\n\n<p><strong>1970:<\/strong>&nbsp;Erster zweij\u00e4hriger Lehrgangs-Zyklus \/ Erstes bildungspolitisches Grundsatzdokument der SVEB: \u00abBildungsreform ja \u2013 aber auch f\u00fcr Erwachsene\u00bb<\/p>\n\n\n\n<p><strong>1969:&nbsp;<\/strong>Umzug der&nbsp;nationalen SVEB-Gesch\u00e4ftsstelle&nbsp;an die Oerlikonerstrasse 38, Z\u00fcrich<\/p>\n\n\n\n<p><strong>1968:<\/strong>&nbsp;Gr\u00fcndung der SVEB-Bibliothek<\/p>\n\n\n\n<p><strong>1967:<\/strong>&nbsp;Erste Beitr\u00e4ge von Pro Helvetia \/ Beitritt zum Europ\u00e4ischen Bureau f\u00fcr Erwachsenenbildung, heute&nbsp;<a href=\"https:\/\/eaea.org\/\" target=\"_blank\" rel=\"noreferrer noopener\">Europ\u00e4ischer Verband f\u00fcr Erwachsenenbildung EAEA<\/a>&nbsp;\/ Nullnummer der Zeitschrift&nbsp;<a href=\"https:\/\/www.ep-web.ch\/de\/\" target=\"_blank\" rel=\"noreferrer noopener\">\u00abEducation Permanente\u00bb<\/a>&nbsp;(EP), der einzigen Fachzeitschrift f\u00fcr Weiterbildung in der Schweiz<\/p>\n\n\n\n<p><strong>1966:<\/strong>&nbsp;Er\u00f6ffnung der Gesch\u00e4ftsstelle in den R\u00e4umen der MGB-KOST an der Beckenhofstrasse 6 \/ Finanzierung des ersten Betriebsjahres durch Coop Schweiz und den Migros-Genossenschaftsbund \/ Gr\u00fcndung der&nbsp;Section romande&nbsp;in Lausanne<\/p>\n\n\n\n<p><strong>1955:<\/strong>&nbsp;Erstes Buch \u00abErwachsenenbildung in der Schweiz\u00bb erscheint (Darstellungen der SVEB-Mitglieder)<\/p>\n\n\n\n<p><strong>1951:<\/strong>&nbsp;Gr\u00fcndungsversammlung am 31. M\u00e4rz im Restaurant Strauhof, Z\u00fcrich, acht Gr\u00fcndungsmitglieder<\/p>\n\n\n\n<p>Weitere Informationen<\/p>\n\n\n\n<div class=\"wp-block-buttons is-layout-flex wp-block-buttons-is-layout-flex\">\n<div class=\"wp-block-button has-custom-width wp-block-button__width-50 is-style-outline is-style-outline--1\"><a class=\"wp-block-button__link wp-element-button\" href=\"https:\/\/www.ep-web.ch\/de\/artikel\/geschichte-der-sveb-1951-bis-1991-von-der-vision-einer-kulturellen-erwachsenenbildung-zur-repraesentativen-vertretung-des-gesamten-bereichs\" target=\"_blank\" rel=\"noreferrer noopener\">EP 2022-2: SVEB-Geschichte 1951\u20131991<\/a><\/div>\n<\/div>\n\n\n\n<h2 class=\"wp-block-heading\">Kontakt<\/h2>\n\n\n\n<div class=\"wp-block-columns is-layout-flex wp-container-core-columns-is-layout-28f84493 wp-block-columns-is-layout-flex\">\n<div class=\"wp-block-column is-layout-flow wp-block-column-is-layout-flow\" style=\"flex-basis:50%\"><div class=\"contact-persons\">\n\n\t\t\t\t\t<div class=\"contact-person\">\n\t\t\t\t\tBernhard Gr\u00e4miger<br \/>\t\t\t\t\tDirektor<br \/>\t\t\t\t\t<br \/>\n\t\t\t\t\t\t\t\t\t\t<a href=\"tel:+41 (0)44 319 71 61\">+41 (0)44 319 71 61<\/a><br \/>\t\t\t\t\t<a href=\"mailto:bernhard.graemiger@alice.ch\">bernhard.graemiger@alice.ch<\/a><br \/>\t\t\t\t\t<\/div>\n\t\t\t\t\t<\/div>\n<\/div>\n\n\n\n<div class=\"wp-block-column is-layout-flow wp-block-column-is-layout-flow\" style=\"flex-basis:50%\"><\/div>\n<\/div>\n\n\n\n<p><\/p>\n<\/div>\n","protected":false},"excerpt":{"rendered":"<p>Meilensteine der SVEB-Geschichte Seit 1951 setzt sich der SVEB erfolgreich f\u00fcr die Interessen der Weiterbildung in der Schweiz ein. Die [&hellip;]<\/p>\n","protected":false},"author":2,"featured_media":20799,"parent":385,"menu_order":576,"comment_status":"closed","ping_status":"closed","template":"","meta":{"_acf_changed":false,"inline_featured_image":false,"footnotes":""},"class_list":["post-393","page","type-page","status-publish","has-post-thumbnail","hentry"],"acf":[],"yoast_head":"<!-- This site is optimized with the Yoast SEO plugin v27.3 - https:\/\/yoast.com\/product\/yoast-seo-wordpress\/ -->\n<title>Geschichte - SVEB<\/title>\n<meta name=\"description\" content=\"Der Schweizerische Verband f\u00fcr Weiterbildung SVEB wurde 1951 als \u00abSchweizerische Vereinigung f\u00fcr Erwachsenenbildung\u00bb in Z\u00fcrich gegr\u00fcndet.\" \/>\n<meta name=\"robots\" content=\"index, follow, max-snippet:-1, max-image-preview:large, max-video-preview:-1\" \/>\n<link rel=\"canonical\" href=\"https:\/\/alice.ch\/de\/sveb\/ueber-den-sveb\/geschichte\/\" \/>\n<meta property=\"og:locale\" content=\"de_DE\" \/>\n<meta property=\"og:type\" content=\"article\" \/>\n<meta property=\"og:title\" content=\"Geschichte - SVEB\" \/>\n<meta property=\"og:description\" content=\"Der Schweizerische Verband f\u00fcr Weiterbildung SVEB wurde 1951 als \u00abSchweizerische Vereinigung f\u00fcr Erwachsenenbildung\u00bb in Z\u00fcrich gegr\u00fcndet.\" \/>\n<meta property=\"og:url\" content=\"https:\/\/alice.ch\/de\/sveb\/ueber-den-sveb\/geschichte\/\" \/>\n<meta property=\"og:site_name\" content=\"SVEB\" \/>\n<meta property=\"article:modified_time\" content=\"2025-02-11T13:02:45+00:00\" \/>\n<meta name=\"twitter:card\" content=\"summary_large_image\" \/>\n<meta name=\"twitter:label1\" content=\"Gesch\u00e4tzte Lesezeit\" \/>\n\t<meta name=\"twitter:data1\" content=\"4\u00a0Minuten\" \/>\n<script type=\"application\/ld+json\" class=\"yoast-schema-graph\">{\"@context\":\"https:\\\/\\\/schema.org\",\"@graph\":[{\"@type\":\"WebPage\",\"@id\":\"https:\\\/\\\/alice.ch\\\/de\\\/sveb\\\/ueber-den-sveb\\\/geschichte\\\/\",\"url\":\"https:\\\/\\\/alice.ch\\\/de\\\/sveb\\\/ueber-den-sveb\\\/geschichte\\\/\",\"name\":\"Geschichte - SVEB\",\"isPartOf\":{\"@id\":\"https:\\\/\\\/alice.ch\\\/de\\\/#website\"},\"primaryImageOfPage\":{\"@id\":\"https:\\\/\\\/alice.ch\\\/de\\\/sveb\\\/ueber-den-sveb\\\/geschichte\\\/#primaryimage\"},\"image\":{\"@id\":\"https:\\\/\\\/alice.ch\\\/de\\\/sveb\\\/ueber-den-sveb\\\/geschichte\\\/#primaryimage\"},\"thumbnailUrl\":\"https:\\\/\\\/alice.ch\\\/app\\\/uploads\\\/2022\\\/11\\\/default.jpg\",\"datePublished\":\"2022-08-16T14:24:57+00:00\",\"dateModified\":\"2025-02-11T13:02:45+00:00\",\"description\":\"Der Schweizerische Verband f\u00fcr Weiterbildung SVEB wurde 1951 als \u00abSchweizerische Vereinigung f\u00fcr Erwachsenenbildung\u00bb in Z\u00fcrich gegr\u00fcndet.\",\"breadcrumb\":{\"@id\":\"https:\\\/\\\/alice.ch\\\/de\\\/sveb\\\/ueber-den-sveb\\\/geschichte\\\/#breadcrumb\"},\"inLanguage\":\"de\",\"potentialAction\":[{\"@type\":\"ReadAction\",\"target\":[\"https:\\\/\\\/alice.ch\\\/de\\\/sveb\\\/ueber-den-sveb\\\/geschichte\\\/\"]}]},{\"@type\":\"ImageObject\",\"inLanguage\":\"de\",\"@id\":\"https:\\\/\\\/alice.ch\\\/de\\\/sveb\\\/ueber-den-sveb\\\/geschichte\\\/#primaryimage\",\"url\":\"https:\\\/\\\/alice.ch\\\/app\\\/uploads\\\/2022\\\/11\\\/default.jpg\",\"contentUrl\":\"https:\\\/\\\/alice.ch\\\/app\\\/uploads\\\/2022\\\/11\\\/default.jpg\",\"width\":1600,\"height\":900},{\"@type\":\"BreadcrumbList\",\"@id\":\"https:\\\/\\\/alice.ch\\\/de\\\/sveb\\\/ueber-den-sveb\\\/geschichte\\\/#breadcrumb\",\"itemListElement\":[{\"@type\":\"ListItem\",\"position\":1,\"name\":\"Startseite\",\"item\":\"https:\\\/\\\/alice.ch\\\/de\\\/\"},{\"@type\":\"ListItem\",\"position\":2,\"name\":\"SVEB\",\"item\":\"https:\\\/\\\/alice.ch\\\/de\\\/sveb\\\/\"},{\"@type\":\"ListItem\",\"position\":3,\"name\":\"\u00dcber den SVEB\",\"item\":\"https:\\\/\\\/alice.ch\\\/de\\\/sveb\\\/ueber-den-sveb\\\/\"},{\"@type\":\"ListItem\",\"position\":4,\"name\":\"Geschichte\"}]},{\"@type\":\"WebSite\",\"@id\":\"https:\\\/\\\/alice.ch\\\/de\\\/#website\",\"url\":\"https:\\\/\\\/alice.ch\\\/de\\\/\",\"name\":\"alice.ch (Adult Learning Information Center) ist das Portal der Weiterbildung in der Schweiz.\",\"description\":\"Schweizerischer Verband f\u00fcr Weiterbildung\",\"publisher\":{\"@id\":\"https:\\\/\\\/alice.ch\\\/de\\\/#organization\"},\"potentialAction\":[{\"@type\":\"SearchAction\",\"target\":{\"@type\":\"EntryPoint\",\"urlTemplate\":\"https:\\\/\\\/alice.ch\\\/de\\\/?s={search_term_string}\"},\"query-input\":{\"@type\":\"PropertyValueSpecification\",\"valueRequired\":true,\"valueName\":\"search_term_string\"}}],\"inLanguage\":\"de\"},{\"@type\":\"Organization\",\"@id\":\"https:\\\/\\\/alice.ch\\\/de\\\/#organization\",\"name\":\"SVEB Schweizerischer Verband f\u00fcr Weiterbildung\",\"url\":\"https:\\\/\\\/alice.ch\\\/de\\\/\",\"logo\":{\"@type\":\"ImageObject\",\"inLanguage\":\"de\",\"@id\":\"https:\\\/\\\/alice.ch\\\/de\\\/#\\\/schema\\\/logo\\\/image\\\/\",\"url\":\"https:\\\/\\\/alice.ch\\\/app\\\/uploads\\\/2022\\\/07\\\/logo-sveb.png\",\"contentUrl\":\"https:\\\/\\\/alice.ch\\\/app\\\/uploads\\\/2022\\\/07\\\/logo-sveb.png\",\"width\":145,\"height\":64,\"caption\":\"SVEB Schweizerischer Verband f\u00fcr Weiterbildung\"},\"image\":{\"@id\":\"https:\\\/\\\/alice.ch\\\/de\\\/#\\\/schema\\\/logo\\\/image\\\/\"},\"sameAs\":[\"https:\\\/\\\/www.linkedin.com\\\/company\\\/schweizerischer-verband-fr-weiterbildung-sveb\\\/\"]}]}<\/script>\n<!-- \/ Yoast SEO plugin. -->","yoast_head_json":{"title":"Geschichte - SVEB","description":"Der Schweizerische Verband f\u00fcr Weiterbildung SVEB wurde 1951 als \u00abSchweizerische Vereinigung f\u00fcr Erwachsenenbildung\u00bb in Z\u00fcrich gegr\u00fcndet.","robots":{"index":"index","follow":"follow","max-snippet":"max-snippet:-1","max-image-preview":"max-image-preview:large","max-video-preview":"max-video-preview:-1"},"canonical":"https:\/\/alice.ch\/de\/sveb\/ueber-den-sveb\/geschichte\/","og_locale":"de_DE","og_type":"article","og_title":"Geschichte - SVEB","og_description":"Der Schweizerische Verband f\u00fcr Weiterbildung SVEB wurde 1951 als \u00abSchweizerische Vereinigung f\u00fcr Erwachsenenbildung\u00bb in Z\u00fcrich gegr\u00fcndet.","og_url":"https:\/\/alice.ch\/de\/sveb\/ueber-den-sveb\/geschichte\/","og_site_name":"SVEB","article_modified_time":"2025-02-11T13:02:45+00:00","twitter_card":"summary_large_image","twitter_misc":{"Gesch\u00e4tzte Lesezeit":"4\u00a0Minuten"},"schema":{"@context":"https:\/\/schema.org","@graph":[{"@type":"WebPage","@id":"https:\/\/alice.ch\/de\/sveb\/ueber-den-sveb\/geschichte\/","url":"https:\/\/alice.ch\/de\/sveb\/ueber-den-sveb\/geschichte\/","name":"Geschichte - SVEB","isPartOf":{"@id":"https:\/\/alice.ch\/de\/#website"},"primaryImageOfPage":{"@id":"https:\/\/alice.ch\/de\/sveb\/ueber-den-sveb\/geschichte\/#primaryimage"},"image":{"@id":"https:\/\/alice.ch\/de\/sveb\/ueber-den-sveb\/geschichte\/#primaryimage"},"thumbnailUrl":"https:\/\/alice.ch\/app\/uploads\/2022\/11\/default.jpg","datePublished":"2022-08-16T14:24:57+00:00","dateModified":"2025-02-11T13:02:45+00:00","description":"Der Schweizerische Verband f\u00fcr Weiterbildung SVEB wurde 1951 als \u00abSchweizerische Vereinigung f\u00fcr Erwachsenenbildung\u00bb in Z\u00fcrich gegr\u00fcndet.","breadcrumb":{"@id":"https:\/\/alice.ch\/de\/sveb\/ueber-den-sveb\/geschichte\/#breadcrumb"},"inLanguage":"de","potentialAction":[{"@type":"ReadAction","target":["https:\/\/alice.ch\/de\/sveb\/ueber-den-sveb\/geschichte\/"]}]},{"@type":"ImageObject","inLanguage":"de","@id":"https:\/\/alice.ch\/de\/sveb\/ueber-den-sveb\/geschichte\/#primaryimage","url":"https:\/\/alice.ch\/app\/uploads\/2022\/11\/default.jpg","contentUrl":"https:\/\/alice.ch\/app\/uploads\/2022\/11\/default.jpg","width":1600,"height":900},{"@type":"BreadcrumbList","@id":"https:\/\/alice.ch\/de\/sveb\/ueber-den-sveb\/geschichte\/#breadcrumb","itemListElement":[{"@type":"ListItem","position":1,"name":"Startseite","item":"https:\/\/alice.ch\/de\/"},{"@type":"ListItem","position":2,"name":"SVEB","item":"https:\/\/alice.ch\/de\/sveb\/"},{"@type":"ListItem","position":3,"name":"\u00dcber den SVEB","item":"https:\/\/alice.ch\/de\/sveb\/ueber-den-sveb\/"},{"@type":"ListItem","position":4,"name":"Geschichte"}]},{"@type":"WebSite","@id":"https:\/\/alice.ch\/de\/#website","url":"https:\/\/alice.ch\/de\/","name":"alice.ch (Adult Learning Information Center) ist das Portal der Weiterbildung in der Schweiz.","description":"Schweizerischer Verband f\u00fcr Weiterbildung","publisher":{"@id":"https:\/\/alice.ch\/de\/#organization"},"potentialAction":[{"@type":"SearchAction","target":{"@type":"EntryPoint","urlTemplate":"https:\/\/alice.ch\/de\/?s={search_term_string}"},"query-input":{"@type":"PropertyValueSpecification","valueRequired":true,"valueName":"search_term_string"}}],"inLanguage":"de"},{"@type":"Organization","@id":"https:\/\/alice.ch\/de\/#organization","name":"SVEB Schweizerischer Verband f\u00fcr Weiterbildung","url":"https:\/\/alice.ch\/de\/","logo":{"@type":"ImageObject","inLanguage":"de","@id":"https:\/\/alice.ch\/de\/#\/schema\/logo\/image\/","url":"https:\/\/alice.ch\/app\/uploads\/2022\/07\/logo-sveb.png","contentUrl":"https:\/\/alice.ch\/app\/uploads\/2022\/07\/logo-sveb.png","width":145,"height":64,"caption":"SVEB Schweizerischer Verband f\u00fcr Weiterbildung"},"image":{"@id":"https:\/\/alice.ch\/de\/#\/schema\/logo\/image\/"},"sameAs":["https:\/\/www.linkedin.com\/company\/schweizerischer-verband-fr-weiterbildung-sveb\/"]}]}},"_links":{"self":[{"href":"https:\/\/alice.ch\/de\/wp-json\/wp\/v2\/pages\/393","targetHints":{"allow":["GET"]}}],"collection":[{"href":"https:\/\/alice.ch\/de\/wp-json\/wp\/v2\/pages"}],"about":[{"href":"https:\/\/alice.ch\/de\/wp-json\/wp\/v2\/types\/page"}],"author":[{"embeddable":true,"href":"https:\/\/alice.ch\/de\/wp-json\/wp\/v2\/users\/2"}],"replies":[{"embeddable":true,"href":"https:\/\/alice.ch\/de\/wp-json\/wp\/v2\/comments?post=393"}],"version-history":[{"count":44,"href":"https:\/\/alice.ch\/de\/wp-json\/wp\/v2\/pages\/393\/revisions"}],"predecessor-version":[{"id":66064,"href":"https:\/\/alice.ch\/de\/wp-json\/wp\/v2\/pages\/393\/revisions\/66064"}],"up":[{"embeddable":true,"href":"https:\/\/alice.ch\/de\/wp-json\/wp\/v2\/pages\/385"}],"wp:featuredmedia":[{"embeddable":true,"href":"https:\/\/alice.ch\/de\/wp-json\/wp\/v2\/media\/20799"}],"wp:attachment":[{"href":"https:\/\/alice.ch\/de\/wp-json\/wp\/v2\/media?parent=393"}],"curies":[{"name":"wp","href":"https:\/\/api.w.org\/{rel}","templated":true}]}}