{"id":399,"date":"2022-08-16T16:25:27","date_gmt":"2022-08-16T14:25:27","guid":{"rendered":"https:\/\/projects.atxeit.ch\/sveb\/?page_id=399"},"modified":"2023-05-16T14:26:26","modified_gmt":"2023-05-16T12:26:26","slug":"datensicherheit","status":"publish","type":"page","link":"https:\/\/alice.ch\/de\/themen\/digitalisierung-in-der-weiterbildung\/digitales-lernen\/datensicherheit\/","title":{"rendered":"Datensicherheit"},"content":{"rendered":"\n<div class=\"wp-block-group is-style-reduced-width is-layout-flow wp-block-group-is-layout-flow\">\n<h1 class=\"wp-block-heading\">Datensicherheit<\/h1>\n\n\n\n<p class=\"is-style-lead\">Die Verlagerung von Weiterbildungen ins Internet hat verschiedene Auswirkungen, die in Bezug auf Datensicherheit und Rechte bedacht werden m\u00fcssen.<\/p>\n\n\n\n<p>Einerseits gilt es insbesondere die Daten der Teilnehmenden, die im Rahmen dieser Angebote entstehen, ad\u00e4quat zu sch\u00fctzen. Andererseits m\u00fcssen Anbieter die Nutzungsrechte der Materialien, die sie daf\u00fcr benutzen, genau kennen.<\/p>\n\n\n\n<h2 class=\"wp-block-heading\">Datenschutz und Nutzung digitaler Werkzeuge<\/h2>\n\n\n\n<p>Der <a href=\"https:\/\/www.datenschutz.ch\/\" target=\"_blank\" rel=\"noreferrer noopener\">Datenschutzbeauftragte des Kantons Z\u00fcrich<\/a>&nbsp;hat w\u00e4hrend der Corona-Krise eine <a href=\"https:\/\/www.datenschutz.ch\/datenschutz-in-oeffentlichen-organen\/digitale-zusammenarbeit\" target=\"_blank\" rel=\"noreferrer noopener\">Liste mit Diensten<\/a> zusammengestellt, die w\u00e4hrend der Corona-Krise trotz Bedenken genutzt werden k\u00f6nnen. Generell gilt es gerade in der Bildung, f\u00fcr jede angewendete Applikation die AGB gr\u00fcndlich durchzulesen und die Teilnehmenden entsprechend zu informieren.<\/p>\n\n\n\n<div class=\"wp-block-columns is-layout-flex wp-container-core-columns-is-layout-28f84493 wp-block-columns-is-layout-flex\">\n<div class=\"wp-block-column is-layout-flow wp-block-column-is-layout-flow\" style=\"flex-basis:50%\">\n<figure class=\"wp-block-embed is-type-video is-provider-youtube wp-block-embed-youtube wp-embed-aspect-16-9 wp-has-aspect-ratio\"><div class=\"wp-block-embed__wrapper\">\n<iframe title=\"DigiTalk: Sicherheit in Erwachsenenbildungs-Angeboten\" width=\"500\" height=\"281\" src=\"https:\/\/www.youtube.com\/embed\/IzV_i3ofNfY?feature=oembed\" frameborder=\"0\" allow=\"accelerometer; autoplay; clipboard-write; encrypted-media; gyroscope; picture-in-picture; web-share\" referrerpolicy=\"strict-origin-when-cross-origin\" allowfullscreen><\/iframe>\n<\/div><figcaption class=\"wp-element-caption\">DigiTalk zum Thema Datensicherheit in der Weiterbildung<br>(erwachsenenbildung.at)<\/figcaption><\/figure>\n<\/div>\n\n\n\n<div class=\"wp-block-column is-layout-flow wp-block-column-is-layout-flow\" style=\"flex-basis:50%\"><\/div>\n<\/div>\n\n\n\n<div class=\"wp-block-columns is-layout-flex wp-container-core-columns-is-layout-28f84493 wp-block-columns-is-layout-flex\">\n<div class=\"wp-block-column is-layout-flow wp-block-column-is-layout-flow\" style=\"flex-basis:50%\">\n<div class=\"wp-block-buttons is-layout-flex wp-block-buttons-is-layout-flex\">\n<div class=\"wp-block-button has-custom-width wp-block-button__width-100 is-style-outline is-style-outline--1\"><a class=\"wp-block-button__link wp-element-button\" href=\"https:\/\/wb-web.de\/material\/medien\/datenschutz-was-lehrende-zum-umgang-mit-personenbezogenen-daten-in-der-digitalen-welt-wissen-mussen-1.html\" target=\"_blank\" rel=\"noreferrer noopener\">Datenschutz von personenbezogenen Daten (DIE)<\/a><\/div>\n<\/div>\n<\/div>\n\n\n\n<div class=\"wp-block-column is-layout-flow wp-block-column-is-layout-flow\" style=\"flex-basis:50%\"><\/div>\n<\/div>\n\n\n\n<h2 class=\"wp-block-heading\">Nutzungsrechte<\/h2>\n\n\n\n<p>Das Internet bietet nicht nur Plattformen und Applikationen, die digitale Lehrveranstaltungen erm\u00f6glichen, es finden sich online auch sehr viele Lernmaterialien. Unter dem Begriff Open Educational Resources (OER) sind solche Materialien summiert, die gratis und offen zur Verf\u00fcgung stehen.<\/p>\n\n\n\n<p>Im Dossier \u00abDigitalisierung in der Erwachsenenbildung\u00bb des Deutschen Instituts f\u00fcr Weiterbildung (DIE) finden Sie eine <a href=\"https:\/\/www.wb-web.de\/dossiers\/Digitalisierung-in-der-Erwachsenenbildung-1\/open-educational-resources.html\" target=\"_blank\" rel=\"noreferrer noopener\">Einf\u00fchrung<\/a> dazu, wie Sie OER finden und verwenden k\u00f6nnen. F\u00fcr andere Materialien wie etwa Bilder, die Sie in ihren Veranstaltungen verwenden, sind die Nutzungsrechte immer vorab zu pr\u00fcfen und einzuhalten.<\/p>\n\n\n\n<h2 class=\"wp-block-heading\">Kontakt<\/h2>\n\n\n\n<div class=\"wp-block-columns is-layout-flex wp-container-core-columns-is-layout-28f84493 wp-block-columns-is-layout-flex\">\n<div class=\"wp-block-column is-layout-flow wp-block-column-is-layout-flow\" style=\"flex-basis:50%\"><div class=\"contact-persons\">\n\n\t\t\t\t\t<div class=\"contact-person\">\n\t\t\t\t\tIrena Sgier<br \/>\t\t\t\t\t Stv. Direktorin, Leiterin Forschung, Entwicklung und Innovation<br \/>\t\t\t\t\t<br \/>\n\t\t\t\t\t\t\t\t\t\t<a href=\"tel:+41 (0)44 319 71 59\">+41 (0)44 319 71 59<\/a><br \/>\t\t\t\t\t<a href=\"mailto:irena.sgier@alice.ch\">irena.sgier@alice.ch<\/a><br \/>\t\t\t\t\t<\/div>\n\t\t\t\t\t<\/div>\n<\/div>\n\n\n\n<div class=\"wp-block-column is-layout-flow wp-block-column-is-layout-flow\" style=\"flex-basis:50%\"><\/div>\n<\/div>\n<\/div>\n","protected":false},"excerpt":{"rendered":"<p>Datensicherheit Die Verlagerung von Weiterbildungen ins Internet hat verschiedene Auswirkungen, die in Bezug auf Datensicherheit und Rechte bedacht werden m\u00fcssen. [&hellip;]<\/p>\n","protected":false},"author":2,"featured_media":20799,"parent":378,"menu_order":102,"comment_status":"closed","ping_status":"closed","template":"","meta":{"_acf_changed":false,"inline_featured_image":false,"footnotes":""},"class_list":["post-399","page","type-page","status-publish","has-post-thumbnail","hentry"],"acf":[],"yoast_head":"<!-- This site is optimized with the Yoast SEO plugin v27.3 - https:\/\/yoast.com\/product\/yoast-seo-wordpress\/ -->\n<title>Datensicherheit - SVEB<\/title>\n<meta name=\"description\" content=\"Die Verlagerung von Weiterbildungen ins Internet hat verschiedene Auswirkungen auf Datensicherheit und Rechte.\" \/>\n<meta name=\"robots\" content=\"index, follow, max-snippet:-1, max-image-preview:large, max-video-preview:-1\" \/>\n<link rel=\"canonical\" href=\"https:\/\/alice.ch\/de\/themen\/digitalisierung-in-der-weiterbildung\/digitales-lernen\/datensicherheit\/\" \/>\n<meta property=\"og:locale\" content=\"de_DE\" \/>\n<meta property=\"og:type\" content=\"article\" \/>\n<meta property=\"og:title\" content=\"Datensicherheit - SVEB\" \/>\n<meta property=\"og:description\" content=\"Die Verlagerung von Weiterbildungen ins Internet hat verschiedene Auswirkungen auf Datensicherheit und Rechte.\" \/>\n<meta property=\"og:url\" content=\"https:\/\/alice.ch\/de\/themen\/digitalisierung-in-der-weiterbildung\/digitales-lernen\/datensicherheit\/\" \/>\n<meta property=\"og:site_name\" content=\"SVEB\" \/>\n<meta property=\"article:modified_time\" content=\"2023-05-16T12:26:26+00:00\" \/>\n<meta name=\"twitter:card\" content=\"summary_large_image\" \/>\n<meta name=\"twitter:label1\" content=\"Gesch\u00e4tzte Lesezeit\" \/>\n\t<meta name=\"twitter:data1\" content=\"2\u00a0Minuten\" \/>\n<script type=\"application\/ld+json\" class=\"yoast-schema-graph\">{\"@context\":\"https:\\\/\\\/schema.org\",\"@graph\":[{\"@type\":\"WebPage\",\"@id\":\"https:\\\/\\\/alice.ch\\\/de\\\/themen\\\/digitalisierung-in-der-weiterbildung\\\/digitales-lernen\\\/datensicherheit\\\/\",\"url\":\"https:\\\/\\\/alice.ch\\\/de\\\/themen\\\/digitalisierung-in-der-weiterbildung\\\/digitales-lernen\\\/datensicherheit\\\/\",\"name\":\"Datensicherheit - SVEB\",\"isPartOf\":{\"@id\":\"https:\\\/\\\/alice.ch\\\/de\\\/#website\"},\"primaryImageOfPage\":{\"@id\":\"https:\\\/\\\/alice.ch\\\/de\\\/themen\\\/digitalisierung-in-der-weiterbildung\\\/digitales-lernen\\\/datensicherheit\\\/#primaryimage\"},\"image\":{\"@id\":\"https:\\\/\\\/alice.ch\\\/de\\\/themen\\\/digitalisierung-in-der-weiterbildung\\\/digitales-lernen\\\/datensicherheit\\\/#primaryimage\"},\"thumbnailUrl\":\"https:\\\/\\\/alice.ch\\\/app\\\/uploads\\\/2022\\\/11\\\/default.jpg\",\"datePublished\":\"2022-08-16T14:25:27+00:00\",\"dateModified\":\"2023-05-16T12:26:26+00:00\",\"description\":\"Die Verlagerung von Weiterbildungen ins Internet hat verschiedene Auswirkungen auf Datensicherheit und Rechte.\",\"breadcrumb\":{\"@id\":\"https:\\\/\\\/alice.ch\\\/de\\\/themen\\\/digitalisierung-in-der-weiterbildung\\\/digitales-lernen\\\/datensicherheit\\\/#breadcrumb\"},\"inLanguage\":\"de\",\"potentialAction\":[{\"@type\":\"ReadAction\",\"target\":[\"https:\\\/\\\/alice.ch\\\/de\\\/themen\\\/digitalisierung-in-der-weiterbildung\\\/digitales-lernen\\\/datensicherheit\\\/\"]}]},{\"@type\":\"ImageObject\",\"inLanguage\":\"de\",\"@id\":\"https:\\\/\\\/alice.ch\\\/de\\\/themen\\\/digitalisierung-in-der-weiterbildung\\\/digitales-lernen\\\/datensicherheit\\\/#primaryimage\",\"url\":\"https:\\\/\\\/alice.ch\\\/app\\\/uploads\\\/2022\\\/11\\\/default.jpg\",\"contentUrl\":\"https:\\\/\\\/alice.ch\\\/app\\\/uploads\\\/2022\\\/11\\\/default.jpg\",\"width\":1600,\"height\":900},{\"@type\":\"BreadcrumbList\",\"@id\":\"https:\\\/\\\/alice.ch\\\/de\\\/themen\\\/digitalisierung-in-der-weiterbildung\\\/digitales-lernen\\\/datensicherheit\\\/#breadcrumb\",\"itemListElement\":[{\"@type\":\"ListItem\",\"position\":1,\"name\":\"Startseite\",\"item\":\"https:\\\/\\\/alice.ch\\\/de\\\/\"},{\"@type\":\"ListItem\",\"position\":2,\"name\":\"Themen\",\"item\":\"https:\\\/\\\/alice.ch\\\/de\\\/themen\\\/\"},{\"@type\":\"ListItem\",\"position\":3,\"name\":\"Digitalisierung in der Weiterbildung\",\"item\":\"https:\\\/\\\/alice.ch\\\/de\\\/themen\\\/digitalisierung-in-der-weiterbildung\\\/\"},{\"@type\":\"ListItem\",\"position\":4,\"name\":\"Digitales Lernen\",\"item\":\"https:\\\/\\\/alice.ch\\\/de\\\/themen\\\/digitalisierung-in-der-weiterbildung\\\/digitales-lernen\\\/\"},{\"@type\":\"ListItem\",\"position\":5,\"name\":\"Datensicherheit\"}]},{\"@type\":\"WebSite\",\"@id\":\"https:\\\/\\\/alice.ch\\\/de\\\/#website\",\"url\":\"https:\\\/\\\/alice.ch\\\/de\\\/\",\"name\":\"alice.ch (Adult Learning Information Center) ist das Portal der Weiterbildung in der Schweiz.\",\"description\":\"Schweizerischer Verband f\u00fcr Weiterbildung\",\"publisher\":{\"@id\":\"https:\\\/\\\/alice.ch\\\/de\\\/#organization\"},\"potentialAction\":[{\"@type\":\"SearchAction\",\"target\":{\"@type\":\"EntryPoint\",\"urlTemplate\":\"https:\\\/\\\/alice.ch\\\/de\\\/?s={search_term_string}\"},\"query-input\":{\"@type\":\"PropertyValueSpecification\",\"valueRequired\":true,\"valueName\":\"search_term_string\"}}],\"inLanguage\":\"de\"},{\"@type\":\"Organization\",\"@id\":\"https:\\\/\\\/alice.ch\\\/de\\\/#organization\",\"name\":\"SVEB Schweizerischer Verband f\u00fcr Weiterbildung\",\"url\":\"https:\\\/\\\/alice.ch\\\/de\\\/\",\"logo\":{\"@type\":\"ImageObject\",\"inLanguage\":\"de\",\"@id\":\"https:\\\/\\\/alice.ch\\\/de\\\/#\\\/schema\\\/logo\\\/image\\\/\",\"url\":\"https:\\\/\\\/alice.ch\\\/app\\\/uploads\\\/2022\\\/07\\\/logo-sveb.png\",\"contentUrl\":\"https:\\\/\\\/alice.ch\\\/app\\\/uploads\\\/2022\\\/07\\\/logo-sveb.png\",\"width\":145,\"height\":64,\"caption\":\"SVEB Schweizerischer Verband f\u00fcr Weiterbildung\"},\"image\":{\"@id\":\"https:\\\/\\\/alice.ch\\\/de\\\/#\\\/schema\\\/logo\\\/image\\\/\"},\"sameAs\":[\"https:\\\/\\\/www.linkedin.com\\\/company\\\/schweizerischer-verband-fr-weiterbildung-sveb\\\/\"]}]}<\/script>\n<!-- \/ Yoast SEO plugin. -->","yoast_head_json":{"title":"Datensicherheit - SVEB","description":"Die Verlagerung von Weiterbildungen ins Internet hat verschiedene Auswirkungen auf Datensicherheit und Rechte.","robots":{"index":"index","follow":"follow","max-snippet":"max-snippet:-1","max-image-preview":"max-image-preview:large","max-video-preview":"max-video-preview:-1"},"canonical":"https:\/\/alice.ch\/de\/themen\/digitalisierung-in-der-weiterbildung\/digitales-lernen\/datensicherheit\/","og_locale":"de_DE","og_type":"article","og_title":"Datensicherheit - SVEB","og_description":"Die Verlagerung von Weiterbildungen ins Internet hat verschiedene Auswirkungen auf Datensicherheit und Rechte.","og_url":"https:\/\/alice.ch\/de\/themen\/digitalisierung-in-der-weiterbildung\/digitales-lernen\/datensicherheit\/","og_site_name":"SVEB","article_modified_time":"2023-05-16T12:26:26+00:00","twitter_card":"summary_large_image","twitter_misc":{"Gesch\u00e4tzte Lesezeit":"2\u00a0Minuten"},"schema":{"@context":"https:\/\/schema.org","@graph":[{"@type":"WebPage","@id":"https:\/\/alice.ch\/de\/themen\/digitalisierung-in-der-weiterbildung\/digitales-lernen\/datensicherheit\/","url":"https:\/\/alice.ch\/de\/themen\/digitalisierung-in-der-weiterbildung\/digitales-lernen\/datensicherheit\/","name":"Datensicherheit - SVEB","isPartOf":{"@id":"https:\/\/alice.ch\/de\/#website"},"primaryImageOfPage":{"@id":"https:\/\/alice.ch\/de\/themen\/digitalisierung-in-der-weiterbildung\/digitales-lernen\/datensicherheit\/#primaryimage"},"image":{"@id":"https:\/\/alice.ch\/de\/themen\/digitalisierung-in-der-weiterbildung\/digitales-lernen\/datensicherheit\/#primaryimage"},"thumbnailUrl":"https:\/\/alice.ch\/app\/uploads\/2022\/11\/default.jpg","datePublished":"2022-08-16T14:25:27+00:00","dateModified":"2023-05-16T12:26:26+00:00","description":"Die Verlagerung von Weiterbildungen ins Internet hat verschiedene Auswirkungen auf Datensicherheit und Rechte.","breadcrumb":{"@id":"https:\/\/alice.ch\/de\/themen\/digitalisierung-in-der-weiterbildung\/digitales-lernen\/datensicherheit\/#breadcrumb"},"inLanguage":"de","potentialAction":[{"@type":"ReadAction","target":["https:\/\/alice.ch\/de\/themen\/digitalisierung-in-der-weiterbildung\/digitales-lernen\/datensicherheit\/"]}]},{"@type":"ImageObject","inLanguage":"de","@id":"https:\/\/alice.ch\/de\/themen\/digitalisierung-in-der-weiterbildung\/digitales-lernen\/datensicherheit\/#primaryimage","url":"https:\/\/alice.ch\/app\/uploads\/2022\/11\/default.jpg","contentUrl":"https:\/\/alice.ch\/app\/uploads\/2022\/11\/default.jpg","width":1600,"height":900},{"@type":"BreadcrumbList","@id":"https:\/\/alice.ch\/de\/themen\/digitalisierung-in-der-weiterbildung\/digitales-lernen\/datensicherheit\/#breadcrumb","itemListElement":[{"@type":"ListItem","position":1,"name":"Startseite","item":"https:\/\/alice.ch\/de\/"},{"@type":"ListItem","position":2,"name":"Themen","item":"https:\/\/alice.ch\/de\/themen\/"},{"@type":"ListItem","position":3,"name":"Digitalisierung in der Weiterbildung","item":"https:\/\/alice.ch\/de\/themen\/digitalisierung-in-der-weiterbildung\/"},{"@type":"ListItem","position":4,"name":"Digitales Lernen","item":"https:\/\/alice.ch\/de\/themen\/digitalisierung-in-der-weiterbildung\/digitales-lernen\/"},{"@type":"ListItem","position":5,"name":"Datensicherheit"}]},{"@type":"WebSite","@id":"https:\/\/alice.ch\/de\/#website","url":"https:\/\/alice.ch\/de\/","name":"alice.ch (Adult Learning Information Center) ist das Portal der Weiterbildung in der Schweiz.","description":"Schweizerischer Verband f\u00fcr Weiterbildung","publisher":{"@id":"https:\/\/alice.ch\/de\/#organization"},"potentialAction":[{"@type":"SearchAction","target":{"@type":"EntryPoint","urlTemplate":"https:\/\/alice.ch\/de\/?s={search_term_string}"},"query-input":{"@type":"PropertyValueSpecification","valueRequired":true,"valueName":"search_term_string"}}],"inLanguage":"de"},{"@type":"Organization","@id":"https:\/\/alice.ch\/de\/#organization","name":"SVEB Schweizerischer Verband f\u00fcr Weiterbildung","url":"https:\/\/alice.ch\/de\/","logo":{"@type":"ImageObject","inLanguage":"de","@id":"https:\/\/alice.ch\/de\/#\/schema\/logo\/image\/","url":"https:\/\/alice.ch\/app\/uploads\/2022\/07\/logo-sveb.png","contentUrl":"https:\/\/alice.ch\/app\/uploads\/2022\/07\/logo-sveb.png","width":145,"height":64,"caption":"SVEB Schweizerischer Verband f\u00fcr Weiterbildung"},"image":{"@id":"https:\/\/alice.ch\/de\/#\/schema\/logo\/image\/"},"sameAs":["https:\/\/www.linkedin.com\/company\/schweizerischer-verband-fr-weiterbildung-sveb\/"]}]}},"_links":{"self":[{"href":"https:\/\/alice.ch\/de\/wp-json\/wp\/v2\/pages\/399","targetHints":{"allow":["GET"]}}],"collection":[{"href":"https:\/\/alice.ch\/de\/wp-json\/wp\/v2\/pages"}],"about":[{"href":"https:\/\/alice.ch\/de\/wp-json\/wp\/v2\/types\/page"}],"author":[{"embeddable":true,"href":"https:\/\/alice.ch\/de\/wp-json\/wp\/v2\/users\/2"}],"replies":[{"embeddable":true,"href":"https:\/\/alice.ch\/de\/wp-json\/wp\/v2\/comments?post=399"}],"version-history":[{"count":19,"href":"https:\/\/alice.ch\/de\/wp-json\/wp\/v2\/pages\/399\/revisions"}],"predecessor-version":[{"id":51115,"href":"https:\/\/alice.ch\/de\/wp-json\/wp\/v2\/pages\/399\/revisions\/51115"}],"up":[{"embeddable":true,"href":"https:\/\/alice.ch\/de\/wp-json\/wp\/v2\/pages\/378"}],"wp:featuredmedia":[{"embeddable":true,"href":"https:\/\/alice.ch\/de\/wp-json\/wp\/v2\/media\/20799"}],"wp:attachment":[{"href":"https:\/\/alice.ch\/de\/wp-json\/wp\/v2\/media?parent=399"}],"curies":[{"name":"wp","href":"https:\/\/api.w.org\/{rel}","templated":true}]}}