{"id":405,"date":"2022-08-16T16:26:18","date_gmt":"2022-08-16T14:26:18","guid":{"rendered":"https:\/\/projects.atxeit.ch\/sveb\/?page_id=405"},"modified":"2024-07-16T15:39:06","modified_gmt":"2024-07-16T13:39:06","slug":"netzwerke","status":"publish","type":"page","link":"https:\/\/alice.ch\/de\/themen\/weiterbildung-international\/netzwerke\/","title":{"rendered":"Netzwerke"},"content":{"rendered":"\n<div class=\"wp-block-group is-style-reduced-width is-layout-flow wp-block-group-is-layout-flow\">\n<h1 class=\"wp-block-heading\">Weltweit vernetzt<\/h1>\n\n\n\n<p class=\"is-style-lead\">Die Herausforderungen und Trends in der Weiterbildung sind keine Eigenheit des Schweizer Kontexts. Die Weiterbildungsakteure aus Europa und dem Rest der Welt besch\u00e4ftigen sich mit \u00e4hnlichen Herausforderungen und Fragestellungen. Der SVEB arbeitet deshalb in verschiedenen internationalen Netzwerken und Verb\u00e4nden aktiv mit.<\/p>\n\n\n\n<h2 class=\"wp-block-heading\">Europ\u00e4ischer Verband f\u00fcr Erwachsenenbildung (EAEA)&nbsp;<\/h2>\n\n\n\n<p>Der&nbsp;<a href=\"http:\/\/www.eaea.org\/de\/\" target=\"_blank\" rel=\"noreferrer noopener\">EAEA<\/a>&nbsp;verleiht der nicht-formalen Erwachsenenbildung in Europa eine Stimme. Die europ\u00e4ische NGO wurde 1953 von Vertreterinnen und Vertreter mehrerer europ\u00e4ischer L\u00e4nder gegr\u00fcndet, hat heute mehr als 135 Mitgliedsorganisationen in \u00fcber 44 L\u00e4ndern und repr\u00e4sentiert mehr als 60 Millionen erwachsene Lernende. Die Zielsetzung des Verbandes ist es, europ\u00e4ische Organisationen in der Erwachsenenbildung miteinander zu verbinden und diese zu vertreten. Er f\u00f6rdert das Lernen im Erwachsenenalter und setzt sich f\u00fcr den universalen Zugang und die Teilnahme speziell an nicht-formaler Erwachsenenbildung ein.<\/p>\n\n\n\n<div class=\"wp-block-group is-style-run-to-edge has-primary-background-color has-background is-layout-flow wp-block-group-is-layout-flow\">\n<p class=\"is-style-lead has-background-color has-text-color has-large-font-size\"><strong>Die Rolle des SVEB:<\/strong> Gr\u00fcndungsmitglied und ehemaliges Vorstandsmitglied. Der SVEB arbeitet eng mit dem EAEA zusammen und bringt die Anliegen der Schweizer Weiterbildung ein. Das Engagement in der EAEA erm\u00f6glicht dem SVEB und seinen Mitgliedern, Trends zu antizipieren und Know-how in die Schweiz zu transferieren.<\/p>\n<\/div>\n\n\n\n<h2 class=\"wp-block-heading\">International Council for Adult Education (ICAE)<\/h2>\n\n\n\n<p>Der&nbsp;<a href=\"http:\/\/icae.global\/\" target=\"_blank\" rel=\"noreferrer noopener\">ICAE<\/a>&nbsp;engagiert sich weltweit f\u00fcr den politischen Diskurs f\u00fcr das lebenslange Lernen. Seine Vision ist es, allen den Zugang zur Weiterbildung als universelles Menschenrecht zu erm\u00f6glichen. Er definiert die Weiterbildung als Grundlage f\u00fcr eine informierte Teilnahme an der Zivilgesellschaft und f\u00fcr eine nachhaltige Entwicklung. Der Rat wurde 1973 gegr\u00fcndet und ist in 7 regionale Sektionen unterteilt. Mitglieder sind mehr als 800 NGO \u2013 regionale, nationale und fachliche Netzwerke \u2013 in mehr als 75 L\u00e4ndern. Der ICAE ist mit der UNESCO assoziiert und hat einen Beraterstatus f\u00fcr den Wirtschafts- und Sozialrat der Vereinten Nationen (ECOSOC).<\/p>\n\n\n\n<div class=\"wp-block-group is-style-run-to-edge has-primary-background-color has-background is-layout-flow wp-block-group-is-layout-flow\">\n<p class=\"is-style-lead has-background-color has-text-color has-large-font-size\"><strong>Die Rolle des SVEB:<\/strong> Gr\u00fcndungs- und Vorstandsmitglied. Der SVEB arbeitet im Vorstand mit, pflegt einen regelm\u00e4ssigen fachlichen Kontakt mit dem Generalsekretariat und beteiligt sich aktiv an den Konferenzen des ICAE. Die Vernetzung und der Know-how-Austausch mit Stakeholdern der Weiterbildung aus der ganzen Welt unterst\u00fctzten den SVEB dabei, in der Schweiz einen Beitrag zu einem zukunftsgerichteten Weiterbildungssystem zu leisten.<\/p>\n<\/div>\n\n\n\n<h2 class=\"wp-block-heading\">European Basic Skills Network (EBSN)<\/h2>\n\n\n\n<p>Das&nbsp;<a href=\"http:\/\/www.basicskills.eu\/\" target=\"_blank\" rel=\"noreferrer noopener\">EBSN<\/a>&nbsp;ist die europ\u00e4ische Dachorganisation im Bereich der F\u00f6rderung von Grundkompetenzen von Erwachsenen mit \u00fcber 75 Mitgliedern. Das Netzwerk wurde 2009 initiiert und ist seither stetig gewachsen. Ziele des Netzwerks sind die F\u00f6rderung des fachlichen Austausches und die Zusammenarbeit zwischen Organisationen und Fachexperten im Bereich der Grundkompetenzen sowie die Erh\u00f6hung der Wahrnehmung des Themas Grundkompetenzen auf der politischen Ebene.<\/p>\n\n\n\n<div class=\"wp-block-group is-style-run-to-edge has-primary-background-color has-background is-layout-flow wp-block-group-is-layout-flow\">\n<p class=\"is-style-lead has-background-color has-text-color has-large-font-size\"><strong>Die Rolle des SVEB:<\/strong> Gr\u00fcndungs- und Vorstandsmitglied sowie statutarischer Sitz des EBSN, das juristisch ein Schweizer Verein ist. Die intensive internationale Zusammenarbeit des SVEB mit dem EBSN im Bereich Grundkompetenzen hat dazu beigetragen, dass Trends in diesem Bereich fr\u00fch antizipiert und ein Wissenstransfer zu den Akteuren in die Schweiz organisiert werden konnten.<\/p>\n<\/div>\n\n\n\n<h2 class=\"wp-block-heading\">Hall of Fame Europe der Weiterbildung (HOFE)<\/h2>\n\n\n\n<p>Die&nbsp;<a href=\"http:\/\/www.hofe.andragogy.net\/\" target=\"_blank\" rel=\"noreferrer noopener\">HOFE<\/a>&nbsp;ist der europ\u00e4ische Ableger der International Adult and Continuing Education Hall of Fame (IACEHOF) ist ein Netzwerk aus international anerkannten Weiterbildungsexperten und -expertinnen, die die Entwicklung der Weiterbildung gepr\u00e4gt haben. Die Struktur ist so angelegt, dass sich die Mitglieder schnell und ohne b\u00fcrokratische H\u00fcrden untereinander austauschen und bei Bedarf Ad-hoc-Expertengruppen bilden k\u00f6nnen. Dadurch sollen auch neuartige und unkonventionelle Kooperationsformen angeregt werden, die zur Entwicklung der Weiterbildung beitragen.<\/p>\n\n\n\n<div class=\"wp-block-group is-style-run-to-edge has-primary-background-color has-background is-layout-flow wp-block-group-is-layout-flow\">\n<p class=\"is-style-lead has-background-color has-text-color has-large-font-size\"><strong>Die Rolle des SVEB:<\/strong> Ziel des Engagements des SVEB ist es, die bislang von den USA dominierte Hall of Fame zu einem weltweiten Expertennetzwerk auszubauen und das bisher sehr kleine europ\u00e4ische Netzwerk zu erweitern. Ein aktueller Schwerpunkt ist der Einbezug der lateinischen L\u00e4nder.<\/p>\n<\/div>\n\n\n\n<h2 class=\"wp-block-heading\">Kontakt<\/h2>\n\n\n\n<div class=\"wp-block-columns is-layout-flex wp-container-core-columns-is-layout-28f84493 wp-block-columns-is-layout-flex\">\n<div class=\"wp-block-column is-layout-flow wp-block-column-is-layout-flow\" style=\"flex-basis:50%\"><div class=\"contact-persons\">\n\n\t\t\t\t\t<div class=\"contact-person\">\n\t\t\t\t\tBernhard Gr\u00e4miger<br \/>\t\t\t\t\tDirektor<br \/>\t\t\t\t\t<br \/>\n\t\t\t\t\t\t\t\t\t\t<a href=\"tel:+41 (0)44 319 71 61\">+41 (0)44 319 71 61<\/a><br \/>\t\t\t\t\t<a href=\"mailto:bernhard.graemiger@alice.ch\">bernhard.graemiger@alice.ch<\/a><br \/>\t\t\t\t\t<\/div>\n\t\t\t\t\t<\/div>\n<\/div>\n\n\n\n<div class=\"wp-block-column is-layout-flow wp-block-column-is-layout-flow\" style=\"flex-basis:50%\"><\/div>\n<\/div>\n<\/div>\n","protected":false},"excerpt":{"rendered":"<p>Weltweit vernetzt Die Herausforderungen und Trends in der Weiterbildung sind keine Eigenheit des Schweizer Kontexts. Die Weiterbildungsakteure aus Europa und [&hellip;]<\/p>\n","protected":false},"author":2,"featured_media":20799,"parent":348,"menu_order":120,"comment_status":"closed","ping_status":"closed","template":"","meta":{"_acf_changed":false,"inline_featured_image":false,"footnotes":""},"class_list":["post-405","page","type-page","status-publish","has-post-thumbnail","hentry"],"acf":[],"yoast_head":"<!-- This site is optimized with the Yoast SEO plugin v27.3 - https:\/\/yoast.com\/product\/yoast-seo-wordpress\/ -->\n<title>Netzwerke - SVEB<\/title>\n<meta name=\"description\" content=\"Alle Weiterbildungsakteure besch\u00e4ftigen sich mit \u00e4hnlichen Fragestellungen. Der SVEB ist deshalb in internationalen Netzwerken aktiv.\" \/>\n<meta name=\"robots\" content=\"index, follow, max-snippet:-1, max-image-preview:large, max-video-preview:-1\" \/>\n<link rel=\"canonical\" href=\"https:\/\/alice.ch\/de\/themen\/weiterbildung-international\/netzwerke\/\" \/>\n<meta property=\"og:locale\" content=\"de_DE\" \/>\n<meta property=\"og:type\" content=\"article\" \/>\n<meta property=\"og:title\" content=\"Netzwerke - SVEB\" \/>\n<meta property=\"og:description\" content=\"Alle Weiterbildungsakteure besch\u00e4ftigen sich mit \u00e4hnlichen Fragestellungen. Der SVEB ist deshalb in internationalen Netzwerken aktiv.\" \/>\n<meta property=\"og:url\" content=\"https:\/\/alice.ch\/de\/themen\/weiterbildung-international\/netzwerke\/\" \/>\n<meta property=\"og:site_name\" content=\"SVEB\" \/>\n<meta property=\"article:modified_time\" content=\"2024-07-16T13:39:06+00:00\" \/>\n<meta name=\"twitter:card\" content=\"summary_large_image\" \/>\n<meta name=\"twitter:label1\" content=\"Gesch\u00e4tzte Lesezeit\" \/>\n\t<meta name=\"twitter:data1\" content=\"4\u00a0Minuten\" \/>\n<script type=\"application\/ld+json\" class=\"yoast-schema-graph\">{\"@context\":\"https:\\\/\\\/schema.org\",\"@graph\":[{\"@type\":\"WebPage\",\"@id\":\"https:\\\/\\\/alice.ch\\\/de\\\/themen\\\/weiterbildung-international\\\/netzwerke\\\/\",\"url\":\"https:\\\/\\\/alice.ch\\\/de\\\/themen\\\/weiterbildung-international\\\/netzwerke\\\/\",\"name\":\"Netzwerke - SVEB\",\"isPartOf\":{\"@id\":\"https:\\\/\\\/alice.ch\\\/de\\\/#website\"},\"primaryImageOfPage\":{\"@id\":\"https:\\\/\\\/alice.ch\\\/de\\\/themen\\\/weiterbildung-international\\\/netzwerke\\\/#primaryimage\"},\"image\":{\"@id\":\"https:\\\/\\\/alice.ch\\\/de\\\/themen\\\/weiterbildung-international\\\/netzwerke\\\/#primaryimage\"},\"thumbnailUrl\":\"https:\\\/\\\/alice.ch\\\/app\\\/uploads\\\/2022\\\/11\\\/default.jpg\",\"datePublished\":\"2022-08-16T14:26:18+00:00\",\"dateModified\":\"2024-07-16T13:39:06+00:00\",\"description\":\"Alle Weiterbildungsakteure besch\u00e4ftigen sich mit \u00e4hnlichen Fragestellungen. Der SVEB ist deshalb in internationalen Netzwerken aktiv.\",\"breadcrumb\":{\"@id\":\"https:\\\/\\\/alice.ch\\\/de\\\/themen\\\/weiterbildung-international\\\/netzwerke\\\/#breadcrumb\"},\"inLanguage\":\"de\",\"potentialAction\":[{\"@type\":\"ReadAction\",\"target\":[\"https:\\\/\\\/alice.ch\\\/de\\\/themen\\\/weiterbildung-international\\\/netzwerke\\\/\"]}]},{\"@type\":\"ImageObject\",\"inLanguage\":\"de\",\"@id\":\"https:\\\/\\\/alice.ch\\\/de\\\/themen\\\/weiterbildung-international\\\/netzwerke\\\/#primaryimage\",\"url\":\"https:\\\/\\\/alice.ch\\\/app\\\/uploads\\\/2022\\\/11\\\/default.jpg\",\"contentUrl\":\"https:\\\/\\\/alice.ch\\\/app\\\/uploads\\\/2022\\\/11\\\/default.jpg\",\"width\":1600,\"height\":900},{\"@type\":\"BreadcrumbList\",\"@id\":\"https:\\\/\\\/alice.ch\\\/de\\\/themen\\\/weiterbildung-international\\\/netzwerke\\\/#breadcrumb\",\"itemListElement\":[{\"@type\":\"ListItem\",\"position\":1,\"name\":\"Startseite\",\"item\":\"https:\\\/\\\/alice.ch\\\/de\\\/\"},{\"@type\":\"ListItem\",\"position\":2,\"name\":\"Themen\",\"item\":\"https:\\\/\\\/alice.ch\\\/de\\\/themen\\\/\"},{\"@type\":\"ListItem\",\"position\":3,\"name\":\"Weiterbildung international\",\"item\":\"https:\\\/\\\/alice.ch\\\/de\\\/themen\\\/weiterbildung-international\\\/\"},{\"@type\":\"ListItem\",\"position\":4,\"name\":\"Netzwerke\"}]},{\"@type\":\"WebSite\",\"@id\":\"https:\\\/\\\/alice.ch\\\/de\\\/#website\",\"url\":\"https:\\\/\\\/alice.ch\\\/de\\\/\",\"name\":\"alice.ch (Adult Learning Information Center) ist das Portal der Weiterbildung in der Schweiz.\",\"description\":\"Schweizerischer Verband f\u00fcr Weiterbildung\",\"publisher\":{\"@id\":\"https:\\\/\\\/alice.ch\\\/de\\\/#organization\"},\"potentialAction\":[{\"@type\":\"SearchAction\",\"target\":{\"@type\":\"EntryPoint\",\"urlTemplate\":\"https:\\\/\\\/alice.ch\\\/de\\\/?s={search_term_string}\"},\"query-input\":{\"@type\":\"PropertyValueSpecification\",\"valueRequired\":true,\"valueName\":\"search_term_string\"}}],\"inLanguage\":\"de\"},{\"@type\":\"Organization\",\"@id\":\"https:\\\/\\\/alice.ch\\\/de\\\/#organization\",\"name\":\"SVEB Schweizerischer Verband f\u00fcr Weiterbildung\",\"url\":\"https:\\\/\\\/alice.ch\\\/de\\\/\",\"logo\":{\"@type\":\"ImageObject\",\"inLanguage\":\"de\",\"@id\":\"https:\\\/\\\/alice.ch\\\/de\\\/#\\\/schema\\\/logo\\\/image\\\/\",\"url\":\"https:\\\/\\\/alice.ch\\\/app\\\/uploads\\\/2022\\\/07\\\/logo-sveb.png\",\"contentUrl\":\"https:\\\/\\\/alice.ch\\\/app\\\/uploads\\\/2022\\\/07\\\/logo-sveb.png\",\"width\":145,\"height\":64,\"caption\":\"SVEB Schweizerischer Verband f\u00fcr Weiterbildung\"},\"image\":{\"@id\":\"https:\\\/\\\/alice.ch\\\/de\\\/#\\\/schema\\\/logo\\\/image\\\/\"},\"sameAs\":[\"https:\\\/\\\/www.linkedin.com\\\/company\\\/schweizerischer-verband-fr-weiterbildung-sveb\\\/\"]}]}<\/script>\n<!-- \/ Yoast SEO plugin. -->","yoast_head_json":{"title":"Netzwerke - SVEB","description":"Alle Weiterbildungsakteure besch\u00e4ftigen sich mit \u00e4hnlichen Fragestellungen. Der SVEB ist deshalb in internationalen Netzwerken aktiv.","robots":{"index":"index","follow":"follow","max-snippet":"max-snippet:-1","max-image-preview":"max-image-preview:large","max-video-preview":"max-video-preview:-1"},"canonical":"https:\/\/alice.ch\/de\/themen\/weiterbildung-international\/netzwerke\/","og_locale":"de_DE","og_type":"article","og_title":"Netzwerke - SVEB","og_description":"Alle Weiterbildungsakteure besch\u00e4ftigen sich mit \u00e4hnlichen Fragestellungen. Der SVEB ist deshalb in internationalen Netzwerken aktiv.","og_url":"https:\/\/alice.ch\/de\/themen\/weiterbildung-international\/netzwerke\/","og_site_name":"SVEB","article_modified_time":"2024-07-16T13:39:06+00:00","twitter_card":"summary_large_image","twitter_misc":{"Gesch\u00e4tzte Lesezeit":"4\u00a0Minuten"},"schema":{"@context":"https:\/\/schema.org","@graph":[{"@type":"WebPage","@id":"https:\/\/alice.ch\/de\/themen\/weiterbildung-international\/netzwerke\/","url":"https:\/\/alice.ch\/de\/themen\/weiterbildung-international\/netzwerke\/","name":"Netzwerke - SVEB","isPartOf":{"@id":"https:\/\/alice.ch\/de\/#website"},"primaryImageOfPage":{"@id":"https:\/\/alice.ch\/de\/themen\/weiterbildung-international\/netzwerke\/#primaryimage"},"image":{"@id":"https:\/\/alice.ch\/de\/themen\/weiterbildung-international\/netzwerke\/#primaryimage"},"thumbnailUrl":"https:\/\/alice.ch\/app\/uploads\/2022\/11\/default.jpg","datePublished":"2022-08-16T14:26:18+00:00","dateModified":"2024-07-16T13:39:06+00:00","description":"Alle Weiterbildungsakteure besch\u00e4ftigen sich mit \u00e4hnlichen Fragestellungen. Der SVEB ist deshalb in internationalen Netzwerken aktiv.","breadcrumb":{"@id":"https:\/\/alice.ch\/de\/themen\/weiterbildung-international\/netzwerke\/#breadcrumb"},"inLanguage":"de","potentialAction":[{"@type":"ReadAction","target":["https:\/\/alice.ch\/de\/themen\/weiterbildung-international\/netzwerke\/"]}]},{"@type":"ImageObject","inLanguage":"de","@id":"https:\/\/alice.ch\/de\/themen\/weiterbildung-international\/netzwerke\/#primaryimage","url":"https:\/\/alice.ch\/app\/uploads\/2022\/11\/default.jpg","contentUrl":"https:\/\/alice.ch\/app\/uploads\/2022\/11\/default.jpg","width":1600,"height":900},{"@type":"BreadcrumbList","@id":"https:\/\/alice.ch\/de\/themen\/weiterbildung-international\/netzwerke\/#breadcrumb","itemListElement":[{"@type":"ListItem","position":1,"name":"Startseite","item":"https:\/\/alice.ch\/de\/"},{"@type":"ListItem","position":2,"name":"Themen","item":"https:\/\/alice.ch\/de\/themen\/"},{"@type":"ListItem","position":3,"name":"Weiterbildung international","item":"https:\/\/alice.ch\/de\/themen\/weiterbildung-international\/"},{"@type":"ListItem","position":4,"name":"Netzwerke"}]},{"@type":"WebSite","@id":"https:\/\/alice.ch\/de\/#website","url":"https:\/\/alice.ch\/de\/","name":"alice.ch (Adult Learning Information Center) ist das Portal der Weiterbildung in der Schweiz.","description":"Schweizerischer Verband f\u00fcr Weiterbildung","publisher":{"@id":"https:\/\/alice.ch\/de\/#organization"},"potentialAction":[{"@type":"SearchAction","target":{"@type":"EntryPoint","urlTemplate":"https:\/\/alice.ch\/de\/?s={search_term_string}"},"query-input":{"@type":"PropertyValueSpecification","valueRequired":true,"valueName":"search_term_string"}}],"inLanguage":"de"},{"@type":"Organization","@id":"https:\/\/alice.ch\/de\/#organization","name":"SVEB Schweizerischer Verband f\u00fcr Weiterbildung","url":"https:\/\/alice.ch\/de\/","logo":{"@type":"ImageObject","inLanguage":"de","@id":"https:\/\/alice.ch\/de\/#\/schema\/logo\/image\/","url":"https:\/\/alice.ch\/app\/uploads\/2022\/07\/logo-sveb.png","contentUrl":"https:\/\/alice.ch\/app\/uploads\/2022\/07\/logo-sveb.png","width":145,"height":64,"caption":"SVEB Schweizerischer Verband f\u00fcr Weiterbildung"},"image":{"@id":"https:\/\/alice.ch\/de\/#\/schema\/logo\/image\/"},"sameAs":["https:\/\/www.linkedin.com\/company\/schweizerischer-verband-fr-weiterbildung-sveb\/"]}]}},"_links":{"self":[{"href":"https:\/\/alice.ch\/de\/wp-json\/wp\/v2\/pages\/405","targetHints":{"allow":["GET"]}}],"collection":[{"href":"https:\/\/alice.ch\/de\/wp-json\/wp\/v2\/pages"}],"about":[{"href":"https:\/\/alice.ch\/de\/wp-json\/wp\/v2\/types\/page"}],"author":[{"embeddable":true,"href":"https:\/\/alice.ch\/de\/wp-json\/wp\/v2\/users\/2"}],"replies":[{"embeddable":true,"href":"https:\/\/alice.ch\/de\/wp-json\/wp\/v2\/comments?post=405"}],"version-history":[{"count":20,"href":"https:\/\/alice.ch\/de\/wp-json\/wp\/v2\/pages\/405\/revisions"}],"predecessor-version":[{"id":61063,"href":"https:\/\/alice.ch\/de\/wp-json\/wp\/v2\/pages\/405\/revisions\/61063"}],"up":[{"embeddable":true,"href":"https:\/\/alice.ch\/de\/wp-json\/wp\/v2\/pages\/348"}],"wp:featuredmedia":[{"embeddable":true,"href":"https:\/\/alice.ch\/de\/wp-json\/wp\/v2\/media\/20799"}],"wp:attachment":[{"href":"https:\/\/alice.ch\/de\/wp-json\/wp\/v2\/media?parent=405"}],"curies":[{"name":"wp","href":"https:\/\/api.w.org\/{rel}","templated":true}]}}