{"id":407,"date":"2022-08-16T16:26:33","date_gmt":"2022-08-16T14:26:33","guid":{"rendered":"https:\/\/projects.atxeit.ch\/sveb\/?page_id=407"},"modified":"2024-07-16T15:31:15","modified_gmt":"2024-07-16T13:31:15","slug":"strategien","status":"publish","type":"page","link":"https:\/\/alice.ch\/de\/themen\/weiterbildung-international\/strategien\/","title":{"rendered":"Strategien"},"content":{"rendered":"\n<div class=\"wp-block-group is-style-reduced-width is-layout-flow wp-block-group-is-layout-flow\">\n<h1 class=\"wp-block-heading\">Weiterbildung auf der grossen B\u00fchne<\/h1>\n\n\n\n<p class=\"is-style-lead\">Internationale Bildungsagenden helfen dabei, den weltweiten Austausch voranzutreiben, und zielen darauf ab, dass das lebenslange Lernen und die Bildung von Erwachsenen in nationale Bildungssysteme und Gesetzgebungen aufgenommen werden.<\/p>\n\n\n\n<p>Von besonderer Bedeutung f\u00fcr die Schweiz sind der Marrakesch-Aktionsrahmen, die Bildungsagenda 2030 und die UNESCO-Empfehlung zur Weiterbildung.\u00a0<\/p>\n\n\n\n<h2 class=\"wp-block-heading\">CONFINTEA \u2013&nbsp;Internationale Konferenz zur Erwachsenenbildung<\/h2>\n\n\n\n<p>Die UNESCO-Weltkonferenz \u00fcber Weiterbildung CONFINTEA (Conf\u00e9rence Internationale sur l\u2019Education des Adultes) ist f\u00fcr die weltweite Entwicklung des lebenslangen Lernens von herausragender Bedeutung. Seit der ersten Konferenz 1949 wurden sechs weitere Konferenzen im Abstand von jeweils 12 Jahren veranstaltet.<\/p>\n\n\n\n<div class=\"wp-block-buttons is-layout-flex wp-block-buttons-is-layout-flex\">\n<div class=\"wp-block-button has-custom-width wp-block-button__width-50 is-style-outline is-style-outline--1\"><a class=\"wp-block-button__link wp-element-button\" href=\"https:\/\/alice.ch\/de\/themen\/weiterbildung-international\/strategien\/confintea-vii\/\">CONFINTEA VII (2022)<\/a><\/div>\n\n\n\n<div class=\"wp-block-button has-custom-width wp-block-button__width-50 is-style-outline is-style-outline--2\"><a class=\"wp-block-button__link wp-element-button\" href=\"https:\/\/alice.ch\/de\/themen\/weiterbildung-international\/strategien\/confintea-vi\/\">CONFINTEA VI (2009)<\/a><\/div>\n<\/div>\n\n\n\n<div class=\"wp-block-group is-style-run-to-edge has-primary-background-color has-background is-layout-flow wp-block-group-is-layout-flow\">\n<h3 class=\"wp-block-heading has-background-color has-text-color\"><strong><strong>Bedeutung und Potential&nbsp;<\/strong>f\u00fcr die Schweiz<\/strong><\/h3>\n\n\n\n<p class=\"is-style-default has-background-color has-text-color\">Die CONFINTEA, der Marrakesch-Aktionsrahmen und die UNESCO-Empfehlungen schaffen eine internationale Vergleichbarkeit und Verbindlichkeit. Sie erlauben die Reflexion \u00fcber die eigene Praxis in der F\u00f6rderung der Weiterbildung. Wirkungsvolle Ans\u00e4tze anderer Staaten k\u00f6nnen f\u00fcr den Schweizer Kontext adaptiert werden. Das Monitoring und die Erfassung quantitativer und qualitativer Daten zur Weiterbildung in der Schweiz liefern relevante Informationen f\u00fcr politische Entscheide.<\/p>\n<\/div>\n\n\n\n<h2 class=\"wp-block-heading\">Bildungsagenda 2030<\/h2>\n\n\n\n<p>Mit den Zielen f\u00fcr nachhaltige Entwicklung (Sustainable Development Goals, SDGs) hat die Welt f\u00fcr den Zeitraum von 2015 bis 2030 eine ehrgeizige universelle Bildungsagenda vereinbart, die in SDG 4 verankert ist. Dieses&nbsp;<a href=\"https:\/\/en.unesco.org\/education2030-sdg4\/targets\" target=\"_blank\" rel=\"noreferrer noopener\">Ziel 4 und seine Unterziele&nbsp;<\/a>werden als Bildungsagenda 2030 bezeichnet. Der Fokus liegt auf dem Zugang zu Bildung, auf Inklusion und Chancengerechtigkeit sowie auf Qualit\u00e4t und Lernergebnisse auf allen Ebenen und vor einem Ansatz des lebenslangen Lernens bis 2030.&nbsp;<\/p>\n\n\n\n<p>Zur Umsetzung der Bildungsagenda 2030 dient ein&nbsp;<a href=\"https:\/\/www.unesco.de\/bildung\/bildung-2030\/aktionsrahmen-bildungsagenda-2030.html\" target=\"_blank\" rel=\"noreferrer noopener\">Aktionsrahmen<\/a>. Dieser zeigt auf, wie die am Weltbildungsforum 2015 in Incheon eingegangenen Verpflichtungen auf nationaler sowie auf regionaler und globaler Ebene in die Praxis umgesetzt werden k\u00f6nnen.<\/p>\n\n\n\n<div class=\"wp-block-group is-style-run-to-edge has-primary-background-color has-background is-layout-flow wp-block-group-is-layout-flow\">\n<h3 class=\"wp-block-heading has-background-color has-text-color\"><strong>Bedeutung und Potential f\u00fcr die Schweiz<\/strong><\/h3>\n\n\n\n<p class=\"is-style-default has-background-color has-text-color\">Zur Umsetzung der Agenda 2030 hat der Bundesrat die&nbsp;Strategie Nachhaltige Entwicklung (SNE 2030)&nbsp;verabschiedet. Die SNE dient als Steuerungsinstrument sowohl in der Innen- als auch in der Aussenpolitik. Die Schweiz erstattet der UNO regelm\u00e4ssig Bericht zur Umsetzung der Agenda 2030. F\u00fcr die Schweiz schafft die Umsetzung Potentiale f\u00fcr die Verbesserung der Zusammenarbeit von Bund, Kantonen und der Zivilgesellschaft.<\/p>\n\n\n\n<p><a href=\"https:\/\/www.are.admin.ch\/are\/de\/home\/nachhaltige-entwicklung\/politik-und-strategie\/strategie-nachhaltige-entwicklung-2016-2019.html\" target=\"_blank\" rel=\"noreferrer noopener\">Strategie Nachhaltige Entwicklung (SNE 2030)<\/a><\/p>\n<\/div>\n\n\n\n<h2 class=\"wp-block-heading\">Kontakt<\/h2>\n\n\n\n<div class=\"wp-block-columns is-layout-flex wp-container-core-columns-is-layout-28f84493 wp-block-columns-is-layout-flex\">\n<div class=\"wp-block-column is-layout-flow wp-block-column-is-layout-flow\" style=\"flex-basis:50%\"><div class=\"contact-persons\">\n\n\t\t\t\t\t<div class=\"contact-person\">\n\t\t\t\t\tBernhard Gr\u00e4miger<br \/>\t\t\t\t\tDirektor<br \/>\t\t\t\t\t<br \/>\n\t\t\t\t\t\t\t\t\t\t<a href=\"tel:+41 (0)44 319 71 61\">+41 (0)44 319 71 61<\/a><br \/>\t\t\t\t\t<a href=\"mailto:bernhard.graemiger@alice.ch\">bernhard.graemiger@alice.ch<\/a><br \/>\t\t\t\t\t<\/div>\n\t\t\t\t\t<\/div>\n<\/div>\n\n\n\n<div class=\"wp-block-column is-layout-flow wp-block-column-is-layout-flow\" style=\"flex-basis:50%\"><\/div>\n<\/div>\n<\/div>\n","protected":false},"excerpt":{"rendered":"<p>Weiterbildung auf der grossen B\u00fchne Internationale Bildungsagenden helfen dabei, den weltweiten Austausch voranzutreiben, und zielen darauf ab, dass das lebenslange [&hellip;]<\/p>\n","protected":false},"author":2,"featured_media":20799,"parent":348,"menu_order":177,"comment_status":"closed","ping_status":"closed","template":"","meta":{"_acf_changed":false,"inline_featured_image":false,"footnotes":""},"class_list":["post-407","page","type-page","status-publish","has-post-thumbnail","hentry"],"acf":[],"yoast_head":"<!-- This site is optimized with the Yoast SEO plugin v27.3 - https:\/\/yoast.com\/product\/yoast-seo-wordpress\/ -->\n<title>Strategien - SVEB<\/title>\n<meta name=\"description\" content=\"Internationale Bildungsagenden streben an, dass Erwachsenenbildung in Bildungssysteme und Gesetzgebungen aufgenommen wird.\" \/>\n<meta name=\"robots\" content=\"index, follow, max-snippet:-1, max-image-preview:large, max-video-preview:-1\" \/>\n<link rel=\"canonical\" href=\"https:\/\/alice.ch\/de\/themen\/weiterbildung-international\/strategien\/\" \/>\n<meta property=\"og:locale\" content=\"de_DE\" \/>\n<meta property=\"og:type\" content=\"article\" \/>\n<meta property=\"og:title\" content=\"Strategien - SVEB\" \/>\n<meta property=\"og:description\" content=\"Internationale Bildungsagenden streben an, dass Erwachsenenbildung in Bildungssysteme und Gesetzgebungen aufgenommen wird.\" \/>\n<meta property=\"og:url\" content=\"https:\/\/alice.ch\/de\/themen\/weiterbildung-international\/strategien\/\" \/>\n<meta property=\"og:site_name\" content=\"SVEB\" \/>\n<meta property=\"article:modified_time\" content=\"2024-07-16T13:31:15+00:00\" \/>\n<meta name=\"twitter:card\" content=\"summary_large_image\" \/>\n<meta name=\"twitter:label1\" content=\"Gesch\u00e4tzte Lesezeit\" \/>\n\t<meta name=\"twitter:data1\" content=\"2\u00a0Minuten\" \/>\n<script type=\"application\/ld+json\" class=\"yoast-schema-graph\">{\"@context\":\"https:\\\/\\\/schema.org\",\"@graph\":[{\"@type\":\"WebPage\",\"@id\":\"https:\\\/\\\/alice.ch\\\/de\\\/themen\\\/weiterbildung-international\\\/strategien\\\/\",\"url\":\"https:\\\/\\\/alice.ch\\\/de\\\/themen\\\/weiterbildung-international\\\/strategien\\\/\",\"name\":\"Strategien - SVEB\",\"isPartOf\":{\"@id\":\"https:\\\/\\\/alice.ch\\\/de\\\/#website\"},\"primaryImageOfPage\":{\"@id\":\"https:\\\/\\\/alice.ch\\\/de\\\/themen\\\/weiterbildung-international\\\/strategien\\\/#primaryimage\"},\"image\":{\"@id\":\"https:\\\/\\\/alice.ch\\\/de\\\/themen\\\/weiterbildung-international\\\/strategien\\\/#primaryimage\"},\"thumbnailUrl\":\"https:\\\/\\\/alice.ch\\\/app\\\/uploads\\\/2022\\\/11\\\/default.jpg\",\"datePublished\":\"2022-08-16T14:26:33+00:00\",\"dateModified\":\"2024-07-16T13:31:15+00:00\",\"description\":\"Internationale Bildungsagenden streben an, dass Erwachsenenbildung in Bildungssysteme und Gesetzgebungen aufgenommen wird.\",\"breadcrumb\":{\"@id\":\"https:\\\/\\\/alice.ch\\\/de\\\/themen\\\/weiterbildung-international\\\/strategien\\\/#breadcrumb\"},\"inLanguage\":\"de\",\"potentialAction\":[{\"@type\":\"ReadAction\",\"target\":[\"https:\\\/\\\/alice.ch\\\/de\\\/themen\\\/weiterbildung-international\\\/strategien\\\/\"]}]},{\"@type\":\"ImageObject\",\"inLanguage\":\"de\",\"@id\":\"https:\\\/\\\/alice.ch\\\/de\\\/themen\\\/weiterbildung-international\\\/strategien\\\/#primaryimage\",\"url\":\"https:\\\/\\\/alice.ch\\\/app\\\/uploads\\\/2022\\\/11\\\/default.jpg\",\"contentUrl\":\"https:\\\/\\\/alice.ch\\\/app\\\/uploads\\\/2022\\\/11\\\/default.jpg\",\"width\":1600,\"height\":900},{\"@type\":\"BreadcrumbList\",\"@id\":\"https:\\\/\\\/alice.ch\\\/de\\\/themen\\\/weiterbildung-international\\\/strategien\\\/#breadcrumb\",\"itemListElement\":[{\"@type\":\"ListItem\",\"position\":1,\"name\":\"Startseite\",\"item\":\"https:\\\/\\\/alice.ch\\\/de\\\/\"},{\"@type\":\"ListItem\",\"position\":2,\"name\":\"Themen\",\"item\":\"https:\\\/\\\/alice.ch\\\/de\\\/themen\\\/\"},{\"@type\":\"ListItem\",\"position\":3,\"name\":\"Weiterbildung international\",\"item\":\"https:\\\/\\\/alice.ch\\\/de\\\/themen\\\/weiterbildung-international\\\/\"},{\"@type\":\"ListItem\",\"position\":4,\"name\":\"Strategien\"}]},{\"@type\":\"WebSite\",\"@id\":\"https:\\\/\\\/alice.ch\\\/de\\\/#website\",\"url\":\"https:\\\/\\\/alice.ch\\\/de\\\/\",\"name\":\"alice.ch (Adult Learning Information Center) ist das Portal der Weiterbildung in der Schweiz.\",\"description\":\"Schweizerischer Verband f\u00fcr Weiterbildung\",\"publisher\":{\"@id\":\"https:\\\/\\\/alice.ch\\\/de\\\/#organization\"},\"potentialAction\":[{\"@type\":\"SearchAction\",\"target\":{\"@type\":\"EntryPoint\",\"urlTemplate\":\"https:\\\/\\\/alice.ch\\\/de\\\/?s={search_term_string}\"},\"query-input\":{\"@type\":\"PropertyValueSpecification\",\"valueRequired\":true,\"valueName\":\"search_term_string\"}}],\"inLanguage\":\"de\"},{\"@type\":\"Organization\",\"@id\":\"https:\\\/\\\/alice.ch\\\/de\\\/#organization\",\"name\":\"SVEB Schweizerischer Verband f\u00fcr Weiterbildung\",\"url\":\"https:\\\/\\\/alice.ch\\\/de\\\/\",\"logo\":{\"@type\":\"ImageObject\",\"inLanguage\":\"de\",\"@id\":\"https:\\\/\\\/alice.ch\\\/de\\\/#\\\/schema\\\/logo\\\/image\\\/\",\"url\":\"https:\\\/\\\/alice.ch\\\/app\\\/uploads\\\/2022\\\/07\\\/logo-sveb.png\",\"contentUrl\":\"https:\\\/\\\/alice.ch\\\/app\\\/uploads\\\/2022\\\/07\\\/logo-sveb.png\",\"width\":145,\"height\":64,\"caption\":\"SVEB Schweizerischer Verband f\u00fcr Weiterbildung\"},\"image\":{\"@id\":\"https:\\\/\\\/alice.ch\\\/de\\\/#\\\/schema\\\/logo\\\/image\\\/\"},\"sameAs\":[\"https:\\\/\\\/www.linkedin.com\\\/company\\\/schweizerischer-verband-fr-weiterbildung-sveb\\\/\"]}]}<\/script>\n<!-- \/ Yoast SEO plugin. -->","yoast_head_json":{"title":"Strategien - SVEB","description":"Internationale Bildungsagenden streben an, dass Erwachsenenbildung in Bildungssysteme und Gesetzgebungen aufgenommen wird.","robots":{"index":"index","follow":"follow","max-snippet":"max-snippet:-1","max-image-preview":"max-image-preview:large","max-video-preview":"max-video-preview:-1"},"canonical":"https:\/\/alice.ch\/de\/themen\/weiterbildung-international\/strategien\/","og_locale":"de_DE","og_type":"article","og_title":"Strategien - SVEB","og_description":"Internationale Bildungsagenden streben an, dass Erwachsenenbildung in Bildungssysteme und Gesetzgebungen aufgenommen wird.","og_url":"https:\/\/alice.ch\/de\/themen\/weiterbildung-international\/strategien\/","og_site_name":"SVEB","article_modified_time":"2024-07-16T13:31:15+00:00","twitter_card":"summary_large_image","twitter_misc":{"Gesch\u00e4tzte Lesezeit":"2\u00a0Minuten"},"schema":{"@context":"https:\/\/schema.org","@graph":[{"@type":"WebPage","@id":"https:\/\/alice.ch\/de\/themen\/weiterbildung-international\/strategien\/","url":"https:\/\/alice.ch\/de\/themen\/weiterbildung-international\/strategien\/","name":"Strategien - SVEB","isPartOf":{"@id":"https:\/\/alice.ch\/de\/#website"},"primaryImageOfPage":{"@id":"https:\/\/alice.ch\/de\/themen\/weiterbildung-international\/strategien\/#primaryimage"},"image":{"@id":"https:\/\/alice.ch\/de\/themen\/weiterbildung-international\/strategien\/#primaryimage"},"thumbnailUrl":"https:\/\/alice.ch\/app\/uploads\/2022\/11\/default.jpg","datePublished":"2022-08-16T14:26:33+00:00","dateModified":"2024-07-16T13:31:15+00:00","description":"Internationale Bildungsagenden streben an, dass Erwachsenenbildung in Bildungssysteme und Gesetzgebungen aufgenommen wird.","breadcrumb":{"@id":"https:\/\/alice.ch\/de\/themen\/weiterbildung-international\/strategien\/#breadcrumb"},"inLanguage":"de","potentialAction":[{"@type":"ReadAction","target":["https:\/\/alice.ch\/de\/themen\/weiterbildung-international\/strategien\/"]}]},{"@type":"ImageObject","inLanguage":"de","@id":"https:\/\/alice.ch\/de\/themen\/weiterbildung-international\/strategien\/#primaryimage","url":"https:\/\/alice.ch\/app\/uploads\/2022\/11\/default.jpg","contentUrl":"https:\/\/alice.ch\/app\/uploads\/2022\/11\/default.jpg","width":1600,"height":900},{"@type":"BreadcrumbList","@id":"https:\/\/alice.ch\/de\/themen\/weiterbildung-international\/strategien\/#breadcrumb","itemListElement":[{"@type":"ListItem","position":1,"name":"Startseite","item":"https:\/\/alice.ch\/de\/"},{"@type":"ListItem","position":2,"name":"Themen","item":"https:\/\/alice.ch\/de\/themen\/"},{"@type":"ListItem","position":3,"name":"Weiterbildung international","item":"https:\/\/alice.ch\/de\/themen\/weiterbildung-international\/"},{"@type":"ListItem","position":4,"name":"Strategien"}]},{"@type":"WebSite","@id":"https:\/\/alice.ch\/de\/#website","url":"https:\/\/alice.ch\/de\/","name":"alice.ch (Adult Learning Information Center) ist das Portal der Weiterbildung in der Schweiz.","description":"Schweizerischer Verband f\u00fcr Weiterbildung","publisher":{"@id":"https:\/\/alice.ch\/de\/#organization"},"potentialAction":[{"@type":"SearchAction","target":{"@type":"EntryPoint","urlTemplate":"https:\/\/alice.ch\/de\/?s={search_term_string}"},"query-input":{"@type":"PropertyValueSpecification","valueRequired":true,"valueName":"search_term_string"}}],"inLanguage":"de"},{"@type":"Organization","@id":"https:\/\/alice.ch\/de\/#organization","name":"SVEB Schweizerischer Verband f\u00fcr Weiterbildung","url":"https:\/\/alice.ch\/de\/","logo":{"@type":"ImageObject","inLanguage":"de","@id":"https:\/\/alice.ch\/de\/#\/schema\/logo\/image\/","url":"https:\/\/alice.ch\/app\/uploads\/2022\/07\/logo-sveb.png","contentUrl":"https:\/\/alice.ch\/app\/uploads\/2022\/07\/logo-sveb.png","width":145,"height":64,"caption":"SVEB Schweizerischer Verband f\u00fcr Weiterbildung"},"image":{"@id":"https:\/\/alice.ch\/de\/#\/schema\/logo\/image\/"},"sameAs":["https:\/\/www.linkedin.com\/company\/schweizerischer-verband-fr-weiterbildung-sveb\/"]}]}},"_links":{"self":[{"href":"https:\/\/alice.ch\/de\/wp-json\/wp\/v2\/pages\/407","targetHints":{"allow":["GET"]}}],"collection":[{"href":"https:\/\/alice.ch\/de\/wp-json\/wp\/v2\/pages"}],"about":[{"href":"https:\/\/alice.ch\/de\/wp-json\/wp\/v2\/types\/page"}],"author":[{"embeddable":true,"href":"https:\/\/alice.ch\/de\/wp-json\/wp\/v2\/users\/2"}],"replies":[{"embeddable":true,"href":"https:\/\/alice.ch\/de\/wp-json\/wp\/v2\/comments?post=407"}],"version-history":[{"count":22,"href":"https:\/\/alice.ch\/de\/wp-json\/wp\/v2\/pages\/407\/revisions"}],"predecessor-version":[{"id":61057,"href":"https:\/\/alice.ch\/de\/wp-json\/wp\/v2\/pages\/407\/revisions\/61057"}],"up":[{"embeddable":true,"href":"https:\/\/alice.ch\/de\/wp-json\/wp\/v2\/pages\/348"}],"wp:featuredmedia":[{"embeddable":true,"href":"https:\/\/alice.ch\/de\/wp-json\/wp\/v2\/media\/20799"}],"wp:attachment":[{"href":"https:\/\/alice.ch\/de\/wp-json\/wp\/v2\/media?parent=407"}],"curies":[{"name":"wp","href":"https:\/\/api.w.org\/{rel}","templated":true}]}}