{"id":41,"date":"2022-07-11T11:20:14","date_gmt":"2022-07-11T09:20:14","guid":{"rendered":"https:\/\/projects.atxeit.ch\/sveb\/?page_id=41"},"modified":"2023-08-07T15:34:34","modified_gmt":"2023-08-07T13:34:34","slug":"kontakt","status":"publish","type":"page","link":"https:\/\/alice.ch\/de\/sveb\/kontakt\/","title":{"rendered":"Kontakt"},"content":{"rendered":"\n<div class=\"wp-block-group is-style-reduced-width is-layout-constrained wp-block-group-is-layout-constrained\">\n<div class=\"wp-block-group is-style-default is-layout-flow wp-block-group-is-layout-flow\">\n<h1 class=\"wp-block-heading\">Nationale Gesch\u00e4ftsstelle Z\u00fcrich<\/h1>\n\n\n\n<p class=\"is-style-ui\">SVEB<br>Schweizerischer Verband f\u00fcr Weiterbildung<br>Hardstrasse 235<br>8005 Z\u00fcrich<\/p>\n\n\n\n<p class=\"is-style-ui\">+41 (0)44 319 71 71<\/p>\n\n\n\n<p class=\"is-style-ui\"><a href=\"mailto:info@alice.ch\" target=\"_blank\" rel=\"noreferrer noopener\">info@alice.ch<\/a><\/p>\n\n\n\n<h2 class=\"wp-block-heading\">Anreise<\/h2>\n\n\n\n<p>Die nationale SVEB-Gesch\u00e4ftsstelle ist zentral gelegen und leicht erreichbar. Sie verf\u00fcgt \u00fcber eine sehr gute Anbindung an den \u00f6ffentlichen Verkehr.<\/p>\n\n\n\n<p>Unser Standort an der Hardstrasse 235 in 8005 Z\u00fcrich&nbsp;ist nur f\u00fcnf Gehminuten vom Bahnhof Hardbr\u00fccke und vom Escher-Wyss-Platz entfernt. Die SVEB-B\u00fcros befinden sich auf der vierten Etage des Geb\u00e4udes.<\/p>\n<\/div>\n\n\n\n<div class=\"wp-block-group is-style-default is-layout-flow wp-block-group-is-layout-flow\">\n<div class=\"wp-block-buttons is-layout-flex wp-block-buttons-is-layout-flex\">\n<div class=\"wp-block-button has-custom-width wp-block-button__width-50 is-style-outline is-style-outline--1\"><a class=\"wp-block-button__link wp-element-button\" href=\"https:\/\/www.sbb.ch\/de\/kaufen\/pages\/fahrplan\/fahrplan.xhtml?nach=8005+Z\u00fcrich+Hardstrasse+235\" target=\"_blank\" rel=\"noreferrer noopener\">SBB: Fahrplan und Billettkauf<\/a><\/div>\n<\/div>\n<\/div>\n\n\n\n<h2 class=\"wp-block-heading\">Parkplatz<\/h2>\n\n\n\n<p>Ein SVEB-Parkplatz (Nr. 20) kann kostenlos benutzt werden. Um die Schranke zum Parkplatz zu \u00f6ffnen, holen Sie bitte den Handsender bei unserem Empfang im vierten Stock ab.<\/p>\n\n\n\n<iframe src=\"https:\/\/www.google.com\/maps\/embed?pb=!1m14!1m8!1m3!1d2701.252862211508!2d8.5170055!3d47.387499!3m2!1i1024!2i768!4f13.1!3m3!1m2!1s0x47900b717f727d51%3A0x3fe75aba946aae99!2sHardstrasse%20235%2C%208005%20Z%C3%BCrich!5e0!3m2!1sen!2sch!4v1675657381930!5m2!1sen!2sch\" width=\"600\" height=\"450\" style=\"border:0;\" allowfullscreen=\"\" loading=\"lazy\" referrerpolicy=\"no-referrer-when-downgrade\"><\/iframe>\n\n\n\n<h2 class=\"wp-block-heading\">Weitere Informationen<\/h2>\n\n\n\n<div class=\"wp-block-group is-style-default is-layout-flow wp-block-group-is-layout-flow\">\n<div class=\"wp-block-buttons is-layout-flex wp-block-buttons-is-layout-flex\">\n<div class=\"wp-block-button has-custom-width wp-block-button__width-50 is-style-outline is-style-outline--2\"><a class=\"wp-block-button__link wp-element-button\" href=\"https:\/\/alice.ch\/de\/sveb\/geschaeftsstellen-standorte\/\">Gesch\u00e4ftsstellen &amp; Standorte<\/a><\/div>\n<\/div>\n<\/div>\n<\/div>\n","protected":false},"excerpt":{"rendered":"<p>Nationale Gesch\u00e4ftsstelle Z\u00fcrich SVEBSchweizerischer Verband f\u00fcr WeiterbildungHardstrasse 2358005 Z\u00fcrich +41 (0)44 319 71 71 info@alice.ch Anreise Die nationale SVEB-Gesch\u00e4ftsstelle ist [&hellip;]<\/p>\n","protected":false},"author":2,"featured_media":20799,"parent":35,"menu_order":531,"comment_status":"closed","ping_status":"closed","template":"","meta":{"_acf_changed":false,"inline_featured_image":false,"footnotes":""},"class_list":["post-41","page","type-page","status-publish","has-post-thumbnail","hentry"],"acf":[],"yoast_head":"<!-- This site is optimized with the Yoast SEO plugin v27.3 - https:\/\/yoast.com\/product\/yoast-seo-wordpress\/ -->\n<title>Kontakt - SVEB<\/title>\n<meta name=\"description\" content=\"Als Dachverband der Weiterbildung steht Ihnen der SVEB gerne zur Verf\u00fcgung. Hier finden Sie Kontaktangaben und Anreise-Informationen.\" \/>\n<meta name=\"robots\" content=\"index, follow, max-snippet:-1, max-image-preview:large, max-video-preview:-1\" \/>\n<link rel=\"canonical\" href=\"https:\/\/alice.ch\/de\/sveb\/kontakt\/\" \/>\n<meta property=\"og:locale\" content=\"de_DE\" \/>\n<meta property=\"og:type\" content=\"article\" \/>\n<meta property=\"og:title\" content=\"Kontakt - SVEB\" \/>\n<meta property=\"og:description\" content=\"Als Dachverband der Weiterbildung steht Ihnen der SVEB gerne zur Verf\u00fcgung. Hier finden Sie Kontaktangaben und Anreise-Informationen.\" \/>\n<meta property=\"og:url\" content=\"https:\/\/alice.ch\/de\/sveb\/kontakt\/\" \/>\n<meta property=\"og:site_name\" content=\"SVEB\" \/>\n<meta property=\"article:modified_time\" content=\"2023-08-07T13:34:34+00:00\" \/>\n<meta name=\"twitter:card\" content=\"summary_large_image\" \/>\n<meta name=\"twitter:label1\" content=\"Gesch\u00e4tzte Lesezeit\" \/>\n\t<meta name=\"twitter:data1\" content=\"1\u00a0Minute\" \/>\n<script type=\"application\/ld+json\" class=\"yoast-schema-graph\">{\"@context\":\"https:\\\/\\\/schema.org\",\"@graph\":[{\"@type\":\"WebPage\",\"@id\":\"https:\\\/\\\/alice.ch\\\/de\\\/sveb\\\/kontakt\\\/\",\"url\":\"https:\\\/\\\/alice.ch\\\/de\\\/sveb\\\/kontakt\\\/\",\"name\":\"Kontakt - SVEB\",\"isPartOf\":{\"@id\":\"https:\\\/\\\/alice.ch\\\/de\\\/#website\"},\"primaryImageOfPage\":{\"@id\":\"https:\\\/\\\/alice.ch\\\/de\\\/sveb\\\/kontakt\\\/#primaryimage\"},\"image\":{\"@id\":\"https:\\\/\\\/alice.ch\\\/de\\\/sveb\\\/kontakt\\\/#primaryimage\"},\"thumbnailUrl\":\"https:\\\/\\\/alice.ch\\\/app\\\/uploads\\\/2022\\\/11\\\/default.jpg\",\"datePublished\":\"2022-07-11T09:20:14+00:00\",\"dateModified\":\"2023-08-07T13:34:34+00:00\",\"description\":\"Als Dachverband der Weiterbildung steht Ihnen der SVEB gerne zur Verf\u00fcgung. Hier finden Sie Kontaktangaben und Anreise-Informationen.\",\"breadcrumb\":{\"@id\":\"https:\\\/\\\/alice.ch\\\/de\\\/sveb\\\/kontakt\\\/#breadcrumb\"},\"inLanguage\":\"de\",\"potentialAction\":[{\"@type\":\"ReadAction\",\"target\":[\"https:\\\/\\\/alice.ch\\\/de\\\/sveb\\\/kontakt\\\/\"]}]},{\"@type\":\"ImageObject\",\"inLanguage\":\"de\",\"@id\":\"https:\\\/\\\/alice.ch\\\/de\\\/sveb\\\/kontakt\\\/#primaryimage\",\"url\":\"https:\\\/\\\/alice.ch\\\/app\\\/uploads\\\/2022\\\/11\\\/default.jpg\",\"contentUrl\":\"https:\\\/\\\/alice.ch\\\/app\\\/uploads\\\/2022\\\/11\\\/default.jpg\",\"width\":1600,\"height\":900},{\"@type\":\"BreadcrumbList\",\"@id\":\"https:\\\/\\\/alice.ch\\\/de\\\/sveb\\\/kontakt\\\/#breadcrumb\",\"itemListElement\":[{\"@type\":\"ListItem\",\"position\":1,\"name\":\"Startseite\",\"item\":\"https:\\\/\\\/alice.ch\\\/de\\\/\"},{\"@type\":\"ListItem\",\"position\":2,\"name\":\"SVEB\",\"item\":\"https:\\\/\\\/alice.ch\\\/de\\\/sveb\\\/\"},{\"@type\":\"ListItem\",\"position\":3,\"name\":\"Kontakt\"}]},{\"@type\":\"WebSite\",\"@id\":\"https:\\\/\\\/alice.ch\\\/de\\\/#website\",\"url\":\"https:\\\/\\\/alice.ch\\\/de\\\/\",\"name\":\"alice.ch (Adult Learning Information Center) ist das Portal der Weiterbildung in der Schweiz.\",\"description\":\"Schweizerischer Verband f\u00fcr Weiterbildung\",\"publisher\":{\"@id\":\"https:\\\/\\\/alice.ch\\\/de\\\/#organization\"},\"potentialAction\":[{\"@type\":\"SearchAction\",\"target\":{\"@type\":\"EntryPoint\",\"urlTemplate\":\"https:\\\/\\\/alice.ch\\\/de\\\/?s={search_term_string}\"},\"query-input\":{\"@type\":\"PropertyValueSpecification\",\"valueRequired\":true,\"valueName\":\"search_term_string\"}}],\"inLanguage\":\"de\"},{\"@type\":\"Organization\",\"@id\":\"https:\\\/\\\/alice.ch\\\/de\\\/#organization\",\"name\":\"SVEB Schweizerischer Verband f\u00fcr Weiterbildung\",\"url\":\"https:\\\/\\\/alice.ch\\\/de\\\/\",\"logo\":{\"@type\":\"ImageObject\",\"inLanguage\":\"de\",\"@id\":\"https:\\\/\\\/alice.ch\\\/de\\\/#\\\/schema\\\/logo\\\/image\\\/\",\"url\":\"https:\\\/\\\/alice.ch\\\/app\\\/uploads\\\/2022\\\/07\\\/logo-sveb.png\",\"contentUrl\":\"https:\\\/\\\/alice.ch\\\/app\\\/uploads\\\/2022\\\/07\\\/logo-sveb.png\",\"width\":145,\"height\":64,\"caption\":\"SVEB Schweizerischer Verband f\u00fcr Weiterbildung\"},\"image\":{\"@id\":\"https:\\\/\\\/alice.ch\\\/de\\\/#\\\/schema\\\/logo\\\/image\\\/\"},\"sameAs\":[\"https:\\\/\\\/www.linkedin.com\\\/company\\\/schweizerischer-verband-fr-weiterbildung-sveb\\\/\"]}]}<\/script>\n<!-- \/ Yoast SEO plugin. -->","yoast_head_json":{"title":"Kontakt - SVEB","description":"Als Dachverband der Weiterbildung steht Ihnen der SVEB gerne zur Verf\u00fcgung. Hier finden Sie Kontaktangaben und Anreise-Informationen.","robots":{"index":"index","follow":"follow","max-snippet":"max-snippet:-1","max-image-preview":"max-image-preview:large","max-video-preview":"max-video-preview:-1"},"canonical":"https:\/\/alice.ch\/de\/sveb\/kontakt\/","og_locale":"de_DE","og_type":"article","og_title":"Kontakt - SVEB","og_description":"Als Dachverband der Weiterbildung steht Ihnen der SVEB gerne zur Verf\u00fcgung. Hier finden Sie Kontaktangaben und Anreise-Informationen.","og_url":"https:\/\/alice.ch\/de\/sveb\/kontakt\/","og_site_name":"SVEB","article_modified_time":"2023-08-07T13:34:34+00:00","twitter_card":"summary_large_image","twitter_misc":{"Gesch\u00e4tzte Lesezeit":"1\u00a0Minute"},"schema":{"@context":"https:\/\/schema.org","@graph":[{"@type":"WebPage","@id":"https:\/\/alice.ch\/de\/sveb\/kontakt\/","url":"https:\/\/alice.ch\/de\/sveb\/kontakt\/","name":"Kontakt - SVEB","isPartOf":{"@id":"https:\/\/alice.ch\/de\/#website"},"primaryImageOfPage":{"@id":"https:\/\/alice.ch\/de\/sveb\/kontakt\/#primaryimage"},"image":{"@id":"https:\/\/alice.ch\/de\/sveb\/kontakt\/#primaryimage"},"thumbnailUrl":"https:\/\/alice.ch\/app\/uploads\/2022\/11\/default.jpg","datePublished":"2022-07-11T09:20:14+00:00","dateModified":"2023-08-07T13:34:34+00:00","description":"Als Dachverband der Weiterbildung steht Ihnen der SVEB gerne zur Verf\u00fcgung. Hier finden Sie Kontaktangaben und Anreise-Informationen.","breadcrumb":{"@id":"https:\/\/alice.ch\/de\/sveb\/kontakt\/#breadcrumb"},"inLanguage":"de","potentialAction":[{"@type":"ReadAction","target":["https:\/\/alice.ch\/de\/sveb\/kontakt\/"]}]},{"@type":"ImageObject","inLanguage":"de","@id":"https:\/\/alice.ch\/de\/sveb\/kontakt\/#primaryimage","url":"https:\/\/alice.ch\/app\/uploads\/2022\/11\/default.jpg","contentUrl":"https:\/\/alice.ch\/app\/uploads\/2022\/11\/default.jpg","width":1600,"height":900},{"@type":"BreadcrumbList","@id":"https:\/\/alice.ch\/de\/sveb\/kontakt\/#breadcrumb","itemListElement":[{"@type":"ListItem","position":1,"name":"Startseite","item":"https:\/\/alice.ch\/de\/"},{"@type":"ListItem","position":2,"name":"SVEB","item":"https:\/\/alice.ch\/de\/sveb\/"},{"@type":"ListItem","position":3,"name":"Kontakt"}]},{"@type":"WebSite","@id":"https:\/\/alice.ch\/de\/#website","url":"https:\/\/alice.ch\/de\/","name":"alice.ch (Adult Learning Information Center) ist das Portal der Weiterbildung in der Schweiz.","description":"Schweizerischer Verband f\u00fcr Weiterbildung","publisher":{"@id":"https:\/\/alice.ch\/de\/#organization"},"potentialAction":[{"@type":"SearchAction","target":{"@type":"EntryPoint","urlTemplate":"https:\/\/alice.ch\/de\/?s={search_term_string}"},"query-input":{"@type":"PropertyValueSpecification","valueRequired":true,"valueName":"search_term_string"}}],"inLanguage":"de"},{"@type":"Organization","@id":"https:\/\/alice.ch\/de\/#organization","name":"SVEB Schweizerischer Verband f\u00fcr Weiterbildung","url":"https:\/\/alice.ch\/de\/","logo":{"@type":"ImageObject","inLanguage":"de","@id":"https:\/\/alice.ch\/de\/#\/schema\/logo\/image\/","url":"https:\/\/alice.ch\/app\/uploads\/2022\/07\/logo-sveb.png","contentUrl":"https:\/\/alice.ch\/app\/uploads\/2022\/07\/logo-sveb.png","width":145,"height":64,"caption":"SVEB Schweizerischer Verband f\u00fcr Weiterbildung"},"image":{"@id":"https:\/\/alice.ch\/de\/#\/schema\/logo\/image\/"},"sameAs":["https:\/\/www.linkedin.com\/company\/schweizerischer-verband-fr-weiterbildung-sveb\/"]}]}},"_links":{"self":[{"href":"https:\/\/alice.ch\/de\/wp-json\/wp\/v2\/pages\/41","targetHints":{"allow":["GET"]}}],"collection":[{"href":"https:\/\/alice.ch\/de\/wp-json\/wp\/v2\/pages"}],"about":[{"href":"https:\/\/alice.ch\/de\/wp-json\/wp\/v2\/types\/page"}],"author":[{"embeddable":true,"href":"https:\/\/alice.ch\/de\/wp-json\/wp\/v2\/users\/2"}],"replies":[{"embeddable":true,"href":"https:\/\/alice.ch\/de\/wp-json\/wp\/v2\/comments?post=41"}],"version-history":[{"count":31,"href":"https:\/\/alice.ch\/de\/wp-json\/wp\/v2\/pages\/41\/revisions"}],"predecessor-version":[{"id":52918,"href":"https:\/\/alice.ch\/de\/wp-json\/wp\/v2\/pages\/41\/revisions\/52918"}],"up":[{"embeddable":true,"href":"https:\/\/alice.ch\/de\/wp-json\/wp\/v2\/pages\/35"}],"wp:featuredmedia":[{"embeddable":true,"href":"https:\/\/alice.ch\/de\/wp-json\/wp\/v2\/media\/20799"}],"wp:attachment":[{"href":"https:\/\/alice.ch\/de\/wp-json\/wp\/v2\/media?parent=41"}],"curies":[{"name":"wp","href":"https:\/\/api.w.org\/{rel}","templated":true}]}}