{"id":415,"date":"2022-08-16T16:27:41","date_gmt":"2022-08-16T14:27:41","guid":{"rendered":"https:\/\/projects.atxeit.ch\/sveb\/?page_id=415"},"modified":"2025-10-07T10:01:48","modified_gmt":"2025-10-07T08:01:48","slug":"internationale-projekte","status":"publish","type":"page","link":"https:\/\/alice.ch\/de\/themen\/weiterbildung-international\/internationale-projekte\/","title":{"rendered":"Internationale Projekte"},"content":{"rendered":"\n<div class=\"wp-block-group is-style-reduced-width is-layout-flow wp-block-group-is-layout-flow\">\n<h1 class=\"wp-block-heading\">Wissen schaffen und verbreiten<\/h1>\n\n\n\n<p class=\"is-style-lead\">Internationaler Wissensaustausch zum Thema Weiterbildung ist ein zentraler Bestandteil des Wissensmanagements des SVEB. Der Verband engagiert sich einerseits in Erasmus+-Projekten der Europ\u00e4ischen Union, andererseits in Transferprojekten in direkter Zusammenarbeit mit verschiedenen Partnerl\u00e4ndern.<\/p>\n\n\n\n<h2 class=\"wp-block-heading\">Erasmus+-Projekte<\/h2>\n\n\n\n<p>Die Europ\u00e4ische Union f\u00f6rdert grenz\u00fcberschreitende Projekte in der Erwachsenenbildung seit dem Jahr 2000 im Rahmen des Grundtvig-Programms. 2014 wurde diese F\u00f6rderung in das Programm&nbsp;<a href=\"https:\/\/erasmus-plus.ec.europa.eu\/de\" target=\"_blank\" rel=\"noreferrer noopener\">Erasmus+<\/a>&nbsp;eingegliedert. Die Schweiz kann sich aktuell im Status eines Drittlands an den Aktivit\u00e4ten des Bildungsprogramms&nbsp;<a href=\"https:\/\/erasmus-plus.ec.europa.eu\/de\/ueber-erasmus\/was-ist-erasmus\" target=\"_blank\" rel=\"noreferrer noopener\">Erasmus+<\/a>&nbsp;der EU beteiligen. Die \u00abSchweizer L\u00f6sung f\u00fcr Erasmus+\u00bb erm\u00f6glicht eine indirekte Teilnahme von Personen und Organisationen aus der Schweiz. Zust\u00e4ndig f\u00fcr die Bewilligung von Schweizer Projekten ist die Stiftung&nbsp;<a href=\"https:\/\/www.movetia.ch\/\" target=\"_blank\" rel=\"noreferrer noopener\">Movetia<\/a>.&nbsp;<\/p>\n\n\n\n<p>Der SVEB arbeitet aktiv in verschiedenen&nbsp;<a href=\"https:\/\/alice.ch\/de\/forschung\/entwicklungen-fuer-die-praxis\/erarbeitung-von-fachwissen-in-eu-projekten\/\">europ\u00e4ischen Projekten<\/a>&nbsp;mit. Dabei bringt der Verband seine fachlichen Kompetenzen ein und erweitert diese. Die Zusammenarbeit mit Partnern aus der EU erzeugt einen wertvollen Wissens- und Erfahrungsaustausch. Die Projektresultate adaptiert der SVEB f\u00fcr die Schweiz und stellt sie den lokalen Akteuren zur Verf\u00fcgung.<\/p>\n\n\n\n<h2 class=\"wp-block-heading\">Transferprojekte<\/h2>\n\n\n\n<p>Das Engagement des SVEB in Transferprojekten hat eine lange Tradition. Dabei setzt sich der SVEB seit vielen Jahren insbesondere in Ost- und S\u00fcdosteuropa ein.<\/p>\n\n\n\n<h3 class=\"wp-block-heading\">Eine Ausbildung f\u00fcr Ausbildende f\u00fcr Ungarn<\/h3>\n\n\n\n<p>Der SVEB f\u00fchrt seit 2014 in Zusammenarbeit mit lokalen Kooperationspartnern und mit Unterst\u00fctzung des SBFI erfolgreich Projekte in Ungarn durch. In der aktuellen Projektphase (2025\u20132028) steht die Professionalisierung von Ausbildenden im Zentrum. Das Ziel ist, ein modulares System zur Ausbildung von Ausbildenden zu implementieren.<br><strong>Zusammenarbeit seit 2014, laufende Projektphase 2025\u20132028<\/strong><\/p>\n\n\n\n<h3 class=\"wp-block-heading\">Beratungst\u00e4tigkeit E4E@mk in Nordmazedonien<\/h3>\n\n\n\n<p>Der SVEB ist Mandatstr\u00e4ger im Projekt Education for Employment in Nordmazedonien&nbsp;<a href=\"https:\/\/www.e4e.mk\/en\/home\/\" target=\"_blank\" rel=\"noreferrer noopener\">E4E@mk<\/a>. Das von Helvetas geleitete und von der&nbsp;Direktion f\u00fcr Entwicklung und Zusammenarbeit (DEZA) finanzierte Projekt hat zum Ziel, auf sozial inklusive und nachhaltige Weise eine bessere Besch\u00e4ftigungslage in Nordmazedonien herbeizuf\u00fchren. Im Rahmen des Mandats stellt der SVEB sein Expertenwissen im Bereich Weiterbildung zur Verf\u00fcgung.&nbsp;<br><strong>Zusammenarbeit seit 2017, laufende Projektphase 2023\u20132026<\/strong><\/p>\n\n\n\n<h3 class=\"wp-block-heading\">Beratungst\u00e4tigkeit in Kirgistan<\/h3>\n\n\n\n<p>Der SVEB unterst\u00fctzt Helvetas beim Aufbau eines Projekts in Kirgistan.&nbsp;Das Ziel des Projekts ist die F\u00f6rderung der Arbeitsmarktf\u00e4higkeit der kirgisischen Bev\u00f6lkerung durch passende Ausbildungs- und Weiterbildungsmassnahmen. Im Zentrum des Projekts stehen Jugendliche, insbesondere junge Frauen. Der SVEB wirkt mit seinem Expertenwissen im Bereich Weiterbildung im Projekt mit.&nbsp;<br><strong>Zusammenarbeit seit 2023, laufende Projektphase 2023\u20132026<\/strong><\/p>\n\n\n\n<h3 class=\"wp-block-heading\">Professionalisierung in S\u00fcdosteuropa<\/h3>\n\n\n\n<p>Zwischen 2014 und 2021 hat der SVEB mit Unterst\u00fctzung des SBFI erfolgreich ein Projektportfolio in S\u00fcdosteuropa umgesetzt. Das \u00fcbergeordnete Ziel war die Qualit\u00e4tssicherung und Professionalisierung der Weiterbildungssysteme der Region. In diesem Rahmen hat der SVEB in Serbien und Montenegro in Kooperation mit lokalen Partnerinstitutionen ein modulares Ausbildungsprogramm f\u00fcr Ausbildende nach Schweizer Vorbild (<a href=\"https:\/\/alice.ch\/de\/professionalisierung\/\">AdA<\/a>) aufgebaut. Weitere L\u00e4nder der Region (Bosnien-Herzegowina und Kroatien) haben die Projekte begleitet und signalisiert, dass sie das System in Zukunft ebenfalls \u00fcbernehmen m\u00f6chten.<br><strong>Zusammenarbeit 2014\u20132021, keine laufende Projektphase<\/strong><\/p>\n\n\n\n<h3 class=\"wp-block-heading\">Qualit\u00e4tssicherung und -entwicklung in Weissrussland<\/h3>\n\n\n\n<p>Von 2017\u20132021 hat der SVEB mit Unterst\u00fctzung des SBFI eine lokale Partnerorganisation beim Aufbau eines Qualit\u00e4tssicherungssystems beraten. Das stark fragmentierte und auf die st\u00e4dtischen Zentren fokussierte Weiterbildungssystem liess wenig Vergleichbarkeit zwischen den Angeboten zu. In der Projektphase von 2017\u20132021 wurde die Qualit\u00e4tssicherung und -entwicklung vorangetrieben und ein Qualit\u00e4tssicherungssystem nach dem Vorbild von <a href=\"https:\/\/alice.ch\/de\/qualitaet\/qualitaetslabel-eduqua\/\">eduQua<\/a> implementiert.<br><strong>Zusammenarbeit seit 2017, aufgrund der politischen Situation aktuell keine neue Projektphase m\u00f6glich<\/strong>&nbsp;<\/p>\n\n\n\n<h2 class=\"wp-block-heading\">Kontakt<\/h2>\n\n\n\n<div class=\"wp-block-columns is-layout-flex wp-container-core-columns-is-layout-28f84493 wp-block-columns-is-layout-flex\">\n<div class=\"wp-block-column is-layout-flow wp-block-column-is-layout-flow\" style=\"flex-basis:50%\"><div class=\"contact-persons\">\n\n\t\t\t\t\t<div class=\"contact-person\">\n\t\t\t\t\tBernhard Gr\u00e4miger<br \/>\t\t\t\t\tDirektor<br \/>\t\t\t\t\t<br \/>\n\t\t\t\t\t\t\t\t\t\t<a href=\"tel:+41 (0)44 319 71 61\">+41 (0)44 319 71 61<\/a><br \/>\t\t\t\t\t<a href=\"mailto:bernhard.graemiger@alice.ch\">bernhard.graemiger@alice.ch<\/a><br \/>\t\t\t\t\t<\/div>\n\t\t\t\t\t<\/div>\n<\/div>\n\n\n\n<div class=\"wp-block-column is-layout-flow wp-block-column-is-layout-flow\" style=\"flex-basis:50%\"><\/div>\n<\/div>\n<\/div>\n","protected":false},"excerpt":{"rendered":"<p>Wissen schaffen und verbreiten Internationaler Wissensaustausch zum Thema Weiterbildung ist ein zentraler Bestandteil des Wissensmanagements des SVEB. Der Verband engagiert [&hellip;]<\/p>\n","protected":false},"author":2,"featured_media":20799,"parent":348,"menu_order":221,"comment_status":"closed","ping_status":"closed","template":"","meta":{"_acf_changed":false,"inline_featured_image":false,"footnotes":""},"class_list":["post-415","page","type-page","status-publish","has-post-thumbnail","hentry"],"acf":[],"yoast_head":"<!-- This site is optimized with the Yoast SEO plugin v27.3 - https:\/\/yoast.com\/product\/yoast-seo-wordpress\/ -->\n<title>Internationale Projekte - SVEB<\/title>\n<meta name=\"description\" content=\"Der SVEB Schweizerische Verband f\u00fcr Weiterbildung engagiert sich in Projekten in Ost- und S\u00fcdosteuropa und wirkt in Projekten der EU mit.\" \/>\n<meta name=\"robots\" content=\"index, follow, max-snippet:-1, max-image-preview:large, max-video-preview:-1\" \/>\n<link rel=\"canonical\" href=\"https:\/\/alice.ch\/de\/themen\/weiterbildung-international\/internationale-projekte\/\" \/>\n<meta property=\"og:locale\" content=\"de_DE\" \/>\n<meta property=\"og:type\" content=\"article\" \/>\n<meta property=\"og:title\" content=\"Internationale Projekte - SVEB\" \/>\n<meta property=\"og:description\" content=\"Der SVEB Schweizerische Verband f\u00fcr Weiterbildung engagiert sich in Projekten in Ost- und S\u00fcdosteuropa und wirkt in Projekten der EU mit.\" \/>\n<meta property=\"og:url\" content=\"https:\/\/alice.ch\/de\/themen\/weiterbildung-international\/internationale-projekte\/\" \/>\n<meta property=\"og:site_name\" content=\"SVEB\" \/>\n<meta property=\"article:modified_time\" content=\"2025-10-07T08:01:48+00:00\" \/>\n<meta name=\"twitter:card\" content=\"summary_large_image\" \/>\n<meta name=\"twitter:label1\" content=\"Gesch\u00e4tzte Lesezeit\" \/>\n\t<meta name=\"twitter:data1\" content=\"3\u00a0Minuten\" \/>\n<script type=\"application\/ld+json\" class=\"yoast-schema-graph\">{\"@context\":\"https:\\\/\\\/schema.org\",\"@graph\":[{\"@type\":\"WebPage\",\"@id\":\"https:\\\/\\\/alice.ch\\\/de\\\/themen\\\/weiterbildung-international\\\/internationale-projekte\\\/\",\"url\":\"https:\\\/\\\/alice.ch\\\/de\\\/themen\\\/weiterbildung-international\\\/internationale-projekte\\\/\",\"name\":\"Internationale Projekte - SVEB\",\"isPartOf\":{\"@id\":\"https:\\\/\\\/alice.ch\\\/de\\\/#website\"},\"primaryImageOfPage\":{\"@id\":\"https:\\\/\\\/alice.ch\\\/de\\\/themen\\\/weiterbildung-international\\\/internationale-projekte\\\/#primaryimage\"},\"image\":{\"@id\":\"https:\\\/\\\/alice.ch\\\/de\\\/themen\\\/weiterbildung-international\\\/internationale-projekte\\\/#primaryimage\"},\"thumbnailUrl\":\"https:\\\/\\\/alice.ch\\\/app\\\/uploads\\\/2022\\\/11\\\/default.jpg\",\"datePublished\":\"2022-08-16T14:27:41+00:00\",\"dateModified\":\"2025-10-07T08:01:48+00:00\",\"description\":\"Der SVEB Schweizerische Verband f\u00fcr Weiterbildung engagiert sich in Projekten in Ost- und S\u00fcdosteuropa und wirkt in Projekten der EU mit.\",\"breadcrumb\":{\"@id\":\"https:\\\/\\\/alice.ch\\\/de\\\/themen\\\/weiterbildung-international\\\/internationale-projekte\\\/#breadcrumb\"},\"inLanguage\":\"de\",\"potentialAction\":[{\"@type\":\"ReadAction\",\"target\":[\"https:\\\/\\\/alice.ch\\\/de\\\/themen\\\/weiterbildung-international\\\/internationale-projekte\\\/\"]}]},{\"@type\":\"ImageObject\",\"inLanguage\":\"de\",\"@id\":\"https:\\\/\\\/alice.ch\\\/de\\\/themen\\\/weiterbildung-international\\\/internationale-projekte\\\/#primaryimage\",\"url\":\"https:\\\/\\\/alice.ch\\\/app\\\/uploads\\\/2022\\\/11\\\/default.jpg\",\"contentUrl\":\"https:\\\/\\\/alice.ch\\\/app\\\/uploads\\\/2022\\\/11\\\/default.jpg\",\"width\":1600,\"height\":900},{\"@type\":\"BreadcrumbList\",\"@id\":\"https:\\\/\\\/alice.ch\\\/de\\\/themen\\\/weiterbildung-international\\\/internationale-projekte\\\/#breadcrumb\",\"itemListElement\":[{\"@type\":\"ListItem\",\"position\":1,\"name\":\"Startseite\",\"item\":\"https:\\\/\\\/alice.ch\\\/de\\\/\"},{\"@type\":\"ListItem\",\"position\":2,\"name\":\"Themen\",\"item\":\"https:\\\/\\\/alice.ch\\\/de\\\/themen\\\/\"},{\"@type\":\"ListItem\",\"position\":3,\"name\":\"Weiterbildung international\",\"item\":\"https:\\\/\\\/alice.ch\\\/de\\\/themen\\\/weiterbildung-international\\\/\"},{\"@type\":\"ListItem\",\"position\":4,\"name\":\"Internationale Projekte\"}]},{\"@type\":\"WebSite\",\"@id\":\"https:\\\/\\\/alice.ch\\\/de\\\/#website\",\"url\":\"https:\\\/\\\/alice.ch\\\/de\\\/\",\"name\":\"alice.ch (Adult Learning Information Center) ist das Portal der Weiterbildung in der Schweiz.\",\"description\":\"Schweizerischer Verband f\u00fcr Weiterbildung\",\"publisher\":{\"@id\":\"https:\\\/\\\/alice.ch\\\/de\\\/#organization\"},\"potentialAction\":[{\"@type\":\"SearchAction\",\"target\":{\"@type\":\"EntryPoint\",\"urlTemplate\":\"https:\\\/\\\/alice.ch\\\/de\\\/?s={search_term_string}\"},\"query-input\":{\"@type\":\"PropertyValueSpecification\",\"valueRequired\":true,\"valueName\":\"search_term_string\"}}],\"inLanguage\":\"de\"},{\"@type\":\"Organization\",\"@id\":\"https:\\\/\\\/alice.ch\\\/de\\\/#organization\",\"name\":\"SVEB Schweizerischer Verband f\u00fcr Weiterbildung\",\"url\":\"https:\\\/\\\/alice.ch\\\/de\\\/\",\"logo\":{\"@type\":\"ImageObject\",\"inLanguage\":\"de\",\"@id\":\"https:\\\/\\\/alice.ch\\\/de\\\/#\\\/schema\\\/logo\\\/image\\\/\",\"url\":\"https:\\\/\\\/alice.ch\\\/app\\\/uploads\\\/2022\\\/07\\\/logo-sveb.png\",\"contentUrl\":\"https:\\\/\\\/alice.ch\\\/app\\\/uploads\\\/2022\\\/07\\\/logo-sveb.png\",\"width\":145,\"height\":64,\"caption\":\"SVEB Schweizerischer Verband f\u00fcr Weiterbildung\"},\"image\":{\"@id\":\"https:\\\/\\\/alice.ch\\\/de\\\/#\\\/schema\\\/logo\\\/image\\\/\"},\"sameAs\":[\"https:\\\/\\\/www.linkedin.com\\\/company\\\/schweizerischer-verband-fr-weiterbildung-sveb\\\/\"]}]}<\/script>\n<!-- \/ Yoast SEO plugin. -->","yoast_head_json":{"title":"Internationale Projekte - SVEB","description":"Der SVEB Schweizerische Verband f\u00fcr Weiterbildung engagiert sich in Projekten in Ost- und S\u00fcdosteuropa und wirkt in Projekten der EU mit.","robots":{"index":"index","follow":"follow","max-snippet":"max-snippet:-1","max-image-preview":"max-image-preview:large","max-video-preview":"max-video-preview:-1"},"canonical":"https:\/\/alice.ch\/de\/themen\/weiterbildung-international\/internationale-projekte\/","og_locale":"de_DE","og_type":"article","og_title":"Internationale Projekte - SVEB","og_description":"Der SVEB Schweizerische Verband f\u00fcr Weiterbildung engagiert sich in Projekten in Ost- und S\u00fcdosteuropa und wirkt in Projekten der EU mit.","og_url":"https:\/\/alice.ch\/de\/themen\/weiterbildung-international\/internationale-projekte\/","og_site_name":"SVEB","article_modified_time":"2025-10-07T08:01:48+00:00","twitter_card":"summary_large_image","twitter_misc":{"Gesch\u00e4tzte Lesezeit":"3\u00a0Minuten"},"schema":{"@context":"https:\/\/schema.org","@graph":[{"@type":"WebPage","@id":"https:\/\/alice.ch\/de\/themen\/weiterbildung-international\/internationale-projekte\/","url":"https:\/\/alice.ch\/de\/themen\/weiterbildung-international\/internationale-projekte\/","name":"Internationale Projekte - SVEB","isPartOf":{"@id":"https:\/\/alice.ch\/de\/#website"},"primaryImageOfPage":{"@id":"https:\/\/alice.ch\/de\/themen\/weiterbildung-international\/internationale-projekte\/#primaryimage"},"image":{"@id":"https:\/\/alice.ch\/de\/themen\/weiterbildung-international\/internationale-projekte\/#primaryimage"},"thumbnailUrl":"https:\/\/alice.ch\/app\/uploads\/2022\/11\/default.jpg","datePublished":"2022-08-16T14:27:41+00:00","dateModified":"2025-10-07T08:01:48+00:00","description":"Der SVEB Schweizerische Verband f\u00fcr Weiterbildung engagiert sich in Projekten in Ost- und S\u00fcdosteuropa und wirkt in Projekten der EU mit.","breadcrumb":{"@id":"https:\/\/alice.ch\/de\/themen\/weiterbildung-international\/internationale-projekte\/#breadcrumb"},"inLanguage":"de","potentialAction":[{"@type":"ReadAction","target":["https:\/\/alice.ch\/de\/themen\/weiterbildung-international\/internationale-projekte\/"]}]},{"@type":"ImageObject","inLanguage":"de","@id":"https:\/\/alice.ch\/de\/themen\/weiterbildung-international\/internationale-projekte\/#primaryimage","url":"https:\/\/alice.ch\/app\/uploads\/2022\/11\/default.jpg","contentUrl":"https:\/\/alice.ch\/app\/uploads\/2022\/11\/default.jpg","width":1600,"height":900},{"@type":"BreadcrumbList","@id":"https:\/\/alice.ch\/de\/themen\/weiterbildung-international\/internationale-projekte\/#breadcrumb","itemListElement":[{"@type":"ListItem","position":1,"name":"Startseite","item":"https:\/\/alice.ch\/de\/"},{"@type":"ListItem","position":2,"name":"Themen","item":"https:\/\/alice.ch\/de\/themen\/"},{"@type":"ListItem","position":3,"name":"Weiterbildung international","item":"https:\/\/alice.ch\/de\/themen\/weiterbildung-international\/"},{"@type":"ListItem","position":4,"name":"Internationale Projekte"}]},{"@type":"WebSite","@id":"https:\/\/alice.ch\/de\/#website","url":"https:\/\/alice.ch\/de\/","name":"alice.ch (Adult Learning Information Center) ist das Portal der Weiterbildung in der Schweiz.","description":"Schweizerischer Verband f\u00fcr Weiterbildung","publisher":{"@id":"https:\/\/alice.ch\/de\/#organization"},"potentialAction":[{"@type":"SearchAction","target":{"@type":"EntryPoint","urlTemplate":"https:\/\/alice.ch\/de\/?s={search_term_string}"},"query-input":{"@type":"PropertyValueSpecification","valueRequired":true,"valueName":"search_term_string"}}],"inLanguage":"de"},{"@type":"Organization","@id":"https:\/\/alice.ch\/de\/#organization","name":"SVEB Schweizerischer Verband f\u00fcr Weiterbildung","url":"https:\/\/alice.ch\/de\/","logo":{"@type":"ImageObject","inLanguage":"de","@id":"https:\/\/alice.ch\/de\/#\/schema\/logo\/image\/","url":"https:\/\/alice.ch\/app\/uploads\/2022\/07\/logo-sveb.png","contentUrl":"https:\/\/alice.ch\/app\/uploads\/2022\/07\/logo-sveb.png","width":145,"height":64,"caption":"SVEB Schweizerischer Verband f\u00fcr Weiterbildung"},"image":{"@id":"https:\/\/alice.ch\/de\/#\/schema\/logo\/image\/"},"sameAs":["https:\/\/www.linkedin.com\/company\/schweizerischer-verband-fr-weiterbildung-sveb\/"]}]}},"_links":{"self":[{"href":"https:\/\/alice.ch\/de\/wp-json\/wp\/v2\/pages\/415","targetHints":{"allow":["GET"]}}],"collection":[{"href":"https:\/\/alice.ch\/de\/wp-json\/wp\/v2\/pages"}],"about":[{"href":"https:\/\/alice.ch\/de\/wp-json\/wp\/v2\/types\/page"}],"author":[{"embeddable":true,"href":"https:\/\/alice.ch\/de\/wp-json\/wp\/v2\/users\/2"}],"replies":[{"embeddable":true,"href":"https:\/\/alice.ch\/de\/wp-json\/wp\/v2\/comments?post=415"}],"version-history":[{"count":21,"href":"https:\/\/alice.ch\/de\/wp-json\/wp\/v2\/pages\/415\/revisions"}],"predecessor-version":[{"id":71110,"href":"https:\/\/alice.ch\/de\/wp-json\/wp\/v2\/pages\/415\/revisions\/71110"}],"up":[{"embeddable":true,"href":"https:\/\/alice.ch\/de\/wp-json\/wp\/v2\/pages\/348"}],"wp:featuredmedia":[{"embeddable":true,"href":"https:\/\/alice.ch\/de\/wp-json\/wp\/v2\/media\/20799"}],"wp:attachment":[{"href":"https:\/\/alice.ch\/de\/wp-json\/wp\/v2\/media?parent=415"}],"curies":[{"name":"wp","href":"https:\/\/api.w.org\/{rel}","templated":true}]}}