{"id":422,"date":"2022-08-16T16:29:11","date_gmt":"2022-08-16T14:29:11","guid":{"rendered":"https:\/\/projects.atxeit.ch\/sveb\/?page_id=422"},"modified":"2023-02-05T16:06:31","modified_gmt":"2023-02-05T15:06:31","slug":"sozialhilfe","status":"publish","type":"page","link":"https:\/\/alice.ch\/de\/sveb\/weiterbildungspolitik\/sozialhilfe\/","title":{"rendered":"Sozialhilfe"},"content":{"rendered":"\n<div class=\"wp-block-group is-style-reduced-width is-layout-constrained wp-block-group-is-layout-constrained\">\n<div class=\"wp-block-group is-style-default is-layout-flow wp-block-group-is-layout-flow\">\n<h1 class=\"wp-block-heading\">Arbeit dank Bildung<\/h1>\n\n\n\n<p class=\"is-style-lead\">Bildung ist eine zentrale Voraussetzung f\u00fcr eine nachhaltige Integration in die Arbeitswelt. Sie \u00f6ffnet einem betr\u00e4chtlichen Teil der erwerbst\u00e4tigen und erwerbslosen Personen in der Sozialhilfe einen erfolgsversprechenden Weg in die finanzielle Unabh\u00e4ngigkeit.<\/p>\n\n\n\n<p>2021 wurden rund 182&#8217;000 Erwachsene zwischen 18 und 64 Jahren durch die Sozialhilfe unterst\u00fctzt. Rund die H\u00e4lfte davon verf\u00fcgte \u00fcber keinen Berufsabschluss und ein Drittel hatte Schwierigkeiten im Bereich <a href=\"https:\/\/alice.ch\/de\/themen\/grundkompetenzen\/\">Grundkompetenzen<\/a>.<\/p>\n\n\n\n<p>Es lohnt sich menschlich, sozial und wirtschaftlich, in die Weiterbildung von Sozialhilfebeziehenden zu investieren. Weiterbildung bef\u00e4higt sie, vollumf\u00e4nglich an der Gesellschaft teil zu haben, ihren Alltag autonom zu bew\u00e4ltigen, ges\u00fcnder zu werden. Sie erh\u00f6ht ihre Chancen auf dem Arbeitsmarkt und entlastet die Sozialhilfe.<\/p>\n\n\n\n<h2 class=\"wp-block-heading\">Weiterbildungsoffensive f\u00fcr Sozialhilfe-Bez\u00fcger<\/h2>\n\n\n\n<p>Vor dieser Ausgangslage haben der <a href=\"https:\/\/alice.ch\/de\/sveb\/\">SVEB Schweizerische Verband f\u00fcr Weiterbildung<\/a> und die <a href=\"https:\/\/www.skos.ch\/\" target=\"_blank\" rel=\"noreferrer noopener\">Schweizerische Konferenz f\u00fcr Sozialhilfe (SKOS)<\/a> 2018 eine <a href=\"https:\/\/alice.ch\/de\/project\/weiterbildungsoffensive-in-der-sozialhilfe\/\">Weiterbildungsoffensive<\/a> (WBO) lanciert. Ziel der Offensive war es, allen von der Sozialhilfe unterst\u00fctzten Menschen die M\u00f6glichkeit zu geben, sich weiterzubilden.<\/p>\n\n\n\n<p>Nach dem heute geltenden Paradigma werden Sozialhilfebeziehende so rasch wie m\u00f6glich mit kurzfristigen Massnahmen in den ersten oder in den zweiten, weniger Anspr\u00fcche stellenden Arbeitsmarkt integriert. Der Aufwand soll so gering wie m\u00f6glich sein. Das neue Paradigma, das mit dieser Weiterbildungsoffensive gefordert wird, zielt grunds\u00e4tzlich nur auf den ersten Arbeitsmarkt. Die Qualifizierung soll so gr\u00fcndlich sein wie n\u00f6tig.<\/p>\n\n\n\n<h2 class=\"wp-block-heading\">Ein neuer Ansatz als Chance<\/h2>\n\n\n\n<p>Dies bedeutet: Wer ohne gen\u00fcgende Grundkompetenzen oder ohne abgeschlossene Berufslehre Sozialhilfe bezieht, erh\u00e4lt die Chance, sich zu bilden. Zur Bestimmung des Bildungswegs geh\u00f6rt beim Eintritt in die Sozialhilfe eine Abkl\u00e4rung der individuellen F\u00e4higkeiten und Fertigkeiten, das Festlegen von Bildungszielen, die Suche des geeigneten Bildungswegs und die Sicherstellung existenzsichernder Finanzierung. Das Ergebnis ist ein verbindlicher individueller Bildungsplan, der auf der pers\u00f6nlichen Motivation aufbaut, welche die Grundlage f\u00fcr jeden erfolgreichen Bildungsprozess ist.<\/p>\n\n\n\n<p>Mit geeigneten Bildungsmassnahmen kann ein Teil der Sozialhilfebeziehenden nachhaltig in den Arbeitsmarkt integriert werden. Damit k\u00f6nnen auch Kosten gespart werden. Gesch\u00e4tzt wird, dass rund 40 Prozent der erwachsenen Sozialhilfebeziehenden die n\u00f6tigen Voraussetzungen und die entsprechende Motivation mitbringen. Das sind schweizweit rund 75&#8217;000 Personen. Diese erhalten jedoch nur eine Chance, wenn sie ihre Bildungsdefizite gezielt aufarbeiten k\u00f6nnen.<\/p>\n\n\n\n<h2 class=\"wp-block-heading\">Umsetzung<\/h2>\n\n\n\n<p>Zur Umsetzung der Weiterbildungsoffensive fordern SKOS und SVEB vom Bund im Rahmen der <a href=\"https:\/\/www.sbfi.admin.ch\/sbfi\/de\/home\/dienstleistungen\/publikationen\/publikationsdatenbank\/s-n-2019-1\/s-n-2019-1f.html\" target=\"_blank\" rel=\"noreferrer noopener\">BFI-Periode 2021\u20132024<\/a> einen substantiellen Kredit f\u00fcr die F\u00f6rderung von <a href=\"https:\/\/www.sbfi.admin.ch\/sbfi\/de\/home\/bildung\/wb\/grundkompetenzen-erwachsener.html\" target=\"_blank\" rel=\"noreferrer noopener\">Grundkompetenzen<\/a> sowie f\u00fcr die berufliche Qualifizierung von Sozialhilfebeziehenden. Mit den zus\u00e4tzlichen Mitteln sollen einerseits bestehende Angebotsl\u00fccken geschlossen werden. Andererseits soll sichergestellt werden, dass Sozialhilfebeziehende kostenlosen Zugang zu den F\u00f6rderstrukturen in der Weiterbildung, der Berufsbildung und der Arbeitslosenversicherung haben.<\/p>\n\n\n\n<p>Parallel dazu haben die SKOS und der SVEB mit Unterst\u00fctzung der <a href=\"https:\/\/www.ernst-goehner-stiftung.ch\/index.php\/de\" target=\"_blank\" rel=\"noreferrer noopener\">Ernst G\u00f6hner Stiftung<\/a>, <a href=\"https:\/\/www.cms-basel.ch\/\" target=\"_blank\" rel=\"noreferrer noopener\">Christoph Merian Stiftung<\/a>, <a href=\"https:\/\/paul-schiller-stiftung.ch\/\" target=\"_blank\" rel=\"noreferrer noopener\">Paul Schiller Stiftung<\/a> und der <a href=\"https:\/\/www.ubs.com\/global\/de\/ubs-society\/foundations\/social-issues-education.html\" target=\"_blank\" rel=\"noreferrer noopener\">UBS Stiftung f\u00fcr Soziales und Ausbildung<\/a> ein Programm zur Umsetzung der Weiterbildungsoffensive entwickelt. Dank dieses <a href=\"https:\/\/alice.ch\/de\/project\/weiterbildungsoffensive-in-der-sozialhilfe\/\">Projekts<\/a> werden seit 2019&nbsp;zehn St\u00e4dte und Gemeinden beim Aufbau von F\u00f6rderstrukturen unterst\u00fctzt und begleitet.<\/p>\n\n\n\n<div class=\"wp-block-columns is-layout-flex wp-container-core-columns-is-layout-28f84493 wp-block-columns-is-layout-flex\">\n<div class=\"wp-block-column is-layout-flow wp-block-column-is-layout-flow\" style=\"flex-basis:50%\">\n<div class=\"wp-block-group is-style-border-box is-layout-flow wp-container-core-group-is-layout-215ed0c7 wp-block-group-is-layout-flow\">\n<div class=\"wp-block-group is-layout-flow wp-block-group-is-layout-flow\">\n<h3 class=\"wp-block-heading\">Unser Partner:<\/h3>\n\n\n\n<figure class=\"wp-block-image size-full is-style-no-border\"><a href=\"https:\/\/skos.ch\/\" target=\"_blank\" rel=\"noreferrer noopener\"><img decoding=\"async\" width=\"600\" height=\"172\" src=\"https:\/\/alice.ch\/app\/uploads\/2022\/12\/skos-logo.png\" alt=\"\" class=\"wp-image-31596\" srcset=\"https:\/\/alice.ch\/app\/uploads\/2022\/12\/skos-logo.png 600w, https:\/\/alice.ch\/app\/uploads\/2022\/12\/skos-logo-300x86.png 300w\" sizes=\"(max-width: 600px) 100vw, 600px\" \/><\/a><\/figure>\n<\/div>\n<\/div>\n<\/div>\n\n\n\n<div class=\"wp-block-column is-layout-flow wp-block-column-is-layout-flow\" style=\"flex-basis:50%\"><\/div>\n<\/div>\n<\/div>\n\n\n\n<h2 class=\"wp-block-heading\">Weitere Informationen<\/h2>\n\n\n\n<div class=\"wp-block-buttons is-layout-flex wp-block-buttons-is-layout-flex\">\n<div class=\"wp-block-button has-custom-width wp-block-button__width-50 is-style-outline is-style-outline--1\"><a class=\"wp-block-button__link wp-element-button\" href=\"https:\/\/alice.ch\/de\/project\/weiterbildungsoffensive-in-der-sozialhilfe\/\">Projekt \u00abWeiterbildungsoffensive in der Sozialhilfe\u00bb<\/a><\/div>\n<\/div>\n\n\n\n<div class=\"wp-block-buttons is-layout-flex wp-block-buttons-is-layout-flex\">\n<div class=\"wp-block-button has-custom-width wp-block-button__width-50 is-style-outline is-style-outline--2\"><a class=\"wp-block-button__link wp-element-button\" href=\"https:\/\/alice.ch\/de\/sveb\/weiterbildungspolitik\/sozialhilfe\/praxisbeispiele-aus-der-ersten-phase-der-wbo\/\">Praxisbeispiele aus der ersten Phase der Weiterbildungsoffensive<\/a><\/div>\n<\/div>\n\n\n\n<div class=\"wp-block-columns is-layout-flex wp-container-core-columns-is-layout-28f84493 wp-block-columns-is-layout-flex\">\n<div class=\"wp-block-column is-layout-flow wp-block-column-is-layout-flow\" style=\"flex-basis:50%\">\n<div class=\"wp-block-file\"><a id=\"wp-block-file--media-c0fcc3bd-22f6-4144-a2ff-8d9db91c4d14\" href=\"https:\/\/alice.ch\/app\/uploads\/2022\/12\/Weiterbildungsoffensive-1.pdf\" target=\"_blank\" rel=\"noreferrer noopener\">Evaluationsbericht Weiterbildungsoffensive in der Sozialhilfe (2019\u20132021)<br \/>PDF &#8211; 709 KB<\/a><a href=\"https:\/\/alice.ch\/app\/uploads\/2022\/12\/Weiterbildungsoffensive-1.pdf\" class=\"wp-block-file__button wp-element-button\" download aria-describedby=\"wp-block-file--media-c0fcc3bd-22f6-4144-a2ff-8d9db91c4d14\">Herunterladen<br \/>PDF &#8211; 709 KB<\/a><\/div>\n<\/div>\n\n\n\n<div class=\"wp-block-column is-layout-flow wp-block-column-is-layout-flow\" style=\"flex-basis:50%\"><\/div>\n<\/div>\n\n\n\n<h2 class=\"wp-block-heading\">Kontakt<\/h2>\n\n\n\n<div class=\"wp-block-group is-style-default is-layout-flow wp-block-group-is-layout-flow\">\n<div class=\"wp-block-columns is-layout-flex wp-container-core-columns-is-layout-28f84493 wp-block-columns-is-layout-flex\">\n<div class=\"wp-block-column is-layout-flow wp-block-column-is-layout-flow\" style=\"flex-basis:50%\"><div class=\"contact-persons\">\n\n\t\t\t\t\t<div class=\"contact-person\">\n\t\t\t\t\tBernhard Gr\u00e4miger<br \/>\t\t\t\t\tDirektor<br \/>\t\t\t\t\t<br \/>\n\t\t\t\t\t\t\t\t\t\t<a href=\"tel:+41 (0)44 319 71 61\">+41 (0)44 319 71 61<\/a><br \/>\t\t\t\t\t<a href=\"mailto:bernhard.graemiger@alice.ch\">bernhard.graemiger@alice.ch<\/a><br \/>\t\t\t\t\t<\/div>\n\t\t\t\t\t<\/div>\n<\/div>\n\n\n\n<div class=\"wp-block-column is-layout-flow wp-block-column-is-layout-flow\" style=\"flex-basis:50%\"><\/div>\n<\/div>\n<\/div>\n<\/div>\n","protected":false},"excerpt":{"rendered":"<p>Arbeit dank Bildung Bildung ist eine zentrale Voraussetzung f\u00fcr eine nachhaltige Integration in die Arbeitswelt. Sie \u00f6ffnet einem betr\u00e4chtlichen Teil [&hellip;]<\/p>\n","protected":false},"author":4,"featured_media":20799,"parent":31920,"menu_order":600,"comment_status":"closed","ping_status":"closed","template":"","meta":{"_acf_changed":false,"inline_featured_image":false,"footnotes":""},"class_list":["post-422","page","type-page","status-publish","has-post-thumbnail","hentry"],"acf":[],"yoast_head":"<!-- This site is optimized with the Yoast SEO plugin v27.3 - https:\/\/yoast.com\/product\/yoast-seo-wordpress\/ -->\n<title>Weiterbildungsoffensive f\u00fcr Sozialhilfe-Bez\u00fcger - SVEB<\/title>\n<meta name=\"description\" content=\"Die vom SVEB und der SKOS lancierte Weiterbildungsoffensive hat das Ziel, dass alle von der Sozialhilfe Unterst\u00fctzten Weiterbildung erhalten.\" \/>\n<meta name=\"robots\" content=\"index, follow, max-snippet:-1, max-image-preview:large, max-video-preview:-1\" \/>\n<link rel=\"canonical\" href=\"https:\/\/alice.ch\/de\/sveb\/weiterbildungspolitik\/sozialhilfe\/\" \/>\n<meta property=\"og:locale\" content=\"de_DE\" \/>\n<meta property=\"og:type\" content=\"article\" \/>\n<meta property=\"og:title\" content=\"Weiterbildungsoffensive f\u00fcr Sozialhilfe-Bez\u00fcger - SVEB\" \/>\n<meta property=\"og:description\" content=\"Die vom SVEB und der SKOS lancierte Weiterbildungsoffensive hat das Ziel, dass alle von der Sozialhilfe Unterst\u00fctzten Weiterbildung erhalten.\" \/>\n<meta property=\"og:url\" content=\"https:\/\/alice.ch\/de\/sveb\/weiterbildungspolitik\/sozialhilfe\/\" \/>\n<meta property=\"og:site_name\" content=\"SVEB\" \/>\n<meta property=\"article:modified_time\" content=\"2023-02-05T15:06:31+00:00\" \/>\n<meta property=\"og:image\" content=\"https:\/\/alice.ch\/app\/uploads\/2022\/12\/skos-logo.png\" \/>\n<meta name=\"twitter:card\" content=\"summary_large_image\" \/>\n<meta name=\"twitter:label1\" content=\"Gesch\u00e4tzte Lesezeit\" \/>\n\t<meta name=\"twitter:data1\" content=\"3\u00a0Minuten\" \/>\n<script type=\"application\/ld+json\" class=\"yoast-schema-graph\">{\"@context\":\"https:\\\/\\\/schema.org\",\"@graph\":[{\"@type\":\"WebPage\",\"@id\":\"https:\\\/\\\/alice.ch\\\/de\\\/sveb\\\/weiterbildungspolitik\\\/sozialhilfe\\\/\",\"url\":\"https:\\\/\\\/alice.ch\\\/de\\\/sveb\\\/weiterbildungspolitik\\\/sozialhilfe\\\/\",\"name\":\"Weiterbildungsoffensive f\u00fcr Sozialhilfe-Bez\u00fcger - SVEB\",\"isPartOf\":{\"@id\":\"https:\\\/\\\/alice.ch\\\/de\\\/#website\"},\"primaryImageOfPage\":{\"@id\":\"https:\\\/\\\/alice.ch\\\/de\\\/sveb\\\/weiterbildungspolitik\\\/sozialhilfe\\\/#primaryimage\"},\"image\":{\"@id\":\"https:\\\/\\\/alice.ch\\\/de\\\/sveb\\\/weiterbildungspolitik\\\/sozialhilfe\\\/#primaryimage\"},\"thumbnailUrl\":\"https:\\\/\\\/alice.ch\\\/app\\\/uploads\\\/2022\\\/11\\\/default.jpg\",\"datePublished\":\"2022-08-16T14:29:11+00:00\",\"dateModified\":\"2023-02-05T15:06:31+00:00\",\"description\":\"Die vom SVEB und der SKOS lancierte Weiterbildungsoffensive hat das Ziel, dass alle von der Sozialhilfe Unterst\u00fctzten Weiterbildung erhalten.\",\"breadcrumb\":{\"@id\":\"https:\\\/\\\/alice.ch\\\/de\\\/sveb\\\/weiterbildungspolitik\\\/sozialhilfe\\\/#breadcrumb\"},\"inLanguage\":\"de\",\"potentialAction\":[{\"@type\":\"ReadAction\",\"target\":[\"https:\\\/\\\/alice.ch\\\/de\\\/sveb\\\/weiterbildungspolitik\\\/sozialhilfe\\\/\"]}]},{\"@type\":\"ImageObject\",\"inLanguage\":\"de\",\"@id\":\"https:\\\/\\\/alice.ch\\\/de\\\/sveb\\\/weiterbildungspolitik\\\/sozialhilfe\\\/#primaryimage\",\"url\":\"https:\\\/\\\/alice.ch\\\/app\\\/uploads\\\/2022\\\/11\\\/default.jpg\",\"contentUrl\":\"https:\\\/\\\/alice.ch\\\/app\\\/uploads\\\/2022\\\/11\\\/default.jpg\",\"width\":1600,\"height\":900},{\"@type\":\"BreadcrumbList\",\"@id\":\"https:\\\/\\\/alice.ch\\\/de\\\/sveb\\\/weiterbildungspolitik\\\/sozialhilfe\\\/#breadcrumb\",\"itemListElement\":[{\"@type\":\"ListItem\",\"position\":1,\"name\":\"Startseite\",\"item\":\"https:\\\/\\\/alice.ch\\\/de\\\/\"},{\"@type\":\"ListItem\",\"position\":2,\"name\":\"SVEB\",\"item\":\"https:\\\/\\\/alice.ch\\\/de\\\/sveb\\\/\"},{\"@type\":\"ListItem\",\"position\":3,\"name\":\"Weiterbildungspolitik\",\"item\":\"https:\\\/\\\/alice.ch\\\/de\\\/sveb\\\/weiterbildungspolitik\\\/\"},{\"@type\":\"ListItem\",\"position\":4,\"name\":\"Sozialhilfe\"}]},{\"@type\":\"WebSite\",\"@id\":\"https:\\\/\\\/alice.ch\\\/de\\\/#website\",\"url\":\"https:\\\/\\\/alice.ch\\\/de\\\/\",\"name\":\"alice.ch (Adult Learning Information Center) ist das Portal der Weiterbildung in der Schweiz.\",\"description\":\"Schweizerischer Verband f\u00fcr Weiterbildung\",\"publisher\":{\"@id\":\"https:\\\/\\\/alice.ch\\\/de\\\/#organization\"},\"potentialAction\":[{\"@type\":\"SearchAction\",\"target\":{\"@type\":\"EntryPoint\",\"urlTemplate\":\"https:\\\/\\\/alice.ch\\\/de\\\/?s={search_term_string}\"},\"query-input\":{\"@type\":\"PropertyValueSpecification\",\"valueRequired\":true,\"valueName\":\"search_term_string\"}}],\"inLanguage\":\"de\"},{\"@type\":\"Organization\",\"@id\":\"https:\\\/\\\/alice.ch\\\/de\\\/#organization\",\"name\":\"SVEB Schweizerischer Verband f\u00fcr Weiterbildung\",\"url\":\"https:\\\/\\\/alice.ch\\\/de\\\/\",\"logo\":{\"@type\":\"ImageObject\",\"inLanguage\":\"de\",\"@id\":\"https:\\\/\\\/alice.ch\\\/de\\\/#\\\/schema\\\/logo\\\/image\\\/\",\"url\":\"https:\\\/\\\/alice.ch\\\/app\\\/uploads\\\/2022\\\/07\\\/logo-sveb.png\",\"contentUrl\":\"https:\\\/\\\/alice.ch\\\/app\\\/uploads\\\/2022\\\/07\\\/logo-sveb.png\",\"width\":145,\"height\":64,\"caption\":\"SVEB Schweizerischer Verband f\u00fcr Weiterbildung\"},\"image\":{\"@id\":\"https:\\\/\\\/alice.ch\\\/de\\\/#\\\/schema\\\/logo\\\/image\\\/\"},\"sameAs\":[\"https:\\\/\\\/www.linkedin.com\\\/company\\\/schweizerischer-verband-fr-weiterbildung-sveb\\\/\"]}]}<\/script>\n<!-- \/ Yoast SEO plugin. -->","yoast_head_json":{"title":"Weiterbildungsoffensive f\u00fcr Sozialhilfe-Bez\u00fcger - SVEB","description":"Die vom SVEB und der SKOS lancierte Weiterbildungsoffensive hat das Ziel, dass alle von der Sozialhilfe Unterst\u00fctzten Weiterbildung erhalten.","robots":{"index":"index","follow":"follow","max-snippet":"max-snippet:-1","max-image-preview":"max-image-preview:large","max-video-preview":"max-video-preview:-1"},"canonical":"https:\/\/alice.ch\/de\/sveb\/weiterbildungspolitik\/sozialhilfe\/","og_locale":"de_DE","og_type":"article","og_title":"Weiterbildungsoffensive f\u00fcr Sozialhilfe-Bez\u00fcger - SVEB","og_description":"Die vom SVEB und der SKOS lancierte Weiterbildungsoffensive hat das Ziel, dass alle von der Sozialhilfe Unterst\u00fctzten Weiterbildung erhalten.","og_url":"https:\/\/alice.ch\/de\/sveb\/weiterbildungspolitik\/sozialhilfe\/","og_site_name":"SVEB","article_modified_time":"2023-02-05T15:06:31+00:00","og_image":[{"url":"https:\/\/alice.ch\/app\/uploads\/2022\/12\/skos-logo.png","type":"","width":"","height":""}],"twitter_card":"summary_large_image","twitter_misc":{"Gesch\u00e4tzte Lesezeit":"3\u00a0Minuten"},"schema":{"@context":"https:\/\/schema.org","@graph":[{"@type":"WebPage","@id":"https:\/\/alice.ch\/de\/sveb\/weiterbildungspolitik\/sozialhilfe\/","url":"https:\/\/alice.ch\/de\/sveb\/weiterbildungspolitik\/sozialhilfe\/","name":"Weiterbildungsoffensive f\u00fcr Sozialhilfe-Bez\u00fcger - SVEB","isPartOf":{"@id":"https:\/\/alice.ch\/de\/#website"},"primaryImageOfPage":{"@id":"https:\/\/alice.ch\/de\/sveb\/weiterbildungspolitik\/sozialhilfe\/#primaryimage"},"image":{"@id":"https:\/\/alice.ch\/de\/sveb\/weiterbildungspolitik\/sozialhilfe\/#primaryimage"},"thumbnailUrl":"https:\/\/alice.ch\/app\/uploads\/2022\/11\/default.jpg","datePublished":"2022-08-16T14:29:11+00:00","dateModified":"2023-02-05T15:06:31+00:00","description":"Die vom SVEB und der SKOS lancierte Weiterbildungsoffensive hat das Ziel, dass alle von der Sozialhilfe Unterst\u00fctzten Weiterbildung erhalten.","breadcrumb":{"@id":"https:\/\/alice.ch\/de\/sveb\/weiterbildungspolitik\/sozialhilfe\/#breadcrumb"},"inLanguage":"de","potentialAction":[{"@type":"ReadAction","target":["https:\/\/alice.ch\/de\/sveb\/weiterbildungspolitik\/sozialhilfe\/"]}]},{"@type":"ImageObject","inLanguage":"de","@id":"https:\/\/alice.ch\/de\/sveb\/weiterbildungspolitik\/sozialhilfe\/#primaryimage","url":"https:\/\/alice.ch\/app\/uploads\/2022\/11\/default.jpg","contentUrl":"https:\/\/alice.ch\/app\/uploads\/2022\/11\/default.jpg","width":1600,"height":900},{"@type":"BreadcrumbList","@id":"https:\/\/alice.ch\/de\/sveb\/weiterbildungspolitik\/sozialhilfe\/#breadcrumb","itemListElement":[{"@type":"ListItem","position":1,"name":"Startseite","item":"https:\/\/alice.ch\/de\/"},{"@type":"ListItem","position":2,"name":"SVEB","item":"https:\/\/alice.ch\/de\/sveb\/"},{"@type":"ListItem","position":3,"name":"Weiterbildungspolitik","item":"https:\/\/alice.ch\/de\/sveb\/weiterbildungspolitik\/"},{"@type":"ListItem","position":4,"name":"Sozialhilfe"}]},{"@type":"WebSite","@id":"https:\/\/alice.ch\/de\/#website","url":"https:\/\/alice.ch\/de\/","name":"alice.ch (Adult Learning Information Center) ist das Portal der Weiterbildung in der Schweiz.","description":"Schweizerischer Verband f\u00fcr Weiterbildung","publisher":{"@id":"https:\/\/alice.ch\/de\/#organization"},"potentialAction":[{"@type":"SearchAction","target":{"@type":"EntryPoint","urlTemplate":"https:\/\/alice.ch\/de\/?s={search_term_string}"},"query-input":{"@type":"PropertyValueSpecification","valueRequired":true,"valueName":"search_term_string"}}],"inLanguage":"de"},{"@type":"Organization","@id":"https:\/\/alice.ch\/de\/#organization","name":"SVEB Schweizerischer Verband f\u00fcr Weiterbildung","url":"https:\/\/alice.ch\/de\/","logo":{"@type":"ImageObject","inLanguage":"de","@id":"https:\/\/alice.ch\/de\/#\/schema\/logo\/image\/","url":"https:\/\/alice.ch\/app\/uploads\/2022\/07\/logo-sveb.png","contentUrl":"https:\/\/alice.ch\/app\/uploads\/2022\/07\/logo-sveb.png","width":145,"height":64,"caption":"SVEB Schweizerischer Verband f\u00fcr Weiterbildung"},"image":{"@id":"https:\/\/alice.ch\/de\/#\/schema\/logo\/image\/"},"sameAs":["https:\/\/www.linkedin.com\/company\/schweizerischer-verband-fr-weiterbildung-sveb\/"]}]}},"_links":{"self":[{"href":"https:\/\/alice.ch\/de\/wp-json\/wp\/v2\/pages\/422","targetHints":{"allow":["GET"]}}],"collection":[{"href":"https:\/\/alice.ch\/de\/wp-json\/wp\/v2\/pages"}],"about":[{"href":"https:\/\/alice.ch\/de\/wp-json\/wp\/v2\/types\/page"}],"author":[{"embeddable":true,"href":"https:\/\/alice.ch\/de\/wp-json\/wp\/v2\/users\/4"}],"replies":[{"embeddable":true,"href":"https:\/\/alice.ch\/de\/wp-json\/wp\/v2\/comments?post=422"}],"version-history":[{"count":64,"href":"https:\/\/alice.ch\/de\/wp-json\/wp\/v2\/pages\/422\/revisions"}],"predecessor-version":[{"id":44638,"href":"https:\/\/alice.ch\/de\/wp-json\/wp\/v2\/pages\/422\/revisions\/44638"}],"up":[{"embeddable":true,"href":"https:\/\/alice.ch\/de\/wp-json\/wp\/v2\/pages\/31920"}],"wp:featuredmedia":[{"embeddable":true,"href":"https:\/\/alice.ch\/de\/wp-json\/wp\/v2\/media\/20799"}],"wp:attachment":[{"href":"https:\/\/alice.ch\/de\/wp-json\/wp\/v2\/media?parent=422"}],"curies":[{"name":"wp","href":"https:\/\/api.w.org\/{rel}","templated":true}]}}