{"id":427,"date":"2022-08-16T16:30:00","date_gmt":"2022-08-16T14:30:00","guid":{"rendered":"https:\/\/projects.atxeit.ch\/sveb\/?page_id=427"},"modified":"2025-11-24T14:16:36","modified_gmt":"2025-11-24T13:16:36","slug":"sveb-branchenmonitor","status":"publish","type":"page","link":"https:\/\/alice.ch\/de\/forschung\/forschungsaktivitaeten-des-sveb\/sveb-branchenmonitor\/","title":{"rendered":"SVEB-Branchenmonitor"},"content":{"rendered":"\n<div class=\"wp-block-group is-style-reduced-width is-layout-flow wp-block-group-is-layout-flow\">\n<h1 class=\"wp-block-heading\">SVEB-Branchenmonitor Weiterbildung<\/h1>\n\n\n\n<article class=\"wp-block-group is-layout-flow wp-block-group-is-layout-flow\">\n<p>Der SVEB-Branchenmonitor erfasst aktuelle Entwicklungen und Tendenzen des Weiterbildungsmarktes. Auf der Basis periodischer Anbieterbefragungen werden die Entwicklungen in den Weiterbildungsinstitutionen mithilfe von 4 Dimensionen erfasst:<\/p>\n\n\n\n<ul class=\"wp-block-list\">\n<li>Wirtschaftliche Situation<\/li>\n\n\n\n<li>Angebot<\/li>\n\n\n\n<li>Nachfrage<\/li>\n\n\n\n<li>Personalbestand<\/li>\n<\/ul>\n\n\n\n<p>Parallel dazu untersucht der SVEB Trends in der Weiterbildung in Bereichen wie Professionalisierung und Digitalisierung. Mit dem Branchenmonitor beobachten wir diese und weitere Tendenzen und denken m\u00f6gliche Prognosen f\u00fcr die weitere Entwicklung der Branche an.<\/p>\n\n\n\n\t\n\t<div class=\"publication-item\">\n\t\t<div class=\"image\">\n\t\t\t<img decoding=\"async\" width=\"492\" height=\"696\" src=\"https:\/\/alice.ch\/app\/uploads\/2025\/11\/sveb-branchenmonitor-2025-cover.png\" class=\"attachment-post-thumbnail size-post-thumbnail wp-post-image\" alt=\"\" srcset=\"https:\/\/alice.ch\/app\/uploads\/2025\/11\/sveb-branchenmonitor-2025-cover.png 492w, https:\/\/alice.ch\/app\/uploads\/2025\/11\/sveb-branchenmonitor-2025-cover-212x300.png 212w\" sizes=\"(max-width: 492px) 100vw, 492px\" \/>\t\t<\/div>\n\n\t\t<div class=\"content\">\n\t\t\t<h3>SVEB-Branchenmonitor 2025<\/h3>\n\t\t\t<div class=\"description\"><p>Gem\u00e4ss SVEB-Branchenmonitor 2025 gehen Anbieter von einer leicht positiven Entwicklung von Angebot und Nachfrage aus. Doch\u00a0der hohe Wettbewerbsdruck stellt sie vor Herausforderungen.<\/p>\n<\/div>\n\n\t\t\t<div class=\"meta\">\n\t\t\t\t<ul>\n\t\t\t\t\t\t\t\t\t\t\t<li><strong>Preis:<\/strong> kostenlos<\/li>\n\t\t\t\t\t\n\t\t\t\t\t\t\t\t\t\t\t<li><strong>Herausgeber:<\/strong> SVEB<\/li>\n\t\t\t\t\t\n\t\t\t\t\t\t\t\t\t\t\t<li><strong>Autor:<\/strong> Aranya Sritharan<\/li>\n\t\t\t\t\t\n\t\t\t\t\t\t\t\t\t\t\t<li><strong>Vertrieb:<\/strong> SVEB, 29 Seiten<\/li>\n\t\t\t\t\t\n\t\t\t\t\t\n\t\t\t\t\t\n\t\t\t\t\t\t\t\t\t<\/ul>\n\n\t\t\t\t<ul class=\"actions\">\n\t\t\t\t\t\t\t\t\t\t\t<li><a class=\"button\" href=\"https:\/\/alice.ch\/de\/download-de\/?pub-id=72290\">Download<\/a><\/li>\n\t\t\t\t\t\n\t\t\t\t\t\t\t\t\t<\/ul>\n\t\t\t<\/div>\n\t\t<\/div>\n\n\n\t<\/div>\n\n\n\t\n\n\n<h2 class=\"wp-block-heading\">Aktueller Stand<\/h2>\n\n\n\n<p>Die Anbieterbefragung 2025 wurde zwischen April und Mai durchgef\u00fchrt. Die Resultate basieren auf den Antworten von 355 Weiterbildungsanbietern.<\/p>\n\n\n\n<p>Der Branchenmonitor 2025 zeigt f\u00fcr das Vorjahr sowie f\u00fcr das laufende Jahr eine leicht positive Entwicklung. Auch in diesem Jahr berichten die Anbieter \u00fcber einen hohen Wettbewerbsdruck sowie einen sich versch\u00e4rfenden Fachkr\u00e4ftemangel.<\/p>\n\n\n\n<h2 class=\"wp-block-heading\">Monitoring gem\u00e4ss WeBiG<\/h2>\n\n\n\n<p>Der Bund hat gem\u00e4ss&nbsp;<a href=\"https:\/\/alice.ch\/de\/sveb\/weiterbildungspolitik\/weiterbildungsgesetz\/\">Weiterbildungsgesetz<\/a>&nbsp;(WeBiG) Art. 19 den Auftrag, ein Monitoring \u00fcber den Weiterbildungsmarkt sicherzustellen. Der SVEB-Branchenmonitor ist ein Beitrag zu diesem Monitoring.<\/p>\n\n\n\n<p>Die j\u00e4hrliche Umsetzung des Monitorings wird vom <a href=\"https:\/\/www.sbfi.admin.ch\/sbfi\/de\/home.html\" target=\"_blank\" rel=\"noreferrer noopener\">Staatssekretariat f\u00fcr Bildung, Forschung und Innovation (SBFI)<\/a> finanziell unterst\u00fctzt.<\/p>\n\n\n\n<h2 class=\"wp-block-heading\">Vorgehen<\/h2>\n\n\n\n<p>Die Konzeption eines Branchenmonitors wurde im Rahmen eines Projektes im Auftrag des SBFI entwickelt. Der SVEB-Branchenmonitor basiert auf einer j\u00e4hrlichen Online-Befragung von Weiterbildungsanbietern.<\/p>\n<\/article>\n\n\n\n<h2 class=\"wp-block-heading\">Weitere Informationen<\/h2>\n\n\n\n<div class=\"wp-block-buttons is-layout-flex wp-block-buttons-is-layout-flex\">\n<div class=\"wp-block-button is-style-minimal\"><a class=\"wp-block-button__link wp-element-button\" href=\"https:\/\/alice.ch\/de\/dienstleistungen\/publikationen-und-produkte\/studien\/\">Alle Studien des SVEB<\/a><\/div>\n<\/div>\n\n\n\n<h2 class=\"wp-block-heading\">Kontakt<\/h2>\n\n\n\n<div class=\"wp-block-columns is-layout-flex wp-container-core-columns-is-layout-28f84493 wp-block-columns-is-layout-flex\">\n<div class=\"wp-block-column is-layout-flow wp-block-column-is-layout-flow\" style=\"flex-basis:50%\"><div class=\"contact-persons\">\n\n\t\t\t\t\t<div class=\"contact-person\">\n\t\t\t\t\tIrena Sgier<br \/>\t\t\t\t\t Stv. Direktorin, Leiterin Forschung, Entwicklung und Innovation<br \/>\t\t\t\t\t<br \/>\n\t\t\t\t\t\t\t\t\t\t<a href=\"tel:+41 (0)44 319 71 59\">+41 (0)44 319 71 59<\/a><br \/>\t\t\t\t\t<a href=\"mailto:irena.sgier@alice.ch\">irena.sgier@alice.ch<\/a><br \/>\t\t\t\t\t<\/div>\n\t\t\t\t\t<\/div>\n<\/div>\n\n\n\n<div class=\"wp-block-column is-layout-flow wp-block-column-is-layout-flow\" style=\"flex-basis:50%\"><\/div>\n<\/div>\n<\/div>\n","protected":false},"excerpt":{"rendered":"<p>SVEB-Branchenmonitor Weiterbildung Der SVEB-Branchenmonitor erfasst aktuelle Entwicklungen und Tendenzen des Weiterbildungsmarktes. Auf der Basis periodischer Anbieterbefragungen werden die Entwicklungen in [&hellip;]<\/p>\n","protected":false},"author":2,"featured_media":20799,"parent":532,"menu_order":331,"comment_status":"closed","ping_status":"closed","template":"","meta":{"_acf_changed":false,"inline_featured_image":false,"footnotes":""},"class_list":["post-427","page","type-page","status-publish","has-post-thumbnail","hentry"],"acf":[],"yoast_head":"<!-- This site is optimized with the Yoast SEO plugin v27.3 - https:\/\/yoast.com\/product\/yoast-seo-wordpress\/ -->\n<title>SVEB-Branchenmonitor - SVEB<\/title>\n<meta name=\"description\" content=\"Hier finden Sie den aktuellen Branchenmonitor zum Download, Informationen zum Vorgehen, dem aktuellen Stand und dem Monitoring gem\u00e4ss WeBiG.\" \/>\n<meta name=\"robots\" content=\"index, follow, max-snippet:-1, max-image-preview:large, max-video-preview:-1\" \/>\n<link rel=\"canonical\" href=\"https:\/\/alice.ch\/de\/forschung\/forschungsaktivitaeten-des-sveb\/sveb-branchenmonitor\/\" \/>\n<meta property=\"og:locale\" content=\"de_DE\" \/>\n<meta property=\"og:type\" content=\"article\" \/>\n<meta property=\"og:title\" content=\"SVEB-Branchenmonitor - SVEB\" \/>\n<meta property=\"og:description\" content=\"Hier finden Sie den aktuellen Branchenmonitor zum Download, Informationen zum Vorgehen, dem aktuellen Stand und dem Monitoring gem\u00e4ss WeBiG.\" \/>\n<meta property=\"og:url\" content=\"https:\/\/alice.ch\/de\/forschung\/forschungsaktivitaeten-des-sveb\/sveb-branchenmonitor\/\" \/>\n<meta property=\"og:site_name\" content=\"SVEB\" \/>\n<meta property=\"article:modified_time\" content=\"2025-11-24T13:16:36+00:00\" \/>\n<meta name=\"twitter:card\" content=\"summary_large_image\" \/>\n<meta name=\"twitter:label1\" content=\"Gesch\u00e4tzte Lesezeit\" \/>\n\t<meta name=\"twitter:data1\" content=\"1\u00a0Minute\" \/>\n<script type=\"application\/ld+json\" class=\"yoast-schema-graph\">{\"@context\":\"https:\\\/\\\/schema.org\",\"@graph\":[{\"@type\":\"WebPage\",\"@id\":\"https:\\\/\\\/alice.ch\\\/de\\\/forschung\\\/forschungsaktivitaeten-des-sveb\\\/sveb-branchenmonitor\\\/\",\"url\":\"https:\\\/\\\/alice.ch\\\/de\\\/forschung\\\/forschungsaktivitaeten-des-sveb\\\/sveb-branchenmonitor\\\/\",\"name\":\"SVEB-Branchenmonitor - SVEB\",\"isPartOf\":{\"@id\":\"https:\\\/\\\/alice.ch\\\/de\\\/#website\"},\"primaryImageOfPage\":{\"@id\":\"https:\\\/\\\/alice.ch\\\/de\\\/forschung\\\/forschungsaktivitaeten-des-sveb\\\/sveb-branchenmonitor\\\/#primaryimage\"},\"image\":{\"@id\":\"https:\\\/\\\/alice.ch\\\/de\\\/forschung\\\/forschungsaktivitaeten-des-sveb\\\/sveb-branchenmonitor\\\/#primaryimage\"},\"thumbnailUrl\":\"https:\\\/\\\/alice.ch\\\/app\\\/uploads\\\/2022\\\/11\\\/default.jpg\",\"datePublished\":\"2022-08-16T14:30:00+00:00\",\"dateModified\":\"2025-11-24T13:16:36+00:00\",\"description\":\"Hier finden Sie den aktuellen Branchenmonitor zum Download, Informationen zum Vorgehen, dem aktuellen Stand und dem Monitoring gem\u00e4ss WeBiG.\",\"breadcrumb\":{\"@id\":\"https:\\\/\\\/alice.ch\\\/de\\\/forschung\\\/forschungsaktivitaeten-des-sveb\\\/sveb-branchenmonitor\\\/#breadcrumb\"},\"inLanguage\":\"de\",\"potentialAction\":[{\"@type\":\"ReadAction\",\"target\":[\"https:\\\/\\\/alice.ch\\\/de\\\/forschung\\\/forschungsaktivitaeten-des-sveb\\\/sveb-branchenmonitor\\\/\"]}]},{\"@type\":\"ImageObject\",\"inLanguage\":\"de\",\"@id\":\"https:\\\/\\\/alice.ch\\\/de\\\/forschung\\\/forschungsaktivitaeten-des-sveb\\\/sveb-branchenmonitor\\\/#primaryimage\",\"url\":\"https:\\\/\\\/alice.ch\\\/app\\\/uploads\\\/2022\\\/11\\\/default.jpg\",\"contentUrl\":\"https:\\\/\\\/alice.ch\\\/app\\\/uploads\\\/2022\\\/11\\\/default.jpg\",\"width\":1600,\"height\":900},{\"@type\":\"BreadcrumbList\",\"@id\":\"https:\\\/\\\/alice.ch\\\/de\\\/forschung\\\/forschungsaktivitaeten-des-sveb\\\/sveb-branchenmonitor\\\/#breadcrumb\",\"itemListElement\":[{\"@type\":\"ListItem\",\"position\":1,\"name\":\"Startseite\",\"item\":\"https:\\\/\\\/alice.ch\\\/de\\\/\"},{\"@type\":\"ListItem\",\"position\":2,\"name\":\"Forschung\",\"item\":\"https:\\\/\\\/alice.ch\\\/de\\\/forschung\\\/\"},{\"@type\":\"ListItem\",\"position\":3,\"name\":\"Forschungsaktivit\u00e4ten des SVEB\",\"item\":\"https:\\\/\\\/alice.ch\\\/de\\\/forschung\\\/forschungsaktivitaeten-des-sveb\\\/\"},{\"@type\":\"ListItem\",\"position\":4,\"name\":\"SVEB-Branchenmonitor\"}]},{\"@type\":\"WebSite\",\"@id\":\"https:\\\/\\\/alice.ch\\\/de\\\/#website\",\"url\":\"https:\\\/\\\/alice.ch\\\/de\\\/\",\"name\":\"alice.ch (Adult Learning Information Center) ist das Portal der Weiterbildung in der Schweiz.\",\"description\":\"Schweizerischer Verband f\u00fcr Weiterbildung\",\"publisher\":{\"@id\":\"https:\\\/\\\/alice.ch\\\/de\\\/#organization\"},\"potentialAction\":[{\"@type\":\"SearchAction\",\"target\":{\"@type\":\"EntryPoint\",\"urlTemplate\":\"https:\\\/\\\/alice.ch\\\/de\\\/?s={search_term_string}\"},\"query-input\":{\"@type\":\"PropertyValueSpecification\",\"valueRequired\":true,\"valueName\":\"search_term_string\"}}],\"inLanguage\":\"de\"},{\"@type\":\"Organization\",\"@id\":\"https:\\\/\\\/alice.ch\\\/de\\\/#organization\",\"name\":\"SVEB Schweizerischer Verband f\u00fcr Weiterbildung\",\"url\":\"https:\\\/\\\/alice.ch\\\/de\\\/\",\"logo\":{\"@type\":\"ImageObject\",\"inLanguage\":\"de\",\"@id\":\"https:\\\/\\\/alice.ch\\\/de\\\/#\\\/schema\\\/logo\\\/image\\\/\",\"url\":\"https:\\\/\\\/alice.ch\\\/app\\\/uploads\\\/2022\\\/07\\\/logo-sveb.png\",\"contentUrl\":\"https:\\\/\\\/alice.ch\\\/app\\\/uploads\\\/2022\\\/07\\\/logo-sveb.png\",\"width\":145,\"height\":64,\"caption\":\"SVEB Schweizerischer Verband f\u00fcr Weiterbildung\"},\"image\":{\"@id\":\"https:\\\/\\\/alice.ch\\\/de\\\/#\\\/schema\\\/logo\\\/image\\\/\"},\"sameAs\":[\"https:\\\/\\\/www.linkedin.com\\\/company\\\/schweizerischer-verband-fr-weiterbildung-sveb\\\/\"]}]}<\/script>\n<!-- \/ Yoast SEO plugin. -->","yoast_head_json":{"title":"SVEB-Branchenmonitor - SVEB","description":"Hier finden Sie den aktuellen Branchenmonitor zum Download, Informationen zum Vorgehen, dem aktuellen Stand und dem Monitoring gem\u00e4ss WeBiG.","robots":{"index":"index","follow":"follow","max-snippet":"max-snippet:-1","max-image-preview":"max-image-preview:large","max-video-preview":"max-video-preview:-1"},"canonical":"https:\/\/alice.ch\/de\/forschung\/forschungsaktivitaeten-des-sveb\/sveb-branchenmonitor\/","og_locale":"de_DE","og_type":"article","og_title":"SVEB-Branchenmonitor - SVEB","og_description":"Hier finden Sie den aktuellen Branchenmonitor zum Download, Informationen zum Vorgehen, dem aktuellen Stand und dem Monitoring gem\u00e4ss WeBiG.","og_url":"https:\/\/alice.ch\/de\/forschung\/forschungsaktivitaeten-des-sveb\/sveb-branchenmonitor\/","og_site_name":"SVEB","article_modified_time":"2025-11-24T13:16:36+00:00","twitter_card":"summary_large_image","twitter_misc":{"Gesch\u00e4tzte Lesezeit":"1\u00a0Minute"},"schema":{"@context":"https:\/\/schema.org","@graph":[{"@type":"WebPage","@id":"https:\/\/alice.ch\/de\/forschung\/forschungsaktivitaeten-des-sveb\/sveb-branchenmonitor\/","url":"https:\/\/alice.ch\/de\/forschung\/forschungsaktivitaeten-des-sveb\/sveb-branchenmonitor\/","name":"SVEB-Branchenmonitor - SVEB","isPartOf":{"@id":"https:\/\/alice.ch\/de\/#website"},"primaryImageOfPage":{"@id":"https:\/\/alice.ch\/de\/forschung\/forschungsaktivitaeten-des-sveb\/sveb-branchenmonitor\/#primaryimage"},"image":{"@id":"https:\/\/alice.ch\/de\/forschung\/forschungsaktivitaeten-des-sveb\/sveb-branchenmonitor\/#primaryimage"},"thumbnailUrl":"https:\/\/alice.ch\/app\/uploads\/2022\/11\/default.jpg","datePublished":"2022-08-16T14:30:00+00:00","dateModified":"2025-11-24T13:16:36+00:00","description":"Hier finden Sie den aktuellen Branchenmonitor zum Download, Informationen zum Vorgehen, dem aktuellen Stand und dem Monitoring gem\u00e4ss WeBiG.","breadcrumb":{"@id":"https:\/\/alice.ch\/de\/forschung\/forschungsaktivitaeten-des-sveb\/sveb-branchenmonitor\/#breadcrumb"},"inLanguage":"de","potentialAction":[{"@type":"ReadAction","target":["https:\/\/alice.ch\/de\/forschung\/forschungsaktivitaeten-des-sveb\/sveb-branchenmonitor\/"]}]},{"@type":"ImageObject","inLanguage":"de","@id":"https:\/\/alice.ch\/de\/forschung\/forschungsaktivitaeten-des-sveb\/sveb-branchenmonitor\/#primaryimage","url":"https:\/\/alice.ch\/app\/uploads\/2022\/11\/default.jpg","contentUrl":"https:\/\/alice.ch\/app\/uploads\/2022\/11\/default.jpg","width":1600,"height":900},{"@type":"BreadcrumbList","@id":"https:\/\/alice.ch\/de\/forschung\/forschungsaktivitaeten-des-sveb\/sveb-branchenmonitor\/#breadcrumb","itemListElement":[{"@type":"ListItem","position":1,"name":"Startseite","item":"https:\/\/alice.ch\/de\/"},{"@type":"ListItem","position":2,"name":"Forschung","item":"https:\/\/alice.ch\/de\/forschung\/"},{"@type":"ListItem","position":3,"name":"Forschungsaktivit\u00e4ten des SVEB","item":"https:\/\/alice.ch\/de\/forschung\/forschungsaktivitaeten-des-sveb\/"},{"@type":"ListItem","position":4,"name":"SVEB-Branchenmonitor"}]},{"@type":"WebSite","@id":"https:\/\/alice.ch\/de\/#website","url":"https:\/\/alice.ch\/de\/","name":"alice.ch (Adult Learning Information Center) ist das Portal der Weiterbildung in der Schweiz.","description":"Schweizerischer Verband f\u00fcr Weiterbildung","publisher":{"@id":"https:\/\/alice.ch\/de\/#organization"},"potentialAction":[{"@type":"SearchAction","target":{"@type":"EntryPoint","urlTemplate":"https:\/\/alice.ch\/de\/?s={search_term_string}"},"query-input":{"@type":"PropertyValueSpecification","valueRequired":true,"valueName":"search_term_string"}}],"inLanguage":"de"},{"@type":"Organization","@id":"https:\/\/alice.ch\/de\/#organization","name":"SVEB Schweizerischer Verband f\u00fcr Weiterbildung","url":"https:\/\/alice.ch\/de\/","logo":{"@type":"ImageObject","inLanguage":"de","@id":"https:\/\/alice.ch\/de\/#\/schema\/logo\/image\/","url":"https:\/\/alice.ch\/app\/uploads\/2022\/07\/logo-sveb.png","contentUrl":"https:\/\/alice.ch\/app\/uploads\/2022\/07\/logo-sveb.png","width":145,"height":64,"caption":"SVEB Schweizerischer Verband f\u00fcr Weiterbildung"},"image":{"@id":"https:\/\/alice.ch\/de\/#\/schema\/logo\/image\/"},"sameAs":["https:\/\/www.linkedin.com\/company\/schweizerischer-verband-fr-weiterbildung-sveb\/"]}]}},"_links":{"self":[{"href":"https:\/\/alice.ch\/de\/wp-json\/wp\/v2\/pages\/427","targetHints":{"allow":["GET"]}}],"collection":[{"href":"https:\/\/alice.ch\/de\/wp-json\/wp\/v2\/pages"}],"about":[{"href":"https:\/\/alice.ch\/de\/wp-json\/wp\/v2\/types\/page"}],"author":[{"embeddable":true,"href":"https:\/\/alice.ch\/de\/wp-json\/wp\/v2\/users\/2"}],"replies":[{"embeddable":true,"href":"https:\/\/alice.ch\/de\/wp-json\/wp\/v2\/comments?post=427"}],"version-history":[{"count":39,"href":"https:\/\/alice.ch\/de\/wp-json\/wp\/v2\/pages\/427\/revisions"}],"predecessor-version":[{"id":72297,"href":"https:\/\/alice.ch\/de\/wp-json\/wp\/v2\/pages\/427\/revisions\/72297"}],"up":[{"embeddable":true,"href":"https:\/\/alice.ch\/de\/wp-json\/wp\/v2\/pages\/532"}],"wp:featuredmedia":[{"embeddable":true,"href":"https:\/\/alice.ch\/de\/wp-json\/wp\/v2\/media\/20799"}],"wp:attachment":[{"href":"https:\/\/alice.ch\/de\/wp-json\/wp\/v2\/media?parent=427"}],"curies":[{"name":"wp","href":"https:\/\/api.w.org\/{rel}","templated":true}]}}