{"id":429,"date":"2022-08-16T16:30:33","date_gmt":"2022-08-16T14:30:33","guid":{"rendered":"https:\/\/projects.atxeit.ch\/sveb\/?page_id=429"},"modified":"2025-06-02T15:36:25","modified_gmt":"2025-06-02T13:36:25","slug":"kmu-studie","status":"publish","type":"page","link":"https:\/\/alice.ch\/de\/forschung\/forschungsaktivitaeten-des-sveb\/kmu-studie\/","title":{"rendered":"KMU-Studie"},"content":{"rendered":"\n<div class=\"wp-block-group is-style-reduced-width is-layout-flow wp-block-group-is-layout-flow\">\n<h1 class=\"wp-block-heading\">Studie \u00abBedeutung und Umsetzung von Weiterbildung in KMU\u00bb<\/h1>\n\n\n\n<article class=\"wp-block-group is-layout-flow wp-block-group-is-layout-flow\">\n<p class=\"is-style-lead\">In der 2024 publizierten Studie stehen Mikro- und Kleinunternehmen mit bis zu 50 Mitarbeitenden im Fokus. Diesen Betrieben kommt eine zentrale Bedeutung innerhalb des Schweizer Wirtschaftssystems zu. Gerade im Fall von kleinen Betrieben ist die Rolle von Weiterbildung bisher jedoch kaum untersucht worden. Mit der Studie legt der SVEB Grundlagenwissen zu diesem Thema vor und leistet einen Beitrag dazu, eine Forschungsl\u00fccke zu schliessen.<\/p>\n\n\n\n<p>Die Studie basiert auf einer quantitativen Befragung von 386 KMU mit 2 bis 50 Mitarbeitenden sowie 10 qualitativen Interviews mit KMU-Verantwortlichen. Sie zeigt, dass viele KMU der Weiterbildung eine grosse Bedeutung zuschreiben. Fast 90 Prozent erachten sie als wichtig f\u00fcr den Unternehmenserfolg. Zudem ist sie bei einer Mehrheit Bestandteil des Unternehmensbudgets und der Strategie. Auch die Mitarbeitenden werden von rund drei Vierteln der KMU als weiterbildungsmotiviert beschrieben. Dennoch nehmen die Mitarbeitenden in mehr als der H\u00e4lfte der KMU nur selten an Weiterbildung teil. Insbesondere geringqualifizierte Mitarbeitende weisen eine tiefe Weiterbildungsaktivit\u00e4t auf.&nbsp;<\/p>\n\n\n\n<h2 class=\"wp-block-heading\">Ein Drittel hat einen ungedeckten Weiterbildungsbedarf&nbsp;&nbsp;<\/h2>\n\n\n\n<p>Allerdings weisen die Ergebnisse darauf hin, dass der Weiterbildungsbedarf in kleinen Betrieben teils nicht gedeckt wird. So sieht sich ein Drittel der KMU daran gehindert, (mehr) Weiterbildungen umzusetzen. Gr\u00fcnde daf\u00fcr sind gem\u00e4ss Angaben der KMU-Verantwortlichen prim\u00e4r fehlende finanzielle und zeitliche Ressourcen oder ein Mangel an geeigneten Weiterbildungen. Des Weiteren erachtet es fast die H\u00e4lfte der KMU als schwierig, ihren k\u00fcnftigen Kompetenzbedarf einzusch\u00e4tzen. Und da die meisten Betriebe nur Weiterbildungen einplanen, wenn sie einen konkreten Nutzen dahinter sehen, entspricht ihre Weiterbildungsaktivit\u00e4t potenziell nicht dem effektiven Bedarf.&nbsp;<\/p>\n\n\n\n<h2 class=\"wp-block-heading\">Branche beeinflusst die Weiterbildungsaktivit\u00e4t<\/h2>\n\n\n\n<p>In der Studie wird ebenfalls aufgezeigt, dass sich die Weiterbildungsaktivit\u00e4t in den Betrieben nach Branche unterscheidet. Insbesondere KMU im Bereich \u00abGastronomie und Handel\u00bb setzen seltener Weiterbildungen um und sch\u00e4tzen auch die Bedeutung von Weiterbildung tiefer ein. Kleine KMU mit bis zu drei Mitarbeitenden leisten weniger finanzielle und zeitliche Unterst\u00fctzung. Auch die Qualifikationsstruktur in den KMU spielt eine Rolle. Insgesamt weisen die Analysen darauf hin, dass KMU mit einem grossen Anteil geringqualifizierter Mitarbeitender weniger weiterbildungsaffin sind als die anderen KMU. Beispielsweise nehmen sie Weiterbildung seltener ins Unternehmensbudget auf.&nbsp;<\/p>\n\n\n\n<h2 class=\"wp-block-heading\">Aktualisierung des Forschungsstandes&nbsp;<\/h2>\n\n\n\n<p>Der SVEB leistete in diesem Bereich bereits 2005 Pionierarbeit. In Zusammenarbeit mit Prof. Dr. Philipp Gonon von der Universit\u00e4t Z\u00fcrich hat der SVEB eine grossangelegte Studie mit dem Titel \u00abKMU und die Rolle der Weiterbildung \u2013 eine empirische Studie zu Kooperationen und Strategien in der Schweiz\u00bb\u202fpubliziert (Bern, 2005). Diese Studie ist nun mit neuen Daten aus dem Jahr 2022 und einem etwas anderen Fokus aktualisiert und 2024 publiziert worden.<\/p>\n\n\n\n<h2 class=\"wp-block-heading\">Weitere Informationen<\/h2>\n\n\n\n<div class=\"wp-block-buttons is-layout-flex wp-block-buttons-is-layout-flex\">\n<div class=\"wp-block-button has-custom-width wp-block-button__width-100 is-style-minimal\"><a class=\"wp-block-button__link wp-element-button\" href=\"https:\/\/alice.ch\/de\/themen\/weiterbildung-und-kmu\/\">Weiterbildung in KMU<\/a><\/div>\n\n\n\n<div class=\"wp-block-button has-custom-width wp-block-button__width-100 is-style-minimal\"><a class=\"wp-block-button__link wp-element-button\" href=\"https:\/\/weiterbildung-in-kmu.ch\/\" target=\"_blank\" rel=\"noreferrer noopener\">Wie Weiterbildung in kleinen und mittleren Unternehmen (KMU) gelingt<\/a><\/div>\n<\/div>\n\n\n\n\t\n\t<div class=\"publication-item\">\n\t\t<div class=\"image\">\n\t\t\t<img decoding=\"async\" width=\"595\" height=\"841\" src=\"https:\/\/alice.ch\/app\/uploads\/2024\/04\/kmu-studie-2024-cover.jpg\" class=\"attachment-post-thumbnail size-post-thumbnail wp-post-image\" alt=\"\" srcset=\"https:\/\/alice.ch\/app\/uploads\/2024\/04\/kmu-studie-2024-cover.jpg 595w, https:\/\/alice.ch\/app\/uploads\/2024\/04\/kmu-studie-2024-cover-212x300.jpg 212w\" sizes=\"(max-width: 595px) 100vw, 595px\" \/>\t\t<\/div>\n\n\t\t<div class=\"content\">\n\t\t\t<h3>Bedeutung und Umsetzung von Weiterbildung in KMU<\/h3>\n\t\t\t<div class=\"description\"><p>In der Studie stehen Mikro- und Kleinunternehmen mit bis 50 Mitarbeitenden im Fokus. Sie basiert auf einer quantitativen Befragung von 386 Betrieben sowie 10 qualitativen Interviews mit KMU-Verantwortlichen. Sie zeigt, welche Bedeutung KMU der Weiterbildung zuschreiben und wie sie Weiterbildung umsetzen.<\/p>\n<\/div>\n\n\t\t\t<div class=\"meta\">\n\t\t\t\t<ul>\n\t\t\t\t\t\t\t\t\t\t\t<li><strong>Preis:<\/strong> kostenlos<\/li>\n\t\t\t\t\t\n\t\t\t\t\t\t\t\t\t\t\t<li><strong>Herausgeber:<\/strong> SVEB<\/li>\n\t\t\t\t\t\n\t\t\t\t\t\t\t\t\t\t\t<li><strong>Autor:<\/strong> Marianne M\u00fcller, Sofie Gollob, Franziska Hedinger <\/li>\n\t\t\t\t\t\n\t\t\t\t\t\t\t\t\t\t\t<li><strong>Vertrieb:<\/strong> SVEB, 58 Seiten<\/li>\n\t\t\t\t\t\n\t\t\t\t\t\n\t\t\t\t\t\n\t\t\t\t\t\t\t\t\t<\/ul>\n\n\t\t\t\t<ul class=\"actions\">\n\t\t\t\t\t\t\t\t\t\t\t<li><a class=\"button\" href=\"https:\/\/alice.ch\/de\/download-de\/?pub-id=59638\">Download<\/a><\/li>\n\t\t\t\t\t\n\t\t\t\t\t\t\t\t\t<\/ul>\n\t\t\t<\/div>\n\t\t<\/div>\n\n\n\t<\/div>\n\n\n\t<\/article>\n<\/div>\n\n\n\n<h2 class=\"wp-block-heading\">Kontakt<\/h2>\n\n\n\n<article class=\"wp-block-group is-layout-flow wp-block-group-is-layout-flow\">\n<div class=\"wp-block-columns is-layout-flex wp-container-core-columns-is-layout-28f84493 wp-block-columns-is-layout-flex\">\n<div class=\"wp-block-column is-layout-flow wp-block-column-is-layout-flow\" style=\"flex-basis:50%\"><div class=\"contact-persons\">\n\n\t\t\t\t\t<div class=\"contact-person\">\n\t\t\t\t\tIrena Sgier<br \/>\t\t\t\t\t Stv. Direktorin, Leiterin Forschung, Entwicklung und Innovation<br \/>\t\t\t\t\t<br \/>\n\t\t\t\t\t\t\t\t\t\t<a href=\"tel:+41 (0)44 319 71 59\">+41 (0)44 319 71 59<\/a><br \/>\t\t\t\t\t<a href=\"mailto:irena.sgier@alice.ch\">irena.sgier@alice.ch<\/a><br \/>\t\t\t\t\t<\/div>\n\t\t\t\t\t<\/div>\n<\/div>\n\n\n\n<div class=\"wp-block-column is-layout-flow wp-block-column-is-layout-flow\" style=\"flex-basis:50%\"><\/div>\n<\/div>\n<\/article>\n\n\n\n<div class=\"wp-block-group is-style-reduced-width is-layout-flow wp-block-group-is-layout-flow\"><\/div>\n","protected":false},"excerpt":{"rendered":"<p>Studie \u00abBedeutung und Umsetzung von Weiterbildung in KMU\u00bb In der 2024 publizierten Studie stehen Mikro- und Kleinunternehmen mit bis zu [&hellip;]<\/p>\n","protected":false},"author":2,"featured_media":20799,"parent":532,"menu_order":329,"comment_status":"closed","ping_status":"closed","template":"","meta":{"_acf_changed":false,"inline_featured_image":false,"footnotes":""},"class_list":["post-429","page","type-page","status-publish","has-post-thumbnail","hentry"],"acf":[],"yoast_head":"<!-- This site is optimized with the Yoast SEO plugin v27.3 - https:\/\/yoast.com\/product\/yoast-seo-wordpress\/ -->\n<title>KMU-Studie - SVEB<\/title>\n<meta name=\"description\" content=\"Das Ziel der KMU-Studie des SVEB ist es, das Weiterbildungsgeschehen in den Schweizer KMU besser zu verstehen.\" \/>\n<meta name=\"robots\" content=\"index, follow, max-snippet:-1, max-image-preview:large, max-video-preview:-1\" \/>\n<link rel=\"canonical\" href=\"https:\/\/alice.ch\/de\/forschung\/forschungsaktivitaeten-des-sveb\/kmu-studie\/\" \/>\n<meta property=\"og:locale\" content=\"de_DE\" \/>\n<meta property=\"og:type\" content=\"article\" \/>\n<meta property=\"og:title\" content=\"KMU-Studie - SVEB\" \/>\n<meta property=\"og:description\" content=\"Das Ziel der KMU-Studie des SVEB ist es, das Weiterbildungsgeschehen in den Schweizer KMU besser zu verstehen.\" \/>\n<meta property=\"og:url\" content=\"https:\/\/alice.ch\/de\/forschung\/forschungsaktivitaeten-des-sveb\/kmu-studie\/\" \/>\n<meta property=\"og:site_name\" content=\"SVEB\" \/>\n<meta property=\"article:modified_time\" content=\"2025-06-02T13:36:25+00:00\" \/>\n<meta name=\"twitter:card\" content=\"summary_large_image\" \/>\n<meta name=\"twitter:label1\" content=\"Gesch\u00e4tzte Lesezeit\" \/>\n\t<meta name=\"twitter:data1\" content=\"2\u00a0Minuten\" \/>\n<script type=\"application\/ld+json\" class=\"yoast-schema-graph\">{\"@context\":\"https:\\\/\\\/schema.org\",\"@graph\":[{\"@type\":\"WebPage\",\"@id\":\"https:\\\/\\\/alice.ch\\\/de\\\/forschung\\\/forschungsaktivitaeten-des-sveb\\\/kmu-studie\\\/\",\"url\":\"https:\\\/\\\/alice.ch\\\/de\\\/forschung\\\/forschungsaktivitaeten-des-sveb\\\/kmu-studie\\\/\",\"name\":\"KMU-Studie - SVEB\",\"isPartOf\":{\"@id\":\"https:\\\/\\\/alice.ch\\\/de\\\/#website\"},\"primaryImageOfPage\":{\"@id\":\"https:\\\/\\\/alice.ch\\\/de\\\/forschung\\\/forschungsaktivitaeten-des-sveb\\\/kmu-studie\\\/#primaryimage\"},\"image\":{\"@id\":\"https:\\\/\\\/alice.ch\\\/de\\\/forschung\\\/forschungsaktivitaeten-des-sveb\\\/kmu-studie\\\/#primaryimage\"},\"thumbnailUrl\":\"https:\\\/\\\/alice.ch\\\/app\\\/uploads\\\/2022\\\/11\\\/default.jpg\",\"datePublished\":\"2022-08-16T14:30:33+00:00\",\"dateModified\":\"2025-06-02T13:36:25+00:00\",\"description\":\"Das Ziel der KMU-Studie des SVEB ist es, das Weiterbildungsgeschehen in den Schweizer KMU besser zu verstehen.\",\"breadcrumb\":{\"@id\":\"https:\\\/\\\/alice.ch\\\/de\\\/forschung\\\/forschungsaktivitaeten-des-sveb\\\/kmu-studie\\\/#breadcrumb\"},\"inLanguage\":\"de\",\"potentialAction\":[{\"@type\":\"ReadAction\",\"target\":[\"https:\\\/\\\/alice.ch\\\/de\\\/forschung\\\/forschungsaktivitaeten-des-sveb\\\/kmu-studie\\\/\"]}]},{\"@type\":\"ImageObject\",\"inLanguage\":\"de\",\"@id\":\"https:\\\/\\\/alice.ch\\\/de\\\/forschung\\\/forschungsaktivitaeten-des-sveb\\\/kmu-studie\\\/#primaryimage\",\"url\":\"https:\\\/\\\/alice.ch\\\/app\\\/uploads\\\/2022\\\/11\\\/default.jpg\",\"contentUrl\":\"https:\\\/\\\/alice.ch\\\/app\\\/uploads\\\/2022\\\/11\\\/default.jpg\",\"width\":1600,\"height\":900},{\"@type\":\"BreadcrumbList\",\"@id\":\"https:\\\/\\\/alice.ch\\\/de\\\/forschung\\\/forschungsaktivitaeten-des-sveb\\\/kmu-studie\\\/#breadcrumb\",\"itemListElement\":[{\"@type\":\"ListItem\",\"position\":1,\"name\":\"Startseite\",\"item\":\"https:\\\/\\\/alice.ch\\\/de\\\/\"},{\"@type\":\"ListItem\",\"position\":2,\"name\":\"Forschung\",\"item\":\"https:\\\/\\\/alice.ch\\\/de\\\/forschung\\\/\"},{\"@type\":\"ListItem\",\"position\":3,\"name\":\"Forschungsaktivit\u00e4ten des SVEB\",\"item\":\"https:\\\/\\\/alice.ch\\\/de\\\/forschung\\\/forschungsaktivitaeten-des-sveb\\\/\"},{\"@type\":\"ListItem\",\"position\":4,\"name\":\"KMU-Studie\"}]},{\"@type\":\"WebSite\",\"@id\":\"https:\\\/\\\/alice.ch\\\/de\\\/#website\",\"url\":\"https:\\\/\\\/alice.ch\\\/de\\\/\",\"name\":\"alice.ch (Adult Learning Information Center) ist das Portal der Weiterbildung in der Schweiz.\",\"description\":\"Schweizerischer Verband f\u00fcr Weiterbildung\",\"publisher\":{\"@id\":\"https:\\\/\\\/alice.ch\\\/de\\\/#organization\"},\"potentialAction\":[{\"@type\":\"SearchAction\",\"target\":{\"@type\":\"EntryPoint\",\"urlTemplate\":\"https:\\\/\\\/alice.ch\\\/de\\\/?s={search_term_string}\"},\"query-input\":{\"@type\":\"PropertyValueSpecification\",\"valueRequired\":true,\"valueName\":\"search_term_string\"}}],\"inLanguage\":\"de\"},{\"@type\":\"Organization\",\"@id\":\"https:\\\/\\\/alice.ch\\\/de\\\/#organization\",\"name\":\"SVEB Schweizerischer Verband f\u00fcr Weiterbildung\",\"url\":\"https:\\\/\\\/alice.ch\\\/de\\\/\",\"logo\":{\"@type\":\"ImageObject\",\"inLanguage\":\"de\",\"@id\":\"https:\\\/\\\/alice.ch\\\/de\\\/#\\\/schema\\\/logo\\\/image\\\/\",\"url\":\"https:\\\/\\\/alice.ch\\\/app\\\/uploads\\\/2022\\\/07\\\/logo-sveb.png\",\"contentUrl\":\"https:\\\/\\\/alice.ch\\\/app\\\/uploads\\\/2022\\\/07\\\/logo-sveb.png\",\"width\":145,\"height\":64,\"caption\":\"SVEB Schweizerischer Verband f\u00fcr Weiterbildung\"},\"image\":{\"@id\":\"https:\\\/\\\/alice.ch\\\/de\\\/#\\\/schema\\\/logo\\\/image\\\/\"},\"sameAs\":[\"https:\\\/\\\/www.linkedin.com\\\/company\\\/schweizerischer-verband-fr-weiterbildung-sveb\\\/\"]}]}<\/script>\n<!-- \/ Yoast SEO plugin. -->","yoast_head_json":{"title":"KMU-Studie - SVEB","description":"Das Ziel der KMU-Studie des SVEB ist es, das Weiterbildungsgeschehen in den Schweizer KMU besser zu verstehen.","robots":{"index":"index","follow":"follow","max-snippet":"max-snippet:-1","max-image-preview":"max-image-preview:large","max-video-preview":"max-video-preview:-1"},"canonical":"https:\/\/alice.ch\/de\/forschung\/forschungsaktivitaeten-des-sveb\/kmu-studie\/","og_locale":"de_DE","og_type":"article","og_title":"KMU-Studie - SVEB","og_description":"Das Ziel der KMU-Studie des SVEB ist es, das Weiterbildungsgeschehen in den Schweizer KMU besser zu verstehen.","og_url":"https:\/\/alice.ch\/de\/forschung\/forschungsaktivitaeten-des-sveb\/kmu-studie\/","og_site_name":"SVEB","article_modified_time":"2025-06-02T13:36:25+00:00","twitter_card":"summary_large_image","twitter_misc":{"Gesch\u00e4tzte Lesezeit":"2\u00a0Minuten"},"schema":{"@context":"https:\/\/schema.org","@graph":[{"@type":"WebPage","@id":"https:\/\/alice.ch\/de\/forschung\/forschungsaktivitaeten-des-sveb\/kmu-studie\/","url":"https:\/\/alice.ch\/de\/forschung\/forschungsaktivitaeten-des-sveb\/kmu-studie\/","name":"KMU-Studie - SVEB","isPartOf":{"@id":"https:\/\/alice.ch\/de\/#website"},"primaryImageOfPage":{"@id":"https:\/\/alice.ch\/de\/forschung\/forschungsaktivitaeten-des-sveb\/kmu-studie\/#primaryimage"},"image":{"@id":"https:\/\/alice.ch\/de\/forschung\/forschungsaktivitaeten-des-sveb\/kmu-studie\/#primaryimage"},"thumbnailUrl":"https:\/\/alice.ch\/app\/uploads\/2022\/11\/default.jpg","datePublished":"2022-08-16T14:30:33+00:00","dateModified":"2025-06-02T13:36:25+00:00","description":"Das Ziel der KMU-Studie des SVEB ist es, das Weiterbildungsgeschehen in den Schweizer KMU besser zu verstehen.","breadcrumb":{"@id":"https:\/\/alice.ch\/de\/forschung\/forschungsaktivitaeten-des-sveb\/kmu-studie\/#breadcrumb"},"inLanguage":"de","potentialAction":[{"@type":"ReadAction","target":["https:\/\/alice.ch\/de\/forschung\/forschungsaktivitaeten-des-sveb\/kmu-studie\/"]}]},{"@type":"ImageObject","inLanguage":"de","@id":"https:\/\/alice.ch\/de\/forschung\/forschungsaktivitaeten-des-sveb\/kmu-studie\/#primaryimage","url":"https:\/\/alice.ch\/app\/uploads\/2022\/11\/default.jpg","contentUrl":"https:\/\/alice.ch\/app\/uploads\/2022\/11\/default.jpg","width":1600,"height":900},{"@type":"BreadcrumbList","@id":"https:\/\/alice.ch\/de\/forschung\/forschungsaktivitaeten-des-sveb\/kmu-studie\/#breadcrumb","itemListElement":[{"@type":"ListItem","position":1,"name":"Startseite","item":"https:\/\/alice.ch\/de\/"},{"@type":"ListItem","position":2,"name":"Forschung","item":"https:\/\/alice.ch\/de\/forschung\/"},{"@type":"ListItem","position":3,"name":"Forschungsaktivit\u00e4ten des SVEB","item":"https:\/\/alice.ch\/de\/forschung\/forschungsaktivitaeten-des-sveb\/"},{"@type":"ListItem","position":4,"name":"KMU-Studie"}]},{"@type":"WebSite","@id":"https:\/\/alice.ch\/de\/#website","url":"https:\/\/alice.ch\/de\/","name":"alice.ch (Adult Learning Information Center) ist das Portal der Weiterbildung in der Schweiz.","description":"Schweizerischer Verband f\u00fcr Weiterbildung","publisher":{"@id":"https:\/\/alice.ch\/de\/#organization"},"potentialAction":[{"@type":"SearchAction","target":{"@type":"EntryPoint","urlTemplate":"https:\/\/alice.ch\/de\/?s={search_term_string}"},"query-input":{"@type":"PropertyValueSpecification","valueRequired":true,"valueName":"search_term_string"}}],"inLanguage":"de"},{"@type":"Organization","@id":"https:\/\/alice.ch\/de\/#organization","name":"SVEB Schweizerischer Verband f\u00fcr Weiterbildung","url":"https:\/\/alice.ch\/de\/","logo":{"@type":"ImageObject","inLanguage":"de","@id":"https:\/\/alice.ch\/de\/#\/schema\/logo\/image\/","url":"https:\/\/alice.ch\/app\/uploads\/2022\/07\/logo-sveb.png","contentUrl":"https:\/\/alice.ch\/app\/uploads\/2022\/07\/logo-sveb.png","width":145,"height":64,"caption":"SVEB Schweizerischer Verband f\u00fcr Weiterbildung"},"image":{"@id":"https:\/\/alice.ch\/de\/#\/schema\/logo\/image\/"},"sameAs":["https:\/\/www.linkedin.com\/company\/schweizerischer-verband-fr-weiterbildung-sveb\/"]}]}},"_links":{"self":[{"href":"https:\/\/alice.ch\/de\/wp-json\/wp\/v2\/pages\/429","targetHints":{"allow":["GET"]}}],"collection":[{"href":"https:\/\/alice.ch\/de\/wp-json\/wp\/v2\/pages"}],"about":[{"href":"https:\/\/alice.ch\/de\/wp-json\/wp\/v2\/types\/page"}],"author":[{"embeddable":true,"href":"https:\/\/alice.ch\/de\/wp-json\/wp\/v2\/users\/2"}],"replies":[{"embeddable":true,"href":"https:\/\/alice.ch\/de\/wp-json\/wp\/v2\/comments?post=429"}],"version-history":[{"count":22,"href":"https:\/\/alice.ch\/de\/wp-json\/wp\/v2\/pages\/429\/revisions"}],"predecessor-version":[{"id":68628,"href":"https:\/\/alice.ch\/de\/wp-json\/wp\/v2\/pages\/429\/revisions\/68628"}],"up":[{"embeddable":true,"href":"https:\/\/alice.ch\/de\/wp-json\/wp\/v2\/pages\/532"}],"wp:featuredmedia":[{"embeddable":true,"href":"https:\/\/alice.ch\/de\/wp-json\/wp\/v2\/media\/20799"}],"wp:attachment":[{"href":"https:\/\/alice.ch\/de\/wp-json\/wp\/v2\/media?parent=429"}],"curies":[{"name":"wp","href":"https:\/\/api.w.org\/{rel}","templated":true}]}}