{"id":435,"date":"2022-08-16T16:31:32","date_gmt":"2022-08-16T14:31:32","guid":{"rendered":"https:\/\/projects.atxeit.ch\/sveb\/?page_id=435"},"modified":"2023-05-13T10:31:30","modified_gmt":"2023-05-13T08:31:30","slug":"publikationen-und-produkte","status":"publish","type":"page","link":"https:\/\/alice.ch\/de\/dienstleistungen\/publikationen-und-produkte\/","title":{"rendered":"Publikationen und Produkte"},"content":{"rendered":"\n<div class=\"wp-block-group is-style-reduced-width is-layout-flow wp-block-group-is-layout-flow\">\n<h1 class=\"wp-block-heading\">Publikationen und Produkte<\/h1>\n\n\n\n<p class=\"is-style-lead\">Mit unseren&nbsp;Publikationen&nbsp;und&nbsp;Produkten unterst\u00fctzen wir die Weiterbildungsbranche der Schweiz. Sie k\u00f6nnen bei uns bestellt werden, Mitglieder erhalten Preisreduktionen. Unsere Studien&nbsp;k\u00f6nnen Sie auch kostenlos als PDF herunterladen.<\/p>\n\n\n\n<div class=\"wp-block-media-text alignwide is-stacked-on-mobile is-style-icon-text\"><figure class=\"wp-block-media-text__media\"><a href=\"https:\/\/alice.ch\/de\/dienstleistungen\/publikationen-und-produkte\/publikationen\/\"><img decoding=\"async\" width=\"242\" height=\"257\" src=\"https:\/\/alice.ch\/app\/uploads\/2022\/10\/datenquellen.png\" alt=\"\" class=\"wp-image-5817 size-full\"\/><\/a><\/figure><div class=\"wp-block-media-text__content\">\n<h2 class=\"wp-block-heading\"><a href=\"https:\/\/alice.ch\/de\/dienstleistungen\/publikationen-und-produkte\/publikationen\/\">Publikationen<\/a><\/h2>\n\n\n\n<p>Unsere Publikationen bieten aktuelles Fachwissen zur Weiterbildung in der Schweiz.<\/p>\n<\/div><\/div>\n\n\n\n<hr class=\"wp-block-separator has-alpha-channel-opacity is-style-wide\"\/>\n\n\n\n<div class=\"wp-block-media-text alignwide is-stacked-on-mobile is-style-icon-text\"><figure class=\"wp-block-media-text__media\"><a href=\"https:\/\/alice.ch\/de\/dienstleistungen\/publikationen-und-produkte\/studien\/\"><img decoding=\"async\" width=\"230\" height=\"202\" src=\"https:\/\/alice.ch\/app\/uploads\/2022\/10\/icon-forschung.png\" alt=\"\" class=\"wp-image-4496 size-full\"\/><\/a><\/figure><div class=\"wp-block-media-text__content\">\n<h2 class=\"wp-block-heading\"><a href=\"https:\/\/alice.ch\/de\/dienstleistungen\/publikationen-und-produkte\/studien\/\">Studien<\/a><\/h2>\n\n\n\n<p>Der SVEB publiziert j\u00e4hrlich eine Weiterbildungsstudie und weitere Studien zu den wichtigsten Themen der Weiterbildung.<\/p>\n<\/div><\/div>\n\n\n\n<hr class=\"wp-block-separator has-alpha-channel-opacity is-style-wide\"\/>\n\n\n\n<div class=\"wp-block-media-text alignwide is-stacked-on-mobile is-style-icon-text\"><figure class=\"wp-block-media-text__media\"><a href=\"https:\/\/alice.ch\/de\/dienstleistungen\/publikationen-und-produkte\/praxistools\/\"><img decoding=\"async\" width=\"731\" height=\"502\" src=\"https:\/\/alice.ch\/app\/uploads\/2022\/10\/icon-tools.png\" alt=\"\" class=\"wp-image-5912 size-full\" srcset=\"https:\/\/alice.ch\/app\/uploads\/2022\/10\/icon-tools.png 731w, https:\/\/alice.ch\/app\/uploads\/2022\/10\/icon-tools-300x206.png 300w\" sizes=\"(max-width: 731px) 100vw, 731px\" \/><\/a><\/figure><div class=\"wp-block-media-text__content\">\n<h2 class=\"wp-block-heading\"><a href=\"https:\/\/alice.ch\/de\/dienstleistungen\/publikationen-und-produkte\/praxistools\/\">Praxistools<\/a><\/h2>\n\n\n\n<p>Wir entwickeln Praxistools f\u00fcr Fachleute aus der Weiterbildung und stellen diese allen Interessierten zur Verf\u00fcgung.<\/p>\n<\/div><\/div>\n\n\n\n<hr class=\"wp-block-separator has-alpha-channel-opacity is-style-wide\"\/>\n\n\n\n<div class=\"wp-block-media-text alignwide is-stacked-on-mobile is-style-icon-text\"><figure class=\"wp-block-media-text__media\"><a href=\"https:\/\/alice.ch\/de\/dienstleistungen\/publikationen-und-produkte\/ep-ausgaben\/\"><img decoding=\"async\" src=\"https:\/\/alice.ch\/app\/uploads\/2022\/11\/logo-ep.png\" alt=\"\" class=\"wp-image-10085 size-full\"\/><\/a><\/figure><div class=\"wp-block-media-text__content\">\n<h2 class=\"wp-block-heading\"><a href=\"https:\/\/alice.ch\/de\/dienstleistungen\/publikationen-und-produkte\/ep-ausgaben\/\">EP-Ausgaben<\/a><\/h2>\n\n\n\n<p>Die \u00abEducation Permanente\u00bb (EP) ist seit 1967 die einzige Schweizer Fachzeitschrift f\u00fcr Erwachsenen- und Weiterbildung.<\/p>\n<\/div><\/div>\n\n\n\n<hr class=\"wp-block-separator has-alpha-channel-opacity is-style-wide\"\/>\n\n\n\n<div class=\"wp-block-media-text alignwide is-stacked-on-mobile is-style-icon-text\"><figure class=\"wp-block-media-text__media\"><a href=\"https:\/\/alice.ch\/de\/dienstleistungen\/publikationen-und-produkte\/bildungspass\/\"><img decoding=\"async\" width=\"477\" height=\"395\" src=\"https:\/\/alice.ch\/app\/uploads\/2022\/10\/icon-unternehmen.png\" alt=\"\" class=\"wp-image-5825 size-full\" srcset=\"https:\/\/alice.ch\/app\/uploads\/2022\/10\/icon-unternehmen.png 477w, https:\/\/alice.ch\/app\/uploads\/2022\/10\/icon-unternehmen-300x248.png 300w\" sizes=\"(max-width: 477px) 100vw, 477px\" \/><\/a><\/figure><div class=\"wp-block-media-text__content\">\n<h2 class=\"wp-block-heading\"><a href=\"https:\/\/alice.ch\/de\/dienstleistungen\/publikationen-und-produkte\/bildungspass\/\">Bildungspass<\/a><\/h2>\n\n\n\n<p>Der Bildungspass bietet einen \u00dcberblick \u00fcber erworbene Kompetenzen und Qualifikationen.<\/p>\n<\/div><\/div>\n\n\n\n<h2 class=\"wp-block-heading\">Kontakt<\/h2>\n\n\n\n<div class=\"wp-block-columns is-layout-flex wp-container-core-columns-is-layout-28f84493 wp-block-columns-is-layout-flex\">\n<div class=\"wp-block-column is-layout-flow wp-block-column-is-layout-flow\" style=\"flex-basis:50%\"><div class=\"contact-persons\">\n\n\t\t\t\t\t<div class=\"contact-person\">\n\t\t\t\t\tMichelle Mathys<br \/>\t\t\t\t\tVerantwortliche Marketing<br \/>\t\t\t\t\t<br \/>\n\t\t\t\t\t\t\t\t\t\t<a href=\"tel:+41 (0)44 319 71 55\">+41 (0)44 319 71 55<\/a><br \/>\t\t\t\t\t<a href=\"mailto:michelle.mathys@alice.ch\">michelle.mathys@alice.ch<\/a><br \/>\t\t\t\t\t<\/div>\n\t\t\t\t\t<\/div>\n<\/div>\n\n\n\n<div class=\"wp-block-column is-layout-flow wp-block-column-is-layout-flow\" style=\"flex-basis:50%\"><\/div>\n<\/div>\n<\/div>\n","protected":false},"excerpt":{"rendered":"<p>Publikationen und Produkte Mit unseren&nbsp;Publikationen&nbsp;und&nbsp;Produkten unterst\u00fctzen wir die Weiterbildungsbranche der Schweiz. Sie k\u00f6nnen bei uns bestellt werden, Mitglieder erhalten Preisreduktionen. [&hellip;]<\/p>\n","protected":false},"author":4,"featured_media":20799,"parent":33,"menu_order":344,"comment_status":"closed","ping_status":"closed","template":"","meta":{"_acf_changed":false,"inline_featured_image":false,"footnotes":""},"class_list":["post-435","page","type-page","status-publish","has-post-thumbnail","hentry"],"acf":[],"yoast_head":"<!-- This site is optimized with the Yoast SEO plugin v27.3 - https:\/\/yoast.com\/product\/yoast-seo-wordpress\/ -->\n<title>Publikationen und Produkte - SVEB<\/title>\n<meta name=\"description\" content=\"Der SVEB unterst\u00fctzt die Weiterbildungsbranche der Schweiz mit Publikationen\u00a0und\u00a0Produkten. Studien k\u00f6nnen kostenlos heruntergeladen werden.\" \/>\n<meta name=\"robots\" content=\"index, follow, max-snippet:-1, max-image-preview:large, max-video-preview:-1\" \/>\n<link rel=\"canonical\" href=\"https:\/\/alice.ch\/de\/dienstleistungen\/publikationen-und-produkte\/\" \/>\n<meta property=\"og:locale\" content=\"de_DE\" \/>\n<meta property=\"og:type\" content=\"article\" \/>\n<meta property=\"og:title\" content=\"Publikationen und Produkte - SVEB\" \/>\n<meta property=\"og:description\" content=\"Der SVEB unterst\u00fctzt die Weiterbildungsbranche der Schweiz mit Publikationen\u00a0und\u00a0Produkten. Studien k\u00f6nnen kostenlos heruntergeladen werden.\" \/>\n<meta property=\"og:url\" content=\"https:\/\/alice.ch\/de\/dienstleistungen\/publikationen-und-produkte\/\" \/>\n<meta property=\"og:site_name\" content=\"SVEB\" \/>\n<meta property=\"article:modified_time\" content=\"2023-05-13T08:31:30+00:00\" \/>\n<meta property=\"og:image\" content=\"https:\/\/alice.ch\/app\/uploads\/2022\/10\/datenquellen.png\" \/>\n<meta name=\"twitter:card\" content=\"summary_large_image\" \/>\n<meta name=\"twitter:label1\" content=\"Gesch\u00e4tzte Lesezeit\" \/>\n\t<meta name=\"twitter:data1\" content=\"2\u00a0Minuten\" \/>\n<script type=\"application\/ld+json\" class=\"yoast-schema-graph\">{\"@context\":\"https:\\\/\\\/schema.org\",\"@graph\":[{\"@type\":\"WebPage\",\"@id\":\"https:\\\/\\\/alice.ch\\\/de\\\/dienstleistungen\\\/publikationen-und-produkte\\\/\",\"url\":\"https:\\\/\\\/alice.ch\\\/de\\\/dienstleistungen\\\/publikationen-und-produkte\\\/\",\"name\":\"Publikationen und Produkte - SVEB\",\"isPartOf\":{\"@id\":\"https:\\\/\\\/alice.ch\\\/de\\\/#website\"},\"primaryImageOfPage\":{\"@id\":\"https:\\\/\\\/alice.ch\\\/de\\\/dienstleistungen\\\/publikationen-und-produkte\\\/#primaryimage\"},\"image\":{\"@id\":\"https:\\\/\\\/alice.ch\\\/de\\\/dienstleistungen\\\/publikationen-und-produkte\\\/#primaryimage\"},\"thumbnailUrl\":\"https:\\\/\\\/alice.ch\\\/app\\\/uploads\\\/2022\\\/11\\\/default.jpg\",\"datePublished\":\"2022-08-16T14:31:32+00:00\",\"dateModified\":\"2023-05-13T08:31:30+00:00\",\"description\":\"Der SVEB unterst\u00fctzt die Weiterbildungsbranche der Schweiz mit Publikationen\u00a0und\u00a0Produkten. Studien k\u00f6nnen kostenlos heruntergeladen werden.\",\"breadcrumb\":{\"@id\":\"https:\\\/\\\/alice.ch\\\/de\\\/dienstleistungen\\\/publikationen-und-produkte\\\/#breadcrumb\"},\"inLanguage\":\"de\",\"potentialAction\":[{\"@type\":\"ReadAction\",\"target\":[\"https:\\\/\\\/alice.ch\\\/de\\\/dienstleistungen\\\/publikationen-und-produkte\\\/\"]}]},{\"@type\":\"ImageObject\",\"inLanguage\":\"de\",\"@id\":\"https:\\\/\\\/alice.ch\\\/de\\\/dienstleistungen\\\/publikationen-und-produkte\\\/#primaryimage\",\"url\":\"https:\\\/\\\/alice.ch\\\/app\\\/uploads\\\/2022\\\/11\\\/default.jpg\",\"contentUrl\":\"https:\\\/\\\/alice.ch\\\/app\\\/uploads\\\/2022\\\/11\\\/default.jpg\",\"width\":1600,\"height\":900},{\"@type\":\"BreadcrumbList\",\"@id\":\"https:\\\/\\\/alice.ch\\\/de\\\/dienstleistungen\\\/publikationen-und-produkte\\\/#breadcrumb\",\"itemListElement\":[{\"@type\":\"ListItem\",\"position\":1,\"name\":\"Startseite\",\"item\":\"https:\\\/\\\/alice.ch\\\/de\\\/\"},{\"@type\":\"ListItem\",\"position\":2,\"name\":\"Dienstleistungen\",\"item\":\"https:\\\/\\\/alice.ch\\\/de\\\/dienstleistungen\\\/\"},{\"@type\":\"ListItem\",\"position\":3,\"name\":\"Publikationen und Produkte\"}]},{\"@type\":\"WebSite\",\"@id\":\"https:\\\/\\\/alice.ch\\\/de\\\/#website\",\"url\":\"https:\\\/\\\/alice.ch\\\/de\\\/\",\"name\":\"alice.ch (Adult Learning Information Center) ist das Portal der Weiterbildung in der Schweiz.\",\"description\":\"Schweizerischer Verband f\u00fcr Weiterbildung\",\"publisher\":{\"@id\":\"https:\\\/\\\/alice.ch\\\/de\\\/#organization\"},\"potentialAction\":[{\"@type\":\"SearchAction\",\"target\":{\"@type\":\"EntryPoint\",\"urlTemplate\":\"https:\\\/\\\/alice.ch\\\/de\\\/?s={search_term_string}\"},\"query-input\":{\"@type\":\"PropertyValueSpecification\",\"valueRequired\":true,\"valueName\":\"search_term_string\"}}],\"inLanguage\":\"de\"},{\"@type\":\"Organization\",\"@id\":\"https:\\\/\\\/alice.ch\\\/de\\\/#organization\",\"name\":\"SVEB Schweizerischer Verband f\u00fcr Weiterbildung\",\"url\":\"https:\\\/\\\/alice.ch\\\/de\\\/\",\"logo\":{\"@type\":\"ImageObject\",\"inLanguage\":\"de\",\"@id\":\"https:\\\/\\\/alice.ch\\\/de\\\/#\\\/schema\\\/logo\\\/image\\\/\",\"url\":\"https:\\\/\\\/alice.ch\\\/app\\\/uploads\\\/2022\\\/07\\\/logo-sveb.png\",\"contentUrl\":\"https:\\\/\\\/alice.ch\\\/app\\\/uploads\\\/2022\\\/07\\\/logo-sveb.png\",\"width\":145,\"height\":64,\"caption\":\"SVEB Schweizerischer Verband f\u00fcr Weiterbildung\"},\"image\":{\"@id\":\"https:\\\/\\\/alice.ch\\\/de\\\/#\\\/schema\\\/logo\\\/image\\\/\"},\"sameAs\":[\"https:\\\/\\\/www.linkedin.com\\\/company\\\/schweizerischer-verband-fr-weiterbildung-sveb\\\/\"]}]}<\/script>\n<!-- \/ Yoast SEO plugin. -->","yoast_head_json":{"title":"Publikationen und Produkte - SVEB","description":"Der SVEB unterst\u00fctzt die Weiterbildungsbranche der Schweiz mit Publikationen\u00a0und\u00a0Produkten. Studien k\u00f6nnen kostenlos heruntergeladen werden.","robots":{"index":"index","follow":"follow","max-snippet":"max-snippet:-1","max-image-preview":"max-image-preview:large","max-video-preview":"max-video-preview:-1"},"canonical":"https:\/\/alice.ch\/de\/dienstleistungen\/publikationen-und-produkte\/","og_locale":"de_DE","og_type":"article","og_title":"Publikationen und Produkte - SVEB","og_description":"Der SVEB unterst\u00fctzt die Weiterbildungsbranche der Schweiz mit Publikationen\u00a0und\u00a0Produkten. Studien k\u00f6nnen kostenlos heruntergeladen werden.","og_url":"https:\/\/alice.ch\/de\/dienstleistungen\/publikationen-und-produkte\/","og_site_name":"SVEB","article_modified_time":"2023-05-13T08:31:30+00:00","og_image":[{"url":"https:\/\/alice.ch\/app\/uploads\/2022\/10\/datenquellen.png","type":"","width":"","height":""}],"twitter_card":"summary_large_image","twitter_misc":{"Gesch\u00e4tzte Lesezeit":"2\u00a0Minuten"},"schema":{"@context":"https:\/\/schema.org","@graph":[{"@type":"WebPage","@id":"https:\/\/alice.ch\/de\/dienstleistungen\/publikationen-und-produkte\/","url":"https:\/\/alice.ch\/de\/dienstleistungen\/publikationen-und-produkte\/","name":"Publikationen und Produkte - SVEB","isPartOf":{"@id":"https:\/\/alice.ch\/de\/#website"},"primaryImageOfPage":{"@id":"https:\/\/alice.ch\/de\/dienstleistungen\/publikationen-und-produkte\/#primaryimage"},"image":{"@id":"https:\/\/alice.ch\/de\/dienstleistungen\/publikationen-und-produkte\/#primaryimage"},"thumbnailUrl":"https:\/\/alice.ch\/app\/uploads\/2022\/11\/default.jpg","datePublished":"2022-08-16T14:31:32+00:00","dateModified":"2023-05-13T08:31:30+00:00","description":"Der SVEB unterst\u00fctzt die Weiterbildungsbranche der Schweiz mit Publikationen\u00a0und\u00a0Produkten. Studien k\u00f6nnen kostenlos heruntergeladen werden.","breadcrumb":{"@id":"https:\/\/alice.ch\/de\/dienstleistungen\/publikationen-und-produkte\/#breadcrumb"},"inLanguage":"de","potentialAction":[{"@type":"ReadAction","target":["https:\/\/alice.ch\/de\/dienstleistungen\/publikationen-und-produkte\/"]}]},{"@type":"ImageObject","inLanguage":"de","@id":"https:\/\/alice.ch\/de\/dienstleistungen\/publikationen-und-produkte\/#primaryimage","url":"https:\/\/alice.ch\/app\/uploads\/2022\/11\/default.jpg","contentUrl":"https:\/\/alice.ch\/app\/uploads\/2022\/11\/default.jpg","width":1600,"height":900},{"@type":"BreadcrumbList","@id":"https:\/\/alice.ch\/de\/dienstleistungen\/publikationen-und-produkte\/#breadcrumb","itemListElement":[{"@type":"ListItem","position":1,"name":"Startseite","item":"https:\/\/alice.ch\/de\/"},{"@type":"ListItem","position":2,"name":"Dienstleistungen","item":"https:\/\/alice.ch\/de\/dienstleistungen\/"},{"@type":"ListItem","position":3,"name":"Publikationen und Produkte"}]},{"@type":"WebSite","@id":"https:\/\/alice.ch\/de\/#website","url":"https:\/\/alice.ch\/de\/","name":"alice.ch (Adult Learning Information Center) ist das Portal der Weiterbildung in der Schweiz.","description":"Schweizerischer Verband f\u00fcr Weiterbildung","publisher":{"@id":"https:\/\/alice.ch\/de\/#organization"},"potentialAction":[{"@type":"SearchAction","target":{"@type":"EntryPoint","urlTemplate":"https:\/\/alice.ch\/de\/?s={search_term_string}"},"query-input":{"@type":"PropertyValueSpecification","valueRequired":true,"valueName":"search_term_string"}}],"inLanguage":"de"},{"@type":"Organization","@id":"https:\/\/alice.ch\/de\/#organization","name":"SVEB Schweizerischer Verband f\u00fcr Weiterbildung","url":"https:\/\/alice.ch\/de\/","logo":{"@type":"ImageObject","inLanguage":"de","@id":"https:\/\/alice.ch\/de\/#\/schema\/logo\/image\/","url":"https:\/\/alice.ch\/app\/uploads\/2022\/07\/logo-sveb.png","contentUrl":"https:\/\/alice.ch\/app\/uploads\/2022\/07\/logo-sveb.png","width":145,"height":64,"caption":"SVEB Schweizerischer Verband f\u00fcr Weiterbildung"},"image":{"@id":"https:\/\/alice.ch\/de\/#\/schema\/logo\/image\/"},"sameAs":["https:\/\/www.linkedin.com\/company\/schweizerischer-verband-fr-weiterbildung-sveb\/"]}]}},"_links":{"self":[{"href":"https:\/\/alice.ch\/de\/wp-json\/wp\/v2\/pages\/435","targetHints":{"allow":["GET"]}}],"collection":[{"href":"https:\/\/alice.ch\/de\/wp-json\/wp\/v2\/pages"}],"about":[{"href":"https:\/\/alice.ch\/de\/wp-json\/wp\/v2\/types\/page"}],"author":[{"embeddable":true,"href":"https:\/\/alice.ch\/de\/wp-json\/wp\/v2\/users\/4"}],"replies":[{"embeddable":true,"href":"https:\/\/alice.ch\/de\/wp-json\/wp\/v2\/comments?post=435"}],"version-history":[{"count":27,"href":"https:\/\/alice.ch\/de\/wp-json\/wp\/v2\/pages\/435\/revisions"}],"predecessor-version":[{"id":50739,"href":"https:\/\/alice.ch\/de\/wp-json\/wp\/v2\/pages\/435\/revisions\/50739"}],"up":[{"embeddable":true,"href":"https:\/\/alice.ch\/de\/wp-json\/wp\/v2\/pages\/33"}],"wp:featuredmedia":[{"embeddable":true,"href":"https:\/\/alice.ch\/de\/wp-json\/wp\/v2\/media\/20799"}],"wp:attachment":[{"href":"https:\/\/alice.ch\/de\/wp-json\/wp\/v2\/media?parent=435"}],"curies":[{"name":"wp","href":"https:\/\/api.w.org\/{rel}","templated":true}]}}