{"id":445,"date":"2022-08-16T16:37:53","date_gmt":"2022-08-16T14:37:53","guid":{"rendered":"https:\/\/projects.atxeit.ch\/sveb\/?page_id=445"},"modified":"2025-12-18T10:49:27","modified_gmt":"2025-12-18T09:49:27","slug":"aktuelle-entwicklungsprojekte","status":"publish","type":"page","link":"https:\/\/alice.ch\/de\/forschung\/entwicklungen-fuer-die-praxis\/aktuelle-entwicklungsprojekte\/","title":{"rendered":"Aktuelle Entwicklungsprojekte"},"content":{"rendered":"\n<div class=\"wp-block-group is-style-reduced-width is-layout-constrained wp-block-group-is-layout-constrained\">\n<h1 class=\"wp-block-heading\">Aktuelle Entwicklungsprojekte<\/h1>\n\n\n\n<p class=\"is-style-lead\">Mit praxisorientierten Entwicklungsprojekten leistet der SVEB einen Beitrag zur Entwicklung und Innovation in der Weiterbildung. Aktuell drehen sie sich um Biographien und Lernbed\u00fcrfnisse von Nicht-Teilnehmenden im Bereich Grundkompetenzen, um die F\u00f6rderung der Klimafreundlichkeit von Weiterbildungsinstitutionen und einen digitalen Bildungspass zur Aufbewahrung und Nutzung digitaler Nachweise.<\/p>\n\n\n\n<p>Ziel der praxisorientierten Projekte ist es, Entscheidungsgrundlagen und konkrete Unterst\u00fctzungsangebote f\u00fcr Weiterbildungsakteure bereitzustellen.<\/p>\n\n\n\n<h2 class=\"wp-block-heading\">Projekt zur Nicht-Teilnahme an Weiterbildung<\/h2>\n\n\n\n<p>Das Praxisprojekt \u00abLebenswelten\u00bb will die Biographien und Lebenskontexte von Nicht-Teilnehmenden im&nbsp;<a href=\"https:\/\/alice.ch\/de\/themen\/grundkompetenzen\/\">Bereich Grundkompetenzen<\/a>&nbsp;erfassen. Mithilfe von Interviews und qualitativen Forschungsmethoden wollen wir aufzeigen, wie Nicht-Teilnehmende gesellschaftliche Erwartungen erleben und welche Zug\u00e4nge sie zum Lernen haben. Damit m\u00f6chten wir zu einer Verbesserung des Verst\u00e4ndnisses der Anbieter bei der Ansprache und Angebotsentwicklung beitragen.<\/p>\n\n\n\n<div class=\"wp-block-buttons is-layout-flex wp-block-buttons-is-layout-flex\">\n<div class=\"wp-block-button is-style-minimal\"><a class=\"wp-block-button__link wp-element-button\" href=\"https:\/\/alice.ch\/de\/project\/lebenswelten\/\">Projekt \u00abLebenswelten\u00bb<\/a><\/div>\n<\/div>\n\n\n\n<h2 class=\"wp-block-heading\">Digitaler Bildungspass<\/h2>\n\n\n\n<p>Der SVEB pr\u00fcft in diesem Projekt gemeinsam mit (Weiter-)Bildungsanbietern die Einf\u00fchrung eines digitalen Bildungspasses, um Lernleistungen der non-formalen Bildung sichtbar zu machen sowie deren Wertigkeit zu st\u00e4rken. Eine Bedarfs- und Anforderungsanalyse soll zeigen, ob die Idee weiterverfolgt wird.&nbsp;<\/p>\n\n\n\n<div class=\"wp-block-buttons is-layout-flex wp-block-buttons-is-layout-flex\">\n<div class=\"wp-block-button is-style-minimal\"><a class=\"wp-block-button__link wp-element-button\" href=\"https:\/\/alice.ch\/de\/project\/digitaler-bildungspass\/\">Digitaler Bildungspass<\/a><\/div>\n<\/div>\n\n\n\n<h2 class=\"wp-block-heading\">Klima-Check<\/h2>\n\n\n\n<p>Der Klima-Check ist ein Analysetool, das zur nachhaltigen Entwicklung einer Weiterbildungseinrichtung dient: In fachlicher Begleitung setzen sich Entscheidungstr\u00e4ger von Weiterbildungsinstitution mit ihrem derzeitigen Schadstoffausstoss auseinander und erarbeiten konkrete Massnahmen zur Verbesserung ihrer Klimavertr\u00e4glichkeit.<\/p>\n\n\n\n<div class=\"wp-block-buttons is-layout-flex wp-block-buttons-is-layout-flex\">\n<div class=\"wp-block-button is-style-minimal\"><a class=\"wp-block-button__link wp-element-button\" href=\"https:\/\/alice.ch\/de\/project\/klima-check\/\">Klima-Check<\/a><\/div>\n<\/div>\n\n\n\n<h2 class=\"wp-block-heading\">Toolkit Bildungsgutscheine<\/h2>\n\n\n\n<p>Das dritte aktuelle Entwicklungsprojekt des SVEB umfasst die Bereitstellung eines Toolkits f\u00fcr den&nbsp;Einsatz von&nbsp;<a href=\"https:\/\/alice.ch\/de\/dienstleistungen\/gutscheinprojekte-des-sveb\/bildungsgutscheine-als-instrument\/\">Bildungsgutscheinen als F\u00f6rderinstrument<\/a>. Gutscheine werden bereits von mehreren Akteuren \u2013 darunter Kantone, Stiftungen und ein Weiterbildungsfonds \u2013 eingesetzt, um gering qualifizierte Personen sowie Personen mit F\u00f6rderbedarf im Bereich Grundkompetenzen zu unterst\u00fctzen. Weitere F\u00f6rderinstanzen zeigen Interesse an diesem Ansatz. Mit dem Entwicklungsprojekt erarbeitet der SVEB Entscheidungsgrundlagen und Umsetzungshilfen, die dazu beitragen sollen, <a href=\"https:\/\/alice.ch\/de\/dienstleistungen\/gutscheinprojekte-des-sveb\/\">Gutscheinprojekte<\/a> passgenau auf die jeweiligen Zielsetzungen und Zielgruppen auszurichten und erfolgreich umzusetzen.<\/p>\n\n\n\n<div class=\"wp-block-buttons is-layout-flex wp-block-buttons-is-layout-flex\">\n<div class=\"wp-block-button is-style-minimal\"><a class=\"wp-block-button__link wp-element-button\" href=\"https:\/\/alice.ch\/de\/project\/bildungsgutscheine\/\">Toolkit f\u00fcr die Umsetzung von Bildungsgutscheinen<\/a><\/div>\n<\/div>\n\n\n\n<h2 class=\"wp-block-heading\">Weitere Informationen<\/h2>\n\n\n\n<p>F\u00fcr weitere Informationen steht Ihnen das&nbsp;<a href=\"mailto:forschung@alice.ch\" target=\"_blank\" rel=\"noreferrer noopener\">Team Entwicklung &amp; Innovation<\/a>&nbsp;zur Verf\u00fcgung.<\/p>\n\n\n\n<h2 class=\"wp-block-heading\">Kontakt<\/h2>\n\n\n\n<div class=\"wp-block-columns is-layout-flex wp-container-core-columns-is-layout-28f84493 wp-block-columns-is-layout-flex\">\n<div class=\"wp-block-column is-layout-flow wp-block-column-is-layout-flow\" style=\"flex-basis:50%\"><div class=\"contact-persons\">\n\n\t\t\t\t\t<div class=\"contact-person\">\n\t\t\t\t\tIrena Sgier<br \/>\t\t\t\t\t Stv. Direktorin, Leiterin Forschung, Entwicklung und Innovation<br \/>\t\t\t\t\t<br \/>\n\t\t\t\t\t\t\t\t\t\t<a href=\"tel:+41 (0)44 319 71 59\">+41 (0)44 319 71 59<\/a><br \/>\t\t\t\t\t<a href=\"mailto:irena.sgier@alice.ch\">irena.sgier@alice.ch<\/a><br \/>\t\t\t\t\t<\/div>\n\t\t\t\t\t<\/div>\n<\/div>\n\n\n\n<div class=\"wp-block-column is-layout-flow wp-block-column-is-layout-flow\" style=\"flex-basis:50%\"><\/div>\n<\/div>\n<\/div>\n","protected":false},"excerpt":{"rendered":"<p>Aktuelle Entwicklungsprojekte Mit praxisorientierten Entwicklungsprojekten leistet der SVEB einen Beitrag zur Entwicklung und Innovation in der Weiterbildung. Aktuell drehen sie [&hellip;]<\/p>\n","protected":false},"author":2,"featured_media":20799,"parent":443,"menu_order":396,"comment_status":"closed","ping_status":"closed","template":"","meta":{"_acf_changed":false,"inline_featured_image":false,"footnotes":""},"class_list":["post-445","page","type-page","status-publish","has-post-thumbnail","hentry"],"acf":[],"yoast_head":"<!-- This site is optimized with the Yoast SEO plugin v27.3 - https:\/\/yoast.com\/product\/yoast-seo-wordpress\/ -->\n<title>Aktuelle Entwicklungsprojekte - SVEB<\/title>\n<meta name=\"description\" content=\"Mit praxisorientierten Entwicklungsprojekten leistet der SVEB einen Beitrag zur Entwicklung und Innovation in der Weiterbildung.\" \/>\n<meta name=\"robots\" content=\"index, follow, max-snippet:-1, max-image-preview:large, max-video-preview:-1\" \/>\n<link rel=\"canonical\" href=\"https:\/\/alice.ch\/de\/forschung\/entwicklungen-fuer-die-praxis\/aktuelle-entwicklungsprojekte\/\" \/>\n<meta property=\"og:locale\" content=\"de_DE\" \/>\n<meta property=\"og:type\" content=\"article\" \/>\n<meta property=\"og:title\" content=\"Aktuelle Entwicklungsprojekte - SVEB\" \/>\n<meta property=\"og:description\" content=\"Mit praxisorientierten Entwicklungsprojekten leistet der SVEB einen Beitrag zur Entwicklung und Innovation in der Weiterbildung.\" \/>\n<meta property=\"og:url\" content=\"https:\/\/alice.ch\/de\/forschung\/entwicklungen-fuer-die-praxis\/aktuelle-entwicklungsprojekte\/\" \/>\n<meta property=\"og:site_name\" content=\"SVEB\" \/>\n<meta property=\"article:modified_time\" content=\"2025-12-18T09:49:27+00:00\" \/>\n<meta name=\"twitter:card\" content=\"summary_large_image\" \/>\n<meta name=\"twitter:label1\" content=\"Gesch\u00e4tzte Lesezeit\" \/>\n\t<meta name=\"twitter:data1\" content=\"2\u00a0Minuten\" \/>\n<script type=\"application\/ld+json\" class=\"yoast-schema-graph\">{\"@context\":\"https:\\\/\\\/schema.org\",\"@graph\":[{\"@type\":\"WebPage\",\"@id\":\"https:\\\/\\\/alice.ch\\\/de\\\/forschung\\\/entwicklungen-fuer-die-praxis\\\/aktuelle-entwicklungsprojekte\\\/\",\"url\":\"https:\\\/\\\/alice.ch\\\/de\\\/forschung\\\/entwicklungen-fuer-die-praxis\\\/aktuelle-entwicklungsprojekte\\\/\",\"name\":\"Aktuelle Entwicklungsprojekte - SVEB\",\"isPartOf\":{\"@id\":\"https:\\\/\\\/alice.ch\\\/de\\\/#website\"},\"primaryImageOfPage\":{\"@id\":\"https:\\\/\\\/alice.ch\\\/de\\\/forschung\\\/entwicklungen-fuer-die-praxis\\\/aktuelle-entwicklungsprojekte\\\/#primaryimage\"},\"image\":{\"@id\":\"https:\\\/\\\/alice.ch\\\/de\\\/forschung\\\/entwicklungen-fuer-die-praxis\\\/aktuelle-entwicklungsprojekte\\\/#primaryimage\"},\"thumbnailUrl\":\"https:\\\/\\\/alice.ch\\\/app\\\/uploads\\\/2022\\\/11\\\/default.jpg\",\"datePublished\":\"2022-08-16T14:37:53+00:00\",\"dateModified\":\"2025-12-18T09:49:27+00:00\",\"description\":\"Mit praxisorientierten Entwicklungsprojekten leistet der SVEB einen Beitrag zur Entwicklung und Innovation in der Weiterbildung.\",\"breadcrumb\":{\"@id\":\"https:\\\/\\\/alice.ch\\\/de\\\/forschung\\\/entwicklungen-fuer-die-praxis\\\/aktuelle-entwicklungsprojekte\\\/#breadcrumb\"},\"inLanguage\":\"de\",\"potentialAction\":[{\"@type\":\"ReadAction\",\"target\":[\"https:\\\/\\\/alice.ch\\\/de\\\/forschung\\\/entwicklungen-fuer-die-praxis\\\/aktuelle-entwicklungsprojekte\\\/\"]}]},{\"@type\":\"ImageObject\",\"inLanguage\":\"de\",\"@id\":\"https:\\\/\\\/alice.ch\\\/de\\\/forschung\\\/entwicklungen-fuer-die-praxis\\\/aktuelle-entwicklungsprojekte\\\/#primaryimage\",\"url\":\"https:\\\/\\\/alice.ch\\\/app\\\/uploads\\\/2022\\\/11\\\/default.jpg\",\"contentUrl\":\"https:\\\/\\\/alice.ch\\\/app\\\/uploads\\\/2022\\\/11\\\/default.jpg\",\"width\":1600,\"height\":900},{\"@type\":\"BreadcrumbList\",\"@id\":\"https:\\\/\\\/alice.ch\\\/de\\\/forschung\\\/entwicklungen-fuer-die-praxis\\\/aktuelle-entwicklungsprojekte\\\/#breadcrumb\",\"itemListElement\":[{\"@type\":\"ListItem\",\"position\":1,\"name\":\"Startseite\",\"item\":\"https:\\\/\\\/alice.ch\\\/de\\\/\"},{\"@type\":\"ListItem\",\"position\":2,\"name\":\"Forschung\",\"item\":\"https:\\\/\\\/alice.ch\\\/de\\\/forschung\\\/\"},{\"@type\":\"ListItem\",\"position\":3,\"name\":\"Entwicklungen f\u00fcr die Praxis\",\"item\":\"https:\\\/\\\/alice.ch\\\/de\\\/forschung\\\/entwicklungen-fuer-die-praxis\\\/\"},{\"@type\":\"ListItem\",\"position\":4,\"name\":\"Aktuelle Entwicklungsprojekte\"}]},{\"@type\":\"WebSite\",\"@id\":\"https:\\\/\\\/alice.ch\\\/de\\\/#website\",\"url\":\"https:\\\/\\\/alice.ch\\\/de\\\/\",\"name\":\"alice.ch (Adult Learning Information Center) ist das Portal der Weiterbildung in der Schweiz.\",\"description\":\"Schweizerischer Verband f\u00fcr Weiterbildung\",\"publisher\":{\"@id\":\"https:\\\/\\\/alice.ch\\\/de\\\/#organization\"},\"potentialAction\":[{\"@type\":\"SearchAction\",\"target\":{\"@type\":\"EntryPoint\",\"urlTemplate\":\"https:\\\/\\\/alice.ch\\\/de\\\/?s={search_term_string}\"},\"query-input\":{\"@type\":\"PropertyValueSpecification\",\"valueRequired\":true,\"valueName\":\"search_term_string\"}}],\"inLanguage\":\"de\"},{\"@type\":\"Organization\",\"@id\":\"https:\\\/\\\/alice.ch\\\/de\\\/#organization\",\"name\":\"SVEB Schweizerischer Verband f\u00fcr Weiterbildung\",\"url\":\"https:\\\/\\\/alice.ch\\\/de\\\/\",\"logo\":{\"@type\":\"ImageObject\",\"inLanguage\":\"de\",\"@id\":\"https:\\\/\\\/alice.ch\\\/de\\\/#\\\/schema\\\/logo\\\/image\\\/\",\"url\":\"https:\\\/\\\/alice.ch\\\/app\\\/uploads\\\/2022\\\/07\\\/logo-sveb.png\",\"contentUrl\":\"https:\\\/\\\/alice.ch\\\/app\\\/uploads\\\/2022\\\/07\\\/logo-sveb.png\",\"width\":145,\"height\":64,\"caption\":\"SVEB Schweizerischer Verband f\u00fcr Weiterbildung\"},\"image\":{\"@id\":\"https:\\\/\\\/alice.ch\\\/de\\\/#\\\/schema\\\/logo\\\/image\\\/\"},\"sameAs\":[\"https:\\\/\\\/www.linkedin.com\\\/company\\\/schweizerischer-verband-fr-weiterbildung-sveb\\\/\"]}]}<\/script>\n<!-- \/ Yoast SEO plugin. -->","yoast_head_json":{"title":"Aktuelle Entwicklungsprojekte - SVEB","description":"Mit praxisorientierten Entwicklungsprojekten leistet der SVEB einen Beitrag zur Entwicklung und Innovation in der Weiterbildung.","robots":{"index":"index","follow":"follow","max-snippet":"max-snippet:-1","max-image-preview":"max-image-preview:large","max-video-preview":"max-video-preview:-1"},"canonical":"https:\/\/alice.ch\/de\/forschung\/entwicklungen-fuer-die-praxis\/aktuelle-entwicklungsprojekte\/","og_locale":"de_DE","og_type":"article","og_title":"Aktuelle Entwicklungsprojekte - SVEB","og_description":"Mit praxisorientierten Entwicklungsprojekten leistet der SVEB einen Beitrag zur Entwicklung und Innovation in der Weiterbildung.","og_url":"https:\/\/alice.ch\/de\/forschung\/entwicklungen-fuer-die-praxis\/aktuelle-entwicklungsprojekte\/","og_site_name":"SVEB","article_modified_time":"2025-12-18T09:49:27+00:00","twitter_card":"summary_large_image","twitter_misc":{"Gesch\u00e4tzte Lesezeit":"2\u00a0Minuten"},"schema":{"@context":"https:\/\/schema.org","@graph":[{"@type":"WebPage","@id":"https:\/\/alice.ch\/de\/forschung\/entwicklungen-fuer-die-praxis\/aktuelle-entwicklungsprojekte\/","url":"https:\/\/alice.ch\/de\/forschung\/entwicklungen-fuer-die-praxis\/aktuelle-entwicklungsprojekte\/","name":"Aktuelle Entwicklungsprojekte - SVEB","isPartOf":{"@id":"https:\/\/alice.ch\/de\/#website"},"primaryImageOfPage":{"@id":"https:\/\/alice.ch\/de\/forschung\/entwicklungen-fuer-die-praxis\/aktuelle-entwicklungsprojekte\/#primaryimage"},"image":{"@id":"https:\/\/alice.ch\/de\/forschung\/entwicklungen-fuer-die-praxis\/aktuelle-entwicklungsprojekte\/#primaryimage"},"thumbnailUrl":"https:\/\/alice.ch\/app\/uploads\/2022\/11\/default.jpg","datePublished":"2022-08-16T14:37:53+00:00","dateModified":"2025-12-18T09:49:27+00:00","description":"Mit praxisorientierten Entwicklungsprojekten leistet der SVEB einen Beitrag zur Entwicklung und Innovation in der Weiterbildung.","breadcrumb":{"@id":"https:\/\/alice.ch\/de\/forschung\/entwicklungen-fuer-die-praxis\/aktuelle-entwicklungsprojekte\/#breadcrumb"},"inLanguage":"de","potentialAction":[{"@type":"ReadAction","target":["https:\/\/alice.ch\/de\/forschung\/entwicklungen-fuer-die-praxis\/aktuelle-entwicklungsprojekte\/"]}]},{"@type":"ImageObject","inLanguage":"de","@id":"https:\/\/alice.ch\/de\/forschung\/entwicklungen-fuer-die-praxis\/aktuelle-entwicklungsprojekte\/#primaryimage","url":"https:\/\/alice.ch\/app\/uploads\/2022\/11\/default.jpg","contentUrl":"https:\/\/alice.ch\/app\/uploads\/2022\/11\/default.jpg","width":1600,"height":900},{"@type":"BreadcrumbList","@id":"https:\/\/alice.ch\/de\/forschung\/entwicklungen-fuer-die-praxis\/aktuelle-entwicklungsprojekte\/#breadcrumb","itemListElement":[{"@type":"ListItem","position":1,"name":"Startseite","item":"https:\/\/alice.ch\/de\/"},{"@type":"ListItem","position":2,"name":"Forschung","item":"https:\/\/alice.ch\/de\/forschung\/"},{"@type":"ListItem","position":3,"name":"Entwicklungen f\u00fcr die Praxis","item":"https:\/\/alice.ch\/de\/forschung\/entwicklungen-fuer-die-praxis\/"},{"@type":"ListItem","position":4,"name":"Aktuelle Entwicklungsprojekte"}]},{"@type":"WebSite","@id":"https:\/\/alice.ch\/de\/#website","url":"https:\/\/alice.ch\/de\/","name":"alice.ch (Adult Learning Information Center) ist das Portal der Weiterbildung in der Schweiz.","description":"Schweizerischer Verband f\u00fcr Weiterbildung","publisher":{"@id":"https:\/\/alice.ch\/de\/#organization"},"potentialAction":[{"@type":"SearchAction","target":{"@type":"EntryPoint","urlTemplate":"https:\/\/alice.ch\/de\/?s={search_term_string}"},"query-input":{"@type":"PropertyValueSpecification","valueRequired":true,"valueName":"search_term_string"}}],"inLanguage":"de"},{"@type":"Organization","@id":"https:\/\/alice.ch\/de\/#organization","name":"SVEB Schweizerischer Verband f\u00fcr Weiterbildung","url":"https:\/\/alice.ch\/de\/","logo":{"@type":"ImageObject","inLanguage":"de","@id":"https:\/\/alice.ch\/de\/#\/schema\/logo\/image\/","url":"https:\/\/alice.ch\/app\/uploads\/2022\/07\/logo-sveb.png","contentUrl":"https:\/\/alice.ch\/app\/uploads\/2022\/07\/logo-sveb.png","width":145,"height":64,"caption":"SVEB Schweizerischer Verband f\u00fcr Weiterbildung"},"image":{"@id":"https:\/\/alice.ch\/de\/#\/schema\/logo\/image\/"},"sameAs":["https:\/\/www.linkedin.com\/company\/schweizerischer-verband-fr-weiterbildung-sveb\/"]}]}},"_links":{"self":[{"href":"https:\/\/alice.ch\/de\/wp-json\/wp\/v2\/pages\/445","targetHints":{"allow":["GET"]}}],"collection":[{"href":"https:\/\/alice.ch\/de\/wp-json\/wp\/v2\/pages"}],"about":[{"href":"https:\/\/alice.ch\/de\/wp-json\/wp\/v2\/types\/page"}],"author":[{"embeddable":true,"href":"https:\/\/alice.ch\/de\/wp-json\/wp\/v2\/users\/2"}],"replies":[{"embeddable":true,"href":"https:\/\/alice.ch\/de\/wp-json\/wp\/v2\/comments?post=445"}],"version-history":[{"count":38,"href":"https:\/\/alice.ch\/de\/wp-json\/wp\/v2\/pages\/445\/revisions"}],"predecessor-version":[{"id":72651,"href":"https:\/\/alice.ch\/de\/wp-json\/wp\/v2\/pages\/445\/revisions\/72651"}],"up":[{"embeddable":true,"href":"https:\/\/alice.ch\/de\/wp-json\/wp\/v2\/pages\/443"}],"wp:featuredmedia":[{"embeddable":true,"href":"https:\/\/alice.ch\/de\/wp-json\/wp\/v2\/media\/20799"}],"wp:attachment":[{"href":"https:\/\/alice.ch\/de\/wp-json\/wp\/v2\/media?parent=445"}],"curies":[{"name":"wp","href":"https:\/\/api.w.org\/{rel}","templated":true}]}}