{"id":456,"date":"2022-08-16T16:40:45","date_gmt":"2022-08-16T14:40:45","guid":{"rendered":"https:\/\/projects.atxeit.ch\/sveb\/?page_id=456"},"modified":"2024-07-16T14:15:56","modified_gmt":"2024-07-16T12:15:56","slug":"einfach-besser-am-arbeitsplatz","status":"publish","type":"page","link":"https:\/\/alice.ch\/de\/themen\/grundkompetenzen\/einfach-besser-am-arbeitsplatz\/","title":{"rendered":"\u00abEinfach besser! \u2026 am Arbeitsplatz\u00bb"},"content":{"rendered":"\n<div class=\"wp-block-group is-style-reduced-width is-layout-flow wp-block-group-is-layout-flow\">\n<h1 class=\"wp-block-heading\">F\u00f6rderschwerpunkt \u00abEinfach besser! &#8230; am Arbeitsplatz\u00bb<\/h1>\n\n\n\n<p class=\"is-style-lead\">Seit 2018 unterst\u00fctzen Bund und Kantone Unternehmen, welche praxisorientierte Kurse direkt am Arbeitsplatz organisieren, um die Grundkompetenzen ihrer Mitarbeitenden zu verbessern. Die Botschaft des Bundesrates zur F\u00f6rderung von Bildung, Forschung und Innovation (BFI) sieht die Weiterf\u00fchrung des Progamms <a href=\"https:\/\/www.einfach-besser.ch\/betriebe.cfm\" target=\"_blank\" rel=\"noreferrer noopener\">\u00abEinfach besser! \u2026 am Arbeitsplatz\u00bb<\/a> f\u00fcr die Jahre 2025\u20132028 vor.<\/p>\n\n\n\n<p>Grundkompetenzen wie Lesen, Schreiben, Sprache, Rechnen und Computer sind eine notwendige Voraussetzung, um die Arbeitsprozesse im Betrieb sicherzustellen und zu verbessern. Das Staatssekretariat f\u00fcr Bildung, Forschung und Innovation (SBFI) will mit dem F\u00f6rderprogramm f\u00fcr Grundkompetenzen dem Fachkr\u00e4ftemangel entgegenwirken und dazu beitragen, dass bestehendes Personal in Unternehmen mit den stetig wachsenden Herausforderungen der Arbeitswelt wie der Digitalisierung Schritt halten kann.<\/p>\n\n\n\n<h2 class=\"wp-block-heading\">Mit dem GO-Modell zum passgenauen Kurs<\/h2>\n\n\n\n<p>Die Unternehmen sind frei in der Wahl der Inhalte und der Anbieter. Damit das Lernen am Arbeitsplatz aber wirklich gelingt, stellt das F\u00f6rderprogramm das <a href=\"https:\/\/alice.ch\/de\/themen\/grundkompetenzen\/go-upskilling-am-arbeitsplatz\/go-modell\/\">GO-Modell<\/a> zur Verf\u00fcgung. Mit dieser Methode werden in f\u00fcnf systematischen Schritten Kurse so auf die Arbeitspl\u00e4tze und das Unternehmen zugeschnitten, dass die Teilnehmenden und die Unternehmen optimal profitieren. Die Kursinhalte orientieren sich an konkreten Arbeitssituationen und -materialien und werden individuell auf den Bedarf der Teilnehmenden ausgerichtet. Damit ergeben die Aufgaben auch f\u00fcr lernungewohnte Personen sofort Sinn. Die Mitarbeitenden werden in kurzer Zeit sp\u00fcrbar motivierter und selbstst\u00e4ndiger. Sicherere und kompetentere Mitarbeitende f\u00fchren wiederum zu einer Steigerung der Qualit\u00e4t und der Produktivit\u00e4t.<\/p>\n\n\n\n<h2 class=\"wp-block-heading\">Wichtige Rolle der Kursanbieter<\/h2>\n\n\n\n<p>Der F\u00f6rderschwerpunkt richtet sich an Betriebe, Branchenfonds und Organisationen der Arbeitswelt. Erfahrene Bildungsanbieter spielen eine wichtige Rolle dabei, den Unternehmen den Nutzen und die Konzepte dieser Massnahmen n\u00e4her zu bringen, sie in der Kursentwicklung zu begleiten und in der Gesuchsstellung zu unterst\u00fctzen. Damit sie diese Chance wahrnehmen k\u00f6nnen, unterst\u00fctzt der SVEB die Anbieter mit geeigneten Methoden, fachlicher Beratung, sowie Unterst\u00fctzung in der Kommunikation f\u00fcr die Akquise und die Vernetzung.<\/p>\n\n\n\n<p>So vermittelt die GO-Weiterbildung des SVEB Anbietern in kurzen Modulen die Grundlagen des <a href=\"https:\/\/alice.ch\/de\/themen\/grundkompetenzen\/go-upskilling-am-arbeitsplatz\/go-modell\/\">GO-Modells<\/a>, zur Akquise von Betrieben, der Gesuchstellung und zur erfolgreichen Umsetzung in den Betrieben. GO-Toolkits enthalten einfach verst\u00e4ndliches Material f\u00fcr die Entwicklung der Kurse am Arbeitsplatz. Sie stehen allen Interessierten als Arbeitsinstrument zur Verf\u00fcgung und wurden bereits in unterschiedlichen Branchen erfolgreich erprobt.<a id=\"_msocom_1\"><\/a><\/p>\n\n\n\n<h2 class=\"wp-block-heading\">Gesuche jederzeit m\u00f6glich<\/h2>\n\n\n\n<p>Die dreisprachige <a href=\"http:\/\/www.einfach-besser.ch\/betriebe\" target=\"_blank\" rel=\"noreferrer noopener\">Website des F\u00f6rderschwerpunkts<\/a> enth\u00e4lt alle notwendigen Informationen f\u00fcr die Einreichung der Gesuche, die jederzeit gestellt werden k\u00f6nnen. Auf dem Portal sind auch Erkl\u00e4rungen \u00fcber die Finanzierung, die Unterst\u00fctzungsbedingungen, das Vorgehen zu finden.<\/p>\n\n\n\n<p>Das Herzst\u00fcck der Plattform sind die <a href=\"https:\/\/www.stories-arbeitsplatz.einfach-besser.ch\/\" target=\"_blank\" rel=\"noreferrer noopener\">\u00abStories\u00bb<\/a> aus der Perspektive der Betriebe, die der SVEB im Auftrag des SBFI als Inspiration und f\u00fcr das bessere Verst\u00e4ndnis des F\u00f6rderprogramms erstellt. In Videos berichten das Management und die Teilnehmenden aus unterschiedlichen Branchen, wie sie den Kurs erleben und welchen Nutzen sie daraus ziehen. Diese Praxisbespiele sollen die Unternehmen dazu inspirieren, eigene Kurse zu entwickeln.<\/p>\n\n\n\n<h2 class=\"wp-block-heading\">F\u00f6rderprogramm breiter bekannt machen<\/h2>\n\n\n\n<p><a href=\"https:\/\/www.stories-arbeitsplatz.einfach-besser.ch\/\" target=\"_blank\" rel=\"noreferrer noopener\">Zahlreiche Beispiele<\/a> aus Kursen in verschiedensten Branchen zeigen die Potenziale, die ein Kurs zur St\u00e4rkung der Grundkompetenzen f\u00fcr das Unternehmen und die Mitarbeitenden freisetzen kann. Der F\u00f6rderschwerpunkt muss jedoch noch bekannter werden, um mehr Unternehmen f\u00fcr die F\u00f6rderung der Grundkompetenzen zu gewinnen.<\/p>\n\n\n\n<figure class=\"wp-block-image size-medium is-style-no-border\"><a href=\"https:\/\/www.besser-jetzt.ch\/betriebe.cfm\" target=\"_blank\" rel=\"noreferrer noopener\"><img decoding=\"async\" width=\"300\" height=\"179\" src=\"https:\/\/alice.ch\/app\/uploads\/2022\/12\/einfach-besser-am-Arbeitsplatz-300x179.jpeg\" alt=\"\" class=\"wp-image-36319\" srcset=\"https:\/\/alice.ch\/app\/uploads\/2022\/12\/einfach-besser-am-Arbeitsplatz-300x179.jpeg 300w, https:\/\/alice.ch\/app\/uploads\/2022\/12\/einfach-besser-am-Arbeitsplatz-1024x612.jpeg 1024w, https:\/\/alice.ch\/app\/uploads\/2022\/12\/einfach-besser-am-Arbeitsplatz-768x459.jpeg 768w, https:\/\/alice.ch\/app\/uploads\/2022\/12\/einfach-besser-am-Arbeitsplatz-1536x918.jpeg 1536w, https:\/\/alice.ch\/app\/uploads\/2022\/12\/einfach-besser-am-Arbeitsplatz.jpeg 1817w\" sizes=\"(max-width: 300px) 100vw, 300px\" \/><\/a><\/figure>\n\n\n\n<h2 class=\"wp-block-heading\">Kontakt<\/h2>\n\n\n\n<div class=\"wp-block-columns is-layout-flex wp-container-core-columns-is-layout-28f84493 wp-block-columns-is-layout-flex\">\n<div class=\"wp-block-column is-layout-flow wp-block-column-is-layout-flow\" style=\"flex-basis:50%\"><div class=\"contact-persons\">\n\n\t\t\t\t\t<div class=\"contact-person\">\n\t\t\t\t\tChristine B\u00e4rlocher<br \/>\t\t\t\t\tProjektleiterin Grundkompetenzen<br \/>\t\t\t\t\t<br \/>\n\t\t\t\t\t\t\t\t\t\t<a href=\"tel:+41 (0)44 319 71 66\">+41 (0)44 319 71 66<\/a><br \/>\t\t\t\t\t<a href=\"mailto:christine.baerlocher@alice.ch\">christine.baerlocher@alice.ch<\/a><br \/>\t\t\t\t\t<\/div>\n\t\t\t\t\t<\/div>\n<\/div>\n\n\n\n<div class=\"wp-block-column is-layout-flow wp-block-column-is-layout-flow\" style=\"flex-basis:50%\">\n<div class=\"wp-block-group is-layout-constrained wp-block-group-is-layout-constrained\"><div class=\"contact-persons\">\n\n\t\t\t\t\t<div class=\"contact-person\">\n\t\t\t\t\tC\u00e4cilia M\u00e4rki<br \/>\t\t\t\t\tSenior Projektleiterin und Ko-Koordinationsverantwortliche Grundkompetenzen<br \/>\t\t\t\t\t<br \/>\n\t\t\t\t\t\t\t\t\t\t<a href=\"tel:+41 (0)44 319 71 58\">+41 (0)44 319 71 58<\/a><br \/>\t\t\t\t\t<a href=\"mailto:caecilia.maerki@alice.ch\">caecilia.maerki@alice.ch<\/a><br \/>\t\t\t\t\t<\/div>\n\t\t\t\t\t<\/div>\n<\/div>\n<\/div>\n<\/div>\n<\/div>\n","protected":false},"excerpt":{"rendered":"<p>F\u00f6rderschwerpunkt \u00abEinfach besser! &#8230; am Arbeitsplatz\u00bb Seit 2018 unterst\u00fctzen Bund und Kantone Unternehmen, welche praxisorientierte Kurse direkt am Arbeitsplatz organisieren, [&hellip;]<\/p>\n","protected":false},"author":2,"featured_media":20799,"parent":342,"menu_order":84,"comment_status":"closed","ping_status":"closed","template":"","meta":{"_acf_changed":false,"inline_featured_image":false,"footnotes":""},"class_list":["post-456","page","type-page","status-publish","has-post-thumbnail","hentry"],"acf":[],"yoast_head":"<!-- This site is optimized with the Yoast SEO plugin v27.3 - https:\/\/yoast.com\/product\/yoast-seo-wordpress\/ -->\n<title>\u00abEinfach besser! \u2026 am Arbeitsplatz\u00bb - SVEB<\/title>\n<meta name=\"description\" content=\"Der F\u00f6rderschwerpunkt unterst\u00fctzt Betriebe dabei, ihre Mitarbeitenden f\u00fcr die Herausforderungen am Arbeitsplatz fit zu halten.\" \/>\n<meta name=\"robots\" content=\"index, follow, max-snippet:-1, max-image-preview:large, max-video-preview:-1\" \/>\n<link rel=\"canonical\" href=\"https:\/\/alice.ch\/de\/themen\/grundkompetenzen\/einfach-besser-am-arbeitsplatz\/\" \/>\n<meta property=\"og:locale\" content=\"de_DE\" \/>\n<meta property=\"og:type\" content=\"article\" \/>\n<meta property=\"og:title\" content=\"\u00abEinfach besser! \u2026 am Arbeitsplatz\u00bb - SVEB\" \/>\n<meta property=\"og:description\" content=\"Der F\u00f6rderschwerpunkt unterst\u00fctzt Betriebe dabei, ihre Mitarbeitenden f\u00fcr die Herausforderungen am Arbeitsplatz fit zu halten.\" \/>\n<meta property=\"og:url\" content=\"https:\/\/alice.ch\/de\/themen\/grundkompetenzen\/einfach-besser-am-arbeitsplatz\/\" \/>\n<meta property=\"og:site_name\" content=\"SVEB\" \/>\n<meta property=\"article:modified_time\" content=\"2024-07-16T12:15:56+00:00\" \/>\n<meta property=\"og:image\" content=\"https:\/\/alice.ch\/app\/uploads\/2022\/12\/einfach-besser-am-Arbeitsplatz-300x179.jpeg\" \/>\n<meta name=\"twitter:card\" content=\"summary_large_image\" \/>\n<meta name=\"twitter:label1\" content=\"Gesch\u00e4tzte Lesezeit\" \/>\n\t<meta name=\"twitter:data1\" content=\"2\u00a0Minuten\" \/>\n<script type=\"application\/ld+json\" class=\"yoast-schema-graph\">{\"@context\":\"https:\\\/\\\/schema.org\",\"@graph\":[{\"@type\":\"WebPage\",\"@id\":\"https:\\\/\\\/alice.ch\\\/de\\\/themen\\\/grundkompetenzen\\\/einfach-besser-am-arbeitsplatz\\\/\",\"url\":\"https:\\\/\\\/alice.ch\\\/de\\\/themen\\\/grundkompetenzen\\\/einfach-besser-am-arbeitsplatz\\\/\",\"name\":\"\u00abEinfach besser! \u2026 am Arbeitsplatz\u00bb - SVEB\",\"isPartOf\":{\"@id\":\"https:\\\/\\\/alice.ch\\\/de\\\/#website\"},\"primaryImageOfPage\":{\"@id\":\"https:\\\/\\\/alice.ch\\\/de\\\/themen\\\/grundkompetenzen\\\/einfach-besser-am-arbeitsplatz\\\/#primaryimage\"},\"image\":{\"@id\":\"https:\\\/\\\/alice.ch\\\/de\\\/themen\\\/grundkompetenzen\\\/einfach-besser-am-arbeitsplatz\\\/#primaryimage\"},\"thumbnailUrl\":\"https:\\\/\\\/alice.ch\\\/app\\\/uploads\\\/2022\\\/11\\\/default.jpg\",\"datePublished\":\"2022-08-16T14:40:45+00:00\",\"dateModified\":\"2024-07-16T12:15:56+00:00\",\"description\":\"Der F\u00f6rderschwerpunkt unterst\u00fctzt Betriebe dabei, ihre Mitarbeitenden f\u00fcr die Herausforderungen am Arbeitsplatz fit zu halten.\",\"breadcrumb\":{\"@id\":\"https:\\\/\\\/alice.ch\\\/de\\\/themen\\\/grundkompetenzen\\\/einfach-besser-am-arbeitsplatz\\\/#breadcrumb\"},\"inLanguage\":\"de\",\"potentialAction\":[{\"@type\":\"ReadAction\",\"target\":[\"https:\\\/\\\/alice.ch\\\/de\\\/themen\\\/grundkompetenzen\\\/einfach-besser-am-arbeitsplatz\\\/\"]}]},{\"@type\":\"ImageObject\",\"inLanguage\":\"de\",\"@id\":\"https:\\\/\\\/alice.ch\\\/de\\\/themen\\\/grundkompetenzen\\\/einfach-besser-am-arbeitsplatz\\\/#primaryimage\",\"url\":\"https:\\\/\\\/alice.ch\\\/app\\\/uploads\\\/2022\\\/11\\\/default.jpg\",\"contentUrl\":\"https:\\\/\\\/alice.ch\\\/app\\\/uploads\\\/2022\\\/11\\\/default.jpg\",\"width\":1600,\"height\":900},{\"@type\":\"BreadcrumbList\",\"@id\":\"https:\\\/\\\/alice.ch\\\/de\\\/themen\\\/grundkompetenzen\\\/einfach-besser-am-arbeitsplatz\\\/#breadcrumb\",\"itemListElement\":[{\"@type\":\"ListItem\",\"position\":1,\"name\":\"Startseite\",\"item\":\"https:\\\/\\\/alice.ch\\\/de\\\/\"},{\"@type\":\"ListItem\",\"position\":2,\"name\":\"Themen\",\"item\":\"https:\\\/\\\/alice.ch\\\/de\\\/themen\\\/\"},{\"@type\":\"ListItem\",\"position\":3,\"name\":\"Grundkompetenzen\",\"item\":\"https:\\\/\\\/alice.ch\\\/de\\\/themen\\\/grundkompetenzen\\\/\"},{\"@type\":\"ListItem\",\"position\":4,\"name\":\"\u00abEinfach besser! \u2026 am Arbeitsplatz\u00bb\"}]},{\"@type\":\"WebSite\",\"@id\":\"https:\\\/\\\/alice.ch\\\/de\\\/#website\",\"url\":\"https:\\\/\\\/alice.ch\\\/de\\\/\",\"name\":\"alice.ch (Adult Learning Information Center) ist das Portal der Weiterbildung in der Schweiz.\",\"description\":\"Schweizerischer Verband f\u00fcr Weiterbildung\",\"publisher\":{\"@id\":\"https:\\\/\\\/alice.ch\\\/de\\\/#organization\"},\"potentialAction\":[{\"@type\":\"SearchAction\",\"target\":{\"@type\":\"EntryPoint\",\"urlTemplate\":\"https:\\\/\\\/alice.ch\\\/de\\\/?s={search_term_string}\"},\"query-input\":{\"@type\":\"PropertyValueSpecification\",\"valueRequired\":true,\"valueName\":\"search_term_string\"}}],\"inLanguage\":\"de\"},{\"@type\":\"Organization\",\"@id\":\"https:\\\/\\\/alice.ch\\\/de\\\/#organization\",\"name\":\"SVEB Schweizerischer Verband f\u00fcr Weiterbildung\",\"url\":\"https:\\\/\\\/alice.ch\\\/de\\\/\",\"logo\":{\"@type\":\"ImageObject\",\"inLanguage\":\"de\",\"@id\":\"https:\\\/\\\/alice.ch\\\/de\\\/#\\\/schema\\\/logo\\\/image\\\/\",\"url\":\"https:\\\/\\\/alice.ch\\\/app\\\/uploads\\\/2022\\\/07\\\/logo-sveb.png\",\"contentUrl\":\"https:\\\/\\\/alice.ch\\\/app\\\/uploads\\\/2022\\\/07\\\/logo-sveb.png\",\"width\":145,\"height\":64,\"caption\":\"SVEB Schweizerischer Verband f\u00fcr Weiterbildung\"},\"image\":{\"@id\":\"https:\\\/\\\/alice.ch\\\/de\\\/#\\\/schema\\\/logo\\\/image\\\/\"},\"sameAs\":[\"https:\\\/\\\/www.linkedin.com\\\/company\\\/schweizerischer-verband-fr-weiterbildung-sveb\\\/\"]}]}<\/script>\n<!-- \/ Yoast SEO plugin. -->","yoast_head_json":{"title":"\u00abEinfach besser! \u2026 am Arbeitsplatz\u00bb - SVEB","description":"Der F\u00f6rderschwerpunkt unterst\u00fctzt Betriebe dabei, ihre Mitarbeitenden f\u00fcr die Herausforderungen am Arbeitsplatz fit zu halten.","robots":{"index":"index","follow":"follow","max-snippet":"max-snippet:-1","max-image-preview":"max-image-preview:large","max-video-preview":"max-video-preview:-1"},"canonical":"https:\/\/alice.ch\/de\/themen\/grundkompetenzen\/einfach-besser-am-arbeitsplatz\/","og_locale":"de_DE","og_type":"article","og_title":"\u00abEinfach besser! \u2026 am Arbeitsplatz\u00bb - SVEB","og_description":"Der F\u00f6rderschwerpunkt unterst\u00fctzt Betriebe dabei, ihre Mitarbeitenden f\u00fcr die Herausforderungen am Arbeitsplatz fit zu halten.","og_url":"https:\/\/alice.ch\/de\/themen\/grundkompetenzen\/einfach-besser-am-arbeitsplatz\/","og_site_name":"SVEB","article_modified_time":"2024-07-16T12:15:56+00:00","og_image":[{"url":"https:\/\/alice.ch\/app\/uploads\/2022\/12\/einfach-besser-am-Arbeitsplatz-300x179.jpeg","type":"","width":"","height":""}],"twitter_card":"summary_large_image","twitter_misc":{"Gesch\u00e4tzte Lesezeit":"2\u00a0Minuten"},"schema":{"@context":"https:\/\/schema.org","@graph":[{"@type":"WebPage","@id":"https:\/\/alice.ch\/de\/themen\/grundkompetenzen\/einfach-besser-am-arbeitsplatz\/","url":"https:\/\/alice.ch\/de\/themen\/grundkompetenzen\/einfach-besser-am-arbeitsplatz\/","name":"\u00abEinfach besser! \u2026 am Arbeitsplatz\u00bb - SVEB","isPartOf":{"@id":"https:\/\/alice.ch\/de\/#website"},"primaryImageOfPage":{"@id":"https:\/\/alice.ch\/de\/themen\/grundkompetenzen\/einfach-besser-am-arbeitsplatz\/#primaryimage"},"image":{"@id":"https:\/\/alice.ch\/de\/themen\/grundkompetenzen\/einfach-besser-am-arbeitsplatz\/#primaryimage"},"thumbnailUrl":"https:\/\/alice.ch\/app\/uploads\/2022\/11\/default.jpg","datePublished":"2022-08-16T14:40:45+00:00","dateModified":"2024-07-16T12:15:56+00:00","description":"Der F\u00f6rderschwerpunkt unterst\u00fctzt Betriebe dabei, ihre Mitarbeitenden f\u00fcr die Herausforderungen am Arbeitsplatz fit zu halten.","breadcrumb":{"@id":"https:\/\/alice.ch\/de\/themen\/grundkompetenzen\/einfach-besser-am-arbeitsplatz\/#breadcrumb"},"inLanguage":"de","potentialAction":[{"@type":"ReadAction","target":["https:\/\/alice.ch\/de\/themen\/grundkompetenzen\/einfach-besser-am-arbeitsplatz\/"]}]},{"@type":"ImageObject","inLanguage":"de","@id":"https:\/\/alice.ch\/de\/themen\/grundkompetenzen\/einfach-besser-am-arbeitsplatz\/#primaryimage","url":"https:\/\/alice.ch\/app\/uploads\/2022\/11\/default.jpg","contentUrl":"https:\/\/alice.ch\/app\/uploads\/2022\/11\/default.jpg","width":1600,"height":900},{"@type":"BreadcrumbList","@id":"https:\/\/alice.ch\/de\/themen\/grundkompetenzen\/einfach-besser-am-arbeitsplatz\/#breadcrumb","itemListElement":[{"@type":"ListItem","position":1,"name":"Startseite","item":"https:\/\/alice.ch\/de\/"},{"@type":"ListItem","position":2,"name":"Themen","item":"https:\/\/alice.ch\/de\/themen\/"},{"@type":"ListItem","position":3,"name":"Grundkompetenzen","item":"https:\/\/alice.ch\/de\/themen\/grundkompetenzen\/"},{"@type":"ListItem","position":4,"name":"\u00abEinfach besser! \u2026 am Arbeitsplatz\u00bb"}]},{"@type":"WebSite","@id":"https:\/\/alice.ch\/de\/#website","url":"https:\/\/alice.ch\/de\/","name":"alice.ch (Adult Learning Information Center) ist das Portal der Weiterbildung in der Schweiz.","description":"Schweizerischer Verband f\u00fcr Weiterbildung","publisher":{"@id":"https:\/\/alice.ch\/de\/#organization"},"potentialAction":[{"@type":"SearchAction","target":{"@type":"EntryPoint","urlTemplate":"https:\/\/alice.ch\/de\/?s={search_term_string}"},"query-input":{"@type":"PropertyValueSpecification","valueRequired":true,"valueName":"search_term_string"}}],"inLanguage":"de"},{"@type":"Organization","@id":"https:\/\/alice.ch\/de\/#organization","name":"SVEB Schweizerischer Verband f\u00fcr Weiterbildung","url":"https:\/\/alice.ch\/de\/","logo":{"@type":"ImageObject","inLanguage":"de","@id":"https:\/\/alice.ch\/de\/#\/schema\/logo\/image\/","url":"https:\/\/alice.ch\/app\/uploads\/2022\/07\/logo-sveb.png","contentUrl":"https:\/\/alice.ch\/app\/uploads\/2022\/07\/logo-sveb.png","width":145,"height":64,"caption":"SVEB Schweizerischer Verband f\u00fcr Weiterbildung"},"image":{"@id":"https:\/\/alice.ch\/de\/#\/schema\/logo\/image\/"},"sameAs":["https:\/\/www.linkedin.com\/company\/schweizerischer-verband-fr-weiterbildung-sveb\/"]}]}},"_links":{"self":[{"href":"https:\/\/alice.ch\/de\/wp-json\/wp\/v2\/pages\/456","targetHints":{"allow":["GET"]}}],"collection":[{"href":"https:\/\/alice.ch\/de\/wp-json\/wp\/v2\/pages"}],"about":[{"href":"https:\/\/alice.ch\/de\/wp-json\/wp\/v2\/types\/page"}],"author":[{"embeddable":true,"href":"https:\/\/alice.ch\/de\/wp-json\/wp\/v2\/users\/2"}],"replies":[{"embeddable":true,"href":"https:\/\/alice.ch\/de\/wp-json\/wp\/v2\/comments?post=456"}],"version-history":[{"count":22,"href":"https:\/\/alice.ch\/de\/wp-json\/wp\/v2\/pages\/456\/revisions"}],"predecessor-version":[{"id":61046,"href":"https:\/\/alice.ch\/de\/wp-json\/wp\/v2\/pages\/456\/revisions\/61046"}],"up":[{"embeddable":true,"href":"https:\/\/alice.ch\/de\/wp-json\/wp\/v2\/pages\/342"}],"wp:featuredmedia":[{"embeddable":true,"href":"https:\/\/alice.ch\/de\/wp-json\/wp\/v2\/media\/20799"}],"wp:attachment":[{"href":"https:\/\/alice.ch\/de\/wp-json\/wp\/v2\/media?parent=456"}],"curies":[{"name":"wp","href":"https:\/\/api.w.org\/{rel}","templated":true}]}}