{"id":458,"date":"2022-08-16T16:40:51","date_gmt":"2022-08-16T14:40:51","guid":{"rendered":"https:\/\/projects.atxeit.ch\/sveb\/?page_id=458"},"modified":"2024-11-25T14:06:32","modified_gmt":"2024-11-25T13:06:32","slug":"erarbeitung-von-fachwissen-in-eu-projekten","status":"publish","type":"page","link":"https:\/\/alice.ch\/de\/forschung\/entwicklungen-fuer-die-praxis\/erarbeitung-von-fachwissen-in-eu-projekten\/","title":{"rendered":"Erarbeitung von Fachwissen in EU-Projekten"},"content":{"rendered":"\n<div class=\"wp-block-group is-style-reduced-width is-layout-constrained wp-block-group-is-layout-constrained\">\n<h1 class=\"wp-block-heading\">Erarbeitung von Fachwissen in EU-Projekten<\/h1>\n\n\n\n<p>Der SVEB beteiligt sich an verschiedenen EU-Projekten zur Bildung und Weiterbildung. Die Projekte werden von Movetia und Erasmus+ finanziert und gemeinsam mit europ\u00e4ischen Partnerorganisationen umgesetzt.<\/p>\n<\/div>\n\n\n\n<div class=\"wp-block-group is-style-default is-layout-flow wp-block-group-is-layout-flow\">\n<div class=\"wp-block-query is-layout-flow wp-block-query-is-layout-flow\"><ul class=\"wp-block-post-template is-layout-flow wp-block-post-template-is-layout-flow\"><li class=\"wp-block-post post-72989 project type-project status-publish has-post-thumbnail hentry project-category-digitalisierung project-region-eu global-category-digitalisierung global-category-digitalli global-category-eu-projekte global-category-ki-in-der-weiterbildung global-category-professionalisierung\">\n\n<a class=\"project-item\" href=\"https:\/\/alice.ch\/de\/project\/voices-voices-of-immigrants-creating-empathy-social-cohesion\/\" >\n\n\t<div class=\"title\">\n\t\t<h3>VOICES \u2013 Voices of Immigrants creating Empathy &amp; Social Cohesion<\/h3>\n\t\t<p>St\u00e4rkung der gesellschaftlichen Teilhabe und des Zugeh\u00f6rigkeitsgef\u00fchls von Migrantinnen und Migranten <\/p>\n\t<\/div>\n\t<div class=\"meta\">\n\t\t<div class=\"date\">2024\u20132026<\/div>\n\t\t<div class=\"place\">EU<\/div>\n\t<\/div>\n\t<div class=\"more\">\n\t\t<span class=\"button\">mehr erfahren<\/span>\n\t<\/div>\n<\/a>\n\n<\/li><li class=\"wp-block-post post-65694 project type-project status-publish has-post-thumbnail hentry project-category-weiterbildungssystem project-region-eu global-category-international global-category-internationale-projekte global-category-professionalisierung global-category-qualitaet global-category-weiterbildungssystem\">\n\n<a class=\"project-item\" href=\"https:\/\/alice.ch\/de\/project\/innovationskompass\/\" >\n\n\t<div class=\"title\">\n\t\t<h3>Innovationskompass<\/h3>\n\t\t<p>Internationaler Austausch des SVEB mit anderen Institutionen der Erwachsenenbildung<\/p>\n\t<\/div>\n\t<div class=\"meta\">\n\t\t<div class=\"date\">2024\u20132026<\/div>\n\t\t<div class=\"place\">EU<\/div>\n\t<\/div>\n\t<div class=\"more\">\n\t\t<span class=\"button\">mehr erfahren<\/span>\n\t<\/div>\n<\/a>\n\n<\/li><li class=\"wp-block-post post-68728 project type-project status-publish has-post-thumbnail hentry project-category-digitalisierung project-region-eu global-category-digitalisierung global-category-ethlae global-category-eu-projekte global-category-ki-in-der-weiterbildung global-category-professionalisierung\">\n\n<a class=\"project-item\" href=\"https:\/\/alice.ch\/de\/project\/ethlae-emerging-technology-for-holistic-literacy-in-adult-education\/\" >\n\n\t<div class=\"title\">\n\t\t<h3>ETHLAE \u2013 Emerging Technology for Holistic Literacy in Adult Education<\/h3>\n\t\t<p>Digitale Technologien zur F\u00f6rderung der Grundkompetenzen erfassen und bewerten<\/p>\n\t<\/div>\n\t<div class=\"meta\">\n\t\t<div class=\"date\">2024\u20132026<\/div>\n\t\t<div class=\"place\">EU<\/div>\n\t<\/div>\n\t<div class=\"more\">\n\t\t<span class=\"button\">mehr erfahren<\/span>\n\t<\/div>\n<\/a>\n\n<\/li><li class=\"wp-block-post post-69357 project type-project status-publish has-post-thumbnail hentry project-category-digitalisierung project-region-eu global-category-digitalisierung global-category-digitalli global-category-eu-projekte global-category-ki-in-der-weiterbildung global-category-professionalisierung\">\n\n<a class=\"project-item\" href=\"https:\/\/alice.ch\/de\/project\/digitalli-digital-strategies-for-lifelong-learning-institutions\/\" >\n\n\t<div class=\"title\">\n\t\t<h3>DIGITALLI &#8211; Digital Strategies for Lifelong Learning Institutions<\/h3>\n\t\t<p>Weiterbildungsorganisationen bei der digitalen Transformation unterst\u00fctzen<\/p>\n\t<\/div>\n\t<div class=\"meta\">\n\t\t<div class=\"date\">2024\u20132026<\/div>\n\t\t<div class=\"place\">EU<\/div>\n\t<\/div>\n\t<div class=\"more\">\n\t\t<span class=\"button\">mehr erfahren<\/span>\n\t<\/div>\n<\/a>\n\n<\/li><li class=\"wp-block-post post-65650 project type-project status-publish has-post-thumbnail hentry project-category-digitalisierung project-region-eu global-category-blocked global-category-digitalisierung global-category-eu-projekte global-category-professionalisierung global-category-weiterbildungssystem\">\n\n<a class=\"project-item\" href=\"https:\/\/alice.ch\/de\/project\/blocked-empowering-adult-learners-through-microcredential-blockchain-integration\/\" >\n\n\t<div class=\"title\">\n\t\t<h3>BlockED \u2013 Empowering Adult Learners through Microcredential Blockchain Integration<\/h3>\n\t\t<p>Kompetenzerweiterung der Ausbildenden zu Micro-Credentials und Blockchain<\/p>\n\t<\/div>\n\t<div class=\"meta\">\n\t\t<div class=\"date\">2024\u20132026<\/div>\n\t\t<div class=\"place\">EU<\/div>\n\t<\/div>\n\t<div class=\"more\">\n\t\t<span class=\"button\">mehr erfahren<\/span>\n\t<\/div>\n<\/a>\n\n<\/li><li class=\"wp-block-post post-61313 project type-project status-publish has-post-thumbnail hentry project-category-chancengleichheit project-region-eu global-category-chancengleichheit global-category-grundkompetenzen\">\n\n<a class=\"project-item\" href=\"https:\/\/alice.ch\/de\/project\/enhance-enhancing-adult-learners-voices\/\" >\n\n\t<div class=\"title\">\n\t\t<h3>ENHANCE \u2013 Enhancing Adult Learners Voices\u00a0\u00a0<\/h3>\n\t\t<p>ENHANCE \u2013 Lernr\u00e4ume, die auf den Bed\u00fcrfnissen erwachsener Lernender basieren<\/p>\n\t<\/div>\n\t<div class=\"meta\">\n\t\t<div class=\"date\">2023\u20132026<\/div>\n\t\t<div class=\"place\">EU<\/div>\n\t<\/div>\n\t<div class=\"more\">\n\t\t<span class=\"button\">mehr erfahren<\/span>\n\t<\/div>\n<\/a>\n\n<\/li><li class=\"wp-block-post post-61977 project type-project status-publish has-post-thumbnail hentry project-category-chancengleichheit project-region-eu\">\n\n<a class=\"project-item\" href=\"https:\/\/alice.ch\/de\/project\/ageing-well\/\" >\n\n\t<div class=\"title\">\n\t\t<h3>Ageing Well<\/h3>\n\t\t<p>\u00c4ltere Menschen bef\u00e4higen, die Herausforderungen des Alterns zu meistern<\/p>\n\t<\/div>\n\t<div class=\"meta\">\n\t\t<div class=\"date\">2023\u20132025<\/div>\n\t\t<div class=\"place\">EU<\/div>\n\t<\/div>\n\t<div class=\"more\">\n\t\t<span class=\"button\">mehr erfahren<\/span>\n\t<\/div>\n<\/a>\n\n<\/li><li class=\"wp-block-post post-42906 project type-project status-publish has-post-thumbnail hentry project-category-digitalisierung project-region-eu global-category-ki-in-der-weiterbildung global-category-professionalisierung\">\n\n<a class=\"project-item\" href=\"https:\/\/alice.ch\/de\/project\/ai4al\/\" >\n\n\t<div class=\"title\">\n\t\t<h3>AI4AL (Artificial Intelligence 4 Adult Learning)<\/h3>\n\t\t<p>K\u00fcnstliche Intelligenz (KI) f\u00fcr die Erwachsenenbildung<\/p>\n\t<\/div>\n\t<div class=\"meta\">\n\t\t<div class=\"date\">2022\u20132024<\/div>\n\t\t<div class=\"place\">EU<\/div>\n\t<\/div>\n\t<div class=\"more\">\n\t\t<span class=\"button\">mehr erfahren<\/span>\n\t<\/div>\n<\/a>\n\n<\/li><li class=\"wp-block-post post-42929 project type-project status-publish has-post-thumbnail hentry project-category-nachhaltigkeit project-region-eu global-category-eu-projekte global-category-tale\">\n\n<a class=\"project-item\" href=\"https:\/\/alice.ch\/de\/project\/tale\/\" >\n\n\t<div class=\"title\">\n\t\t<h3>TALE (Transformative Adult Learning for Green Transition)<\/h3>\n\t\t<p>F\u00f6rderung von gr\u00fcnen Kompetenzen durch transformative Lernmethoden<\/p>\n\t<\/div>\n\t<div class=\"meta\">\n\t\t<div class=\"date\">2022\u20132024<\/div>\n\t\t<div class=\"place\">EU<\/div>\n\t<\/div>\n\t<div class=\"more\">\n\t\t<span class=\"button\">mehr erfahren<\/span>\n\t<\/div>\n<\/a>\n\n<\/li><li class=\"wp-block-post post-45167 project type-project status-publish has-post-thumbnail hentry project-category-chancengleichheit project-region-eu global-category-ki-in-der-weiterbildung\">\n\n<a class=\"project-item\" href=\"https:\/\/alice.ch\/de\/project\/xr-women\/\" >\n\n\t<div class=\"title\">\n\t\t<h3>XR-Women<\/h3>\n\t\t<p>St\u00e4rkung von Fl\u00fcchtlingsfrauen durch XR-unterst\u00fctzten Sprachunterricht<\/p>\n\t<\/div>\n\t<div class=\"meta\">\n\t\t<div class=\"date\">2022\u20132024<\/div>\n\t\t<div class=\"place\">EU<\/div>\n\t<\/div>\n\t<div class=\"more\">\n\t\t<span class=\"button\">mehr erfahren<\/span>\n\t<\/div>\n<\/a>\n\n<\/li><\/ul>\n\n<nav class=\"wp-block-query-pagination is-content-justification-center is-layout-flex wp-container-core-query-pagination-is-layout-a89b3969 wp-block-query-pagination-is-layout-flex\" aria-label=\"Seitennummerierung\">\n\n\n<div class=\"wp-block-query-pagination-numbers\"><span aria-current=\"page\" class=\"page-numbers current\">1<\/span>\n<a class=\"page-numbers\" href=\"?query-0-page=2\">2<\/a>\n<a class=\"page-numbers\" href=\"?query-0-page=3\">3<\/a>\n<span class=\"page-numbers dots\">&hellip;<\/span>\n<a class=\"page-numbers\" href=\"?query-0-page=5\">5<\/a><\/div>\n\n<a href=\"\/de\/wp-json\/wp\/v2\/pages\/458?query-0-page=2\" class=\"wp-block-query-pagination-next\">N\u00e4chste Seite<\/a>\n<\/nav>\n\n<\/div>\n<\/div>\n\n\n\n<div class=\"wp-block-group is-style-reduced-width is-layout-constrained wp-block-group-is-layout-constrained\">\n<h2 class=\"wp-block-heading\">Kontakt<\/h2>\n\n\n\n<div class=\"wp-block-columns is-layout-flex wp-container-core-columns-is-layout-28f84493 wp-block-columns-is-layout-flex\">\n<div class=\"wp-block-column is-layout-flow wp-block-column-is-layout-flow\" style=\"flex-basis:50%\"><div class=\"contact-persons\">\n\n\t\t\t\t\t<div class=\"contact-person\">\n\t\t\t\t\tMarianne M\u00fcller<br \/>\t\t\t\t\tProjektleiterin Forschung und Internationales<br \/>\t\t\t\t\t<br \/>\n\t\t\t\t\t\t\t\t\t\t<a href=\"tel:+41 (0)44 319 71 67\">+41 (0)44 319 71 67<\/a><br \/>\t\t\t\t\t<a href=\"mailto:marianne.mueller@alice.ch\">marianne.mueller@alice.ch<\/a><br \/>\t\t\t\t\t<\/div>\n\t\t\t\t\t<\/div>\n<\/div>\n\n\n\n<div class=\"wp-block-column is-layout-flow wp-block-column-is-layout-flow\" style=\"flex-basis:50%\"><\/div>\n<\/div>\n<\/div>\n","protected":false},"excerpt":{"rendered":"<p>Erarbeitung von Fachwissen in EU-Projekten Der SVEB beteiligt sich an verschiedenen EU-Projekten zur Bildung und Weiterbildung. Die Projekte werden von [&hellip;]<\/p>\n","protected":false},"author":2,"featured_media":20799,"parent":443,"menu_order":389,"comment_status":"closed","ping_status":"closed","template":"","meta":{"_acf_changed":false,"inline_featured_image":false,"footnotes":""},"class_list":["post-458","page","type-page","status-publish","has-post-thumbnail","hentry"],"acf":[],"yoast_head":"<!-- This site is optimized with the Yoast SEO plugin v27.3 - https:\/\/yoast.com\/product\/yoast-seo-wordpress\/ -->\n<title>Erarbeitung von Fachwissen in EU-Projekten - SVEB<\/title>\n<meta name=\"description\" content=\"Informationen zu EU-Projekten mit SVEB Beteiligung, finanziert von Movetia und Erasmus+ und umgesetzt von verschiedenen Partnerorganisationen\" \/>\n<meta name=\"robots\" content=\"noindex, nofollow\" \/>\n<meta property=\"og:locale\" content=\"de_DE\" \/>\n<meta property=\"og:type\" content=\"article\" \/>\n<meta property=\"og:title\" content=\"Erarbeitung von Fachwissen in EU-Projekten - SVEB\" \/>\n<meta property=\"og:description\" content=\"Informationen zu EU-Projekten mit SVEB Beteiligung, finanziert von Movetia und Erasmus+ und umgesetzt von verschiedenen Partnerorganisationen\" \/>\n<meta property=\"og:url\" content=\"https:\/\/alice.ch\/de\/forschung\/entwicklungen-fuer-die-praxis\/erarbeitung-von-fachwissen-in-eu-projekten\/\" \/>\n<meta property=\"og:site_name\" content=\"SVEB\" \/>\n<meta property=\"article:modified_time\" content=\"2024-11-25T13:06:32+00:00\" \/>\n<meta name=\"twitter:card\" content=\"summary_large_image\" \/>\n<meta name=\"twitter:label1\" content=\"Gesch\u00e4tzte Lesezeit\" \/>\n\t<meta name=\"twitter:data1\" content=\"1\u00a0Minute\" \/>\n<script type=\"application\/ld+json\" class=\"yoast-schema-graph\">{\"@context\":\"https:\\\/\\\/schema.org\",\"@graph\":[{\"@type\":\"WebPage\",\"@id\":\"https:\\\/\\\/alice.ch\\\/de\\\/forschung\\\/entwicklungen-fuer-die-praxis\\\/erarbeitung-von-fachwissen-in-eu-projekten\\\/\",\"url\":\"https:\\\/\\\/alice.ch\\\/de\\\/forschung\\\/entwicklungen-fuer-die-praxis\\\/erarbeitung-von-fachwissen-in-eu-projekten\\\/\",\"name\":\"Erarbeitung von Fachwissen in EU-Projekten - SVEB\",\"isPartOf\":{\"@id\":\"https:\\\/\\\/alice.ch\\\/de\\\/#website\"},\"primaryImageOfPage\":{\"@id\":\"https:\\\/\\\/alice.ch\\\/de\\\/forschung\\\/entwicklungen-fuer-die-praxis\\\/erarbeitung-von-fachwissen-in-eu-projekten\\\/#primaryimage\"},\"image\":{\"@id\":\"https:\\\/\\\/alice.ch\\\/de\\\/forschung\\\/entwicklungen-fuer-die-praxis\\\/erarbeitung-von-fachwissen-in-eu-projekten\\\/#primaryimage\"},\"thumbnailUrl\":\"https:\\\/\\\/alice.ch\\\/app\\\/uploads\\\/2022\\\/11\\\/default.jpg\",\"datePublished\":\"2022-08-16T14:40:51+00:00\",\"dateModified\":\"2024-11-25T13:06:32+00:00\",\"description\":\"Informationen zu EU-Projekten mit SVEB Beteiligung, finanziert von Movetia und Erasmus+ und umgesetzt von verschiedenen Partnerorganisationen\",\"breadcrumb\":{\"@id\":\"https:\\\/\\\/alice.ch\\\/de\\\/forschung\\\/entwicklungen-fuer-die-praxis\\\/erarbeitung-von-fachwissen-in-eu-projekten\\\/#breadcrumb\"},\"inLanguage\":\"de\",\"potentialAction\":[{\"@type\":\"ReadAction\",\"target\":[\"https:\\\/\\\/alice.ch\\\/de\\\/forschung\\\/entwicklungen-fuer-die-praxis\\\/erarbeitung-von-fachwissen-in-eu-projekten\\\/\"]}]},{\"@type\":\"ImageObject\",\"inLanguage\":\"de\",\"@id\":\"https:\\\/\\\/alice.ch\\\/de\\\/forschung\\\/entwicklungen-fuer-die-praxis\\\/erarbeitung-von-fachwissen-in-eu-projekten\\\/#primaryimage\",\"url\":\"https:\\\/\\\/alice.ch\\\/app\\\/uploads\\\/2022\\\/11\\\/default.jpg\",\"contentUrl\":\"https:\\\/\\\/alice.ch\\\/app\\\/uploads\\\/2022\\\/11\\\/default.jpg\",\"width\":1600,\"height\":900},{\"@type\":\"BreadcrumbList\",\"@id\":\"https:\\\/\\\/alice.ch\\\/de\\\/forschung\\\/entwicklungen-fuer-die-praxis\\\/erarbeitung-von-fachwissen-in-eu-projekten\\\/#breadcrumb\",\"itemListElement\":[{\"@type\":\"ListItem\",\"position\":1,\"name\":\"Startseite\",\"item\":\"https:\\\/\\\/alice.ch\\\/de\\\/\"},{\"@type\":\"ListItem\",\"position\":2,\"name\":\"Forschung\",\"item\":\"https:\\\/\\\/alice.ch\\\/de\\\/forschung\\\/\"},{\"@type\":\"ListItem\",\"position\":3,\"name\":\"Entwicklungen f\u00fcr die Praxis\",\"item\":\"https:\\\/\\\/alice.ch\\\/de\\\/forschung\\\/entwicklungen-fuer-die-praxis\\\/\"},{\"@type\":\"ListItem\",\"position\":4,\"name\":\"Erarbeitung von Fachwissen in EU-Projekten\"}]},{\"@type\":\"WebSite\",\"@id\":\"https:\\\/\\\/alice.ch\\\/de\\\/#website\",\"url\":\"https:\\\/\\\/alice.ch\\\/de\\\/\",\"name\":\"alice.ch (Adult Learning Information Center) ist das Portal der Weiterbildung in der Schweiz.\",\"description\":\"Schweizerischer Verband f\u00fcr Weiterbildung\",\"publisher\":{\"@id\":\"https:\\\/\\\/alice.ch\\\/de\\\/#organization\"},\"potentialAction\":[{\"@type\":\"SearchAction\",\"target\":{\"@type\":\"EntryPoint\",\"urlTemplate\":\"https:\\\/\\\/alice.ch\\\/de\\\/?s={search_term_string}\"},\"query-input\":{\"@type\":\"PropertyValueSpecification\",\"valueRequired\":true,\"valueName\":\"search_term_string\"}}],\"inLanguage\":\"de\"},{\"@type\":\"Organization\",\"@id\":\"https:\\\/\\\/alice.ch\\\/de\\\/#organization\",\"name\":\"SVEB Schweizerischer Verband f\u00fcr Weiterbildung\",\"url\":\"https:\\\/\\\/alice.ch\\\/de\\\/\",\"logo\":{\"@type\":\"ImageObject\",\"inLanguage\":\"de\",\"@id\":\"https:\\\/\\\/alice.ch\\\/de\\\/#\\\/schema\\\/logo\\\/image\\\/\",\"url\":\"https:\\\/\\\/alice.ch\\\/app\\\/uploads\\\/2022\\\/07\\\/logo-sveb.png\",\"contentUrl\":\"https:\\\/\\\/alice.ch\\\/app\\\/uploads\\\/2022\\\/07\\\/logo-sveb.png\",\"width\":145,\"height\":64,\"caption\":\"SVEB Schweizerischer Verband f\u00fcr Weiterbildung\"},\"image\":{\"@id\":\"https:\\\/\\\/alice.ch\\\/de\\\/#\\\/schema\\\/logo\\\/image\\\/\"},\"sameAs\":[\"https:\\\/\\\/www.linkedin.com\\\/company\\\/schweizerischer-verband-fr-weiterbildung-sveb\\\/\"]}]}<\/script>\n<!-- \/ Yoast SEO plugin. -->","yoast_head_json":{"title":"Erarbeitung von Fachwissen in EU-Projekten - SVEB","description":"Informationen zu EU-Projekten mit SVEB Beteiligung, finanziert von Movetia und Erasmus+ und umgesetzt von verschiedenen Partnerorganisationen","robots":{"index":"noindex","follow":"nofollow"},"og_locale":"de_DE","og_type":"article","og_title":"Erarbeitung von Fachwissen in EU-Projekten - SVEB","og_description":"Informationen zu EU-Projekten mit SVEB Beteiligung, finanziert von Movetia und Erasmus+ und umgesetzt von verschiedenen Partnerorganisationen","og_url":"https:\/\/alice.ch\/de\/forschung\/entwicklungen-fuer-die-praxis\/erarbeitung-von-fachwissen-in-eu-projekten\/","og_site_name":"SVEB","article_modified_time":"2024-11-25T13:06:32+00:00","twitter_card":"summary_large_image","twitter_misc":{"Gesch\u00e4tzte Lesezeit":"1\u00a0Minute"},"schema":{"@context":"https:\/\/schema.org","@graph":[{"@type":"WebPage","@id":"https:\/\/alice.ch\/de\/forschung\/entwicklungen-fuer-die-praxis\/erarbeitung-von-fachwissen-in-eu-projekten\/","url":"https:\/\/alice.ch\/de\/forschung\/entwicklungen-fuer-die-praxis\/erarbeitung-von-fachwissen-in-eu-projekten\/","name":"Erarbeitung von Fachwissen in EU-Projekten - SVEB","isPartOf":{"@id":"https:\/\/alice.ch\/de\/#website"},"primaryImageOfPage":{"@id":"https:\/\/alice.ch\/de\/forschung\/entwicklungen-fuer-die-praxis\/erarbeitung-von-fachwissen-in-eu-projekten\/#primaryimage"},"image":{"@id":"https:\/\/alice.ch\/de\/forschung\/entwicklungen-fuer-die-praxis\/erarbeitung-von-fachwissen-in-eu-projekten\/#primaryimage"},"thumbnailUrl":"https:\/\/alice.ch\/app\/uploads\/2022\/11\/default.jpg","datePublished":"2022-08-16T14:40:51+00:00","dateModified":"2024-11-25T13:06:32+00:00","description":"Informationen zu EU-Projekten mit SVEB Beteiligung, finanziert von Movetia und Erasmus+ und umgesetzt von verschiedenen Partnerorganisationen","breadcrumb":{"@id":"https:\/\/alice.ch\/de\/forschung\/entwicklungen-fuer-die-praxis\/erarbeitung-von-fachwissen-in-eu-projekten\/#breadcrumb"},"inLanguage":"de","potentialAction":[{"@type":"ReadAction","target":["https:\/\/alice.ch\/de\/forschung\/entwicklungen-fuer-die-praxis\/erarbeitung-von-fachwissen-in-eu-projekten\/"]}]},{"@type":"ImageObject","inLanguage":"de","@id":"https:\/\/alice.ch\/de\/forschung\/entwicklungen-fuer-die-praxis\/erarbeitung-von-fachwissen-in-eu-projekten\/#primaryimage","url":"https:\/\/alice.ch\/app\/uploads\/2022\/11\/default.jpg","contentUrl":"https:\/\/alice.ch\/app\/uploads\/2022\/11\/default.jpg","width":1600,"height":900},{"@type":"BreadcrumbList","@id":"https:\/\/alice.ch\/de\/forschung\/entwicklungen-fuer-die-praxis\/erarbeitung-von-fachwissen-in-eu-projekten\/#breadcrumb","itemListElement":[{"@type":"ListItem","position":1,"name":"Startseite","item":"https:\/\/alice.ch\/de\/"},{"@type":"ListItem","position":2,"name":"Forschung","item":"https:\/\/alice.ch\/de\/forschung\/"},{"@type":"ListItem","position":3,"name":"Entwicklungen f\u00fcr die Praxis","item":"https:\/\/alice.ch\/de\/forschung\/entwicklungen-fuer-die-praxis\/"},{"@type":"ListItem","position":4,"name":"Erarbeitung von Fachwissen in EU-Projekten"}]},{"@type":"WebSite","@id":"https:\/\/alice.ch\/de\/#website","url":"https:\/\/alice.ch\/de\/","name":"alice.ch (Adult Learning Information Center) ist das Portal der Weiterbildung in der Schweiz.","description":"Schweizerischer Verband f\u00fcr Weiterbildung","publisher":{"@id":"https:\/\/alice.ch\/de\/#organization"},"potentialAction":[{"@type":"SearchAction","target":{"@type":"EntryPoint","urlTemplate":"https:\/\/alice.ch\/de\/?s={search_term_string}"},"query-input":{"@type":"PropertyValueSpecification","valueRequired":true,"valueName":"search_term_string"}}],"inLanguage":"de"},{"@type":"Organization","@id":"https:\/\/alice.ch\/de\/#organization","name":"SVEB Schweizerischer Verband f\u00fcr Weiterbildung","url":"https:\/\/alice.ch\/de\/","logo":{"@type":"ImageObject","inLanguage":"de","@id":"https:\/\/alice.ch\/de\/#\/schema\/logo\/image\/","url":"https:\/\/alice.ch\/app\/uploads\/2022\/07\/logo-sveb.png","contentUrl":"https:\/\/alice.ch\/app\/uploads\/2022\/07\/logo-sveb.png","width":145,"height":64,"caption":"SVEB Schweizerischer Verband f\u00fcr Weiterbildung"},"image":{"@id":"https:\/\/alice.ch\/de\/#\/schema\/logo\/image\/"},"sameAs":["https:\/\/www.linkedin.com\/company\/schweizerischer-verband-fr-weiterbildung-sveb\/"]}]}},"_links":{"self":[{"href":"https:\/\/alice.ch\/de\/wp-json\/wp\/v2\/pages\/458","targetHints":{"allow":["GET"]}}],"collection":[{"href":"https:\/\/alice.ch\/de\/wp-json\/wp\/v2\/pages"}],"about":[{"href":"https:\/\/alice.ch\/de\/wp-json\/wp\/v2\/types\/page"}],"author":[{"embeddable":true,"href":"https:\/\/alice.ch\/de\/wp-json\/wp\/v2\/users\/2"}],"replies":[{"embeddable":true,"href":"https:\/\/alice.ch\/de\/wp-json\/wp\/v2\/comments?post=458"}],"version-history":[{"count":31,"href":"https:\/\/alice.ch\/de\/wp-json\/wp\/v2\/pages\/458\/revisions"}],"predecessor-version":[{"id":64287,"href":"https:\/\/alice.ch\/de\/wp-json\/wp\/v2\/pages\/458\/revisions\/64287"}],"up":[{"embeddable":true,"href":"https:\/\/alice.ch\/de\/wp-json\/wp\/v2\/pages\/443"}],"wp:featuredmedia":[{"embeddable":true,"href":"https:\/\/alice.ch\/de\/wp-json\/wp\/v2\/media\/20799"}],"wp:attachment":[{"href":"https:\/\/alice.ch\/de\/wp-json\/wp\/v2\/media?parent=458"}],"curies":[{"name":"wp","href":"https:\/\/api.w.org\/{rel}","templated":true}]}}