{"id":47947,"date":"2025-04-02T14:05:35","date_gmt":"2025-04-02T12:05:35","guid":{"rendered":"https:\/\/alice.ch\/?page_id=47947"},"modified":"2025-05-05T10:21:14","modified_gmt":"2025-05-05T08:21:14","slug":"dv2025","status":"publish","type":"page","link":"https:\/\/alice.ch\/de\/sveb\/ueber-den-sveb\/dv2025\/","title":{"rendered":"Delegiertenversammlung 2025"},"content":{"rendered":"\n<div class=\"wp-block-group is-style-reduced-width is-layout-flow wp-block-group-is-layout-flow\">\n<h1 class=\"wp-block-heading\">SVEB-Delegiertenversammlung 2025 und bildungspolitische Tagung<\/h1>\n\n\n\n<p class=\"is-style-lead\">Auf dieser Seite zur Delegiertenversammlung und der bildungspolitischen Tagung des SVEB vom 8. Mai 2025 in Z\u00fcrich (<a href=\"https:\/\/maps.app.goo.gl\/JVoPSAyeKECgQehS8\" target=\"_blank\" rel=\"noreferrer noopener\">Gleisarena FFHS Campus Z\u00fcrich<\/a>) finden Sie alle Dokumente als Download.<\/p>\n\n\n\n<div class=\"wp-block-buttons is-layout-flex wp-block-buttons-is-layout-flex\">\n<div class=\"wp-block-button is-style-outline is-style-outline--1\"><a class=\"wp-block-button__link wp-element-button\" href=\"https:\/\/alice.ch\/de\/event\/delegiertenversammlung-und-bildungspolitische-tagung-2025\/\">zur Anmeldung<\/a><\/div>\n<\/div>\n\n\n\n<h2 class=\"wp-block-heading\">Delegiertenversammlung <\/h2>\n\n\n\n<h3 class=\"wp-block-heading has-cyan-bluish-gray-color has-text-color\">13.30\u201314.30 Uhr<\/h3>\n\n\n\n<h3 class=\"wp-block-heading\">Traktanden<\/h3>\n\n\n\n<ol style=\"list-style-type:1\" class=\"wp-block-list\">\n<li>Begr\u00fcssung<\/li>\n\n\n\n<li>Wahl der Stimmenz\u00e4hlerinnen und -z\u00e4hler<\/li>\n\n\n\n<li>Protokoll der Delegiertenversammlung vom Mai 2024 (Beilage T3)<\/li>\n\n\n\n<li>Stellungnahme zum Jahresbericht 2024 durch den Pr\u00e4sidenten, Fragen und Diskussion (Jahresbericht)<\/li>\n\n\n\n<li>Jahresrechnung 2024 (vgl. Jahresbericht, S. 25)<\/li>\n\n\n\n<li>Budget 2025 (vgl. Jahresbericht, S. 25) und T\u00e4tigkeitsprogramm 2025 (Beilage T6)<\/li>\n\n\n\n<li>Wahl der Revisionsstelle<\/li>\n\n\n\n<li>Strategie 2025\u20132028 (Beilage T8)<\/li>\n\n\n\n<li>Wahlen (Beilage T9)\n<ul class=\"wp-block-list\">\n<li>Wahl des Vorstandes <\/li>\n\n\n\n<li>Wahl des Pr\u00e4sidiums <\/li>\n<\/ul>\n<\/li>\n\n\n\n<li>Diverses<\/li>\n<\/ol>\n\n\n\n<div class=\"wp-block-group is-style-border-box is-layout-constrained wp-block-group-is-layout-constrained\">\n<p class=\"is-style-lead\">Antr\u00e4ge von Mitgliedern bez\u00fcglich der bereitgestellten Unterlagen sind sp\u00e4testens 10 Tage vor der Versammlung bei der Gesch\u00e4ftsstelle einzureichen.<\/p>\n<\/div>\n\n\n\n<h3 class=\"wp-block-heading\">Dokumente<\/h3>\n\n\n\n<div class=\"wp-block-columns is-layout-flex wp-container-core-columns-is-layout-28f84493 wp-block-columns-is-layout-flex\">\n<div class=\"wp-block-column is-layout-flow wp-block-column-is-layout-flow\" style=\"flex-basis:50%\">\n<div class=\"wp-block-file\"><a id=\"wp-block-file--media-48c1b2fa-d7ef-45f3-a60a-d26079ff3937\" href=\"https:\/\/alice.ch\/app\/uploads\/2025\/04\/t1-traktanden-2025.pdf\" target=\"_blank\" rel=\"noreferrer noopener\">Traktanden DV 2025 (Beilage T1)<br \/>PDF &#8211; 178 KB<\/a><a href=\"https:\/\/alice.ch\/app\/uploads\/2025\/04\/t1-traktanden-2025.pdf\" class=\"wp-block-file__button wp-element-button\" download aria-describedby=\"wp-block-file--media-48c1b2fa-d7ef-45f3-a60a-d26079ff3937\">Herunterladen<br \/>PDF &#8211; 178 KB<\/a><\/div>\n\n\n\n<div class=\"wp-block-file\"><a id=\"wp-block-file--media-67568987-e60f-401f-a462-f0bfc65a5548\" href=\"https:\/\/alice.ch\/app\/uploads\/2025\/04\/jahresbericht-rapport-annuel-2024.pdf\" target=\"_blank\" rel=\"noreferrer noopener\">Jahresbericht 2024<br \/>PDF &#8211; 1 MB<\/a><a href=\"https:\/\/alice.ch\/app\/uploads\/2025\/04\/jahresbericht-rapport-annuel-2024.pdf\" class=\"wp-block-file__button wp-element-button\" download aria-describedby=\"wp-block-file--media-67568987-e60f-401f-a462-f0bfc65a5548\">Herunterladen<br \/>PDF &#8211; 1 MB<\/a><\/div>\n\n\n\n<div class=\"wp-block-file\"><a id=\"wp-block-file--media-427b04a9-8da2-4cef-8aa1-08fe3e063520\" href=\"https:\/\/alice.ch\/app\/uploads\/2025\/04\/t8-strategie-25-28.pdf\" target=\"_blank\" rel=\"noreferrer noopener\">Strategie 2025\u20132028 (Beilage T8)<br \/>PDF &#8211; 242 KB<\/a><a href=\"https:\/\/alice.ch\/app\/uploads\/2025\/04\/t8-strategie-25-28.pdf\" class=\"wp-block-file__button wp-element-button\" download aria-describedby=\"wp-block-file--media-427b04a9-8da2-4cef-8aa1-08fe3e063520\">Herunterladen<br \/>PDF &#8211; 242 KB<\/a><\/div>\n\n\n\n<div class=\"wp-block-file\"><a id=\"wp-block-file--media-533a3aa3-e40d-4b17-9f14-51e9cb6b9bd5\" href=\"https:\/\/alice.ch\/app\/uploads\/2025\/04\/revisionsbericht-2024.pdf\" target=\"_blank\" rel=\"noreferrer noopener\">Revisionsbericht 2024<br \/>PDF &#8211; 2 MB<\/a><a href=\"https:\/\/alice.ch\/app\/uploads\/2025\/04\/revisionsbericht-2024.pdf\" class=\"wp-block-file__button wp-element-button\" download aria-describedby=\"wp-block-file--media-533a3aa3-e40d-4b17-9f14-51e9cb6b9bd5\">Herunterladen<br \/>PDF &#8211; 2 MB<\/a><\/div>\n<\/div>\n\n\n\n<div class=\"wp-block-column is-layout-flow wp-block-column-is-layout-flow\" style=\"flex-basis:50%\">\n<div class=\"wp-block-file\"><a id=\"wp-block-file--media-ec7cdd71-180a-4e99-8c6b-094d7e5be6cd\" href=\"https:\/\/alice.ch\/app\/uploads\/2025\/04\/t3-protokoll-dv-24.pdf\" target=\"_blank\" rel=\"noreferrer noopener\">Protokoll der DV 2024 (Beilage T3)<br \/>PDF &#8211; 232 KB<\/a><a href=\"https:\/\/alice.ch\/app\/uploads\/2025\/04\/t3-protokoll-dv-24.pdf\" class=\"wp-block-file__button wp-element-button\" download aria-describedby=\"wp-block-file--media-ec7cdd71-180a-4e99-8c6b-094d7e5be6cd\">Herunterladen<br \/>PDF &#8211; 232 KB<\/a><\/div>\n\n\n\n<div class=\"wp-block-file\"><a id=\"wp-block-file--media-659b9a9c-2cdd-457b-b90d-4d1c88f632fc\" href=\"https:\/\/alice.ch\/app\/uploads\/2025\/04\/t6-taetigkeitsprogramm-2025.pdf\" target=\"_blank\" rel=\"noreferrer noopener\">T\u00e4tigkeitsprogramm 2025 (Beilage T6)<br \/>PDF &#8211; 175 KB<\/a><a href=\"https:\/\/alice.ch\/app\/uploads\/2025\/04\/t6-taetigkeitsprogramm-2025.pdf\" class=\"wp-block-file__button wp-element-button\" download aria-describedby=\"wp-block-file--media-659b9a9c-2cdd-457b-b90d-4d1c88f632fc\">Herunterladen<br \/>PDF &#8211; 175 KB<\/a><\/div>\n\n\n\n<div class=\"wp-block-file\"><a id=\"wp-block-file--media-ee028932-cb0d-48d8-96ee-bbf188b48d63\" href=\"https:\/\/alice.ch\/app\/uploads\/2025\/04\/t9-wahlen-2025.pdf\" target=\"_blank\" rel=\"noreferrer noopener\">Wahlen: Vorstand und Pr\u00e4sidium 2025 (Beilage T9)<br \/>PDF &#8211; 1 MB<\/a><a href=\"https:\/\/alice.ch\/app\/uploads\/2025\/04\/t9-wahlen-2025.pdf\" class=\"wp-block-file__button wp-element-button\" download aria-describedby=\"wp-block-file--media-ee028932-cb0d-48d8-96ee-bbf188b48d63\">Herunterladen<br \/>PDF &#8211; 1 MB<\/a><\/div>\n<\/div>\n<\/div>\n\n\n\n<h2 class=\"wp-block-heading\">Bildungspolitische Tagung<\/h2>\n\n\n\n<h3 class=\"wp-block-heading has-cyan-bluish-gray-color has-text-color\">15.00\u201316.30 Uhr<\/h3>\n\n\n\n<h3 class=\"wp-block-heading\">Weiterbildungspolitik vs. Sparprogramm des Bundes<\/h3>\n\n\n\n<p>Im Rahmen des \u00abEntlastungsprogramms 27\u00bb will der Bundesrat bei der Weiterbildung massiv sparen. So sollen insbesondere die Bundesgelder f\u00fcr die F\u00f6rderung der Grundkompetenzen Erwachsener sowie f\u00fcr die Leistungen der Organisationen der Weiterbildung gestrichen werden.<\/p>\n\n\n\n<h3 class=\"wp-block-heading\">Programm<\/h3>\n\n\n\n<figure class=\"wp-block-table is-style-regular\"><table><tbody><tr><td>15.00 Uhr   <\/td><td><strong>Begr\u00fcssung und Einf\u00fchrung<\/strong><br>Bernhard Gr\u00e4miger, Direktor SVEB<\/td><\/tr><tr><td>15.10 Uhr<\/td><td><strong>Perspektiven auf das Sparpaket des Bundes: Welche Auswirkungen h\u00e4tten die Sparmassnahmen in der Weiterbildung?<\/strong><br>&#8211; F\u00f6rderung der Grundkompetenzen Erwachsener, Benedikt Feldges, Co-Pr\u00e4sident Schweizerische Weiterbildungskonferenz SWBK<br>&#8211; Leistungen der Organisationen der Weiterbildung, Caroline Meier, Leiterin Gesch\u00e4tsstelle SVEB-FSEA Romandie<br>&#8211; Weiterbildung im Bereich Klima und Umwelt, Marcel Fierz, Gesch\u00e4ftsleiter Fachkonferenz Bildung und Umwelt<\/td><\/tr><tr><td>15.45 Uhr<\/td><td><strong>Welche Chancen hat das Sparpaket des Bundesrats im aktuellen politischen Kontext? Und wie muss die Weiterbildungspolitik reagieren?<\/strong><br>Keynote von St\u00e4nder\u00e4tin Tiana Moser<\/td><\/tr><tr><td>16.20 Uhr<\/td><td><strong>Lancierung der \u00abAllianz gegen Sparmassnahmen in der Weiterbildung<\/strong>\u00bb<br>Sandra Bissig, Vizepr\u00e4sidentin&nbsp;des&nbsp;Forum romand des SVEB<\/td><\/tr><tr><td>16.30 Uhr<\/td><td>Ap\u00e9ro <\/td><\/tr><\/tbody><\/table><\/figure>\n\n\n\n<div class=\"wp-block-buttons is-layout-flex wp-block-buttons-is-layout-flex\">\n<div class=\"wp-block-button is-style-outline is-style-outline--2\"><a class=\"wp-block-button__link wp-element-button\" href=\"https:\/\/alice.ch\/de\/event\/delegiertenversammlung-und-bildungspolitische-tagung-2025\/\">zur Anmeldung<\/a><\/div>\n<\/div>\n\n\n\n<h2 class=\"wp-block-heading\">Kontakt<\/h2>\n\n\n\n<div class=\"wp-block-columns is-layout-flex wp-container-core-columns-is-layout-28f84493 wp-block-columns-is-layout-flex\">\n<div class=\"wp-block-column is-layout-flow wp-block-column-is-layout-flow\" style=\"flex-basis:50%\"><div class=\"contact-persons\">\n<\/div>\n<\/div>\n\n\n\n<div class=\"wp-block-column is-layout-flow wp-block-column-is-layout-flow\" style=\"flex-basis:50%\"><\/div>\n<\/div>\n<\/div>\n","protected":false},"excerpt":{"rendered":"<p>SVEB-Delegiertenversammlung 2025 und bildungspolitische Tagung Auf dieser Seite zur Delegiertenversammlung und der bildungspolitischen Tagung des SVEB vom 8. Mai 2025 [&hellip;]<\/p>\n","protected":false},"author":4,"featured_media":20799,"parent":385,"menu_order":543,"comment_status":"closed","ping_status":"closed","template":"","meta":{"_acf_changed":false,"inline_featured_image":false,"footnotes":""},"class_list":["post-47947","page","type-page","status-publish","has-post-thumbnail","hentry"],"acf":[],"yoast_head":"<!-- This site is optimized with the Yoast SEO plugin v27.3 - https:\/\/yoast.com\/product\/yoast-seo-wordpress\/ -->\n<title>Delegiertenversammlung 2025 - SVEB<\/title>\n<meta name=\"description\" content=\"Auf dieser Seite finden SVEB-Mitglieder alle Dokumente f\u00fcr den statutarischen Teil der Delegiertenversammlung vom 16. Mai 2023 in Luzern.\" \/>\n<meta name=\"robots\" content=\"index, follow, max-snippet:-1, max-image-preview:large, max-video-preview:-1\" \/>\n<link rel=\"canonical\" href=\"https:\/\/alice.ch\/de\/sveb\/ueber-den-sveb\/dv2025\/\" \/>\n<meta property=\"og:locale\" content=\"de_DE\" \/>\n<meta property=\"og:type\" content=\"article\" \/>\n<meta property=\"og:title\" content=\"Delegiertenversammlung 2025 - SVEB\" \/>\n<meta property=\"og:description\" content=\"Auf dieser Seite finden SVEB-Mitglieder alle Dokumente f\u00fcr den statutarischen Teil der Delegiertenversammlung vom 16. Mai 2023 in Luzern.\" \/>\n<meta property=\"og:url\" content=\"https:\/\/alice.ch\/de\/sveb\/ueber-den-sveb\/dv2025\/\" \/>\n<meta property=\"og:site_name\" content=\"SVEB\" \/>\n<meta property=\"article:modified_time\" content=\"2025-05-05T08:21:14+00:00\" \/>\n<meta name=\"twitter:card\" content=\"summary_large_image\" \/>\n<meta name=\"twitter:label1\" content=\"Gesch\u00e4tzte Lesezeit\" \/>\n\t<meta name=\"twitter:data1\" content=\"1\u00a0Minute\" \/>\n<script type=\"application\/ld+json\" class=\"yoast-schema-graph\">{\"@context\":\"https:\\\/\\\/schema.org\",\"@graph\":[{\"@type\":\"WebPage\",\"@id\":\"https:\\\/\\\/alice.ch\\\/de\\\/sveb\\\/ueber-den-sveb\\\/dv2025\\\/\",\"url\":\"https:\\\/\\\/alice.ch\\\/de\\\/sveb\\\/ueber-den-sveb\\\/dv2025\\\/\",\"name\":\"Delegiertenversammlung 2025 - SVEB\",\"isPartOf\":{\"@id\":\"https:\\\/\\\/alice.ch\\\/de\\\/#website\"},\"primaryImageOfPage\":{\"@id\":\"https:\\\/\\\/alice.ch\\\/de\\\/sveb\\\/ueber-den-sveb\\\/dv2025\\\/#primaryimage\"},\"image\":{\"@id\":\"https:\\\/\\\/alice.ch\\\/de\\\/sveb\\\/ueber-den-sveb\\\/dv2025\\\/#primaryimage\"},\"thumbnailUrl\":\"https:\\\/\\\/alice.ch\\\/app\\\/uploads\\\/2022\\\/11\\\/default.jpg\",\"datePublished\":\"2025-04-02T12:05:35+00:00\",\"dateModified\":\"2025-05-05T08:21:14+00:00\",\"description\":\"Auf dieser Seite finden SVEB-Mitglieder alle Dokumente f\u00fcr den statutarischen Teil der Delegiertenversammlung vom 16. Mai 2023 in Luzern.\",\"breadcrumb\":{\"@id\":\"https:\\\/\\\/alice.ch\\\/de\\\/sveb\\\/ueber-den-sveb\\\/dv2025\\\/#breadcrumb\"},\"inLanguage\":\"de\",\"potentialAction\":[{\"@type\":\"ReadAction\",\"target\":[\"https:\\\/\\\/alice.ch\\\/de\\\/sveb\\\/ueber-den-sveb\\\/dv2025\\\/\"]}]},{\"@type\":\"ImageObject\",\"inLanguage\":\"de\",\"@id\":\"https:\\\/\\\/alice.ch\\\/de\\\/sveb\\\/ueber-den-sveb\\\/dv2025\\\/#primaryimage\",\"url\":\"https:\\\/\\\/alice.ch\\\/app\\\/uploads\\\/2022\\\/11\\\/default.jpg\",\"contentUrl\":\"https:\\\/\\\/alice.ch\\\/app\\\/uploads\\\/2022\\\/11\\\/default.jpg\",\"width\":1600,\"height\":900},{\"@type\":\"BreadcrumbList\",\"@id\":\"https:\\\/\\\/alice.ch\\\/de\\\/sveb\\\/ueber-den-sveb\\\/dv2025\\\/#breadcrumb\",\"itemListElement\":[{\"@type\":\"ListItem\",\"position\":1,\"name\":\"Startseite\",\"item\":\"https:\\\/\\\/alice.ch\\\/de\\\/\"},{\"@type\":\"ListItem\",\"position\":2,\"name\":\"SVEB\",\"item\":\"https:\\\/\\\/alice.ch\\\/de\\\/sveb\\\/\"},{\"@type\":\"ListItem\",\"position\":3,\"name\":\"\u00dcber den SVEB\",\"item\":\"https:\\\/\\\/alice.ch\\\/de\\\/sveb\\\/ueber-den-sveb\\\/\"},{\"@type\":\"ListItem\",\"position\":4,\"name\":\"Delegiertenversammlung 2025\"}]},{\"@type\":\"WebSite\",\"@id\":\"https:\\\/\\\/alice.ch\\\/de\\\/#website\",\"url\":\"https:\\\/\\\/alice.ch\\\/de\\\/\",\"name\":\"alice.ch (Adult Learning Information Center) ist das Portal der Weiterbildung in der Schweiz.\",\"description\":\"Schweizerischer Verband f\u00fcr Weiterbildung\",\"publisher\":{\"@id\":\"https:\\\/\\\/alice.ch\\\/de\\\/#organization\"},\"potentialAction\":[{\"@type\":\"SearchAction\",\"target\":{\"@type\":\"EntryPoint\",\"urlTemplate\":\"https:\\\/\\\/alice.ch\\\/de\\\/?s={search_term_string}\"},\"query-input\":{\"@type\":\"PropertyValueSpecification\",\"valueRequired\":true,\"valueName\":\"search_term_string\"}}],\"inLanguage\":\"de\"},{\"@type\":\"Organization\",\"@id\":\"https:\\\/\\\/alice.ch\\\/de\\\/#organization\",\"name\":\"SVEB Schweizerischer Verband f\u00fcr Weiterbildung\",\"url\":\"https:\\\/\\\/alice.ch\\\/de\\\/\",\"logo\":{\"@type\":\"ImageObject\",\"inLanguage\":\"de\",\"@id\":\"https:\\\/\\\/alice.ch\\\/de\\\/#\\\/schema\\\/logo\\\/image\\\/\",\"url\":\"https:\\\/\\\/alice.ch\\\/app\\\/uploads\\\/2022\\\/07\\\/logo-sveb.png\",\"contentUrl\":\"https:\\\/\\\/alice.ch\\\/app\\\/uploads\\\/2022\\\/07\\\/logo-sveb.png\",\"width\":145,\"height\":64,\"caption\":\"SVEB Schweizerischer Verband f\u00fcr Weiterbildung\"},\"image\":{\"@id\":\"https:\\\/\\\/alice.ch\\\/de\\\/#\\\/schema\\\/logo\\\/image\\\/\"},\"sameAs\":[\"https:\\\/\\\/www.linkedin.com\\\/company\\\/schweizerischer-verband-fr-weiterbildung-sveb\\\/\"]}]}<\/script>\n<!-- \/ Yoast SEO plugin. -->","yoast_head_json":{"title":"Delegiertenversammlung 2025 - SVEB","description":"Auf dieser Seite finden SVEB-Mitglieder alle Dokumente f\u00fcr den statutarischen Teil der Delegiertenversammlung vom 16. Mai 2023 in Luzern.","robots":{"index":"index","follow":"follow","max-snippet":"max-snippet:-1","max-image-preview":"max-image-preview:large","max-video-preview":"max-video-preview:-1"},"canonical":"https:\/\/alice.ch\/de\/sveb\/ueber-den-sveb\/dv2025\/","og_locale":"de_DE","og_type":"article","og_title":"Delegiertenversammlung 2025 - SVEB","og_description":"Auf dieser Seite finden SVEB-Mitglieder alle Dokumente f\u00fcr den statutarischen Teil der Delegiertenversammlung vom 16. Mai 2023 in Luzern.","og_url":"https:\/\/alice.ch\/de\/sveb\/ueber-den-sveb\/dv2025\/","og_site_name":"SVEB","article_modified_time":"2025-05-05T08:21:14+00:00","twitter_card":"summary_large_image","twitter_misc":{"Gesch\u00e4tzte Lesezeit":"1\u00a0Minute"},"schema":{"@context":"https:\/\/schema.org","@graph":[{"@type":"WebPage","@id":"https:\/\/alice.ch\/de\/sveb\/ueber-den-sveb\/dv2025\/","url":"https:\/\/alice.ch\/de\/sveb\/ueber-den-sveb\/dv2025\/","name":"Delegiertenversammlung 2025 - SVEB","isPartOf":{"@id":"https:\/\/alice.ch\/de\/#website"},"primaryImageOfPage":{"@id":"https:\/\/alice.ch\/de\/sveb\/ueber-den-sveb\/dv2025\/#primaryimage"},"image":{"@id":"https:\/\/alice.ch\/de\/sveb\/ueber-den-sveb\/dv2025\/#primaryimage"},"thumbnailUrl":"https:\/\/alice.ch\/app\/uploads\/2022\/11\/default.jpg","datePublished":"2025-04-02T12:05:35+00:00","dateModified":"2025-05-05T08:21:14+00:00","description":"Auf dieser Seite finden SVEB-Mitglieder alle Dokumente f\u00fcr den statutarischen Teil der Delegiertenversammlung vom 16. Mai 2023 in Luzern.","breadcrumb":{"@id":"https:\/\/alice.ch\/de\/sveb\/ueber-den-sveb\/dv2025\/#breadcrumb"},"inLanguage":"de","potentialAction":[{"@type":"ReadAction","target":["https:\/\/alice.ch\/de\/sveb\/ueber-den-sveb\/dv2025\/"]}]},{"@type":"ImageObject","inLanguage":"de","@id":"https:\/\/alice.ch\/de\/sveb\/ueber-den-sveb\/dv2025\/#primaryimage","url":"https:\/\/alice.ch\/app\/uploads\/2022\/11\/default.jpg","contentUrl":"https:\/\/alice.ch\/app\/uploads\/2022\/11\/default.jpg","width":1600,"height":900},{"@type":"BreadcrumbList","@id":"https:\/\/alice.ch\/de\/sveb\/ueber-den-sveb\/dv2025\/#breadcrumb","itemListElement":[{"@type":"ListItem","position":1,"name":"Startseite","item":"https:\/\/alice.ch\/de\/"},{"@type":"ListItem","position":2,"name":"SVEB","item":"https:\/\/alice.ch\/de\/sveb\/"},{"@type":"ListItem","position":3,"name":"\u00dcber den SVEB","item":"https:\/\/alice.ch\/de\/sveb\/ueber-den-sveb\/"},{"@type":"ListItem","position":4,"name":"Delegiertenversammlung 2025"}]},{"@type":"WebSite","@id":"https:\/\/alice.ch\/de\/#website","url":"https:\/\/alice.ch\/de\/","name":"alice.ch (Adult Learning Information Center) ist das Portal der Weiterbildung in der Schweiz.","description":"Schweizerischer Verband f\u00fcr Weiterbildung","publisher":{"@id":"https:\/\/alice.ch\/de\/#organization"},"potentialAction":[{"@type":"SearchAction","target":{"@type":"EntryPoint","urlTemplate":"https:\/\/alice.ch\/de\/?s={search_term_string}"},"query-input":{"@type":"PropertyValueSpecification","valueRequired":true,"valueName":"search_term_string"}}],"inLanguage":"de"},{"@type":"Organization","@id":"https:\/\/alice.ch\/de\/#organization","name":"SVEB Schweizerischer Verband f\u00fcr Weiterbildung","url":"https:\/\/alice.ch\/de\/","logo":{"@type":"ImageObject","inLanguage":"de","@id":"https:\/\/alice.ch\/de\/#\/schema\/logo\/image\/","url":"https:\/\/alice.ch\/app\/uploads\/2022\/07\/logo-sveb.png","contentUrl":"https:\/\/alice.ch\/app\/uploads\/2022\/07\/logo-sveb.png","width":145,"height":64,"caption":"SVEB Schweizerischer Verband f\u00fcr Weiterbildung"},"image":{"@id":"https:\/\/alice.ch\/de\/#\/schema\/logo\/image\/"},"sameAs":["https:\/\/www.linkedin.com\/company\/schweizerischer-verband-fr-weiterbildung-sveb\/"]}]}},"_links":{"self":[{"href":"https:\/\/alice.ch\/de\/wp-json\/wp\/v2\/pages\/47947","targetHints":{"allow":["GET"]}}],"collection":[{"href":"https:\/\/alice.ch\/de\/wp-json\/wp\/v2\/pages"}],"about":[{"href":"https:\/\/alice.ch\/de\/wp-json\/wp\/v2\/types\/page"}],"author":[{"embeddable":true,"href":"https:\/\/alice.ch\/de\/wp-json\/wp\/v2\/users\/4"}],"replies":[{"embeddable":true,"href":"https:\/\/alice.ch\/de\/wp-json\/wp\/v2\/comments?post=47947"}],"version-history":[{"count":71,"href":"https:\/\/alice.ch\/de\/wp-json\/wp\/v2\/pages\/47947\/revisions"}],"predecessor-version":[{"id":67823,"href":"https:\/\/alice.ch\/de\/wp-json\/wp\/v2\/pages\/47947\/revisions\/67823"}],"up":[{"embeddable":true,"href":"https:\/\/alice.ch\/de\/wp-json\/wp\/v2\/pages\/385"}],"wp:featuredmedia":[{"embeddable":true,"href":"https:\/\/alice.ch\/de\/wp-json\/wp\/v2\/media\/20799"}],"wp:attachment":[{"href":"https:\/\/alice.ch\/de\/wp-json\/wp\/v2\/media?parent=47947"}],"curies":[{"name":"wp","href":"https:\/\/api.w.org\/{rel}","templated":true}]}}