{"id":481,"date":"2022-08-16T16:51:53","date_gmt":"2022-08-16T14:51:53","guid":{"rendered":"https:\/\/projects.atxeit.ch\/sveb\/?page_id=481"},"modified":"2026-03-30T14:56:55","modified_gmt":"2026-03-30T12:56:55","slug":"netzwerk-weiterbildungsforschung","status":"publish","type":"page","link":"https:\/\/alice.ch\/de\/forschung\/vernetzung-und-austausch\/netzwerk-weiterbildungsforschung\/","title":{"rendered":"Netzwerke Weiterbildungsforschung"},"content":{"rendered":"\n<div class=\"wp-block-group is-style-reduced-width is-layout-flow wp-block-group-is-layout-flow\">\n<h1 class=\"wp-block-heading\">Netzwerke Weiterbildungsforschung<\/h1>\n\n\n\n<article class=\"wp-block-group is-layout-flow wp-block-group-is-layout-flow\">\n<p class=\"is-style-lead\">Die Netzwerke erm\u00f6glichen den fachlichen Austausch zwischen Forschenden sowie den Transfer von Forschungsresultaten in die Praxis. Sie f\u00f6rdern so die Entwicklung innovativer Forschungsprojekte und neuer Kooperationen.&nbsp;&nbsp;<\/p>\n\n\n\n<p>Der SVEB unterh\u00e4lt folgende drei Netzwerke:<\/p>\n\n\n\n<h2 class=\"wp-block-heading\">\u00abNetzwerk Forschung \u2013 Praxis\u00bb<\/h2>\n\n\n\n<p>Das Netzwerk verfolgt das Ziel, den Transfer von Forschungsresultaten in die Praxis zu f\u00f6rdern, die Sichtbarkeit der Weiterbildungsforschung in der Schweiz zu erh\u00f6hen sowie den Dialog zwischen Wissenschaft und Praxis der Weiterbildung intensivieren.&nbsp;&nbsp;<\/p>\n\n\n\n<p>J\u00e4hrlich finden in der Deutschschweiz zwei Treffen und in der Romandie ein Treffen statt. Diese Treffen bestehen aus einem Input-Referat zu einem aktuellen Projekt im Bereich der Weiterbildungsforschung und bieten Raum f\u00fcr Austausch. Vorschl\u00e4ge f\u00fcr Themen oder Inputs sind willkommen.<br><br>F\u00fcr einen schnellen und bequemen Informationsaustausch bez\u00fcglich neuen Forschungsresultaten und Veranstaltungshinweisen haben wir eine <strong>Mailingliste<\/strong> eingerichtet. Das Abonnement dieser Mailingliste kostenlos und kann jederzeit wieder abbestellt werden.<\/p>\n\n\n\n<p>Um Mitglied zu werden, schicken Sie eine leere E-Mail an wb-net+subscribe@googlegroups.com.&nbsp;<\/p>\n\n\n\n<div class=\"wp-block-columns is-style-accordion is-layout-flex wp-container-core-columns-is-layout-28f84493 wp-block-columns-is-layout-flex\" id=\"faq-element-1\">\n<div class=\"wp-block-column is-layout-flow wp-block-column-is-layout-flow\">\n<h3 class=\"wp-block-heading\">Mehr Informationen zur Mailingliste<\/h3>\n<\/div>\n\n\n\n<div class=\"wp-block-column is-layout-flow wp-block-column-is-layout-flow\">\n<p>Eine Mailingliste multipliziert eine einzelne E-Mail und verschickt sie an alle eingetragenen Mitglieder der Liste. Wer also Mitglied in der Liste ist und eine E-Mail an wb-net@googlegroups.com schickt, erreicht damit alle in die Liste eingetragenen Kolleginnen und Kollegen gleichzeitig.&nbsp;<\/p>\n\n\n\n<p>Bitte Vorsicht! Verschicken Sie pers\u00f6nliche Nachrichten nicht \u00fcber diese Adresse, denn alle Listenmitglieder lesen mit! Vorsicht ist deshalb auch mit dem \u00abBeantworten\u00bb-Button bzw. mit \u00abAllen antworten\u00bb geboten: Die Antwort geht an alle Listenmitglieder gleichzeitig.&nbsp;<\/p>\n\n\n\n<p><strong>Was gilt es zu beachten, wenn man Mitglied wird?&nbsp;<\/strong><\/p>\n\n\n\n<p>Schicken Sie eine leere E-Mail an wb-net+subscribe@googlegroups.com. Tun Sie dies nur von der E-Mail-Adresse aus, an die die Nachrichten dieser Gruppe gehen sollen. Und nur von dieser Adresse aus k\u00f6nnen Sie sp\u00e4ter selbst Mitteilungen an die Liste schicken.&nbsp;<\/p>\n\n\n\n<p>Sie k\u00f6nnen jederzeit das Abonnement abbestellen und sich aus der Liste streichen. Schicken Sie dazu eine leere E-Mail an wb-net+unsubscribe@googlegroups.com. Wichtig ist, dass dieses \u00abunsubscribe\u00bb den Absender enth\u00e4lt, der bisher Empf\u00e4nger der E-Mails war.&nbsp;<\/p>\n<\/div>\n<\/div>\n\n\n\n<h2 class=\"wp-block-heading\">\u00abNetzwerk Weiterbildungsforschung\u00bb f\u00fcr Forschende in der Deutschschweiz&nbsp;<\/h2>\n\n\n\n<p>Der <a href=\"https:\/\/alice.ch\/de\/forschung\" target=\"_blank\" rel=\"noreferrer noopener\">Schweizerische Verband f\u00fcr Weiterbildung<\/a> und der <a href=\"https:\/\/www.ife.uzh.ch\/de\/research\/kraus\/forschung.html\" target=\"_blank\" rel=\"noreferrer noopener\">Lehrstuhl f\u00fcr Berufs- und Weiterbildung der Universit\u00e4t Z\u00fcrich<\/a> pflegen eine Forschungskooperation. In diesem Rahmen verantworten sie unter anderem gemeinsam den Austausch unter Forschenden im \u00abNetzwerk Weiterbildungsforschung\u00bb.\u202f&nbsp;<\/p>\n\n\n\n<p>Es soll die Weiterbildungsforschung in der Schweiz st\u00e4rken sowie Kontakt zwischen Forschenden f\u00f6rdern und den Austausch \u00fcber aktuelle Themen in der Weiterbildungsforschung erm\u00f6glichen.\u202f&nbsp;<\/p>\n\n\n\n<p>Dazu l\u00e4dt das Netzwerk zu regelm\u00e4ssigen Austauschtreffen ein. Die halbj\u00e4hrlichen Treffen stehen allen Forschenden aus dem Bereich der Weiterbildung offen. F\u00fcr eine Teilnahme melden Sie sich bei <a href=\"mailto:helen.buchs@alice.ch\" target=\"_blank\" rel=\"noreferrer noopener\">helen.buchs@alice.ch<\/a>&nbsp;&nbsp;<\/p>\n\n\n\n<p>N\u00e4chstes Treffen: 11. Mai 2026, 16:00-17:00 Uhr, online\u00a0<\/p>\n\n\n\n<h2 class=\"wp-block-heading\">\u00abNetzwerk Weiterbildungsforschung\u00bb f\u00fcr Forschende in der Romandie&nbsp;<\/h2>\n\n\n\n<p>In Romandie pflegt der Schweizerische Verband f\u00fcr Weiterbildung seit 2022 ebenfalls ein \u00abNetzwerk Weiterbildungsforschung\u00bb. Es soll den Kontakt zwischen Forschenden in der Romandie f\u00f6rdern und den Austausch \u00fcber aktuelle Themen in der Weiterbildungsforschung erm\u00f6glichen.\u202f&nbsp;<\/p>\n\n\n\n<p>Die j\u00e4hrlichen Austauschtreffen stehen allen Forschenden aus dem Bereich der Weiterbildung offen. F\u00fcr eine Teilnahme melden Sie sich bei <a href=\"mailto:alexandre.lecoultre@alice.ch\" target=\"_blank\" rel=\"noreferrer noopener\">alexandre.lecoultre@alice.ch<\/a>&nbsp;<\/p>\n<\/article>\n\n\n\n<h2 class=\"wp-block-heading\">Kontakt<\/h2>\n\n\n\n<div class=\"wp-block-columns is-layout-flex wp-container-core-columns-is-layout-28f84493 wp-block-columns-is-layout-flex\">\n<div class=\"wp-block-column is-layout-flow wp-block-column-is-layout-flow\" style=\"flex-basis:50%\"><div class=\"contact-persons\">\n\n\t\t\t\t\t<div class=\"contact-person\">\n\t\t\t\t\tHelen Buchs<br \/>\t\t\t\t\tProjektleiterin Forschung und Entwicklung, Leiterin Think Tank TRANSIT<br \/>\t\t\t\t\t<br \/>\n\t\t\t\t\t\t\t\t\t\t<a href=\"tel:+41 (0)44 319 71 56\">+41 (0)44 319 71 56<\/a><br \/>\t\t\t\t\t<a href=\"mailto:helen.buchs@alice.ch\">helen.buchs@alice.ch<\/a><br \/>\t\t\t\t\t<\/div>\n\t\t\t\t\t<\/div>\n<\/div>\n\n\n\n<div class=\"wp-block-column is-layout-flow wp-block-column-is-layout-flow\" style=\"flex-basis:50%\"><\/div>\n<\/div>\n<\/div>\n","protected":false},"excerpt":{"rendered":"<p>Netzwerke Weiterbildungsforschung Die Netzwerke erm\u00f6glichen den fachlichen Austausch zwischen Forschenden sowie den Transfer von Forschungsresultaten in die Praxis. Sie f\u00f6rdern [&hellip;]<\/p>\n","protected":false},"author":2,"featured_media":20799,"parent":479,"menu_order":408,"comment_status":"closed","ping_status":"closed","template":"","meta":{"_acf_changed":false,"inline_featured_image":false,"footnotes":""},"class_list":["post-481","page","type-page","status-publish","has-post-thumbnail","hentry"],"acf":[],"yoast_head":"<!-- This site is optimized with the Yoast SEO plugin v27.3 - https:\/\/yoast.com\/product\/yoast-seo-wordpress\/ -->\n<title>Netzwerke Weiterbildungsforschung - SVEB<\/title>\n<meta name=\"description\" content=\"Netzwerk Weiterbildungsforschung: Ziele des Netzwerks, Netzwerktreffen und Mailingliste Netzwerktreffen Weiterbildungsforschung WB-NET\" \/>\n<meta name=\"robots\" content=\"index, follow, max-snippet:-1, max-image-preview:large, max-video-preview:-1\" \/>\n<link rel=\"canonical\" href=\"https:\/\/alice.ch\/de\/forschung\/vernetzung-und-austausch\/netzwerk-weiterbildungsforschung\/\" \/>\n<meta property=\"og:locale\" content=\"de_DE\" \/>\n<meta property=\"og:type\" content=\"article\" \/>\n<meta property=\"og:title\" content=\"Netzwerke Weiterbildungsforschung - SVEB\" \/>\n<meta property=\"og:description\" content=\"Netzwerk Weiterbildungsforschung: Ziele des Netzwerks, Netzwerktreffen und Mailingliste Netzwerktreffen Weiterbildungsforschung WB-NET\" \/>\n<meta property=\"og:url\" content=\"https:\/\/alice.ch\/de\/forschung\/vernetzung-und-austausch\/netzwerk-weiterbildungsforschung\/\" \/>\n<meta property=\"og:site_name\" content=\"SVEB\" \/>\n<meta property=\"article:modified_time\" content=\"2026-03-30T12:56:55+00:00\" \/>\n<meta name=\"twitter:card\" content=\"summary_large_image\" \/>\n<meta name=\"twitter:label1\" content=\"Gesch\u00e4tzte Lesezeit\" \/>\n\t<meta name=\"twitter:data1\" content=\"2\u00a0Minuten\" \/>\n<script type=\"application\/ld+json\" class=\"yoast-schema-graph\">{\"@context\":\"https:\\\/\\\/schema.org\",\"@graph\":[{\"@type\":\"WebPage\",\"@id\":\"https:\\\/\\\/alice.ch\\\/de\\\/forschung\\\/vernetzung-und-austausch\\\/netzwerk-weiterbildungsforschung\\\/\",\"url\":\"https:\\\/\\\/alice.ch\\\/de\\\/forschung\\\/vernetzung-und-austausch\\\/netzwerk-weiterbildungsforschung\\\/\",\"name\":\"Netzwerke Weiterbildungsforschung - SVEB\",\"isPartOf\":{\"@id\":\"https:\\\/\\\/alice.ch\\\/de\\\/#website\"},\"primaryImageOfPage\":{\"@id\":\"https:\\\/\\\/alice.ch\\\/de\\\/forschung\\\/vernetzung-und-austausch\\\/netzwerk-weiterbildungsforschung\\\/#primaryimage\"},\"image\":{\"@id\":\"https:\\\/\\\/alice.ch\\\/de\\\/forschung\\\/vernetzung-und-austausch\\\/netzwerk-weiterbildungsforschung\\\/#primaryimage\"},\"thumbnailUrl\":\"https:\\\/\\\/alice.ch\\\/app\\\/uploads\\\/2022\\\/11\\\/default.jpg\",\"datePublished\":\"2022-08-16T14:51:53+00:00\",\"dateModified\":\"2026-03-30T12:56:55+00:00\",\"description\":\"Netzwerk Weiterbildungsforschung: Ziele des Netzwerks, Netzwerktreffen und Mailingliste Netzwerktreffen Weiterbildungsforschung WB-NET\",\"breadcrumb\":{\"@id\":\"https:\\\/\\\/alice.ch\\\/de\\\/forschung\\\/vernetzung-und-austausch\\\/netzwerk-weiterbildungsforschung\\\/#breadcrumb\"},\"inLanguage\":\"de\",\"potentialAction\":[{\"@type\":\"ReadAction\",\"target\":[\"https:\\\/\\\/alice.ch\\\/de\\\/forschung\\\/vernetzung-und-austausch\\\/netzwerk-weiterbildungsforschung\\\/\"]}]},{\"@type\":\"ImageObject\",\"inLanguage\":\"de\",\"@id\":\"https:\\\/\\\/alice.ch\\\/de\\\/forschung\\\/vernetzung-und-austausch\\\/netzwerk-weiterbildungsforschung\\\/#primaryimage\",\"url\":\"https:\\\/\\\/alice.ch\\\/app\\\/uploads\\\/2022\\\/11\\\/default.jpg\",\"contentUrl\":\"https:\\\/\\\/alice.ch\\\/app\\\/uploads\\\/2022\\\/11\\\/default.jpg\",\"width\":1600,\"height\":900},{\"@type\":\"BreadcrumbList\",\"@id\":\"https:\\\/\\\/alice.ch\\\/de\\\/forschung\\\/vernetzung-und-austausch\\\/netzwerk-weiterbildungsforschung\\\/#breadcrumb\",\"itemListElement\":[{\"@type\":\"ListItem\",\"position\":1,\"name\":\"Startseite\",\"item\":\"https:\\\/\\\/alice.ch\\\/de\\\/\"},{\"@type\":\"ListItem\",\"position\":2,\"name\":\"Forschung\",\"item\":\"https:\\\/\\\/alice.ch\\\/de\\\/forschung\\\/\"},{\"@type\":\"ListItem\",\"position\":3,\"name\":\"Vernetzung und Austausch\",\"item\":\"https:\\\/\\\/alice.ch\\\/de\\\/forschung\\\/vernetzung-und-austausch\\\/\"},{\"@type\":\"ListItem\",\"position\":4,\"name\":\"Netzwerke Weiterbildungsforschung\"}]},{\"@type\":\"WebSite\",\"@id\":\"https:\\\/\\\/alice.ch\\\/de\\\/#website\",\"url\":\"https:\\\/\\\/alice.ch\\\/de\\\/\",\"name\":\"alice.ch (Adult Learning Information Center) ist das Portal der Weiterbildung in der Schweiz.\",\"description\":\"Schweizerischer Verband f\u00fcr Weiterbildung\",\"publisher\":{\"@id\":\"https:\\\/\\\/alice.ch\\\/de\\\/#organization\"},\"potentialAction\":[{\"@type\":\"SearchAction\",\"target\":{\"@type\":\"EntryPoint\",\"urlTemplate\":\"https:\\\/\\\/alice.ch\\\/de\\\/?s={search_term_string}\"},\"query-input\":{\"@type\":\"PropertyValueSpecification\",\"valueRequired\":true,\"valueName\":\"search_term_string\"}}],\"inLanguage\":\"de\"},{\"@type\":\"Organization\",\"@id\":\"https:\\\/\\\/alice.ch\\\/de\\\/#organization\",\"name\":\"SVEB Schweizerischer Verband f\u00fcr Weiterbildung\",\"url\":\"https:\\\/\\\/alice.ch\\\/de\\\/\",\"logo\":{\"@type\":\"ImageObject\",\"inLanguage\":\"de\",\"@id\":\"https:\\\/\\\/alice.ch\\\/de\\\/#\\\/schema\\\/logo\\\/image\\\/\",\"url\":\"https:\\\/\\\/alice.ch\\\/app\\\/uploads\\\/2022\\\/07\\\/logo-sveb.png\",\"contentUrl\":\"https:\\\/\\\/alice.ch\\\/app\\\/uploads\\\/2022\\\/07\\\/logo-sveb.png\",\"width\":145,\"height\":64,\"caption\":\"SVEB Schweizerischer Verband f\u00fcr Weiterbildung\"},\"image\":{\"@id\":\"https:\\\/\\\/alice.ch\\\/de\\\/#\\\/schema\\\/logo\\\/image\\\/\"},\"sameAs\":[\"https:\\\/\\\/www.linkedin.com\\\/company\\\/schweizerischer-verband-fr-weiterbildung-sveb\\\/\"]}]}<\/script>\n<!-- \/ Yoast SEO plugin. -->","yoast_head_json":{"title":"Netzwerke Weiterbildungsforschung - SVEB","description":"Netzwerk Weiterbildungsforschung: Ziele des Netzwerks, Netzwerktreffen und Mailingliste Netzwerktreffen Weiterbildungsforschung WB-NET","robots":{"index":"index","follow":"follow","max-snippet":"max-snippet:-1","max-image-preview":"max-image-preview:large","max-video-preview":"max-video-preview:-1"},"canonical":"https:\/\/alice.ch\/de\/forschung\/vernetzung-und-austausch\/netzwerk-weiterbildungsforschung\/","og_locale":"de_DE","og_type":"article","og_title":"Netzwerke Weiterbildungsforschung - SVEB","og_description":"Netzwerk Weiterbildungsforschung: Ziele des Netzwerks, Netzwerktreffen und Mailingliste Netzwerktreffen Weiterbildungsforschung WB-NET","og_url":"https:\/\/alice.ch\/de\/forschung\/vernetzung-und-austausch\/netzwerk-weiterbildungsforschung\/","og_site_name":"SVEB","article_modified_time":"2026-03-30T12:56:55+00:00","twitter_card":"summary_large_image","twitter_misc":{"Gesch\u00e4tzte Lesezeit":"2\u00a0Minuten"},"schema":{"@context":"https:\/\/schema.org","@graph":[{"@type":"WebPage","@id":"https:\/\/alice.ch\/de\/forschung\/vernetzung-und-austausch\/netzwerk-weiterbildungsforschung\/","url":"https:\/\/alice.ch\/de\/forschung\/vernetzung-und-austausch\/netzwerk-weiterbildungsforschung\/","name":"Netzwerke Weiterbildungsforschung - SVEB","isPartOf":{"@id":"https:\/\/alice.ch\/de\/#website"},"primaryImageOfPage":{"@id":"https:\/\/alice.ch\/de\/forschung\/vernetzung-und-austausch\/netzwerk-weiterbildungsforschung\/#primaryimage"},"image":{"@id":"https:\/\/alice.ch\/de\/forschung\/vernetzung-und-austausch\/netzwerk-weiterbildungsforschung\/#primaryimage"},"thumbnailUrl":"https:\/\/alice.ch\/app\/uploads\/2022\/11\/default.jpg","datePublished":"2022-08-16T14:51:53+00:00","dateModified":"2026-03-30T12:56:55+00:00","description":"Netzwerk Weiterbildungsforschung: Ziele des Netzwerks, Netzwerktreffen und Mailingliste Netzwerktreffen Weiterbildungsforschung WB-NET","breadcrumb":{"@id":"https:\/\/alice.ch\/de\/forschung\/vernetzung-und-austausch\/netzwerk-weiterbildungsforschung\/#breadcrumb"},"inLanguage":"de","potentialAction":[{"@type":"ReadAction","target":["https:\/\/alice.ch\/de\/forschung\/vernetzung-und-austausch\/netzwerk-weiterbildungsforschung\/"]}]},{"@type":"ImageObject","inLanguage":"de","@id":"https:\/\/alice.ch\/de\/forschung\/vernetzung-und-austausch\/netzwerk-weiterbildungsforschung\/#primaryimage","url":"https:\/\/alice.ch\/app\/uploads\/2022\/11\/default.jpg","contentUrl":"https:\/\/alice.ch\/app\/uploads\/2022\/11\/default.jpg","width":1600,"height":900},{"@type":"BreadcrumbList","@id":"https:\/\/alice.ch\/de\/forschung\/vernetzung-und-austausch\/netzwerk-weiterbildungsforschung\/#breadcrumb","itemListElement":[{"@type":"ListItem","position":1,"name":"Startseite","item":"https:\/\/alice.ch\/de\/"},{"@type":"ListItem","position":2,"name":"Forschung","item":"https:\/\/alice.ch\/de\/forschung\/"},{"@type":"ListItem","position":3,"name":"Vernetzung und Austausch","item":"https:\/\/alice.ch\/de\/forschung\/vernetzung-und-austausch\/"},{"@type":"ListItem","position":4,"name":"Netzwerke Weiterbildungsforschung"}]},{"@type":"WebSite","@id":"https:\/\/alice.ch\/de\/#website","url":"https:\/\/alice.ch\/de\/","name":"alice.ch (Adult Learning Information Center) ist das Portal der Weiterbildung in der Schweiz.","description":"Schweizerischer Verband f\u00fcr Weiterbildung","publisher":{"@id":"https:\/\/alice.ch\/de\/#organization"},"potentialAction":[{"@type":"SearchAction","target":{"@type":"EntryPoint","urlTemplate":"https:\/\/alice.ch\/de\/?s={search_term_string}"},"query-input":{"@type":"PropertyValueSpecification","valueRequired":true,"valueName":"search_term_string"}}],"inLanguage":"de"},{"@type":"Organization","@id":"https:\/\/alice.ch\/de\/#organization","name":"SVEB Schweizerischer Verband f\u00fcr Weiterbildung","url":"https:\/\/alice.ch\/de\/","logo":{"@type":"ImageObject","inLanguage":"de","@id":"https:\/\/alice.ch\/de\/#\/schema\/logo\/image\/","url":"https:\/\/alice.ch\/app\/uploads\/2022\/07\/logo-sveb.png","contentUrl":"https:\/\/alice.ch\/app\/uploads\/2022\/07\/logo-sveb.png","width":145,"height":64,"caption":"SVEB Schweizerischer Verband f\u00fcr Weiterbildung"},"image":{"@id":"https:\/\/alice.ch\/de\/#\/schema\/logo\/image\/"},"sameAs":["https:\/\/www.linkedin.com\/company\/schweizerischer-verband-fr-weiterbildung-sveb\/"]}]}},"_links":{"self":[{"href":"https:\/\/alice.ch\/de\/wp-json\/wp\/v2\/pages\/481","targetHints":{"allow":["GET"]}}],"collection":[{"href":"https:\/\/alice.ch\/de\/wp-json\/wp\/v2\/pages"}],"about":[{"href":"https:\/\/alice.ch\/de\/wp-json\/wp\/v2\/types\/page"}],"author":[{"embeddable":true,"href":"https:\/\/alice.ch\/de\/wp-json\/wp\/v2\/users\/2"}],"replies":[{"embeddable":true,"href":"https:\/\/alice.ch\/de\/wp-json\/wp\/v2\/comments?post=481"}],"version-history":[{"count":42,"href":"https:\/\/alice.ch\/de\/wp-json\/wp\/v2\/pages\/481\/revisions"}],"predecessor-version":[{"id":74659,"href":"https:\/\/alice.ch\/de\/wp-json\/wp\/v2\/pages\/481\/revisions\/74659"}],"up":[{"embeddable":true,"href":"https:\/\/alice.ch\/de\/wp-json\/wp\/v2\/pages\/479"}],"wp:featuredmedia":[{"embeddable":true,"href":"https:\/\/alice.ch\/de\/wp-json\/wp\/v2\/media\/20799"}],"wp:attachment":[{"href":"https:\/\/alice.ch\/de\/wp-json\/wp\/v2\/media?parent=481"}],"curies":[{"name":"wp","href":"https:\/\/api.w.org\/{rel}","templated":true}]}}