{"id":491,"date":"2022-08-16T16:56:19","date_gmt":"2022-08-16T14:56:19","guid":{"rendered":"https:\/\/projects.atxeit.ch\/sveb\/?page_id=491"},"modified":"2024-08-21T14:11:16","modified_gmt":"2024-08-21T12:11:16","slug":"kursportal-weiterbildung-swiss","status":"publish","type":"page","link":"https:\/\/alice.ch\/de\/dienstleistungen\/kursportal-weiterbildung-swiss\/","title":{"rendered":"Kursportal weiterbildung.swiss"},"content":{"rendered":"\n<div class=\"wp-block-group is-style-reduced-width is-layout-flow wp-block-group-is-layout-flow\">\n<h1 class=\"wp-block-heading\">Weiterbildungskurse vergleichen auf weiterbildung.swiss<\/h1>\n\n\n\n<p class=\"is-style-lead\">weiterbildung.swiss&nbsp;ist die einzige Kursdatenbank der Schweiz, auf der Weiterbildungsinteressierte Angebote direkt miteinander vergleichen k\u00f6nnen.<\/p>\n\n\n\n<p>Es lassen sich nicht nur Preis oder Startdatum einander gegen\u00fcberstellen, sondern auch Informationen \u00fcber Inhalt, Ziel oder den m\u00f6glichen Abschluss. Aufgrund dieser Vergleichbarkeit ist es f\u00fcr Weiterbildungsinteressierte einfacher, die Entscheidung zu treffen, welcher Kurs f\u00fcr sie der beste ist. Das Angebot umfasst \u00fcber 35&#8217;000 Kurse f\u00fcr Freizeit oder berufliches Fortkommen.<\/p>\n\n\n\n<div class=\"wp-block-buttons is-layout-flex wp-block-buttons-is-layout-flex\">\n<div class=\"wp-block-button has-custom-width wp-block-button__width-50 is-style-outline is-style-outline--1\"><a class=\"wp-block-button__link wp-element-button\" href=\"http:\/\/www.weiterbildung.swiss\/?content=Kurspublikation\" target=\"_blank\" rel=\"noreferrer noopener\">Kurspublikationen f\u00fcr Anbieter<\/a><\/div>\n<\/div>\n\n\n\n<h2 class=\"wp-block-heading\">Mehr Informationsqualit\u00e4t bei Kursausschreibungen<\/h2>\n\n\n\n<p>Die Suche einer geeigneten Weiterbildung ist trotz Suchmaschinen und Online-Plattformen nicht einfacher geworden. Nicht nur ein Angebotsvergleich ist schwierig, auch die relevanten Informationen, um sich entscheiden zu k\u00f6nnen, sind in Online-Ausschreibungen teilweise schwer zu ermitteln. Deshalb hat der SVEB zusammen mit Weiterbildungsexperten Kriterien f\u00fcr die Informationsqualit\u00e4t bei Kursausschreibungen definiert. Auf diese Weise sollen Kursinteressierte einfacher die wichtigen Informationen finden.<\/p>\n\n\n\n<div class=\"wp-block-columns is-layout-flex wp-container-core-columns-is-layout-28f84493 wp-block-columns-is-layout-flex\">\n<div class=\"wp-block-column is-layout-flow wp-block-column-is-layout-flow\" style=\"flex-basis:50%\">\n<div class=\"wp-block-file\"><a id=\"wp-block-file--media-55047da4-5e21-4de7-b775-22e9233e6a83\" href=\"https:\/\/alice.ch\/app\/uploads\/2022\/10\/Transparente_Kursausschreibung_01-3.pdf\" target=\"_blank\" rel=\"noreferrer noopener\">Kriterien f\u00fcr transparente Kursausschreibung<br \/>PDF &#8211; 465 KB<\/a><a href=\"https:\/\/alice.ch\/app\/uploads\/2022\/10\/Transparente_Kursausschreibung_01-3.pdf\" class=\"wp-block-file__button wp-element-button\" download aria-describedby=\"wp-block-file--media-55047da4-5e21-4de7-b775-22e9233e6a83\">Herunterladen<br \/>PDF &#8211; 465 KB<\/a><\/div>\n<\/div>\n\n\n\n<div class=\"wp-block-column is-layout-flow wp-block-column-is-layout-flow\" style=\"flex-basis:50%\"><\/div>\n<\/div>\n\n\n\n<h2 class=\"wp-block-heading\">Orientierungshilfe f\u00fcr Kurssuchende<\/h2>\n\n\n\n<p>Die nachfolgende Checkliste soll potenziellen Kursteilnehmenden helfen, ein passendes Weiterbildungsangebot zu finden, das den individuellen Bed\u00fcrfnissen und Erwartungen entspricht und die grundlegenden Qualit\u00e4tsstandards in der Weiterbildung erf\u00fcllt.<\/p>\n\n\n\n<div class=\"wp-block-buttons is-layout-flex wp-block-buttons-is-layout-flex\">\n<div class=\"wp-block-button has-custom-width wp-block-button__width-50 is-style-outline is-style-outline--2\"><a class=\"wp-block-button__link wp-element-button\" href=\"https:\/\/alice.ch\/de\/qualitaet\/qualitaet-in-der-weiterbildung\/checkliste-fuer-teilnehmende\/\">Checkliste f\u00fcr Kursteilnehmende<\/a><\/div>\n<\/div>\n\n\n\n<h2 class=\"wp-block-heading\">Kontakt<\/h2>\n\n\n\n<div class=\"wp-block-columns is-layout-flex wp-container-core-columns-is-layout-28f84493 wp-block-columns-is-layout-flex\">\n<div class=\"wp-block-column is-layout-flow wp-block-column-is-layout-flow\" style=\"flex-basis:50%\"><div class=\"contact-persons\">\n\n\t\t\t\t\t<div class=\"contact-person\">\n\t\t\t\t\tDaniel Meister<br \/>\t\t\t\t\tMitarbeiter Marketing und Events<br \/>\t\t\t\t\t<br \/>\n\t\t\t\t\t\t\t\t\t\t<a href=\"tel:+41 (0)44 319 71 77\">+41 (0)44 319 71 77<\/a><br \/>\t\t\t\t\t<a href=\"mailto:daniel.meister@alice.ch\">daniel.meister@alice.ch<\/a><br \/>\t\t\t\t\t<\/div>\n\t\t\t\t\t<\/div>\n<\/div>\n\n\n\n<div class=\"wp-block-column is-layout-flow wp-block-column-is-layout-flow\" style=\"flex-basis:50%\"><\/div>\n<\/div>\n<\/div>\n","protected":false},"excerpt":{"rendered":"<p>Weiterbildungskurse vergleichen auf weiterbildung.swiss weiterbildung.swiss&nbsp;ist die einzige Kursdatenbank der Schweiz, auf der Weiterbildungsinteressierte Angebote direkt miteinander vergleichen k\u00f6nnen. Es lassen [&hellip;]<\/p>\n","protected":false},"author":2,"featured_media":20799,"parent":33,"menu_order":127,"comment_status":"closed","ping_status":"closed","template":"","meta":{"_acf_changed":false,"inline_featured_image":false,"footnotes":""},"class_list":["post-491","page","type-page","status-publish","has-post-thumbnail","hentry"],"acf":[],"yoast_head":"<!-- This site is optimized with the Yoast SEO plugin v27.3 - https:\/\/yoast.com\/product\/yoast-seo-wordpress\/ -->\n<title>Kursportal weiterbildung.swiss - SVEB<\/title>\n<meta name=\"description\" content=\"Publizieren Sie Weiterbildungsangebote auf weiterbildung.swiss, der Kursdatenbank, auf der Interessierte Angebote direkt vergleichen k\u00f6nnen.\" \/>\n<meta name=\"robots\" content=\"index, follow, max-snippet:-1, max-image-preview:large, max-video-preview:-1\" \/>\n<link rel=\"canonical\" href=\"https:\/\/alice.ch\/de\/dienstleistungen\/kursportal-weiterbildung-swiss\/\" \/>\n<meta property=\"og:locale\" content=\"de_DE\" \/>\n<meta property=\"og:type\" content=\"article\" \/>\n<meta property=\"og:title\" content=\"Kursportal weiterbildung.swiss - SVEB\" \/>\n<meta property=\"og:description\" content=\"Publizieren Sie Weiterbildungsangebote auf weiterbildung.swiss, der Kursdatenbank, auf der Interessierte Angebote direkt vergleichen k\u00f6nnen.\" \/>\n<meta property=\"og:url\" content=\"https:\/\/alice.ch\/de\/dienstleistungen\/kursportal-weiterbildung-swiss\/\" \/>\n<meta property=\"og:site_name\" content=\"SVEB\" \/>\n<meta property=\"article:modified_time\" content=\"2024-08-21T12:11:16+00:00\" \/>\n<meta name=\"twitter:card\" content=\"summary_large_image\" \/>\n<meta name=\"twitter:label1\" content=\"Gesch\u00e4tzte Lesezeit\" \/>\n\t<meta name=\"twitter:data1\" content=\"1\u00a0Minute\" \/>\n<script type=\"application\/ld+json\" class=\"yoast-schema-graph\">{\"@context\":\"https:\\\/\\\/schema.org\",\"@graph\":[{\"@type\":\"WebPage\",\"@id\":\"https:\\\/\\\/alice.ch\\\/de\\\/dienstleistungen\\\/kursportal-weiterbildung-swiss\\\/\",\"url\":\"https:\\\/\\\/alice.ch\\\/de\\\/dienstleistungen\\\/kursportal-weiterbildung-swiss\\\/\",\"name\":\"Kursportal weiterbildung.swiss - SVEB\",\"isPartOf\":{\"@id\":\"https:\\\/\\\/alice.ch\\\/de\\\/#website\"},\"primaryImageOfPage\":{\"@id\":\"https:\\\/\\\/alice.ch\\\/de\\\/dienstleistungen\\\/kursportal-weiterbildung-swiss\\\/#primaryimage\"},\"image\":{\"@id\":\"https:\\\/\\\/alice.ch\\\/de\\\/dienstleistungen\\\/kursportal-weiterbildung-swiss\\\/#primaryimage\"},\"thumbnailUrl\":\"https:\\\/\\\/alice.ch\\\/app\\\/uploads\\\/2022\\\/11\\\/default.jpg\",\"datePublished\":\"2022-08-16T14:56:19+00:00\",\"dateModified\":\"2024-08-21T12:11:16+00:00\",\"description\":\"Publizieren Sie Weiterbildungsangebote auf weiterbildung.swiss, der Kursdatenbank, auf der Interessierte Angebote direkt vergleichen k\u00f6nnen.\",\"breadcrumb\":{\"@id\":\"https:\\\/\\\/alice.ch\\\/de\\\/dienstleistungen\\\/kursportal-weiterbildung-swiss\\\/#breadcrumb\"},\"inLanguage\":\"de\",\"potentialAction\":[{\"@type\":\"ReadAction\",\"target\":[\"https:\\\/\\\/alice.ch\\\/de\\\/dienstleistungen\\\/kursportal-weiterbildung-swiss\\\/\"]}]},{\"@type\":\"ImageObject\",\"inLanguage\":\"de\",\"@id\":\"https:\\\/\\\/alice.ch\\\/de\\\/dienstleistungen\\\/kursportal-weiterbildung-swiss\\\/#primaryimage\",\"url\":\"https:\\\/\\\/alice.ch\\\/app\\\/uploads\\\/2022\\\/11\\\/default.jpg\",\"contentUrl\":\"https:\\\/\\\/alice.ch\\\/app\\\/uploads\\\/2022\\\/11\\\/default.jpg\",\"width\":1600,\"height\":900},{\"@type\":\"BreadcrumbList\",\"@id\":\"https:\\\/\\\/alice.ch\\\/de\\\/dienstleistungen\\\/kursportal-weiterbildung-swiss\\\/#breadcrumb\",\"itemListElement\":[{\"@type\":\"ListItem\",\"position\":1,\"name\":\"Startseite\",\"item\":\"https:\\\/\\\/alice.ch\\\/de\\\/\"},{\"@type\":\"ListItem\",\"position\":2,\"name\":\"Dienstleistungen\",\"item\":\"https:\\\/\\\/alice.ch\\\/de\\\/dienstleistungen\\\/\"},{\"@type\":\"ListItem\",\"position\":3,\"name\":\"Kursportal weiterbildung.swiss\"}]},{\"@type\":\"WebSite\",\"@id\":\"https:\\\/\\\/alice.ch\\\/de\\\/#website\",\"url\":\"https:\\\/\\\/alice.ch\\\/de\\\/\",\"name\":\"alice.ch (Adult Learning Information Center) ist das Portal der Weiterbildung in der Schweiz.\",\"description\":\"Schweizerischer Verband f\u00fcr Weiterbildung\",\"publisher\":{\"@id\":\"https:\\\/\\\/alice.ch\\\/de\\\/#organization\"},\"potentialAction\":[{\"@type\":\"SearchAction\",\"target\":{\"@type\":\"EntryPoint\",\"urlTemplate\":\"https:\\\/\\\/alice.ch\\\/de\\\/?s={search_term_string}\"},\"query-input\":{\"@type\":\"PropertyValueSpecification\",\"valueRequired\":true,\"valueName\":\"search_term_string\"}}],\"inLanguage\":\"de\"},{\"@type\":\"Organization\",\"@id\":\"https:\\\/\\\/alice.ch\\\/de\\\/#organization\",\"name\":\"SVEB Schweizerischer Verband f\u00fcr Weiterbildung\",\"url\":\"https:\\\/\\\/alice.ch\\\/de\\\/\",\"logo\":{\"@type\":\"ImageObject\",\"inLanguage\":\"de\",\"@id\":\"https:\\\/\\\/alice.ch\\\/de\\\/#\\\/schema\\\/logo\\\/image\\\/\",\"url\":\"https:\\\/\\\/alice.ch\\\/app\\\/uploads\\\/2022\\\/07\\\/logo-sveb.png\",\"contentUrl\":\"https:\\\/\\\/alice.ch\\\/app\\\/uploads\\\/2022\\\/07\\\/logo-sveb.png\",\"width\":145,\"height\":64,\"caption\":\"SVEB Schweizerischer Verband f\u00fcr Weiterbildung\"},\"image\":{\"@id\":\"https:\\\/\\\/alice.ch\\\/de\\\/#\\\/schema\\\/logo\\\/image\\\/\"},\"sameAs\":[\"https:\\\/\\\/www.linkedin.com\\\/company\\\/schweizerischer-verband-fr-weiterbildung-sveb\\\/\"]}]}<\/script>\n<!-- \/ Yoast SEO plugin. -->","yoast_head_json":{"title":"Kursportal weiterbildung.swiss - SVEB","description":"Publizieren Sie Weiterbildungsangebote auf weiterbildung.swiss, der Kursdatenbank, auf der Interessierte Angebote direkt vergleichen k\u00f6nnen.","robots":{"index":"index","follow":"follow","max-snippet":"max-snippet:-1","max-image-preview":"max-image-preview:large","max-video-preview":"max-video-preview:-1"},"canonical":"https:\/\/alice.ch\/de\/dienstleistungen\/kursportal-weiterbildung-swiss\/","og_locale":"de_DE","og_type":"article","og_title":"Kursportal weiterbildung.swiss - SVEB","og_description":"Publizieren Sie Weiterbildungsangebote auf weiterbildung.swiss, der Kursdatenbank, auf der Interessierte Angebote direkt vergleichen k\u00f6nnen.","og_url":"https:\/\/alice.ch\/de\/dienstleistungen\/kursportal-weiterbildung-swiss\/","og_site_name":"SVEB","article_modified_time":"2024-08-21T12:11:16+00:00","twitter_card":"summary_large_image","twitter_misc":{"Gesch\u00e4tzte Lesezeit":"1\u00a0Minute"},"schema":{"@context":"https:\/\/schema.org","@graph":[{"@type":"WebPage","@id":"https:\/\/alice.ch\/de\/dienstleistungen\/kursportal-weiterbildung-swiss\/","url":"https:\/\/alice.ch\/de\/dienstleistungen\/kursportal-weiterbildung-swiss\/","name":"Kursportal weiterbildung.swiss - SVEB","isPartOf":{"@id":"https:\/\/alice.ch\/de\/#website"},"primaryImageOfPage":{"@id":"https:\/\/alice.ch\/de\/dienstleistungen\/kursportal-weiterbildung-swiss\/#primaryimage"},"image":{"@id":"https:\/\/alice.ch\/de\/dienstleistungen\/kursportal-weiterbildung-swiss\/#primaryimage"},"thumbnailUrl":"https:\/\/alice.ch\/app\/uploads\/2022\/11\/default.jpg","datePublished":"2022-08-16T14:56:19+00:00","dateModified":"2024-08-21T12:11:16+00:00","description":"Publizieren Sie Weiterbildungsangebote auf weiterbildung.swiss, der Kursdatenbank, auf der Interessierte Angebote direkt vergleichen k\u00f6nnen.","breadcrumb":{"@id":"https:\/\/alice.ch\/de\/dienstleistungen\/kursportal-weiterbildung-swiss\/#breadcrumb"},"inLanguage":"de","potentialAction":[{"@type":"ReadAction","target":["https:\/\/alice.ch\/de\/dienstleistungen\/kursportal-weiterbildung-swiss\/"]}]},{"@type":"ImageObject","inLanguage":"de","@id":"https:\/\/alice.ch\/de\/dienstleistungen\/kursportal-weiterbildung-swiss\/#primaryimage","url":"https:\/\/alice.ch\/app\/uploads\/2022\/11\/default.jpg","contentUrl":"https:\/\/alice.ch\/app\/uploads\/2022\/11\/default.jpg","width":1600,"height":900},{"@type":"BreadcrumbList","@id":"https:\/\/alice.ch\/de\/dienstleistungen\/kursportal-weiterbildung-swiss\/#breadcrumb","itemListElement":[{"@type":"ListItem","position":1,"name":"Startseite","item":"https:\/\/alice.ch\/de\/"},{"@type":"ListItem","position":2,"name":"Dienstleistungen","item":"https:\/\/alice.ch\/de\/dienstleistungen\/"},{"@type":"ListItem","position":3,"name":"Kursportal weiterbildung.swiss"}]},{"@type":"WebSite","@id":"https:\/\/alice.ch\/de\/#website","url":"https:\/\/alice.ch\/de\/","name":"alice.ch (Adult Learning Information Center) ist das Portal der Weiterbildung in der Schweiz.","description":"Schweizerischer Verband f\u00fcr Weiterbildung","publisher":{"@id":"https:\/\/alice.ch\/de\/#organization"},"potentialAction":[{"@type":"SearchAction","target":{"@type":"EntryPoint","urlTemplate":"https:\/\/alice.ch\/de\/?s={search_term_string}"},"query-input":{"@type":"PropertyValueSpecification","valueRequired":true,"valueName":"search_term_string"}}],"inLanguage":"de"},{"@type":"Organization","@id":"https:\/\/alice.ch\/de\/#organization","name":"SVEB Schweizerischer Verband f\u00fcr Weiterbildung","url":"https:\/\/alice.ch\/de\/","logo":{"@type":"ImageObject","inLanguage":"de","@id":"https:\/\/alice.ch\/de\/#\/schema\/logo\/image\/","url":"https:\/\/alice.ch\/app\/uploads\/2022\/07\/logo-sveb.png","contentUrl":"https:\/\/alice.ch\/app\/uploads\/2022\/07\/logo-sveb.png","width":145,"height":64,"caption":"SVEB Schweizerischer Verband f\u00fcr Weiterbildung"},"image":{"@id":"https:\/\/alice.ch\/de\/#\/schema\/logo\/image\/"},"sameAs":["https:\/\/www.linkedin.com\/company\/schweizerischer-verband-fr-weiterbildung-sveb\/"]}]}},"_links":{"self":[{"href":"https:\/\/alice.ch\/de\/wp-json\/wp\/v2\/pages\/491","targetHints":{"allow":["GET"]}}],"collection":[{"href":"https:\/\/alice.ch\/de\/wp-json\/wp\/v2\/pages"}],"about":[{"href":"https:\/\/alice.ch\/de\/wp-json\/wp\/v2\/types\/page"}],"author":[{"embeddable":true,"href":"https:\/\/alice.ch\/de\/wp-json\/wp\/v2\/users\/2"}],"replies":[{"embeddable":true,"href":"https:\/\/alice.ch\/de\/wp-json\/wp\/v2\/comments?post=491"}],"version-history":[{"count":23,"href":"https:\/\/alice.ch\/de\/wp-json\/wp\/v2\/pages\/491\/revisions"}],"predecessor-version":[{"id":61621,"href":"https:\/\/alice.ch\/de\/wp-json\/wp\/v2\/pages\/491\/revisions\/61621"}],"up":[{"embeddable":true,"href":"https:\/\/alice.ch\/de\/wp-json\/wp\/v2\/pages\/33"}],"wp:featuredmedia":[{"embeddable":true,"href":"https:\/\/alice.ch\/de\/wp-json\/wp\/v2\/media\/20799"}],"wp:attachment":[{"href":"https:\/\/alice.ch\/de\/wp-json\/wp\/v2\/media?parent=491"}],"curies":[{"name":"wp","href":"https:\/\/api.w.org\/{rel}","templated":true}]}}