{"id":495,"date":"2022-08-16T16:56:56","date_gmt":"2022-08-16T14:56:56","guid":{"rendered":"https:\/\/projects.atxeit.ch\/sveb\/?page_id=495"},"modified":"2025-12-04T13:36:06","modified_gmt":"2025-12-04T12:36:06","slug":"zeitschrift-education-permanente","status":"publish","type":"page","link":"https:\/\/alice.ch\/de\/aktuell\/zeitschrift-education-permanente\/","title":{"rendered":"Fachzeitschrift EP"},"content":{"rendered":"\n<div class=\"wp-block-group is-style-reduced-width is-layout-flow wp-block-group-is-layout-flow\">\n<h1 class=\"wp-block-heading\">Education Permanente<\/h1>\n\n\n\n<p class=\"is-style-lead\">Die \u00abEducation Permanente\u00bb ist die einzige Fachzeitschrift f\u00fcr Weiterbildung in der Schweiz. In jeder Ausgabe steht ein Weiterbildungsthema im Fokus, das in verschiedenen wissenschaftsbasierten und praxisorientierten Beitr\u00e4gen erl\u00e4utert wird. Die Zeitschrift will Fachleute anregen, sich mit Entwicklungen auseinanderzusetzen, die f\u00fcr die Weiterbildung relevant sind.<\/p>\n\n\n\n<div class=\"wp-block-columns is-layout-flex wp-container-core-columns-is-layout-28f84493 wp-block-columns-is-layout-flex\">\n<div class=\"wp-block-column is-layout-flow wp-block-column-is-layout-flow\" style=\"flex-basis:40%\">\n<figure class=\"wp-block-image size-large is-resized is-style-no-border\"><img decoding=\"async\" width=\"1024\" height=\"535\" src=\"https:\/\/alice.ch\/app\/uploads\/2023\/09\/ep-reihe-1024x535.jpg\" alt=\"Education Permanente ist die Fachzeitschrift f\u00fcr Weiterbildung in der Schweiz.\" class=\"wp-image-54253\" style=\"aspect-ratio:3\/2;object-fit:cover;width:487px;height:auto\" srcset=\"https:\/\/alice.ch\/app\/uploads\/2023\/09\/ep-reihe-1024x535.jpg 1024w, https:\/\/alice.ch\/app\/uploads\/2023\/09\/ep-reihe-300x157.jpg 300w, https:\/\/alice.ch\/app\/uploads\/2023\/09\/ep-reihe-768x401.jpg 768w, https:\/\/alice.ch\/app\/uploads\/2023\/09\/ep-reihe.jpg 1200w\" sizes=\"(max-width: 1024px) 100vw, 1024px\" \/><\/figure>\n<\/div>\n\n\n\n<div class=\"wp-block-column is-layout-flow wp-block-column-is-layout-flow\" style=\"flex-basis:40%\">\n<p>Die EP umfasst ein wissenschaftsbasiertes Dossier zu einem Schwerpunktthema sowie eine thematisch offene Rubrik, die sich auf die praxisorientierte Reflexion aktueller Entwicklungen der Weiterbildung konzentriert. Erg\u00e4nzt wird die EP um Literatur-Tipps sowie Kurzmeldungen aus dem Weiterbildungsfeld und aus dem SVEB. Die eingereichten Beitr\u00e4ge werden einer qualitativen Pr\u00fcfung durch die Redaktion unterzogen.<\/p>\n<\/div>\n<\/div>\n\n\n\n<h2 class=\"wp-block-heading\">Erscheinungsweise und Auflage&nbsp;<\/h2>\n\n\n\n<p>Die EP erscheint zweimal j\u00e4hrlich (Mai und November) als Print-Zeitschrift sowie als kostenlose Online-Zeitschrift in Deutsch und Franz\u00f6sisch.&nbsp;In dieser Form erscheint die EP seit 2021. Vorher wurde die EP als Magazin viermal j\u00e4hrlich publiziert.<\/p>\n\n\n\n<div class=\"wp-block-buttons is-layout-flex wp-block-buttons-is-layout-flex\">\n<div class=\"wp-block-button is-style-outline is-style-outline--1\"><a class=\"wp-block-button__link wp-element-button\" href=\"https:\/\/www.ep-web.ch\/de\/vorschau\" target=\"_blank\" rel=\"noreferrer noopener\">Vorschau n\u00e4chste Ausgabe<\/a><\/div>\n<\/div>\n\n\n\n<h3 class=\"wp-block-heading\">Printausgabe&nbsp;<\/h3>\n\n\n\n<p>Die gedruckte Ausgabe erscheint im Format A5 mit einem Umfang von rund 130 Seiten. Die Auflage betr\u00e4gt 1&#8217;200 Exemplare f\u00fcr die deutsche und 550 Exemplare f\u00fcr die franz\u00f6sische Ausgabe. Die Zeitschrift ist f\u00fcr SVEB-Mitglieder kostenlos, f\u00fcr weitere Abonnenten kostenpflichtig.<\/p>\n\n\n\n<p><strong>Abo-Preise pro Jahr (2 Ausgaben):<\/strong><br>Schweiz: Regul\u00e4r: 45 CHF; Studierende 35 CHF<br>Ausland: 50 CHF<\/p>\n\n\n\n<div class=\"wp-block-buttons is-layout-flex wp-block-buttons-is-layout-flex\">\n<div class=\"wp-block-button has-custom-width wp-block-button__width-50 is-style-outline is-style-outline--2\"><a class=\"wp-block-button__link wp-element-button\" href=\"https:\/\/alice.ch\/de\/aktuell\/zeitschrift-education-permanente\/fachzeitschrift-ep-abonnieren\/\">Print-Abo bestellen<\/a><\/div>\n<\/div>\n\n\n\n<h3 class=\"wp-block-heading\">Online-Ausgabe&nbsp;<\/h3>\n\n\n\n<p>Die digitale EP wird auf der Website des&nbsp;<a href=\"https:\/\/alice.ch\/\" target=\"_blank\" rel=\"noreferrer noopener\">SVEB<\/a>&nbsp;mit eigener&nbsp;<a href=\"https:\/\/www.ep-web.ch\/de\/\">Domain<\/a>&nbsp;publiziert und steht kostenlos im Open Access zur Verf\u00fcgung. Die einzelnen Beitr\u00e4ge k\u00f6nnen online gelesen und als PDF heruntergeladen werden.<\/p>\n\n\n\n<div class=\"wp-block-buttons is-layout-flex wp-block-buttons-is-layout-flex\">\n<div class=\"wp-block-button has-custom-width wp-block-button__width-50 is-style-outline is-style-outline--3\"><a class=\"wp-block-button__link wp-element-button\" href=\"https:\/\/www.ep-web.ch\/de\/archiv\" target=\"_blank\" rel=\"noreferrer noopener\">EP digital lesen<\/a><\/div>\n<\/div>\n\n\n\n<h2 class=\"wp-block-heading\">Ausgaben Education Permanente<\/h2>\n\n\n\n<p>Hier finden Sie EP-Ausgaben als Online-Versionen und PDFs und k\u00f6nnen diese kostenlos herunterladen.<\/p>\n\n\n\n<div class=\"wp-block-buttons is-layout-flex wp-block-buttons-is-layout-flex\">\n<div class=\"wp-block-button has-custom-width wp-block-button__width-50 is-style-outline is-style-outline--4\"><a class=\"wp-block-button__link wp-element-button\" href=\"https:\/\/alice.ch\/de\/dienstleistungen\/publikationen-und-produkte\/ep-ausgaben\/\">EP-Ausgaben<\/a><\/div>\n<\/div>\n\n\n\n<h2 class=\"wp-block-heading\">Redaktion<\/h2>\n\n\n\n<div class=\"wp-block-columns is-layout-flex wp-container-core-columns-is-layout-28f84493 wp-block-columns-is-layout-flex\">\n<div class=\"wp-block-column is-layout-flow wp-block-column-is-layout-flow\" style=\"flex-basis:100%\">\n<p>Irena Sgier (SVEB, Redaktionsleitung)<br>Lynette Weber (SVEB,\u00a0Redaktorin)<br>Prof. Erik Haberzeth (Universit\u00e4t Chemnitz)<br>Alexandre Lecoultre (SVEB)<\/p>\n\n\n\n<p>Die Redaktion nimmt R\u00fcckmeldungen und Anregungen zur EP gerne entgegen unter <a href=\"mailto:ep@alice.ch\" target=\"_blank\" rel=\"noreferrer noopener\">ep@alice.ch<\/a>.<\/p>\n\n\n\n<h2 class=\"wp-block-heading\">Produktinformationen EP<\/h2>\n\n\n\n<div class=\"wp-block-buttons is-layout-flex wp-block-buttons-is-layout-flex\">\n<div class=\"wp-block-button has-custom-width wp-block-button__width-50 is-style-outline is-style-outline--5\"><a class=\"wp-block-button__link wp-element-button\" href=\"https:\/\/alice.ch\/de\/dienstleistungen\/publikationen-und-produkte\/publikationen\/\">Einzelausgabe bestellen<\/a><\/div>\n<\/div>\n\n\n\n<div class=\"wp-block-buttons is-layout-flex wp-block-buttons-is-layout-flex\">\n<div class=\"wp-block-button has-custom-width wp-block-button__width-50 is-style-outline is-style-outline--6\"><a class=\"wp-block-button__link wp-element-button\" href=\"https:\/\/alice.ch\/de\/dienstleistungen\/werbung-platzieren\/inserat-in-der-ep\/\">Werbung platzieren<\/a><\/div>\n<\/div>\n\n\n\n<h2 class=\"wp-block-heading\">Kontakt f\u00fcr Abos und Inserate<\/h2>\n\n\n\n<div class=\"wp-block-columns is-layout-flex wp-container-core-columns-is-layout-28f84493 wp-block-columns-is-layout-flex\">\n<div class=\"wp-block-column is-layout-flow wp-block-column-is-layout-flow\" style=\"flex-basis:50%\"><div class=\"contact-persons\">\n\n\t\t\t\t\t<div class=\"contact-person\">\n\t\t\t\t\tDaniel Meister<br \/>\t\t\t\t\tMitarbeiter Marketing und Events<br \/>\t\t\t\t\t<br \/>\n\t\t\t\t\t\t\t\t\t\t<a href=\"tel:+41 (0)44 319 71 77\">+41 (0)44 319 71 77<\/a><br \/>\t\t\t\t\t<a href=\"mailto:daniel.meister@alice.ch\">daniel.meister@alice.ch<\/a><br \/>\t\t\t\t\t<\/div>\n\t\t\t\t\t<\/div>\n<\/div>\n\n\n\n<div class=\"wp-block-column is-layout-flow wp-block-column-is-layout-flow\" style=\"flex-basis:50%\"><\/div>\n<\/div>\n\n\n\n<p><\/p>\n<\/div>\n<\/div>\n<\/div>\n","protected":false},"excerpt":{"rendered":"<p>Education Permanente Die \u00abEducation Permanente\u00bb ist die einzige Fachzeitschrift f\u00fcr Weiterbildung in der Schweiz. In jeder Ausgabe steht ein Weiterbildungsthema [&hellip;]<\/p>\n","protected":false},"author":4,"featured_media":54253,"parent":31,"menu_order":524,"comment_status":"closed","ping_status":"closed","template":"","meta":{"_acf_changed":false,"inline_featured_image":false,"footnotes":""},"class_list":["post-495","page","type-page","status-publish","has-post-thumbnail","hentry"],"acf":[],"yoast_head":"<!-- This site is optimized with the Yoast SEO plugin v27.3 - https:\/\/yoast.com\/product\/yoast-seo-wordpress\/ -->\n<title>Fachzeitschrift EP - SVEB<\/title>\n<meta name=\"description\" content=\"Die \u00abEducation Permanente\u00bb ist die einzige Fachzeitschrift f\u00fcr Weiterbildung in der Schweiz und erscheint zwei Mal im Jahr.\" \/>\n<meta name=\"robots\" content=\"index, follow, max-snippet:-1, max-image-preview:large, max-video-preview:-1\" \/>\n<link rel=\"canonical\" href=\"https:\/\/alice.ch\/de\/aktuell\/zeitschrift-education-permanente\/\" \/>\n<meta property=\"og:locale\" content=\"de_DE\" \/>\n<meta property=\"og:type\" content=\"article\" \/>\n<meta property=\"og:title\" content=\"Fachzeitschrift EP - SVEB\" \/>\n<meta property=\"og:description\" content=\"Die \u00abEducation Permanente\u00bb ist die einzige Fachzeitschrift f\u00fcr Weiterbildung in der Schweiz und erscheint zwei Mal im Jahr.\" \/>\n<meta property=\"og:url\" content=\"https:\/\/alice.ch\/de\/aktuell\/zeitschrift-education-permanente\/\" \/>\n<meta property=\"og:site_name\" content=\"SVEB\" \/>\n<meta property=\"article:modified_time\" content=\"2025-12-04T12:36:06+00:00\" \/>\n<meta property=\"og:image\" content=\"https:\/\/alice.ch\/app\/uploads\/2023\/09\/ep-reihe.jpg\" \/>\n\t<meta property=\"og:image:width\" content=\"1200\" \/>\n\t<meta property=\"og:image:height\" content=\"627\" \/>\n\t<meta property=\"og:image:type\" content=\"image\/jpeg\" \/>\n<meta name=\"twitter:card\" content=\"summary_large_image\" \/>\n<meta name=\"twitter:label1\" content=\"Gesch\u00e4tzte Lesezeit\" \/>\n\t<meta name=\"twitter:data1\" content=\"2\u00a0Minuten\" \/>\n<script type=\"application\/ld+json\" class=\"yoast-schema-graph\">{\"@context\":\"https:\\\/\\\/schema.org\",\"@graph\":[{\"@type\":\"WebPage\",\"@id\":\"https:\\\/\\\/alice.ch\\\/de\\\/aktuell\\\/zeitschrift-education-permanente\\\/\",\"url\":\"https:\\\/\\\/alice.ch\\\/de\\\/aktuell\\\/zeitschrift-education-permanente\\\/\",\"name\":\"Fachzeitschrift EP - SVEB\",\"isPartOf\":{\"@id\":\"https:\\\/\\\/alice.ch\\\/de\\\/#website\"},\"primaryImageOfPage\":{\"@id\":\"https:\\\/\\\/alice.ch\\\/de\\\/aktuell\\\/zeitschrift-education-permanente\\\/#primaryimage\"},\"image\":{\"@id\":\"https:\\\/\\\/alice.ch\\\/de\\\/aktuell\\\/zeitschrift-education-permanente\\\/#primaryimage\"},\"thumbnailUrl\":\"https:\\\/\\\/alice.ch\\\/app\\\/uploads\\\/2023\\\/09\\\/ep-reihe.jpg\",\"datePublished\":\"2022-08-16T14:56:56+00:00\",\"dateModified\":\"2025-12-04T12:36:06+00:00\",\"description\":\"Die \u00abEducation Permanente\u00bb ist die einzige Fachzeitschrift f\u00fcr Weiterbildung in der Schweiz und erscheint zwei Mal im Jahr.\",\"breadcrumb\":{\"@id\":\"https:\\\/\\\/alice.ch\\\/de\\\/aktuell\\\/zeitschrift-education-permanente\\\/#breadcrumb\"},\"inLanguage\":\"de\",\"potentialAction\":[{\"@type\":\"ReadAction\",\"target\":[\"https:\\\/\\\/alice.ch\\\/de\\\/aktuell\\\/zeitschrift-education-permanente\\\/\"]}]},{\"@type\":\"ImageObject\",\"inLanguage\":\"de\",\"@id\":\"https:\\\/\\\/alice.ch\\\/de\\\/aktuell\\\/zeitschrift-education-permanente\\\/#primaryimage\",\"url\":\"https:\\\/\\\/alice.ch\\\/app\\\/uploads\\\/2023\\\/09\\\/ep-reihe.jpg\",\"contentUrl\":\"https:\\\/\\\/alice.ch\\\/app\\\/uploads\\\/2023\\\/09\\\/ep-reihe.jpg\",\"width\":1200,\"height\":627},{\"@type\":\"BreadcrumbList\",\"@id\":\"https:\\\/\\\/alice.ch\\\/de\\\/aktuell\\\/zeitschrift-education-permanente\\\/#breadcrumb\",\"itemListElement\":[{\"@type\":\"ListItem\",\"position\":1,\"name\":\"Startseite\",\"item\":\"https:\\\/\\\/alice.ch\\\/de\\\/\"},{\"@type\":\"ListItem\",\"position\":2,\"name\":\"Aktuell\",\"item\":\"https:\\\/\\\/alice.ch\\\/de\\\/aktuell\\\/\"},{\"@type\":\"ListItem\",\"position\":3,\"name\":\"Fachzeitschrift EP\"}]},{\"@type\":\"WebSite\",\"@id\":\"https:\\\/\\\/alice.ch\\\/de\\\/#website\",\"url\":\"https:\\\/\\\/alice.ch\\\/de\\\/\",\"name\":\"alice.ch (Adult Learning Information Center) ist das Portal der Weiterbildung in der Schweiz.\",\"description\":\"Schweizerischer Verband f\u00fcr Weiterbildung\",\"publisher\":{\"@id\":\"https:\\\/\\\/alice.ch\\\/de\\\/#organization\"},\"potentialAction\":[{\"@type\":\"SearchAction\",\"target\":{\"@type\":\"EntryPoint\",\"urlTemplate\":\"https:\\\/\\\/alice.ch\\\/de\\\/?s={search_term_string}\"},\"query-input\":{\"@type\":\"PropertyValueSpecification\",\"valueRequired\":true,\"valueName\":\"search_term_string\"}}],\"inLanguage\":\"de\"},{\"@type\":\"Organization\",\"@id\":\"https:\\\/\\\/alice.ch\\\/de\\\/#organization\",\"name\":\"SVEB Schweizerischer Verband f\u00fcr Weiterbildung\",\"url\":\"https:\\\/\\\/alice.ch\\\/de\\\/\",\"logo\":{\"@type\":\"ImageObject\",\"inLanguage\":\"de\",\"@id\":\"https:\\\/\\\/alice.ch\\\/de\\\/#\\\/schema\\\/logo\\\/image\\\/\",\"url\":\"https:\\\/\\\/alice.ch\\\/app\\\/uploads\\\/2022\\\/07\\\/logo-sveb.png\",\"contentUrl\":\"https:\\\/\\\/alice.ch\\\/app\\\/uploads\\\/2022\\\/07\\\/logo-sveb.png\",\"width\":145,\"height\":64,\"caption\":\"SVEB Schweizerischer Verband f\u00fcr Weiterbildung\"},\"image\":{\"@id\":\"https:\\\/\\\/alice.ch\\\/de\\\/#\\\/schema\\\/logo\\\/image\\\/\"},\"sameAs\":[\"https:\\\/\\\/www.linkedin.com\\\/company\\\/schweizerischer-verband-fr-weiterbildung-sveb\\\/\"]}]}<\/script>\n<!-- \/ Yoast SEO plugin. -->","yoast_head_json":{"title":"Fachzeitschrift EP - SVEB","description":"Die \u00abEducation Permanente\u00bb ist die einzige Fachzeitschrift f\u00fcr Weiterbildung in der Schweiz und erscheint zwei Mal im Jahr.","robots":{"index":"index","follow":"follow","max-snippet":"max-snippet:-1","max-image-preview":"max-image-preview:large","max-video-preview":"max-video-preview:-1"},"canonical":"https:\/\/alice.ch\/de\/aktuell\/zeitschrift-education-permanente\/","og_locale":"de_DE","og_type":"article","og_title":"Fachzeitschrift EP - SVEB","og_description":"Die \u00abEducation Permanente\u00bb ist die einzige Fachzeitschrift f\u00fcr Weiterbildung in der Schweiz und erscheint zwei Mal im Jahr.","og_url":"https:\/\/alice.ch\/de\/aktuell\/zeitschrift-education-permanente\/","og_site_name":"SVEB","article_modified_time":"2025-12-04T12:36:06+00:00","og_image":[{"width":1200,"height":627,"url":"https:\/\/alice.ch\/app\/uploads\/2023\/09\/ep-reihe.jpg","type":"image\/jpeg"}],"twitter_card":"summary_large_image","twitter_misc":{"Gesch\u00e4tzte Lesezeit":"2\u00a0Minuten"},"schema":{"@context":"https:\/\/schema.org","@graph":[{"@type":"WebPage","@id":"https:\/\/alice.ch\/de\/aktuell\/zeitschrift-education-permanente\/","url":"https:\/\/alice.ch\/de\/aktuell\/zeitschrift-education-permanente\/","name":"Fachzeitschrift EP - SVEB","isPartOf":{"@id":"https:\/\/alice.ch\/de\/#website"},"primaryImageOfPage":{"@id":"https:\/\/alice.ch\/de\/aktuell\/zeitschrift-education-permanente\/#primaryimage"},"image":{"@id":"https:\/\/alice.ch\/de\/aktuell\/zeitschrift-education-permanente\/#primaryimage"},"thumbnailUrl":"https:\/\/alice.ch\/app\/uploads\/2023\/09\/ep-reihe.jpg","datePublished":"2022-08-16T14:56:56+00:00","dateModified":"2025-12-04T12:36:06+00:00","description":"Die \u00abEducation Permanente\u00bb ist die einzige Fachzeitschrift f\u00fcr Weiterbildung in der Schweiz und erscheint zwei Mal im Jahr.","breadcrumb":{"@id":"https:\/\/alice.ch\/de\/aktuell\/zeitschrift-education-permanente\/#breadcrumb"},"inLanguage":"de","potentialAction":[{"@type":"ReadAction","target":["https:\/\/alice.ch\/de\/aktuell\/zeitschrift-education-permanente\/"]}]},{"@type":"ImageObject","inLanguage":"de","@id":"https:\/\/alice.ch\/de\/aktuell\/zeitschrift-education-permanente\/#primaryimage","url":"https:\/\/alice.ch\/app\/uploads\/2023\/09\/ep-reihe.jpg","contentUrl":"https:\/\/alice.ch\/app\/uploads\/2023\/09\/ep-reihe.jpg","width":1200,"height":627},{"@type":"BreadcrumbList","@id":"https:\/\/alice.ch\/de\/aktuell\/zeitschrift-education-permanente\/#breadcrumb","itemListElement":[{"@type":"ListItem","position":1,"name":"Startseite","item":"https:\/\/alice.ch\/de\/"},{"@type":"ListItem","position":2,"name":"Aktuell","item":"https:\/\/alice.ch\/de\/aktuell\/"},{"@type":"ListItem","position":3,"name":"Fachzeitschrift EP"}]},{"@type":"WebSite","@id":"https:\/\/alice.ch\/de\/#website","url":"https:\/\/alice.ch\/de\/","name":"alice.ch (Adult Learning Information Center) ist das Portal der Weiterbildung in der Schweiz.","description":"Schweizerischer Verband f\u00fcr Weiterbildung","publisher":{"@id":"https:\/\/alice.ch\/de\/#organization"},"potentialAction":[{"@type":"SearchAction","target":{"@type":"EntryPoint","urlTemplate":"https:\/\/alice.ch\/de\/?s={search_term_string}"},"query-input":{"@type":"PropertyValueSpecification","valueRequired":true,"valueName":"search_term_string"}}],"inLanguage":"de"},{"@type":"Organization","@id":"https:\/\/alice.ch\/de\/#organization","name":"SVEB Schweizerischer Verband f\u00fcr Weiterbildung","url":"https:\/\/alice.ch\/de\/","logo":{"@type":"ImageObject","inLanguage":"de","@id":"https:\/\/alice.ch\/de\/#\/schema\/logo\/image\/","url":"https:\/\/alice.ch\/app\/uploads\/2022\/07\/logo-sveb.png","contentUrl":"https:\/\/alice.ch\/app\/uploads\/2022\/07\/logo-sveb.png","width":145,"height":64,"caption":"SVEB Schweizerischer Verband f\u00fcr Weiterbildung"},"image":{"@id":"https:\/\/alice.ch\/de\/#\/schema\/logo\/image\/"},"sameAs":["https:\/\/www.linkedin.com\/company\/schweizerischer-verband-fr-weiterbildung-sveb\/"]}]}},"_links":{"self":[{"href":"https:\/\/alice.ch\/de\/wp-json\/wp\/v2\/pages\/495","targetHints":{"allow":["GET"]}}],"collection":[{"href":"https:\/\/alice.ch\/de\/wp-json\/wp\/v2\/pages"}],"about":[{"href":"https:\/\/alice.ch\/de\/wp-json\/wp\/v2\/types\/page"}],"author":[{"embeddable":true,"href":"https:\/\/alice.ch\/de\/wp-json\/wp\/v2\/users\/4"}],"replies":[{"embeddable":true,"href":"https:\/\/alice.ch\/de\/wp-json\/wp\/v2\/comments?post=495"}],"version-history":[{"count":76,"href":"https:\/\/alice.ch\/de\/wp-json\/wp\/v2\/pages\/495\/revisions"}],"predecessor-version":[{"id":72448,"href":"https:\/\/alice.ch\/de\/wp-json\/wp\/v2\/pages\/495\/revisions\/72448"}],"up":[{"embeddable":true,"href":"https:\/\/alice.ch\/de\/wp-json\/wp\/v2\/pages\/31"}],"wp:featuredmedia":[{"embeddable":true,"href":"https:\/\/alice.ch\/de\/wp-json\/wp\/v2\/media\/54253"}],"wp:attachment":[{"href":"https:\/\/alice.ch\/de\/wp-json\/wp\/v2\/media?parent=495"}],"curies":[{"name":"wp","href":"https:\/\/api.w.org\/{rel}","templated":true}]}}