{"id":498,"date":"2022-08-16T16:57:15","date_gmt":"2022-08-16T14:57:15","guid":{"rendered":"https:\/\/projects.atxeit.ch\/sveb\/?page_id=498"},"modified":"2025-09-22T15:57:21","modified_gmt":"2025-09-22T13:57:21","slug":"werbung-platzieren","status":"publish","type":"page","link":"https:\/\/alice.ch\/de\/dienstleistungen\/werbung-platzieren\/","title":{"rendered":"Werbung platzieren"},"content":{"rendered":"\n<div class=\"wp-block-group is-style-reduced-width is-layout-flow wp-block-group-is-layout-flow\">\n<h1 class=\"wp-block-heading\">Erreichen Sie Ihre Zielgruppe \u00fcber unsere Werbekan\u00e4le!<\/h1>\n\n\n\n<p>Mit uns erreichen Sie Ihre Zielgruppe ohne Streuverlust:<\/p>\n\n\n\n<ul class=\"wp-block-list\">\n<li>Verantwortliche von privaten und \u00f6ffentlichen Weiterbildungstr\u00e4gern<\/li>\n\n\n\n<li>Kursleitende &amp; Erwachsenenbildende<\/li>\n\n\n\n<li>Personal- und Weiterbildungsverantwortliche in Unternehmen, Betriebsausbildende<\/li>\n\n\n\n<li>Entscheider in Fachverb\u00e4nden, Stiftungen und Berufsorganisationen<\/li>\n\n\n\n<li>Laufbahnberatende, Coaches<\/li>\n\n\n\n<li>Bildungsdienstleister<\/li>\n\n\n\n<li>Mitglieder und Kontakte aus dem SVEB-Netzwerk&nbsp;<\/li>\n\n\n\n<li>Weiterbildungsinteressierte in der ganzen Schweiz mit&nbsp;<a href=\"https:\/\/www.weiterbildung.swiss\/\" target=\"_blank\" rel=\"noreferrer noopener\">weiterbildung.swiss<\/a><\/li>\n<\/ul>\n\n\n\n<div style=\"height:32px\" aria-hidden=\"true\" class=\"wp-block-spacer\"><\/div>\n\n\n\n<p>Nutzen Sie f\u00fcr die Erreichung Ihrer Werbeziele unsere verschiedenen Kan\u00e4le und Formate \u2013 sowohl on- wie offline:<\/p>\n\n\n\n<div class=\"wp-block-group is-style-default is-layout-flow wp-block-group-is-layout-flow\">\n<div class=\"wp-block-media-text alignwide is-stacked-on-mobile is-style-icon-text\"><figure class=\"wp-block-media-text__media\"><a href=\"https:\/\/alice.ch\/de\/dienstleistungen\/werbung-platzieren\/bannerwerbung-auf-alice-ch\/\"><img decoding=\"async\" width=\"550\" height=\"500\" src=\"https:\/\/alice.ch\/app\/uploads\/2022\/10\/icon-werbung.png\" alt=\"\" class=\"wp-image-5976 size-full\" srcset=\"https:\/\/alice.ch\/app\/uploads\/2022\/10\/icon-werbung.png 550w, https:\/\/alice.ch\/app\/uploads\/2022\/10\/icon-werbung-300x273.png 300w\" sizes=\"(max-width: 550px) 100vw, 550px\" \/><\/a><\/figure><div class=\"wp-block-media-text__content\">\n<h2 class=\"wp-block-heading\"><a href=\"https:\/\/alice.ch\/de\/dienstleistungen\/werbung-platzieren\/bannerwerbung-auf-alice-ch\/\">Banner auf alice.ch<\/a><\/h2>\n\n\n\n<p>Unsere Webseite&nbsp;<a href=\"https:\/\/alice.ch\/de\/\" target=\"_blank\" rel=\"noreferrer noopener\">alice.ch<\/a>&nbsp;weist monatlich ca. 16&#8217;000 Seitenaufrufe von Personen aus, welche sich f\u00fcr Weiterbildung interessieren oder in diesem Bereich beruflich t\u00e4tig sind.<\/p>\n<\/div><\/div>\n\n\n\n<hr class=\"wp-block-separator has-alpha-channel-opacity is-style-wide\"\/>\n\n\n\n<div class=\"wp-block-media-text alignwide is-stacked-on-mobile is-style-icon-text\"><figure class=\"wp-block-media-text__media\"><a href=\"https:\/\/alice.ch\/de\/dienstleistungen\/werbung-platzieren\/inserat-im-sveb-newsletter\/\"><img decoding=\"async\" width=\"330\" height=\"250\" src=\"https:\/\/alice.ch\/app\/uploads\/2022\/10\/icon-newsletter.png\" alt=\"\" class=\"wp-image-5884 size-full\" srcset=\"https:\/\/alice.ch\/app\/uploads\/2022\/10\/icon-newsletter.png 330w, https:\/\/alice.ch\/app\/uploads\/2022\/10\/icon-newsletter-300x227.png 300w\" sizes=\"(max-width: 330px) 100vw, 330px\" \/><\/a><\/figure><div class=\"wp-block-media-text__content\">\n<h2 class=\"wp-block-heading\"><a href=\"https:\/\/alice.ch\/de\/dienstleistungen\/werbung-platzieren\/inserat-im-sveb-newsletter\/\">Inserate im SVEB-Newsletter<\/a><\/h2>\n\n\n\n<p>Mit dem&nbsp;<a href=\"https:\/\/alice.ch\/de\/aktuell\/newsletter\/\">Newsletter des SVEB<\/a>&nbsp;erreichen Sie rund 8000 Fachleute und Interessierte aus dem Schweizer Bildungsbereich. Der abonnierte Newsletter wird elf Mal im Jahr verschickt und greift aktuelle Themen und Entwicklungen in der Weiterbildung auf.<\/p>\n<\/div><\/div>\n\n\n\n<hr class=\"wp-block-separator has-alpha-channel-opacity is-style-wide\"\/>\n\n\n\n<div class=\"wp-block-media-text alignwide is-stacked-on-mobile is-style-icon-text\"><figure class=\"wp-block-media-text__media\"><a href=\"https:\/\/alice.ch\/de\/dienstleistungen\/werbung-platzieren\/inserat-in-der-ep\/\"><img decoding=\"async\" width=\"456\" height=\"348\" src=\"https:\/\/alice.ch\/app\/uploads\/2022\/10\/icon-ep.png\" alt=\"\" class=\"wp-image-5892 size-full\" srcset=\"https:\/\/alice.ch\/app\/uploads\/2022\/10\/icon-ep.png 456w, https:\/\/alice.ch\/app\/uploads\/2022\/10\/icon-ep-300x229.png 300w\" sizes=\"(max-width: 456px) 100vw, 456px\" \/><\/a><\/figure><div class=\"wp-block-media-text__content\">\n<h2 class=\"wp-block-heading\"><a href=\"https:\/\/alice.ch\/de\/dienstleistungen\/werbung-platzieren\/inserat-in-der-ep\/\">Inserate in der Fachzeitschrift \u00abEducation Permanente\u00bb<\/a><\/h2>\n\n\n\n<p>Mit praxisorientierten Entwicklungsprojekten leistet der SVEB einen Beitrag zur Entwicklung und Innovation in der Weiterbildung.<\/p>\n<\/div><\/div>\n\n\n\n<hr class=\"wp-block-separator has-alpha-channel-opacity is-style-wide\"\/>\n\n\n\n<div class=\"wp-block-media-text alignwide is-stacked-on-mobile is-style-icon-text\"><figure class=\"wp-block-media-text__media\"><a href=\"https:\/\/alice.ch\/de\/dienstleistungen\/werbung-platzieren\/bannerwerbung-auf-weiterbildung-swiss\/\"><img decoding=\"async\" width=\"550\" height=\"500\" src=\"https:\/\/alice.ch\/app\/uploads\/2022\/10\/icon-werbung.png\" alt=\"\" class=\"wp-image-5976 size-medium\" srcset=\"https:\/\/alice.ch\/app\/uploads\/2022\/10\/icon-werbung.png 550w, https:\/\/alice.ch\/app\/uploads\/2022\/10\/icon-werbung-300x273.png 300w\" sizes=\"(max-width: 550px) 100vw, 550px\" \/><\/a><\/figure><div class=\"wp-block-media-text__content\">\n<h2 class=\"wp-block-heading\"><a href=\"https:\/\/alice.ch\/de\/dienstleistungen\/werbung-platzieren\/bannerwerbung-auf-weiterbildung-swiss\/\">Banner auf weiterbildung.swiss<\/a><\/h2>\n\n\n\n<p>Das dreisprachige Kursportal <a href=\"https:\/\/www.weiterbildung.swiss\/\">weiterbildung.swiss<\/a> richtet sich an Personen, die eine passende Weiterbildung suchen.<\/p>\n<\/div><\/div>\n\n\n\n<hr class=\"wp-block-separator has-alpha-channel-opacity is-style-wide\"\/>\n\n\n\n<div class=\"wp-block-media-text alignwide is-stacked-on-mobile is-style-icon-text\"><figure class=\"wp-block-media-text__media\"><a href=\"https:\/\/alice.ch\/de\/dienstleistungen\/stellenmarkt\/stelleninserat-ausschreiben\/\"><img decoding=\"async\" width=\"800\" height=\"930\" src=\"https:\/\/alice.ch\/app\/uploads\/2022\/10\/icon-grundkompetenzen-2.png\" alt=\"\" class=\"wp-image-6065 size-full\" srcset=\"https:\/\/alice.ch\/app\/uploads\/2022\/10\/icon-grundkompetenzen-2.png 800w, https:\/\/alice.ch\/app\/uploads\/2022\/10\/icon-grundkompetenzen-2-258x300.png 258w, https:\/\/alice.ch\/app\/uploads\/2022\/10\/icon-grundkompetenzen-2-768x893.png 768w\" sizes=\"(max-width: 800px) 100vw, 800px\" \/><\/a><\/figure><div class=\"wp-block-media-text__content\">\n<h2 class=\"wp-block-heading\"><a href=\"https:\/\/alice.ch\/de\/dienstleistungen\/stellenmarkt\/stelleninserat-ausschreiben\/\">Stelleninserate<\/a><\/h2>\n\n\n\n<p>Der <a href=\"https:\/\/alice.ch\/de\/dienstleistungen\/stellenmarkt\/\">Stellenmarkt auf alice.ch<\/a> bietet den umfassendsten \u00dcberblick \u00fcber offene Stellen im Bildungsbereich in der Schweiz.<\/p>\n<\/div><\/div>\n\n\n\n<div style=\"height:46px\" aria-hidden=\"true\" class=\"wp-block-spacer\"><\/div>\n\n\n\n<h2 class=\"wp-block-heading\" id=\"rabatte\">Rabatte<\/h2>\n\n\n\n<p>Als&nbsp;<a href=\"https:\/\/alice.ch\/de\/sveb\/mitgliedschaft\/mitglied-werden\/\">SVEB-Mitglied<\/a>, bei mehreren gebuchten Kan\u00e4len sowie wiederholten Schaltungen offerieren wir Ihnen Spezialkonditionen. Stellen Sie sich Ihr individuelles Werbepaket zusammen!&nbsp;<\/p>\n\n\n\n<p>Wir haben f\u00fcr jedes Budget eine passende M\u00f6glichkeit. \u00dcberzeugen Sie sich selbst oder&nbsp;<a href=\"mailto:urs.hammer@alice.ch\" target=\"_blank\" rel=\"noreferrer noopener\">kontaktieren<\/a>&nbsp;Sie uns f\u00fcr eine pers\u00f6nliche Beratung.&nbsp;<\/p>\n\n\n\n<ul class=\"wp-block-list\">\n<li>7% auf den Gesamtbetrag bei der Wahl von 2 Medien-Kan\u00e4len<\/li>\n\n\n\n<li>10% auf den Gesamtbetrag bei der Wahl von 3 Medien-Kan\u00e4len<\/li>\n\n\n\n<li>12% auf den Gesamtbetrag bei der Wahl von 4 Medien-Kan\u00e4len<\/li>\n\n\n\n<li>20% auf den Gesamtbetrag als <a href=\"https:\/\/alice.ch\/de\/sveb\/mitgliedschaft\/mitglied-werden\/\">SVEB-Mitglied<\/a><\/li>\n<\/ul>\n<\/div>\n\n\n\n<div class=\"wp-block-columns is-layout-flex wp-container-core-columns-is-layout-28f84493 wp-block-columns-is-layout-flex\">\n<div class=\"wp-block-column is-layout-flow wp-block-column-is-layout-flow\" style=\"flex-basis:50%\">\n<div class=\"wp-block-buttons is-layout-flex wp-block-buttons-is-layout-flex\">\n<div class=\"wp-block-button has-custom-width wp-block-button__width-100 is-style-outline is-style-outline--1\"><a class=\"wp-block-button__link wp-element-button\" href=\"mailto:marketing@alice.ch\">Werbepaket zusammenstellen<\/a><\/div>\n<\/div>\n<\/div>\n\n\n\n<div class=\"wp-block-column is-layout-flow wp-block-column-is-layout-flow\" style=\"flex-basis:50%\"><\/div>\n<\/div>\n\n\n\n<div class=\"wp-block-columns is-layout-flex wp-container-core-columns-is-layout-28f84493 wp-block-columns-is-layout-flex\">\n<div class=\"wp-block-column is-layout-flow wp-block-column-is-layout-flow\" style=\"flex-basis:50%\">\n<div class=\"wp-block-file\"><a id=\"wp-block-file--media-a568c03b-55e3-4344-897f-6501f463d0f8\" href=\"https:\/\/alice.ch\/app\/uploads\/2024\/11\/mediadaten-2025-sveb.pdf\">Mediadaten 2025<br \/>PDF &#8211; 2 MB<\/a><a href=\"https:\/\/alice.ch\/app\/uploads\/2024\/11\/mediadaten-2025-sveb.pdf\" class=\"wp-block-file__button wp-element-button\" download aria-describedby=\"wp-block-file--media-a568c03b-55e3-4344-897f-6501f463d0f8\">Herunterladen<br \/>PDF &#8211; 2 MB<\/a><\/div>\n<\/div>\n\n\n\n<div class=\"wp-block-column is-layout-flow wp-block-column-is-layout-flow\" style=\"flex-basis:50%\">\n<div class=\"wp-block-file\"><a id=\"wp-block-file--media-1640a770-1518-4c85-8007-ab0402ddcc0c\" href=\"https:\/\/alice.ch\/app\/uploads\/2025\/09\/sveb-mediadaten-2026.pdf\">Mediadaten 2026<br \/>PDF &#8211; 344 KB<\/a><a href=\"https:\/\/alice.ch\/app\/uploads\/2025\/09\/sveb-mediadaten-2026.pdf\" class=\"wp-block-file__button wp-element-button\" download aria-describedby=\"wp-block-file--media-1640a770-1518-4c85-8007-ab0402ddcc0c\">Herunterladen<br \/>PDF &#8211; 344 KB<\/a><\/div>\n<\/div>\n<\/div>\n\n\n\n<h2 class=\"wp-block-heading\">Kontakt<\/h2>\n\n\n\n<div class=\"wp-block-columns is-layout-flex wp-container-core-columns-is-layout-28f84493 wp-block-columns-is-layout-flex\">\n<div class=\"wp-block-column is-layout-flow wp-block-column-is-layout-flow\" style=\"flex-basis:50%\"><div class=\"contact-persons\">\n\n\t\t\t\t\t<div class=\"contact-person\">\n\t\t\t\t\tMichelle Mathys<br \/>\t\t\t\t\tVerantwortliche Marketing<br \/>\t\t\t\t\t<br \/>\n\t\t\t\t\t\t\t\t\t\t<a href=\"tel:+41 (0)44 319 71 55\">+41 (0)44 319 71 55<\/a><br \/>\t\t\t\t\t<a href=\"mailto:michelle.mathys@alice.ch\">michelle.mathys@alice.ch<\/a><br \/>\t\t\t\t\t<\/div>\n\t\t\t\t\t<\/div>\n<\/div>\n\n\n\n<div class=\"wp-block-column is-layout-flow wp-block-column-is-layout-flow\" style=\"flex-basis:50%\"><\/div>\n<\/div>\n<\/div>\n","protected":false},"excerpt":{"rendered":"<p>Erreichen Sie Ihre Zielgruppe \u00fcber unsere Werbekan\u00e4le! Mit uns erreichen Sie Ihre Zielgruppe ohne Streuverlust: Nutzen Sie f\u00fcr die Erreichung [&hellip;]<\/p>\n","protected":false},"author":4,"featured_media":20799,"parent":33,"menu_order":247,"comment_status":"closed","ping_status":"closed","template":"","meta":{"_acf_changed":false,"inline_featured_image":false,"footnotes":""},"class_list":["post-498","page","type-page","status-publish","has-post-thumbnail","hentry"],"acf":[],"yoast_head":"<!-- This site is optimized with the Yoast SEO plugin v27.3 - https:\/\/yoast.com\/product\/yoast-seo-wordpress\/ -->\n<title>Werbung platzieren - SVEB<\/title>\n<meta name=\"description\" content=\"Nutzen Sie f\u00fcr die Erreichung Ihrer Werbeziele im Bereich der Weiterbildung unsere verschiedenen Kan\u00e4le und Formate \u2013 sowohl on- wie offline!\" \/>\n<meta name=\"robots\" content=\"index, follow, max-snippet:-1, max-image-preview:large, max-video-preview:-1\" \/>\n<link rel=\"canonical\" href=\"https:\/\/alice.ch\/de\/dienstleistungen\/werbung-platzieren\/\" \/>\n<meta property=\"og:locale\" content=\"de_DE\" \/>\n<meta property=\"og:type\" content=\"article\" \/>\n<meta property=\"og:title\" content=\"Werbung platzieren - SVEB\" \/>\n<meta property=\"og:description\" content=\"Nutzen Sie f\u00fcr die Erreichung Ihrer Werbeziele im Bereich der Weiterbildung unsere verschiedenen Kan\u00e4le und Formate \u2013 sowohl on- wie offline!\" \/>\n<meta property=\"og:url\" content=\"https:\/\/alice.ch\/de\/dienstleistungen\/werbung-platzieren\/\" \/>\n<meta property=\"og:site_name\" content=\"SVEB\" \/>\n<meta property=\"article:modified_time\" content=\"2025-09-22T13:57:21+00:00\" \/>\n<meta property=\"og:image\" content=\"https:\/\/alice.ch\/app\/uploads\/2022\/10\/icon-werbung.png\" \/>\n\t<meta property=\"og:image:width\" content=\"550\" \/>\n\t<meta property=\"og:image:height\" content=\"500\" \/>\n\t<meta property=\"og:image:type\" content=\"image\/png\" \/>\n<meta name=\"twitter:card\" content=\"summary_large_image\" \/>\n<meta name=\"twitter:label1\" content=\"Gesch\u00e4tzte Lesezeit\" \/>\n\t<meta name=\"twitter:data1\" content=\"1\u00a0Minute\" \/>\n<script type=\"application\/ld+json\" class=\"yoast-schema-graph\">{\"@context\":\"https:\\\/\\\/schema.org\",\"@graph\":[{\"@type\":\"WebPage\",\"@id\":\"https:\\\/\\\/alice.ch\\\/de\\\/dienstleistungen\\\/werbung-platzieren\\\/\",\"url\":\"https:\\\/\\\/alice.ch\\\/de\\\/dienstleistungen\\\/werbung-platzieren\\\/\",\"name\":\"Werbung platzieren - SVEB\",\"isPartOf\":{\"@id\":\"https:\\\/\\\/alice.ch\\\/de\\\/#website\"},\"primaryImageOfPage\":{\"@id\":\"https:\\\/\\\/alice.ch\\\/de\\\/dienstleistungen\\\/werbung-platzieren\\\/#primaryimage\"},\"image\":{\"@id\":\"https:\\\/\\\/alice.ch\\\/de\\\/dienstleistungen\\\/werbung-platzieren\\\/#primaryimage\"},\"thumbnailUrl\":\"https:\\\/\\\/alice.ch\\\/app\\\/uploads\\\/2022\\\/11\\\/default.jpg\",\"datePublished\":\"2022-08-16T14:57:15+00:00\",\"dateModified\":\"2025-09-22T13:57:21+00:00\",\"description\":\"Nutzen Sie f\u00fcr die Erreichung Ihrer Werbeziele im Bereich der Weiterbildung unsere verschiedenen Kan\u00e4le und Formate \u2013 sowohl on- wie offline!\",\"breadcrumb\":{\"@id\":\"https:\\\/\\\/alice.ch\\\/de\\\/dienstleistungen\\\/werbung-platzieren\\\/#breadcrumb\"},\"inLanguage\":\"de\",\"potentialAction\":[{\"@type\":\"ReadAction\",\"target\":[\"https:\\\/\\\/alice.ch\\\/de\\\/dienstleistungen\\\/werbung-platzieren\\\/\"]}]},{\"@type\":\"ImageObject\",\"inLanguage\":\"de\",\"@id\":\"https:\\\/\\\/alice.ch\\\/de\\\/dienstleistungen\\\/werbung-platzieren\\\/#primaryimage\",\"url\":\"https:\\\/\\\/alice.ch\\\/app\\\/uploads\\\/2022\\\/11\\\/default.jpg\",\"contentUrl\":\"https:\\\/\\\/alice.ch\\\/app\\\/uploads\\\/2022\\\/11\\\/default.jpg\",\"width\":1600,\"height\":900},{\"@type\":\"BreadcrumbList\",\"@id\":\"https:\\\/\\\/alice.ch\\\/de\\\/dienstleistungen\\\/werbung-platzieren\\\/#breadcrumb\",\"itemListElement\":[{\"@type\":\"ListItem\",\"position\":1,\"name\":\"Startseite\",\"item\":\"https:\\\/\\\/alice.ch\\\/de\\\/\"},{\"@type\":\"ListItem\",\"position\":2,\"name\":\"Dienstleistungen\",\"item\":\"https:\\\/\\\/alice.ch\\\/de\\\/dienstleistungen\\\/\"},{\"@type\":\"ListItem\",\"position\":3,\"name\":\"Werbung platzieren\"}]},{\"@type\":\"WebSite\",\"@id\":\"https:\\\/\\\/alice.ch\\\/de\\\/#website\",\"url\":\"https:\\\/\\\/alice.ch\\\/de\\\/\",\"name\":\"alice.ch (Adult Learning Information Center) ist das Portal der Weiterbildung in der Schweiz.\",\"description\":\"Schweizerischer Verband f\u00fcr Weiterbildung\",\"publisher\":{\"@id\":\"https:\\\/\\\/alice.ch\\\/de\\\/#organization\"},\"potentialAction\":[{\"@type\":\"SearchAction\",\"target\":{\"@type\":\"EntryPoint\",\"urlTemplate\":\"https:\\\/\\\/alice.ch\\\/de\\\/?s={search_term_string}\"},\"query-input\":{\"@type\":\"PropertyValueSpecification\",\"valueRequired\":true,\"valueName\":\"search_term_string\"}}],\"inLanguage\":\"de\"},{\"@type\":\"Organization\",\"@id\":\"https:\\\/\\\/alice.ch\\\/de\\\/#organization\",\"name\":\"SVEB Schweizerischer Verband f\u00fcr Weiterbildung\",\"url\":\"https:\\\/\\\/alice.ch\\\/de\\\/\",\"logo\":{\"@type\":\"ImageObject\",\"inLanguage\":\"de\",\"@id\":\"https:\\\/\\\/alice.ch\\\/de\\\/#\\\/schema\\\/logo\\\/image\\\/\",\"url\":\"https:\\\/\\\/alice.ch\\\/app\\\/uploads\\\/2022\\\/07\\\/logo-sveb.png\",\"contentUrl\":\"https:\\\/\\\/alice.ch\\\/app\\\/uploads\\\/2022\\\/07\\\/logo-sveb.png\",\"width\":145,\"height\":64,\"caption\":\"SVEB Schweizerischer Verband f\u00fcr Weiterbildung\"},\"image\":{\"@id\":\"https:\\\/\\\/alice.ch\\\/de\\\/#\\\/schema\\\/logo\\\/image\\\/\"},\"sameAs\":[\"https:\\\/\\\/www.linkedin.com\\\/company\\\/schweizerischer-verband-fr-weiterbildung-sveb\\\/\"]}]}<\/script>\n<!-- \/ Yoast SEO plugin. -->","yoast_head_json":{"title":"Werbung platzieren - SVEB","description":"Nutzen Sie f\u00fcr die Erreichung Ihrer Werbeziele im Bereich der Weiterbildung unsere verschiedenen Kan\u00e4le und Formate \u2013 sowohl on- wie offline!","robots":{"index":"index","follow":"follow","max-snippet":"max-snippet:-1","max-image-preview":"max-image-preview:large","max-video-preview":"max-video-preview:-1"},"canonical":"https:\/\/alice.ch\/de\/dienstleistungen\/werbung-platzieren\/","og_locale":"de_DE","og_type":"article","og_title":"Werbung platzieren - SVEB","og_description":"Nutzen Sie f\u00fcr die Erreichung Ihrer Werbeziele im Bereich der Weiterbildung unsere verschiedenen Kan\u00e4le und Formate \u2013 sowohl on- wie offline!","og_url":"https:\/\/alice.ch\/de\/dienstleistungen\/werbung-platzieren\/","og_site_name":"SVEB","article_modified_time":"2025-09-22T13:57:21+00:00","og_image":[{"width":550,"height":500,"url":"https:\/\/alice.ch\/app\/uploads\/2022\/10\/icon-werbung.png","type":"image\/png"}],"twitter_card":"summary_large_image","twitter_misc":{"Gesch\u00e4tzte Lesezeit":"1\u00a0Minute"},"schema":{"@context":"https:\/\/schema.org","@graph":[{"@type":"WebPage","@id":"https:\/\/alice.ch\/de\/dienstleistungen\/werbung-platzieren\/","url":"https:\/\/alice.ch\/de\/dienstleistungen\/werbung-platzieren\/","name":"Werbung platzieren - SVEB","isPartOf":{"@id":"https:\/\/alice.ch\/de\/#website"},"primaryImageOfPage":{"@id":"https:\/\/alice.ch\/de\/dienstleistungen\/werbung-platzieren\/#primaryimage"},"image":{"@id":"https:\/\/alice.ch\/de\/dienstleistungen\/werbung-platzieren\/#primaryimage"},"thumbnailUrl":"https:\/\/alice.ch\/app\/uploads\/2022\/11\/default.jpg","datePublished":"2022-08-16T14:57:15+00:00","dateModified":"2025-09-22T13:57:21+00:00","description":"Nutzen Sie f\u00fcr die Erreichung Ihrer Werbeziele im Bereich der Weiterbildung unsere verschiedenen Kan\u00e4le und Formate \u2013 sowohl on- wie offline!","breadcrumb":{"@id":"https:\/\/alice.ch\/de\/dienstleistungen\/werbung-platzieren\/#breadcrumb"},"inLanguage":"de","potentialAction":[{"@type":"ReadAction","target":["https:\/\/alice.ch\/de\/dienstleistungen\/werbung-platzieren\/"]}]},{"@type":"ImageObject","inLanguage":"de","@id":"https:\/\/alice.ch\/de\/dienstleistungen\/werbung-platzieren\/#primaryimage","url":"https:\/\/alice.ch\/app\/uploads\/2022\/11\/default.jpg","contentUrl":"https:\/\/alice.ch\/app\/uploads\/2022\/11\/default.jpg","width":1600,"height":900},{"@type":"BreadcrumbList","@id":"https:\/\/alice.ch\/de\/dienstleistungen\/werbung-platzieren\/#breadcrumb","itemListElement":[{"@type":"ListItem","position":1,"name":"Startseite","item":"https:\/\/alice.ch\/de\/"},{"@type":"ListItem","position":2,"name":"Dienstleistungen","item":"https:\/\/alice.ch\/de\/dienstleistungen\/"},{"@type":"ListItem","position":3,"name":"Werbung platzieren"}]},{"@type":"WebSite","@id":"https:\/\/alice.ch\/de\/#website","url":"https:\/\/alice.ch\/de\/","name":"alice.ch (Adult Learning Information Center) ist das Portal der Weiterbildung in der Schweiz.","description":"Schweizerischer Verband f\u00fcr Weiterbildung","publisher":{"@id":"https:\/\/alice.ch\/de\/#organization"},"potentialAction":[{"@type":"SearchAction","target":{"@type":"EntryPoint","urlTemplate":"https:\/\/alice.ch\/de\/?s={search_term_string}"},"query-input":{"@type":"PropertyValueSpecification","valueRequired":true,"valueName":"search_term_string"}}],"inLanguage":"de"},{"@type":"Organization","@id":"https:\/\/alice.ch\/de\/#organization","name":"SVEB Schweizerischer Verband f\u00fcr Weiterbildung","url":"https:\/\/alice.ch\/de\/","logo":{"@type":"ImageObject","inLanguage":"de","@id":"https:\/\/alice.ch\/de\/#\/schema\/logo\/image\/","url":"https:\/\/alice.ch\/app\/uploads\/2022\/07\/logo-sveb.png","contentUrl":"https:\/\/alice.ch\/app\/uploads\/2022\/07\/logo-sveb.png","width":145,"height":64,"caption":"SVEB Schweizerischer Verband f\u00fcr Weiterbildung"},"image":{"@id":"https:\/\/alice.ch\/de\/#\/schema\/logo\/image\/"},"sameAs":["https:\/\/www.linkedin.com\/company\/schweizerischer-verband-fr-weiterbildung-sveb\/"]}]}},"_links":{"self":[{"href":"https:\/\/alice.ch\/de\/wp-json\/wp\/v2\/pages\/498","targetHints":{"allow":["GET"]}}],"collection":[{"href":"https:\/\/alice.ch\/de\/wp-json\/wp\/v2\/pages"}],"about":[{"href":"https:\/\/alice.ch\/de\/wp-json\/wp\/v2\/types\/page"}],"author":[{"embeddable":true,"href":"https:\/\/alice.ch\/de\/wp-json\/wp\/v2\/users\/4"}],"replies":[{"embeddable":true,"href":"https:\/\/alice.ch\/de\/wp-json\/wp\/v2\/comments?post=498"}],"version-history":[{"count":54,"href":"https:\/\/alice.ch\/de\/wp-json\/wp\/v2\/pages\/498\/revisions"}],"predecessor-version":[{"id":70568,"href":"https:\/\/alice.ch\/de\/wp-json\/wp\/v2\/pages\/498\/revisions\/70568"}],"up":[{"embeddable":true,"href":"https:\/\/alice.ch\/de\/wp-json\/wp\/v2\/pages\/33"}],"wp:featuredmedia":[{"embeddable":true,"href":"https:\/\/alice.ch\/de\/wp-json\/wp\/v2\/media\/20799"}],"wp:attachment":[{"href":"https:\/\/alice.ch\/de\/wp-json\/wp\/v2\/media?parent=498"}],"curies":[{"name":"wp","href":"https:\/\/api.w.org\/{rel}","templated":true}]}}