{"id":504,"date":"2022-08-16T16:58:41","date_gmt":"2022-08-16T14:58:41","guid":{"rendered":"https:\/\/projects.atxeit.ch\/sveb\/?page_id=504"},"modified":"2023-12-11T09:12:50","modified_gmt":"2023-12-11T08:12:50","slug":"temptraining","status":"publish","type":"page","link":"https:\/\/alice.ch\/de\/dienstleistungen\/gutscheinprojekte-des-sveb\/temptraining\/","title":{"rendered":"Temptraining"},"content":{"rendered":"\n<div class=\"wp-block-group is-style-reduced-width is-layout-flow wp-block-group-is-layout-flow\">\n<h1 class=\"wp-block-heading\">Gutschein-Projekt von Temptraining mit dem SVEB<\/h1>\n\n\n\n<h2 class=\"wp-block-heading\">Gutscheine f\u00fcr Personen ohne Berufsabschluss, die bei Tempor\u00e4rfirmen arbeiten<\/h2>\n\n\n\n<p>Im Rahmen dieses Gutschein-Projekts profitierten Tempor\u00e4rarbeitende ohne anerkannten Berufsabschluss von subventionierter Weiterbildung. Von Tempor\u00e4rfirmen ausgegebene Weiterbildungs-Gutscheine erm\u00f6glichten ihnen, ihre Kompetenzen zu erweitern und zu vertiefen. Dank Weiterbildungen und entsprechenden Nachweisen konnten sie bei einem Jobwechsel ihre F\u00e4higkeiten belegen. Und damit ihre Arbeitsmarktf\u00e4higkeit verbessern.<\/p>\n\n\n\n<h3 class=\"wp-block-heading\">Projektbeschrieb<\/h3>\n\n\n\n<p><a href=\"https:\/\/www.tempservice.ch\/de\/temptraining\/index.php\" target=\"_blank\" rel=\"noreferrer noopener\">Temptraining<\/a>, der Weiterbildungsfonds f\u00fcr Tempor\u00e4rarbeitende, wollte in Kooperation mit dem SVEB die Weiterbildungsaktivit\u00e4t von Tempor\u00e4rarbeitenden in der Schweiz erh\u00f6hen: Um geringqualifizierte Tempor\u00e4rarbeitende zur Teilnahme an einer Weiterbildung zu motivieren, wurden Weiterbildungsgutscheine im Wert von je 1000 Franken vergeben. Die Gutscheine konnten f\u00fcr entsprechende Kurse eingesetzt werden, die auf <a href=\"https:\/\/www.weiterbildung.swiss\/\" target=\"_blank\" rel=\"noreferrer noopener\">weiterbildung.swiss<\/a> ver\u00f6ffentlicht wurden. F\u00fcr das Pilotprojekt wurden insgesamt 4000 Weiterbildungsgutscheine abgegeben.<\/p>\n\n\n\n<h3 class=\"wp-block-heading\">Kursplattform<\/h3>\n\n\n\n<p>Die Kursplattform&nbsp;wurde von April 2021 bis Ende 2022 betrieben. Dort liessen sich Weiterbildungen einfach suchen, vergleichen und buchen. Damit er\u00fcbrigte sich f\u00fcr Tempor\u00e4rarbeitende ein Antragsprozess. Die Einl\u00f6sung der Gutscheine erfolgte \u00fcber das Gutscheinsystem des SVEB.<\/p>\n\n\n\n<h3 class=\"wp-block-heading\">Zielgruppe<\/h3>\n\n\n\n<p>Das Angebot richtete sich an tempor\u00e4r arbeitende Personen in der Schweiz ohne formalen Berufsabschluss.<\/p>\n\n\n\n<h3 class=\"wp-block-heading\">Partner Temptraining<\/h3>\n\n\n\n<p>2012 wurde mit dem Abschluss des Gesamtarbeitsvertrags (GAV) Personalverleih der parit\u00e4tische Weiterbildungsfonds Temptraining zur Finanzierung berufsorientierter Weiterbildungen geschaffen. Er finanziert berufsorientierte Weiterbildungen und schliesst damit die L\u00fccke in den Weiterbildungsm\u00f6glichkeiten f\u00fcr Tempor\u00e4rarbeitende.<\/p>\n\n\n\n<p>Temptraining bietet subventionierte Weiterbildung f\u00fcr Tempor\u00e4rarbeitende, die dem GAV f\u00fcr den Personalverleih unterstehen. Die operative F\u00fchrung des Weiterbildungsfonds f\u00fcr Tempor\u00e4rarbeitende liegt bei&nbsp;<a href=\"https:\/\/www.swissstaffing.ch\/de\/Home\/index.php\" target=\"_blank\" rel=\"noreferrer noopener\">swissstaffing<\/a>, dem Schweizer Verband der Personaldienstleister.<\/p>\n\n\n\n<h3 class=\"wp-block-heading\">Hintergrund<\/h3>\n\n\n\n<p>Erwerbst\u00e4tige ohne Berufsausbildung sind gem\u00e4ss einer&nbsp;<a href=\"https:\/\/www.swissstaffing.ch\/docs\/de\/Publikationen\/Studien\/2014_swissstaffing_Temporaerarbeitende_in_der_Schweiz.pdf\" target=\"_blank\" rel=\"noreferrer noopener\">Studie von swissstaffing von 2014<\/a>&nbsp;unter Tempor\u00e4rkr\u00e4ften im Vergleich zu allen Erwerbst\u00e4tigen \u00fcbervertreten. Erwachsene ohne formalen Abschluss haben in der Schweiz nur begrenzte Arbeitsmarktchancen. Weiterbildung kann ihnen den Weg in eine stabile Erwerbst\u00e4tigkeit ebnen.<\/p>\n\n\n\n<h2 class=\"wp-block-heading\">Kontakt<\/h2>\n\n\n\n<div class=\"wp-block-columns is-layout-flex wp-container-core-columns-is-layout-28f84493 wp-block-columns-is-layout-flex\">\n<div class=\"wp-block-column is-layout-flow wp-block-column-is-layout-flow\" style=\"flex-basis:50%\"><div class=\"contact-persons\">\n\n\t\t\t\t\t<div class=\"contact-person\">\n\t\t\t\t\tBirte Theiler<br \/>\t\t\t\t\tVerantwortliche Bildungsgutscheine<br \/>\t\t\t\t\t<br \/>\n\t\t\t\t\t\t\t\t\t\t<a href=\"tel:+41 (0)44 319 71 57\">+41 (0)44 319 71 57<\/a><br \/>\t\t\t\t\t<a href=\"mailto:birte.theiler@alice.ch\">birte.theiler@alice.ch<\/a><br \/>\t\t\t\t\t<\/div>\n\t\t\t\t\t<\/div>\n<\/div>\n\n\n\n<div class=\"wp-block-column is-layout-flow wp-block-column-is-layout-flow\" style=\"flex-basis:50%\"><\/div>\n<\/div>\n<\/div>\n","protected":false},"excerpt":{"rendered":"<p>Gutschein-Projekt von Temptraining mit dem SVEB Gutscheine f\u00fcr Personen ohne Berufsabschluss, die bei Tempor\u00e4rfirmen arbeiten Im Rahmen dieses Gutschein-Projekts profitierten [&hellip;]<\/p>\n","protected":false},"author":4,"featured_media":20799,"parent":494,"menu_order":227,"comment_status":"closed","ping_status":"closed","template":"","meta":{"_acf_changed":false,"inline_featured_image":false,"footnotes":""},"class_list":["post-504","page","type-page","status-publish","has-post-thumbnail","hentry"],"acf":[],"yoast_head":"<!-- This site is optimized with the Yoast SEO plugin v27.3 - https:\/\/yoast.com\/product\/yoast-seo-wordpress\/ -->\n<title>Temptraining - SVEB<\/title>\n<meta name=\"description\" content=\"Gutschein-Projekt von Temptraining mit dem SVEB: Gutscheine f\u00fcr Personen ohne Berufsabschluss, die bei Tempor\u00e4rfirmen arbeiten.\" \/>\n<meta name=\"robots\" content=\"index, follow, max-snippet:-1, max-image-preview:large, max-video-preview:-1\" \/>\n<link rel=\"canonical\" href=\"https:\/\/alice.ch\/de\/dienstleistungen\/gutscheinprojekte-des-sveb\/temptraining\/\" \/>\n<meta property=\"og:locale\" content=\"de_DE\" \/>\n<meta property=\"og:type\" content=\"article\" \/>\n<meta property=\"og:title\" content=\"Temptraining - SVEB\" \/>\n<meta property=\"og:description\" content=\"Gutschein-Projekt von Temptraining mit dem SVEB: Gutscheine f\u00fcr Personen ohne Berufsabschluss, die bei Tempor\u00e4rfirmen arbeiten.\" \/>\n<meta property=\"og:url\" content=\"https:\/\/alice.ch\/de\/dienstleistungen\/gutscheinprojekte-des-sveb\/temptraining\/\" \/>\n<meta property=\"og:site_name\" content=\"SVEB\" \/>\n<meta property=\"article:modified_time\" content=\"2023-12-11T08:12:50+00:00\" \/>\n<meta name=\"twitter:card\" content=\"summary_large_image\" \/>\n<meta name=\"twitter:label1\" content=\"Gesch\u00e4tzte Lesezeit\" \/>\n\t<meta name=\"twitter:data1\" content=\"2\u00a0Minuten\" \/>\n<script type=\"application\/ld+json\" class=\"yoast-schema-graph\">{\"@context\":\"https:\\\/\\\/schema.org\",\"@graph\":[{\"@type\":\"WebPage\",\"@id\":\"https:\\\/\\\/alice.ch\\\/de\\\/dienstleistungen\\\/gutscheinprojekte-des-sveb\\\/temptraining\\\/\",\"url\":\"https:\\\/\\\/alice.ch\\\/de\\\/dienstleistungen\\\/gutscheinprojekte-des-sveb\\\/temptraining\\\/\",\"name\":\"Temptraining - SVEB\",\"isPartOf\":{\"@id\":\"https:\\\/\\\/alice.ch\\\/de\\\/#website\"},\"primaryImageOfPage\":{\"@id\":\"https:\\\/\\\/alice.ch\\\/de\\\/dienstleistungen\\\/gutscheinprojekte-des-sveb\\\/temptraining\\\/#primaryimage\"},\"image\":{\"@id\":\"https:\\\/\\\/alice.ch\\\/de\\\/dienstleistungen\\\/gutscheinprojekte-des-sveb\\\/temptraining\\\/#primaryimage\"},\"thumbnailUrl\":\"https:\\\/\\\/alice.ch\\\/app\\\/uploads\\\/2022\\\/11\\\/default.jpg\",\"datePublished\":\"2022-08-16T14:58:41+00:00\",\"dateModified\":\"2023-12-11T08:12:50+00:00\",\"description\":\"Gutschein-Projekt von Temptraining mit dem SVEB: Gutscheine f\u00fcr Personen ohne Berufsabschluss, die bei Tempor\u00e4rfirmen arbeiten.\",\"breadcrumb\":{\"@id\":\"https:\\\/\\\/alice.ch\\\/de\\\/dienstleistungen\\\/gutscheinprojekte-des-sveb\\\/temptraining\\\/#breadcrumb\"},\"inLanguage\":\"de\",\"potentialAction\":[{\"@type\":\"ReadAction\",\"target\":[\"https:\\\/\\\/alice.ch\\\/de\\\/dienstleistungen\\\/gutscheinprojekte-des-sveb\\\/temptraining\\\/\"]}]},{\"@type\":\"ImageObject\",\"inLanguage\":\"de\",\"@id\":\"https:\\\/\\\/alice.ch\\\/de\\\/dienstleistungen\\\/gutscheinprojekte-des-sveb\\\/temptraining\\\/#primaryimage\",\"url\":\"https:\\\/\\\/alice.ch\\\/app\\\/uploads\\\/2022\\\/11\\\/default.jpg\",\"contentUrl\":\"https:\\\/\\\/alice.ch\\\/app\\\/uploads\\\/2022\\\/11\\\/default.jpg\",\"width\":1600,\"height\":900},{\"@type\":\"BreadcrumbList\",\"@id\":\"https:\\\/\\\/alice.ch\\\/de\\\/dienstleistungen\\\/gutscheinprojekte-des-sveb\\\/temptraining\\\/#breadcrumb\",\"itemListElement\":[{\"@type\":\"ListItem\",\"position\":1,\"name\":\"Startseite\",\"item\":\"https:\\\/\\\/alice.ch\\\/de\\\/\"},{\"@type\":\"ListItem\",\"position\":2,\"name\":\"Dienstleistungen\",\"item\":\"https:\\\/\\\/alice.ch\\\/de\\\/dienstleistungen\\\/\"},{\"@type\":\"ListItem\",\"position\":3,\"name\":\"Gutscheinprojekte des SVEB\",\"item\":\"https:\\\/\\\/alice.ch\\\/de\\\/dienstleistungen\\\/gutscheinprojekte-des-sveb\\\/\"},{\"@type\":\"ListItem\",\"position\":4,\"name\":\"Temptraining\"}]},{\"@type\":\"WebSite\",\"@id\":\"https:\\\/\\\/alice.ch\\\/de\\\/#website\",\"url\":\"https:\\\/\\\/alice.ch\\\/de\\\/\",\"name\":\"alice.ch (Adult Learning Information Center) ist das Portal der Weiterbildung in der Schweiz.\",\"description\":\"Schweizerischer Verband f\u00fcr Weiterbildung\",\"publisher\":{\"@id\":\"https:\\\/\\\/alice.ch\\\/de\\\/#organization\"},\"potentialAction\":[{\"@type\":\"SearchAction\",\"target\":{\"@type\":\"EntryPoint\",\"urlTemplate\":\"https:\\\/\\\/alice.ch\\\/de\\\/?s={search_term_string}\"},\"query-input\":{\"@type\":\"PropertyValueSpecification\",\"valueRequired\":true,\"valueName\":\"search_term_string\"}}],\"inLanguage\":\"de\"},{\"@type\":\"Organization\",\"@id\":\"https:\\\/\\\/alice.ch\\\/de\\\/#organization\",\"name\":\"SVEB Schweizerischer Verband f\u00fcr Weiterbildung\",\"url\":\"https:\\\/\\\/alice.ch\\\/de\\\/\",\"logo\":{\"@type\":\"ImageObject\",\"inLanguage\":\"de\",\"@id\":\"https:\\\/\\\/alice.ch\\\/de\\\/#\\\/schema\\\/logo\\\/image\\\/\",\"url\":\"https:\\\/\\\/alice.ch\\\/app\\\/uploads\\\/2022\\\/07\\\/logo-sveb.png\",\"contentUrl\":\"https:\\\/\\\/alice.ch\\\/app\\\/uploads\\\/2022\\\/07\\\/logo-sveb.png\",\"width\":145,\"height\":64,\"caption\":\"SVEB Schweizerischer Verband f\u00fcr Weiterbildung\"},\"image\":{\"@id\":\"https:\\\/\\\/alice.ch\\\/de\\\/#\\\/schema\\\/logo\\\/image\\\/\"},\"sameAs\":[\"https:\\\/\\\/www.linkedin.com\\\/company\\\/schweizerischer-verband-fr-weiterbildung-sveb\\\/\"]}]}<\/script>\n<!-- \/ Yoast SEO plugin. -->","yoast_head_json":{"title":"Temptraining - SVEB","description":"Gutschein-Projekt von Temptraining mit dem SVEB: Gutscheine f\u00fcr Personen ohne Berufsabschluss, die bei Tempor\u00e4rfirmen arbeiten.","robots":{"index":"index","follow":"follow","max-snippet":"max-snippet:-1","max-image-preview":"max-image-preview:large","max-video-preview":"max-video-preview:-1"},"canonical":"https:\/\/alice.ch\/de\/dienstleistungen\/gutscheinprojekte-des-sveb\/temptraining\/","og_locale":"de_DE","og_type":"article","og_title":"Temptraining - SVEB","og_description":"Gutschein-Projekt von Temptraining mit dem SVEB: Gutscheine f\u00fcr Personen ohne Berufsabschluss, die bei Tempor\u00e4rfirmen arbeiten.","og_url":"https:\/\/alice.ch\/de\/dienstleistungen\/gutscheinprojekte-des-sveb\/temptraining\/","og_site_name":"SVEB","article_modified_time":"2023-12-11T08:12:50+00:00","twitter_card":"summary_large_image","twitter_misc":{"Gesch\u00e4tzte Lesezeit":"2\u00a0Minuten"},"schema":{"@context":"https:\/\/schema.org","@graph":[{"@type":"WebPage","@id":"https:\/\/alice.ch\/de\/dienstleistungen\/gutscheinprojekte-des-sveb\/temptraining\/","url":"https:\/\/alice.ch\/de\/dienstleistungen\/gutscheinprojekte-des-sveb\/temptraining\/","name":"Temptraining - SVEB","isPartOf":{"@id":"https:\/\/alice.ch\/de\/#website"},"primaryImageOfPage":{"@id":"https:\/\/alice.ch\/de\/dienstleistungen\/gutscheinprojekte-des-sveb\/temptraining\/#primaryimage"},"image":{"@id":"https:\/\/alice.ch\/de\/dienstleistungen\/gutscheinprojekte-des-sveb\/temptraining\/#primaryimage"},"thumbnailUrl":"https:\/\/alice.ch\/app\/uploads\/2022\/11\/default.jpg","datePublished":"2022-08-16T14:58:41+00:00","dateModified":"2023-12-11T08:12:50+00:00","description":"Gutschein-Projekt von Temptraining mit dem SVEB: Gutscheine f\u00fcr Personen ohne Berufsabschluss, die bei Tempor\u00e4rfirmen arbeiten.","breadcrumb":{"@id":"https:\/\/alice.ch\/de\/dienstleistungen\/gutscheinprojekte-des-sveb\/temptraining\/#breadcrumb"},"inLanguage":"de","potentialAction":[{"@type":"ReadAction","target":["https:\/\/alice.ch\/de\/dienstleistungen\/gutscheinprojekte-des-sveb\/temptraining\/"]}]},{"@type":"ImageObject","inLanguage":"de","@id":"https:\/\/alice.ch\/de\/dienstleistungen\/gutscheinprojekte-des-sveb\/temptraining\/#primaryimage","url":"https:\/\/alice.ch\/app\/uploads\/2022\/11\/default.jpg","contentUrl":"https:\/\/alice.ch\/app\/uploads\/2022\/11\/default.jpg","width":1600,"height":900},{"@type":"BreadcrumbList","@id":"https:\/\/alice.ch\/de\/dienstleistungen\/gutscheinprojekte-des-sveb\/temptraining\/#breadcrumb","itemListElement":[{"@type":"ListItem","position":1,"name":"Startseite","item":"https:\/\/alice.ch\/de\/"},{"@type":"ListItem","position":2,"name":"Dienstleistungen","item":"https:\/\/alice.ch\/de\/dienstleistungen\/"},{"@type":"ListItem","position":3,"name":"Gutscheinprojekte des SVEB","item":"https:\/\/alice.ch\/de\/dienstleistungen\/gutscheinprojekte-des-sveb\/"},{"@type":"ListItem","position":4,"name":"Temptraining"}]},{"@type":"WebSite","@id":"https:\/\/alice.ch\/de\/#website","url":"https:\/\/alice.ch\/de\/","name":"alice.ch (Adult Learning Information Center) ist das Portal der Weiterbildung in der Schweiz.","description":"Schweizerischer Verband f\u00fcr Weiterbildung","publisher":{"@id":"https:\/\/alice.ch\/de\/#organization"},"potentialAction":[{"@type":"SearchAction","target":{"@type":"EntryPoint","urlTemplate":"https:\/\/alice.ch\/de\/?s={search_term_string}"},"query-input":{"@type":"PropertyValueSpecification","valueRequired":true,"valueName":"search_term_string"}}],"inLanguage":"de"},{"@type":"Organization","@id":"https:\/\/alice.ch\/de\/#organization","name":"SVEB Schweizerischer Verband f\u00fcr Weiterbildung","url":"https:\/\/alice.ch\/de\/","logo":{"@type":"ImageObject","inLanguage":"de","@id":"https:\/\/alice.ch\/de\/#\/schema\/logo\/image\/","url":"https:\/\/alice.ch\/app\/uploads\/2022\/07\/logo-sveb.png","contentUrl":"https:\/\/alice.ch\/app\/uploads\/2022\/07\/logo-sveb.png","width":145,"height":64,"caption":"SVEB Schweizerischer Verband f\u00fcr Weiterbildung"},"image":{"@id":"https:\/\/alice.ch\/de\/#\/schema\/logo\/image\/"},"sameAs":["https:\/\/www.linkedin.com\/company\/schweizerischer-verband-fr-weiterbildung-sveb\/"]}]}},"_links":{"self":[{"href":"https:\/\/alice.ch\/de\/wp-json\/wp\/v2\/pages\/504","targetHints":{"allow":["GET"]}}],"collection":[{"href":"https:\/\/alice.ch\/de\/wp-json\/wp\/v2\/pages"}],"about":[{"href":"https:\/\/alice.ch\/de\/wp-json\/wp\/v2\/types\/page"}],"author":[{"embeddable":true,"href":"https:\/\/alice.ch\/de\/wp-json\/wp\/v2\/users\/4"}],"replies":[{"embeddable":true,"href":"https:\/\/alice.ch\/de\/wp-json\/wp\/v2\/comments?post=504"}],"version-history":[{"count":24,"href":"https:\/\/alice.ch\/de\/wp-json\/wp\/v2\/pages\/504\/revisions"}],"predecessor-version":[{"id":56691,"href":"https:\/\/alice.ch\/de\/wp-json\/wp\/v2\/pages\/504\/revisions\/56691"}],"up":[{"embeddable":true,"href":"https:\/\/alice.ch\/de\/wp-json\/wp\/v2\/pages\/494"}],"wp:featuredmedia":[{"embeddable":true,"href":"https:\/\/alice.ch\/de\/wp-json\/wp\/v2\/media\/20799"}],"wp:attachment":[{"href":"https:\/\/alice.ch\/de\/wp-json\/wp\/v2\/media?parent=504"}],"curies":[{"name":"wp","href":"https:\/\/api.w.org\/{rel}","templated":true}]}}