{"id":507,"date":"2022-08-16T16:59:10","date_gmt":"2022-08-16T14:59:10","guid":{"rendered":"https:\/\/projects.atxeit.ch\/sveb\/?page_id=507"},"modified":"2023-12-15T09:38:13","modified_gmt":"2023-12-15T08:38:13","slug":"schweizer-berghilfe","status":"publish","type":"page","link":"https:\/\/alice.ch\/de\/dienstleistungen\/gutscheinprojekte-des-sveb\/schweizer-berghilfe\/","title":{"rendered":"Schweizer Berghilfe"},"content":{"rendered":"\n<div class=\"wp-block-group is-style-reduced-width is-layout-flow wp-block-group-is-layout-flow\">\n<h1 class=\"wp-block-heading\">Programm mit der Schweizer Berghilfe<\/h1>\n\n\n\n<h2 class=\"wp-block-heading\">Unterst\u00fctzung f\u00fcr die Digitalisierung von KMU in&nbsp;Bergregionen<\/h2>\n\n\n\n<p>Die Stiftung&nbsp;<a href=\"https:\/\/www.berghilfe.ch\/\" target=\"_blank\" rel=\"noreferrer noopener\">Schweizer Berghilfe<\/a>&nbsp;subventionierte Weiterbildungen mit Bezug zur Digitalisierung f\u00fcr Personen in Bergregionen.&nbsp;Wer in einem Klein- oder Kleinstbetrieb in einer Bergregion arbeitete, konnte von einer 50%-Erm\u00e4ssigung beim Besuch eines Kurses im Bereich Digitalisierung profitieren. Pro Person und Jahr wurden maximal 5&#8217;000 Franken \u00fcbernommen.<\/p>\n\n\n\n<h2 class=\"wp-block-heading\">Programmbeschrieb<\/h2>\n\n\n\n<p>Mit diesem Programm f\u00f6rderten der Schweizerische Verband f\u00fcr Weiterbildung SVEB und die Schweizer Berghilfe von Oktober 2018 bis Ende 2023 gemeinsam die digitale Weiterbildung und Transformation im Berggebiet. Die Finanzierung erfolgte ausschliesslich durch Sammelaktionen und\u00a0Spendengelder\u00a0der Schweizer Berghilfe.<\/p>\n\n\n\n<h2 class=\"wp-block-heading\">Kursplattform<\/h2>\n\n\n\n<p>Die&nbsp;Kosten\u00fcbernahme von 50%&nbsp;galt f\u00fcr \u00fcber 12&#8217;000 Weiterbildungen, die auf der vom SVEB betriebenen Kursplattform&nbsp;aufgeschaltet waren. Das Angebot umfasste Kurse von Anbietern aus der ganzen Schweiz \u2013 von Online-Marketing, \u00fcber den Erwerb technischer Kenntnisse bis zu Management-Wissen.<\/p>\n\n\n\n<h2 class=\"wp-block-heading\">Zielgruppe<\/h2>\n\n\n\n<p>Teilnahmeberechtigt waren Mitarbeitende von Unternehmen aus Schweizer Berggebieten in der&nbsp;Bergzone 2 oder h\u00f6her&nbsp;mit weniger als 50 Vollzeitstellen.<\/p>\n\n\n\n<h2 class=\"wp-block-heading\">Hintergrund<\/h2>\n\n\n\n<p>Firmen und Betriebe in Berggebieten sollten auch von den Chancen der Digitalisierung profitieren k\u00f6nnen. Oftmals sind f\u00fcr sie dabei aber die Weiterbildungskosten eine H\u00fcrde. Das Programm sollte helfen, wenn Kleinunternehmen bei digitalen Weiterbildungen an finanzielle Grenzen stossen.<\/p>\n\n\n\n<div class=\"wp-block-columns is-layout-flex wp-container-core-columns-is-layout-28f84493 wp-block-columns-is-layout-flex\">\n<div class=\"wp-block-column is-layout-flow wp-block-column-is-layout-flow\">\n<h3 class=\"wp-block-heading\">Beispiele, wie KMU profitierten<\/h3>\n\n\n\n<figure class=\"wp-block-embed is-type-video is-provider-youtube wp-block-embed-youtube wp-embed-aspect-16-9 wp-has-aspect-ratio\"><div class=\"wp-block-embed__wrapper\">\n<iframe title=\"Weiterbildung Digitalisierung: Drei Beispiele\" width=\"500\" height=\"281\" src=\"https:\/\/www.youtube.com\/embed\/QeWhXEJFluI?feature=oembed\" frameborder=\"0\" allow=\"accelerometer; autoplay; clipboard-write; encrypted-media; gyroscope; picture-in-picture; web-share\" referrerpolicy=\"strict-origin-when-cross-origin\" allowfullscreen><\/iframe>\n<\/div><figcaption class=\"wp-element-caption\">Beispiele, wie KMU profitieren<\/figcaption><\/figure>\n<\/div>\n\n\n\n<div class=\"wp-block-column is-layout-flow wp-block-column-is-layout-flow\"><\/div>\n<\/div>\n\n\n\n<h2 class=\"wp-block-heading\">Kontakt<\/h2>\n\n\n\n<div class=\"wp-block-columns is-layout-flex wp-container-core-columns-is-layout-28f84493 wp-block-columns-is-layout-flex\">\n<div class=\"wp-block-column is-layout-flow wp-block-column-is-layout-flow\" style=\"flex-basis:50%\"><div class=\"contact-persons\">\n\n\t\t\t\t\t<div class=\"contact-person\">\n\t\t\t\t\tBirte Theiler<br \/>\t\t\t\t\tVerantwortliche Bildungsgutscheine<br \/>\t\t\t\t\t<br \/>\n\t\t\t\t\t\t\t\t\t\t<a href=\"tel:+41 (0)44 319 71 57\">+41 (0)44 319 71 57<\/a><br \/>\t\t\t\t\t<a href=\"mailto:birte.theiler@alice.ch\">birte.theiler@alice.ch<\/a><br \/>\t\t\t\t\t<\/div>\n\t\t\t\t\t<\/div>\n<\/div>\n\n\n\n<div class=\"wp-block-column is-layout-flow wp-block-column-is-layout-flow\" style=\"flex-basis:50%\"><\/div>\n<\/div>\n<\/div>\n","protected":false},"excerpt":{"rendered":"<p>Programm mit der Schweizer Berghilfe Unterst\u00fctzung f\u00fcr die Digitalisierung von KMU in&nbsp;Bergregionen Die Stiftung&nbsp;Schweizer Berghilfe&nbsp;subventionierte Weiterbildungen mit Bezug zur Digitalisierung [&hellip;]<\/p>\n","protected":false},"author":4,"featured_media":20799,"parent":494,"menu_order":282,"comment_status":"closed","ping_status":"closed","template":"","meta":{"_acf_changed":false,"inline_featured_image":false,"footnotes":""},"class_list":["post-507","page","type-page","status-publish","has-post-thumbnail","hentry"],"acf":[],"yoast_head":"<!-- This site is optimized with the Yoast SEO plugin v27.3 - https:\/\/yoast.com\/product\/yoast-seo-wordpress\/ -->\n<title>Schweizer Berghilfe - SVEB<\/title>\n<meta name=\"description\" content=\"Unterst\u00fctzung f\u00fcr die Digitalisierung von KMU in\u00a0Bergregionen: Programmbeschrieb, Kursplattform, Zielgruppe, Hintergrund\" \/>\n<meta name=\"robots\" content=\"index, follow, max-snippet:-1, max-image-preview:large, max-video-preview:-1\" \/>\n<link rel=\"canonical\" href=\"https:\/\/alice.ch\/de\/dienstleistungen\/gutscheinprojekte-des-sveb\/schweizer-berghilfe\/\" \/>\n<meta property=\"og:locale\" content=\"de_DE\" \/>\n<meta property=\"og:type\" content=\"article\" \/>\n<meta property=\"og:title\" content=\"Schweizer Berghilfe - SVEB\" \/>\n<meta property=\"og:description\" content=\"Unterst\u00fctzung f\u00fcr die Digitalisierung von KMU in\u00a0Bergregionen: Programmbeschrieb, Kursplattform, Zielgruppe, Hintergrund\" \/>\n<meta property=\"og:url\" content=\"https:\/\/alice.ch\/de\/dienstleistungen\/gutscheinprojekte-des-sveb\/schweizer-berghilfe\/\" \/>\n<meta property=\"og:site_name\" content=\"SVEB\" \/>\n<meta property=\"article:modified_time\" content=\"2023-12-15T08:38:13+00:00\" \/>\n<meta name=\"twitter:card\" content=\"summary_large_image\" \/>\n<meta name=\"twitter:label1\" content=\"Gesch\u00e4tzte Lesezeit\" \/>\n\t<meta name=\"twitter:data1\" content=\"2\u00a0Minuten\" \/>\n<script type=\"application\/ld+json\" class=\"yoast-schema-graph\">{\"@context\":\"https:\\\/\\\/schema.org\",\"@graph\":[{\"@type\":\"WebPage\",\"@id\":\"https:\\\/\\\/alice.ch\\\/de\\\/dienstleistungen\\\/gutscheinprojekte-des-sveb\\\/schweizer-berghilfe\\\/\",\"url\":\"https:\\\/\\\/alice.ch\\\/de\\\/dienstleistungen\\\/gutscheinprojekte-des-sveb\\\/schweizer-berghilfe\\\/\",\"name\":\"Schweizer Berghilfe - SVEB\",\"isPartOf\":{\"@id\":\"https:\\\/\\\/alice.ch\\\/de\\\/#website\"},\"primaryImageOfPage\":{\"@id\":\"https:\\\/\\\/alice.ch\\\/de\\\/dienstleistungen\\\/gutscheinprojekte-des-sveb\\\/schweizer-berghilfe\\\/#primaryimage\"},\"image\":{\"@id\":\"https:\\\/\\\/alice.ch\\\/de\\\/dienstleistungen\\\/gutscheinprojekte-des-sveb\\\/schweizer-berghilfe\\\/#primaryimage\"},\"thumbnailUrl\":\"https:\\\/\\\/alice.ch\\\/app\\\/uploads\\\/2022\\\/11\\\/default.jpg\",\"datePublished\":\"2022-08-16T14:59:10+00:00\",\"dateModified\":\"2023-12-15T08:38:13+00:00\",\"description\":\"Unterst\u00fctzung f\u00fcr die Digitalisierung von KMU in\u00a0Bergregionen: Programmbeschrieb, Kursplattform, Zielgruppe, Hintergrund\",\"breadcrumb\":{\"@id\":\"https:\\\/\\\/alice.ch\\\/de\\\/dienstleistungen\\\/gutscheinprojekte-des-sveb\\\/schweizer-berghilfe\\\/#breadcrumb\"},\"inLanguage\":\"de\",\"potentialAction\":[{\"@type\":\"ReadAction\",\"target\":[\"https:\\\/\\\/alice.ch\\\/de\\\/dienstleistungen\\\/gutscheinprojekte-des-sveb\\\/schweizer-berghilfe\\\/\"]}]},{\"@type\":\"ImageObject\",\"inLanguage\":\"de\",\"@id\":\"https:\\\/\\\/alice.ch\\\/de\\\/dienstleistungen\\\/gutscheinprojekte-des-sveb\\\/schweizer-berghilfe\\\/#primaryimage\",\"url\":\"https:\\\/\\\/alice.ch\\\/app\\\/uploads\\\/2022\\\/11\\\/default.jpg\",\"contentUrl\":\"https:\\\/\\\/alice.ch\\\/app\\\/uploads\\\/2022\\\/11\\\/default.jpg\",\"width\":1600,\"height\":900},{\"@type\":\"BreadcrumbList\",\"@id\":\"https:\\\/\\\/alice.ch\\\/de\\\/dienstleistungen\\\/gutscheinprojekte-des-sveb\\\/schweizer-berghilfe\\\/#breadcrumb\",\"itemListElement\":[{\"@type\":\"ListItem\",\"position\":1,\"name\":\"Startseite\",\"item\":\"https:\\\/\\\/alice.ch\\\/de\\\/\"},{\"@type\":\"ListItem\",\"position\":2,\"name\":\"Dienstleistungen\",\"item\":\"https:\\\/\\\/alice.ch\\\/de\\\/dienstleistungen\\\/\"},{\"@type\":\"ListItem\",\"position\":3,\"name\":\"Gutscheinprojekte des SVEB\",\"item\":\"https:\\\/\\\/alice.ch\\\/de\\\/dienstleistungen\\\/gutscheinprojekte-des-sveb\\\/\"},{\"@type\":\"ListItem\",\"position\":4,\"name\":\"Schweizer Berghilfe\"}]},{\"@type\":\"WebSite\",\"@id\":\"https:\\\/\\\/alice.ch\\\/de\\\/#website\",\"url\":\"https:\\\/\\\/alice.ch\\\/de\\\/\",\"name\":\"alice.ch (Adult Learning Information Center) ist das Portal der Weiterbildung in der Schweiz.\",\"description\":\"Schweizerischer Verband f\u00fcr Weiterbildung\",\"publisher\":{\"@id\":\"https:\\\/\\\/alice.ch\\\/de\\\/#organization\"},\"potentialAction\":[{\"@type\":\"SearchAction\",\"target\":{\"@type\":\"EntryPoint\",\"urlTemplate\":\"https:\\\/\\\/alice.ch\\\/de\\\/?s={search_term_string}\"},\"query-input\":{\"@type\":\"PropertyValueSpecification\",\"valueRequired\":true,\"valueName\":\"search_term_string\"}}],\"inLanguage\":\"de\"},{\"@type\":\"Organization\",\"@id\":\"https:\\\/\\\/alice.ch\\\/de\\\/#organization\",\"name\":\"SVEB Schweizerischer Verband f\u00fcr Weiterbildung\",\"url\":\"https:\\\/\\\/alice.ch\\\/de\\\/\",\"logo\":{\"@type\":\"ImageObject\",\"inLanguage\":\"de\",\"@id\":\"https:\\\/\\\/alice.ch\\\/de\\\/#\\\/schema\\\/logo\\\/image\\\/\",\"url\":\"https:\\\/\\\/alice.ch\\\/app\\\/uploads\\\/2022\\\/07\\\/logo-sveb.png\",\"contentUrl\":\"https:\\\/\\\/alice.ch\\\/app\\\/uploads\\\/2022\\\/07\\\/logo-sveb.png\",\"width\":145,\"height\":64,\"caption\":\"SVEB Schweizerischer Verband f\u00fcr Weiterbildung\"},\"image\":{\"@id\":\"https:\\\/\\\/alice.ch\\\/de\\\/#\\\/schema\\\/logo\\\/image\\\/\"},\"sameAs\":[\"https:\\\/\\\/www.linkedin.com\\\/company\\\/schweizerischer-verband-fr-weiterbildung-sveb\\\/\"]}]}<\/script>\n<!-- \/ Yoast SEO plugin. -->","yoast_head_json":{"title":"Schweizer Berghilfe - SVEB","description":"Unterst\u00fctzung f\u00fcr die Digitalisierung von KMU in\u00a0Bergregionen: Programmbeschrieb, Kursplattform, Zielgruppe, Hintergrund","robots":{"index":"index","follow":"follow","max-snippet":"max-snippet:-1","max-image-preview":"max-image-preview:large","max-video-preview":"max-video-preview:-1"},"canonical":"https:\/\/alice.ch\/de\/dienstleistungen\/gutscheinprojekte-des-sveb\/schweizer-berghilfe\/","og_locale":"de_DE","og_type":"article","og_title":"Schweizer Berghilfe - SVEB","og_description":"Unterst\u00fctzung f\u00fcr die Digitalisierung von KMU in\u00a0Bergregionen: Programmbeschrieb, Kursplattform, Zielgruppe, Hintergrund","og_url":"https:\/\/alice.ch\/de\/dienstleistungen\/gutscheinprojekte-des-sveb\/schweizer-berghilfe\/","og_site_name":"SVEB","article_modified_time":"2023-12-15T08:38:13+00:00","twitter_card":"summary_large_image","twitter_misc":{"Gesch\u00e4tzte Lesezeit":"2\u00a0Minuten"},"schema":{"@context":"https:\/\/schema.org","@graph":[{"@type":"WebPage","@id":"https:\/\/alice.ch\/de\/dienstleistungen\/gutscheinprojekte-des-sveb\/schweizer-berghilfe\/","url":"https:\/\/alice.ch\/de\/dienstleistungen\/gutscheinprojekte-des-sveb\/schweizer-berghilfe\/","name":"Schweizer Berghilfe - SVEB","isPartOf":{"@id":"https:\/\/alice.ch\/de\/#website"},"primaryImageOfPage":{"@id":"https:\/\/alice.ch\/de\/dienstleistungen\/gutscheinprojekte-des-sveb\/schweizer-berghilfe\/#primaryimage"},"image":{"@id":"https:\/\/alice.ch\/de\/dienstleistungen\/gutscheinprojekte-des-sveb\/schweizer-berghilfe\/#primaryimage"},"thumbnailUrl":"https:\/\/alice.ch\/app\/uploads\/2022\/11\/default.jpg","datePublished":"2022-08-16T14:59:10+00:00","dateModified":"2023-12-15T08:38:13+00:00","description":"Unterst\u00fctzung f\u00fcr die Digitalisierung von KMU in\u00a0Bergregionen: Programmbeschrieb, Kursplattform, Zielgruppe, Hintergrund","breadcrumb":{"@id":"https:\/\/alice.ch\/de\/dienstleistungen\/gutscheinprojekte-des-sveb\/schweizer-berghilfe\/#breadcrumb"},"inLanguage":"de","potentialAction":[{"@type":"ReadAction","target":["https:\/\/alice.ch\/de\/dienstleistungen\/gutscheinprojekte-des-sveb\/schweizer-berghilfe\/"]}]},{"@type":"ImageObject","inLanguage":"de","@id":"https:\/\/alice.ch\/de\/dienstleistungen\/gutscheinprojekte-des-sveb\/schweizer-berghilfe\/#primaryimage","url":"https:\/\/alice.ch\/app\/uploads\/2022\/11\/default.jpg","contentUrl":"https:\/\/alice.ch\/app\/uploads\/2022\/11\/default.jpg","width":1600,"height":900},{"@type":"BreadcrumbList","@id":"https:\/\/alice.ch\/de\/dienstleistungen\/gutscheinprojekte-des-sveb\/schweizer-berghilfe\/#breadcrumb","itemListElement":[{"@type":"ListItem","position":1,"name":"Startseite","item":"https:\/\/alice.ch\/de\/"},{"@type":"ListItem","position":2,"name":"Dienstleistungen","item":"https:\/\/alice.ch\/de\/dienstleistungen\/"},{"@type":"ListItem","position":3,"name":"Gutscheinprojekte des SVEB","item":"https:\/\/alice.ch\/de\/dienstleistungen\/gutscheinprojekte-des-sveb\/"},{"@type":"ListItem","position":4,"name":"Schweizer Berghilfe"}]},{"@type":"WebSite","@id":"https:\/\/alice.ch\/de\/#website","url":"https:\/\/alice.ch\/de\/","name":"alice.ch (Adult Learning Information Center) ist das Portal der Weiterbildung in der Schweiz.","description":"Schweizerischer Verband f\u00fcr Weiterbildung","publisher":{"@id":"https:\/\/alice.ch\/de\/#organization"},"potentialAction":[{"@type":"SearchAction","target":{"@type":"EntryPoint","urlTemplate":"https:\/\/alice.ch\/de\/?s={search_term_string}"},"query-input":{"@type":"PropertyValueSpecification","valueRequired":true,"valueName":"search_term_string"}}],"inLanguage":"de"},{"@type":"Organization","@id":"https:\/\/alice.ch\/de\/#organization","name":"SVEB Schweizerischer Verband f\u00fcr Weiterbildung","url":"https:\/\/alice.ch\/de\/","logo":{"@type":"ImageObject","inLanguage":"de","@id":"https:\/\/alice.ch\/de\/#\/schema\/logo\/image\/","url":"https:\/\/alice.ch\/app\/uploads\/2022\/07\/logo-sveb.png","contentUrl":"https:\/\/alice.ch\/app\/uploads\/2022\/07\/logo-sveb.png","width":145,"height":64,"caption":"SVEB Schweizerischer Verband f\u00fcr Weiterbildung"},"image":{"@id":"https:\/\/alice.ch\/de\/#\/schema\/logo\/image\/"},"sameAs":["https:\/\/www.linkedin.com\/company\/schweizerischer-verband-fr-weiterbildung-sveb\/"]}]}},"_links":{"self":[{"href":"https:\/\/alice.ch\/de\/wp-json\/wp\/v2\/pages\/507","targetHints":{"allow":["GET"]}}],"collection":[{"href":"https:\/\/alice.ch\/de\/wp-json\/wp\/v2\/pages"}],"about":[{"href":"https:\/\/alice.ch\/de\/wp-json\/wp\/v2\/types\/page"}],"author":[{"embeddable":true,"href":"https:\/\/alice.ch\/de\/wp-json\/wp\/v2\/users\/4"}],"replies":[{"embeddable":true,"href":"https:\/\/alice.ch\/de\/wp-json\/wp\/v2\/comments?post=507"}],"version-history":[{"count":21,"href":"https:\/\/alice.ch\/de\/wp-json\/wp\/v2\/pages\/507\/revisions"}],"predecessor-version":[{"id":56907,"href":"https:\/\/alice.ch\/de\/wp-json\/wp\/v2\/pages\/507\/revisions\/56907"}],"up":[{"embeddable":true,"href":"https:\/\/alice.ch\/de\/wp-json\/wp\/v2\/pages\/494"}],"wp:featuredmedia":[{"embeddable":true,"href":"https:\/\/alice.ch\/de\/wp-json\/wp\/v2\/media\/20799"}],"wp:attachment":[{"href":"https:\/\/alice.ch\/de\/wp-json\/wp\/v2\/media?parent=507"}],"curies":[{"name":"wp","href":"https:\/\/api.w.org\/{rel}","templated":true}]}}