{"id":513,"date":"2022-08-16T16:59:46","date_gmt":"2022-08-16T14:59:46","guid":{"rendered":"https:\/\/projects.atxeit.ch\/sveb\/?page_id=513"},"modified":"2024-11-05T08:48:46","modified_gmt":"2024-11-05T07:48:46","slug":"kanton-luzern","status":"publish","type":"page","link":"https:\/\/alice.ch\/de\/dienstleistungen\/gutscheinprojekte-des-sveb\/kanton-luzern\/","title":{"rendered":"Kanton Luzern"},"content":{"rendered":"\n<div class=\"wp-block-group is-style-reduced-width is-layout-flow wp-block-group-is-layout-flow\">\n<h1 class=\"wp-block-heading\">Gutscheinprojekt im Kanton Luzern<\/h1>\n\n\n\n<h2 class=\"wp-block-heading\">Gutscheine f\u00fcr Personen mit geringen Grundkompetenzen<\/h2>\n\n\n\n<p>Im Kanton Luzern k\u00f6nnen Personen mit unzureichenden Grundkompetenzen online selbst einen Weiterbildungsgutschein herunterladen und diesen bei einem Kursanbieter einl\u00f6sen. Der Prozess ist einfach und niederschwellig gehalten. F\u00fcr einen Gutschein ist jede Person berechtigt, die zu einer Selbstdeklaration online bereit ist und den Kriterien des Projekts entspricht.<\/p>\n\n\n\n<h3 class=\"wp-block-heading\">Projektbeschrieb<\/h3>\n\n\n\n<p>Der Kanton Luzern unterst\u00fctzt Menschen dabei, ihre F\u00e4higkeiten im Lesen, Schreiben, Rechnen und Bedienen eines Computers zu verbessern. Deshalb vergibt er Gutscheine f\u00fcr Kurse in Grundkompetenzen. Ein Gutschein hat den Wert von 500 Franken. Personen, die mindestens 60% der Kurslektionen besucht haben, k\u00f6nnen ab Juni 2021 im selben Jahr noch einen zweiten Gutschein im Wert von 500 Franken beziehen.<\/p>\n\n\n\n<h3 class=\"wp-block-heading\">Kursplattform<\/h3>\n\n\n\n<p>Die Gutscheine k\u00f6nnen auf der Website&nbsp;<a href=\"https:\/\/www.besser-jetzt.ch\/kanton_luzern_einstieg.cfm\" target=\"_blank\" rel=\"noreferrer noopener\">besser-jetzt.ch\/luzern<\/a> heruntergeladen und ausgedruckt werden. Auf der Website finden sich auch alle Kursangebote, f\u00fcr die der Gutschein g\u00fcltig ist. Die Gutschein-Administration liegt beim SVEB: Er r\u00fcckerstattet den Kursanbietern den Gutschein und stellt dem Kanton Luzern die validierten Gutscheinbetr\u00e4ge monatlich in Rechnung.<\/p>\n\n\n\n<h3 class=\"wp-block-heading\">Zielgruppe<\/h3>\n\n\n\n<p>Angesprochen sind grunds\u00e4tzlich Personen mit geringen Grundkompetenzen. Dazu geh\u00f6ren Menschen ohne Berufsabschluss oder beispielsweise aus dem Niedriglohnsegment mit mangelndem Anschluss an die modernen digitalen Technologien, aber auch Erwachsene mit Migrationshintergrund.<\/p>\n\n\n\n<p>Teilnehmen k\u00f6nnen:<\/p>\n\n\n\n<ul class=\"wp-block-list\">\n<li>erwerbsf\u00e4hige Personen im Alter von 18 bis 65 Jahren,<\/li>\n\n\n\n<li>die sich in deutscher Sprache verst\u00e4ndigen k\u00f6nnen (Sprachniveau ab A2),<\/li>\n\n\n\n<li>im Kanton Luzern wohnhaft sind,<\/li>\n\n\n\n<li>sich nicht in einer Ausbildung auf Sekundarstufe II befinden (Berufslehre, Br\u00fcckenangebot).<\/li>\n<\/ul>\n\n\n\n<h3 class=\"wp-block-heading\">Partner<\/h3>\n\n\n\n<p>Das Projekt wurde vom Kanton Luzern in Kooperation mit dem&nbsp;<a href=\"https:\/\/alice.ch\/de\/sveb\/\">Schweizerischen Verband f\u00fcr Weiterbildung SVEB<\/a>&nbsp;und dem&nbsp;<a href=\"https:\/\/www.lesen-schreiben-schweiz.ch\/\" target=\"_blank\" rel=\"noreferrer noopener\">Schweizer Dachverband Lesen und Schreiben<\/a>&nbsp;entwickelt. \u00dcber die kantonale Website&nbsp;<a href=\"https:\/\/www.besser-jetzt.ch\/kanton_luzern_einstieg.cfm\" target=\"_blank\" rel=\"noreferrer noopener\">besser-jetzt.ch\/luzern<\/a>&nbsp;wurden Synergien mit der nationalen Kampagne&nbsp;<a href=\"https:\/\/www.besser-jetzt.ch\/\" target=\"_blank\" rel=\"noreferrer noopener\">\u00abEinfach besser! &#8230; Lesen, Schreiben, Rechnen, Computer\u00bb<\/a>&nbsp;geschaffen.<\/p>\n\n\n\n<h3 class=\"wp-block-heading\">Hintergrund<\/h3>\n\n\n\n<p>Gem\u00e4ss Sch\u00e4tzungen leben im Kanton Luzern rund 45&#8217;000 Erwachsene mit mangelnden Grundkompetenzen. Ihnen hilft der Kanton Luzern mit den Bildungsgutscheinen. Daf\u00fcr hat er das Kursangebot zusammen mit dem kantonalen&nbsp;<a href=\"https:\/\/wbz.lu.ch\/\" target=\"_blank\" rel=\"noreferrer noopener\">Weiterbildungszentrum WBZ<\/a>&nbsp;in Sursee und privaten Anbietern ausgebaut.<\/p>\n\n\n\n<h3 class=\"wp-block-heading\">Projektstart<\/h3>\n\n\n\n<p>Der Kanton Luzern gibt seit September 2020 Gutscheine f\u00fcr Kurse in Bereich der Grundkompetenzen aus. Er will damit die Arbeitsmarktf\u00e4higkeit (Employability) der Zielgruppe verbessern. Employability meint die F\u00e4higkeit, sich in den Arbeitsmarkt zu (re-)integrieren und mit dem sich wandelnden Arbeitsmarkt Schritt halten zu k\u00f6nnen.<\/p>\n\n\n\n<h3 class=\"wp-block-heading\">Evaluation<\/h3>\n\n\n\n<p>Der Einsatz von Bildungsgutscheinen im Bereich Grundkompetenzen wurde im Zeitraum November 2020 bis einschliesslich Ende 2022 wiederholt evaluiert. Ziel war die Qualit\u00e4tssicherung sowie die Wirkung des Gutscheinsystems zu untersuchen. Die letzte Evaluation zeigt unter anderem, dass mit der Vergabe von Bildungsgutscheinen die Zahl der angebotenen Grundkompetenzkurse im Kanton Luzern markant gesteigert werden konnte.<\/p>\n\n\n\n<div class=\"wp-block-columns is-layout-flex wp-container-core-columns-is-layout-28f84493 wp-block-columns-is-layout-flex\">\n<div class=\"wp-block-column is-layout-flow wp-block-column-is-layout-flow\" style=\"flex-basis:50%\">\n<div class=\"wp-block-file\"><a id=\"wp-block-file--media-af67301b-1eff-4ed2-b7fb-32d3b01f6398\" href=\"https:\/\/alice.ch\/app\/uploads\/2024\/11\/Evaluationsbericht-GKE-Luzern_2023.pdf\">Evaluationsbericht 2023<br \/>PDF &#8211; 670 KB<\/a><a href=\"https:\/\/alice.ch\/app\/uploads\/2024\/11\/Evaluationsbericht-GKE-Luzern_2023.pdf\" class=\"wp-block-file__button wp-element-button\" download aria-describedby=\"wp-block-file--media-af67301b-1eff-4ed2-b7fb-32d3b01f6398\">Herunterladen<br \/>PDF &#8211; 670 KB<\/a><\/div>\n\n\n\n<div class=\"wp-block-buttons is-layout-flex wp-block-buttons-is-layout-flex\">\n<div class=\"wp-block-button has-custom-width wp-block-button__width-100 is-style-outline is-style-outline--1\"><a class=\"wp-block-button__link wp-element-button\" href=\"https:\/\/www.besser-jetzt.ch\/kurssuche.cfm?page=kanton_landing&amp;kanton=12\" target=\"_blank\" rel=\"noreferrer noopener\">zu den Gutscheinen<\/a><\/div>\n<\/div>\n<\/div>\n\n\n\n<div class=\"wp-block-column is-layout-flow wp-block-column-is-layout-flow\" style=\"flex-basis:50%\">\n<div class=\"wp-block-file\"><a id=\"wp-block-file--media-61ddf3d9-83a7-4c40-86bc-57bc18647677\" href=\"https:\/\/alice.ch\/app\/uploads\/2023\/08\/Evaluation_Bildungsgutscheine_2022.pdf\" target=\"_blank\" rel=\"noreferrer noopener\">Evaluationsbericht 2022<br \/>PDF &#8211; 1.015 KB<\/a><a href=\"https:\/\/alice.ch\/app\/uploads\/2023\/08\/Evaluation_Bildungsgutscheine_2022.pdf\" class=\"wp-block-file__button wp-element-button\" download aria-describedby=\"wp-block-file--media-61ddf3d9-83a7-4c40-86bc-57bc18647677\">Herunterladen<br \/>PDF &#8211; 1.015 KB<\/a><\/div>\n<\/div>\n<\/div>\n\n\n\n<h2 class=\"wp-block-heading\">Kontakt<\/h2>\n\n\n\n<div class=\"wp-block-columns is-layout-flex wp-container-core-columns-is-layout-28f84493 wp-block-columns-is-layout-flex\">\n<div class=\"wp-block-column is-layout-flow wp-block-column-is-layout-flow\" style=\"flex-basis:50%\"><div class=\"contact-persons\">\n\n\t\t\t\t\t<div class=\"contact-person\">\n\t\t\t\t\tBirte Theiler<br \/>\t\t\t\t\tVerantwortliche Bildungsgutscheine<br \/>\t\t\t\t\t<br \/>\n\t\t\t\t\t\t\t\t\t\t<a href=\"tel:+41 (0)44 319 71 57\">+41 (0)44 319 71 57<\/a><br \/>\t\t\t\t\t<a href=\"mailto:birte.theiler@alice.ch\">birte.theiler@alice.ch<\/a><br \/>\t\t\t\t\t<\/div>\n\t\t\t\t\t<\/div>\n<\/div>\n\n\n\n<div class=\"wp-block-column is-layout-flow wp-block-column-is-layout-flow\" style=\"flex-basis:50%\"><\/div>\n<\/div>\n<\/div>\n","protected":false},"excerpt":{"rendered":"<p>Gutscheinprojekt im Kanton Luzern Gutscheine f\u00fcr Personen mit geringen Grundkompetenzen Im Kanton Luzern k\u00f6nnen Personen mit unzureichenden Grundkompetenzen online selbst [&hellip;]<\/p>\n","protected":false},"author":4,"featured_media":20799,"parent":494,"menu_order":136,"comment_status":"closed","ping_status":"closed","template":"","meta":{"_acf_changed":false,"inline_featured_image":false,"footnotes":""},"class_list":["post-513","page","type-page","status-publish","has-post-thumbnail","hentry"],"acf":[],"yoast_head":"<!-- This site is optimized with the Yoast SEO plugin v27.3 - https:\/\/yoast.com\/product\/yoast-seo-wordpress\/ -->\n<title>Kanton Luzern - SVEB<\/title>\n<meta name=\"description\" content=\"Wer kann von den Weiterbildungsgutscheinen profitieren, wie viel sind sie wert und wo k\u00f6nnen sie bezogen werden. Erfahren Sie hier mehr dazu.\" \/>\n<meta name=\"robots\" content=\"index, follow, max-snippet:-1, max-image-preview:large, max-video-preview:-1\" \/>\n<link rel=\"canonical\" href=\"https:\/\/alice.ch\/de\/dienstleistungen\/gutscheinprojekte-des-sveb\/kanton-luzern\/\" \/>\n<meta property=\"og:locale\" content=\"de_DE\" \/>\n<meta property=\"og:type\" content=\"article\" \/>\n<meta property=\"og:title\" content=\"Kanton Luzern - SVEB\" \/>\n<meta property=\"og:description\" content=\"Wer kann von den Weiterbildungsgutscheinen profitieren, wie viel sind sie wert und wo k\u00f6nnen sie bezogen werden. Erfahren Sie hier mehr dazu.\" \/>\n<meta property=\"og:url\" content=\"https:\/\/alice.ch\/de\/dienstleistungen\/gutscheinprojekte-des-sveb\/kanton-luzern\/\" \/>\n<meta property=\"og:site_name\" content=\"SVEB\" \/>\n<meta property=\"article:modified_time\" content=\"2024-11-05T07:48:46+00:00\" \/>\n<meta name=\"twitter:card\" content=\"summary_large_image\" \/>\n<meta name=\"twitter:label1\" content=\"Gesch\u00e4tzte Lesezeit\" \/>\n\t<meta name=\"twitter:data1\" content=\"3\u00a0Minuten\" \/>\n<script type=\"application\/ld+json\" class=\"yoast-schema-graph\">{\"@context\":\"https:\\\/\\\/schema.org\",\"@graph\":[{\"@type\":\"WebPage\",\"@id\":\"https:\\\/\\\/alice.ch\\\/de\\\/dienstleistungen\\\/gutscheinprojekte-des-sveb\\\/kanton-luzern\\\/\",\"url\":\"https:\\\/\\\/alice.ch\\\/de\\\/dienstleistungen\\\/gutscheinprojekte-des-sveb\\\/kanton-luzern\\\/\",\"name\":\"Kanton Luzern - SVEB\",\"isPartOf\":{\"@id\":\"https:\\\/\\\/alice.ch\\\/de\\\/#website\"},\"primaryImageOfPage\":{\"@id\":\"https:\\\/\\\/alice.ch\\\/de\\\/dienstleistungen\\\/gutscheinprojekte-des-sveb\\\/kanton-luzern\\\/#primaryimage\"},\"image\":{\"@id\":\"https:\\\/\\\/alice.ch\\\/de\\\/dienstleistungen\\\/gutscheinprojekte-des-sveb\\\/kanton-luzern\\\/#primaryimage\"},\"thumbnailUrl\":\"https:\\\/\\\/alice.ch\\\/app\\\/uploads\\\/2022\\\/11\\\/default.jpg\",\"datePublished\":\"2022-08-16T14:59:46+00:00\",\"dateModified\":\"2024-11-05T07:48:46+00:00\",\"description\":\"Wer kann von den Weiterbildungsgutscheinen profitieren, wie viel sind sie wert und wo k\u00f6nnen sie bezogen werden. Erfahren Sie hier mehr dazu.\",\"breadcrumb\":{\"@id\":\"https:\\\/\\\/alice.ch\\\/de\\\/dienstleistungen\\\/gutscheinprojekte-des-sveb\\\/kanton-luzern\\\/#breadcrumb\"},\"inLanguage\":\"de\",\"potentialAction\":[{\"@type\":\"ReadAction\",\"target\":[\"https:\\\/\\\/alice.ch\\\/de\\\/dienstleistungen\\\/gutscheinprojekte-des-sveb\\\/kanton-luzern\\\/\"]}]},{\"@type\":\"ImageObject\",\"inLanguage\":\"de\",\"@id\":\"https:\\\/\\\/alice.ch\\\/de\\\/dienstleistungen\\\/gutscheinprojekte-des-sveb\\\/kanton-luzern\\\/#primaryimage\",\"url\":\"https:\\\/\\\/alice.ch\\\/app\\\/uploads\\\/2022\\\/11\\\/default.jpg\",\"contentUrl\":\"https:\\\/\\\/alice.ch\\\/app\\\/uploads\\\/2022\\\/11\\\/default.jpg\",\"width\":1600,\"height\":900},{\"@type\":\"BreadcrumbList\",\"@id\":\"https:\\\/\\\/alice.ch\\\/de\\\/dienstleistungen\\\/gutscheinprojekte-des-sveb\\\/kanton-luzern\\\/#breadcrumb\",\"itemListElement\":[{\"@type\":\"ListItem\",\"position\":1,\"name\":\"Startseite\",\"item\":\"https:\\\/\\\/alice.ch\\\/de\\\/\"},{\"@type\":\"ListItem\",\"position\":2,\"name\":\"Dienstleistungen\",\"item\":\"https:\\\/\\\/alice.ch\\\/de\\\/dienstleistungen\\\/\"},{\"@type\":\"ListItem\",\"position\":3,\"name\":\"Gutscheinprojekte des SVEB\",\"item\":\"https:\\\/\\\/alice.ch\\\/de\\\/dienstleistungen\\\/gutscheinprojekte-des-sveb\\\/\"},{\"@type\":\"ListItem\",\"position\":4,\"name\":\"Kanton Luzern\"}]},{\"@type\":\"WebSite\",\"@id\":\"https:\\\/\\\/alice.ch\\\/de\\\/#website\",\"url\":\"https:\\\/\\\/alice.ch\\\/de\\\/\",\"name\":\"alice.ch (Adult Learning Information Center) ist das Portal der Weiterbildung in der Schweiz.\",\"description\":\"Schweizerischer Verband f\u00fcr Weiterbildung\",\"publisher\":{\"@id\":\"https:\\\/\\\/alice.ch\\\/de\\\/#organization\"},\"potentialAction\":[{\"@type\":\"SearchAction\",\"target\":{\"@type\":\"EntryPoint\",\"urlTemplate\":\"https:\\\/\\\/alice.ch\\\/de\\\/?s={search_term_string}\"},\"query-input\":{\"@type\":\"PropertyValueSpecification\",\"valueRequired\":true,\"valueName\":\"search_term_string\"}}],\"inLanguage\":\"de\"},{\"@type\":\"Organization\",\"@id\":\"https:\\\/\\\/alice.ch\\\/de\\\/#organization\",\"name\":\"SVEB Schweizerischer Verband f\u00fcr Weiterbildung\",\"url\":\"https:\\\/\\\/alice.ch\\\/de\\\/\",\"logo\":{\"@type\":\"ImageObject\",\"inLanguage\":\"de\",\"@id\":\"https:\\\/\\\/alice.ch\\\/de\\\/#\\\/schema\\\/logo\\\/image\\\/\",\"url\":\"https:\\\/\\\/alice.ch\\\/app\\\/uploads\\\/2022\\\/07\\\/logo-sveb.png\",\"contentUrl\":\"https:\\\/\\\/alice.ch\\\/app\\\/uploads\\\/2022\\\/07\\\/logo-sveb.png\",\"width\":145,\"height\":64,\"caption\":\"SVEB Schweizerischer Verband f\u00fcr Weiterbildung\"},\"image\":{\"@id\":\"https:\\\/\\\/alice.ch\\\/de\\\/#\\\/schema\\\/logo\\\/image\\\/\"},\"sameAs\":[\"https:\\\/\\\/www.linkedin.com\\\/company\\\/schweizerischer-verband-fr-weiterbildung-sveb\\\/\"]}]}<\/script>\n<!-- \/ Yoast SEO plugin. -->","yoast_head_json":{"title":"Kanton Luzern - SVEB","description":"Wer kann von den Weiterbildungsgutscheinen profitieren, wie viel sind sie wert und wo k\u00f6nnen sie bezogen werden. Erfahren Sie hier mehr dazu.","robots":{"index":"index","follow":"follow","max-snippet":"max-snippet:-1","max-image-preview":"max-image-preview:large","max-video-preview":"max-video-preview:-1"},"canonical":"https:\/\/alice.ch\/de\/dienstleistungen\/gutscheinprojekte-des-sveb\/kanton-luzern\/","og_locale":"de_DE","og_type":"article","og_title":"Kanton Luzern - SVEB","og_description":"Wer kann von den Weiterbildungsgutscheinen profitieren, wie viel sind sie wert und wo k\u00f6nnen sie bezogen werden. Erfahren Sie hier mehr dazu.","og_url":"https:\/\/alice.ch\/de\/dienstleistungen\/gutscheinprojekte-des-sveb\/kanton-luzern\/","og_site_name":"SVEB","article_modified_time":"2024-11-05T07:48:46+00:00","twitter_card":"summary_large_image","twitter_misc":{"Gesch\u00e4tzte Lesezeit":"3\u00a0Minuten"},"schema":{"@context":"https:\/\/schema.org","@graph":[{"@type":"WebPage","@id":"https:\/\/alice.ch\/de\/dienstleistungen\/gutscheinprojekte-des-sveb\/kanton-luzern\/","url":"https:\/\/alice.ch\/de\/dienstleistungen\/gutscheinprojekte-des-sveb\/kanton-luzern\/","name":"Kanton Luzern - SVEB","isPartOf":{"@id":"https:\/\/alice.ch\/de\/#website"},"primaryImageOfPage":{"@id":"https:\/\/alice.ch\/de\/dienstleistungen\/gutscheinprojekte-des-sveb\/kanton-luzern\/#primaryimage"},"image":{"@id":"https:\/\/alice.ch\/de\/dienstleistungen\/gutscheinprojekte-des-sveb\/kanton-luzern\/#primaryimage"},"thumbnailUrl":"https:\/\/alice.ch\/app\/uploads\/2022\/11\/default.jpg","datePublished":"2022-08-16T14:59:46+00:00","dateModified":"2024-11-05T07:48:46+00:00","description":"Wer kann von den Weiterbildungsgutscheinen profitieren, wie viel sind sie wert und wo k\u00f6nnen sie bezogen werden. Erfahren Sie hier mehr dazu.","breadcrumb":{"@id":"https:\/\/alice.ch\/de\/dienstleistungen\/gutscheinprojekte-des-sveb\/kanton-luzern\/#breadcrumb"},"inLanguage":"de","potentialAction":[{"@type":"ReadAction","target":["https:\/\/alice.ch\/de\/dienstleistungen\/gutscheinprojekte-des-sveb\/kanton-luzern\/"]}]},{"@type":"ImageObject","inLanguage":"de","@id":"https:\/\/alice.ch\/de\/dienstleistungen\/gutscheinprojekte-des-sveb\/kanton-luzern\/#primaryimage","url":"https:\/\/alice.ch\/app\/uploads\/2022\/11\/default.jpg","contentUrl":"https:\/\/alice.ch\/app\/uploads\/2022\/11\/default.jpg","width":1600,"height":900},{"@type":"BreadcrumbList","@id":"https:\/\/alice.ch\/de\/dienstleistungen\/gutscheinprojekte-des-sveb\/kanton-luzern\/#breadcrumb","itemListElement":[{"@type":"ListItem","position":1,"name":"Startseite","item":"https:\/\/alice.ch\/de\/"},{"@type":"ListItem","position":2,"name":"Dienstleistungen","item":"https:\/\/alice.ch\/de\/dienstleistungen\/"},{"@type":"ListItem","position":3,"name":"Gutscheinprojekte des SVEB","item":"https:\/\/alice.ch\/de\/dienstleistungen\/gutscheinprojekte-des-sveb\/"},{"@type":"ListItem","position":4,"name":"Kanton Luzern"}]},{"@type":"WebSite","@id":"https:\/\/alice.ch\/de\/#website","url":"https:\/\/alice.ch\/de\/","name":"alice.ch (Adult Learning Information Center) ist das Portal der Weiterbildung in der Schweiz.","description":"Schweizerischer Verband f\u00fcr Weiterbildung","publisher":{"@id":"https:\/\/alice.ch\/de\/#organization"},"potentialAction":[{"@type":"SearchAction","target":{"@type":"EntryPoint","urlTemplate":"https:\/\/alice.ch\/de\/?s={search_term_string}"},"query-input":{"@type":"PropertyValueSpecification","valueRequired":true,"valueName":"search_term_string"}}],"inLanguage":"de"},{"@type":"Organization","@id":"https:\/\/alice.ch\/de\/#organization","name":"SVEB Schweizerischer Verband f\u00fcr Weiterbildung","url":"https:\/\/alice.ch\/de\/","logo":{"@type":"ImageObject","inLanguage":"de","@id":"https:\/\/alice.ch\/de\/#\/schema\/logo\/image\/","url":"https:\/\/alice.ch\/app\/uploads\/2022\/07\/logo-sveb.png","contentUrl":"https:\/\/alice.ch\/app\/uploads\/2022\/07\/logo-sveb.png","width":145,"height":64,"caption":"SVEB Schweizerischer Verband f\u00fcr Weiterbildung"},"image":{"@id":"https:\/\/alice.ch\/de\/#\/schema\/logo\/image\/"},"sameAs":["https:\/\/www.linkedin.com\/company\/schweizerischer-verband-fr-weiterbildung-sveb\/"]}]}},"_links":{"self":[{"href":"https:\/\/alice.ch\/de\/wp-json\/wp\/v2\/pages\/513","targetHints":{"allow":["GET"]}}],"collection":[{"href":"https:\/\/alice.ch\/de\/wp-json\/wp\/v2\/pages"}],"about":[{"href":"https:\/\/alice.ch\/de\/wp-json\/wp\/v2\/types\/page"}],"author":[{"embeddable":true,"href":"https:\/\/alice.ch\/de\/wp-json\/wp\/v2\/users\/4"}],"replies":[{"embeddable":true,"href":"https:\/\/alice.ch\/de\/wp-json\/wp\/v2\/comments?post=513"}],"version-history":[{"count":18,"href":"https:\/\/alice.ch\/de\/wp-json\/wp\/v2\/pages\/513\/revisions"}],"predecessor-version":[{"id":63637,"href":"https:\/\/alice.ch\/de\/wp-json\/wp\/v2\/pages\/513\/revisions\/63637"}],"up":[{"embeddable":true,"href":"https:\/\/alice.ch\/de\/wp-json\/wp\/v2\/pages\/494"}],"wp:featuredmedia":[{"embeddable":true,"href":"https:\/\/alice.ch\/de\/wp-json\/wp\/v2\/media\/20799"}],"wp:attachment":[{"href":"https:\/\/alice.ch\/de\/wp-json\/wp\/v2\/media?parent=513"}],"curies":[{"name":"wp","href":"https:\/\/api.w.org\/{rel}","templated":true}]}}