{"id":51987,"date":"2023-06-25T17:46:32","date_gmt":"2023-06-25T15:46:32","guid":{"rendered":"https:\/\/alice.ch\/?page_id=51987"},"modified":"2025-01-27T14:07:25","modified_gmt":"2025-01-27T13:07:25","slug":"weiterbildung-nachhaltige-entwicklung","status":"publish","type":"page","link":"https:\/\/alice.ch\/de\/themen\/weiterbildung-nachhaltige-entwicklung\/","title":{"rendered":"Weiterbildung nachhaltige Entwicklung"},"content":{"rendered":"\n<div class=\"wp-block-group is-layout-constrained wp-block-group-is-layout-constrained\">\n<div class=\"wp-block-group is-style-reduced-width is-layout-constrained wp-block-group-is-layout-constrained\">\n<div class=\"wp-block-group is-style-default is-layout-flow wp-block-group-is-layout-flow\">\n<h1 class=\"wp-block-heading\">Weiterbildung f\u00fcr eine nachhaltige Entwicklung<\/h1>\n\n\n\n<p class=\"is-style-lead\">Der SVEB sieht einen grossen Bedarf, die Rolle der Weiterbildung im Bereich Nachhaltigkeit zu st\u00e4rken. Zur Bew\u00e4ltigung von globalen und nationalen Herausforderungen wie Klimakrise, soziale Ungleichheit oder politische Unsicherheiten ist es zentral, dass die breite erwachsene Bev\u00f6lkerung in der Schweiz \u00fcber entsprechende Kompetenzen in \u00d6kologie, \u00d6konomie und sozialen Themen verf\u00fcgt. Der SVEB setzt sich in der Schweiz und international f\u00fcr die F\u00f6rderung von Nachhaltigkeitskompetenzen von Erwachsenen ein.&nbsp;&nbsp;<\/p>\n\n\n\n<h2 class=\"wp-block-heading\">Schwerpunktthema Nachhaltigkeit<\/h2>\n\n\n\n<p>Der SVEB orientiert sich am offiziellen Nachhaltigkeitsverst\u00e4ndnis der Schweiz. Der Begriff Nachhaltigkeit bezieht sich auf \u00f6kologische Verantwortung, gesellschaftliche Solidarit\u00e4t und wirtschaftliche Leistungsf\u00e4higkeit.<\/p>\n\n\n\n<h3 class=\"wp-block-heading\">Bildung f\u00fcr nachhaltige Entwicklung<\/h3>\n\n\n\n<p>Um einen Beitrag zur nachhaltigen Entwicklung leisten zu k\u00f6nnen, sind entsprechende Kompetenzen n\u00f6tig. In verschiedenen nationalen und internationalen Projekten f\u00f6rdert der SVEB die Nachhaltigkeitskompetenzen \u2013 beispielsweise Klimakompetenzen \u2013 von Erwachsenen.&nbsp;<\/p>\n\n\n\n<p>Der SVEB f\u00fchrt die folgenden Projekte zur F\u00f6rderung von Klimakompetenzen von Erwachsenen durch:&nbsp;<\/p>\n\n\n\n<div class=\"wp-block-buttons is-layout-flex wp-block-buttons-is-layout-flex\">\n<div class=\"wp-block-button has-custom-width wp-block-button__width-100 is-style-minimal\"><a class=\"wp-block-button__link wp-element-button\" href=\"https:\/\/alice.ch\/de\/project\/ale4tt-advocacy-for-twin-transition\/\" target=\"_blank\" rel=\"noreferrer noopener\">Projekt ALE4TT (Advocacy for Twin Transition)<\/a><\/div>\n\n\n\n<div class=\"wp-block-button has-custom-width wp-block-button__width-100 is-style-minimal\"><a class=\"wp-block-button__link wp-element-button\" href=\"https:\/\/alice.ch\/de\/project\/klimabildung\/\" target=\"_blank\" rel=\"noreferrer noopener\">Erster Bericht zur Klimabildung von Erwachsenen in der Schweiz<\/a><\/div>\n\n\n\n<div class=\"wp-block-button has-custom-width wp-block-button__width-100 is-style-minimal\"><a class=\"wp-block-button__link wp-element-button\" href=\"https:\/\/alice.ch\/de\/project\/quid-pro-quo\/\" target=\"_blank\" rel=\"noreferrer noopener\">Calendar for Climate Change<\/a><\/div>\n<\/div>\n\n\n\n<p>Der Ansatz der transformativen Bildung erh\u00e4lt aktuell viel Beachtung im Zusammenhang mit Nachhaltigkeitsthemen. Der SVEB besch\u00e4ftigt sich in zwei Projekten mit transformativen Lernprozessen:&nbsp;&nbsp;<\/p>\n\n\n\n<div class=\"wp-block-buttons is-layout-flex wp-block-buttons-is-layout-flex\">\n<div class=\"wp-block-button has-custom-width wp-block-button__width-100 is-style-minimal\"><a class=\"wp-block-button__link wp-element-button\" href=\"https:\/\/alice.ch\/de\/project\/tale\/\">TALE (Transformative Adult Learning for Green Transition)<\/a><\/div>\n\n\n\n<div class=\"wp-block-button has-custom-width wp-block-button__width-100 is-style-minimal\"><a class=\"wp-block-button__link wp-element-button\" href=\"https:\/\/alice.ch\/de\/project\/bildung\/\">BILDUNG<\/a><\/div>\n<\/div>\n\n\n\n<h3 class=\"wp-block-heading\">Nachhaltigkeit bei Weiterbildungsorganisationen<\/h3>\n\n\n\n<p>Der SVEB unterst\u00fctzt Weiterbildungsorganisationen in der Reflexion und der nachhaltigen Gestaltung der eigenen Institution. Weiterbildungsinstitutionen sollen zu Lernorten von Nachhaltigkeit werden \u2013 nicht nur f\u00fcr die Teilnehmenden, sondern auch f\u00fcr die Mitarbeitenden. Der SVEB f\u00f6rdert Nachhaltigkeit in Weiterbildungsinstitutionen aktuell mit den folgenden Projekten:&nbsp;&nbsp;&nbsp;<\/p>\n\n\n\n<div class=\"wp-block-buttons is-layout-flex wp-block-buttons-is-layout-flex\">\n<div class=\"wp-block-button has-custom-width wp-block-button__width-100 is-style-minimal\"><a class=\"wp-block-button__link wp-element-button\" href=\"https:\/\/alice.ch\/de\/project\/klima-check\/\">Klima-Check<\/a><\/div>\n\n\n\n<div class=\"wp-block-button has-custom-width wp-block-button__width-100 is-style-minimal\"><a class=\"wp-block-button__link wp-element-button\" href=\"https:\/\/alice.ch\/de\/project\/klimakompetenzen\/\" target=\"_blank\" rel=\"noreferrer noopener\">Mobilit\u00e4tsprojekt \u00abKlimakompetenzen\u00bb<\/a><\/div>\n<\/div>\n\n\n\n<h3 class=\"wp-block-heading\">Nachhaltigkeit im globalen Kontext<\/h3>\n\n\n\n<p>Auf internationaler Ebene wird die Bedeutung der Erwachsenenbildung f\u00fcr die nachhaltige Entwicklung stark betont. Sowohl die neue europ\u00e4ische Agenda der Erwachsenenbildung der EU als auch die Internationale Konferenz zur Erwachsenenbildung (CONFINTEA VII) setzen einen Fokus auf das Thema Nachhaltigkeit. Das \u00fcbergeordnete Ziel auf internationaler Ebene ist die Verankerung der nachhaltigen Bildung im non-formalen Bildungsbereich.&nbsp;<\/p>\n\n\n\n<div class=\"wp-block-buttons is-layout-flex wp-block-buttons-is-layout-flex\">\n<div class=\"wp-block-button has-custom-width wp-block-button__width-100 is-style-minimal\"><a class=\"wp-block-button__link wp-element-button\" href=\"https:\/\/www.agenda-erwachsenenbildung.de\/die-agenda\" target=\"_blank\" rel=\"noreferrer noopener\">Europ\u00e4ische Agenda Erwachsenenbildung<\/a><\/div>\n\n\n\n<div class=\"wp-block-button has-custom-width wp-block-button__width-100 is-style-minimal\"><a class=\"wp-block-button__link wp-element-button\" href=\"https:\/\/alice.ch\/de\/themen\/weiterbildung-international\/strategien\/confintea-vii\/\">CONFINTEA VII <\/a><\/div>\n<\/div>\n\n\n\n<h2 class=\"wp-block-heading\">Weitere Publikationen<\/h2>\n\n\n\n<p>Die <a href=\"https:\/\/alice.ch\/de\/aktuell\/zeitschrift-education-permanente\/\">Fachzeitschrift Education Permanente<\/a> widmete 2024 dem Thema Nachhaltigkeit in der Weiterbildung eine Ausgabe.<\/p>\n\n\n\n\t\n\t<div class=\"publication-item\">\n\t\t<div class=\"image\">\n\t\t\t<img decoding=\"async\" width=\"939\" height=\"1293\" src=\"https:\/\/alice.ch\/app\/uploads\/2024\/12\/cover-education-permanente-24-2-d.png\" class=\"attachment-post-thumbnail size-post-thumbnail wp-post-image\" alt=\"\" srcset=\"https:\/\/alice.ch\/app\/uploads\/2024\/12\/cover-education-permanente-24-2-d.png 939w, https:\/\/alice.ch\/app\/uploads\/2024\/12\/cover-education-permanente-24-2-d-218x300.png 218w, https:\/\/alice.ch\/app\/uploads\/2024\/12\/cover-education-permanente-24-2-d-744x1024.png 744w, https:\/\/alice.ch\/app\/uploads\/2024\/12\/cover-education-permanente-24-2-d-768x1058.png 768w\" sizes=\"(max-width: 939px) 100vw, 939px\" \/>\t\t<\/div>\n\n\t\t<div class=\"content\">\n\t\t\t<h3>Education Permanente 24-2 \u2013 Nachhaltigkeit<\/h3>\n\t\t\t<div class=\"description\"><p>In der Ausgabe 2024-2 setzt sich die Fachzeitschrift Education Permanente (EP) mit dem Thema Nachhaltigkeit auseinander. Die Beitr\u00e4ge gehen der Frage nach, wie Nachhaltigkeit im Kontext der Erwachsenenbildung verstanden wird, welche Konzepte zur Verf\u00fcgung stehen und wie diese sinnvoll genutzt werden k\u00f6nnen.<\/p>\n<p>Lesen Sie die EP auch digital:\u00a0<a href=\"https:\/\/www.ep-web.ch\/de\/archiv\/n2-2024\" target=\"_blank\" rel=\"noopener\">ep-web.ch<\/a>.<\/p>\n<\/div>\n\n\t\t\t<div class=\"meta\">\n\t\t\t\t<ul>\n\t\t\t\t\t\t\t\t\t\t\t<li><strong>Preis:<\/strong> 25.00 CHF (Preis f\u00fcr Mitglieder: 20.00 CHF)<\/li>\n\t\t\t\t\t\n\t\t\t\t\t\t\t\t\t\t\t<li><strong>Herausgeber:<\/strong> SVEB<\/li>\n\t\t\t\t\t\n\t\t\t\t\t\n\t\t\t\t\t\t\t\t\t\t\t<li><strong>Vertrieb:<\/strong> SVEB, 132 Seiten<\/li>\n\t\t\t\t\t\n\t\t\t\t\t\n\t\t\t\t\t\n\t\t\t\t\t\t\t\t\t<\/ul>\n\n\t\t\t\t<ul class=\"actions\">\n\t\t\t\t\t\n\t\t\t\t\t\t\t\t\t\t\t<li><a class=\"button\" href=\"https:\/\/alice.ch\/de\/order-de\/?pub-id=64973\">Publikation bestellen<\/a><\/li>\n\t\t\t\t\t\t\t\t\t<\/ul>\n\t\t\t<\/div>\n\t\t<\/div>\n\n\n\t<\/div>\n\n\n\t\n\n\n<h2 class=\"wp-block-heading\">Kontakt<\/h2>\n<\/div>\n<\/div>\n<\/div>\n\n\n\n<div class=\"wp-block-group is-style-reduced-width is-layout-flow wp-block-group-is-layout-flow\">\n<div class=\"wp-block-columns is-layout-flex wp-container-core-columns-is-layout-28f84493 wp-block-columns-is-layout-flex\">\n<div class=\"wp-block-column is-layout-flow wp-block-column-is-layout-flow\" style=\"flex-basis:50%\"><div class=\"contact-persons\">\n\n\t\t\t\t\t<div class=\"contact-person\">\n\t\t\t\t\tMarianne M\u00fcller<br \/>\t\t\t\t\tProjektleiterin Forschung und Internationales<br \/>\t\t\t\t\t<br \/>\n\t\t\t\t\t\t\t\t\t\t<a href=\"tel:+41 (0)44 319 71 67\">+41 (0)44 319 71 67<\/a><br \/>\t\t\t\t\t<a href=\"mailto:marianne.mueller@alice.ch\">marianne.mueller@alice.ch<\/a><br \/>\t\t\t\t\t<\/div>\n\t\t\t\t\t<\/div>\n<\/div>\n\n\n\n<div class=\"wp-block-column is-layout-flow wp-block-column-is-layout-flow\" style=\"flex-basis:50%\"><\/div>\n<\/div>\n<\/div>\n\n\n\n<p><\/p>\n","protected":false},"excerpt":{"rendered":"<p>Weiterbildung f\u00fcr eine nachhaltige Entwicklung Der SVEB sieht einen grossen Bedarf, die Rolle der Weiterbildung im Bereich Nachhaltigkeit zu st\u00e4rken. [&hellip;]<\/p>\n","protected":false},"author":5,"featured_media":20799,"parent":23,"menu_order":122,"comment_status":"closed","ping_status":"closed","template":"","meta":{"_acf_changed":false,"inline_featured_image":false,"footnotes":""},"class_list":["post-51987","page","type-page","status-publish","has-post-thumbnail","hentry"],"acf":[],"yoast_head":"<!-- This site is optimized with the Yoast SEO plugin v27.3 - https:\/\/yoast.com\/product\/yoast-seo-wordpress\/ -->\n<title>Weiterbildung nachhaltige Entwicklung - SVEB<\/title>\n<meta name=\"description\" content=\"Projekte zur F\u00f6rderung nachhaltiger Kompetenzen, Nachhaltigkeit bei Weiterbildungsorganisationen, Nachhaltigkeit im globalen Kontext\" \/>\n<meta name=\"robots\" content=\"index, follow, max-snippet:-1, max-image-preview:large, max-video-preview:-1\" \/>\n<link rel=\"canonical\" href=\"https:\/\/alice.ch\/de\/themen\/weiterbildung-nachhaltige-entwicklung\/\" \/>\n<meta property=\"og:locale\" content=\"de_DE\" \/>\n<meta property=\"og:type\" content=\"article\" \/>\n<meta property=\"og:title\" content=\"Weiterbildung nachhaltige Entwicklung - SVEB\" \/>\n<meta property=\"og:description\" content=\"Projekte zur F\u00f6rderung nachhaltiger Kompetenzen, Nachhaltigkeit bei Weiterbildungsorganisationen, Nachhaltigkeit im globalen Kontext\" \/>\n<meta property=\"og:url\" content=\"https:\/\/alice.ch\/de\/themen\/weiterbildung-nachhaltige-entwicklung\/\" \/>\n<meta property=\"og:site_name\" content=\"SVEB\" \/>\n<meta property=\"article:modified_time\" content=\"2025-01-27T13:07:25+00:00\" \/>\n<meta name=\"twitter:card\" content=\"summary_large_image\" \/>\n<meta name=\"twitter:label1\" content=\"Gesch\u00e4tzte Lesezeit\" \/>\n\t<meta name=\"twitter:data1\" content=\"3\u00a0Minuten\" \/>\n<script type=\"application\/ld+json\" class=\"yoast-schema-graph\">{\"@context\":\"https:\\\/\\\/schema.org\",\"@graph\":[{\"@type\":\"WebPage\",\"@id\":\"https:\\\/\\\/alice.ch\\\/de\\\/themen\\\/weiterbildung-nachhaltige-entwicklung\\\/\",\"url\":\"https:\\\/\\\/alice.ch\\\/de\\\/themen\\\/weiterbildung-nachhaltige-entwicklung\\\/\",\"name\":\"Weiterbildung nachhaltige Entwicklung - SVEB\",\"isPartOf\":{\"@id\":\"https:\\\/\\\/alice.ch\\\/de\\\/#website\"},\"primaryImageOfPage\":{\"@id\":\"https:\\\/\\\/alice.ch\\\/de\\\/themen\\\/weiterbildung-nachhaltige-entwicklung\\\/#primaryimage\"},\"image\":{\"@id\":\"https:\\\/\\\/alice.ch\\\/de\\\/themen\\\/weiterbildung-nachhaltige-entwicklung\\\/#primaryimage\"},\"thumbnailUrl\":\"https:\\\/\\\/alice.ch\\\/app\\\/uploads\\\/2022\\\/11\\\/default.jpg\",\"datePublished\":\"2023-06-25T15:46:32+00:00\",\"dateModified\":\"2025-01-27T13:07:25+00:00\",\"description\":\"Projekte zur F\u00f6rderung nachhaltiger Kompetenzen, Nachhaltigkeit bei Weiterbildungsorganisationen, Nachhaltigkeit im globalen Kontext\",\"breadcrumb\":{\"@id\":\"https:\\\/\\\/alice.ch\\\/de\\\/themen\\\/weiterbildung-nachhaltige-entwicklung\\\/#breadcrumb\"},\"inLanguage\":\"de\",\"potentialAction\":[{\"@type\":\"ReadAction\",\"target\":[\"https:\\\/\\\/alice.ch\\\/de\\\/themen\\\/weiterbildung-nachhaltige-entwicklung\\\/\"]}]},{\"@type\":\"ImageObject\",\"inLanguage\":\"de\",\"@id\":\"https:\\\/\\\/alice.ch\\\/de\\\/themen\\\/weiterbildung-nachhaltige-entwicklung\\\/#primaryimage\",\"url\":\"https:\\\/\\\/alice.ch\\\/app\\\/uploads\\\/2022\\\/11\\\/default.jpg\",\"contentUrl\":\"https:\\\/\\\/alice.ch\\\/app\\\/uploads\\\/2022\\\/11\\\/default.jpg\",\"width\":1600,\"height\":900},{\"@type\":\"BreadcrumbList\",\"@id\":\"https:\\\/\\\/alice.ch\\\/de\\\/themen\\\/weiterbildung-nachhaltige-entwicklung\\\/#breadcrumb\",\"itemListElement\":[{\"@type\":\"ListItem\",\"position\":1,\"name\":\"Startseite\",\"item\":\"https:\\\/\\\/alice.ch\\\/de\\\/\"},{\"@type\":\"ListItem\",\"position\":2,\"name\":\"Themen\",\"item\":\"https:\\\/\\\/alice.ch\\\/de\\\/themen\\\/\"},{\"@type\":\"ListItem\",\"position\":3,\"name\":\"Weiterbildung nachhaltige Entwicklung\"}]},{\"@type\":\"WebSite\",\"@id\":\"https:\\\/\\\/alice.ch\\\/de\\\/#website\",\"url\":\"https:\\\/\\\/alice.ch\\\/de\\\/\",\"name\":\"alice.ch (Adult Learning Information Center) ist das Portal der Weiterbildung in der Schweiz.\",\"description\":\"Schweizerischer Verband f\u00fcr Weiterbildung\",\"publisher\":{\"@id\":\"https:\\\/\\\/alice.ch\\\/de\\\/#organization\"},\"potentialAction\":[{\"@type\":\"SearchAction\",\"target\":{\"@type\":\"EntryPoint\",\"urlTemplate\":\"https:\\\/\\\/alice.ch\\\/de\\\/?s={search_term_string}\"},\"query-input\":{\"@type\":\"PropertyValueSpecification\",\"valueRequired\":true,\"valueName\":\"search_term_string\"}}],\"inLanguage\":\"de\"},{\"@type\":\"Organization\",\"@id\":\"https:\\\/\\\/alice.ch\\\/de\\\/#organization\",\"name\":\"SVEB Schweizerischer Verband f\u00fcr Weiterbildung\",\"url\":\"https:\\\/\\\/alice.ch\\\/de\\\/\",\"logo\":{\"@type\":\"ImageObject\",\"inLanguage\":\"de\",\"@id\":\"https:\\\/\\\/alice.ch\\\/de\\\/#\\\/schema\\\/logo\\\/image\\\/\",\"url\":\"https:\\\/\\\/alice.ch\\\/app\\\/uploads\\\/2022\\\/07\\\/logo-sveb.png\",\"contentUrl\":\"https:\\\/\\\/alice.ch\\\/app\\\/uploads\\\/2022\\\/07\\\/logo-sveb.png\",\"width\":145,\"height\":64,\"caption\":\"SVEB Schweizerischer Verband f\u00fcr Weiterbildung\"},\"image\":{\"@id\":\"https:\\\/\\\/alice.ch\\\/de\\\/#\\\/schema\\\/logo\\\/image\\\/\"},\"sameAs\":[\"https:\\\/\\\/www.linkedin.com\\\/company\\\/schweizerischer-verband-fr-weiterbildung-sveb\\\/\"]}]}<\/script>\n<!-- \/ Yoast SEO plugin. -->","yoast_head_json":{"title":"Weiterbildung nachhaltige Entwicklung - SVEB","description":"Projekte zur F\u00f6rderung nachhaltiger Kompetenzen, Nachhaltigkeit bei Weiterbildungsorganisationen, Nachhaltigkeit im globalen Kontext","robots":{"index":"index","follow":"follow","max-snippet":"max-snippet:-1","max-image-preview":"max-image-preview:large","max-video-preview":"max-video-preview:-1"},"canonical":"https:\/\/alice.ch\/de\/themen\/weiterbildung-nachhaltige-entwicklung\/","og_locale":"de_DE","og_type":"article","og_title":"Weiterbildung nachhaltige Entwicklung - SVEB","og_description":"Projekte zur F\u00f6rderung nachhaltiger Kompetenzen, Nachhaltigkeit bei Weiterbildungsorganisationen, Nachhaltigkeit im globalen Kontext","og_url":"https:\/\/alice.ch\/de\/themen\/weiterbildung-nachhaltige-entwicklung\/","og_site_name":"SVEB","article_modified_time":"2025-01-27T13:07:25+00:00","twitter_card":"summary_large_image","twitter_misc":{"Gesch\u00e4tzte Lesezeit":"3\u00a0Minuten"},"schema":{"@context":"https:\/\/schema.org","@graph":[{"@type":"WebPage","@id":"https:\/\/alice.ch\/de\/themen\/weiterbildung-nachhaltige-entwicklung\/","url":"https:\/\/alice.ch\/de\/themen\/weiterbildung-nachhaltige-entwicklung\/","name":"Weiterbildung nachhaltige Entwicklung - SVEB","isPartOf":{"@id":"https:\/\/alice.ch\/de\/#website"},"primaryImageOfPage":{"@id":"https:\/\/alice.ch\/de\/themen\/weiterbildung-nachhaltige-entwicklung\/#primaryimage"},"image":{"@id":"https:\/\/alice.ch\/de\/themen\/weiterbildung-nachhaltige-entwicklung\/#primaryimage"},"thumbnailUrl":"https:\/\/alice.ch\/app\/uploads\/2022\/11\/default.jpg","datePublished":"2023-06-25T15:46:32+00:00","dateModified":"2025-01-27T13:07:25+00:00","description":"Projekte zur F\u00f6rderung nachhaltiger Kompetenzen, Nachhaltigkeit bei Weiterbildungsorganisationen, Nachhaltigkeit im globalen Kontext","breadcrumb":{"@id":"https:\/\/alice.ch\/de\/themen\/weiterbildung-nachhaltige-entwicklung\/#breadcrumb"},"inLanguage":"de","potentialAction":[{"@type":"ReadAction","target":["https:\/\/alice.ch\/de\/themen\/weiterbildung-nachhaltige-entwicklung\/"]}]},{"@type":"ImageObject","inLanguage":"de","@id":"https:\/\/alice.ch\/de\/themen\/weiterbildung-nachhaltige-entwicklung\/#primaryimage","url":"https:\/\/alice.ch\/app\/uploads\/2022\/11\/default.jpg","contentUrl":"https:\/\/alice.ch\/app\/uploads\/2022\/11\/default.jpg","width":1600,"height":900},{"@type":"BreadcrumbList","@id":"https:\/\/alice.ch\/de\/themen\/weiterbildung-nachhaltige-entwicklung\/#breadcrumb","itemListElement":[{"@type":"ListItem","position":1,"name":"Startseite","item":"https:\/\/alice.ch\/de\/"},{"@type":"ListItem","position":2,"name":"Themen","item":"https:\/\/alice.ch\/de\/themen\/"},{"@type":"ListItem","position":3,"name":"Weiterbildung nachhaltige Entwicklung"}]},{"@type":"WebSite","@id":"https:\/\/alice.ch\/de\/#website","url":"https:\/\/alice.ch\/de\/","name":"alice.ch (Adult Learning Information Center) ist das Portal der Weiterbildung in der Schweiz.","description":"Schweizerischer Verband f\u00fcr Weiterbildung","publisher":{"@id":"https:\/\/alice.ch\/de\/#organization"},"potentialAction":[{"@type":"SearchAction","target":{"@type":"EntryPoint","urlTemplate":"https:\/\/alice.ch\/de\/?s={search_term_string}"},"query-input":{"@type":"PropertyValueSpecification","valueRequired":true,"valueName":"search_term_string"}}],"inLanguage":"de"},{"@type":"Organization","@id":"https:\/\/alice.ch\/de\/#organization","name":"SVEB Schweizerischer Verband f\u00fcr Weiterbildung","url":"https:\/\/alice.ch\/de\/","logo":{"@type":"ImageObject","inLanguage":"de","@id":"https:\/\/alice.ch\/de\/#\/schema\/logo\/image\/","url":"https:\/\/alice.ch\/app\/uploads\/2022\/07\/logo-sveb.png","contentUrl":"https:\/\/alice.ch\/app\/uploads\/2022\/07\/logo-sveb.png","width":145,"height":64,"caption":"SVEB Schweizerischer Verband f\u00fcr Weiterbildung"},"image":{"@id":"https:\/\/alice.ch\/de\/#\/schema\/logo\/image\/"},"sameAs":["https:\/\/www.linkedin.com\/company\/schweizerischer-verband-fr-weiterbildung-sveb\/"]}]}},"_links":{"self":[{"href":"https:\/\/alice.ch\/de\/wp-json\/wp\/v2\/pages\/51987","targetHints":{"allow":["GET"]}}],"collection":[{"href":"https:\/\/alice.ch\/de\/wp-json\/wp\/v2\/pages"}],"about":[{"href":"https:\/\/alice.ch\/de\/wp-json\/wp\/v2\/types\/page"}],"author":[{"embeddable":true,"href":"https:\/\/alice.ch\/de\/wp-json\/wp\/v2\/users\/5"}],"replies":[{"embeddable":true,"href":"https:\/\/alice.ch\/de\/wp-json\/wp\/v2\/comments?post=51987"}],"version-history":[{"count":44,"href":"https:\/\/alice.ch\/de\/wp-json\/wp\/v2\/pages\/51987\/revisions"}],"predecessor-version":[{"id":65712,"href":"https:\/\/alice.ch\/de\/wp-json\/wp\/v2\/pages\/51987\/revisions\/65712"}],"up":[{"embeddable":true,"href":"https:\/\/alice.ch\/de\/wp-json\/wp\/v2\/pages\/23"}],"wp:featuredmedia":[{"embeddable":true,"href":"https:\/\/alice.ch\/de\/wp-json\/wp\/v2\/media\/20799"}],"wp:attachment":[{"href":"https:\/\/alice.ch\/de\/wp-json\/wp\/v2\/media?parent=51987"}],"curies":[{"name":"wp","href":"https:\/\/api.w.org\/{rel}","templated":true}]}}