{"id":532,"date":"2022-08-16T17:09:56","date_gmt":"2022-08-16T15:09:56","guid":{"rendered":"https:\/\/projects.atxeit.ch\/sveb\/?page_id=532"},"modified":"2024-09-10T14:18:58","modified_gmt":"2024-09-10T12:18:58","slug":"forschungsaktivitaeten-des-sveb","status":"publish","type":"page","link":"https:\/\/alice.ch\/de\/forschung\/forschungsaktivitaeten-des-sveb\/","title":{"rendered":"Forschungsaktivit\u00e4ten des SVEB"},"content":{"rendered":"\n<div class=\"wp-block-group is-style-reduced-width is-layout-flow wp-block-group-is-layout-flow\">\n<h1 class=\"wp-block-heading\">Forschungsaktivit\u00e4ten des SVEB<\/h1>\n\n\n\n<p class=\"is-style-lead\">Der SVEB f\u00fchrt wissenschaftliche Projekte zur Weiterbildung&nbsp;durch, ver\u00f6ffentlicht Studien und tr\u00e4gt dazu bei, die Weiterbildung in verschiedensten Bereichen weiter zu erforschen und das Wissen zur Verf\u00fcgung zu stellen. Um den wissenschaftlichen Austausch zu f\u00f6rdern, arbeiten wir oftmals mit diversen nationalen und europ\u00e4ischen Partnern zusammen.<\/p>\n\n\n\n<article class=\"wp-block-group is-layout-flow wp-block-group-is-layout-flow\">\n<h2 class=\"wp-block-heading\">J\u00e4hrliche Anbieterumfragen<\/h2>\n\n\n\n<p>Ein wichtiges wissenschaftliches Instrument des SVEB ist die j\u00e4hrliche Anbieterumfrage. Es handelt sich um die einzige periodische Befragung von Weiterbildungsanbietern in der Schweiz. Auf der Basis der in der Anbieterumfrage erhobenen strukturellen Daten wird der <a href=\"https:\/\/alice.ch\/de\/forschung\/forschungsaktivitaeten-des-sveb\/sveb-branchenmonitor\/\">SVEB-Branchenmonitor<\/a>&nbsp;erstellt. Dieser zeigt aktuelle Entwicklungen und Tendenzen des Weiterbildungsmarktes anhand von f\u00fcnf Indikatoren auf.<\/p>\n\n\n\n<p>Anhand von Kennzahlen wie Gr\u00f6sse und Standort der Weiterbildungsanbieter gibt der Bericht zudem Einblick in die&nbsp;<a href=\"https:\/\/alice.ch\/de\/themen\/weiterbildung-schweiz\/weiterbildungsanbieter\/\">Strukturen des Weiterbildungsmarktes<\/a>. Die Anbieterumfrage widmet sich jedes Jahr einem anderen Schwerpunktthema. Die Ergebnisse publiziert der SVEB in der Forschungsreihe <a href=\"https:\/\/alice.ch\/de\/forschung\/forschungsaktivitaeten-des-sveb\/focus-weiterbildung\/\">\u00abFOCUS Weiterbildung\u00bb<\/a>.<\/p>\n\n\n\n<h2 class=\"wp-block-heading\">Aktuelle Forschungsprojekte<\/h2>\n\n\n\n<div class=\"wp-block-buttons is-layout-flex wp-block-buttons-is-layout-flex\">\n<div class=\"wp-block-button has-custom-width wp-block-button__width-50 is-style-outline is-style-outline--1\"><a class=\"wp-block-button__link wp-element-button\" href=\"https:\/\/alice.ch\/de\/forschung\/forschungsaktivitaeten-des-sveb\/sveb-branchenmonitor\/\">SVEB-Branchenmonitor<\/a><\/div>\n<\/div>\n\n\n\n<div class=\"wp-block-buttons is-layout-flex wp-block-buttons-is-layout-flex\">\n<div class=\"wp-block-button has-custom-width wp-block-button__width-50 is-style-outline is-style-outline--2\"><a class=\"wp-block-button__link wp-element-button\" href=\"https:\/\/alice.ch\/de\/forschung\/forschungsaktivitaeten-des-sveb\/focus-weiterbildung\/\">FOCUS Weiterbildung<\/a><\/div>\n<\/div>\n\n\n\n<div class=\"wp-block-buttons is-layout-flex wp-block-buttons-is-layout-flex\">\n<div class=\"wp-block-button has-custom-width wp-block-button__width-50 is-style-outline is-style-outline--3\"><a class=\"wp-block-button__link wp-element-button\" href=\"https:\/\/alice.ch\/de\/forschung\/forschungsaktivitaeten-des-sveb\/kmu-studie\/\">KMU-Studie<\/a><\/div>\n<\/div>\n<\/article>\n\n\n\n<h2 class=\"wp-block-heading\">Team Forschung &amp; Entwicklung<\/h2>\n\n\n\n<div class=\"wp-block-buttons is-layout-flex wp-block-buttons-is-layout-flex\">\n<div class=\"wp-block-button has-custom-width wp-block-button__width-50 is-style-outline is-style-outline--4\"><a class=\"wp-block-button__link wp-element-button\" href=\"https:\/\/alice.ch\/de\/forschung\/forschungsaktivitaeten-des-sveb\/forschungs-team\/\">SVEB-Forschungsteam<\/a><\/div>\n<\/div>\n\n\n\n<h2 class=\"wp-block-heading\">Kontakt<\/h2>\n\n\n\n<div class=\"wp-block-columns is-layout-flex wp-container-core-columns-is-layout-28f84493 wp-block-columns-is-layout-flex\">\n<div class=\"wp-block-column is-layout-flow wp-block-column-is-layout-flow\" style=\"flex-basis:50%\"><div class=\"contact-persons\">\n\n\t\t\t\t\t<div class=\"contact-person\">\n\t\t\t\t\tIrena Sgier<br \/>\t\t\t\t\t Stv. Direktorin, Leiterin Forschung, Entwicklung und Innovation<br \/>\t\t\t\t\t<br \/>\n\t\t\t\t\t\t\t\t\t\t<a href=\"tel:+41 (0)44 319 71 59\">+41 (0)44 319 71 59<\/a><br \/>\t\t\t\t\t<a href=\"mailto:irena.sgier@alice.ch\">irena.sgier@alice.ch<\/a><br \/>\t\t\t\t\t<\/div>\n\t\t\t\t\t<\/div>\n<\/div>\n\n\n\n<div class=\"wp-block-column is-layout-flow wp-block-column-is-layout-flow\" style=\"flex-basis:50%\"><\/div>\n<\/div>\n<\/div>\n","protected":false},"excerpt":{"rendered":"<p>Forschungsaktivit\u00e4ten des SVEB Der SVEB f\u00fchrt wissenschaftliche Projekte zur Weiterbildung&nbsp;durch, ver\u00f6ffentlicht Studien und tr\u00e4gt dazu bei, die Weiterbildung in verschiedensten [&hellip;]<\/p>\n","protected":false},"author":2,"featured_media":20799,"parent":29,"menu_order":320,"comment_status":"closed","ping_status":"closed","template":"","meta":{"_acf_changed":false,"inline_featured_image":false,"footnotes":""},"class_list":["post-532","page","type-page","status-publish","has-post-thumbnail","hentry"],"acf":[],"yoast_head":"<!-- This site is optimized with the Yoast SEO plugin v27.3 - https:\/\/yoast.com\/product\/yoast-seo-wordpress\/ -->\n<title>Forschungsaktivit\u00e4ten des SVEB - SVEB<\/title>\n<meta name=\"description\" content=\"Der SVEB f\u00fchrt wissenschaftliche und praxisorientierte\u00a0Projekte zur Weiterbildung\u00a0durch, erforscht die Weiterbildung, ver\u00f6ffentlicht Studien.\" \/>\n<meta name=\"robots\" content=\"index, follow, max-snippet:-1, max-image-preview:large, max-video-preview:-1\" \/>\n<link rel=\"canonical\" href=\"https:\/\/alice.ch\/de\/forschung\/forschungsaktivitaeten-des-sveb\/\" \/>\n<meta property=\"og:locale\" content=\"de_DE\" \/>\n<meta property=\"og:type\" content=\"article\" \/>\n<meta property=\"og:title\" content=\"Forschungsaktivit\u00e4ten des SVEB - SVEB\" \/>\n<meta property=\"og:description\" content=\"Der SVEB f\u00fchrt wissenschaftliche und praxisorientierte\u00a0Projekte zur Weiterbildung\u00a0durch, erforscht die Weiterbildung, ver\u00f6ffentlicht Studien.\" \/>\n<meta property=\"og:url\" content=\"https:\/\/alice.ch\/de\/forschung\/forschungsaktivitaeten-des-sveb\/\" \/>\n<meta property=\"og:site_name\" content=\"SVEB\" \/>\n<meta property=\"article:modified_time\" content=\"2024-09-10T12:18:58+00:00\" \/>\n<meta name=\"twitter:card\" content=\"summary_large_image\" \/>\n<meta name=\"twitter:label1\" content=\"Gesch\u00e4tzte Lesezeit\" \/>\n\t<meta name=\"twitter:data1\" content=\"1\u00a0Minute\" \/>\n<script type=\"application\/ld+json\" class=\"yoast-schema-graph\">{\"@context\":\"https:\\\/\\\/schema.org\",\"@graph\":[{\"@type\":\"WebPage\",\"@id\":\"https:\\\/\\\/alice.ch\\\/de\\\/forschung\\\/forschungsaktivitaeten-des-sveb\\\/\",\"url\":\"https:\\\/\\\/alice.ch\\\/de\\\/forschung\\\/forschungsaktivitaeten-des-sveb\\\/\",\"name\":\"Forschungsaktivit\u00e4ten des SVEB - SVEB\",\"isPartOf\":{\"@id\":\"https:\\\/\\\/alice.ch\\\/de\\\/#website\"},\"primaryImageOfPage\":{\"@id\":\"https:\\\/\\\/alice.ch\\\/de\\\/forschung\\\/forschungsaktivitaeten-des-sveb\\\/#primaryimage\"},\"image\":{\"@id\":\"https:\\\/\\\/alice.ch\\\/de\\\/forschung\\\/forschungsaktivitaeten-des-sveb\\\/#primaryimage\"},\"thumbnailUrl\":\"https:\\\/\\\/alice.ch\\\/app\\\/uploads\\\/2022\\\/11\\\/default.jpg\",\"datePublished\":\"2022-08-16T15:09:56+00:00\",\"dateModified\":\"2024-09-10T12:18:58+00:00\",\"description\":\"Der SVEB f\u00fchrt wissenschaftliche und praxisorientierte\u00a0Projekte zur Weiterbildung\u00a0durch, erforscht die Weiterbildung, ver\u00f6ffentlicht Studien.\",\"breadcrumb\":{\"@id\":\"https:\\\/\\\/alice.ch\\\/de\\\/forschung\\\/forschungsaktivitaeten-des-sveb\\\/#breadcrumb\"},\"inLanguage\":\"de\",\"potentialAction\":[{\"@type\":\"ReadAction\",\"target\":[\"https:\\\/\\\/alice.ch\\\/de\\\/forschung\\\/forschungsaktivitaeten-des-sveb\\\/\"]}]},{\"@type\":\"ImageObject\",\"inLanguage\":\"de\",\"@id\":\"https:\\\/\\\/alice.ch\\\/de\\\/forschung\\\/forschungsaktivitaeten-des-sveb\\\/#primaryimage\",\"url\":\"https:\\\/\\\/alice.ch\\\/app\\\/uploads\\\/2022\\\/11\\\/default.jpg\",\"contentUrl\":\"https:\\\/\\\/alice.ch\\\/app\\\/uploads\\\/2022\\\/11\\\/default.jpg\",\"width\":1600,\"height\":900},{\"@type\":\"BreadcrumbList\",\"@id\":\"https:\\\/\\\/alice.ch\\\/de\\\/forschung\\\/forschungsaktivitaeten-des-sveb\\\/#breadcrumb\",\"itemListElement\":[{\"@type\":\"ListItem\",\"position\":1,\"name\":\"Startseite\",\"item\":\"https:\\\/\\\/alice.ch\\\/de\\\/\"},{\"@type\":\"ListItem\",\"position\":2,\"name\":\"Forschung\",\"item\":\"https:\\\/\\\/alice.ch\\\/de\\\/forschung\\\/\"},{\"@type\":\"ListItem\",\"position\":3,\"name\":\"Forschungsaktivit\u00e4ten des SVEB\"}]},{\"@type\":\"WebSite\",\"@id\":\"https:\\\/\\\/alice.ch\\\/de\\\/#website\",\"url\":\"https:\\\/\\\/alice.ch\\\/de\\\/\",\"name\":\"alice.ch (Adult Learning Information Center) ist das Portal der Weiterbildung in der Schweiz.\",\"description\":\"Schweizerischer Verband f\u00fcr Weiterbildung\",\"publisher\":{\"@id\":\"https:\\\/\\\/alice.ch\\\/de\\\/#organization\"},\"potentialAction\":[{\"@type\":\"SearchAction\",\"target\":{\"@type\":\"EntryPoint\",\"urlTemplate\":\"https:\\\/\\\/alice.ch\\\/de\\\/?s={search_term_string}\"},\"query-input\":{\"@type\":\"PropertyValueSpecification\",\"valueRequired\":true,\"valueName\":\"search_term_string\"}}],\"inLanguage\":\"de\"},{\"@type\":\"Organization\",\"@id\":\"https:\\\/\\\/alice.ch\\\/de\\\/#organization\",\"name\":\"SVEB Schweizerischer Verband f\u00fcr Weiterbildung\",\"url\":\"https:\\\/\\\/alice.ch\\\/de\\\/\",\"logo\":{\"@type\":\"ImageObject\",\"inLanguage\":\"de\",\"@id\":\"https:\\\/\\\/alice.ch\\\/de\\\/#\\\/schema\\\/logo\\\/image\\\/\",\"url\":\"https:\\\/\\\/alice.ch\\\/app\\\/uploads\\\/2022\\\/07\\\/logo-sveb.png\",\"contentUrl\":\"https:\\\/\\\/alice.ch\\\/app\\\/uploads\\\/2022\\\/07\\\/logo-sveb.png\",\"width\":145,\"height\":64,\"caption\":\"SVEB Schweizerischer Verband f\u00fcr Weiterbildung\"},\"image\":{\"@id\":\"https:\\\/\\\/alice.ch\\\/de\\\/#\\\/schema\\\/logo\\\/image\\\/\"},\"sameAs\":[\"https:\\\/\\\/www.linkedin.com\\\/company\\\/schweizerischer-verband-fr-weiterbildung-sveb\\\/\"]}]}<\/script>\n<!-- \/ Yoast SEO plugin. -->","yoast_head_json":{"title":"Forschungsaktivit\u00e4ten des SVEB - SVEB","description":"Der SVEB f\u00fchrt wissenschaftliche und praxisorientierte\u00a0Projekte zur Weiterbildung\u00a0durch, erforscht die Weiterbildung, ver\u00f6ffentlicht Studien.","robots":{"index":"index","follow":"follow","max-snippet":"max-snippet:-1","max-image-preview":"max-image-preview:large","max-video-preview":"max-video-preview:-1"},"canonical":"https:\/\/alice.ch\/de\/forschung\/forschungsaktivitaeten-des-sveb\/","og_locale":"de_DE","og_type":"article","og_title":"Forschungsaktivit\u00e4ten des SVEB - SVEB","og_description":"Der SVEB f\u00fchrt wissenschaftliche und praxisorientierte\u00a0Projekte zur Weiterbildung\u00a0durch, erforscht die Weiterbildung, ver\u00f6ffentlicht Studien.","og_url":"https:\/\/alice.ch\/de\/forschung\/forschungsaktivitaeten-des-sveb\/","og_site_name":"SVEB","article_modified_time":"2024-09-10T12:18:58+00:00","twitter_card":"summary_large_image","twitter_misc":{"Gesch\u00e4tzte Lesezeit":"1\u00a0Minute"},"schema":{"@context":"https:\/\/schema.org","@graph":[{"@type":"WebPage","@id":"https:\/\/alice.ch\/de\/forschung\/forschungsaktivitaeten-des-sveb\/","url":"https:\/\/alice.ch\/de\/forschung\/forschungsaktivitaeten-des-sveb\/","name":"Forschungsaktivit\u00e4ten des SVEB - SVEB","isPartOf":{"@id":"https:\/\/alice.ch\/de\/#website"},"primaryImageOfPage":{"@id":"https:\/\/alice.ch\/de\/forschung\/forschungsaktivitaeten-des-sveb\/#primaryimage"},"image":{"@id":"https:\/\/alice.ch\/de\/forschung\/forschungsaktivitaeten-des-sveb\/#primaryimage"},"thumbnailUrl":"https:\/\/alice.ch\/app\/uploads\/2022\/11\/default.jpg","datePublished":"2022-08-16T15:09:56+00:00","dateModified":"2024-09-10T12:18:58+00:00","description":"Der SVEB f\u00fchrt wissenschaftliche und praxisorientierte\u00a0Projekte zur Weiterbildung\u00a0durch, erforscht die Weiterbildung, ver\u00f6ffentlicht Studien.","breadcrumb":{"@id":"https:\/\/alice.ch\/de\/forschung\/forschungsaktivitaeten-des-sveb\/#breadcrumb"},"inLanguage":"de","potentialAction":[{"@type":"ReadAction","target":["https:\/\/alice.ch\/de\/forschung\/forschungsaktivitaeten-des-sveb\/"]}]},{"@type":"ImageObject","inLanguage":"de","@id":"https:\/\/alice.ch\/de\/forschung\/forschungsaktivitaeten-des-sveb\/#primaryimage","url":"https:\/\/alice.ch\/app\/uploads\/2022\/11\/default.jpg","contentUrl":"https:\/\/alice.ch\/app\/uploads\/2022\/11\/default.jpg","width":1600,"height":900},{"@type":"BreadcrumbList","@id":"https:\/\/alice.ch\/de\/forschung\/forschungsaktivitaeten-des-sveb\/#breadcrumb","itemListElement":[{"@type":"ListItem","position":1,"name":"Startseite","item":"https:\/\/alice.ch\/de\/"},{"@type":"ListItem","position":2,"name":"Forschung","item":"https:\/\/alice.ch\/de\/forschung\/"},{"@type":"ListItem","position":3,"name":"Forschungsaktivit\u00e4ten des SVEB"}]},{"@type":"WebSite","@id":"https:\/\/alice.ch\/de\/#website","url":"https:\/\/alice.ch\/de\/","name":"alice.ch (Adult Learning Information Center) ist das Portal der Weiterbildung in der Schweiz.","description":"Schweizerischer Verband f\u00fcr Weiterbildung","publisher":{"@id":"https:\/\/alice.ch\/de\/#organization"},"potentialAction":[{"@type":"SearchAction","target":{"@type":"EntryPoint","urlTemplate":"https:\/\/alice.ch\/de\/?s={search_term_string}"},"query-input":{"@type":"PropertyValueSpecification","valueRequired":true,"valueName":"search_term_string"}}],"inLanguage":"de"},{"@type":"Organization","@id":"https:\/\/alice.ch\/de\/#organization","name":"SVEB Schweizerischer Verband f\u00fcr Weiterbildung","url":"https:\/\/alice.ch\/de\/","logo":{"@type":"ImageObject","inLanguage":"de","@id":"https:\/\/alice.ch\/de\/#\/schema\/logo\/image\/","url":"https:\/\/alice.ch\/app\/uploads\/2022\/07\/logo-sveb.png","contentUrl":"https:\/\/alice.ch\/app\/uploads\/2022\/07\/logo-sveb.png","width":145,"height":64,"caption":"SVEB Schweizerischer Verband f\u00fcr Weiterbildung"},"image":{"@id":"https:\/\/alice.ch\/de\/#\/schema\/logo\/image\/"},"sameAs":["https:\/\/www.linkedin.com\/company\/schweizerischer-verband-fr-weiterbildung-sveb\/"]}]}},"_links":{"self":[{"href":"https:\/\/alice.ch\/de\/wp-json\/wp\/v2\/pages\/532","targetHints":{"allow":["GET"]}}],"collection":[{"href":"https:\/\/alice.ch\/de\/wp-json\/wp\/v2\/pages"}],"about":[{"href":"https:\/\/alice.ch\/de\/wp-json\/wp\/v2\/types\/page"}],"author":[{"embeddable":true,"href":"https:\/\/alice.ch\/de\/wp-json\/wp\/v2\/users\/2"}],"replies":[{"embeddable":true,"href":"https:\/\/alice.ch\/de\/wp-json\/wp\/v2\/comments?post=532"}],"version-history":[{"count":30,"href":"https:\/\/alice.ch\/de\/wp-json\/wp\/v2\/pages\/532\/revisions"}],"predecessor-version":[{"id":62176,"href":"https:\/\/alice.ch\/de\/wp-json\/wp\/v2\/pages\/532\/revisions\/62176"}],"up":[{"embeddable":true,"href":"https:\/\/alice.ch\/de\/wp-json\/wp\/v2\/pages\/29"}],"wp:featuredmedia":[{"embeddable":true,"href":"https:\/\/alice.ch\/de\/wp-json\/wp\/v2\/media\/20799"}],"wp:attachment":[{"href":"https:\/\/alice.ch\/de\/wp-json\/wp\/v2\/media?parent=532"}],"curies":[{"name":"wp","href":"https:\/\/api.w.org\/{rel}","templated":true}]}}