{"id":540,"date":"2022-08-16T17:17:28","date_gmt":"2022-08-16T15:17:28","guid":{"rendered":"https:\/\/projects.atxeit.ch\/sveb\/?page_id=540"},"modified":"2025-10-01T11:44:04","modified_gmt":"2025-10-01T09:44:04","slug":"think-tank-transit","status":"publish","type":"page","link":"https:\/\/alice.ch\/de\/forschung\/think-tank-transit\/","title":{"rendered":"Think Tank TRANSIT"},"content":{"rendered":"\n<div class=\"wp-block-group is-style-reduced-width is-layout-flow wp-block-group-is-layout-flow\">\n<h1 class=\"wp-block-heading\">TRANSIT: Think-Tank f\u00fcr die Zukunft der Weiterbildung<\/h1>\n\n\n\n<p class=\"is-style-lead\">Der Think-Tank TRANSIT ist eine interdisziplin\u00e4re Plattform f\u00fcr die Weiterbildung und das Lernen der Zukunft. Er entwickelt Thesen, Analysen und Szenarien zur Rolle der Weiterbildung in der Gesellschaft.<\/p>\n\n\n\n<p>Thematisch stehen l\u00e4ngerfristige gesellschaftliche Entwicklungen im Zentrum, die f\u00fcr das lebenslange Lernen relevant sind oder es werden k\u00f6nnten. Die Resultate des Think-Tanks sollen Organisationen und Fachleuten im Weiterbildungsbereich Anregungen und Impulse f\u00fcr die eigene Weiterentwicklung geben.<\/p>\n\n\n\n<p>TRANSIT wird vom Staatssekretariat f\u00fcr Bildung, Forschung und Innovation (<a href=\"https:\/\/www.sbfi.admin.ch\/sbfi\/de\/home.html\" target=\"_blank\" rel=\"noreferrer noopener\">SBFI<\/a>)&nbsp;finanziell unterst\u00fctzt.<\/p>\n\n\n\n<h2 class=\"wp-block-heading\">Fokusthema<\/h2>\n\n\n\n<p>TRANSIT widmet sich jeweils einem Fokusthema. Das Thema wird in Veranstaltungen, im Trendbericht und in den interdisziplin\u00e4ren Zukunftsdialogen aufgenommen. Aktuell vertieft TRANSIT das Thema Polarisierung und gesellschaftlicher Zusammenhalt. Davor standen die Themen Future Skills und Flexibilisierung im Zentrum.<\/p>\n\n\n\n<h2 class=\"wp-block-heading\">Trendanalysen<\/h2>\n\n\n\n<p>Der Think-Tank erarbeitet zu jedem Fokusthema mehrere Focusbeitr\u00e4ge zu spezifischen Fragestellungen und einen Trendbericht. Bisher wurden vier <a href=\"https:\/\/www.thinktank-transit.ch\/publications\/\">Trendberichte<\/a> publiziert. Der vierte Trendbericht behandelt das Thema Future Skills und ist im Juli 2025 erschienen.<\/p>\n\n\n\n<p>Die Trendberichte basieren auf eigenen Recherchen und Analysen, den Resultaten von TRANSIT-Veranstaltungen und Experteninterviews.<\/p>\n\n\n\n<h2 class=\"wp-block-heading\">Veranstaltungen<\/h2>\n\n\n\n<p>Im Rahmen des Think-Tanks finden Veranstaltungen in kleinen und gr\u00f6sseren Formaten statt:<\/p>\n\n\n\n<ul class=\"wp-block-list\">\n<li>interdisziplin\u00e4re Experten-Workshops,<\/li>\n\n\n\n<li>\u00f6ffentliche Workshops f\u00fcr Fachleute im Weiterbildungsbereich,<\/li>\n\n\n\n<li>kleine Austauschformate wie Fr\u00fchst\u00fcck, Brown Bag Lunch oder Feierabendgespr\u00e4che.<\/li>\n<\/ul>\n\n\n\n<p>Bislang haben mehrere \u00f6ffentliche Veranstaltungen sowie Experten-Workshops stattgefunden. Die Veranstaltungen konzentrieren sich auf die Frage, wie Wissen heute entsteht und was das f\u00fcr die Zukunft der Bildung von Erwachsenen bedeuten k\u00f6nnte.<\/p>\n\n\n\n<h2 class=\"wp-block-heading\">Dialoge mit Expertinnen und Experten<\/h2>\n\n\n\n<p>TRANSIT f\u00fchrt <a href=\"https:\/\/thinktank-transit.ch\/de\/themen\/dialoge\/\" target=\"_blank\" rel=\"noreferrer noopener\">Gespr\u00e4che mit Fachleuten<\/a> aus unterschiedlichsten Fachgebieten. Ziel dieser interdisziplin\u00e4ren Gespr\u00e4che ist es, Themen und Entwicklungen zu erfassen, die f\u00fcr die Zukunft der Weiterbildung relevant sind oder es werden k\u00f6nnten. Zehn Gespr\u00e4che liegen auch in <a href=\"https:\/\/www.thinktank-transit.ch\/new-book-ten-dialogs-about-adult-learning-today-and-tomorrow\/\" target=\"_blank\" rel=\"noreferrer noopener\">Buchform<\/a> vor. Alle Gespr\u00e4che sind in der Originalsprache (Deutsch oder Franz\u00f6sisch) sowie in Englisch verf\u00fcgbar.<\/p>\n\n\n\n<h2 class=\"wp-block-heading\">Zukunftsfragen<\/h2>\n\n\n\n<p>Das von TRANSIT entwickelte Kartenset mit Zukunftsfragen kann individuell oder in Gruppen, bspw. im Rahmen von Workshops oder bei informellen Gruppen als Icebreaker genutzt werden, um die Auseinandersetzung mit Zukunftsthemen anzuregen.<\/p>\n\n\n\n<h2 class=\"wp-block-heading\">TRANSIT-Website<\/h2>\n\n\n\n<p>Alle von TRANSIT erarbeiteten Resultate stehen auf der TRANSIT-Website&nbsp;<a href=\"https:\/\/www.thinktank-transit.ch\/\" target=\"_blank\" rel=\"noreferrer noopener\">www.thinktank-transit.ch<\/a>&nbsp;zur Verf\u00fcgung. Hauptsprache der Seite ist Englisch, da TRANSIT auch international vernetzt ist. Die meisten Inhalte der Website sind sowohl in Englisch als auch in Deutsch verf\u00fcgbar.<\/p>\n\n\n\n<h2 class=\"wp-block-heading\">Weitere Informationen<\/h2>\n\n\n\n<div class=\"wp-block-buttons is-layout-flex wp-block-buttons-is-layout-flex\">\n<div class=\"wp-block-button has-custom-width wp-block-button__width-50 is-style-outline is-style-outline--1\"><a class=\"wp-block-button__link wp-element-button\" href=\"https:\/\/www.thinktank-transit.ch\/\" target=\"_blank\" rel=\"noreferrer noopener\">Think-Tank TRANSIT<\/a><\/div>\n<\/div>\n\n\n\n<div class=\"wp-block-buttons is-layout-flex wp-block-buttons-is-layout-flex\">\n<div class=\"wp-block-button has-custom-width wp-block-button__width-50 is-style-outline is-style-outline--2\"><a class=\"wp-block-button__link wp-element-button\" href=\"https:\/\/www.thinktank-transit.ch\/publications\/\" target=\"_blank\" rel=\"noreferrer noopener\">Trendberichte<\/a><\/div>\n<\/div>\n\n\n\n<div class=\"wp-block-buttons is-layout-flex wp-block-buttons-is-layout-flex\">\n<div class=\"wp-block-button has-custom-width wp-block-button__width-50 is-style-outline is-style-outline--3\"><a class=\"wp-block-button__link wp-element-button\" href=\"https:\/\/alice.ch\/de\/news\/transit-kartenset-zu-zukunftsfragen\/\">Kartenset Zukunftsfragen<\/a><\/div>\n<\/div>\n\n\n\n<div class=\"wp-block-buttons is-layout-flex wp-block-buttons-is-layout-flex\">\n<div class=\"wp-block-button has-custom-width wp-block-button__width-50 is-style-outline is-style-outline--4\"><a class=\"wp-block-button__link wp-element-button\" href=\"https:\/\/www.thinktank-transit.ch\/new-book-ten-dialogs-about-adult-learning-today-and-tomorrow\/\" target=\"_blank\" rel=\"noreferrer noopener\">Interviewband<\/a><\/div>\n<\/div>\n\n\n\n<div class=\"wp-block-buttons is-layout-flex wp-block-buttons-is-layout-flex\">\n<div class=\"wp-block-button has-custom-width wp-block-button__width-50 is-style-outline is-style-outline--5\"><a class=\"wp-block-button__link wp-element-button\" href=\"https:\/\/thinktank-transit.ch\/de\/newsletter\/\" target=\"_blank\" rel=\"noreferrer noopener\">TRANSIT-Newsletter abonnieren<\/a><\/div>\n<\/div>\n\n\n\n<h2 class=\"wp-block-heading\">Kontakt<\/h2>\n\n\n\n<div class=\"wp-block-columns is-layout-flex wp-container-core-columns-is-layout-28f84493 wp-block-columns-is-layout-flex\">\n<div class=\"wp-block-column is-layout-flow wp-block-column-is-layout-flow\" style=\"flex-basis:50%\"><div class=\"contact-persons\">\n\n\t\t\t\t\t<div class=\"contact-person\">\n\t\t\t\t\tHelen Buchs<br \/>\t\t\t\t\tProjektleiterin Forschung und Entwicklung, Leiterin Think Tank TRANSIT<br \/>\t\t\t\t\t<br \/>\n\t\t\t\t\t\t\t\t\t\t<a href=\"tel:+41 (0)44 319 71 56\">+41 (0)44 319 71 56<\/a><br \/>\t\t\t\t\t<a href=\"mailto:helen.buchs@alice.ch\">helen.buchs@alice.ch<\/a><br \/>\t\t\t\t\t<\/div>\n\t\t\t\t\t<\/div>\n<\/div>\n\n\n\n<div class=\"wp-block-column is-layout-flow wp-block-column-is-layout-flow\" style=\"flex-basis:50%\"><\/div>\n<\/div>\n<\/div>\n","protected":false},"excerpt":{"rendered":"<p>TRANSIT: Think-Tank f\u00fcr die Zukunft der Weiterbildung Der Think-Tank TRANSIT ist eine interdisziplin\u00e4re Plattform f\u00fcr die Weiterbildung und das Lernen [&hellip;]<\/p>\n","protected":false},"author":2,"featured_media":20799,"parent":29,"menu_order":449,"comment_status":"closed","ping_status":"closed","template":"","meta":{"_acf_changed":false,"inline_featured_image":false,"footnotes":""},"class_list":["post-540","page","type-page","status-publish","has-post-thumbnail","hentry"],"acf":[],"yoast_head":"<!-- This site is optimized with the Yoast SEO plugin v27.3 - https:\/\/yoast.com\/product\/yoast-seo-wordpress\/ -->\n<title>Think Tank TRANSIT - SVEB<\/title>\n<meta name=\"description\" content=\"Der Think Tank TRANSIT entwickelt Thesen, Analysen und Szenarien zur Rolle der Weiterbildung in der Gesellschaft.\" \/>\n<meta name=\"robots\" content=\"index, follow, max-snippet:-1, max-image-preview:large, max-video-preview:-1\" \/>\n<link rel=\"canonical\" href=\"https:\/\/alice.ch\/de\/forschung\/think-tank-transit\/\" \/>\n<meta property=\"og:locale\" content=\"de_DE\" \/>\n<meta property=\"og:type\" content=\"article\" \/>\n<meta property=\"og:title\" content=\"Think Tank TRANSIT - SVEB\" \/>\n<meta property=\"og:description\" content=\"Der Think Tank TRANSIT entwickelt Thesen, Analysen und Szenarien zur Rolle der Weiterbildung in der Gesellschaft.\" \/>\n<meta property=\"og:url\" content=\"https:\/\/alice.ch\/de\/forschung\/think-tank-transit\/\" \/>\n<meta property=\"og:site_name\" content=\"SVEB\" \/>\n<meta property=\"article:modified_time\" content=\"2025-10-01T09:44:04+00:00\" \/>\n<meta name=\"twitter:card\" content=\"summary_large_image\" \/>\n<meta name=\"twitter:label1\" content=\"Gesch\u00e4tzte Lesezeit\" \/>\n\t<meta name=\"twitter:data1\" content=\"3\u00a0Minuten\" \/>\n<script type=\"application\/ld+json\" class=\"yoast-schema-graph\">{\"@context\":\"https:\\\/\\\/schema.org\",\"@graph\":[{\"@type\":\"WebPage\",\"@id\":\"https:\\\/\\\/alice.ch\\\/de\\\/forschung\\\/think-tank-transit\\\/\",\"url\":\"https:\\\/\\\/alice.ch\\\/de\\\/forschung\\\/think-tank-transit\\\/\",\"name\":\"Think Tank TRANSIT - SVEB\",\"isPartOf\":{\"@id\":\"https:\\\/\\\/alice.ch\\\/de\\\/#website\"},\"primaryImageOfPage\":{\"@id\":\"https:\\\/\\\/alice.ch\\\/de\\\/forschung\\\/think-tank-transit\\\/#primaryimage\"},\"image\":{\"@id\":\"https:\\\/\\\/alice.ch\\\/de\\\/forschung\\\/think-tank-transit\\\/#primaryimage\"},\"thumbnailUrl\":\"https:\\\/\\\/alice.ch\\\/app\\\/uploads\\\/2022\\\/11\\\/default.jpg\",\"datePublished\":\"2022-08-16T15:17:28+00:00\",\"dateModified\":\"2025-10-01T09:44:04+00:00\",\"description\":\"Der Think Tank TRANSIT entwickelt Thesen, Analysen und Szenarien zur Rolle der Weiterbildung in der Gesellschaft.\",\"breadcrumb\":{\"@id\":\"https:\\\/\\\/alice.ch\\\/de\\\/forschung\\\/think-tank-transit\\\/#breadcrumb\"},\"inLanguage\":\"de\",\"potentialAction\":[{\"@type\":\"ReadAction\",\"target\":[\"https:\\\/\\\/alice.ch\\\/de\\\/forschung\\\/think-tank-transit\\\/\"]}]},{\"@type\":\"ImageObject\",\"inLanguage\":\"de\",\"@id\":\"https:\\\/\\\/alice.ch\\\/de\\\/forschung\\\/think-tank-transit\\\/#primaryimage\",\"url\":\"https:\\\/\\\/alice.ch\\\/app\\\/uploads\\\/2022\\\/11\\\/default.jpg\",\"contentUrl\":\"https:\\\/\\\/alice.ch\\\/app\\\/uploads\\\/2022\\\/11\\\/default.jpg\",\"width\":1600,\"height\":900},{\"@type\":\"BreadcrumbList\",\"@id\":\"https:\\\/\\\/alice.ch\\\/de\\\/forschung\\\/think-tank-transit\\\/#breadcrumb\",\"itemListElement\":[{\"@type\":\"ListItem\",\"position\":1,\"name\":\"Startseite\",\"item\":\"https:\\\/\\\/alice.ch\\\/de\\\/\"},{\"@type\":\"ListItem\",\"position\":2,\"name\":\"Forschung\",\"item\":\"https:\\\/\\\/alice.ch\\\/de\\\/forschung\\\/\"},{\"@type\":\"ListItem\",\"position\":3,\"name\":\"Think Tank TRANSIT\"}]},{\"@type\":\"WebSite\",\"@id\":\"https:\\\/\\\/alice.ch\\\/de\\\/#website\",\"url\":\"https:\\\/\\\/alice.ch\\\/de\\\/\",\"name\":\"alice.ch (Adult Learning Information Center) ist das Portal der Weiterbildung in der Schweiz.\",\"description\":\"Schweizerischer Verband f\u00fcr Weiterbildung\",\"publisher\":{\"@id\":\"https:\\\/\\\/alice.ch\\\/de\\\/#organization\"},\"potentialAction\":[{\"@type\":\"SearchAction\",\"target\":{\"@type\":\"EntryPoint\",\"urlTemplate\":\"https:\\\/\\\/alice.ch\\\/de\\\/?s={search_term_string}\"},\"query-input\":{\"@type\":\"PropertyValueSpecification\",\"valueRequired\":true,\"valueName\":\"search_term_string\"}}],\"inLanguage\":\"de\"},{\"@type\":\"Organization\",\"@id\":\"https:\\\/\\\/alice.ch\\\/de\\\/#organization\",\"name\":\"SVEB Schweizerischer Verband f\u00fcr Weiterbildung\",\"url\":\"https:\\\/\\\/alice.ch\\\/de\\\/\",\"logo\":{\"@type\":\"ImageObject\",\"inLanguage\":\"de\",\"@id\":\"https:\\\/\\\/alice.ch\\\/de\\\/#\\\/schema\\\/logo\\\/image\\\/\",\"url\":\"https:\\\/\\\/alice.ch\\\/app\\\/uploads\\\/2022\\\/07\\\/logo-sveb.png\",\"contentUrl\":\"https:\\\/\\\/alice.ch\\\/app\\\/uploads\\\/2022\\\/07\\\/logo-sveb.png\",\"width\":145,\"height\":64,\"caption\":\"SVEB Schweizerischer Verband f\u00fcr Weiterbildung\"},\"image\":{\"@id\":\"https:\\\/\\\/alice.ch\\\/de\\\/#\\\/schema\\\/logo\\\/image\\\/\"},\"sameAs\":[\"https:\\\/\\\/www.linkedin.com\\\/company\\\/schweizerischer-verband-fr-weiterbildung-sveb\\\/\"]}]}<\/script>\n<!-- \/ Yoast SEO plugin. -->","yoast_head_json":{"title":"Think Tank TRANSIT - SVEB","description":"Der Think Tank TRANSIT entwickelt Thesen, Analysen und Szenarien zur Rolle der Weiterbildung in der Gesellschaft.","robots":{"index":"index","follow":"follow","max-snippet":"max-snippet:-1","max-image-preview":"max-image-preview:large","max-video-preview":"max-video-preview:-1"},"canonical":"https:\/\/alice.ch\/de\/forschung\/think-tank-transit\/","og_locale":"de_DE","og_type":"article","og_title":"Think Tank TRANSIT - SVEB","og_description":"Der Think Tank TRANSIT entwickelt Thesen, Analysen und Szenarien zur Rolle der Weiterbildung in der Gesellschaft.","og_url":"https:\/\/alice.ch\/de\/forschung\/think-tank-transit\/","og_site_name":"SVEB","article_modified_time":"2025-10-01T09:44:04+00:00","twitter_card":"summary_large_image","twitter_misc":{"Gesch\u00e4tzte Lesezeit":"3\u00a0Minuten"},"schema":{"@context":"https:\/\/schema.org","@graph":[{"@type":"WebPage","@id":"https:\/\/alice.ch\/de\/forschung\/think-tank-transit\/","url":"https:\/\/alice.ch\/de\/forschung\/think-tank-transit\/","name":"Think Tank TRANSIT - SVEB","isPartOf":{"@id":"https:\/\/alice.ch\/de\/#website"},"primaryImageOfPage":{"@id":"https:\/\/alice.ch\/de\/forschung\/think-tank-transit\/#primaryimage"},"image":{"@id":"https:\/\/alice.ch\/de\/forschung\/think-tank-transit\/#primaryimage"},"thumbnailUrl":"https:\/\/alice.ch\/app\/uploads\/2022\/11\/default.jpg","datePublished":"2022-08-16T15:17:28+00:00","dateModified":"2025-10-01T09:44:04+00:00","description":"Der Think Tank TRANSIT entwickelt Thesen, Analysen und Szenarien zur Rolle der Weiterbildung in der Gesellschaft.","breadcrumb":{"@id":"https:\/\/alice.ch\/de\/forschung\/think-tank-transit\/#breadcrumb"},"inLanguage":"de","potentialAction":[{"@type":"ReadAction","target":["https:\/\/alice.ch\/de\/forschung\/think-tank-transit\/"]}]},{"@type":"ImageObject","inLanguage":"de","@id":"https:\/\/alice.ch\/de\/forschung\/think-tank-transit\/#primaryimage","url":"https:\/\/alice.ch\/app\/uploads\/2022\/11\/default.jpg","contentUrl":"https:\/\/alice.ch\/app\/uploads\/2022\/11\/default.jpg","width":1600,"height":900},{"@type":"BreadcrumbList","@id":"https:\/\/alice.ch\/de\/forschung\/think-tank-transit\/#breadcrumb","itemListElement":[{"@type":"ListItem","position":1,"name":"Startseite","item":"https:\/\/alice.ch\/de\/"},{"@type":"ListItem","position":2,"name":"Forschung","item":"https:\/\/alice.ch\/de\/forschung\/"},{"@type":"ListItem","position":3,"name":"Think Tank TRANSIT"}]},{"@type":"WebSite","@id":"https:\/\/alice.ch\/de\/#website","url":"https:\/\/alice.ch\/de\/","name":"alice.ch (Adult Learning Information Center) ist das Portal der Weiterbildung in der Schweiz.","description":"Schweizerischer Verband f\u00fcr Weiterbildung","publisher":{"@id":"https:\/\/alice.ch\/de\/#organization"},"potentialAction":[{"@type":"SearchAction","target":{"@type":"EntryPoint","urlTemplate":"https:\/\/alice.ch\/de\/?s={search_term_string}"},"query-input":{"@type":"PropertyValueSpecification","valueRequired":true,"valueName":"search_term_string"}}],"inLanguage":"de"},{"@type":"Organization","@id":"https:\/\/alice.ch\/de\/#organization","name":"SVEB Schweizerischer Verband f\u00fcr Weiterbildung","url":"https:\/\/alice.ch\/de\/","logo":{"@type":"ImageObject","inLanguage":"de","@id":"https:\/\/alice.ch\/de\/#\/schema\/logo\/image\/","url":"https:\/\/alice.ch\/app\/uploads\/2022\/07\/logo-sveb.png","contentUrl":"https:\/\/alice.ch\/app\/uploads\/2022\/07\/logo-sveb.png","width":145,"height":64,"caption":"SVEB Schweizerischer Verband f\u00fcr Weiterbildung"},"image":{"@id":"https:\/\/alice.ch\/de\/#\/schema\/logo\/image\/"},"sameAs":["https:\/\/www.linkedin.com\/company\/schweizerischer-verband-fr-weiterbildung-sveb\/"]}]}},"_links":{"self":[{"href":"https:\/\/alice.ch\/de\/wp-json\/wp\/v2\/pages\/540","targetHints":{"allow":["GET"]}}],"collection":[{"href":"https:\/\/alice.ch\/de\/wp-json\/wp\/v2\/pages"}],"about":[{"href":"https:\/\/alice.ch\/de\/wp-json\/wp\/v2\/types\/page"}],"author":[{"embeddable":true,"href":"https:\/\/alice.ch\/de\/wp-json\/wp\/v2\/users\/2"}],"replies":[{"embeddable":true,"href":"https:\/\/alice.ch\/de\/wp-json\/wp\/v2\/comments?post=540"}],"version-history":[{"count":51,"href":"https:\/\/alice.ch\/de\/wp-json\/wp\/v2\/pages\/540\/revisions"}],"predecessor-version":[{"id":71036,"href":"https:\/\/alice.ch\/de\/wp-json\/wp\/v2\/pages\/540\/revisions\/71036"}],"up":[{"embeddable":true,"href":"https:\/\/alice.ch\/de\/wp-json\/wp\/v2\/pages\/29"}],"wp:featuredmedia":[{"embeddable":true,"href":"https:\/\/alice.ch\/de\/wp-json\/wp\/v2\/media\/20799"}],"wp:attachment":[{"href":"https:\/\/alice.ch\/de\/wp-json\/wp\/v2\/media?parent=540"}],"curies":[{"name":"wp","href":"https:\/\/api.w.org\/{rel}","templated":true}]}}