{"id":54000,"date":"2023-09-13T23:05:54","date_gmt":"2023-09-13T21:05:54","guid":{"rendered":"https:\/\/alice.ch\/?page_id=54000"},"modified":"2023-12-01T13:35:50","modified_gmt":"2023-12-01T12:35:50","slug":"kanton-schwyz","status":"publish","type":"page","link":"https:\/\/alice.ch\/de\/dienstleistungen\/gutscheinprojekte-des-sveb\/kanton-schwyz\/","title":{"rendered":"Kanton Schwyz"},"content":{"rendered":"\n<div class=\"wp-block-group is-style-reduced-width is-layout-flow wp-block-group-is-layout-flow\">\n<h1 class=\"wp-block-heading\">Gutscheinprojekt im Kanton Schwyz<\/h1>\n\n\n\n<h2 class=\"wp-block-heading\">Gutscheine f\u00fcr Personen mit Grundkompetenzbedarf<\/h2>\n\n\n\n<p>Im Kanton Schwyz wird die Weiterbildung f\u00fcr Personen mit unzureichenden Grundkompetenzen durch Gutscheine erleichtert. Die Bildungsgutscheine k\u00f6nnen in drei Kantonen eingel\u00f6st werden: Luzern, Zug und Schwyz \u2013 was der Mobilit\u00e4t der Teilnehmenden gerecht wird sowie ein gr\u00f6sseres Angebot an Kursen sicherstellt. Der Prozess ist einfach und niederschwellig gehalten. Personen k\u00f6nnen online den Weiterbildungsgutschein herunterladen und diesen bei der Kursbuchung \u00fcber die Plattform <a href=\"https:\/\/www.besser-jetzt.ch\/kurssuche.cfm?page=kanton_landing&amp;kanton=19\" target=\"_blank\" rel=\"noreferrer noopener\">b<\/a><a href=\"https:\/\/www.besser-jetzt.ch\/kurssuche.cfm?page=kanton_landing&amp;kanton=19\">esser-jetzt.ch\/schwyz<\/a> einl\u00f6sen. F\u00fcr einen Gutschein ist jede Person berechtigt, die zu einer Selbstdeklaration online bereit ist und den Kriterien des Projekts entspricht.<\/p>\n\n\n\n<h3 class=\"wp-block-heading\">Projektbeschrieb<\/h3>\n\n\n\n<p>Der Kanton Schwyz unterst\u00fctzt Menschen dabei, ihre F\u00e4higkeiten im Lesen, Schreiben, Rechnen und Bedienen eines Computers zu verbessern. Deshalb vergibt er Gutscheine f\u00fcr Kurse im Bereich Grundkompetenzen. Ein Gutschein hat den Wert von 500 Franken. Personen, die mindestens 60% der Kurslektionen besucht haben, k\u00f6nnen im selben Jahr noch einen zweiten Gutschein im Wert von 500 Franken beziehen.<\/p>\n\n\n\n<h3 class=\"wp-block-heading\">Kursplattform<\/h3>\n\n\n\n<p>Die Gutscheine k\u00f6nnen auf der Website&nbsp;<a href=\"https:\/\/www.besser-jetzt.ch\/kurssuche.cfm?page=kanton_landing&amp;kanton=19\" target=\"_blank\" rel=\"noreferrer noopener\">besser-jetzt.ch\/schwyz<\/a> heruntergeladen und ausgedruckt werden. Auf der Website finden sich auch alle Kursangebote, f\u00fcr die der Gutschein g\u00fcltig ist. Dazu geh\u00f6ren auch Kurse, die in den Kantonen Luzern und Zug stattfinden. Die Gutschein-Administration liegt beim SVEB: Er r\u00fcckerstattet den Kursanbietern den Gutschein und stellt dem Kanton Luzern die validierten Gutscheinbetr\u00e4ge monatlich in Rechnung<\/p>\n\n\n\n<h3 class=\"wp-block-heading\">Zielgruppe<\/h3>\n\n\n\n<p>Angesprochen sind grunds\u00e4tzlich Personen mit Grundkompetenzbedarf. Dazu geh\u00f6ren Menschen ohne Berufsabschluss oder beispielsweise aus dem Niedriglohnsegment mit mangelndem Anschluss an die modernen digitalen Technologien, aber auch Erwachsene mit Migrationshintergrund.<\/p>\n\n\n\n<p>Teilnehmen k\u00f6nnen:<\/p>\n\n\n\n<ul class=\"wp-block-list\">\n<li>erwerbsf\u00e4hige Personen im Alter von 18 bis 65 Jahren,<\/li>\n\n\n\n<li>die sich in deutscher Sprache verst\u00e4ndigen k\u00f6nnen (Sprachniveau ab A2),<\/li>\n\n\n\n<li>im Kanton Schwyz wohnhaft sind,<\/li>\n\n\n\n<li>sich nicht in einer Ausbildung auf Sekundarstufe II befinden (Berufslehre, Br\u00fcckenangebot).<\/li>\n<\/ul>\n\n\n\n<h3 class=\"wp-block-heading\">Partner<\/h3>\n\n\n\n<p>Das Projekt wurde vom Kanton Luzern in Kooperation mit dem&nbsp;<a href=\"https:\/\/alice.ch\/de\/sveb\/\">Schweizerischen Verband f\u00fcr Weiterbildung SVEB<\/a>&nbsp;und dem&nbsp;<a href=\"https:\/\/www.lesen-schreiben-schweiz.ch\/\" target=\"_blank\" rel=\"noreferrer noopener\">Schweizer Dachverband Lesen und Schreiben<\/a>&nbsp;entwickelt. \u00dcber die kantonale Website&nbsp;<a href=\"https:\/\/www.besser-jetzt.ch\/schwyz\/\">besser-jetzt.ch\/schwyz<\/a><a href=\"https:\/\/www.besser-jetzt.ch\/schwyz\/\" target=\"_blank\" rel=\"noreferrer noopener\">&nbsp;<\/a>&nbsp;wurden Synergien mit der nationalen Kampagne&nbsp;<a href=\"https:\/\/www.besser-jetzt.ch\/\" target=\"_blank\" rel=\"noreferrer noopener\">\u00abEinfach besser! &#8230; Lesen, Schreiben, Rechnen, Computer\u00bb<\/a>&nbsp;geschaffen.<\/p>\n\n\n\n<h3 class=\"wp-block-heading\">Hintergrund<\/h3>\n\n\n\n<p>Gem\u00e4ss Sch\u00e4tzungen leben im Kanton Schwyz rund 16\u2019500 Erwachsene mit mangelnden Grundkompetenzen. Ihnen hilft der Kanton mit den Bildungsgutscheinen. Um das Kursangebot zu erweitern, arbeitet der Kanton Schwyz eng mit den Kantonen Luzern und Zug zusammen. So k\u00f6nnen die Bildungsgutscheine vom Kanton Schwyz auch f\u00fcr Kurse in den Kantonen Luzern und Zug eingel\u00f6st werden.<\/p>\n\n\n\n<h3 class=\"wp-block-heading\">Projektstart<\/h3>\n\n\n\n<p>Seit September 2023 gibt der Kanton Schwyz Gutscheine f\u00fcr Grundkompetenz-Kurse aus, um die Arbeitsmarktf\u00e4higkeit seiner Zielgruppe zu verbessern. Das Konzept von Employability bedeutet dabei, dass man sich erfolgreich in den Arbeitsmarkt integrieren und mit den Ver\u00e4nderungen des Marktes Schritt halten kann. Der Kanton setzt somit auf eine positive Massnahme zur F\u00f6rderung der Arbeitsmarktf\u00e4higkeit.<\/p>\n\n\n\n<div class=\"wp-block-columns is-layout-flex wp-container-core-columns-is-layout-28f84493 wp-block-columns-is-layout-flex\">\n<div class=\"wp-block-column is-layout-flow wp-block-column-is-layout-flow\" style=\"flex-basis:50%\">\n<div class=\"wp-block-buttons is-layout-flex wp-block-buttons-is-layout-flex\">\n<div class=\"wp-block-button has-custom-width wp-block-button__width-100 is-style-outline is-style-outline--1\"><a class=\"wp-block-button__link wp-element-button\" href=\"https:\/\/www.besser-jetzt.ch\/kurssuche.cfm?page=kanton_landing&amp;kanton=19\" target=\"_blank\" rel=\"noreferrer noopener\">zu den Gutscheinen<\/a><\/div>\n<\/div>\n<\/div>\n<\/div>\n\n\n\n<h2 class=\"wp-block-heading\">Kontakt<\/h2>\n\n\n\n<div class=\"wp-block-columns is-layout-flex wp-container-core-columns-is-layout-28f84493 wp-block-columns-is-layout-flex\">\n<div class=\"wp-block-column is-layout-flow wp-block-column-is-layout-flow\" style=\"flex-basis:50%\"><div class=\"contact-persons\">\n\n\t\t\t\t\t<div class=\"contact-person\">\n\t\t\t\t\tBirte Theiler<br \/>\t\t\t\t\tVerantwortliche Bildungsgutscheine<br \/>\t\t\t\t\t<br \/>\n\t\t\t\t\t\t\t\t\t\t<a href=\"tel:+41 (0)44 319 71 57\">+41 (0)44 319 71 57<\/a><br \/>\t\t\t\t\t<a href=\"mailto:birte.theiler@alice.ch\">birte.theiler@alice.ch<\/a><br \/>\t\t\t\t\t<\/div>\n\t\t\t\t\t<\/div>\n<\/div>\n\n\n\n<div class=\"wp-block-column is-layout-flow wp-block-column-is-layout-flow\" style=\"flex-basis:50%\"><\/div>\n<\/div>\n<\/div>\n","protected":false},"excerpt":{"rendered":"<p>Gutscheinprojekt im Kanton Schwyz Gutscheine f\u00fcr Personen mit Grundkompetenzbedarf Im Kanton Schwyz wird die Weiterbildung f\u00fcr Personen mit unzureichenden Grundkompetenzen [&hellip;]<\/p>\n","protected":false},"author":5,"featured_media":20799,"parent":494,"menu_order":139,"comment_status":"closed","ping_status":"closed","template":"","meta":{"_acf_changed":false,"inline_featured_image":false,"footnotes":""},"class_list":["post-54000","page","type-page","status-publish","has-post-thumbnail","hentry"],"acf":[],"yoast_head":"<!-- This site is optimized with the Yoast SEO plugin v27.3 - https:\/\/yoast.com\/product\/yoast-seo-wordpress\/ -->\n<title>Kanton Schwyz - SVEB<\/title>\n<meta name=\"description\" content=\"Erfahren Sie hier wer von den Weiterbildungsgutscheinen profitieren kann, wie viel sie wert sind und wo sie bezogen werden k\u00f6nnen.\" \/>\n<meta name=\"robots\" content=\"index, follow, max-snippet:-1, max-image-preview:large, max-video-preview:-1\" \/>\n<link rel=\"canonical\" href=\"https:\/\/alice.ch\/de\/dienstleistungen\/gutscheinprojekte-des-sveb\/kanton-schwyz\/\" \/>\n<meta property=\"og:locale\" content=\"de_DE\" \/>\n<meta property=\"og:type\" content=\"article\" \/>\n<meta property=\"og:title\" content=\"Kanton Schwyz - SVEB\" \/>\n<meta property=\"og:description\" content=\"Erfahren Sie hier wer von den Weiterbildungsgutscheinen profitieren kann, wie viel sie wert sind und wo sie bezogen werden k\u00f6nnen.\" \/>\n<meta property=\"og:url\" content=\"https:\/\/alice.ch\/de\/dienstleistungen\/gutscheinprojekte-des-sveb\/kanton-schwyz\/\" \/>\n<meta property=\"og:site_name\" content=\"SVEB\" \/>\n<meta property=\"article:modified_time\" content=\"2023-12-01T12:35:50+00:00\" \/>\n<meta name=\"twitter:card\" content=\"summary_large_image\" \/>\n<meta name=\"twitter:label1\" content=\"Gesch\u00e4tzte Lesezeit\" \/>\n\t<meta name=\"twitter:data1\" content=\"3\u00a0Minuten\" \/>\n<script type=\"application\/ld+json\" class=\"yoast-schema-graph\">{\"@context\":\"https:\\\/\\\/schema.org\",\"@graph\":[{\"@type\":\"WebPage\",\"@id\":\"https:\\\/\\\/alice.ch\\\/de\\\/dienstleistungen\\\/gutscheinprojekte-des-sveb\\\/kanton-schwyz\\\/\",\"url\":\"https:\\\/\\\/alice.ch\\\/de\\\/dienstleistungen\\\/gutscheinprojekte-des-sveb\\\/kanton-schwyz\\\/\",\"name\":\"Kanton Schwyz - SVEB\",\"isPartOf\":{\"@id\":\"https:\\\/\\\/alice.ch\\\/de\\\/#website\"},\"primaryImageOfPage\":{\"@id\":\"https:\\\/\\\/alice.ch\\\/de\\\/dienstleistungen\\\/gutscheinprojekte-des-sveb\\\/kanton-schwyz\\\/#primaryimage\"},\"image\":{\"@id\":\"https:\\\/\\\/alice.ch\\\/de\\\/dienstleistungen\\\/gutscheinprojekte-des-sveb\\\/kanton-schwyz\\\/#primaryimage\"},\"thumbnailUrl\":\"https:\\\/\\\/alice.ch\\\/app\\\/uploads\\\/2022\\\/11\\\/default.jpg\",\"datePublished\":\"2023-09-13T21:05:54+00:00\",\"dateModified\":\"2023-12-01T12:35:50+00:00\",\"description\":\"Erfahren Sie hier wer von den Weiterbildungsgutscheinen profitieren kann, wie viel sie wert sind und wo sie bezogen werden k\u00f6nnen.\",\"breadcrumb\":{\"@id\":\"https:\\\/\\\/alice.ch\\\/de\\\/dienstleistungen\\\/gutscheinprojekte-des-sveb\\\/kanton-schwyz\\\/#breadcrumb\"},\"inLanguage\":\"de\",\"potentialAction\":[{\"@type\":\"ReadAction\",\"target\":[\"https:\\\/\\\/alice.ch\\\/de\\\/dienstleistungen\\\/gutscheinprojekte-des-sveb\\\/kanton-schwyz\\\/\"]}]},{\"@type\":\"ImageObject\",\"inLanguage\":\"de\",\"@id\":\"https:\\\/\\\/alice.ch\\\/de\\\/dienstleistungen\\\/gutscheinprojekte-des-sveb\\\/kanton-schwyz\\\/#primaryimage\",\"url\":\"https:\\\/\\\/alice.ch\\\/app\\\/uploads\\\/2022\\\/11\\\/default.jpg\",\"contentUrl\":\"https:\\\/\\\/alice.ch\\\/app\\\/uploads\\\/2022\\\/11\\\/default.jpg\",\"width\":1600,\"height\":900},{\"@type\":\"BreadcrumbList\",\"@id\":\"https:\\\/\\\/alice.ch\\\/de\\\/dienstleistungen\\\/gutscheinprojekte-des-sveb\\\/kanton-schwyz\\\/#breadcrumb\",\"itemListElement\":[{\"@type\":\"ListItem\",\"position\":1,\"name\":\"Startseite\",\"item\":\"https:\\\/\\\/alice.ch\\\/de\\\/\"},{\"@type\":\"ListItem\",\"position\":2,\"name\":\"Dienstleistungen\",\"item\":\"https:\\\/\\\/alice.ch\\\/de\\\/dienstleistungen\\\/\"},{\"@type\":\"ListItem\",\"position\":3,\"name\":\"Gutscheinprojekte des SVEB\",\"item\":\"https:\\\/\\\/alice.ch\\\/de\\\/dienstleistungen\\\/gutscheinprojekte-des-sveb\\\/\"},{\"@type\":\"ListItem\",\"position\":4,\"name\":\"Kanton Schwyz\"}]},{\"@type\":\"WebSite\",\"@id\":\"https:\\\/\\\/alice.ch\\\/de\\\/#website\",\"url\":\"https:\\\/\\\/alice.ch\\\/de\\\/\",\"name\":\"alice.ch (Adult Learning Information Center) ist das Portal der Weiterbildung in der Schweiz.\",\"description\":\"Schweizerischer Verband f\u00fcr Weiterbildung\",\"publisher\":{\"@id\":\"https:\\\/\\\/alice.ch\\\/de\\\/#organization\"},\"potentialAction\":[{\"@type\":\"SearchAction\",\"target\":{\"@type\":\"EntryPoint\",\"urlTemplate\":\"https:\\\/\\\/alice.ch\\\/de\\\/?s={search_term_string}\"},\"query-input\":{\"@type\":\"PropertyValueSpecification\",\"valueRequired\":true,\"valueName\":\"search_term_string\"}}],\"inLanguage\":\"de\"},{\"@type\":\"Organization\",\"@id\":\"https:\\\/\\\/alice.ch\\\/de\\\/#organization\",\"name\":\"SVEB Schweizerischer Verband f\u00fcr Weiterbildung\",\"url\":\"https:\\\/\\\/alice.ch\\\/de\\\/\",\"logo\":{\"@type\":\"ImageObject\",\"inLanguage\":\"de\",\"@id\":\"https:\\\/\\\/alice.ch\\\/de\\\/#\\\/schema\\\/logo\\\/image\\\/\",\"url\":\"https:\\\/\\\/alice.ch\\\/app\\\/uploads\\\/2022\\\/07\\\/logo-sveb.png\",\"contentUrl\":\"https:\\\/\\\/alice.ch\\\/app\\\/uploads\\\/2022\\\/07\\\/logo-sveb.png\",\"width\":145,\"height\":64,\"caption\":\"SVEB Schweizerischer Verband f\u00fcr Weiterbildung\"},\"image\":{\"@id\":\"https:\\\/\\\/alice.ch\\\/de\\\/#\\\/schema\\\/logo\\\/image\\\/\"},\"sameAs\":[\"https:\\\/\\\/www.linkedin.com\\\/company\\\/schweizerischer-verband-fr-weiterbildung-sveb\\\/\"]}]}<\/script>\n<!-- \/ Yoast SEO plugin. -->","yoast_head_json":{"title":"Kanton Schwyz - SVEB","description":"Erfahren Sie hier wer von den Weiterbildungsgutscheinen profitieren kann, wie viel sie wert sind und wo sie bezogen werden k\u00f6nnen.","robots":{"index":"index","follow":"follow","max-snippet":"max-snippet:-1","max-image-preview":"max-image-preview:large","max-video-preview":"max-video-preview:-1"},"canonical":"https:\/\/alice.ch\/de\/dienstleistungen\/gutscheinprojekte-des-sveb\/kanton-schwyz\/","og_locale":"de_DE","og_type":"article","og_title":"Kanton Schwyz - SVEB","og_description":"Erfahren Sie hier wer von den Weiterbildungsgutscheinen profitieren kann, wie viel sie wert sind und wo sie bezogen werden k\u00f6nnen.","og_url":"https:\/\/alice.ch\/de\/dienstleistungen\/gutscheinprojekte-des-sveb\/kanton-schwyz\/","og_site_name":"SVEB","article_modified_time":"2023-12-01T12:35:50+00:00","twitter_card":"summary_large_image","twitter_misc":{"Gesch\u00e4tzte Lesezeit":"3\u00a0Minuten"},"schema":{"@context":"https:\/\/schema.org","@graph":[{"@type":"WebPage","@id":"https:\/\/alice.ch\/de\/dienstleistungen\/gutscheinprojekte-des-sveb\/kanton-schwyz\/","url":"https:\/\/alice.ch\/de\/dienstleistungen\/gutscheinprojekte-des-sveb\/kanton-schwyz\/","name":"Kanton Schwyz - SVEB","isPartOf":{"@id":"https:\/\/alice.ch\/de\/#website"},"primaryImageOfPage":{"@id":"https:\/\/alice.ch\/de\/dienstleistungen\/gutscheinprojekte-des-sveb\/kanton-schwyz\/#primaryimage"},"image":{"@id":"https:\/\/alice.ch\/de\/dienstleistungen\/gutscheinprojekte-des-sveb\/kanton-schwyz\/#primaryimage"},"thumbnailUrl":"https:\/\/alice.ch\/app\/uploads\/2022\/11\/default.jpg","datePublished":"2023-09-13T21:05:54+00:00","dateModified":"2023-12-01T12:35:50+00:00","description":"Erfahren Sie hier wer von den Weiterbildungsgutscheinen profitieren kann, wie viel sie wert sind und wo sie bezogen werden k\u00f6nnen.","breadcrumb":{"@id":"https:\/\/alice.ch\/de\/dienstleistungen\/gutscheinprojekte-des-sveb\/kanton-schwyz\/#breadcrumb"},"inLanguage":"de","potentialAction":[{"@type":"ReadAction","target":["https:\/\/alice.ch\/de\/dienstleistungen\/gutscheinprojekte-des-sveb\/kanton-schwyz\/"]}]},{"@type":"ImageObject","inLanguage":"de","@id":"https:\/\/alice.ch\/de\/dienstleistungen\/gutscheinprojekte-des-sveb\/kanton-schwyz\/#primaryimage","url":"https:\/\/alice.ch\/app\/uploads\/2022\/11\/default.jpg","contentUrl":"https:\/\/alice.ch\/app\/uploads\/2022\/11\/default.jpg","width":1600,"height":900},{"@type":"BreadcrumbList","@id":"https:\/\/alice.ch\/de\/dienstleistungen\/gutscheinprojekte-des-sveb\/kanton-schwyz\/#breadcrumb","itemListElement":[{"@type":"ListItem","position":1,"name":"Startseite","item":"https:\/\/alice.ch\/de\/"},{"@type":"ListItem","position":2,"name":"Dienstleistungen","item":"https:\/\/alice.ch\/de\/dienstleistungen\/"},{"@type":"ListItem","position":3,"name":"Gutscheinprojekte des SVEB","item":"https:\/\/alice.ch\/de\/dienstleistungen\/gutscheinprojekte-des-sveb\/"},{"@type":"ListItem","position":4,"name":"Kanton Schwyz"}]},{"@type":"WebSite","@id":"https:\/\/alice.ch\/de\/#website","url":"https:\/\/alice.ch\/de\/","name":"alice.ch (Adult Learning Information Center) ist das Portal der Weiterbildung in der Schweiz.","description":"Schweizerischer Verband f\u00fcr Weiterbildung","publisher":{"@id":"https:\/\/alice.ch\/de\/#organization"},"potentialAction":[{"@type":"SearchAction","target":{"@type":"EntryPoint","urlTemplate":"https:\/\/alice.ch\/de\/?s={search_term_string}"},"query-input":{"@type":"PropertyValueSpecification","valueRequired":true,"valueName":"search_term_string"}}],"inLanguage":"de"},{"@type":"Organization","@id":"https:\/\/alice.ch\/de\/#organization","name":"SVEB Schweizerischer Verband f\u00fcr Weiterbildung","url":"https:\/\/alice.ch\/de\/","logo":{"@type":"ImageObject","inLanguage":"de","@id":"https:\/\/alice.ch\/de\/#\/schema\/logo\/image\/","url":"https:\/\/alice.ch\/app\/uploads\/2022\/07\/logo-sveb.png","contentUrl":"https:\/\/alice.ch\/app\/uploads\/2022\/07\/logo-sveb.png","width":145,"height":64,"caption":"SVEB Schweizerischer Verband f\u00fcr Weiterbildung"},"image":{"@id":"https:\/\/alice.ch\/de\/#\/schema\/logo\/image\/"},"sameAs":["https:\/\/www.linkedin.com\/company\/schweizerischer-verband-fr-weiterbildung-sveb\/"]}]}},"_links":{"self":[{"href":"https:\/\/alice.ch\/de\/wp-json\/wp\/v2\/pages\/54000","targetHints":{"allow":["GET"]}}],"collection":[{"href":"https:\/\/alice.ch\/de\/wp-json\/wp\/v2\/pages"}],"about":[{"href":"https:\/\/alice.ch\/de\/wp-json\/wp\/v2\/types\/page"}],"author":[{"embeddable":true,"href":"https:\/\/alice.ch\/de\/wp-json\/wp\/v2\/users\/5"}],"replies":[{"embeddable":true,"href":"https:\/\/alice.ch\/de\/wp-json\/wp\/v2\/comments?post=54000"}],"version-history":[{"count":2,"href":"https:\/\/alice.ch\/de\/wp-json\/wp\/v2\/pages\/54000\/revisions"}],"predecessor-version":[{"id":56290,"href":"https:\/\/alice.ch\/de\/wp-json\/wp\/v2\/pages\/54000\/revisions\/56290"}],"up":[{"embeddable":true,"href":"https:\/\/alice.ch\/de\/wp-json\/wp\/v2\/pages\/494"}],"wp:featuredmedia":[{"embeddable":true,"href":"https:\/\/alice.ch\/de\/wp-json\/wp\/v2\/media\/20799"}],"wp:attachment":[{"href":"https:\/\/alice.ch\/de\/wp-json\/wp\/v2\/media?parent=54000"}],"curies":[{"name":"wp","href":"https:\/\/api.w.org\/{rel}","templated":true}]}}