{"id":54002,"date":"2023-09-13T23:13:37","date_gmt":"2023-09-13T21:13:37","guid":{"rendered":"https:\/\/alice.ch\/?page_id=54002"},"modified":"2024-01-26T11:22:35","modified_gmt":"2024-01-26T10:22:35","slug":"kanton-zug","status":"publish","type":"page","link":"https:\/\/alice.ch\/de\/dienstleistungen\/gutscheinprojekte-des-sveb\/kanton-zug\/","title":{"rendered":"Kanton Zug"},"content":{"rendered":"\n<div class=\"wp-block-group is-style-reduced-width is-layout-flow wp-block-group-is-layout-flow\">\n<h1 class=\"wp-block-heading\">Gutscheinprojekt im Kanton Zug<\/h1>\n\n\n\n<h2 class=\"wp-block-heading\">Gutscheine f\u00fcr Personen mit Grundkompetenzbedarf<\/h2>\n\n\n\n<p>Im Kanton Zug wird die Weiterbildung f\u00fcr Personen mit unzureichenden Grundkompetenzen durch Gutscheine erleichtert. Die Bildungsgutscheine k\u00f6nnen in drei Kantonen eingel\u00f6st werden: Luzern, Zug und Schwyz \u2013 was der Mobilit\u00e4t der Teilnehmenden gerecht wird sowie ein gr\u00f6sseres Angebot an Kursen sicherstellt. Der Prozess ist einfach und niederschwellig gehalten. Personen k\u00f6nnen online den Weiterbildungsgutschein herunterladen und diesen bei der Kursbuchung \u00fcber die Plattform <a href=\"https:\/\/www.besser-jetzt.ch\/kurssuche.cfm?page=kanton_landing&amp;kanton=25\" target=\"_blank\" rel=\"noreferrer noopener\">besser-jetzt.ch\/zug <\/a>einl\u00f6sen. F\u00fcr einen Gutschein ist jede Person berechtigt, die zu einer Selbstdeklaration online bereit ist und den Kriterien des Projekts entspricht.<\/p>\n\n\n\n<h3 class=\"wp-block-heading\">Projektbeschrieb<\/h3>\n\n\n\n<p>Der Kanton Zug unterst\u00fctzt Menschen dabei, ihre F\u00e4higkeiten im Lesen, Schreiben, Rechnen und Bedienen eines Computers zu verbessern. Deshalb vergibt er Gutscheine f\u00fcr Kurse im Bereich Grundkompetenzen. Ein Gutschein hat den Wert von 500 Franken. Personen, die mindestens 60% der Kurslektionen besucht haben, k\u00f6nnen ab Juni 2021 im selben Jahr noch einen zweiten Gutschein im Wert von 500 Franken beziehen.<\/p>\n\n\n\n<h3 class=\"wp-block-heading\">Kursplattform<\/h3>\n\n\n\n<p>Die Gutscheine k\u00f6nnen auf der Website&nbsp;<a href=\"https:\/\/www.besser-jetzt.ch\/kurssuche.cfm?page=kanton_landing&amp;kanton=25\" target=\"_blank\" rel=\"noreferrer noopener\">besser-jetzt.ch\/zug<\/a> heruntergeladen und ausgedruckt werden. Auf der Website finden sich auch alle Kursangebote, f\u00fcr die der Gutschein g\u00fcltig ist. Die Gutschein-Administration liegt beim SVEB: Er r\u00fcckerstattet den Kursanbietern den Gutschein und stellt dem Kanton Luzern die validierten Gutscheinbetr\u00e4ge monatlich in Rechnung.<\/p>\n\n\n\n<h3 class=\"wp-block-heading\">Zielgruppe<\/h3>\n\n\n\n<p>Angesprochen sind grunds\u00e4tzlich Personen mit Grundkompetenzbedarf. Dazu geh\u00f6ren Menschen ohne Berufsabschluss oder beispielsweise aus dem Niedriglohnsegment mit mangelndem Anschluss an die modernen digitalen Technologien, aber auch Erwachsene mit Migrationshintergrund.<\/p>\n\n\n\n<p>Teilnehmen k\u00f6nnen:<\/p>\n\n\n\n<ul class=\"wp-block-list\">\n<li>erwerbsf\u00e4hige Personen im Alter von 18 bis 65 Jahren,<\/li>\n\n\n\n<li>fremdsprachige Personen m\u00fcssen mindestens ein Sprachniveau B1 mitbringen,<\/li>\n\n\n\n<li>im Kanton Zug wohnhaft sind,<\/li>\n\n\n\n<li>sich nicht in einer Ausbildung auf Sekundarstufe II befinden (Berufslehre, Br\u00fcckenangebot).<\/li>\n<\/ul>\n\n\n\n<h3 class=\"wp-block-heading\">Partner<\/h3>\n\n\n\n<p>Das Projekt wurde vom Kanton Luzern in Kooperation mit dem\u00a0<a href=\"https:\/\/alice.ch\/de\/sveb\/\">Schweizerischen Verband f\u00fcr Weiterbildung SVEB<\/a>\u00a0und dem\u00a0<a href=\"https:\/\/www.lesen-schreiben-schweiz.ch\/\" target=\"_blank\" rel=\"noreferrer noopener\">Schweizer Dachverband Lesen und Schreiben<\/a>\u00a0entwickelt. \u00dcber die kantonale Website\u00a0<a href=\"https:\/\/www.besser-jetzt.ch\/kurssuche.cfm?page=kanton_landing&amp;kanton=25\" target=\"_blank\" rel=\"noreferrer noopener\">besser-jetzt.ch\/zug<\/a>\u00a0wurden Synergien mit der nationalen Kampagne\u00a0<a href=\"https:\/\/www.besser-jetzt.ch\/\" target=\"_blank\" rel=\"noreferrer noopener\">\u00abEinfach besser! &#8230; Lesen, Schreiben, Rechnen, Computer\u00bb<\/a>\u00a0geschaffen.<\/p>\n\n\n\n<h3 class=\"wp-block-heading\">Hintergrund<\/h3>\n\n\n\n<p>Gem\u00e4ss Sch\u00e4tzungen leben im Kanton Zug rund 13\u2019000 Erwachsene mit mangelnden Grundkompetenzen. Ihnen hilft der Kanton mit den Bildungsgutscheinen. Um das Kursangebot zu erweitern, arbeitet der Kanton Zug eng mit den Kantonen Luzern und Schwyz zusammen. So k\u00f6nnen die Bildungsgutscheine vom Kanton Zug auch f\u00fcr Kurse in den Kantonen Luzern und Schwyz eingel\u00f6st werden.<\/p>\n\n\n\n<h3 class=\"wp-block-heading\">Projektstart<\/h3>\n\n\n\n<p>Seit Anfang September 2023 bietet der Kanton Zug Gutscheine f\u00fcr Grundkompetenz-Kurse an, um die Arbeitsmarktf\u00e4higkeit von Personen mit geringen Grundkompetenzen zu erh\u00f6hen. Das Konzept von Employability zielt darauf ab, dass man sich kontinuierlich weiterbildet und somit mit dem dynamischen Markt Schritt halten kann. Der Kanton setzt damit auf eine positive Massnahme zur F\u00f6rderung der Besch\u00e4ftigungsf\u00e4higkeit seiner B\u00fcrgerinnen und B\u00fcrger.<\/p>\n\n\n\n<div class=\"wp-block-columns is-layout-flex wp-container-core-columns-is-layout-28f84493 wp-block-columns-is-layout-flex\">\n<div class=\"wp-block-column is-layout-flow wp-block-column-is-layout-flow\" style=\"flex-basis:50%\">\n<div class=\"wp-block-buttons is-layout-flex wp-block-buttons-is-layout-flex\">\n<div class=\"wp-block-button has-custom-width wp-block-button__width-100 is-style-outline is-style-outline--1\"><a class=\"wp-block-button__link wp-element-button\" href=\"https:\/\/www.besser-jetzt.ch\/kurssuche.cfm?page=kanton_landing&amp;kanton=19\" target=\"_blank\" rel=\"noreferrer noopener\">zu den Gutscheinen<\/a><\/div>\n<\/div>\n<\/div>\n<\/div>\n\n\n\n<h2 class=\"wp-block-heading\">Kontakt<\/h2>\n\n\n\n<div class=\"wp-block-columns is-layout-flex wp-container-core-columns-is-layout-28f84493 wp-block-columns-is-layout-flex\">\n<div class=\"wp-block-column is-layout-flow wp-block-column-is-layout-flow\" style=\"flex-basis:50%\"><div class=\"contact-persons\">\n\n\t\t\t\t\t<div class=\"contact-person\">\n\t\t\t\t\tBirte Theiler<br \/>\t\t\t\t\tVerantwortliche Bildungsgutscheine<br \/>\t\t\t\t\t<br \/>\n\t\t\t\t\t\t\t\t\t\t<a href=\"tel:+41 (0)44 319 71 57\">+41 (0)44 319 71 57<\/a><br \/>\t\t\t\t\t<a href=\"mailto:birte.theiler@alice.ch\">birte.theiler@alice.ch<\/a><br \/>\t\t\t\t\t<\/div>\n\t\t\t\t\t<\/div>\n<\/div>\n\n\n\n<div class=\"wp-block-column is-layout-flow wp-block-column-is-layout-flow\" style=\"flex-basis:50%\"><\/div>\n<\/div>\n<\/div>\n","protected":false},"excerpt":{"rendered":"<p>Gutscheinprojekt im Kanton Zug Gutscheine f\u00fcr Personen mit Grundkompetenzbedarf Im Kanton Zug wird die Weiterbildung f\u00fcr Personen mit unzureichenden Grundkompetenzen [&hellip;]<\/p>\n","protected":false},"author":5,"featured_media":20799,"parent":494,"menu_order":201,"comment_status":"closed","ping_status":"closed","template":"","meta":{"_acf_changed":false,"inline_featured_image":false,"footnotes":""},"class_list":["post-54002","page","type-page","status-publish","has-post-thumbnail","hentry"],"acf":[],"yoast_head":"<!-- This site is optimized with the Yoast SEO plugin v27.3 - https:\/\/yoast.com\/product\/yoast-seo-wordpress\/ -->\n<title>Kanton Zug - SVEB<\/title>\n<meta name=\"description\" content=\"Wer kann von Weiterbildungsgutscheinen profitieren, wie viel sind sie wert und wo k\u00f6nnen sie bezogen werden? Informationen dazu gibt es hier.\" \/>\n<meta name=\"robots\" content=\"index, follow, max-snippet:-1, max-image-preview:large, max-video-preview:-1\" \/>\n<link rel=\"canonical\" href=\"https:\/\/alice.ch\/de\/dienstleistungen\/gutscheinprojekte-des-sveb\/kanton-zug\/\" \/>\n<meta property=\"og:locale\" content=\"de_DE\" \/>\n<meta property=\"og:type\" content=\"article\" \/>\n<meta property=\"og:title\" content=\"Kanton Zug - SVEB\" \/>\n<meta property=\"og:description\" content=\"Wer kann von Weiterbildungsgutscheinen profitieren, wie viel sind sie wert und wo k\u00f6nnen sie bezogen werden? Informationen dazu gibt es hier.\" \/>\n<meta property=\"og:url\" content=\"https:\/\/alice.ch\/de\/dienstleistungen\/gutscheinprojekte-des-sveb\/kanton-zug\/\" \/>\n<meta property=\"og:site_name\" content=\"SVEB\" \/>\n<meta property=\"article:modified_time\" content=\"2024-01-26T10:22:35+00:00\" \/>\n<meta name=\"twitter:card\" content=\"summary_large_image\" \/>\n<meta name=\"twitter:label1\" content=\"Gesch\u00e4tzte Lesezeit\" \/>\n\t<meta name=\"twitter:data1\" content=\"3\u00a0Minuten\" \/>\n<script type=\"application\/ld+json\" class=\"yoast-schema-graph\">{\"@context\":\"https:\\\/\\\/schema.org\",\"@graph\":[{\"@type\":\"WebPage\",\"@id\":\"https:\\\/\\\/alice.ch\\\/de\\\/dienstleistungen\\\/gutscheinprojekte-des-sveb\\\/kanton-zug\\\/\",\"url\":\"https:\\\/\\\/alice.ch\\\/de\\\/dienstleistungen\\\/gutscheinprojekte-des-sveb\\\/kanton-zug\\\/\",\"name\":\"Kanton Zug - SVEB\",\"isPartOf\":{\"@id\":\"https:\\\/\\\/alice.ch\\\/de\\\/#website\"},\"primaryImageOfPage\":{\"@id\":\"https:\\\/\\\/alice.ch\\\/de\\\/dienstleistungen\\\/gutscheinprojekte-des-sveb\\\/kanton-zug\\\/#primaryimage\"},\"image\":{\"@id\":\"https:\\\/\\\/alice.ch\\\/de\\\/dienstleistungen\\\/gutscheinprojekte-des-sveb\\\/kanton-zug\\\/#primaryimage\"},\"thumbnailUrl\":\"https:\\\/\\\/alice.ch\\\/app\\\/uploads\\\/2022\\\/11\\\/default.jpg\",\"datePublished\":\"2023-09-13T21:13:37+00:00\",\"dateModified\":\"2024-01-26T10:22:35+00:00\",\"description\":\"Wer kann von Weiterbildungsgutscheinen profitieren, wie viel sind sie wert und wo k\u00f6nnen sie bezogen werden? Informationen dazu gibt es hier.\",\"breadcrumb\":{\"@id\":\"https:\\\/\\\/alice.ch\\\/de\\\/dienstleistungen\\\/gutscheinprojekte-des-sveb\\\/kanton-zug\\\/#breadcrumb\"},\"inLanguage\":\"de\",\"potentialAction\":[{\"@type\":\"ReadAction\",\"target\":[\"https:\\\/\\\/alice.ch\\\/de\\\/dienstleistungen\\\/gutscheinprojekte-des-sveb\\\/kanton-zug\\\/\"]}]},{\"@type\":\"ImageObject\",\"inLanguage\":\"de\",\"@id\":\"https:\\\/\\\/alice.ch\\\/de\\\/dienstleistungen\\\/gutscheinprojekte-des-sveb\\\/kanton-zug\\\/#primaryimage\",\"url\":\"https:\\\/\\\/alice.ch\\\/app\\\/uploads\\\/2022\\\/11\\\/default.jpg\",\"contentUrl\":\"https:\\\/\\\/alice.ch\\\/app\\\/uploads\\\/2022\\\/11\\\/default.jpg\",\"width\":1600,\"height\":900},{\"@type\":\"BreadcrumbList\",\"@id\":\"https:\\\/\\\/alice.ch\\\/de\\\/dienstleistungen\\\/gutscheinprojekte-des-sveb\\\/kanton-zug\\\/#breadcrumb\",\"itemListElement\":[{\"@type\":\"ListItem\",\"position\":1,\"name\":\"Startseite\",\"item\":\"https:\\\/\\\/alice.ch\\\/de\\\/\"},{\"@type\":\"ListItem\",\"position\":2,\"name\":\"Dienstleistungen\",\"item\":\"https:\\\/\\\/alice.ch\\\/de\\\/dienstleistungen\\\/\"},{\"@type\":\"ListItem\",\"position\":3,\"name\":\"Gutscheinprojekte des SVEB\",\"item\":\"https:\\\/\\\/alice.ch\\\/de\\\/dienstleistungen\\\/gutscheinprojekte-des-sveb\\\/\"},{\"@type\":\"ListItem\",\"position\":4,\"name\":\"Kanton Zug\"}]},{\"@type\":\"WebSite\",\"@id\":\"https:\\\/\\\/alice.ch\\\/de\\\/#website\",\"url\":\"https:\\\/\\\/alice.ch\\\/de\\\/\",\"name\":\"alice.ch (Adult Learning Information Center) ist das Portal der Weiterbildung in der Schweiz.\",\"description\":\"Schweizerischer Verband f\u00fcr Weiterbildung\",\"publisher\":{\"@id\":\"https:\\\/\\\/alice.ch\\\/de\\\/#organization\"},\"potentialAction\":[{\"@type\":\"SearchAction\",\"target\":{\"@type\":\"EntryPoint\",\"urlTemplate\":\"https:\\\/\\\/alice.ch\\\/de\\\/?s={search_term_string}\"},\"query-input\":{\"@type\":\"PropertyValueSpecification\",\"valueRequired\":true,\"valueName\":\"search_term_string\"}}],\"inLanguage\":\"de\"},{\"@type\":\"Organization\",\"@id\":\"https:\\\/\\\/alice.ch\\\/de\\\/#organization\",\"name\":\"SVEB Schweizerischer Verband f\u00fcr Weiterbildung\",\"url\":\"https:\\\/\\\/alice.ch\\\/de\\\/\",\"logo\":{\"@type\":\"ImageObject\",\"inLanguage\":\"de\",\"@id\":\"https:\\\/\\\/alice.ch\\\/de\\\/#\\\/schema\\\/logo\\\/image\\\/\",\"url\":\"https:\\\/\\\/alice.ch\\\/app\\\/uploads\\\/2022\\\/07\\\/logo-sveb.png\",\"contentUrl\":\"https:\\\/\\\/alice.ch\\\/app\\\/uploads\\\/2022\\\/07\\\/logo-sveb.png\",\"width\":145,\"height\":64,\"caption\":\"SVEB Schweizerischer Verband f\u00fcr Weiterbildung\"},\"image\":{\"@id\":\"https:\\\/\\\/alice.ch\\\/de\\\/#\\\/schema\\\/logo\\\/image\\\/\"},\"sameAs\":[\"https:\\\/\\\/www.linkedin.com\\\/company\\\/schweizerischer-verband-fr-weiterbildung-sveb\\\/\"]}]}<\/script>\n<!-- \/ Yoast SEO plugin. -->","yoast_head_json":{"title":"Kanton Zug - SVEB","description":"Wer kann von Weiterbildungsgutscheinen profitieren, wie viel sind sie wert und wo k\u00f6nnen sie bezogen werden? Informationen dazu gibt es hier.","robots":{"index":"index","follow":"follow","max-snippet":"max-snippet:-1","max-image-preview":"max-image-preview:large","max-video-preview":"max-video-preview:-1"},"canonical":"https:\/\/alice.ch\/de\/dienstleistungen\/gutscheinprojekte-des-sveb\/kanton-zug\/","og_locale":"de_DE","og_type":"article","og_title":"Kanton Zug - SVEB","og_description":"Wer kann von Weiterbildungsgutscheinen profitieren, wie viel sind sie wert und wo k\u00f6nnen sie bezogen werden? Informationen dazu gibt es hier.","og_url":"https:\/\/alice.ch\/de\/dienstleistungen\/gutscheinprojekte-des-sveb\/kanton-zug\/","og_site_name":"SVEB","article_modified_time":"2024-01-26T10:22:35+00:00","twitter_card":"summary_large_image","twitter_misc":{"Gesch\u00e4tzte Lesezeit":"3\u00a0Minuten"},"schema":{"@context":"https:\/\/schema.org","@graph":[{"@type":"WebPage","@id":"https:\/\/alice.ch\/de\/dienstleistungen\/gutscheinprojekte-des-sveb\/kanton-zug\/","url":"https:\/\/alice.ch\/de\/dienstleistungen\/gutscheinprojekte-des-sveb\/kanton-zug\/","name":"Kanton Zug - SVEB","isPartOf":{"@id":"https:\/\/alice.ch\/de\/#website"},"primaryImageOfPage":{"@id":"https:\/\/alice.ch\/de\/dienstleistungen\/gutscheinprojekte-des-sveb\/kanton-zug\/#primaryimage"},"image":{"@id":"https:\/\/alice.ch\/de\/dienstleistungen\/gutscheinprojekte-des-sveb\/kanton-zug\/#primaryimage"},"thumbnailUrl":"https:\/\/alice.ch\/app\/uploads\/2022\/11\/default.jpg","datePublished":"2023-09-13T21:13:37+00:00","dateModified":"2024-01-26T10:22:35+00:00","description":"Wer kann von Weiterbildungsgutscheinen profitieren, wie viel sind sie wert und wo k\u00f6nnen sie bezogen werden? Informationen dazu gibt es hier.","breadcrumb":{"@id":"https:\/\/alice.ch\/de\/dienstleistungen\/gutscheinprojekte-des-sveb\/kanton-zug\/#breadcrumb"},"inLanguage":"de","potentialAction":[{"@type":"ReadAction","target":["https:\/\/alice.ch\/de\/dienstleistungen\/gutscheinprojekte-des-sveb\/kanton-zug\/"]}]},{"@type":"ImageObject","inLanguage":"de","@id":"https:\/\/alice.ch\/de\/dienstleistungen\/gutscheinprojekte-des-sveb\/kanton-zug\/#primaryimage","url":"https:\/\/alice.ch\/app\/uploads\/2022\/11\/default.jpg","contentUrl":"https:\/\/alice.ch\/app\/uploads\/2022\/11\/default.jpg","width":1600,"height":900},{"@type":"BreadcrumbList","@id":"https:\/\/alice.ch\/de\/dienstleistungen\/gutscheinprojekte-des-sveb\/kanton-zug\/#breadcrumb","itemListElement":[{"@type":"ListItem","position":1,"name":"Startseite","item":"https:\/\/alice.ch\/de\/"},{"@type":"ListItem","position":2,"name":"Dienstleistungen","item":"https:\/\/alice.ch\/de\/dienstleistungen\/"},{"@type":"ListItem","position":3,"name":"Gutscheinprojekte des SVEB","item":"https:\/\/alice.ch\/de\/dienstleistungen\/gutscheinprojekte-des-sveb\/"},{"@type":"ListItem","position":4,"name":"Kanton Zug"}]},{"@type":"WebSite","@id":"https:\/\/alice.ch\/de\/#website","url":"https:\/\/alice.ch\/de\/","name":"alice.ch (Adult Learning Information Center) ist das Portal der Weiterbildung in der Schweiz.","description":"Schweizerischer Verband f\u00fcr Weiterbildung","publisher":{"@id":"https:\/\/alice.ch\/de\/#organization"},"potentialAction":[{"@type":"SearchAction","target":{"@type":"EntryPoint","urlTemplate":"https:\/\/alice.ch\/de\/?s={search_term_string}"},"query-input":{"@type":"PropertyValueSpecification","valueRequired":true,"valueName":"search_term_string"}}],"inLanguage":"de"},{"@type":"Organization","@id":"https:\/\/alice.ch\/de\/#organization","name":"SVEB Schweizerischer Verband f\u00fcr Weiterbildung","url":"https:\/\/alice.ch\/de\/","logo":{"@type":"ImageObject","inLanguage":"de","@id":"https:\/\/alice.ch\/de\/#\/schema\/logo\/image\/","url":"https:\/\/alice.ch\/app\/uploads\/2022\/07\/logo-sveb.png","contentUrl":"https:\/\/alice.ch\/app\/uploads\/2022\/07\/logo-sveb.png","width":145,"height":64,"caption":"SVEB Schweizerischer Verband f\u00fcr Weiterbildung"},"image":{"@id":"https:\/\/alice.ch\/de\/#\/schema\/logo\/image\/"},"sameAs":["https:\/\/www.linkedin.com\/company\/schweizerischer-verband-fr-weiterbildung-sveb\/"]}]}},"_links":{"self":[{"href":"https:\/\/alice.ch\/de\/wp-json\/wp\/v2\/pages\/54002","targetHints":{"allow":["GET"]}}],"collection":[{"href":"https:\/\/alice.ch\/de\/wp-json\/wp\/v2\/pages"}],"about":[{"href":"https:\/\/alice.ch\/de\/wp-json\/wp\/v2\/types\/page"}],"author":[{"embeddable":true,"href":"https:\/\/alice.ch\/de\/wp-json\/wp\/v2\/users\/5"}],"replies":[{"embeddable":true,"href":"https:\/\/alice.ch\/de\/wp-json\/wp\/v2\/comments?post=54002"}],"version-history":[{"count":7,"href":"https:\/\/alice.ch\/de\/wp-json\/wp\/v2\/pages\/54002\/revisions"}],"predecessor-version":[{"id":57387,"href":"https:\/\/alice.ch\/de\/wp-json\/wp\/v2\/pages\/54002\/revisions\/57387"}],"up":[{"embeddable":true,"href":"https:\/\/alice.ch\/de\/wp-json\/wp\/v2\/pages\/494"}],"wp:featuredmedia":[{"embeddable":true,"href":"https:\/\/alice.ch\/de\/wp-json\/wp\/v2\/media\/20799"}],"wp:attachment":[{"href":"https:\/\/alice.ch\/de\/wp-json\/wp\/v2\/media?parent=54002"}],"curies":[{"name":"wp","href":"https:\/\/api.w.org\/{rel}","templated":true}]}}