{"id":54291,"date":"2023-09-22T17:58:18","date_gmt":"2023-09-22T15:58:18","guid":{"rendered":"https:\/\/alice.ch\/?page_id=54291"},"modified":"2023-12-01T13:28:55","modified_gmt":"2023-12-01T12:28:55","slug":"kurspublikationen-auf-weiterbildung-swiss","status":"publish","type":"page","link":"https:\/\/alice.ch\/de\/dienstleistungen\/werbung-platzieren\/kurspublikationen-auf-weiterbildung-swiss\/","title":{"rendered":"Kurspublikationen auf weiterbildung.swiss"},"content":{"rendered":"\n<div class=\"wp-block-group is-style-default is-layout-constrained wp-block-group-is-layout-constrained\">\n<div class=\"wp-block-group is-style-reduced-width is-layout-constrained wp-block-group-is-layout-constrained\">\n<h1 class=\"wp-block-heading\">Kurspublikationen auf weiterbildung.swiss<\/h1>\n\n\n\n<p>Erh\u00f6hen Sie die Sichtbarkeit Ihrer Kurse und publizieren Sie Ihr Weiterbildungsangebot in der  Weiterbildungsdatenbank mit 30\u2019000 Kursen. Wir arbeiten mit Partnerportalen wie&nbsp;<a href=\"http:\/\/www.jobscout24.ch\/de\/weiterbildungen-und-kurse\" target=\"_blank\" rel=\"noreferrer noopener\">jobscout24.ch<\/a>&nbsp;und&nbsp;<a href=\"http:\/\/www.guidle.com\/\" target=\"_blank\" rel=\"noreferrer noopener\">guidle.com<\/a>&nbsp;zusammen, auf denen Ihre Kurse ebenfalls angezeigt werden.<\/p>\n\n\n\n<p><strong>Kursauschreibung:&nbsp;<\/strong>Publikation Ihres Weiterbildungsangebotes mit detaillierten Informationen zum Kurs (inkl. PDF-Upload mit Kursbeschrieb\/Programm) sowie zu Ihnen als Anbieter mit Logo, Portrait und Link auf Ihre Webseite. Die Teilnehmenden kontaktieren Sie direkt via Formular. Sie k\u00f6nnen Ihre Kurse bequem durch uns erfassen lassen oder dies selbst tun: entweder manuell oder mittels automatischer Schnittstelle.<\/p>\n\n\n\n<div class=\"wp-block-group is-style-default has-primary-background-color has-background is-layout-constrained wp-block-group-is-layout-constrained\">\n<p class=\"is-style-lead\">Mit&nbsp;<strong>\u00abTop Kurse\u00bb&nbsp;<\/strong>erreichen Sie noch mehr Interessierte<strong>:<\/strong>&nbsp;Ihr Angebot erscheint auf allen Portalen zuoberst, unabh\u00e4ngig von der Sucheingabe. Es werden maximal 5 Top-Kurse angezeigt.<\/p>\n<\/div>\n\n\n\n<div style=\"height:28px\" aria-hidden=\"true\" class=\"wp-block-spacer\"><\/div>\n\n\n\n<p><strong>Einbindung auf Ihrer Webseite:&nbsp;<\/strong>Binden Sie die Datenbank auf Ihrer eigenen Webseite ein und zeigen Sie die von Ihnen gew\u00fcnschten Kurse passend f\u00fcr Ihre Zielgruppe an. Die Selektions- und Anzeigekriterien bestimmen Sie selbst. Das Design k\u00f6nnen wir dem Erscheinungsbild Ihrer Webseite anpassen.<\/p>\n\n\n\n<div class=\"wp-block-buttons is-layout-flex wp-block-buttons-is-layout-flex\">\n<div class=\"wp-block-button is-style-outline is-style-outline--1\"><a class=\"wp-block-button__link wp-element-button\" href=\"https:\/\/www.weiterbildung.swiss\/?content=Kurspublikation\" target=\"_blank\" rel=\"noreferrer noopener\">Informationen und Registrierung<\/a><\/div>\n<\/div>\n\n\n\n<p><\/p>\n\n\n\n<div class=\"wp-block-columns is-layout-flex wp-container-core-columns-is-layout-28f84493 wp-block-columns-is-layout-flex\">\n<div class=\"wp-block-column is-layout-flow wp-block-column-is-layout-flow\" style=\"flex-basis:50%\">\n<div class=\"wp-block-file\"><a id=\"wp-block-file--media-eec9df04-5b29-4ed0-89c9-db8c1ad39e07\" href=\"https:\/\/alice.ch\/app\/uploads\/2022\/11\/Mediadaten_2023_de_online.pdf\" target=\"_blank\" rel=\"noreferrer noopener\">Mediadaten 2023<br \/>PDF &#8211; 343 KB<\/a><\/div>\n<\/div>\n\n\n\n<div class=\"wp-block-column is-layout-flow wp-block-column-is-layout-flow\" style=\"flex-basis:50%\"><\/div>\n<\/div>\n\n\n\n<h2 class=\"wp-block-heading\">Kontakt<\/h2>\n\n\n\n<div class=\"wp-block-columns is-layout-flex wp-container-core-columns-is-layout-28f84493 wp-block-columns-is-layout-flex\">\n<div class=\"wp-block-column is-layout-flow wp-block-column-is-layout-flow\" style=\"flex-basis:50%\"><div class=\"contact-persons\">\n\n\t\t\t\t\t<div class=\"contact-person\">\n\t\t\t\t\tMichelle Mathys<br \/>\t\t\t\t\tVerantwortliche Marketing<br \/>\t\t\t\t\t<br \/>\n\t\t\t\t\t\t\t\t\t\t<a href=\"tel:+41 (0)44 319 71 55\">+41 (0)44 319 71 55<\/a><br \/>\t\t\t\t\t<a href=\"mailto:michelle.mathys@alice.ch\">michelle.mathys@alice.ch<\/a><br \/>\t\t\t\t\t<\/div>\n\t\t\t\t\t<\/div>\n<\/div>\n\n\n\n<div class=\"wp-block-column is-layout-flow wp-block-column-is-layout-flow\" style=\"flex-basis:50%\"><\/div>\n<\/div>\n<\/div>\n<\/div>\n","protected":false},"excerpt":{"rendered":"<p>Kurspublikationen auf weiterbildung.swiss Erh\u00f6hen Sie die Sichtbarkeit Ihrer Kurse und publizieren Sie Ihr Weiterbildungsangebot in der Weiterbildungsdatenbank mit 30\u2019000 Kursen. [&hellip;]<\/p>\n","protected":false},"author":5,"featured_media":20799,"parent":498,"menu_order":182,"comment_status":"closed","ping_status":"closed","template":"","meta":{"_acf_changed":false,"inline_featured_image":false,"footnotes":""},"class_list":["post-54291","page","type-page","status-publish","has-post-thumbnail","hentry"],"acf":[],"yoast_head":"<!-- This site is optimized with the Yoast SEO plugin v27.3 - https:\/\/yoast.com\/product\/yoast-seo-wordpress\/ -->\n<title>Kurspublikationen auf weiterbildung.swiss - SVEB<\/title>\n<meta name=\"description\" content=\"Erh\u00f6hen Sie die Sichtbarkeit Ihrer Kurse und publizieren Sie Ihr Weiterbildungsangebot in der Weiterbildungsdatenbank mit 30\u2019000 Kursen.\" \/>\n<meta name=\"robots\" content=\"index, follow, max-snippet:-1, max-image-preview:large, max-video-preview:-1\" \/>\n<link rel=\"canonical\" href=\"https:\/\/alice.ch\/de\/dienstleistungen\/werbung-platzieren\/kurspublikationen-auf-weiterbildung-swiss\/\" \/>\n<meta property=\"og:locale\" content=\"de_DE\" \/>\n<meta property=\"og:type\" content=\"article\" \/>\n<meta property=\"og:title\" content=\"Kurspublikationen auf weiterbildung.swiss - SVEB\" \/>\n<meta property=\"og:description\" content=\"Erh\u00f6hen Sie die Sichtbarkeit Ihrer Kurse und publizieren Sie Ihr Weiterbildungsangebot in der Weiterbildungsdatenbank mit 30\u2019000 Kursen.\" \/>\n<meta property=\"og:url\" content=\"https:\/\/alice.ch\/de\/dienstleistungen\/werbung-platzieren\/kurspublikationen-auf-weiterbildung-swiss\/\" \/>\n<meta property=\"og:site_name\" content=\"SVEB\" \/>\n<meta property=\"article:modified_time\" content=\"2023-12-01T12:28:55+00:00\" \/>\n<meta property=\"og:image\" content=\"https:\/\/alice.ch\/app\/uploads\/2022\/11\/default.jpg\" \/>\n\t<meta property=\"og:image:width\" content=\"1600\" \/>\n\t<meta property=\"og:image:height\" content=\"900\" \/>\n\t<meta property=\"og:image:type\" content=\"image\/jpeg\" \/>\n<meta name=\"twitter:card\" content=\"summary_large_image\" \/>\n<meta name=\"twitter:label1\" content=\"Gesch\u00e4tzte Lesezeit\" \/>\n\t<meta name=\"twitter:data1\" content=\"1\u00a0Minute\" \/>\n<script type=\"application\/ld+json\" class=\"yoast-schema-graph\">{\"@context\":\"https:\\\/\\\/schema.org\",\"@graph\":[{\"@type\":\"WebPage\",\"@id\":\"https:\\\/\\\/alice.ch\\\/de\\\/dienstleistungen\\\/werbung-platzieren\\\/kurspublikationen-auf-weiterbildung-swiss\\\/\",\"url\":\"https:\\\/\\\/alice.ch\\\/de\\\/dienstleistungen\\\/werbung-platzieren\\\/kurspublikationen-auf-weiterbildung-swiss\\\/\",\"name\":\"Kurspublikationen auf weiterbildung.swiss - SVEB\",\"isPartOf\":{\"@id\":\"https:\\\/\\\/alice.ch\\\/de\\\/#website\"},\"primaryImageOfPage\":{\"@id\":\"https:\\\/\\\/alice.ch\\\/de\\\/dienstleistungen\\\/werbung-platzieren\\\/kurspublikationen-auf-weiterbildung-swiss\\\/#primaryimage\"},\"image\":{\"@id\":\"https:\\\/\\\/alice.ch\\\/de\\\/dienstleistungen\\\/werbung-platzieren\\\/kurspublikationen-auf-weiterbildung-swiss\\\/#primaryimage\"},\"thumbnailUrl\":\"https:\\\/\\\/alice.ch\\\/app\\\/uploads\\\/2022\\\/11\\\/default.jpg\",\"datePublished\":\"2023-09-22T15:58:18+00:00\",\"dateModified\":\"2023-12-01T12:28:55+00:00\",\"description\":\"Erh\u00f6hen Sie die Sichtbarkeit Ihrer Kurse und publizieren Sie Ihr Weiterbildungsangebot in der Weiterbildungsdatenbank mit 30\u2019000 Kursen.\",\"breadcrumb\":{\"@id\":\"https:\\\/\\\/alice.ch\\\/de\\\/dienstleistungen\\\/werbung-platzieren\\\/kurspublikationen-auf-weiterbildung-swiss\\\/#breadcrumb\"},\"inLanguage\":\"de\",\"potentialAction\":[{\"@type\":\"ReadAction\",\"target\":[\"https:\\\/\\\/alice.ch\\\/de\\\/dienstleistungen\\\/werbung-platzieren\\\/kurspublikationen-auf-weiterbildung-swiss\\\/\"]}]},{\"@type\":\"ImageObject\",\"inLanguage\":\"de\",\"@id\":\"https:\\\/\\\/alice.ch\\\/de\\\/dienstleistungen\\\/werbung-platzieren\\\/kurspublikationen-auf-weiterbildung-swiss\\\/#primaryimage\",\"url\":\"https:\\\/\\\/alice.ch\\\/app\\\/uploads\\\/2022\\\/11\\\/default.jpg\",\"contentUrl\":\"https:\\\/\\\/alice.ch\\\/app\\\/uploads\\\/2022\\\/11\\\/default.jpg\",\"width\":1600,\"height\":900},{\"@type\":\"BreadcrumbList\",\"@id\":\"https:\\\/\\\/alice.ch\\\/de\\\/dienstleistungen\\\/werbung-platzieren\\\/kurspublikationen-auf-weiterbildung-swiss\\\/#breadcrumb\",\"itemListElement\":[{\"@type\":\"ListItem\",\"position\":1,\"name\":\"Startseite\",\"item\":\"https:\\\/\\\/alice.ch\\\/de\\\/\"},{\"@type\":\"ListItem\",\"position\":2,\"name\":\"Dienstleistungen\",\"item\":\"https:\\\/\\\/alice.ch\\\/de\\\/dienstleistungen\\\/\"},{\"@type\":\"ListItem\",\"position\":3,\"name\":\"Werbung platzieren\",\"item\":\"https:\\\/\\\/alice.ch\\\/de\\\/dienstleistungen\\\/werbung-platzieren\\\/\"},{\"@type\":\"ListItem\",\"position\":4,\"name\":\"Kurspublikationen auf weiterbildung.swiss\"}]},{\"@type\":\"WebSite\",\"@id\":\"https:\\\/\\\/alice.ch\\\/de\\\/#website\",\"url\":\"https:\\\/\\\/alice.ch\\\/de\\\/\",\"name\":\"alice.ch (Adult Learning Information Center) ist das Portal der Weiterbildung in der Schweiz.\",\"description\":\"Schweizerischer Verband f\u00fcr Weiterbildung\",\"publisher\":{\"@id\":\"https:\\\/\\\/alice.ch\\\/de\\\/#organization\"},\"potentialAction\":[{\"@type\":\"SearchAction\",\"target\":{\"@type\":\"EntryPoint\",\"urlTemplate\":\"https:\\\/\\\/alice.ch\\\/de\\\/?s={search_term_string}\"},\"query-input\":{\"@type\":\"PropertyValueSpecification\",\"valueRequired\":true,\"valueName\":\"search_term_string\"}}],\"inLanguage\":\"de\"},{\"@type\":\"Organization\",\"@id\":\"https:\\\/\\\/alice.ch\\\/de\\\/#organization\",\"name\":\"SVEB Schweizerischer Verband f\u00fcr Weiterbildung\",\"url\":\"https:\\\/\\\/alice.ch\\\/de\\\/\",\"logo\":{\"@type\":\"ImageObject\",\"inLanguage\":\"de\",\"@id\":\"https:\\\/\\\/alice.ch\\\/de\\\/#\\\/schema\\\/logo\\\/image\\\/\",\"url\":\"https:\\\/\\\/alice.ch\\\/app\\\/uploads\\\/2022\\\/07\\\/logo-sveb.png\",\"contentUrl\":\"https:\\\/\\\/alice.ch\\\/app\\\/uploads\\\/2022\\\/07\\\/logo-sveb.png\",\"width\":145,\"height\":64,\"caption\":\"SVEB Schweizerischer Verband f\u00fcr Weiterbildung\"},\"image\":{\"@id\":\"https:\\\/\\\/alice.ch\\\/de\\\/#\\\/schema\\\/logo\\\/image\\\/\"},\"sameAs\":[\"https:\\\/\\\/www.linkedin.com\\\/company\\\/schweizerischer-verband-fr-weiterbildung-sveb\\\/\"]}]}<\/script>\n<!-- \/ Yoast SEO plugin. -->","yoast_head_json":{"title":"Kurspublikationen auf weiterbildung.swiss - SVEB","description":"Erh\u00f6hen Sie die Sichtbarkeit Ihrer Kurse und publizieren Sie Ihr Weiterbildungsangebot in der Weiterbildungsdatenbank mit 30\u2019000 Kursen.","robots":{"index":"index","follow":"follow","max-snippet":"max-snippet:-1","max-image-preview":"max-image-preview:large","max-video-preview":"max-video-preview:-1"},"canonical":"https:\/\/alice.ch\/de\/dienstleistungen\/werbung-platzieren\/kurspublikationen-auf-weiterbildung-swiss\/","og_locale":"de_DE","og_type":"article","og_title":"Kurspublikationen auf weiterbildung.swiss - SVEB","og_description":"Erh\u00f6hen Sie die Sichtbarkeit Ihrer Kurse und publizieren Sie Ihr Weiterbildungsangebot in der Weiterbildungsdatenbank mit 30\u2019000 Kursen.","og_url":"https:\/\/alice.ch\/de\/dienstleistungen\/werbung-platzieren\/kurspublikationen-auf-weiterbildung-swiss\/","og_site_name":"SVEB","article_modified_time":"2023-12-01T12:28:55+00:00","og_image":[{"width":1600,"height":900,"url":"https:\/\/alice.ch\/app\/uploads\/2022\/11\/default.jpg","type":"image\/jpeg"}],"twitter_card":"summary_large_image","twitter_misc":{"Gesch\u00e4tzte Lesezeit":"1\u00a0Minute"},"schema":{"@context":"https:\/\/schema.org","@graph":[{"@type":"WebPage","@id":"https:\/\/alice.ch\/de\/dienstleistungen\/werbung-platzieren\/kurspublikationen-auf-weiterbildung-swiss\/","url":"https:\/\/alice.ch\/de\/dienstleistungen\/werbung-platzieren\/kurspublikationen-auf-weiterbildung-swiss\/","name":"Kurspublikationen auf weiterbildung.swiss - SVEB","isPartOf":{"@id":"https:\/\/alice.ch\/de\/#website"},"primaryImageOfPage":{"@id":"https:\/\/alice.ch\/de\/dienstleistungen\/werbung-platzieren\/kurspublikationen-auf-weiterbildung-swiss\/#primaryimage"},"image":{"@id":"https:\/\/alice.ch\/de\/dienstleistungen\/werbung-platzieren\/kurspublikationen-auf-weiterbildung-swiss\/#primaryimage"},"thumbnailUrl":"https:\/\/alice.ch\/app\/uploads\/2022\/11\/default.jpg","datePublished":"2023-09-22T15:58:18+00:00","dateModified":"2023-12-01T12:28:55+00:00","description":"Erh\u00f6hen Sie die Sichtbarkeit Ihrer Kurse und publizieren Sie Ihr Weiterbildungsangebot in der Weiterbildungsdatenbank mit 30\u2019000 Kursen.","breadcrumb":{"@id":"https:\/\/alice.ch\/de\/dienstleistungen\/werbung-platzieren\/kurspublikationen-auf-weiterbildung-swiss\/#breadcrumb"},"inLanguage":"de","potentialAction":[{"@type":"ReadAction","target":["https:\/\/alice.ch\/de\/dienstleistungen\/werbung-platzieren\/kurspublikationen-auf-weiterbildung-swiss\/"]}]},{"@type":"ImageObject","inLanguage":"de","@id":"https:\/\/alice.ch\/de\/dienstleistungen\/werbung-platzieren\/kurspublikationen-auf-weiterbildung-swiss\/#primaryimage","url":"https:\/\/alice.ch\/app\/uploads\/2022\/11\/default.jpg","contentUrl":"https:\/\/alice.ch\/app\/uploads\/2022\/11\/default.jpg","width":1600,"height":900},{"@type":"BreadcrumbList","@id":"https:\/\/alice.ch\/de\/dienstleistungen\/werbung-platzieren\/kurspublikationen-auf-weiterbildung-swiss\/#breadcrumb","itemListElement":[{"@type":"ListItem","position":1,"name":"Startseite","item":"https:\/\/alice.ch\/de\/"},{"@type":"ListItem","position":2,"name":"Dienstleistungen","item":"https:\/\/alice.ch\/de\/dienstleistungen\/"},{"@type":"ListItem","position":3,"name":"Werbung platzieren","item":"https:\/\/alice.ch\/de\/dienstleistungen\/werbung-platzieren\/"},{"@type":"ListItem","position":4,"name":"Kurspublikationen auf weiterbildung.swiss"}]},{"@type":"WebSite","@id":"https:\/\/alice.ch\/de\/#website","url":"https:\/\/alice.ch\/de\/","name":"alice.ch (Adult Learning Information Center) ist das Portal der Weiterbildung in der Schweiz.","description":"Schweizerischer Verband f\u00fcr Weiterbildung","publisher":{"@id":"https:\/\/alice.ch\/de\/#organization"},"potentialAction":[{"@type":"SearchAction","target":{"@type":"EntryPoint","urlTemplate":"https:\/\/alice.ch\/de\/?s={search_term_string}"},"query-input":{"@type":"PropertyValueSpecification","valueRequired":true,"valueName":"search_term_string"}}],"inLanguage":"de"},{"@type":"Organization","@id":"https:\/\/alice.ch\/de\/#organization","name":"SVEB Schweizerischer Verband f\u00fcr Weiterbildung","url":"https:\/\/alice.ch\/de\/","logo":{"@type":"ImageObject","inLanguage":"de","@id":"https:\/\/alice.ch\/de\/#\/schema\/logo\/image\/","url":"https:\/\/alice.ch\/app\/uploads\/2022\/07\/logo-sveb.png","contentUrl":"https:\/\/alice.ch\/app\/uploads\/2022\/07\/logo-sveb.png","width":145,"height":64,"caption":"SVEB Schweizerischer Verband f\u00fcr Weiterbildung"},"image":{"@id":"https:\/\/alice.ch\/de\/#\/schema\/logo\/image\/"},"sameAs":["https:\/\/www.linkedin.com\/company\/schweizerischer-verband-fr-weiterbildung-sveb\/"]}]}},"_links":{"self":[{"href":"https:\/\/alice.ch\/de\/wp-json\/wp\/v2\/pages\/54291","targetHints":{"allow":["GET"]}}],"collection":[{"href":"https:\/\/alice.ch\/de\/wp-json\/wp\/v2\/pages"}],"about":[{"href":"https:\/\/alice.ch\/de\/wp-json\/wp\/v2\/types\/page"}],"author":[{"embeddable":true,"href":"https:\/\/alice.ch\/de\/wp-json\/wp\/v2\/users\/5"}],"replies":[{"embeddable":true,"href":"https:\/\/alice.ch\/de\/wp-json\/wp\/v2\/comments?post=54291"}],"version-history":[{"count":2,"href":"https:\/\/alice.ch\/de\/wp-json\/wp\/v2\/pages\/54291\/revisions"}],"predecessor-version":[{"id":56289,"href":"https:\/\/alice.ch\/de\/wp-json\/wp\/v2\/pages\/54291\/revisions\/56289"}],"up":[{"embeddable":true,"href":"https:\/\/alice.ch\/de\/wp-json\/wp\/v2\/pages\/498"}],"wp:featuredmedia":[{"embeddable":true,"href":"https:\/\/alice.ch\/de\/wp-json\/wp\/v2\/media\/20799"}],"wp:attachment":[{"href":"https:\/\/alice.ch\/de\/wp-json\/wp\/v2\/media?parent=54291"}],"curies":[{"name":"wp","href":"https:\/\/api.w.org\/{rel}","templated":true}]}}