{"id":54727,"date":"2023-10-11T18:44:26","date_gmt":"2023-10-11T16:44:26","guid":{"rendered":"https:\/\/alice.ch\/?page_id=54727"},"modified":"2025-09-22T14:44:06","modified_gmt":"2025-09-22T12:44:06","slug":"bannerwerbung-auf-alice-ch","status":"publish","type":"page","link":"https:\/\/alice.ch\/de\/dienstleistungen\/werbung-platzieren\/bannerwerbung-auf-alice-ch\/","title":{"rendered":"Bannerwerbung auf alice.ch"},"content":{"rendered":"\n<div class=\"wp-block-group is-style-reduced-width is-layout-flow wp-block-group-is-layout-flow\">\n<h1 class=\"wp-block-heading\">Bannerwerbung auf alice.ch reservieren<\/h1>\n\n\n\n<p class=\"is-style-lead\">Unsere Webseite alice.ch weist monatlich ca. 16&#8217;000 Seitenaufrufe von Personen aus, welche sich f\u00fcr Weiterbildung interessieren oder in diesem Bereich beruflich t\u00e4tig sind. Um Ihre Zielgruppe auf alice.ch dort zu treffen, wo sie anzutreffen ist, stehen Ihnen mehrere M\u00f6glichkeiten zur Verf\u00fcgung.<\/p>\n\n\n\n<p>Um Ihre Zielgruppe auf alice.ch dort zu erreichen, wo sie anzutreffen ist, stehen Ihnen mehrere M\u00f6glichkeiten zur Verf\u00fcgung:<\/p>\n\n\n\n<ul class=\"wp-block-list\">\n<li>alice.ch inklusive AdA, eduQua, Stellenmarkt und Veranstaltungen<\/li>\n\n\n\n<li>Sprachregionale Haupt- und Unterseiten (F, I)<\/li>\n\n\n\n<li>Drei verschiedene Formate (Desktop-Rectangle, Desktop-Skyscraper, Mobile-Leaderboard)<\/li>\n<\/ul>\n\n\n\n<h2 class=\"wp-block-heading\">Banner-Preise<\/h2>\n\n\n\n<p>(in CHF \/ Monat)<\/p>\n\n\n\n<figure class=\"wp-block-table is-style-stripes\"><table><tbody><tr><td><strong><a href=\"https:\/\/alice.ch\/de\/\">alice.ch\/de<\/a><\/strong><\/td><td>Skyscraper (Desktop)<\/td><td>850.\u2013<\/td><\/tr><tr><td><\/td><td>Rectangle (Desktop)<\/td><td>470.\u2013<\/td><\/tr><tr><td><\/td><td>Leaderboard (Mobile)<\/td><td>320.\u2013<\/td><\/tr><tr><td><strong><a href=\"https:\/\/alice.ch\/fr\/\">alice.ch\/fr<\/a> <\/strong><\/td><td>Skyscraper (Desktop)<\/td><td>310.\u2013<\/td><\/tr><tr><td><\/td><td>Rectangle (Desktop)<\/td><td>170.\u2013<\/td><\/tr><tr><td><\/td><td>Leaderboard (Mobile)<\/td><td>120.\u2013<\/td><\/tr><tr><td><strong><a href=\"https:\/\/alice.ch\/it\/\">alice.ch\/it<\/a><\/strong><\/td><td>Skyscraper (Desktop)<\/td><td>140.\u2013<\/td><\/tr><tr><td><\/td><td>Rectangle (Desktop)<\/td><td>80.\u2013<\/td><\/tr><tr><td><\/td><td>Leaderboard (Mobile)<\/td><td>60.\u2013<\/td><\/tr><\/tbody><\/table><figcaption class=\"wp-element-caption\">Run of Site, rotierend max. 4-fach belegt, Fixpreise, 5% Wiederholungsrabatt ab 6 Monate<\/figcaption><\/figure>\n\n\n\n<p><\/p>\n\n\n\n<h2 class=\"wp-block-heading\">Datenlieferung<\/h2>\n\n\n\n<p>Rectangle: 160 x 120 Pixel, Formate jpg, gif oder HTML5<br>Skyscraper: 160 x 600 Pixel, Formate jpg, gif oder HTML5<br>Leaderboard: 320 x 50 Pixel, Formate jpg, gif oder HTML5<\/p>\n\n\n\n<p>Geben Sie uns Ihre W\u00fcnsche genau an. Wir werden mit Ihnen Zeitraum und Platzierung umgehend abstimmen.<\/p>\n\n\n\n<div class=\"wp-block-contact-form-7-contact-form-selector\">\n<div class=\"wpcf7 no-js\" id=\"wpcf7-f17460-o1\" lang=\"de-DE\" dir=\"ltr\" data-wpcf7-id=\"17460\">\n<div class=\"screen-reader-response\"><p role=\"status\" aria-live=\"polite\" aria-atomic=\"true\"><\/p> <ul><\/ul><\/div>\n<form action=\"\/de\/wp-json\/wp\/v2\/pages\/54727#wpcf7-f17460-o1\" method=\"post\" class=\"wpcf7-form init\" aria-label=\"Kontaktformular\" novalidate=\"novalidate\" data-status=\"init\">\n<fieldset class=\"hidden-fields-container\"><input type=\"hidden\" name=\"_wpcf7\" value=\"17460\" \/><input type=\"hidden\" name=\"_wpcf7_version\" value=\"6.1.5\" \/><input type=\"hidden\" name=\"_wpcf7_locale\" value=\"de_DE\" \/><input type=\"hidden\" name=\"_wpcf7_unit_tag\" value=\"wpcf7-f17460-o1\" \/><input type=\"hidden\" name=\"_wpcf7_container_post\" value=\"0\" \/><input type=\"hidden\" name=\"_wpcf7_posted_data_hash\" value=\"\" \/>\n<\/fieldset>\n<p><label>Welche Sprachseiten w\u00fcnschen Sie?*<\/label><br \/>\n<span class=\"wpcf7-form-control-wrap\" data-name=\"checkbox-626\"><span class=\"wpcf7-form-control wpcf7-checkbox wpcf7-validates-as-required\"><span class=\"wpcf7-list-item first\"><label><input type=\"checkbox\" name=\"checkbox-626[]\" value=\"deutsch\" \/><span class=\"wpcf7-list-item-label\">deutsch<\/span><\/label><\/span><span class=\"wpcf7-list-item\"><label><input type=\"checkbox\" name=\"checkbox-626[]\" value=\"franz\u00f6sisch\" \/><span class=\"wpcf7-list-item-label\">franz\u00f6sisch<\/span><\/label><\/span><span class=\"wpcf7-list-item last\"><label><input type=\"checkbox\" name=\"checkbox-626[]\" value=\"italienisch\" \/><span class=\"wpcf7-list-item-label\">italienisch<\/span><\/label><\/span><\/span><\/span>\n<\/p>\n<p><label>Welches Bannerformat w\u00fcnschen Sie?*<\/label><br \/>\n<span class=\"wpcf7-form-control-wrap\" data-name=\"Bannerformatcheckbox-123\"><span class=\"wpcf7-form-control wpcf7-checkbox wpcf7-validates-as-required\"><span class=\"wpcf7-list-item first\"><label><input type=\"checkbox\" name=\"Bannerformatcheckbox-123[]\" value=\"alice.ch\/de Skyscraper (Desktop): 850.\u2013\" \/><span class=\"wpcf7-list-item-label\">alice.ch\/de Skyscraper (Desktop): 850.\u2013<\/span><\/label><\/span><span class=\"wpcf7-list-item\"><label><input type=\"checkbox\" name=\"Bannerformatcheckbox-123[]\" value=\"alice.ch\/de Rectangle (Desktop): 470.\u2013\" \/><span class=\"wpcf7-list-item-label\">alice.ch\/de Rectangle (Desktop): 470.\u2013<\/span><\/label><\/span><span class=\"wpcf7-list-item\"><label><input type=\"checkbox\" name=\"Bannerformatcheckbox-123[]\" value=\"alice.ch\/de Leaderboard (Mobile): 320.\u2013\" \/><span class=\"wpcf7-list-item-label\">alice.ch\/de Leaderboard (Mobile): 320.\u2013<\/span><\/label><\/span><span class=\"wpcf7-list-item\"><label><input type=\"checkbox\" name=\"Bannerformatcheckbox-123[]\" value=\"alice.ch\/fr Skyscraper (Desktop): 310.\u2013\" \/><span class=\"wpcf7-list-item-label\">alice.ch\/fr Skyscraper (Desktop): 310.\u2013<\/span><\/label><\/span><span class=\"wpcf7-list-item\"><label><input type=\"checkbox\" name=\"Bannerformatcheckbox-123[]\" value=\"alice.ch\/fr Rectangle (Desktop): 170.\u2013\" \/><span class=\"wpcf7-list-item-label\">alice.ch\/fr Rectangle (Desktop): 170.\u2013<\/span><\/label><\/span><span class=\"wpcf7-list-item\"><label><input type=\"checkbox\" name=\"Bannerformatcheckbox-123[]\" value=\"alice.ch\/fr Leaderboard (Mobile): 120.\u2013\" \/><span class=\"wpcf7-list-item-label\">alice.ch\/fr Leaderboard (Mobile): 120.\u2013<\/span><\/label><\/span><span class=\"wpcf7-list-item\"><label><input type=\"checkbox\" name=\"Bannerformatcheckbox-123[]\" value=\"alice.ch\/it Skyscraper (Desktop): 140.\u2013\" \/><span class=\"wpcf7-list-item-label\">alice.ch\/it Skyscraper (Desktop): 140.\u2013<\/span><\/label><\/span><span class=\"wpcf7-list-item\"><label><input type=\"checkbox\" name=\"Bannerformatcheckbox-123[]\" value=\"alice.ch\/it Rectangle (Desktop): 80.\u2013\" \/><span class=\"wpcf7-list-item-label\">alice.ch\/it Rectangle (Desktop): 80.\u2013<\/span><\/label><\/span><span class=\"wpcf7-list-item last\"><label><input type=\"checkbox\" name=\"Bannerformatcheckbox-123[]\" value=\"alice.ch\/it Leaderboard (Mobile): 60.\u2013\" \/><span class=\"wpcf7-list-item-label\">alice.ch\/it Leaderboard (Mobile): 60.\u2013<\/span><\/label><\/span><\/span><\/span>\n<\/p>\n<p><label>Welches Startdatum?*<br \/>\n<span class=\"wpcf7-form-control-wrap\" data-name=\"date-426\"><input class=\"wpcf7-form-control wpcf7-date wpcf7-validates-as-required wpcf7-validates-as-date\" aria-required=\"true\" aria-invalid=\"false\" placeholder=\"\" value=\"\" type=\"date\" name=\"date-426\" \/><\/span><br \/>\n<\/label>\n<\/p>\n<p><label>Wie viele Monate?*<br \/>\n<span class=\"wpcf7-form-control-wrap\" data-name=\"menu-368\"><select class=\"wpcf7-form-control wpcf7-select\" aria-invalid=\"false\" name=\"menu-368\"><option value=\"1\">1<\/option><option value=\"2\">2<\/option><option value=\"3\">3<\/option><option value=\"4\">4<\/option><option value=\"5\">5<\/option><option value=\"6\">6<\/option><option value=\"7\">7<\/option><option value=\"8\">8<\/option><option value=\"9\">9<\/option><option value=\"10\">10<\/option><option value=\"11\">11<\/option><option value=\"12\">12<\/option><\/select><\/span><br \/>\n<\/label>\n<\/p>\n<p><label>Organisation*<br \/>\n<span class=\"wpcf7-form-control-wrap\" data-name=\"your-organisation\"><input size=\"40\" maxlength=\"400\" class=\"wpcf7-form-control wpcf7-text wpcf7-validates-as-required\" aria-required=\"true\" aria-invalid=\"false\" placeholder=\"Musterfirma\" value=\"\" type=\"text\" name=\"your-organisation\" \/><\/span><\/label><br \/>\n<label>Anrede*<br \/>\n<span class=\"wpcf7-form-control-wrap\" data-name=\"salutation\"><input size=\"40\" maxlength=\"400\" class=\"wpcf7-form-control wpcf7-text wpcf7-validates-as-required\" aria-required=\"true\" aria-invalid=\"false\" placeholder=\"Frau\" value=\"\" type=\"text\" name=\"salutation\" \/><\/span><\/label><br \/>\n<label>Vorname*<br \/>\n<span class=\"wpcf7-form-control-wrap\" data-name=\"your-forename\"><input size=\"40\" maxlength=\"400\" class=\"wpcf7-form-control wpcf7-text wpcf7-validates-as-required\" aria-required=\"true\" aria-invalid=\"false\" placeholder=\"Petra\" value=\"\" type=\"text\" name=\"your-forename\" \/><\/span><\/label><br \/>\n<label>Nachname*<br \/>\n<span class=\"wpcf7-form-control-wrap\" data-name=\"your-name\"><input size=\"40\" maxlength=\"400\" class=\"wpcf7-form-control wpcf7-text wpcf7-validates-as-required\" aria-required=\"true\" aria-invalid=\"false\" placeholder=\"Muster\" value=\"\" type=\"text\" name=\"your-name\" \/><\/span><\/label><br \/>\n<label>Strasse und Nr.*<br \/>\n<span class=\"wpcf7-form-control-wrap\" data-name=\"Strasse\"><input size=\"40\" maxlength=\"400\" class=\"wpcf7-form-control wpcf7-text\" aria-invalid=\"false\" placeholder=\"Musterstrasse 5\" value=\"\" type=\"text\" name=\"Strasse\" \/><\/span><\/label><br \/>\n<label>PLZ und Ort*<br \/>\n<span class=\"wpcf7-form-control-wrap\" data-name=\"PLZ\"><input size=\"40\" maxlength=\"400\" class=\"wpcf7-form-control wpcf7-text\" aria-invalid=\"false\" placeholder=\"8005 Z\u00fcrich\" value=\"\" type=\"text\" name=\"PLZ\" \/><\/span><\/label><br \/>\n<label>Telefonnummer*<br \/>\n<span class=\"wpcf7-form-control-wrap\" data-name=\"tel-203\"><input size=\"40\" maxlength=\"400\" class=\"wpcf7-form-control wpcf7-tel wpcf7-validates-as-required wpcf7-text wpcf7-validates-as-tel\" aria-required=\"true\" aria-invalid=\"false\" placeholder=\"+41 (0)44 319 71 71\" value=\"\" type=\"tel\" name=\"tel-203\" \/><\/span><\/label><br \/>\n<label>E-Mail-Adresse*<br \/>\n<span class=\"wpcf7-form-control-wrap\" data-name=\"your-email\"><input size=\"40\" maxlength=\"400\" class=\"wpcf7-form-control wpcf7-email wpcf7-validates-as-required wpcf7-text wpcf7-validates-as-email\" aria-required=\"true\" aria-invalid=\"false\" placeholder=\"petra.muster@alice.ch\" value=\"\" type=\"email\" name=\"your-email\" \/><\/span> <\/label><br \/>\n<label>Ihre Bemerkungen (optional)<br \/>\n<span class=\"wpcf7-form-control-wrap\" data-name=\"your-message\"><textarea cols=\"40\" rows=\"10\" maxlength=\"2000\" class=\"wpcf7-form-control wpcf7-textarea\" aria-invalid=\"false\" placeholder=\"Ihr Kommentar\" name=\"your-message\"><\/textarea><\/span> <\/label><br \/>\n<span class=\"wpcf7-form-control-wrap\" data-name=\"checkbox-911\"><span class=\"wpcf7-form-control wpcf7-checkbox\"><span class=\"wpcf7-list-item first last\"><label><input type=\"checkbox\" name=\"checkbox-911[]\" value=\"Ja, ich bin SVEB-Mitglied.\" \/><span class=\"wpcf7-list-item-label\">Ja, ich bin SVEB-Mitglied.<\/span><\/label><\/span><\/span><\/span>\n<\/p>\n<p><span id=\"wpcf7-69ef684cc1152-wrapper\" class=\"wpcf7-form-control-wrap honeypot-711-wrap\" style=\"display:none !important; visibility:hidden !important;\"><label for=\"wpcf7-69ef684cc1152-field\" class=\"hp-message\">Bitte lasse dieses Feld leer.<\/label><input id=\"wpcf7-69ef684cc1152-field\"  class=\"wpcf7-form-control wpcf7-text\" type=\"text\" name=\"honeypot-711\" value=\"\" size=\"40\" tabindex=\"-1\" autocomplete=\"new-password\" \/><\/span>\n<\/p>\n<p><input class=\"wpcf7-form-control wpcf7-submit has-spinner\" type=\"submit\" value=\"Senden\" \/><br \/>\n*Pflichtfelder\n<\/p><div class=\"cf7-cookie-message\" style=\"margin-top:1em;color:#000;\">Bitte akzeptieren Sie die Cookies, um das Formular absenden zu k\u00f6nnen.<\/div><div class=\"wpcf7-response-output\" aria-hidden=\"true\"><\/div>\n<\/form>\n<\/div>\n<\/div>\n\n\n\n<div style=\"height:43px\" aria-hidden=\"true\" class=\"wp-block-spacer\"><\/div>\n\n\n\n<div class=\"wp-block-columns is-layout-flex wp-container-core-columns-is-layout-28f84493 wp-block-columns-is-layout-flex\">\n<div class=\"wp-block-column is-layout-flow wp-block-column-is-layout-flow\" style=\"flex-basis:50%\">\n<div class=\"wp-block-file\"><a id=\"wp-block-file--media-ea865ae8-8e46-41ca-95ad-0e57c0254522\" href=\"https:\/\/alice.ch\/app\/uploads\/2024\/11\/mediadaten-2025-sveb.pdf\">Mediadaten 2025<br \/>PDF &#8211; 2 MB<\/a><a href=\"https:\/\/alice.ch\/app\/uploads\/2024\/11\/mediadaten-2025-sveb.pdf\" class=\"wp-block-file__button wp-element-button\" download aria-describedby=\"wp-block-file--media-ea865ae8-8e46-41ca-95ad-0e57c0254522\">Herunterladen<br \/>PDF &#8211; 2 MB<\/a><\/div>\n<\/div>\n\n\n\n<div class=\"wp-block-column is-layout-flow wp-block-column-is-layout-flow\" style=\"flex-basis:50%\">\n<div class=\"wp-block-file\"><a id=\"wp-block-file--media-5578c26a-0155-44fd-b56a-0c08519cd818\" href=\"https:\/\/alice.ch\/app\/uploads\/2025\/09\/sveb-mediadaten-2026.pdf\">Mediadaten 2026<br \/>PDF &#8211; 344 KB<\/a><a href=\"https:\/\/alice.ch\/app\/uploads\/2025\/09\/sveb-mediadaten-2026.pdf\" class=\"wp-block-file__button wp-element-button\" download aria-describedby=\"wp-block-file--media-5578c26a-0155-44fd-b56a-0c08519cd818\">Herunterladen<br \/>PDF &#8211; 344 KB<\/a><\/div>\n<\/div>\n<\/div>\n\n\n\n<h2 class=\"wp-block-heading\">Kontakt<\/h2>\n\n\n\n<div class=\"wp-block-columns is-layout-flex wp-container-core-columns-is-layout-28f84493 wp-block-columns-is-layout-flex\">\n<div class=\"wp-block-column is-layout-flow wp-block-column-is-layout-flow\" style=\"flex-basis:50%\"><div class=\"contact-persons\">\n\n\t\t\t\t\t<div class=\"contact-person\">\n\t\t\t\t\tMichelle Mathys<br \/>\t\t\t\t\tVerantwortliche Marketing<br \/>\t\t\t\t\t<br \/>\n\t\t\t\t\t\t\t\t\t\t<a href=\"tel:+41 (0)44 319 71 55\">+41 (0)44 319 71 55<\/a><br \/>\t\t\t\t\t<a href=\"mailto:michelle.mathys@alice.ch\">michelle.mathys@alice.ch<\/a><br \/>\t\t\t\t\t<\/div>\n\t\t\t\t\t<\/div>\n<\/div>\n\n\n\n<div class=\"wp-block-column is-layout-flow wp-block-column-is-layout-flow\" style=\"flex-basis:50%\"><\/div>\n<\/div>\n<\/div>\n","protected":false},"excerpt":{"rendered":"<p>Bannerwerbung auf alice.ch reservieren Unsere Webseite alice.ch weist monatlich ca. 16&#8217;000 Seitenaufrufe von Personen aus, welche sich f\u00fcr Weiterbildung interessieren [&hellip;]<\/p>\n","protected":false},"author":5,"featured_media":20799,"parent":498,"menu_order":166,"comment_status":"closed","ping_status":"closed","template":"","meta":{"_acf_changed":false,"inline_featured_image":false,"footnotes":""},"class_list":["post-54727","page","type-page","status-publish","has-post-thumbnail","hentry"],"acf":[],"yoast_head":"<!-- This site is optimized with the Yoast SEO plugin v27.3 - https:\/\/yoast.com\/product\/yoast-seo-wordpress\/ -->\n<title>Bannerwerbung auf alice.ch - SVEB<\/title>\n<meta name=\"description\" content=\"Mit der Platzierung Ihrer Werbung beim SVEB erreichen Sie Ihre Zielgruppen im Bereich der Weiterbildung ohne Streuverlust.\" \/>\n<meta name=\"robots\" content=\"index, follow, max-snippet:-1, max-image-preview:large, max-video-preview:-1\" \/>\n<link rel=\"canonical\" href=\"https:\/\/alice.ch\/de\/dienstleistungen\/werbung-platzieren\/bannerwerbung-auf-alice-ch\/\" \/>\n<meta property=\"og:locale\" content=\"de_DE\" \/>\n<meta property=\"og:type\" content=\"article\" \/>\n<meta property=\"og:title\" content=\"Bannerwerbung auf alice.ch - SVEB\" \/>\n<meta property=\"og:description\" content=\"Mit der Platzierung Ihrer Werbung beim SVEB erreichen Sie Ihre Zielgruppen im Bereich der Weiterbildung ohne Streuverlust.\" \/>\n<meta property=\"og:url\" content=\"https:\/\/alice.ch\/de\/dienstleistungen\/werbung-platzieren\/bannerwerbung-auf-alice-ch\/\" \/>\n<meta property=\"og:site_name\" content=\"SVEB\" \/>\n<meta property=\"article:modified_time\" content=\"2025-09-22T12:44:06+00:00\" \/>\n<meta name=\"twitter:card\" content=\"summary_large_image\" \/>\n<meta name=\"twitter:label1\" content=\"Gesch\u00e4tzte Lesezeit\" \/>\n\t<meta name=\"twitter:data1\" content=\"4\u00a0Minuten\" \/>\n<script type=\"application\/ld+json\" class=\"yoast-schema-graph\">{\"@context\":\"https:\\\/\\\/schema.org\",\"@graph\":[{\"@type\":\"WebPage\",\"@id\":\"https:\\\/\\\/alice.ch\\\/de\\\/dienstleistungen\\\/werbung-platzieren\\\/bannerwerbung-auf-alice-ch\\\/\",\"url\":\"https:\\\/\\\/alice.ch\\\/de\\\/dienstleistungen\\\/werbung-platzieren\\\/bannerwerbung-auf-alice-ch\\\/\",\"name\":\"Bannerwerbung auf alice.ch - SVEB\",\"isPartOf\":{\"@id\":\"https:\\\/\\\/alice.ch\\\/de\\\/#website\"},\"primaryImageOfPage\":{\"@id\":\"https:\\\/\\\/alice.ch\\\/de\\\/dienstleistungen\\\/werbung-platzieren\\\/bannerwerbung-auf-alice-ch\\\/#primaryimage\"},\"image\":{\"@id\":\"https:\\\/\\\/alice.ch\\\/de\\\/dienstleistungen\\\/werbung-platzieren\\\/bannerwerbung-auf-alice-ch\\\/#primaryimage\"},\"thumbnailUrl\":\"https:\\\/\\\/alice.ch\\\/app\\\/uploads\\\/2022\\\/11\\\/default.jpg\",\"datePublished\":\"2023-10-11T16:44:26+00:00\",\"dateModified\":\"2025-09-22T12:44:06+00:00\",\"description\":\"Mit der Platzierung Ihrer Werbung beim SVEB erreichen Sie Ihre Zielgruppen im Bereich der Weiterbildung ohne Streuverlust.\",\"breadcrumb\":{\"@id\":\"https:\\\/\\\/alice.ch\\\/de\\\/dienstleistungen\\\/werbung-platzieren\\\/bannerwerbung-auf-alice-ch\\\/#breadcrumb\"},\"inLanguage\":\"de\",\"potentialAction\":[{\"@type\":\"ReadAction\",\"target\":[\"https:\\\/\\\/alice.ch\\\/de\\\/dienstleistungen\\\/werbung-platzieren\\\/bannerwerbung-auf-alice-ch\\\/\"]}]},{\"@type\":\"ImageObject\",\"inLanguage\":\"de\",\"@id\":\"https:\\\/\\\/alice.ch\\\/de\\\/dienstleistungen\\\/werbung-platzieren\\\/bannerwerbung-auf-alice-ch\\\/#primaryimage\",\"url\":\"https:\\\/\\\/alice.ch\\\/app\\\/uploads\\\/2022\\\/11\\\/default.jpg\",\"contentUrl\":\"https:\\\/\\\/alice.ch\\\/app\\\/uploads\\\/2022\\\/11\\\/default.jpg\",\"width\":1600,\"height\":900},{\"@type\":\"BreadcrumbList\",\"@id\":\"https:\\\/\\\/alice.ch\\\/de\\\/dienstleistungen\\\/werbung-platzieren\\\/bannerwerbung-auf-alice-ch\\\/#breadcrumb\",\"itemListElement\":[{\"@type\":\"ListItem\",\"position\":1,\"name\":\"Startseite\",\"item\":\"https:\\\/\\\/alice.ch\\\/de\\\/\"},{\"@type\":\"ListItem\",\"position\":2,\"name\":\"Dienstleistungen\",\"item\":\"https:\\\/\\\/alice.ch\\\/de\\\/dienstleistungen\\\/\"},{\"@type\":\"ListItem\",\"position\":3,\"name\":\"Werbung platzieren\",\"item\":\"https:\\\/\\\/alice.ch\\\/de\\\/dienstleistungen\\\/werbung-platzieren\\\/\"},{\"@type\":\"ListItem\",\"position\":4,\"name\":\"Bannerwerbung auf alice.ch\"}]},{\"@type\":\"WebSite\",\"@id\":\"https:\\\/\\\/alice.ch\\\/de\\\/#website\",\"url\":\"https:\\\/\\\/alice.ch\\\/de\\\/\",\"name\":\"alice.ch (Adult Learning Information Center) ist das Portal der Weiterbildung in der Schweiz.\",\"description\":\"Schweizerischer Verband f\u00fcr Weiterbildung\",\"publisher\":{\"@id\":\"https:\\\/\\\/alice.ch\\\/de\\\/#organization\"},\"potentialAction\":[{\"@type\":\"SearchAction\",\"target\":{\"@type\":\"EntryPoint\",\"urlTemplate\":\"https:\\\/\\\/alice.ch\\\/de\\\/?s={search_term_string}\"},\"query-input\":{\"@type\":\"PropertyValueSpecification\",\"valueRequired\":true,\"valueName\":\"search_term_string\"}}],\"inLanguage\":\"de\"},{\"@type\":\"Organization\",\"@id\":\"https:\\\/\\\/alice.ch\\\/de\\\/#organization\",\"name\":\"SVEB Schweizerischer Verband f\u00fcr Weiterbildung\",\"url\":\"https:\\\/\\\/alice.ch\\\/de\\\/\",\"logo\":{\"@type\":\"ImageObject\",\"inLanguage\":\"de\",\"@id\":\"https:\\\/\\\/alice.ch\\\/de\\\/#\\\/schema\\\/logo\\\/image\\\/\",\"url\":\"https:\\\/\\\/alice.ch\\\/app\\\/uploads\\\/2022\\\/07\\\/logo-sveb.png\",\"contentUrl\":\"https:\\\/\\\/alice.ch\\\/app\\\/uploads\\\/2022\\\/07\\\/logo-sveb.png\",\"width\":145,\"height\":64,\"caption\":\"SVEB Schweizerischer Verband f\u00fcr Weiterbildung\"},\"image\":{\"@id\":\"https:\\\/\\\/alice.ch\\\/de\\\/#\\\/schema\\\/logo\\\/image\\\/\"},\"sameAs\":[\"https:\\\/\\\/www.linkedin.com\\\/company\\\/schweizerischer-verband-fr-weiterbildung-sveb\\\/\"]}]}<\/script>\n<!-- \/ Yoast SEO plugin. -->","yoast_head_json":{"title":"Bannerwerbung auf alice.ch - SVEB","description":"Mit der Platzierung Ihrer Werbung beim SVEB erreichen Sie Ihre Zielgruppen im Bereich der Weiterbildung ohne Streuverlust.","robots":{"index":"index","follow":"follow","max-snippet":"max-snippet:-1","max-image-preview":"max-image-preview:large","max-video-preview":"max-video-preview:-1"},"canonical":"https:\/\/alice.ch\/de\/dienstleistungen\/werbung-platzieren\/bannerwerbung-auf-alice-ch\/","og_locale":"de_DE","og_type":"article","og_title":"Bannerwerbung auf alice.ch - SVEB","og_description":"Mit der Platzierung Ihrer Werbung beim SVEB erreichen Sie Ihre Zielgruppen im Bereich der Weiterbildung ohne Streuverlust.","og_url":"https:\/\/alice.ch\/de\/dienstleistungen\/werbung-platzieren\/bannerwerbung-auf-alice-ch\/","og_site_name":"SVEB","article_modified_time":"2025-09-22T12:44:06+00:00","twitter_card":"summary_large_image","twitter_misc":{"Gesch\u00e4tzte Lesezeit":"4\u00a0Minuten"},"schema":{"@context":"https:\/\/schema.org","@graph":[{"@type":"WebPage","@id":"https:\/\/alice.ch\/de\/dienstleistungen\/werbung-platzieren\/bannerwerbung-auf-alice-ch\/","url":"https:\/\/alice.ch\/de\/dienstleistungen\/werbung-platzieren\/bannerwerbung-auf-alice-ch\/","name":"Bannerwerbung auf alice.ch - SVEB","isPartOf":{"@id":"https:\/\/alice.ch\/de\/#website"},"primaryImageOfPage":{"@id":"https:\/\/alice.ch\/de\/dienstleistungen\/werbung-platzieren\/bannerwerbung-auf-alice-ch\/#primaryimage"},"image":{"@id":"https:\/\/alice.ch\/de\/dienstleistungen\/werbung-platzieren\/bannerwerbung-auf-alice-ch\/#primaryimage"},"thumbnailUrl":"https:\/\/alice.ch\/app\/uploads\/2022\/11\/default.jpg","datePublished":"2023-10-11T16:44:26+00:00","dateModified":"2025-09-22T12:44:06+00:00","description":"Mit der Platzierung Ihrer Werbung beim SVEB erreichen Sie Ihre Zielgruppen im Bereich der Weiterbildung ohne Streuverlust.","breadcrumb":{"@id":"https:\/\/alice.ch\/de\/dienstleistungen\/werbung-platzieren\/bannerwerbung-auf-alice-ch\/#breadcrumb"},"inLanguage":"de","potentialAction":[{"@type":"ReadAction","target":["https:\/\/alice.ch\/de\/dienstleistungen\/werbung-platzieren\/bannerwerbung-auf-alice-ch\/"]}]},{"@type":"ImageObject","inLanguage":"de","@id":"https:\/\/alice.ch\/de\/dienstleistungen\/werbung-platzieren\/bannerwerbung-auf-alice-ch\/#primaryimage","url":"https:\/\/alice.ch\/app\/uploads\/2022\/11\/default.jpg","contentUrl":"https:\/\/alice.ch\/app\/uploads\/2022\/11\/default.jpg","width":1600,"height":900},{"@type":"BreadcrumbList","@id":"https:\/\/alice.ch\/de\/dienstleistungen\/werbung-platzieren\/bannerwerbung-auf-alice-ch\/#breadcrumb","itemListElement":[{"@type":"ListItem","position":1,"name":"Startseite","item":"https:\/\/alice.ch\/de\/"},{"@type":"ListItem","position":2,"name":"Dienstleistungen","item":"https:\/\/alice.ch\/de\/dienstleistungen\/"},{"@type":"ListItem","position":3,"name":"Werbung platzieren","item":"https:\/\/alice.ch\/de\/dienstleistungen\/werbung-platzieren\/"},{"@type":"ListItem","position":4,"name":"Bannerwerbung auf alice.ch"}]},{"@type":"WebSite","@id":"https:\/\/alice.ch\/de\/#website","url":"https:\/\/alice.ch\/de\/","name":"alice.ch (Adult Learning Information Center) ist das Portal der Weiterbildung in der Schweiz.","description":"Schweizerischer Verband f\u00fcr Weiterbildung","publisher":{"@id":"https:\/\/alice.ch\/de\/#organization"},"potentialAction":[{"@type":"SearchAction","target":{"@type":"EntryPoint","urlTemplate":"https:\/\/alice.ch\/de\/?s={search_term_string}"},"query-input":{"@type":"PropertyValueSpecification","valueRequired":true,"valueName":"search_term_string"}}],"inLanguage":"de"},{"@type":"Organization","@id":"https:\/\/alice.ch\/de\/#organization","name":"SVEB Schweizerischer Verband f\u00fcr Weiterbildung","url":"https:\/\/alice.ch\/de\/","logo":{"@type":"ImageObject","inLanguage":"de","@id":"https:\/\/alice.ch\/de\/#\/schema\/logo\/image\/","url":"https:\/\/alice.ch\/app\/uploads\/2022\/07\/logo-sveb.png","contentUrl":"https:\/\/alice.ch\/app\/uploads\/2022\/07\/logo-sveb.png","width":145,"height":64,"caption":"SVEB Schweizerischer Verband f\u00fcr Weiterbildung"},"image":{"@id":"https:\/\/alice.ch\/de\/#\/schema\/logo\/image\/"},"sameAs":["https:\/\/www.linkedin.com\/company\/schweizerischer-verband-fr-weiterbildung-sveb\/"]}]}},"_links":{"self":[{"href":"https:\/\/alice.ch\/de\/wp-json\/wp\/v2\/pages\/54727","targetHints":{"allow":["GET"]}}],"collection":[{"href":"https:\/\/alice.ch\/de\/wp-json\/wp\/v2\/pages"}],"about":[{"href":"https:\/\/alice.ch\/de\/wp-json\/wp\/v2\/types\/page"}],"author":[{"embeddable":true,"href":"https:\/\/alice.ch\/de\/wp-json\/wp\/v2\/users\/5"}],"replies":[{"embeddable":true,"href":"https:\/\/alice.ch\/de\/wp-json\/wp\/v2\/comments?post=54727"}],"version-history":[{"count":11,"href":"https:\/\/alice.ch\/de\/wp-json\/wp\/v2\/pages\/54727\/revisions"}],"predecessor-version":[{"id":70547,"href":"https:\/\/alice.ch\/de\/wp-json\/wp\/v2\/pages\/54727\/revisions\/70547"}],"up":[{"embeddable":true,"href":"https:\/\/alice.ch\/de\/wp-json\/wp\/v2\/pages\/498"}],"wp:featuredmedia":[{"embeddable":true,"href":"https:\/\/alice.ch\/de\/wp-json\/wp\/v2\/media\/20799"}],"wp:attachment":[{"href":"https:\/\/alice.ch\/de\/wp-json\/wp\/v2\/media?parent=54727"}],"curies":[{"name":"wp","href":"https:\/\/api.w.org\/{rel}","templated":true}]}}